{"id":991647,"date":"2024-02-10T20:06:38","date_gmt":"2024-02-10T17:06:38","guid":{"rendered":"https:\/\/tuctuc.ee\/?post_type=product&#038;p=991647"},"modified":"2025-09-19T14:55:09","modified_gmt":"2025-09-19T11:55:09","slug":"tudrukute-mustriline-sviiter","status":"publish","type":"product","link":"https:\/\/tuctuc.ee\/en\/toode\/tudrukute-mustriline-sviiter\/","title":{"rendered":"T\u00fcdrukute mustriline sviiter"},"content":{"rendered":"<div class=\"vgblk-rw-wrapper limit-wrapper\">T\u00fcdrukute mustriline sviiter. Sirge l\u00f5ike ja \u00fcmara kaelusega pehme kootud sviiter t\u00fcdrukutele. Kaeluses, all\u00e4\u00e4res ja varrukaotstes soonikud. Sobib h\u00e4sti k\u00fclma ilmaga.<\/p>\n<p><span class=\"Y2IQFc\" lang=\"et\">Materjal: <\/span>54 % nailon, 34% puuvill, 12% metalliniit.<span class=\"Y2IQFc\" lang=\"et\">\u00a0<\/span><span class=\"Y2IQFc\" lang=\"et\">Juhised riiete hooldamiseks ja pesemiseks.<\/span><\/div>\n<p><!-- .vgblk-rw-wrapper --><\/p>\n","protected":false},"excerpt":{"rendered":"<p>T\u00fcdrukute mustriline sviiter. Sirge l\u00f5ike ja \u00fcmara kaelusega pehme kootud sviiter t\u00fcdrukutele. Kaeluses, all\u00e4\u00e4res ja varrukaotstes soonikud. Sobib h\u00e4sti k\u00fclma ilmaga. Materjal: 54 % nailon, 34% puuvill, 12% metalliniit.\u00a0Juhised riiete hooldamiseks ja pesemiseks.<\/p>\n","protected":false},"featured_media":991648,"comment_status":"open","ping_status":"closed","template":"","meta":{"_themeisle_gutenberg_block_has_review":false},"product_cat":[465,318],"product_tag":[],"class_list":["post-991647","product","type-product","status-publish","has-post-thumbnail","hentry","product_cat-kampsun-tudrukud","product_cat-tudrukud"],"yoast_head":"<!-- This site is optimized with the Yoast SEO plugin v21.5 - https:\/\/yoast.com\/wordpress\/plugins\/seo\/ -->\n<title>T\u00fcdrukute mustriline sviiter - TucTuc Eesti<\/title>\n<meta name=\"robots\" content=\"index, follow, max-snippet:-1, max-image-preview:large, max-video-preview:-1\" \/>\n<link rel=\"canonical\" href=\"https:\/\/tuctuc.ee\/en\/toode\/tudrukute-mustriline-sviiter\/\" \/>\n<meta property=\"og:locale\" content=\"en_US\" \/>\n<meta property=\"og:type\" content=\"article\" \/>\n<meta property=\"og:title\" content=\"T\u00fcdrukute mustriline sviiter - TucTuc Eesti\" \/>\n<meta property=\"og:description\" content=\"T\u00fcdrukute mustriline sviiter. Sirge l\u00f5ike ja \u00fcmara kaelusega pehme kootud sviiter t\u00fcdrukutele. Kaeluses, all\u00e4\u00e4res ja varrukaotstes soonikud. Sobib h\u00e4sti k\u00fclma ilmaga. Materjal: 54 % nailon, 34% puuvill, 12% metalliniit.\u00a0Juhised riiete hooldamiseks ja pesemiseks.\" \/>\n<meta property=\"og:url\" content=\"https:\/\/tuctuc.ee\/en\/toode\/tudrukute-mustriline-sviiter\/\" \/>\n<meta property=\"og:site_name\" content=\"TucTuc Eesti\" \/>\n<meta property=\"article:modified_time\" content=\"2025-09-19T11:55:09+00:00\" \/>\n<meta property=\"og:image\" content=\"https:\/\/tuctuc.ee\/wp-content\/uploads\/2024\/02\/KG05K701N1.webp\" \/>\n\t<meta property=\"og:image:width\" content=\"800\" \/>\n\t<meta property=\"og:image:height\" content=\"1000\" \/>\n\t<meta property=\"og:image:type\" content=\"image\/webp\" \/>\n<meta name=\"twitter:card\" content=\"summary_large_image\" \/>\n<meta name=\"twitter:label1\" content=\"Est. reading time\" \/>\n\t<meta name=\"twitter:data1\" content=\"1 minute\" \/>\n<script type=\"application\/ld+json\" class=\"yoast-schema-graph\">{\"@context\":\"https:\/\/schema.org\",\"@graph\":[{\"@type\":\"WebPage\",\"@id\":\"https:\/\/tuctuc.ee\/en\/toode\/tudrukute-mustriline-sviiter\/\",\"url\":\"https:\/\/tuctuc.ee\/en\/toode\/tudrukute-mustriline-sviiter\/\",\"name\":\"T\u00fcdrukute mustriline sviiter - TucTuc Eesti\",\"isPartOf\":{\"@id\":\"https:\/\/tuctuc.ee\/en\/#website\"},\"datePublished\":\"2024-02-10T17:06:38+00:00\",\"dateModified\":\"2025-09-19T11:55:09+00:00\",\"breadcrumb\":{\"@id\":\"https:\/\/tuctuc.ee\/en\/toode\/tudrukute-mustriline-sviiter\/#breadcrumb\"},\"inLanguage\":\"en-US\",\"potentialAction\":[{\"@type\":\"ReadAction\",\"target\":[\"https:\/\/tuctuc.ee\/en\/toode\/tudrukute-mustriline-sviiter\/\"]}]},{\"@type\":\"BreadcrumbList\",\"@id\":\"https:\/\/tuctuc.ee\/en\/toode\/tudrukute-mustriline-sviiter\/#breadcrumb\",\"itemListElement\":[{\"@type\":\"ListItem\",\"position\":1,\"name\":\"Home\",\"item\":\"https:\/\/tuctuc.ee\/en\/?page_id=269\"},{\"@type\":\"ListItem\",\"position\":2,\"name\":\"Shop\",\"item\":\"https:\/\/tuctuc.ee\/shop\/\"},{\"@type\":\"ListItem\",\"position\":3,\"name\":\"T\u00fcdrukute mustriline sviiter\"}]},{\"@type\":\"WebSite\",\"@id\":\"https:\/\/tuctuc.ee\/en\/#website\",\"url\":\"https:\/\/tuctuc.ee\/en\/\",\"name\":\"TucTuc Eesti\",\"description\":\"Eesti laster\u00f5ivaste veebipood - Stiilsed riided lastele igale vanusele. Avastage meie valikut n\u00fc\u00fcd!\",\"publisher\":{\"@id\":\"https:\/\/tuctuc.ee\/en\/#organization\"},\"potentialAction\":[{\"@type\":\"SearchAction\",\"target\":{\"@type\":\"EntryPoint\",\"urlTemplate\":\"https:\/\/tuctuc.ee\/en\/?s={search_term_string}\"},\"query-input\":\"required name=search_term_string\"}],\"inLanguage\":\"en-US\"},{\"@type\":\"Organization\",\"@id\":\"https:\/\/tuctuc.ee\/en\/#organization\",\"name\":\"TucTuc Eesti\",\"url\":\"https:\/\/tuctuc.ee\/en\/\",\"logo\":{\"@type\":\"ImageObject\",\"inLanguage\":\"en-US\",\"@id\":\"https:\/\/tuctuc.ee\/en\/#\/schema\/logo\/image\/\",\"url\":\"https:\/\/i0.wp.com\/tuctuc.ee\/wp-content\/uploads\/2023\/10\/logo-164933761541.png?fit=109%2C122&ssl=1\",\"contentUrl\":\"https:\/\/i0.wp.com\/tuctuc.ee\/wp-content\/uploads\/2023\/10\/logo-164933761541.png?fit=109%2C122&ssl=1\",\"width\":109,\"height\":122,\"caption\":\"TucTuc Eesti\"},\"image\":{\"@id\":\"https:\/\/tuctuc.ee\/en\/#\/schema\/logo\/image\/\"}}]}<\/script>\n<!-- \/ Yoast SEO plugin. -->","yoast_head_json":{"title":"T\u00fcdrukute mustriline sviiter - TucTuc Eesti","robots":{"index":"index","follow":"follow","max-snippet":"max-snippet:-1","max-image-preview":"max-image-preview:large","max-video-preview":"max-video-preview:-1"},"canonical":"https:\/\/tuctuc.ee\/en\/toode\/tudrukute-mustriline-sviiter\/","og_locale":"en_US","og_type":"article","og_title":"T\u00fcdrukute mustriline sviiter - TucTuc Eesti","og_description":"T\u00fcdrukute mustriline sviiter. Sirge l\u00f5ike ja \u00fcmara kaelusega pehme kootud sviiter t\u00fcdrukutele. Kaeluses, all\u00e4\u00e4res ja varrukaotstes soonikud. Sobib h\u00e4sti k\u00fclma ilmaga. Materjal: 54 % nailon, 34% puuvill, 12% metalliniit.\u00a0Juhised riiete hooldamiseks ja pesemiseks.","og_url":"https:\/\/tuctuc.ee\/en\/toode\/tudrukute-mustriline-sviiter\/","og_site_name":"TucTuc Eesti","article_modified_time":"2025-09-19T11:55:09+00:00","og_image":[{"width":800,"height":1000,"url":"https:\/\/tuctuc.ee\/wp-content\/uploads\/2024\/02\/KG05K701N1.webp","type":"image\/webp"}],"twitter_card":"summary_large_image","twitter_misc":{"Est. reading time":"1 minute"},"schema":{"@context":"https:\/\/schema.org","@graph":[{"@type":"WebPage","@id":"https:\/\/tuctuc.ee\/en\/toode\/tudrukute-mustriline-sviiter\/","url":"https:\/\/tuctuc.ee\/en\/toode\/tudrukute-mustriline-sviiter\/","name":"T\u00fcdrukute mustriline sviiter - TucTuc Eesti","isPartOf":{"@id":"https:\/\/tuctuc.ee\/en\/#website"},"datePublished":"2024-02-10T17:06:38+00:00","dateModified":"2025-09-19T11:55:09+00:00","breadcrumb":{"@id":"https:\/\/tuctuc.ee\/en\/toode\/tudrukute-mustriline-sviiter\/#breadcrumb"},"inLanguage":"en-US","potentialAction":[{"@type":"ReadAction","target":["https:\/\/tuctuc.ee\/en\/toode\/tudrukute-mustriline-sviiter\/"]}]},{"@type":"BreadcrumbList","@id":"https:\/\/tuctuc.ee\/en\/toode\/tudrukute-mustriline-sviiter\/#breadcrumb","itemListElement":[{"@type":"ListItem","position":1,"name":"Home","item":"https:\/\/tuctuc.ee\/en\/?page_id=269"},{"@type":"ListItem","position":2,"name":"Shop","item":"https:\/\/tuctuc.ee\/shop\/"},{"@type":"ListItem","position":3,"name":"T\u00fcdrukute mustriline sviiter"}]},{"@type":"WebSite","@id":"https:\/\/tuctuc.ee\/en\/#website","url":"https:\/\/tuctuc.ee\/en\/","name":"TucTuc Eesti","description":"Eesti laster\u00f5ivaste veebipood - Stiilsed riided lastele igale vanusele. Avastage meie valikut n\u00fc\u00fcd!","publisher":{"@id":"https:\/\/tuctuc.ee\/en\/#organization"},"potentialAction":[{"@type":"SearchAction","target":{"@type":"EntryPoint","urlTemplate":"https:\/\/tuctuc.ee\/en\/?s={search_term_string}"},"query-input":"required name=search_term_string"}],"inLanguage":"en-US"},{"@type":"Organization","@id":"https:\/\/tuctuc.ee\/en\/#organization","name":"TucTuc Eesti","url":"https:\/\/tuctuc.ee\/en\/","logo":{"@type":"ImageObject","inLanguage":"en-US","@id":"https:\/\/tuctuc.ee\/en\/#\/schema\/logo\/image\/","url":"https:\/\/i0.wp.com\/tuctuc.ee\/wp-content\/uploads\/2023\/10\/logo-164933761541.png?fit=109%2C122&ssl=1","contentUrl":"https:\/\/i0.wp.com\/tuctuc.ee\/wp-content\/uploads\/2023\/10\/logo-164933761541.png?fit=109%2C122&ssl=1","width":109,"height":122,"caption":"TucTuc Eesti"},"image":{"@id":"https:\/\/tuctuc.ee\/en\/#\/schema\/logo\/image\/"}}]}},"jetpack_sharing_enabled":true,"_links":{"self":[{"href":"https:\/\/tuctuc.ee\/en\/wp-json\/wp\/v2\/product\/991647","targetHints":{"allow":["GET"]}}],"collection":[{"href":"https:\/\/tuctuc.ee\/en\/wp-json\/wp\/v2\/product"}],"about":[{"href":"https:\/\/tuctuc.ee\/en\/wp-json\/wp\/v2\/types\/product"}],"replies":[{"embeddable":true,"href":"https:\/\/tuctuc.ee\/en\/wp-json\/wp\/v2\/comments?post=991647"}],"version-history":[{"count":4,"href":"https:\/\/tuctuc.ee\/en\/wp-json\/wp\/v2\/product\/991647\/revisions"}],"predecessor-version":[{"id":992290,"href":"https:\/\/tuctuc.ee\/en\/wp-json\/wp\/v2\/product\/991647\/revisions\/992290"}],"wp:featuredmedia":[{"embeddable":true,"href":"https:\/\/tuctuc.ee\/en\/wp-json\/wp\/v2\/media\/991648"}],"wp:attachment":[{"href":"https:\/\/tuctuc.ee\/en\/wp-json\/wp\/v2\/media?parent=991647"}],"wp:term":[{"taxonomy":"product_cat","embeddable":true,"href":"https:\/\/tuctuc.ee\/en\/wp-json\/wp\/v2\/product_cat?post=991647"},{"taxonomy":"product_tag","embeddable":true,"href":"https:\/\/tuctuc.ee\/en\/wp-json\/wp\/v2\/product_tag?post=991647"}],"curies":[{"name":"wp","href":"https:\/\/api.w.org\/{rel}","templated":true}]}}