{"id":1011639,"date":"2026-05-03T14:42:03","date_gmt":"2026-05-03T11:42:03","guid":{"rendered":"https:\/\/tuctuc.ee\/?post_type=product&#038;p=1011639"},"modified":"2026-05-03T15:18:46","modified_gmt":"2026-05-03T12:18:46","slug":"tudrukute-komplekt-3","status":"publish","type":"product","link":"https:\/\/tuctuc.ee\/en\/toode\/tudrukute-komplekt-3\/","title":{"rendered":"T\u00fcdrukute komplekt"},"content":{"rendered":"<div class=\"vgblk-rw-wrapper limit-wrapper\">\n<p id=\"tw-target-text\" class=\"tw-data-text tw-text-large tw-ta\" dir=\"ltr\" role=\"text\" data-placeholder=\"Translation\" data-ved=\"2ahUKEwjJ0Y-M7ZyUAxUIFRAIHeC3Ez4Q3ewLegQIDBAV\" aria-label=\"Translated text: See t\u00fcdrukute komplekt sisaldab kleiti ja sobivaid bloomereid, mis m\u00f5lemad on valmistatud pehmest ja kergest kootud kangast. Kleidil on lilleline muster roosades, rohelistes ja sirelilillades toonides, mida t\u00e4iendab \u00f5rna puudutuse andev v\u00e4ike dekoratiivne lips v\u00f6\u00f6kohal. L\u00fchikesed varrukad ja vaba l\u00f5ige pakuvad suurep\u00e4rast mugavust ja liikumisvabadust. Roosadel bloomeritel on elastne v\u00f6\u00f6koht ja jalaavad mugava ja pehme istuvuse tagamiseks. Lahe ja hubane komplekt, mis sobib ideaalselt soojadeks ilmadeks.\"><span class=\"Y2IQFc\" lang=\"et\">See t\u00fcdrukute komplekt sisaldab kleiti ja sobivaid bloomereid, mis m\u00f5lemad on valmistatud pehmest ja kergest kootud kangast. Kleidil on lilleline muster roosades, rohelistes ja sirelilillades toonides, mida t\u00e4iendab \u00f5rna puudutuse andev v\u00e4ike dekoratiivne lips v\u00f6\u00f6kohal. L\u00fchikesed varrukad ja vaba l\u00f5ige pakuvad suurep\u00e4rast mugavust ja liikumisvabadust. Roosadel bloomeritel on elastne v\u00f6\u00f6koht ja jalaavad mugava ja pehme istuvuse tagamiseks. Lahe ja hubane komplekt, mis sobib ideaalselt soojadeks ilmadeks.<\/span><\/p>\n<p><span class=\"Y2IQFc\" lang=\"et\">Materjal: 58% pol\u00fcester, 40% puuvill, 2% elastaan. <\/span><span class=\"Y2IQFc\" lang=\"et\">Juhised riiete hooldamiseks ja pesemiseks.\u00a0<\/span><\/div>\n<p><!-- .vgblk-rw-wrapper --><\/p>\n","protected":false},"excerpt":{"rendered":"<p>See t\u00fcdrukute komplekt sisaldab kleiti ja sobivaid bloomereid, mis m\u00f5lemad on valmistatud pehmest ja kergest kootud kangast. Kleidil on lilleline muster roosades, rohelistes ja sirelilillades toonides, mida t\u00e4iendab \u00f5rna puudutuse andev v\u00e4ike dekoratiivne lips v\u00f6\u00f6kohal. L\u00fchikesed varrukad ja vaba l\u00f5ige pakuvad suurep\u00e4rast mugavust ja liikumisvabadust. Roosadel bloomeritel on elastne v\u00f6\u00f6koht ja jalaavad mugava ja pehme&#8230;<\/p>\n","protected":false},"featured_media":1011644,"comment_status":"open","ping_status":"closed","template":"","meta":{"_themeisle_gutenberg_block_has_review":false},"product_cat":[315,418,504,464],"product_tag":[],"class_list":["post-1011639","product","type-product","status-publish","has-post-thumbnail","hentry","product_cat-beebitudrukud","product_cat-kleit-beebitudrukud","product_cat-komplekt-beebitudrukud","product_cat-luhikesed-puksid-beebitudrukud"],"yoast_head":"<!-- This site is optimized with the Yoast SEO plugin v21.5 - https:\/\/yoast.com\/wordpress\/plugins\/seo\/ -->\n<title>T\u00fcdrukute komplekt - TucTuc Eesti<\/title>\n<meta name=\"robots\" content=\"index, follow, max-snippet:-1, max-image-preview:large, max-video-preview:-1\" \/>\n<link rel=\"canonical\" href=\"https:\/\/tuctuc.ee\/en\/toode\/tudrukute-komplekt-3\/\" \/>\n<meta property=\"og:locale\" content=\"en_US\" \/>\n<meta property=\"og:type\" content=\"article\" \/>\n<meta property=\"og:title\" content=\"T\u00fcdrukute komplekt - TucTuc Eesti\" \/>\n<meta property=\"og:description\" content=\"See t\u00fcdrukute komplekt sisaldab kleiti ja sobivaid bloomereid, mis m\u00f5lemad on valmistatud pehmest ja kergest kootud kangast. Kleidil on lilleline muster roosades, rohelistes ja sirelilillades toonides, mida t\u00e4iendab \u00f5rna puudutuse andev v\u00e4ike dekoratiivne lips v\u00f6\u00f6kohal. L\u00fchikesed varrukad ja vaba l\u00f5ige pakuvad suurep\u00e4rast mugavust ja liikumisvabadust. Roosadel bloomeritel on elastne v\u00f6\u00f6koht ja jalaavad mugava ja pehme...\" \/>\n<meta property=\"og:url\" content=\"https:\/\/tuctuc.ee\/en\/toode\/tudrukute-komplekt-3\/\" \/>\n<meta property=\"og:site_name\" content=\"TucTuc Eesti\" \/>\n<meta property=\"article:modified_time\" content=\"2026-05-03T12:18:46+00:00\" \/>\n<meta property=\"og:image\" content=\"https:\/\/tuctuc.ee\/wp-content\/uploads\/2026\/05\/11408497.webp\" \/>\n\t<meta property=\"og:image:width\" content=\"800\" \/>\n\t<meta property=\"og:image:height\" content=\"1000\" \/>\n\t<meta property=\"og:image:type\" content=\"image\/webp\" \/>\n<meta name=\"twitter:card\" content=\"summary_large_image\" \/>\n<meta name=\"twitter:label1\" content=\"Est. reading time\" \/>\n\t<meta name=\"twitter:data1\" content=\"1 minute\" \/>\n<script type=\"application\/ld+json\" class=\"yoast-schema-graph\">{\"@context\":\"https:\/\/schema.org\",\"@graph\":[{\"@type\":\"WebPage\",\"@id\":\"https:\/\/tuctuc.ee\/en\/toode\/tudrukute-komplekt-3\/\",\"url\":\"https:\/\/tuctuc.ee\/en\/toode\/tudrukute-komplekt-3\/\",\"name\":\"T\u00fcdrukute komplekt - TucTuc Eesti\",\"isPartOf\":{\"@id\":\"https:\/\/tuctuc.ee\/en\/#website\"},\"datePublished\":\"2026-05-03T11:42:03+00:00\",\"dateModified\":\"2026-05-03T12:18:46+00:00\",\"breadcrumb\":{\"@id\":\"https:\/\/tuctuc.ee\/en\/toode\/tudrukute-komplekt-3\/#breadcrumb\"},\"inLanguage\":\"en-US\",\"potentialAction\":[{\"@type\":\"ReadAction\",\"target\":[\"https:\/\/tuctuc.ee\/en\/toode\/tudrukute-komplekt-3\/\"]}]},{\"@type\":\"BreadcrumbList\",\"@id\":\"https:\/\/tuctuc.ee\/en\/toode\/tudrukute-komplekt-3\/#breadcrumb\",\"itemListElement\":[{\"@type\":\"ListItem\",\"position\":1,\"name\":\"Home\",\"item\":\"https:\/\/tuctuc.ee\/en\/?page_id=269\"},{\"@type\":\"ListItem\",\"position\":2,\"name\":\"Shop\",\"item\":\"https:\/\/tuctuc.ee\/shop\/\"},{\"@type\":\"ListItem\",\"position\":3,\"name\":\"T\u00fcdrukute komplekt\"}]},{\"@type\":\"WebSite\",\"@id\":\"https:\/\/tuctuc.ee\/en\/#website\",\"url\":\"https:\/\/tuctuc.ee\/en\/\",\"name\":\"TucTuc Eesti\",\"description\":\"Eesti laster\u00f5ivaste veebipood - Stiilsed riided lastele igale vanusele. Avastage meie valikut n\u00fc\u00fcd!\",\"publisher\":{\"@id\":\"https:\/\/tuctuc.ee\/en\/#organization\"},\"potentialAction\":[{\"@type\":\"SearchAction\",\"target\":{\"@type\":\"EntryPoint\",\"urlTemplate\":\"https:\/\/tuctuc.ee\/en\/?s={search_term_string}\"},\"query-input\":\"required name=search_term_string\"}],\"inLanguage\":\"en-US\"},{\"@type\":\"Organization\",\"@id\":\"https:\/\/tuctuc.ee\/en\/#organization\",\"name\":\"TucTuc Eesti\",\"url\":\"https:\/\/tuctuc.ee\/en\/\",\"logo\":{\"@type\":\"ImageObject\",\"inLanguage\":\"en-US\",\"@id\":\"https:\/\/tuctuc.ee\/en\/#\/schema\/logo\/image\/\",\"url\":\"https:\/\/i0.wp.com\/tuctuc.ee\/wp-content\/uploads\/2023\/10\/logo-164933761541.png?fit=109%2C122&ssl=1\",\"contentUrl\":\"https:\/\/i0.wp.com\/tuctuc.ee\/wp-content\/uploads\/2023\/10\/logo-164933761541.png?fit=109%2C122&ssl=1\",\"width\":109,\"height\":122,\"caption\":\"TucTuc Eesti\"},\"image\":{\"@id\":\"https:\/\/tuctuc.ee\/en\/#\/schema\/logo\/image\/\"}}]}<\/script>\n<!-- \/ Yoast SEO plugin. -->","yoast_head_json":{"title":"T\u00fcdrukute komplekt - TucTuc Eesti","robots":{"index":"index","follow":"follow","max-snippet":"max-snippet:-1","max-image-preview":"max-image-preview:large","max-video-preview":"max-video-preview:-1"},"canonical":"https:\/\/tuctuc.ee\/en\/toode\/tudrukute-komplekt-3\/","og_locale":"en_US","og_type":"article","og_title":"T\u00fcdrukute komplekt - TucTuc Eesti","og_description":"See t\u00fcdrukute komplekt sisaldab kleiti ja sobivaid bloomereid, mis m\u00f5lemad on valmistatud pehmest ja kergest kootud kangast. Kleidil on lilleline muster roosades, rohelistes ja sirelilillades toonides, mida t\u00e4iendab \u00f5rna puudutuse andev v\u00e4ike dekoratiivne lips v\u00f6\u00f6kohal. L\u00fchikesed varrukad ja vaba l\u00f5ige pakuvad suurep\u00e4rast mugavust ja liikumisvabadust. Roosadel bloomeritel on elastne v\u00f6\u00f6koht ja jalaavad mugava ja pehme...","og_url":"https:\/\/tuctuc.ee\/en\/toode\/tudrukute-komplekt-3\/","og_site_name":"TucTuc Eesti","article_modified_time":"2026-05-03T12:18:46+00:00","og_image":[{"width":800,"height":1000,"url":"https:\/\/tuctuc.ee\/wp-content\/uploads\/2026\/05\/11408497.webp","type":"image\/webp"}],"twitter_card":"summary_large_image","twitter_misc":{"Est. reading time":"1 minute"},"schema":{"@context":"https:\/\/schema.org","@graph":[{"@type":"WebPage","@id":"https:\/\/tuctuc.ee\/en\/toode\/tudrukute-komplekt-3\/","url":"https:\/\/tuctuc.ee\/en\/toode\/tudrukute-komplekt-3\/","name":"T\u00fcdrukute komplekt - TucTuc Eesti","isPartOf":{"@id":"https:\/\/tuctuc.ee\/en\/#website"},"datePublished":"2026-05-03T11:42:03+00:00","dateModified":"2026-05-03T12:18:46+00:00","breadcrumb":{"@id":"https:\/\/tuctuc.ee\/en\/toode\/tudrukute-komplekt-3\/#breadcrumb"},"inLanguage":"en-US","potentialAction":[{"@type":"ReadAction","target":["https:\/\/tuctuc.ee\/en\/toode\/tudrukute-komplekt-3\/"]}]},{"@type":"BreadcrumbList","@id":"https:\/\/tuctuc.ee\/en\/toode\/tudrukute-komplekt-3\/#breadcrumb","itemListElement":[{"@type":"ListItem","position":1,"name":"Home","item":"https:\/\/tuctuc.ee\/en\/?page_id=269"},{"@type":"ListItem","position":2,"name":"Shop","item":"https:\/\/tuctuc.ee\/shop\/"},{"@type":"ListItem","position":3,"name":"T\u00fcdrukute komplekt"}]},{"@type":"WebSite","@id":"https:\/\/tuctuc.ee\/en\/#website","url":"https:\/\/tuctuc.ee\/en\/","name":"TucTuc Eesti","description":"Eesti laster\u00f5ivaste veebipood - Stiilsed riided lastele igale vanusele. Avastage meie valikut n\u00fc\u00fcd!","publisher":{"@id":"https:\/\/tuctuc.ee\/en\/#organization"},"potentialAction":[{"@type":"SearchAction","target":{"@type":"EntryPoint","urlTemplate":"https:\/\/tuctuc.ee\/en\/?s={search_term_string}"},"query-input":"required name=search_term_string"}],"inLanguage":"en-US"},{"@type":"Organization","@id":"https:\/\/tuctuc.ee\/en\/#organization","name":"TucTuc Eesti","url":"https:\/\/tuctuc.ee\/en\/","logo":{"@type":"ImageObject","inLanguage":"en-US","@id":"https:\/\/tuctuc.ee\/en\/#\/schema\/logo\/image\/","url":"https:\/\/i0.wp.com\/tuctuc.ee\/wp-content\/uploads\/2023\/10\/logo-164933761541.png?fit=109%2C122&ssl=1","contentUrl":"https:\/\/i0.wp.com\/tuctuc.ee\/wp-content\/uploads\/2023\/10\/logo-164933761541.png?fit=109%2C122&ssl=1","width":109,"height":122,"caption":"TucTuc Eesti"},"image":{"@id":"https:\/\/tuctuc.ee\/en\/#\/schema\/logo\/image\/"}}]}},"jetpack_sharing_enabled":true,"_links":{"self":[{"href":"https:\/\/tuctuc.ee\/en\/wp-json\/wp\/v2\/product\/1011639","targetHints":{"allow":["GET"]}}],"collection":[{"href":"https:\/\/tuctuc.ee\/en\/wp-json\/wp\/v2\/product"}],"about":[{"href":"https:\/\/tuctuc.ee\/en\/wp-json\/wp\/v2\/types\/product"}],"replies":[{"embeddable":true,"href":"https:\/\/tuctuc.ee\/en\/wp-json\/wp\/v2\/comments?post=1011639"}],"version-history":[{"count":2,"href":"https:\/\/tuctuc.ee\/en\/wp-json\/wp\/v2\/product\/1011639\/revisions"}],"predecessor-version":[{"id":1011659,"href":"https:\/\/tuctuc.ee\/en\/wp-json\/wp\/v2\/product\/1011639\/revisions\/1011659"}],"wp:featuredmedia":[{"embeddable":true,"href":"https:\/\/tuctuc.ee\/en\/wp-json\/wp\/v2\/media\/1011644"}],"wp:attachment":[{"href":"https:\/\/tuctuc.ee\/en\/wp-json\/wp\/v2\/media?parent=1011639"}],"wp:term":[{"taxonomy":"product_cat","embeddable":true,"href":"https:\/\/tuctuc.ee\/en\/wp-json\/wp\/v2\/product_cat?post=1011639"},{"taxonomy":"product_tag","embeddable":true,"href":"https:\/\/tuctuc.ee\/en\/wp-json\/wp\/v2\/product_tag?post=1011639"}],"curies":[{"name":"wp","href":"https:\/\/api.w.org\/{rel}","templated":true}]}}