{"id":1011580,"date":"2026-05-03T14:06:51","date_gmt":"2026-05-03T11:06:51","guid":{"rendered":"https:\/\/tuctuc.ee\/?post_type=product&#038;p=1011580"},"modified":"2026-05-03T14:13:45","modified_gmt":"2026-05-03T11:13:45","slug":"armas-poiste-komplekt","status":"publish","type":"product","link":"https:\/\/tuctuc.ee\/en\/toode\/armas-poiste-komplekt\/","title":{"rendered":"Armas poiste komplekt"},"content":{"rendered":"<div class=\"vgblk-rw-wrapper limit-wrapper\">\n<p id=\"tw-target-text\" class=\"tw-data-text tw-text-large tw-ta\" dir=\"ltr\" role=\"text\" data-placeholder=\"Translation\" data-ved=\"2ahUKEwjJ0Y-M7ZyUAxUIFRAIHeC3Ez4Q3ewLegQIDBAV\" aria-label=\"Translated text: Poiste komplekt, mis koosneb T-s\u00e4rgist ja l\u00fchikestest p\u00fckstest ning on disainitud v\u00e4rsketes ja suvistes v\u00e4rvides. L\u00fchikeste varrukatega T-s\u00e4rgil on l\u00f5bus \u00fcleni rannakujutistega kutsikate pilt, mida t\u00e4iendavad pehmed v\u00e4rvid, mis annavad sellele r\u00f5\u00f5msameelse ja d\u00fcnaamilise ilme. \u00d5laosas on trukkkinnitused lihtsaks riietumiseks ning pehme ja mugav kangas pakub meeldivat tunnet. Piparm\u00fcndirohelistel l\u00fchikestel p\u00fckstel on elastne v\u00f6\u00f6koht dekoratiivse kollase pingutusn\u00f6\u00f6riga ja kaks esitaskut, millele on aplikeeritud armsad kutsikan\u00e4od ja v\u00e4ikesed k\u00f5rvad, mis lisavad v\u00f5luvat ja originaalset h\u00f5ngu. Ideaalne kombinatsioon soojadeks ilmadeks \u2013 mugav ja stiilne.\"><span class=\"Y2IQFc\" lang=\"et\">Poiste komplekt, mis koosneb T-s\u00e4rgist ja l\u00fchikestest p\u00fckstest ning on disainitud v\u00e4rsketes ja suvistes v\u00e4rvides. L\u00fchikeste varrukatega T-s\u00e4rgil on l\u00f5bus \u00fcleni rannakujutistega kutsikate pilt, mida t\u00e4iendavad pehmed v\u00e4rvid, mis annavad sellele r\u00f5\u00f5msameelse ja d\u00fcnaamilise ilme. \u00d5laosas on trukkkinnitused lihtsaks riietumiseks ning pehme ja mugav kangas pakub meeldivat tunnet. Piparm\u00fcndirohelistel l\u00fchikestel p\u00fckstel on elastne v\u00f6\u00f6koht dekoratiivse kollase pingutusn\u00f6\u00f6riga ja kaks esitaskut, millele on aplikeeritud armsad kutsikan\u00e4od ja v\u00e4ikesed k\u00f5rvad, mis lisavad v\u00f5luvat ja originaalset h\u00f5ngu. Ideaalne kombinatsioon soojadeks ilmadeks \u2013 mugav ja stiilne.<\/span><\/p>\n<p><span class=\"Y2IQFc\" lang=\"et\">Materjal: 95% puuvill, 5% elastaan. <\/span><span class=\"Y2IQFc\" lang=\"et\">Juhised riiete hooldamiseks ja pesemiseks.\u00a0<\/span><\/div>\n<p><!-- .vgblk-rw-wrapper --><\/p>\n","protected":false},"excerpt":{"rendered":"<p>Poiste komplekt, mis koosneb T-s\u00e4rgist ja l\u00fchikestest p\u00fckstest ning on disainitud v\u00e4rsketes ja suvistes v\u00e4rvides. L\u00fchikeste varrukatega T-s\u00e4rgil on l\u00f5bus \u00fcleni rannakujutistega kutsikate pilt, mida t\u00e4iendavad pehmed v\u00e4rvid, mis annavad sellele r\u00f5\u00f5msameelse ja d\u00fcnaamilise ilme. \u00d5laosas on trukkkinnitused lihtsaks riietumiseks ning pehme ja mugav kangas pakub meeldivat tunnet. Piparm\u00fcndirohelistel l\u00fchikestel p\u00fckstel on elastne v\u00f6\u00f6koht dekoratiivse&#8230;<\/p>\n","protected":false},"featured_media":1011585,"comment_status":"open","ping_status":"closed","template":"","meta":{"_themeisle_gutenberg_block_has_review":false},"product_cat":[316,543,437,420,463,317,472,419],"product_tag":[],"class_list":["post-1011580","product","type-product","status-publish","has-post-thumbnail","hentry","product_cat-beebipoisid","product_cat-komplekt-beebipoisid","product_cat-komplekt-poisid","product_cat-luhikesed-puksid","product_cat-luhikesed-puksid-beebipoissid","product_cat-poisid","product_cat-t-sark","product_cat-t-sark-luhikeste-varrukatega"],"yoast_head":"<!-- This site is optimized with the Yoast SEO plugin v21.5 - https:\/\/yoast.com\/wordpress\/plugins\/seo\/ -->\n<title>Armas poiste komplekt - TucTuc Eesti<\/title>\n<meta name=\"robots\" content=\"index, follow, max-snippet:-1, max-image-preview:large, max-video-preview:-1\" \/>\n<link rel=\"canonical\" href=\"https:\/\/tuctuc.ee\/en\/toode\/armas-poiste-komplekt\/\" \/>\n<meta property=\"og:locale\" content=\"en_US\" \/>\n<meta property=\"og:type\" content=\"article\" \/>\n<meta property=\"og:title\" content=\"Armas poiste komplekt - TucTuc Eesti\" \/>\n<meta property=\"og:description\" content=\"Poiste komplekt, mis koosneb T-s\u00e4rgist ja l\u00fchikestest p\u00fckstest ning on disainitud v\u00e4rsketes ja suvistes v\u00e4rvides. L\u00fchikeste varrukatega T-s\u00e4rgil on l\u00f5bus \u00fcleni rannakujutistega kutsikate pilt, mida t\u00e4iendavad pehmed v\u00e4rvid, mis annavad sellele r\u00f5\u00f5msameelse ja d\u00fcnaamilise ilme. \u00d5laosas on trukkkinnitused lihtsaks riietumiseks ning pehme ja mugav kangas pakub meeldivat tunnet. Piparm\u00fcndirohelistel l\u00fchikestel p\u00fckstel on elastne v\u00f6\u00f6koht dekoratiivse...\" \/>\n<meta property=\"og:url\" content=\"https:\/\/tuctuc.ee\/en\/toode\/armas-poiste-komplekt\/\" \/>\n<meta property=\"og:site_name\" content=\"TucTuc Eesti\" \/>\n<meta property=\"article:modified_time\" content=\"2026-05-03T11:13:45+00:00\" \/>\n<meta property=\"og:image\" content=\"https:\/\/tuctuc.ee\/wp-content\/uploads\/2026\/05\/11408944.webp\" \/>\n\t<meta property=\"og:image:width\" content=\"800\" \/>\n\t<meta property=\"og:image:height\" content=\"1000\" \/>\n\t<meta property=\"og:image:type\" content=\"image\/webp\" \/>\n<meta name=\"twitter:card\" content=\"summary_large_image\" \/>\n<meta name=\"twitter:label1\" content=\"Est. reading time\" \/>\n\t<meta name=\"twitter:data1\" content=\"1 minute\" \/>\n<script type=\"application\/ld+json\" class=\"yoast-schema-graph\">{\"@context\":\"https:\/\/schema.org\",\"@graph\":[{\"@type\":\"WebPage\",\"@id\":\"https:\/\/tuctuc.ee\/en\/toode\/armas-poiste-komplekt\/\",\"url\":\"https:\/\/tuctuc.ee\/en\/toode\/armas-poiste-komplekt\/\",\"name\":\"Armas poiste komplekt - TucTuc Eesti\",\"isPartOf\":{\"@id\":\"https:\/\/tuctuc.ee\/en\/#website\"},\"datePublished\":\"2026-05-03T11:06:51+00:00\",\"dateModified\":\"2026-05-03T11:13:45+00:00\",\"breadcrumb\":{\"@id\":\"https:\/\/tuctuc.ee\/en\/toode\/armas-poiste-komplekt\/#breadcrumb\"},\"inLanguage\":\"en-US\",\"potentialAction\":[{\"@type\":\"ReadAction\",\"target\":[\"https:\/\/tuctuc.ee\/en\/toode\/armas-poiste-komplekt\/\"]}]},{\"@type\":\"BreadcrumbList\",\"@id\":\"https:\/\/tuctuc.ee\/en\/toode\/armas-poiste-komplekt\/#breadcrumb\",\"itemListElement\":[{\"@type\":\"ListItem\",\"position\":1,\"name\":\"Home\",\"item\":\"https:\/\/tuctuc.ee\/en\/?page_id=269\"},{\"@type\":\"ListItem\",\"position\":2,\"name\":\"Shop\",\"item\":\"https:\/\/tuctuc.ee\/shop\/\"},{\"@type\":\"ListItem\",\"position\":3,\"name\":\"Armas poiste komplekt\"}]},{\"@type\":\"WebSite\",\"@id\":\"https:\/\/tuctuc.ee\/en\/#website\",\"url\":\"https:\/\/tuctuc.ee\/en\/\",\"name\":\"TucTuc Eesti\",\"description\":\"Eesti laster\u00f5ivaste veebipood - Stiilsed riided lastele igale vanusele. Avastage meie valikut n\u00fc\u00fcd!\",\"publisher\":{\"@id\":\"https:\/\/tuctuc.ee\/en\/#organization\"},\"potentialAction\":[{\"@type\":\"SearchAction\",\"target\":{\"@type\":\"EntryPoint\",\"urlTemplate\":\"https:\/\/tuctuc.ee\/en\/?s={search_term_string}\"},\"query-input\":\"required name=search_term_string\"}],\"inLanguage\":\"en-US\"},{\"@type\":\"Organization\",\"@id\":\"https:\/\/tuctuc.ee\/en\/#organization\",\"name\":\"TucTuc Eesti\",\"url\":\"https:\/\/tuctuc.ee\/en\/\",\"logo\":{\"@type\":\"ImageObject\",\"inLanguage\":\"en-US\",\"@id\":\"https:\/\/tuctuc.ee\/en\/#\/schema\/logo\/image\/\",\"url\":\"https:\/\/i0.wp.com\/tuctuc.ee\/wp-content\/uploads\/2023\/10\/logo-164933761541.png?fit=109%2C122&ssl=1\",\"contentUrl\":\"https:\/\/i0.wp.com\/tuctuc.ee\/wp-content\/uploads\/2023\/10\/logo-164933761541.png?fit=109%2C122&ssl=1\",\"width\":109,\"height\":122,\"caption\":\"TucTuc Eesti\"},\"image\":{\"@id\":\"https:\/\/tuctuc.ee\/en\/#\/schema\/logo\/image\/\"}}]}<\/script>\n<!-- \/ Yoast SEO plugin. -->","yoast_head_json":{"title":"Armas poiste komplekt - TucTuc Eesti","robots":{"index":"index","follow":"follow","max-snippet":"max-snippet:-1","max-image-preview":"max-image-preview:large","max-video-preview":"max-video-preview:-1"},"canonical":"https:\/\/tuctuc.ee\/en\/toode\/armas-poiste-komplekt\/","og_locale":"en_US","og_type":"article","og_title":"Armas poiste komplekt - TucTuc Eesti","og_description":"Poiste komplekt, mis koosneb T-s\u00e4rgist ja l\u00fchikestest p\u00fckstest ning on disainitud v\u00e4rsketes ja suvistes v\u00e4rvides. L\u00fchikeste varrukatega T-s\u00e4rgil on l\u00f5bus \u00fcleni rannakujutistega kutsikate pilt, mida t\u00e4iendavad pehmed v\u00e4rvid, mis annavad sellele r\u00f5\u00f5msameelse ja d\u00fcnaamilise ilme. \u00d5laosas on trukkkinnitused lihtsaks riietumiseks ning pehme ja mugav kangas pakub meeldivat tunnet. Piparm\u00fcndirohelistel l\u00fchikestel p\u00fckstel on elastne v\u00f6\u00f6koht dekoratiivse...","og_url":"https:\/\/tuctuc.ee\/en\/toode\/armas-poiste-komplekt\/","og_site_name":"TucTuc Eesti","article_modified_time":"2026-05-03T11:13:45+00:00","og_image":[{"width":800,"height":1000,"url":"https:\/\/tuctuc.ee\/wp-content\/uploads\/2026\/05\/11408944.webp","type":"image\/webp"}],"twitter_card":"summary_large_image","twitter_misc":{"Est. reading time":"1 minute"},"schema":{"@context":"https:\/\/schema.org","@graph":[{"@type":"WebPage","@id":"https:\/\/tuctuc.ee\/en\/toode\/armas-poiste-komplekt\/","url":"https:\/\/tuctuc.ee\/en\/toode\/armas-poiste-komplekt\/","name":"Armas poiste komplekt - TucTuc Eesti","isPartOf":{"@id":"https:\/\/tuctuc.ee\/en\/#website"},"datePublished":"2026-05-03T11:06:51+00:00","dateModified":"2026-05-03T11:13:45+00:00","breadcrumb":{"@id":"https:\/\/tuctuc.ee\/en\/toode\/armas-poiste-komplekt\/#breadcrumb"},"inLanguage":"en-US","potentialAction":[{"@type":"ReadAction","target":["https:\/\/tuctuc.ee\/en\/toode\/armas-poiste-komplekt\/"]}]},{"@type":"BreadcrumbList","@id":"https:\/\/tuctuc.ee\/en\/toode\/armas-poiste-komplekt\/#breadcrumb","itemListElement":[{"@type":"ListItem","position":1,"name":"Home","item":"https:\/\/tuctuc.ee\/en\/?page_id=269"},{"@type":"ListItem","position":2,"name":"Shop","item":"https:\/\/tuctuc.ee\/shop\/"},{"@type":"ListItem","position":3,"name":"Armas poiste komplekt"}]},{"@type":"WebSite","@id":"https:\/\/tuctuc.ee\/en\/#website","url":"https:\/\/tuctuc.ee\/en\/","name":"TucTuc Eesti","description":"Eesti laster\u00f5ivaste veebipood - Stiilsed riided lastele igale vanusele. Avastage meie valikut n\u00fc\u00fcd!","publisher":{"@id":"https:\/\/tuctuc.ee\/en\/#organization"},"potentialAction":[{"@type":"SearchAction","target":{"@type":"EntryPoint","urlTemplate":"https:\/\/tuctuc.ee\/en\/?s={search_term_string}"},"query-input":"required name=search_term_string"}],"inLanguage":"en-US"},{"@type":"Organization","@id":"https:\/\/tuctuc.ee\/en\/#organization","name":"TucTuc Eesti","url":"https:\/\/tuctuc.ee\/en\/","logo":{"@type":"ImageObject","inLanguage":"en-US","@id":"https:\/\/tuctuc.ee\/en\/#\/schema\/logo\/image\/","url":"https:\/\/i0.wp.com\/tuctuc.ee\/wp-content\/uploads\/2023\/10\/logo-164933761541.png?fit=109%2C122&ssl=1","contentUrl":"https:\/\/i0.wp.com\/tuctuc.ee\/wp-content\/uploads\/2023\/10\/logo-164933761541.png?fit=109%2C122&ssl=1","width":109,"height":122,"caption":"TucTuc Eesti"},"image":{"@id":"https:\/\/tuctuc.ee\/en\/#\/schema\/logo\/image\/"}}]}},"jetpack_sharing_enabled":true,"_links":{"self":[{"href":"https:\/\/tuctuc.ee\/en\/wp-json\/wp\/v2\/product\/1011580","targetHints":{"allow":["GET"]}}],"collection":[{"href":"https:\/\/tuctuc.ee\/en\/wp-json\/wp\/v2\/product"}],"about":[{"href":"https:\/\/tuctuc.ee\/en\/wp-json\/wp\/v2\/types\/product"}],"replies":[{"embeddable":true,"href":"https:\/\/tuctuc.ee\/en\/wp-json\/wp\/v2\/comments?post=1011580"}],"version-history":[{"count":1,"href":"https:\/\/tuctuc.ee\/en\/wp-json\/wp\/v2\/product\/1011580\/revisions"}],"predecessor-version":[{"id":1011599,"href":"https:\/\/tuctuc.ee\/en\/wp-json\/wp\/v2\/product\/1011580\/revisions\/1011599"}],"wp:featuredmedia":[{"embeddable":true,"href":"https:\/\/tuctuc.ee\/en\/wp-json\/wp\/v2\/media\/1011585"}],"wp:attachment":[{"href":"https:\/\/tuctuc.ee\/en\/wp-json\/wp\/v2\/media?parent=1011580"}],"wp:term":[{"taxonomy":"product_cat","embeddable":true,"href":"https:\/\/tuctuc.ee\/en\/wp-json\/wp\/v2\/product_cat?post=1011580"},{"taxonomy":"product_tag","embeddable":true,"href":"https:\/\/tuctuc.ee\/en\/wp-json\/wp\/v2\/product_tag?post=1011580"}],"curies":[{"name":"wp","href":"https:\/\/api.w.org\/{rel}","templated":true}]}}