{"id":1011483,"date":"2026-05-02T19:56:05","date_gmt":"2026-05-02T16:56:05","guid":{"rendered":"https:\/\/tuctuc.ee\/?post_type=product&#038;p=1011483"},"modified":"2026-05-02T20:00:28","modified_gmt":"2026-05-02T17:00:28","slug":"poiste-komplekt-6","status":"publish","type":"product","link":"https:\/\/tuctuc.ee\/en\/toode\/poiste-komplekt-6\/","title":{"rendered":"Poiste komplekt"},"content":{"rendered":"<div class=\"vgblk-rw-wrapper limit-wrapper\">\n<p id=\"tw-target-text\" class=\"tw-data-text tw-text-large tw-ta\" dir=\"ltr\" role=\"text\" data-placeholder=\"Translation\" data-ved=\"2ahUKEwjD6NXsspqUAxXOJxAIHVs0Ol4Q3ewLegQIDBAV\" aria-label=\"Translated text: See poiste komplekt sisaldab T-s\u00e4rki ja l\u00fchikesi p\u00fckse, mis m\u00f5lemad on valmistatud pehmetest ja mugavatest kangastest, mis sobivad ideaalselt igap\u00e4evaseks kandmiseks. T\u00fcrkiissinisel T-s\u00e4rgil on \u00fcleni erksav\u00e4rviline surfilaudade muster, mis annab sellele suvise ja d\u00fcnaamilise ilme. \u00d5lal on kaks trukki, mis h\u00f5lbustavad riietumist ja tagavad mugavuse. Erkoran\u017eidel l\u00fchikestel p\u00fckstel on elastne v\u00f6\u00f6koht kindla istuvuse tagamiseks, dekoratiivne pingutusn\u00f6\u00f6r ja funktsionaalsed taskud. See r\u00f5\u00f5msameelne ja energiline komplekt sobib ideaalselt \u00f5ues m\u00e4ngimiseks ja tegevusteks soojadel p\u00e4evadel.\"><span class=\"Y2IQFc\" lang=\"et\">See poiste komplekt sisaldab T-s\u00e4rki ja l\u00fchikesi p\u00fckse, mis m\u00f5lemad on valmistatud pehmetest ja mugavatest kangastest, mis sobivad ideaalselt igap\u00e4evaseks kandmiseks. T\u00fcrkiissinisel T-s\u00e4rgil on \u00fcleni erksav\u00e4rviline surfilaudade muster, mis annab sellele suvise ja d\u00fcnaamilise ilme. \u00d5lal on kaks trukki, mis h\u00f5lbustavad riietumist ja tagavad mugavuse. Erkoran\u017eidel l\u00fchikestel p\u00fckstel on elastne v\u00f6\u00f6koht kindla istuvuse tagamiseks, dekoratiivne pingutusn\u00f6\u00f6r ja funktsionaalsed taskud. See r\u00f5\u00f5msameelne ja energiline komplekt sobib ideaalselt \u00f5ues m\u00e4ngimiseks ja tegevusteks soojadel p\u00e4evadel.<\/span><\/p>\n<p><span class=\"Y2IQFc\" lang=\"et\">Materjal: 100% puuvill. <\/span><span class=\"Y2IQFc\" lang=\"et\">Juhised riiete hooldamiseks ja pesemiseks.\u00a0<\/span><\/div>\n<p><!-- .vgblk-rw-wrapper --><\/p>\n","protected":false},"excerpt":{"rendered":"<p>See poiste komplekt sisaldab T-s\u00e4rki ja l\u00fchikesi p\u00fckse, mis m\u00f5lemad on valmistatud pehmetest ja mugavatest kangastest, mis sobivad ideaalselt igap\u00e4evaseks kandmiseks. T\u00fcrkiissinisel T-s\u00e4rgil on \u00fcleni erksav\u00e4rviline surfilaudade muster, mis annab sellele suvise ja d\u00fcnaamilise ilme. \u00d5lal on kaks trukki, mis h\u00f5lbustavad riietumist ja tagavad mugavuse. Erkoran\u017eidel l\u00fchikestel p\u00fckstel on elastne v\u00f6\u00f6koht kindla istuvuse tagamiseks, dekoratiivne&#8230;<\/p>\n","protected":false},"featured_media":1011490,"comment_status":"open","ping_status":"closed","template":"","meta":{"_themeisle_gutenberg_block_has_review":false},"product_cat":[437,420,317,419],"product_tag":[],"class_list":["post-1011483","product","type-product","status-publish","has-post-thumbnail","hentry","product_cat-komplekt-poisid","product_cat-luhikesed-puksid","product_cat-poisid","product_cat-t-sark-luhikeste-varrukatega"],"yoast_head":"<!-- This site is optimized with the Yoast SEO plugin v21.5 - https:\/\/yoast.com\/wordpress\/plugins\/seo\/ -->\n<title>Poiste komplekt - TucTuc Eesti<\/title>\n<meta name=\"robots\" content=\"index, follow, max-snippet:-1, max-image-preview:large, max-video-preview:-1\" \/>\n<link rel=\"canonical\" href=\"https:\/\/tuctuc.ee\/en\/toode\/poiste-komplekt-6\/\" \/>\n<meta property=\"og:locale\" content=\"en_US\" \/>\n<meta property=\"og:type\" content=\"article\" \/>\n<meta property=\"og:title\" content=\"Poiste komplekt - TucTuc Eesti\" \/>\n<meta property=\"og:description\" content=\"See poiste komplekt sisaldab T-s\u00e4rki ja l\u00fchikesi p\u00fckse, mis m\u00f5lemad on valmistatud pehmetest ja mugavatest kangastest, mis sobivad ideaalselt igap\u00e4evaseks kandmiseks. T\u00fcrkiissinisel T-s\u00e4rgil on \u00fcleni erksav\u00e4rviline surfilaudade muster, mis annab sellele suvise ja d\u00fcnaamilise ilme. \u00d5lal on kaks trukki, mis h\u00f5lbustavad riietumist ja tagavad mugavuse. Erkoran\u017eidel l\u00fchikestel p\u00fckstel on elastne v\u00f6\u00f6koht kindla istuvuse tagamiseks, dekoratiivne...\" \/>\n<meta property=\"og:url\" content=\"https:\/\/tuctuc.ee\/en\/toode\/poiste-komplekt-6\/\" \/>\n<meta property=\"og:site_name\" content=\"TucTuc Eesti\" \/>\n<meta property=\"article:modified_time\" content=\"2026-05-02T17:00:28+00:00\" \/>\n<meta property=\"og:image\" content=\"https:\/\/tuctuc.ee\/wp-content\/uploads\/2026\/05\/11409338.webp\" \/>\n\t<meta property=\"og:image:width\" content=\"800\" \/>\n\t<meta property=\"og:image:height\" content=\"1000\" \/>\n\t<meta property=\"og:image:type\" content=\"image\/webp\" \/>\n<meta name=\"twitter:card\" content=\"summary_large_image\" \/>\n<meta name=\"twitter:label1\" content=\"Est. reading time\" \/>\n\t<meta name=\"twitter:data1\" content=\"1 minute\" \/>\n<script type=\"application\/ld+json\" class=\"yoast-schema-graph\">{\"@context\":\"https:\/\/schema.org\",\"@graph\":[{\"@type\":\"WebPage\",\"@id\":\"https:\/\/tuctuc.ee\/en\/toode\/poiste-komplekt-6\/\",\"url\":\"https:\/\/tuctuc.ee\/en\/toode\/poiste-komplekt-6\/\",\"name\":\"Poiste komplekt - TucTuc Eesti\",\"isPartOf\":{\"@id\":\"https:\/\/tuctuc.ee\/en\/#website\"},\"datePublished\":\"2026-05-02T16:56:05+00:00\",\"dateModified\":\"2026-05-02T17:00:28+00:00\",\"breadcrumb\":{\"@id\":\"https:\/\/tuctuc.ee\/en\/toode\/poiste-komplekt-6\/#breadcrumb\"},\"inLanguage\":\"en-US\",\"potentialAction\":[{\"@type\":\"ReadAction\",\"target\":[\"https:\/\/tuctuc.ee\/en\/toode\/poiste-komplekt-6\/\"]}]},{\"@type\":\"BreadcrumbList\",\"@id\":\"https:\/\/tuctuc.ee\/en\/toode\/poiste-komplekt-6\/#breadcrumb\",\"itemListElement\":[{\"@type\":\"ListItem\",\"position\":1,\"name\":\"Home\",\"item\":\"https:\/\/tuctuc.ee\/en\/?page_id=269\"},{\"@type\":\"ListItem\",\"position\":2,\"name\":\"Shop\",\"item\":\"https:\/\/tuctuc.ee\/shop\/\"},{\"@type\":\"ListItem\",\"position\":3,\"name\":\"Poiste komplekt\"}]},{\"@type\":\"WebSite\",\"@id\":\"https:\/\/tuctuc.ee\/en\/#website\",\"url\":\"https:\/\/tuctuc.ee\/en\/\",\"name\":\"TucTuc Eesti\",\"description\":\"Eesti laster\u00f5ivaste veebipood - Stiilsed riided lastele igale vanusele. Avastage meie valikut n\u00fc\u00fcd!\",\"publisher\":{\"@id\":\"https:\/\/tuctuc.ee\/en\/#organization\"},\"potentialAction\":[{\"@type\":\"SearchAction\",\"target\":{\"@type\":\"EntryPoint\",\"urlTemplate\":\"https:\/\/tuctuc.ee\/en\/?s={search_term_string}\"},\"query-input\":\"required name=search_term_string\"}],\"inLanguage\":\"en-US\"},{\"@type\":\"Organization\",\"@id\":\"https:\/\/tuctuc.ee\/en\/#organization\",\"name\":\"TucTuc Eesti\",\"url\":\"https:\/\/tuctuc.ee\/en\/\",\"logo\":{\"@type\":\"ImageObject\",\"inLanguage\":\"en-US\",\"@id\":\"https:\/\/tuctuc.ee\/en\/#\/schema\/logo\/image\/\",\"url\":\"https:\/\/i0.wp.com\/tuctuc.ee\/wp-content\/uploads\/2023\/10\/logo-164933761541.png?fit=109%2C122&ssl=1\",\"contentUrl\":\"https:\/\/i0.wp.com\/tuctuc.ee\/wp-content\/uploads\/2023\/10\/logo-164933761541.png?fit=109%2C122&ssl=1\",\"width\":109,\"height\":122,\"caption\":\"TucTuc Eesti\"},\"image\":{\"@id\":\"https:\/\/tuctuc.ee\/en\/#\/schema\/logo\/image\/\"}}]}<\/script>\n<!-- \/ Yoast SEO plugin. -->","yoast_head_json":{"title":"Poiste komplekt - TucTuc Eesti","robots":{"index":"index","follow":"follow","max-snippet":"max-snippet:-1","max-image-preview":"max-image-preview:large","max-video-preview":"max-video-preview:-1"},"canonical":"https:\/\/tuctuc.ee\/en\/toode\/poiste-komplekt-6\/","og_locale":"en_US","og_type":"article","og_title":"Poiste komplekt - TucTuc Eesti","og_description":"See poiste komplekt sisaldab T-s\u00e4rki ja l\u00fchikesi p\u00fckse, mis m\u00f5lemad on valmistatud pehmetest ja mugavatest kangastest, mis sobivad ideaalselt igap\u00e4evaseks kandmiseks. T\u00fcrkiissinisel T-s\u00e4rgil on \u00fcleni erksav\u00e4rviline surfilaudade muster, mis annab sellele suvise ja d\u00fcnaamilise ilme. \u00d5lal on kaks trukki, mis h\u00f5lbustavad riietumist ja tagavad mugavuse. Erkoran\u017eidel l\u00fchikestel p\u00fckstel on elastne v\u00f6\u00f6koht kindla istuvuse tagamiseks, dekoratiivne...","og_url":"https:\/\/tuctuc.ee\/en\/toode\/poiste-komplekt-6\/","og_site_name":"TucTuc Eesti","article_modified_time":"2026-05-02T17:00:28+00:00","og_image":[{"width":800,"height":1000,"url":"https:\/\/tuctuc.ee\/wp-content\/uploads\/2026\/05\/11409338.webp","type":"image\/webp"}],"twitter_card":"summary_large_image","twitter_misc":{"Est. reading time":"1 minute"},"schema":{"@context":"https:\/\/schema.org","@graph":[{"@type":"WebPage","@id":"https:\/\/tuctuc.ee\/en\/toode\/poiste-komplekt-6\/","url":"https:\/\/tuctuc.ee\/en\/toode\/poiste-komplekt-6\/","name":"Poiste komplekt - TucTuc Eesti","isPartOf":{"@id":"https:\/\/tuctuc.ee\/en\/#website"},"datePublished":"2026-05-02T16:56:05+00:00","dateModified":"2026-05-02T17:00:28+00:00","breadcrumb":{"@id":"https:\/\/tuctuc.ee\/en\/toode\/poiste-komplekt-6\/#breadcrumb"},"inLanguage":"en-US","potentialAction":[{"@type":"ReadAction","target":["https:\/\/tuctuc.ee\/en\/toode\/poiste-komplekt-6\/"]}]},{"@type":"BreadcrumbList","@id":"https:\/\/tuctuc.ee\/en\/toode\/poiste-komplekt-6\/#breadcrumb","itemListElement":[{"@type":"ListItem","position":1,"name":"Home","item":"https:\/\/tuctuc.ee\/en\/?page_id=269"},{"@type":"ListItem","position":2,"name":"Shop","item":"https:\/\/tuctuc.ee\/shop\/"},{"@type":"ListItem","position":3,"name":"Poiste komplekt"}]},{"@type":"WebSite","@id":"https:\/\/tuctuc.ee\/en\/#website","url":"https:\/\/tuctuc.ee\/en\/","name":"TucTuc Eesti","description":"Eesti laster\u00f5ivaste veebipood - Stiilsed riided lastele igale vanusele. Avastage meie valikut n\u00fc\u00fcd!","publisher":{"@id":"https:\/\/tuctuc.ee\/en\/#organization"},"potentialAction":[{"@type":"SearchAction","target":{"@type":"EntryPoint","urlTemplate":"https:\/\/tuctuc.ee\/en\/?s={search_term_string}"},"query-input":"required name=search_term_string"}],"inLanguage":"en-US"},{"@type":"Organization","@id":"https:\/\/tuctuc.ee\/en\/#organization","name":"TucTuc Eesti","url":"https:\/\/tuctuc.ee\/en\/","logo":{"@type":"ImageObject","inLanguage":"en-US","@id":"https:\/\/tuctuc.ee\/en\/#\/schema\/logo\/image\/","url":"https:\/\/i0.wp.com\/tuctuc.ee\/wp-content\/uploads\/2023\/10\/logo-164933761541.png?fit=109%2C122&ssl=1","contentUrl":"https:\/\/i0.wp.com\/tuctuc.ee\/wp-content\/uploads\/2023\/10\/logo-164933761541.png?fit=109%2C122&ssl=1","width":109,"height":122,"caption":"TucTuc Eesti"},"image":{"@id":"https:\/\/tuctuc.ee\/en\/#\/schema\/logo\/image\/"}}]}},"jetpack_sharing_enabled":true,"_links":{"self":[{"href":"https:\/\/tuctuc.ee\/en\/wp-json\/wp\/v2\/product\/1011483","targetHints":{"allow":["GET"]}}],"collection":[{"href":"https:\/\/tuctuc.ee\/en\/wp-json\/wp\/v2\/product"}],"about":[{"href":"https:\/\/tuctuc.ee\/en\/wp-json\/wp\/v2\/types\/product"}],"replies":[{"embeddable":true,"href":"https:\/\/tuctuc.ee\/en\/wp-json\/wp\/v2\/comments?post=1011483"}],"version-history":[{"count":1,"href":"https:\/\/tuctuc.ee\/en\/wp-json\/wp\/v2\/product\/1011483\/revisions"}],"predecessor-version":[{"id":1011500,"href":"https:\/\/tuctuc.ee\/en\/wp-json\/wp\/v2\/product\/1011483\/revisions\/1011500"}],"wp:featuredmedia":[{"embeddable":true,"href":"https:\/\/tuctuc.ee\/en\/wp-json\/wp\/v2\/media\/1011490"}],"wp:attachment":[{"href":"https:\/\/tuctuc.ee\/en\/wp-json\/wp\/v2\/media?parent=1011483"}],"wp:term":[{"taxonomy":"product_cat","embeddable":true,"href":"https:\/\/tuctuc.ee\/en\/wp-json\/wp\/v2\/product_cat?post=1011483"},{"taxonomy":"product_tag","embeddable":true,"href":"https:\/\/tuctuc.ee\/en\/wp-json\/wp\/v2\/product_tag?post=1011483"}],"curies":[{"name":"wp","href":"https:\/\/api.w.org\/{rel}","templated":true}]}}