{"id":1011425,"date":"2026-05-02T19:10:44","date_gmt":"2026-05-02T16:10:44","guid":{"rendered":"https:\/\/tuctuc.ee\/?post_type=product&#038;p=1011425"},"modified":"2026-05-02T19:16:43","modified_gmt":"2026-05-02T16:16:43","slug":"poiste-riietuskomplekt-3","status":"publish","type":"product","link":"https:\/\/tuctuc.ee\/en\/toode\/poiste-riietuskomplekt-3\/","title":{"rendered":"Poiste riietuskomplekt"},"content":{"rendered":"<div class=\"vgblk-rw-wrapper limit-wrapper\">\n<p id=\"tw-target-text\" class=\"tw-data-text tw-text-large tw-ta\" dir=\"ltr\" role=\"text\" data-placeholder=\"Translation\" data-ved=\"2ahUKEwjD6NXsspqUAxXOJxAIHVs0Ol4Q3ewLegQIDBAV\" aria-label=\"Translated text: See poiste riietus sisaldab valget sinise gradientv\u00e4rvi T-s\u00e4rki ja tumesiniseid l\u00fchikesi p\u00fckse. T-s\u00e4rgil on silmatorkav mereteemaline tr\u00fckis rohelistes ja sinistes toonides ning m\u00e4nguline disain, mis lisab v\u00e4rske h\u00f5ngu. Pehme kangas ja mugav l\u00f5ige v\u00f5imaldavad p\u00e4eva jooksul vaba liikumist. Tumesinistel l\u00fchikestel p\u00fckstel on elastne v\u00f6\u00f6koht ja sobiv pingutusn\u00f6\u00f6r praktilise istuvuse tagamiseks. See kerge ja vabaaja riietus sobib ideaalselt teie pisikese igap\u00e4evasteks tegevusteks kaasas kandmiseks.\"><span class=\"Y2IQFc\" lang=\"et\">See poiste riietus sisaldab valget sinise gradientv\u00e4rvi T-s\u00e4rki ja tumesiniseid l\u00fchikesi p\u00fckse. T-s\u00e4rgil on silmatorkav mereteemaline tr\u00fckis rohelistes ja sinistes toonides ning m\u00e4nguline disain, mis lisab v\u00e4rske h\u00f5ngu. Pehme kangas ja mugav l\u00f5ige v\u00f5imaldavad p\u00e4eva jooksul vaba liikumist. Tumesinistel l\u00fchikestel p\u00fckstel on elastne v\u00f6\u00f6koht ja sobiv pingutusn\u00f6\u00f6r praktilise istuvuse tagamiseks. See kerge ja vabaaja riietus sobib ideaalselt teie pisikese igap\u00e4evasteks tegevusteks kaasas kandmiseks.<\/span><\/p>\n<p><span class=\"Y2IQFc\" lang=\"et\">Materjal: 100% puuvill. <\/span><span class=\"Y2IQFc\" lang=\"et\">Juhised riiete hooldamiseks ja pesemiseks.\u00a0<\/span><\/div>\n<p><!-- .vgblk-rw-wrapper --><\/p>\n","protected":false},"excerpt":{"rendered":"<p>See poiste riietus sisaldab valget sinise gradientv\u00e4rvi T-s\u00e4rki ja tumesiniseid l\u00fchikesi p\u00fckse. T-s\u00e4rgil on silmatorkav mereteemaline tr\u00fckis rohelistes ja sinistes toonides ning m\u00e4nguline disain, mis lisab v\u00e4rske h\u00f5ngu. Pehme kangas ja mugav l\u00f5ige v\u00f5imaldavad p\u00e4eva jooksul vaba liikumist. Tumesinistel l\u00fchikestel p\u00fckstel on elastne v\u00f6\u00f6koht ja sobiv pingutusn\u00f6\u00f6r praktilise istuvuse tagamiseks. See kerge ja vabaaja riietus&#8230;<\/p>\n","protected":false},"featured_media":1011432,"comment_status":"open","ping_status":"closed","template":"","meta":{"_themeisle_gutenberg_block_has_review":false},"product_cat":[437,420,317,419],"product_tag":[],"class_list":["post-1011425","product","type-product","status-publish","has-post-thumbnail","hentry","product_cat-komplekt-poisid","product_cat-luhikesed-puksid","product_cat-poisid","product_cat-t-sark-luhikeste-varrukatega"],"yoast_head":"<!-- This site is optimized with the Yoast SEO plugin v21.5 - https:\/\/yoast.com\/wordpress\/plugins\/seo\/ -->\n<title>Poiste riietuskomplekt - TucTuc Eesti<\/title>\n<meta name=\"robots\" content=\"index, follow, max-snippet:-1, max-image-preview:large, max-video-preview:-1\" \/>\n<link rel=\"canonical\" href=\"https:\/\/tuctuc.ee\/en\/toode\/poiste-riietuskomplekt-3\/\" \/>\n<meta property=\"og:locale\" content=\"en_US\" \/>\n<meta property=\"og:type\" content=\"article\" \/>\n<meta property=\"og:title\" content=\"Poiste riietuskomplekt - TucTuc Eesti\" \/>\n<meta property=\"og:description\" content=\"See poiste riietus sisaldab valget sinise gradientv\u00e4rvi T-s\u00e4rki ja tumesiniseid l\u00fchikesi p\u00fckse. T-s\u00e4rgil on silmatorkav mereteemaline tr\u00fckis rohelistes ja sinistes toonides ning m\u00e4nguline disain, mis lisab v\u00e4rske h\u00f5ngu. Pehme kangas ja mugav l\u00f5ige v\u00f5imaldavad p\u00e4eva jooksul vaba liikumist. Tumesinistel l\u00fchikestel p\u00fckstel on elastne v\u00f6\u00f6koht ja sobiv pingutusn\u00f6\u00f6r praktilise istuvuse tagamiseks. See kerge ja vabaaja riietus...\" \/>\n<meta property=\"og:url\" content=\"https:\/\/tuctuc.ee\/en\/toode\/poiste-riietuskomplekt-3\/\" \/>\n<meta property=\"og:site_name\" content=\"TucTuc Eesti\" \/>\n<meta property=\"article:modified_time\" content=\"2026-05-02T16:16:43+00:00\" \/>\n<meta property=\"og:image\" content=\"https:\/\/tuctuc.ee\/wp-content\/uploads\/2026\/05\/11409643.webp\" \/>\n\t<meta property=\"og:image:width\" content=\"800\" \/>\n\t<meta property=\"og:image:height\" content=\"1000\" \/>\n\t<meta property=\"og:image:type\" content=\"image\/webp\" \/>\n<meta name=\"twitter:card\" content=\"summary_large_image\" \/>\n<meta name=\"twitter:label1\" content=\"Est. reading time\" \/>\n\t<meta name=\"twitter:data1\" content=\"1 minute\" \/>\n<script type=\"application\/ld+json\" class=\"yoast-schema-graph\">{\"@context\":\"https:\/\/schema.org\",\"@graph\":[{\"@type\":\"WebPage\",\"@id\":\"https:\/\/tuctuc.ee\/en\/toode\/poiste-riietuskomplekt-3\/\",\"url\":\"https:\/\/tuctuc.ee\/en\/toode\/poiste-riietuskomplekt-3\/\",\"name\":\"Poiste riietuskomplekt - TucTuc Eesti\",\"isPartOf\":{\"@id\":\"https:\/\/tuctuc.ee\/en\/#website\"},\"datePublished\":\"2026-05-02T16:10:44+00:00\",\"dateModified\":\"2026-05-02T16:16:43+00:00\",\"breadcrumb\":{\"@id\":\"https:\/\/tuctuc.ee\/en\/toode\/poiste-riietuskomplekt-3\/#breadcrumb\"},\"inLanguage\":\"en-US\",\"potentialAction\":[{\"@type\":\"ReadAction\",\"target\":[\"https:\/\/tuctuc.ee\/en\/toode\/poiste-riietuskomplekt-3\/\"]}]},{\"@type\":\"BreadcrumbList\",\"@id\":\"https:\/\/tuctuc.ee\/en\/toode\/poiste-riietuskomplekt-3\/#breadcrumb\",\"itemListElement\":[{\"@type\":\"ListItem\",\"position\":1,\"name\":\"Home\",\"item\":\"https:\/\/tuctuc.ee\/en\/?page_id=269\"},{\"@type\":\"ListItem\",\"position\":2,\"name\":\"Shop\",\"item\":\"https:\/\/tuctuc.ee\/shop\/\"},{\"@type\":\"ListItem\",\"position\":3,\"name\":\"Poiste riietuskomplekt\"}]},{\"@type\":\"WebSite\",\"@id\":\"https:\/\/tuctuc.ee\/en\/#website\",\"url\":\"https:\/\/tuctuc.ee\/en\/\",\"name\":\"TucTuc Eesti\",\"description\":\"Eesti laster\u00f5ivaste veebipood - Stiilsed riided lastele igale vanusele. Avastage meie valikut n\u00fc\u00fcd!\",\"publisher\":{\"@id\":\"https:\/\/tuctuc.ee\/en\/#organization\"},\"potentialAction\":[{\"@type\":\"SearchAction\",\"target\":{\"@type\":\"EntryPoint\",\"urlTemplate\":\"https:\/\/tuctuc.ee\/en\/?s={search_term_string}\"},\"query-input\":\"required name=search_term_string\"}],\"inLanguage\":\"en-US\"},{\"@type\":\"Organization\",\"@id\":\"https:\/\/tuctuc.ee\/en\/#organization\",\"name\":\"TucTuc Eesti\",\"url\":\"https:\/\/tuctuc.ee\/en\/\",\"logo\":{\"@type\":\"ImageObject\",\"inLanguage\":\"en-US\",\"@id\":\"https:\/\/tuctuc.ee\/en\/#\/schema\/logo\/image\/\",\"url\":\"https:\/\/i0.wp.com\/tuctuc.ee\/wp-content\/uploads\/2023\/10\/logo-164933761541.png?fit=109%2C122&ssl=1\",\"contentUrl\":\"https:\/\/i0.wp.com\/tuctuc.ee\/wp-content\/uploads\/2023\/10\/logo-164933761541.png?fit=109%2C122&ssl=1\",\"width\":109,\"height\":122,\"caption\":\"TucTuc Eesti\"},\"image\":{\"@id\":\"https:\/\/tuctuc.ee\/en\/#\/schema\/logo\/image\/\"}}]}<\/script>\n<!-- \/ Yoast SEO plugin. -->","yoast_head_json":{"title":"Poiste riietuskomplekt - TucTuc Eesti","robots":{"index":"index","follow":"follow","max-snippet":"max-snippet:-1","max-image-preview":"max-image-preview:large","max-video-preview":"max-video-preview:-1"},"canonical":"https:\/\/tuctuc.ee\/en\/toode\/poiste-riietuskomplekt-3\/","og_locale":"en_US","og_type":"article","og_title":"Poiste riietuskomplekt - TucTuc Eesti","og_description":"See poiste riietus sisaldab valget sinise gradientv\u00e4rvi T-s\u00e4rki ja tumesiniseid l\u00fchikesi p\u00fckse. T-s\u00e4rgil on silmatorkav mereteemaline tr\u00fckis rohelistes ja sinistes toonides ning m\u00e4nguline disain, mis lisab v\u00e4rske h\u00f5ngu. Pehme kangas ja mugav l\u00f5ige v\u00f5imaldavad p\u00e4eva jooksul vaba liikumist. Tumesinistel l\u00fchikestel p\u00fckstel on elastne v\u00f6\u00f6koht ja sobiv pingutusn\u00f6\u00f6r praktilise istuvuse tagamiseks. See kerge ja vabaaja riietus...","og_url":"https:\/\/tuctuc.ee\/en\/toode\/poiste-riietuskomplekt-3\/","og_site_name":"TucTuc Eesti","article_modified_time":"2026-05-02T16:16:43+00:00","og_image":[{"width":800,"height":1000,"url":"https:\/\/tuctuc.ee\/wp-content\/uploads\/2026\/05\/11409643.webp","type":"image\/webp"}],"twitter_card":"summary_large_image","twitter_misc":{"Est. reading time":"1 minute"},"schema":{"@context":"https:\/\/schema.org","@graph":[{"@type":"WebPage","@id":"https:\/\/tuctuc.ee\/en\/toode\/poiste-riietuskomplekt-3\/","url":"https:\/\/tuctuc.ee\/en\/toode\/poiste-riietuskomplekt-3\/","name":"Poiste riietuskomplekt - TucTuc Eesti","isPartOf":{"@id":"https:\/\/tuctuc.ee\/en\/#website"},"datePublished":"2026-05-02T16:10:44+00:00","dateModified":"2026-05-02T16:16:43+00:00","breadcrumb":{"@id":"https:\/\/tuctuc.ee\/en\/toode\/poiste-riietuskomplekt-3\/#breadcrumb"},"inLanguage":"en-US","potentialAction":[{"@type":"ReadAction","target":["https:\/\/tuctuc.ee\/en\/toode\/poiste-riietuskomplekt-3\/"]}]},{"@type":"BreadcrumbList","@id":"https:\/\/tuctuc.ee\/en\/toode\/poiste-riietuskomplekt-3\/#breadcrumb","itemListElement":[{"@type":"ListItem","position":1,"name":"Home","item":"https:\/\/tuctuc.ee\/en\/?page_id=269"},{"@type":"ListItem","position":2,"name":"Shop","item":"https:\/\/tuctuc.ee\/shop\/"},{"@type":"ListItem","position":3,"name":"Poiste riietuskomplekt"}]},{"@type":"WebSite","@id":"https:\/\/tuctuc.ee\/en\/#website","url":"https:\/\/tuctuc.ee\/en\/","name":"TucTuc Eesti","description":"Eesti laster\u00f5ivaste veebipood - Stiilsed riided lastele igale vanusele. Avastage meie valikut n\u00fc\u00fcd!","publisher":{"@id":"https:\/\/tuctuc.ee\/en\/#organization"},"potentialAction":[{"@type":"SearchAction","target":{"@type":"EntryPoint","urlTemplate":"https:\/\/tuctuc.ee\/en\/?s={search_term_string}"},"query-input":"required name=search_term_string"}],"inLanguage":"en-US"},{"@type":"Organization","@id":"https:\/\/tuctuc.ee\/en\/#organization","name":"TucTuc Eesti","url":"https:\/\/tuctuc.ee\/en\/","logo":{"@type":"ImageObject","inLanguage":"en-US","@id":"https:\/\/tuctuc.ee\/en\/#\/schema\/logo\/image\/","url":"https:\/\/i0.wp.com\/tuctuc.ee\/wp-content\/uploads\/2023\/10\/logo-164933761541.png?fit=109%2C122&ssl=1","contentUrl":"https:\/\/i0.wp.com\/tuctuc.ee\/wp-content\/uploads\/2023\/10\/logo-164933761541.png?fit=109%2C122&ssl=1","width":109,"height":122,"caption":"TucTuc Eesti"},"image":{"@id":"https:\/\/tuctuc.ee\/en\/#\/schema\/logo\/image\/"}}]}},"jetpack_sharing_enabled":true,"_links":{"self":[{"href":"https:\/\/tuctuc.ee\/en\/wp-json\/wp\/v2\/product\/1011425","targetHints":{"allow":["GET"]}}],"collection":[{"href":"https:\/\/tuctuc.ee\/en\/wp-json\/wp\/v2\/product"}],"about":[{"href":"https:\/\/tuctuc.ee\/en\/wp-json\/wp\/v2\/types\/product"}],"replies":[{"embeddable":true,"href":"https:\/\/tuctuc.ee\/en\/wp-json\/wp\/v2\/comments?post=1011425"}],"version-history":[{"count":1,"href":"https:\/\/tuctuc.ee\/en\/wp-json\/wp\/v2\/product\/1011425\/revisions"}],"predecessor-version":[{"id":1011440,"href":"https:\/\/tuctuc.ee\/en\/wp-json\/wp\/v2\/product\/1011425\/revisions\/1011440"}],"wp:featuredmedia":[{"embeddable":true,"href":"https:\/\/tuctuc.ee\/en\/wp-json\/wp\/v2\/media\/1011432"}],"wp:attachment":[{"href":"https:\/\/tuctuc.ee\/en\/wp-json\/wp\/v2\/media?parent=1011425"}],"wp:term":[{"taxonomy":"product_cat","embeddable":true,"href":"https:\/\/tuctuc.ee\/en\/wp-json\/wp\/v2\/product_cat?post=1011425"},{"taxonomy":"product_tag","embeddable":true,"href":"https:\/\/tuctuc.ee\/en\/wp-json\/wp\/v2\/product_tag?post=1011425"}],"curies":[{"name":"wp","href":"https:\/\/api.w.org\/{rel}","templated":true}]}}