{"id":1011383,"date":"2026-05-02T18:51:51","date_gmt":"2026-05-02T15:51:51","guid":{"rendered":"https:\/\/tuctuc.ee\/?post_type=product&#038;p=1011383"},"modified":"2026-05-02T18:59:25","modified_gmt":"2026-05-02T15:59:25","slug":"poiste-riietuskomplekt","status":"publish","type":"product","link":"https:\/\/tuctuc.ee\/en\/toode\/poiste-riietuskomplekt\/","title":{"rendered":"Poiste riietuskomplekt"},"content":{"rendered":"<div class=\"vgblk-rw-wrapper limit-wrapper\">\n<p id=\"tw-target-text\" class=\"tw-data-text tw-text-large tw-ta\" dir=\"ltr\" role=\"text\" data-placeholder=\"Translation\" data-ved=\"2ahUKEwjD6NXsspqUAxXOJxAIHVs0Ol4Q3ewLegQIDBAV\" aria-label=\"Translated text: Poiste rohelistes toonides riietuskomplekt, mis koosneb T-s\u00e4rgist ja sobivatest l\u00fchikestest p\u00fckstest. T-s\u00e4rk on valmistatud pehmest kangast ja sellel on silmatorkav esik\u00fcljel olev l\u00f5bus dinosaurus palmipuude vahel, mis annab sellele pingevaba ja energilise ilme. \u00d5lal on trukkkinnitus, mis h\u00f5lbustab riietumist ja riietumise \u00e4rav\u00f5tmist. Elastse v\u00f6\u00f6kohaga l\u00fchikesed p\u00fcksid tagavad mugavuse ja kindla istuvuse kogu p\u00e4evaks. K\u00fclgedel olevad dekoratiivsed detailid, mis meenutavad dinosaurusetaldrikuid, lisavad riietusele ainulaadse ja oman\u00e4olise h\u00f5ngu. V\u00e4rske ja praktiline valik teie lapse igap\u00e4evaseks kandmiseks.\"><span class=\"Y2IQFc\" lang=\"et\">Poiste rohelistes toonides riietuskomplekt, mis koosneb T-s\u00e4rgist ja sobivatest l\u00fchikestest p\u00fckstest. T-s\u00e4rk on valmistatud pehmest kangast ja sellel on silmatorkav esik\u00fcljel olev l\u00f5bus dinosaurus palmipuude vahel, mis annab sellele pingevaba ja energilise ilme. \u00d5lal on trukkkinnitus, mis h\u00f5lbustab riietumist ja riietumise \u00e4rav\u00f5tmist. Elastse v\u00f6\u00f6kohaga l\u00fchikesed p\u00fcksid tagavad mugavuse ja kindla istuvuse kogu p\u00e4evaks. K\u00fclgedel olevad dekoratiivsed detailid, mis meenutavad dinosaurusetaldrikuid, lisavad riietusele ainulaadse ja oman\u00e4olise h\u00f5ngu. V\u00e4rske ja praktiline valik teie lapse igap\u00e4evaseks kandmiseks.<\/span><\/p>\n<p><span class=\"Y2IQFc\" lang=\"et\">Materjal: 100% puuvill. <\/span><span class=\"Y2IQFc\" lang=\"et\">Juhised riiete hooldamiseks ja pesemiseks.\u00a0<\/span><\/div>\n<p><!-- .vgblk-rw-wrapper --><\/p>\n","protected":false},"excerpt":{"rendered":"<p>Poiste rohelistes toonides riietuskomplekt, mis koosneb T-s\u00e4rgist ja sobivatest l\u00fchikestest p\u00fckstest. T-s\u00e4rk on valmistatud pehmest kangast ja sellel on silmatorkav esik\u00fcljel olev l\u00f5bus dinosaurus palmipuude vahel, mis annab sellele pingevaba ja energilise ilme. \u00d5lal on trukkkinnitus, mis h\u00f5lbustab riietumist ja riietumise \u00e4rav\u00f5tmist. Elastse v\u00f6\u00f6kohaga l\u00fchikesed p\u00fcksid tagavad mugavuse ja kindla istuvuse kogu p\u00e4evaks. K\u00fclgedel olevad&#8230;<\/p>\n","protected":false},"featured_media":1011390,"comment_status":"open","ping_status":"closed","template":"","meta":{"_themeisle_gutenberg_block_has_review":false},"product_cat":[437,420,317,419],"product_tag":[],"class_list":["post-1011383","product","type-product","status-publish","has-post-thumbnail","hentry","product_cat-komplekt-poisid","product_cat-luhikesed-puksid","product_cat-poisid","product_cat-t-sark-luhikeste-varrukatega"],"yoast_head":"<!-- This site is optimized with the Yoast SEO plugin v21.5 - https:\/\/yoast.com\/wordpress\/plugins\/seo\/ -->\n<title>Poiste riietuskomplekt - TucTuc Eesti<\/title>\n<meta name=\"robots\" content=\"index, follow, max-snippet:-1, max-image-preview:large, max-video-preview:-1\" \/>\n<link rel=\"canonical\" href=\"https:\/\/tuctuc.ee\/en\/toode\/poiste-riietuskomplekt\/\" \/>\n<meta property=\"og:locale\" content=\"en_US\" \/>\n<meta property=\"og:type\" content=\"article\" \/>\n<meta property=\"og:title\" content=\"Poiste riietuskomplekt - TucTuc Eesti\" \/>\n<meta property=\"og:description\" content=\"Poiste rohelistes toonides riietuskomplekt, mis koosneb T-s\u00e4rgist ja sobivatest l\u00fchikestest p\u00fckstest. T-s\u00e4rk on valmistatud pehmest kangast ja sellel on silmatorkav esik\u00fcljel olev l\u00f5bus dinosaurus palmipuude vahel, mis annab sellele pingevaba ja energilise ilme. \u00d5lal on trukkkinnitus, mis h\u00f5lbustab riietumist ja riietumise \u00e4rav\u00f5tmist. Elastse v\u00f6\u00f6kohaga l\u00fchikesed p\u00fcksid tagavad mugavuse ja kindla istuvuse kogu p\u00e4evaks. K\u00fclgedel olevad...\" \/>\n<meta property=\"og:url\" content=\"https:\/\/tuctuc.ee\/en\/toode\/poiste-riietuskomplekt\/\" \/>\n<meta property=\"og:site_name\" content=\"TucTuc Eesti\" \/>\n<meta property=\"article:modified_time\" content=\"2026-05-02T15:59:25+00:00\" \/>\n<meta property=\"og:image\" content=\"https:\/\/tuctuc.ee\/wp-content\/uploads\/2026\/05\/11409749.webp\" \/>\n\t<meta property=\"og:image:width\" content=\"800\" \/>\n\t<meta property=\"og:image:height\" content=\"1000\" \/>\n\t<meta property=\"og:image:type\" content=\"image\/webp\" \/>\n<meta name=\"twitter:card\" content=\"summary_large_image\" \/>\n<meta name=\"twitter:label1\" content=\"Est. reading time\" \/>\n\t<meta name=\"twitter:data1\" content=\"1 minute\" \/>\n<script type=\"application\/ld+json\" class=\"yoast-schema-graph\">{\"@context\":\"https:\/\/schema.org\",\"@graph\":[{\"@type\":\"WebPage\",\"@id\":\"https:\/\/tuctuc.ee\/en\/toode\/poiste-riietuskomplekt\/\",\"url\":\"https:\/\/tuctuc.ee\/en\/toode\/poiste-riietuskomplekt\/\",\"name\":\"Poiste riietuskomplekt - TucTuc Eesti\",\"isPartOf\":{\"@id\":\"https:\/\/tuctuc.ee\/en\/#website\"},\"datePublished\":\"2026-05-02T15:51:51+00:00\",\"dateModified\":\"2026-05-02T15:59:25+00:00\",\"breadcrumb\":{\"@id\":\"https:\/\/tuctuc.ee\/en\/toode\/poiste-riietuskomplekt\/#breadcrumb\"},\"inLanguage\":\"en-US\",\"potentialAction\":[{\"@type\":\"ReadAction\",\"target\":[\"https:\/\/tuctuc.ee\/en\/toode\/poiste-riietuskomplekt\/\"]}]},{\"@type\":\"BreadcrumbList\",\"@id\":\"https:\/\/tuctuc.ee\/en\/toode\/poiste-riietuskomplekt\/#breadcrumb\",\"itemListElement\":[{\"@type\":\"ListItem\",\"position\":1,\"name\":\"Home\",\"item\":\"https:\/\/tuctuc.ee\/en\/?page_id=269\"},{\"@type\":\"ListItem\",\"position\":2,\"name\":\"Shop\",\"item\":\"https:\/\/tuctuc.ee\/shop\/\"},{\"@type\":\"ListItem\",\"position\":3,\"name\":\"Poiste riietuskomplekt\"}]},{\"@type\":\"WebSite\",\"@id\":\"https:\/\/tuctuc.ee\/en\/#website\",\"url\":\"https:\/\/tuctuc.ee\/en\/\",\"name\":\"TucTuc Eesti\",\"description\":\"Eesti laster\u00f5ivaste veebipood - Stiilsed riided lastele igale vanusele. Avastage meie valikut n\u00fc\u00fcd!\",\"publisher\":{\"@id\":\"https:\/\/tuctuc.ee\/en\/#organization\"},\"potentialAction\":[{\"@type\":\"SearchAction\",\"target\":{\"@type\":\"EntryPoint\",\"urlTemplate\":\"https:\/\/tuctuc.ee\/en\/?s={search_term_string}\"},\"query-input\":\"required name=search_term_string\"}],\"inLanguage\":\"en-US\"},{\"@type\":\"Organization\",\"@id\":\"https:\/\/tuctuc.ee\/en\/#organization\",\"name\":\"TucTuc Eesti\",\"url\":\"https:\/\/tuctuc.ee\/en\/\",\"logo\":{\"@type\":\"ImageObject\",\"inLanguage\":\"en-US\",\"@id\":\"https:\/\/tuctuc.ee\/en\/#\/schema\/logo\/image\/\",\"url\":\"https:\/\/i0.wp.com\/tuctuc.ee\/wp-content\/uploads\/2023\/10\/logo-164933761541.png?fit=109%2C122&ssl=1\",\"contentUrl\":\"https:\/\/i0.wp.com\/tuctuc.ee\/wp-content\/uploads\/2023\/10\/logo-164933761541.png?fit=109%2C122&ssl=1\",\"width\":109,\"height\":122,\"caption\":\"TucTuc Eesti\"},\"image\":{\"@id\":\"https:\/\/tuctuc.ee\/en\/#\/schema\/logo\/image\/\"}}]}<\/script>\n<!-- \/ Yoast SEO plugin. -->","yoast_head_json":{"title":"Poiste riietuskomplekt - TucTuc Eesti","robots":{"index":"index","follow":"follow","max-snippet":"max-snippet:-1","max-image-preview":"max-image-preview:large","max-video-preview":"max-video-preview:-1"},"canonical":"https:\/\/tuctuc.ee\/en\/toode\/poiste-riietuskomplekt\/","og_locale":"en_US","og_type":"article","og_title":"Poiste riietuskomplekt - TucTuc Eesti","og_description":"Poiste rohelistes toonides riietuskomplekt, mis koosneb T-s\u00e4rgist ja sobivatest l\u00fchikestest p\u00fckstest. T-s\u00e4rk on valmistatud pehmest kangast ja sellel on silmatorkav esik\u00fcljel olev l\u00f5bus dinosaurus palmipuude vahel, mis annab sellele pingevaba ja energilise ilme. \u00d5lal on trukkkinnitus, mis h\u00f5lbustab riietumist ja riietumise \u00e4rav\u00f5tmist. Elastse v\u00f6\u00f6kohaga l\u00fchikesed p\u00fcksid tagavad mugavuse ja kindla istuvuse kogu p\u00e4evaks. K\u00fclgedel olevad...","og_url":"https:\/\/tuctuc.ee\/en\/toode\/poiste-riietuskomplekt\/","og_site_name":"TucTuc Eesti","article_modified_time":"2026-05-02T15:59:25+00:00","og_image":[{"width":800,"height":1000,"url":"https:\/\/tuctuc.ee\/wp-content\/uploads\/2026\/05\/11409749.webp","type":"image\/webp"}],"twitter_card":"summary_large_image","twitter_misc":{"Est. reading time":"1 minute"},"schema":{"@context":"https:\/\/schema.org","@graph":[{"@type":"WebPage","@id":"https:\/\/tuctuc.ee\/en\/toode\/poiste-riietuskomplekt\/","url":"https:\/\/tuctuc.ee\/en\/toode\/poiste-riietuskomplekt\/","name":"Poiste riietuskomplekt - TucTuc Eesti","isPartOf":{"@id":"https:\/\/tuctuc.ee\/en\/#website"},"datePublished":"2026-05-02T15:51:51+00:00","dateModified":"2026-05-02T15:59:25+00:00","breadcrumb":{"@id":"https:\/\/tuctuc.ee\/en\/toode\/poiste-riietuskomplekt\/#breadcrumb"},"inLanguage":"en-US","potentialAction":[{"@type":"ReadAction","target":["https:\/\/tuctuc.ee\/en\/toode\/poiste-riietuskomplekt\/"]}]},{"@type":"BreadcrumbList","@id":"https:\/\/tuctuc.ee\/en\/toode\/poiste-riietuskomplekt\/#breadcrumb","itemListElement":[{"@type":"ListItem","position":1,"name":"Home","item":"https:\/\/tuctuc.ee\/en\/?page_id=269"},{"@type":"ListItem","position":2,"name":"Shop","item":"https:\/\/tuctuc.ee\/shop\/"},{"@type":"ListItem","position":3,"name":"Poiste riietuskomplekt"}]},{"@type":"WebSite","@id":"https:\/\/tuctuc.ee\/en\/#website","url":"https:\/\/tuctuc.ee\/en\/","name":"TucTuc Eesti","description":"Eesti laster\u00f5ivaste veebipood - Stiilsed riided lastele igale vanusele. Avastage meie valikut n\u00fc\u00fcd!","publisher":{"@id":"https:\/\/tuctuc.ee\/en\/#organization"},"potentialAction":[{"@type":"SearchAction","target":{"@type":"EntryPoint","urlTemplate":"https:\/\/tuctuc.ee\/en\/?s={search_term_string}"},"query-input":"required name=search_term_string"}],"inLanguage":"en-US"},{"@type":"Organization","@id":"https:\/\/tuctuc.ee\/en\/#organization","name":"TucTuc Eesti","url":"https:\/\/tuctuc.ee\/en\/","logo":{"@type":"ImageObject","inLanguage":"en-US","@id":"https:\/\/tuctuc.ee\/en\/#\/schema\/logo\/image\/","url":"https:\/\/i0.wp.com\/tuctuc.ee\/wp-content\/uploads\/2023\/10\/logo-164933761541.png?fit=109%2C122&ssl=1","contentUrl":"https:\/\/i0.wp.com\/tuctuc.ee\/wp-content\/uploads\/2023\/10\/logo-164933761541.png?fit=109%2C122&ssl=1","width":109,"height":122,"caption":"TucTuc Eesti"},"image":{"@id":"https:\/\/tuctuc.ee\/en\/#\/schema\/logo\/image\/"}}]}},"jetpack_sharing_enabled":true,"_links":{"self":[{"href":"https:\/\/tuctuc.ee\/en\/wp-json\/wp\/v2\/product\/1011383","targetHints":{"allow":["GET"]}}],"collection":[{"href":"https:\/\/tuctuc.ee\/en\/wp-json\/wp\/v2\/product"}],"about":[{"href":"https:\/\/tuctuc.ee\/en\/wp-json\/wp\/v2\/types\/product"}],"replies":[{"embeddable":true,"href":"https:\/\/tuctuc.ee\/en\/wp-json\/wp\/v2\/comments?post=1011383"}],"version-history":[{"count":1,"href":"https:\/\/tuctuc.ee\/en\/wp-json\/wp\/v2\/product\/1011383\/revisions"}],"predecessor-version":[{"id":1011402,"href":"https:\/\/tuctuc.ee\/en\/wp-json\/wp\/v2\/product\/1011383\/revisions\/1011402"}],"wp:featuredmedia":[{"embeddable":true,"href":"https:\/\/tuctuc.ee\/en\/wp-json\/wp\/v2\/media\/1011390"}],"wp:attachment":[{"href":"https:\/\/tuctuc.ee\/en\/wp-json\/wp\/v2\/media?parent=1011383"}],"wp:term":[{"taxonomy":"product_cat","embeddable":true,"href":"https:\/\/tuctuc.ee\/en\/wp-json\/wp\/v2\/product_cat?post=1011383"},{"taxonomy":"product_tag","embeddable":true,"href":"https:\/\/tuctuc.ee\/en\/wp-json\/wp\/v2\/product_tag?post=1011383"}],"curies":[{"name":"wp","href":"https:\/\/api.w.org\/{rel}","templated":true}]}}