{"id":1011092,"date":"2026-05-02T16:01:25","date_gmt":"2026-05-02T13:01:25","guid":{"rendered":"https:\/\/tuctuc.ee\/?post_type=product&#038;p=1011092"},"modified":"2026-05-02T16:05:31","modified_gmt":"2026-05-02T13:05:31","slug":"poiste-rohelised-puksid","status":"publish","type":"product","link":"https:\/\/tuctuc.ee\/en\/toode\/poiste-rohelised-puksid\/","title":{"rendered":"Poiste rohelised p\u00fcksid"},"content":{"rendered":"<div class=\"vgblk-rw-wrapper limit-wrapper\">\n<p id=\"tw-target-text\" class=\"tw-data-text tw-text-large tw-ta\" dir=\"ltr\" role=\"text\" data-placeholder=\"Translation\" data-ved=\"2ahUKEwjD6NXsspqUAxXOJxAIHVs0Ol4Q3ewLegQIDBAV\" aria-label=\"Translated text: Poiste rohelised p\u00fcksid pehmest ja mugavast kangast, mis sobib kandmiseks terve p\u00e4eva. Elastne v\u00f6\u00f6koht reguleeritava pingutusn\u00f6\u00f6riga tagab kindla ja kohandatava istuvuse, samas kui mansetiga all\u00e4\u00e4red pakuvad mugavat tuge ja l\u00f5dvestunud v\u00e4limust. Funktsionaalne ja mitmek\u00fclgne r\u00f5ivas igap\u00e4evaseks kandmiseks.\"><span class=\"Y2IQFc\" lang=\"et\">Poiste rohelised p\u00fcksid pehmest ja mugavast kangast, mis sobib kandmiseks terve p\u00e4eva. Elastne v\u00f6\u00f6koht reguleeritava pingutusn\u00f6\u00f6riga tagab kindla ja kohandatava istuvuse, samas kui mansetiga all\u00e4\u00e4red pakuvad mugavat tuge ja l\u00f5dvestunud v\u00e4limust. Funktsionaalne ja mitmek\u00fclgne r\u00f5ivas igap\u00e4evaseks kandmiseks.<\/span><\/p>\n<p><span class=\"Y2IQFc\" lang=\"et\">Materjal: 100% puuvill. <\/span><span class=\"Y2IQFc\" lang=\"et\">Juhised riiete hooldamiseks ja pesemiseks.\u00a0<\/span><\/div>\n<p><!-- .vgblk-rw-wrapper --><\/p>\n","protected":false},"excerpt":{"rendered":"<p>Poiste rohelised p\u00fcksid pehmest ja mugavast kangast, mis sobib kandmiseks terve p\u00e4eva. Elastne v\u00f6\u00f6koht reguleeritava pingutusn\u00f6\u00f6riga tagab kindla ja kohandatava istuvuse, samas kui mansetiga all\u00e4\u00e4red pakuvad mugavat tuge ja l\u00f5dvestunud v\u00e4limust. Funktsionaalne ja mitmek\u00fclgne r\u00f5ivas igap\u00e4evaseks kandmiseks. Materjal: 100% puuvill. Juhised riiete hooldamiseks ja pesemiseks.\u00a0<\/p>\n","protected":false},"featured_media":1011099,"comment_status":"open","ping_status":"closed","template":"","meta":{"_themeisle_gutenberg_block_has_review":false},"product_cat":[317,431],"product_tag":[],"class_list":["post-1011092","product","type-product","status-publish","has-post-thumbnail","hentry","product_cat-poisid","product_cat-puksid-poisid"],"yoast_head":"<!-- This site is optimized with the Yoast SEO plugin v21.5 - https:\/\/yoast.com\/wordpress\/plugins\/seo\/ -->\n<title>Poiste rohelised p\u00fcksid - TucTuc Eesti<\/title>\n<meta name=\"robots\" content=\"index, follow, max-snippet:-1, max-image-preview:large, max-video-preview:-1\" \/>\n<link rel=\"canonical\" href=\"https:\/\/tuctuc.ee\/en\/toode\/poiste-rohelised-puksid\/\" \/>\n<meta property=\"og:locale\" content=\"en_US\" \/>\n<meta property=\"og:type\" content=\"article\" \/>\n<meta property=\"og:title\" content=\"Poiste rohelised p\u00fcksid - TucTuc Eesti\" \/>\n<meta property=\"og:description\" content=\"Poiste rohelised p\u00fcksid pehmest ja mugavast kangast, mis sobib kandmiseks terve p\u00e4eva. Elastne v\u00f6\u00f6koht reguleeritava pingutusn\u00f6\u00f6riga tagab kindla ja kohandatava istuvuse, samas kui mansetiga all\u00e4\u00e4red pakuvad mugavat tuge ja l\u00f5dvestunud v\u00e4limust. Funktsionaalne ja mitmek\u00fclgne r\u00f5ivas igap\u00e4evaseks kandmiseks. Materjal: 100% puuvill. Juhised riiete hooldamiseks ja pesemiseks.\u00a0\" \/>\n<meta property=\"og:url\" content=\"https:\/\/tuctuc.ee\/en\/toode\/poiste-rohelised-puksid\/\" \/>\n<meta property=\"og:site_name\" content=\"TucTuc Eesti\" \/>\n<meta property=\"article:modified_time\" content=\"2026-05-02T13:05:31+00:00\" \/>\n<meta property=\"og:image\" content=\"https:\/\/tuctuc.ee\/wp-content\/uploads\/2026\/05\/11409740.webp\" \/>\n\t<meta property=\"og:image:width\" content=\"800\" \/>\n\t<meta property=\"og:image:height\" content=\"1000\" \/>\n\t<meta property=\"og:image:type\" content=\"image\/webp\" \/>\n<meta name=\"twitter:card\" content=\"summary_large_image\" \/>\n<meta name=\"twitter:label1\" content=\"Est. reading time\" \/>\n\t<meta name=\"twitter:data1\" content=\"1 minute\" \/>\n<script type=\"application\/ld+json\" class=\"yoast-schema-graph\">{\"@context\":\"https:\/\/schema.org\",\"@graph\":[{\"@type\":\"WebPage\",\"@id\":\"https:\/\/tuctuc.ee\/en\/toode\/poiste-rohelised-puksid\/\",\"url\":\"https:\/\/tuctuc.ee\/en\/toode\/poiste-rohelised-puksid\/\",\"name\":\"Poiste rohelised p\u00fcksid - TucTuc Eesti\",\"isPartOf\":{\"@id\":\"https:\/\/tuctuc.ee\/en\/#website\"},\"datePublished\":\"2026-05-02T13:01:25+00:00\",\"dateModified\":\"2026-05-02T13:05:31+00:00\",\"breadcrumb\":{\"@id\":\"https:\/\/tuctuc.ee\/en\/toode\/poiste-rohelised-puksid\/#breadcrumb\"},\"inLanguage\":\"en-US\",\"potentialAction\":[{\"@type\":\"ReadAction\",\"target\":[\"https:\/\/tuctuc.ee\/en\/toode\/poiste-rohelised-puksid\/\"]}]},{\"@type\":\"BreadcrumbList\",\"@id\":\"https:\/\/tuctuc.ee\/en\/toode\/poiste-rohelised-puksid\/#breadcrumb\",\"itemListElement\":[{\"@type\":\"ListItem\",\"position\":1,\"name\":\"Home\",\"item\":\"https:\/\/tuctuc.ee\/en\/?page_id=269\"},{\"@type\":\"ListItem\",\"position\":2,\"name\":\"Shop\",\"item\":\"https:\/\/tuctuc.ee\/shop\/\"},{\"@type\":\"ListItem\",\"position\":3,\"name\":\"Poiste rohelised p\u00fcksid\"}]},{\"@type\":\"WebSite\",\"@id\":\"https:\/\/tuctuc.ee\/en\/#website\",\"url\":\"https:\/\/tuctuc.ee\/en\/\",\"name\":\"TucTuc Eesti\",\"description\":\"Eesti laster\u00f5ivaste veebipood - Stiilsed riided lastele igale vanusele. Avastage meie valikut n\u00fc\u00fcd!\",\"publisher\":{\"@id\":\"https:\/\/tuctuc.ee\/en\/#organization\"},\"potentialAction\":[{\"@type\":\"SearchAction\",\"target\":{\"@type\":\"EntryPoint\",\"urlTemplate\":\"https:\/\/tuctuc.ee\/en\/?s={search_term_string}\"},\"query-input\":\"required name=search_term_string\"}],\"inLanguage\":\"en-US\"},{\"@type\":\"Organization\",\"@id\":\"https:\/\/tuctuc.ee\/en\/#organization\",\"name\":\"TucTuc Eesti\",\"url\":\"https:\/\/tuctuc.ee\/en\/\",\"logo\":{\"@type\":\"ImageObject\",\"inLanguage\":\"en-US\",\"@id\":\"https:\/\/tuctuc.ee\/en\/#\/schema\/logo\/image\/\",\"url\":\"https:\/\/i0.wp.com\/tuctuc.ee\/wp-content\/uploads\/2023\/10\/logo-164933761541.png?fit=109%2C122&ssl=1\",\"contentUrl\":\"https:\/\/i0.wp.com\/tuctuc.ee\/wp-content\/uploads\/2023\/10\/logo-164933761541.png?fit=109%2C122&ssl=1\",\"width\":109,\"height\":122,\"caption\":\"TucTuc Eesti\"},\"image\":{\"@id\":\"https:\/\/tuctuc.ee\/en\/#\/schema\/logo\/image\/\"}}]}<\/script>\n<!-- \/ Yoast SEO plugin. -->","yoast_head_json":{"title":"Poiste rohelised p\u00fcksid - TucTuc Eesti","robots":{"index":"index","follow":"follow","max-snippet":"max-snippet:-1","max-image-preview":"max-image-preview:large","max-video-preview":"max-video-preview:-1"},"canonical":"https:\/\/tuctuc.ee\/en\/toode\/poiste-rohelised-puksid\/","og_locale":"en_US","og_type":"article","og_title":"Poiste rohelised p\u00fcksid - TucTuc Eesti","og_description":"Poiste rohelised p\u00fcksid pehmest ja mugavast kangast, mis sobib kandmiseks terve p\u00e4eva. Elastne v\u00f6\u00f6koht reguleeritava pingutusn\u00f6\u00f6riga tagab kindla ja kohandatava istuvuse, samas kui mansetiga all\u00e4\u00e4red pakuvad mugavat tuge ja l\u00f5dvestunud v\u00e4limust. Funktsionaalne ja mitmek\u00fclgne r\u00f5ivas igap\u00e4evaseks kandmiseks. Materjal: 100% puuvill. Juhised riiete hooldamiseks ja pesemiseks.\u00a0","og_url":"https:\/\/tuctuc.ee\/en\/toode\/poiste-rohelised-puksid\/","og_site_name":"TucTuc Eesti","article_modified_time":"2026-05-02T13:05:31+00:00","og_image":[{"width":800,"height":1000,"url":"https:\/\/tuctuc.ee\/wp-content\/uploads\/2026\/05\/11409740.webp","type":"image\/webp"}],"twitter_card":"summary_large_image","twitter_misc":{"Est. reading time":"1 minute"},"schema":{"@context":"https:\/\/schema.org","@graph":[{"@type":"WebPage","@id":"https:\/\/tuctuc.ee\/en\/toode\/poiste-rohelised-puksid\/","url":"https:\/\/tuctuc.ee\/en\/toode\/poiste-rohelised-puksid\/","name":"Poiste rohelised p\u00fcksid - TucTuc Eesti","isPartOf":{"@id":"https:\/\/tuctuc.ee\/en\/#website"},"datePublished":"2026-05-02T13:01:25+00:00","dateModified":"2026-05-02T13:05:31+00:00","breadcrumb":{"@id":"https:\/\/tuctuc.ee\/en\/toode\/poiste-rohelised-puksid\/#breadcrumb"},"inLanguage":"en-US","potentialAction":[{"@type":"ReadAction","target":["https:\/\/tuctuc.ee\/en\/toode\/poiste-rohelised-puksid\/"]}]},{"@type":"BreadcrumbList","@id":"https:\/\/tuctuc.ee\/en\/toode\/poiste-rohelised-puksid\/#breadcrumb","itemListElement":[{"@type":"ListItem","position":1,"name":"Home","item":"https:\/\/tuctuc.ee\/en\/?page_id=269"},{"@type":"ListItem","position":2,"name":"Shop","item":"https:\/\/tuctuc.ee\/shop\/"},{"@type":"ListItem","position":3,"name":"Poiste rohelised p\u00fcksid"}]},{"@type":"WebSite","@id":"https:\/\/tuctuc.ee\/en\/#website","url":"https:\/\/tuctuc.ee\/en\/","name":"TucTuc Eesti","description":"Eesti laster\u00f5ivaste veebipood - Stiilsed riided lastele igale vanusele. Avastage meie valikut n\u00fc\u00fcd!","publisher":{"@id":"https:\/\/tuctuc.ee\/en\/#organization"},"potentialAction":[{"@type":"SearchAction","target":{"@type":"EntryPoint","urlTemplate":"https:\/\/tuctuc.ee\/en\/?s={search_term_string}"},"query-input":"required name=search_term_string"}],"inLanguage":"en-US"},{"@type":"Organization","@id":"https:\/\/tuctuc.ee\/en\/#organization","name":"TucTuc Eesti","url":"https:\/\/tuctuc.ee\/en\/","logo":{"@type":"ImageObject","inLanguage":"en-US","@id":"https:\/\/tuctuc.ee\/en\/#\/schema\/logo\/image\/","url":"https:\/\/i0.wp.com\/tuctuc.ee\/wp-content\/uploads\/2023\/10\/logo-164933761541.png?fit=109%2C122&ssl=1","contentUrl":"https:\/\/i0.wp.com\/tuctuc.ee\/wp-content\/uploads\/2023\/10\/logo-164933761541.png?fit=109%2C122&ssl=1","width":109,"height":122,"caption":"TucTuc Eesti"},"image":{"@id":"https:\/\/tuctuc.ee\/en\/#\/schema\/logo\/image\/"}}]}},"jetpack_sharing_enabled":true,"_links":{"self":[{"href":"https:\/\/tuctuc.ee\/en\/wp-json\/wp\/v2\/product\/1011092","targetHints":{"allow":["GET"]}}],"collection":[{"href":"https:\/\/tuctuc.ee\/en\/wp-json\/wp\/v2\/product"}],"about":[{"href":"https:\/\/tuctuc.ee\/en\/wp-json\/wp\/v2\/types\/product"}],"replies":[{"embeddable":true,"href":"https:\/\/tuctuc.ee\/en\/wp-json\/wp\/v2\/comments?post=1011092"}],"version-history":[{"count":1,"href":"https:\/\/tuctuc.ee\/en\/wp-json\/wp\/v2\/product\/1011092\/revisions"}],"predecessor-version":[{"id":1011107,"href":"https:\/\/tuctuc.ee\/en\/wp-json\/wp\/v2\/product\/1011092\/revisions\/1011107"}],"wp:featuredmedia":[{"embeddable":true,"href":"https:\/\/tuctuc.ee\/en\/wp-json\/wp\/v2\/media\/1011099"}],"wp:attachment":[{"href":"https:\/\/tuctuc.ee\/en\/wp-json\/wp\/v2\/media?parent=1011092"}],"wp:term":[{"taxonomy":"product_cat","embeddable":true,"href":"https:\/\/tuctuc.ee\/en\/wp-json\/wp\/v2\/product_cat?post=1011092"},{"taxonomy":"product_tag","embeddable":true,"href":"https:\/\/tuctuc.ee\/en\/wp-json\/wp\/v2\/product_tag?post=1011092"}],"curies":[{"name":"wp","href":"https:\/\/api.w.org\/{rel}","templated":true}]}}