{"id":1010998,"date":"2026-05-02T15:15:34","date_gmt":"2026-05-02T12:15:34","guid":{"rendered":"https:\/\/tuctuc.ee\/?post_type=product&#038;p=1010998"},"modified":"2026-05-02T15:21:27","modified_gmt":"2026-05-02T12:21:27","slug":"poiste-kollane-tuulejope","status":"publish","type":"product","link":"https:\/\/tuctuc.ee\/en\/toode\/poiste-kollane-tuulejope\/","title":{"rendered":"Poiste kollane tuulejope"},"content":{"rendered":"<div class=\"vgblk-rw-wrapper limit-wrapper\">\n<p id=\"tw-target-text\" class=\"tw-data-text tw-text-large tw-ta\" dir=\"ltr\" role=\"text\" data-placeholder=\"Translation\" data-ved=\"2ahUKEwjD6NXsspqUAxXOJxAIHVs0Ol4Q3ewLegQIDBAV\" aria-label=\"Translated text: Kergest ja praktilisest kangast poiste kollane jope sobib ideaalselt vahelduvateks ilmadeks. Sellel on integreeritud kapuuts ja eesmine t\u00f5mblukk, mis teeb selgapanemise lihtsaks ja pakub mugavat kaitset tuule eest. Disaini r\u00f5hutab kontrastsetes v\u00e4rvides palmipuu muster, mis lisab d\u00fcnaamilist ja suvist h\u00f5ngu. Elastsed k\u00e4tised ja all\u00e4\u00e4r tagavad mugava istuvuse, mis liigub koos teie pisikese liigutustega. Funktsionaalne ja stiilne r\u00f5ivas, mis t\u00e4iendab tema igap\u00e4evast v\u00e4limust.\"><span class=\"Y2IQFc\" lang=\"et\">Kergest ja praktilisest kangast poiste kollane tuulejope sobib ideaalselt vahelduvateks ilmadeks. Sellel on integreeritud kapuuts ja eesmine t\u00f5mblukk, mis teeb selgapanemise lihtsaks ja pakub mugavat kaitset tuule eest. Disaini r\u00f5hutab kontrastsetes v\u00e4rvides palmipuu muster, mis lisab d\u00fcnaamilist ja suvist h\u00f5ngu. Elastsed k\u00e4tised ja all\u00e4\u00e4r tagavad mugava istuvuse, mis liigub koos teie pisikese liigutustega. Funktsionaalne ja stiilne r\u00f5ivas, mis t\u00e4iendab tema igap\u00e4evast v\u00e4limust.<\/span><\/p>\n<p><span class=\"Y2IQFc\" lang=\"et\">Materjal: 100% pol\u00fcester. <\/span><span class=\"Y2IQFc\" lang=\"et\">Juhised riiete hooldamiseks ja pesemiseks.\u00a0<\/span><\/div>\n<p><!-- .vgblk-rw-wrapper --><\/p>\n","protected":false},"excerpt":{"rendered":"<p>Kergest ja praktilisest kangast poiste kollane tuulejope sobib ideaalselt vahelduvateks ilmadeks. Sellel on integreeritud kapuuts ja eesmine t\u00f5mblukk, mis teeb selgapanemise lihtsaks ja pakub mugavat kaitset tuule eest. Disaini r\u00f5hutab kontrastsetes v\u00e4rvides palmipuu muster, mis lisab d\u00fcnaamilist ja suvist h\u00f5ngu. Elastsed k\u00e4tised ja all\u00e4\u00e4r tagavad mugava istuvuse, mis liigub koos teie pisikese liigutustega. Funktsionaalne ja&#8230;<\/p>\n","protected":false},"featured_media":1011002,"comment_status":"open","ping_status":"closed","template":"","meta":{"_themeisle_gutenberg_block_has_review":false},"product_cat":[435,317],"product_tag":[],"class_list":["post-1010998","product","type-product","status-publish","has-post-thumbnail","hentry","product_cat-joped","product_cat-poisid"],"yoast_head":"<!-- This site is optimized with the Yoast SEO plugin v21.5 - https:\/\/yoast.com\/wordpress\/plugins\/seo\/ -->\n<title>Poiste kollane tuulejope - TucTuc Eesti<\/title>\n<meta name=\"robots\" content=\"index, follow, max-snippet:-1, max-image-preview:large, max-video-preview:-1\" \/>\n<link rel=\"canonical\" href=\"https:\/\/tuctuc.ee\/en\/toode\/poiste-kollane-tuulejope\/\" \/>\n<meta property=\"og:locale\" content=\"en_US\" \/>\n<meta property=\"og:type\" content=\"article\" \/>\n<meta property=\"og:title\" content=\"Poiste kollane tuulejope - TucTuc Eesti\" \/>\n<meta property=\"og:description\" content=\"Kergest ja praktilisest kangast poiste kollane tuulejope sobib ideaalselt vahelduvateks ilmadeks. Sellel on integreeritud kapuuts ja eesmine t\u00f5mblukk, mis teeb selgapanemise lihtsaks ja pakub mugavat kaitset tuule eest. Disaini r\u00f5hutab kontrastsetes v\u00e4rvides palmipuu muster, mis lisab d\u00fcnaamilist ja suvist h\u00f5ngu. Elastsed k\u00e4tised ja all\u00e4\u00e4r tagavad mugava istuvuse, mis liigub koos teie pisikese liigutustega. Funktsionaalne ja...\" \/>\n<meta property=\"og:url\" content=\"https:\/\/tuctuc.ee\/en\/toode\/poiste-kollane-tuulejope\/\" \/>\n<meta property=\"og:site_name\" content=\"TucTuc Eesti\" \/>\n<meta property=\"article:modified_time\" content=\"2026-05-02T12:21:27+00:00\" \/>\n<meta property=\"og:image\" content=\"https:\/\/tuctuc.ee\/wp-content\/uploads\/2026\/05\/11409446.webp\" \/>\n\t<meta property=\"og:image:width\" content=\"800\" \/>\n\t<meta property=\"og:image:height\" content=\"1000\" \/>\n\t<meta property=\"og:image:type\" content=\"image\/webp\" \/>\n<meta name=\"twitter:card\" content=\"summary_large_image\" \/>\n<meta name=\"twitter:label1\" content=\"Est. reading time\" \/>\n\t<meta name=\"twitter:data1\" content=\"1 minute\" \/>\n<script type=\"application\/ld+json\" class=\"yoast-schema-graph\">{\"@context\":\"https:\/\/schema.org\",\"@graph\":[{\"@type\":\"WebPage\",\"@id\":\"https:\/\/tuctuc.ee\/en\/toode\/poiste-kollane-tuulejope\/\",\"url\":\"https:\/\/tuctuc.ee\/en\/toode\/poiste-kollane-tuulejope\/\",\"name\":\"Poiste kollane tuulejope - TucTuc Eesti\",\"isPartOf\":{\"@id\":\"https:\/\/tuctuc.ee\/en\/#website\"},\"datePublished\":\"2026-05-02T12:15:34+00:00\",\"dateModified\":\"2026-05-02T12:21:27+00:00\",\"breadcrumb\":{\"@id\":\"https:\/\/tuctuc.ee\/en\/toode\/poiste-kollane-tuulejope\/#breadcrumb\"},\"inLanguage\":\"en-US\",\"potentialAction\":[{\"@type\":\"ReadAction\",\"target\":[\"https:\/\/tuctuc.ee\/en\/toode\/poiste-kollane-tuulejope\/\"]}]},{\"@type\":\"BreadcrumbList\",\"@id\":\"https:\/\/tuctuc.ee\/en\/toode\/poiste-kollane-tuulejope\/#breadcrumb\",\"itemListElement\":[{\"@type\":\"ListItem\",\"position\":1,\"name\":\"Home\",\"item\":\"https:\/\/tuctuc.ee\/en\/?page_id=269\"},{\"@type\":\"ListItem\",\"position\":2,\"name\":\"Shop\",\"item\":\"https:\/\/tuctuc.ee\/shop\/\"},{\"@type\":\"ListItem\",\"position\":3,\"name\":\"Poiste kollane tuulejope\"}]},{\"@type\":\"WebSite\",\"@id\":\"https:\/\/tuctuc.ee\/en\/#website\",\"url\":\"https:\/\/tuctuc.ee\/en\/\",\"name\":\"TucTuc Eesti\",\"description\":\"Eesti laster\u00f5ivaste veebipood - Stiilsed riided lastele igale vanusele. Avastage meie valikut n\u00fc\u00fcd!\",\"publisher\":{\"@id\":\"https:\/\/tuctuc.ee\/en\/#organization\"},\"potentialAction\":[{\"@type\":\"SearchAction\",\"target\":{\"@type\":\"EntryPoint\",\"urlTemplate\":\"https:\/\/tuctuc.ee\/en\/?s={search_term_string}\"},\"query-input\":\"required name=search_term_string\"}],\"inLanguage\":\"en-US\"},{\"@type\":\"Organization\",\"@id\":\"https:\/\/tuctuc.ee\/en\/#organization\",\"name\":\"TucTuc Eesti\",\"url\":\"https:\/\/tuctuc.ee\/en\/\",\"logo\":{\"@type\":\"ImageObject\",\"inLanguage\":\"en-US\",\"@id\":\"https:\/\/tuctuc.ee\/en\/#\/schema\/logo\/image\/\",\"url\":\"https:\/\/i0.wp.com\/tuctuc.ee\/wp-content\/uploads\/2023\/10\/logo-164933761541.png?fit=109%2C122&ssl=1\",\"contentUrl\":\"https:\/\/i0.wp.com\/tuctuc.ee\/wp-content\/uploads\/2023\/10\/logo-164933761541.png?fit=109%2C122&ssl=1\",\"width\":109,\"height\":122,\"caption\":\"TucTuc Eesti\"},\"image\":{\"@id\":\"https:\/\/tuctuc.ee\/en\/#\/schema\/logo\/image\/\"}}]}<\/script>\n<!-- \/ Yoast SEO plugin. -->","yoast_head_json":{"title":"Poiste kollane tuulejope - TucTuc Eesti","robots":{"index":"index","follow":"follow","max-snippet":"max-snippet:-1","max-image-preview":"max-image-preview:large","max-video-preview":"max-video-preview:-1"},"canonical":"https:\/\/tuctuc.ee\/en\/toode\/poiste-kollane-tuulejope\/","og_locale":"en_US","og_type":"article","og_title":"Poiste kollane tuulejope - TucTuc Eesti","og_description":"Kergest ja praktilisest kangast poiste kollane tuulejope sobib ideaalselt vahelduvateks ilmadeks. Sellel on integreeritud kapuuts ja eesmine t\u00f5mblukk, mis teeb selgapanemise lihtsaks ja pakub mugavat kaitset tuule eest. Disaini r\u00f5hutab kontrastsetes v\u00e4rvides palmipuu muster, mis lisab d\u00fcnaamilist ja suvist h\u00f5ngu. Elastsed k\u00e4tised ja all\u00e4\u00e4r tagavad mugava istuvuse, mis liigub koos teie pisikese liigutustega. Funktsionaalne ja...","og_url":"https:\/\/tuctuc.ee\/en\/toode\/poiste-kollane-tuulejope\/","og_site_name":"TucTuc Eesti","article_modified_time":"2026-05-02T12:21:27+00:00","og_image":[{"width":800,"height":1000,"url":"https:\/\/tuctuc.ee\/wp-content\/uploads\/2026\/05\/11409446.webp","type":"image\/webp"}],"twitter_card":"summary_large_image","twitter_misc":{"Est. reading time":"1 minute"},"schema":{"@context":"https:\/\/schema.org","@graph":[{"@type":"WebPage","@id":"https:\/\/tuctuc.ee\/en\/toode\/poiste-kollane-tuulejope\/","url":"https:\/\/tuctuc.ee\/en\/toode\/poiste-kollane-tuulejope\/","name":"Poiste kollane tuulejope - TucTuc Eesti","isPartOf":{"@id":"https:\/\/tuctuc.ee\/en\/#website"},"datePublished":"2026-05-02T12:15:34+00:00","dateModified":"2026-05-02T12:21:27+00:00","breadcrumb":{"@id":"https:\/\/tuctuc.ee\/en\/toode\/poiste-kollane-tuulejope\/#breadcrumb"},"inLanguage":"en-US","potentialAction":[{"@type":"ReadAction","target":["https:\/\/tuctuc.ee\/en\/toode\/poiste-kollane-tuulejope\/"]}]},{"@type":"BreadcrumbList","@id":"https:\/\/tuctuc.ee\/en\/toode\/poiste-kollane-tuulejope\/#breadcrumb","itemListElement":[{"@type":"ListItem","position":1,"name":"Home","item":"https:\/\/tuctuc.ee\/en\/?page_id=269"},{"@type":"ListItem","position":2,"name":"Shop","item":"https:\/\/tuctuc.ee\/shop\/"},{"@type":"ListItem","position":3,"name":"Poiste kollane tuulejope"}]},{"@type":"WebSite","@id":"https:\/\/tuctuc.ee\/en\/#website","url":"https:\/\/tuctuc.ee\/en\/","name":"TucTuc Eesti","description":"Eesti laster\u00f5ivaste veebipood - Stiilsed riided lastele igale vanusele. Avastage meie valikut n\u00fc\u00fcd!","publisher":{"@id":"https:\/\/tuctuc.ee\/en\/#organization"},"potentialAction":[{"@type":"SearchAction","target":{"@type":"EntryPoint","urlTemplate":"https:\/\/tuctuc.ee\/en\/?s={search_term_string}"},"query-input":"required name=search_term_string"}],"inLanguage":"en-US"},{"@type":"Organization","@id":"https:\/\/tuctuc.ee\/en\/#organization","name":"TucTuc Eesti","url":"https:\/\/tuctuc.ee\/en\/","logo":{"@type":"ImageObject","inLanguage":"en-US","@id":"https:\/\/tuctuc.ee\/en\/#\/schema\/logo\/image\/","url":"https:\/\/i0.wp.com\/tuctuc.ee\/wp-content\/uploads\/2023\/10\/logo-164933761541.png?fit=109%2C122&ssl=1","contentUrl":"https:\/\/i0.wp.com\/tuctuc.ee\/wp-content\/uploads\/2023\/10\/logo-164933761541.png?fit=109%2C122&ssl=1","width":109,"height":122,"caption":"TucTuc Eesti"},"image":{"@id":"https:\/\/tuctuc.ee\/en\/#\/schema\/logo\/image\/"}}]}},"jetpack_sharing_enabled":true,"_links":{"self":[{"href":"https:\/\/tuctuc.ee\/en\/wp-json\/wp\/v2\/product\/1010998","targetHints":{"allow":["GET"]}}],"collection":[{"href":"https:\/\/tuctuc.ee\/en\/wp-json\/wp\/v2\/product"}],"about":[{"href":"https:\/\/tuctuc.ee\/en\/wp-json\/wp\/v2\/types\/product"}],"replies":[{"embeddable":true,"href":"https:\/\/tuctuc.ee\/en\/wp-json\/wp\/v2\/comments?post=1010998"}],"version-history":[{"count":1,"href":"https:\/\/tuctuc.ee\/en\/wp-json\/wp\/v2\/product\/1010998\/revisions"}],"predecessor-version":[{"id":1011015,"href":"https:\/\/tuctuc.ee\/en\/wp-json\/wp\/v2\/product\/1010998\/revisions\/1011015"}],"wp:featuredmedia":[{"embeddable":true,"href":"https:\/\/tuctuc.ee\/en\/wp-json\/wp\/v2\/media\/1011002"}],"wp:attachment":[{"href":"https:\/\/tuctuc.ee\/en\/wp-json\/wp\/v2\/media?parent=1010998"}],"wp:term":[{"taxonomy":"product_cat","embeddable":true,"href":"https:\/\/tuctuc.ee\/en\/wp-json\/wp\/v2\/product_cat?post=1010998"},{"taxonomy":"product_tag","embeddable":true,"href":"https:\/\/tuctuc.ee\/en\/wp-json\/wp\/v2\/product_tag?post=1010998"}],"curies":[{"name":"wp","href":"https:\/\/api.w.org\/{rel}","templated":true}]}}