{"id":1010976,"date":"2026-05-02T14:44:41","date_gmt":"2026-05-02T11:44:41","guid":{"rendered":"https:\/\/tuctuc.ee\/?post_type=product&#038;p=1010976"},"modified":"2026-05-02T15:10:16","modified_gmt":"2026-05-02T12:10:16","slug":"valge-poistesark","status":"publish","type":"product","link":"https:\/\/tuctuc.ee\/en\/toode\/valge-poistesark\/","title":{"rendered":"Valge poistes\u00e4rk"},"content":{"rendered":"<div class=\"vgblk-rw-wrapper limit-wrapper\">\n<p id=\"tw-target-text\" class=\"tw-data-text tw-text-large tw-ta\" dir=\"ltr\" role=\"text\" data-placeholder=\"Translation\" data-ved=\"2ahUKEwjD6NXsspqUAxXOJxAIHVs0Ol4Q3ewLegQIDBAV\" aria-label=\"Translated text: See valge poistes\u00e4rk on valmistatud kergest ja pehmest kangast, mis pakub mugavust terveks p\u00e4evaks. Sellel on v\u00e4ike, \u00fchtlaselt paigutatud palmipuu muster, mis lisab m\u00e4ngulise, kuid samas stiilse puudutuse. Eemaldatav bee\u017e kikilips t\u00e4iendab v\u00e4limust ja v\u00f5imaldab vaevata pidulikumat riietust. N\u00f6\u00f6pkinnitus muudab riietumise lihtsaks, samas kui klassikaline krae s\u00e4ilitab viimistletud v\u00e4limuse. See s\u00e4rk sobib ideaalselt erilisteks s\u00fcndmusteks v\u00f5i igap\u00e4evaseks riietuseks.\"><span class=\"Y2IQFc\" lang=\"et\">See valge poistes\u00e4rk on valmistatud kergest ja pehmest kangast, mis pakub mugavust terveks p\u00e4evaks. Sellel on v\u00e4ike, \u00fchtlaselt paigutatud palmipuu muster, mis lisab m\u00e4ngulise, kuid samas stiilse puudutuse. Eemaldatav bee\u017e kikilips t\u00e4iendab v\u00e4limust ja v\u00f5imaldab vaevata pidulikumat riietust. N\u00f6\u00f6pkinnitus muudab riietumise lihtsaks, samas kui klassikaline krae s\u00e4ilitab viimistletud v\u00e4limuse. See s\u00e4rk sobib ideaalselt erilisteks s\u00fcndmusteks v\u00f5i igap\u00e4evaseks riietuseks.<\/span><\/p>\n<p><span class=\"Y2IQFc\" lang=\"et\">Materjal: 100% puuvill. <\/span><span class=\"Y2IQFc\" lang=\"et\">Juhised riiete hooldamiseks ja pesemiseks.\u00a0<\/span><\/div>\n<p><!-- .vgblk-rw-wrapper --><\/p>\n","protected":false},"excerpt":{"rendered":"<p>See valge poistes\u00e4rk on valmistatud kergest ja pehmest kangast, mis pakub mugavust terveks p\u00e4evaks. Sellel on v\u00e4ike, \u00fchtlaselt paigutatud palmipuu muster, mis lisab m\u00e4ngulise, kuid samas stiilse puudutuse. Eemaldatav bee\u017e kikilips t\u00e4iendab v\u00e4limust ja v\u00f5imaldab vaevata pidulikumat riietust. N\u00f6\u00f6pkinnitus muudab riietumise lihtsaks, samas kui klassikaline krae s\u00e4ilitab viimistletud v\u00e4limuse. See s\u00e4rk sobib ideaalselt erilisteks s\u00fcndmusteks&#8230;<\/p>\n","protected":false},"featured_media":1010996,"comment_status":"open","ping_status":"closed","template":"","meta":{"_themeisle_gutenberg_block_has_review":false},"product_cat":[317,434],"product_tag":[],"class_list":["post-1010976","product","type-product","status-publish","has-post-thumbnail","hentry","product_cat-poisid","product_cat-t-sark-pikkade-varrukatega-poisid"],"yoast_head":"<!-- This site is optimized with the Yoast SEO plugin v21.5 - https:\/\/yoast.com\/wordpress\/plugins\/seo\/ -->\n<title>Valge poistes\u00e4rk - TucTuc Eesti<\/title>\n<meta name=\"robots\" content=\"index, follow, max-snippet:-1, max-image-preview:large, max-video-preview:-1\" \/>\n<link rel=\"canonical\" href=\"https:\/\/tuctuc.ee\/en\/toode\/valge-poistesark\/\" \/>\n<meta property=\"og:locale\" content=\"en_US\" \/>\n<meta property=\"og:type\" content=\"article\" \/>\n<meta property=\"og:title\" content=\"Valge poistes\u00e4rk - TucTuc Eesti\" \/>\n<meta property=\"og:description\" content=\"See valge poistes\u00e4rk on valmistatud kergest ja pehmest kangast, mis pakub mugavust terveks p\u00e4evaks. Sellel on v\u00e4ike, \u00fchtlaselt paigutatud palmipuu muster, mis lisab m\u00e4ngulise, kuid samas stiilse puudutuse. Eemaldatav bee\u017e kikilips t\u00e4iendab v\u00e4limust ja v\u00f5imaldab vaevata pidulikumat riietust. N\u00f6\u00f6pkinnitus muudab riietumise lihtsaks, samas kui klassikaline krae s\u00e4ilitab viimistletud v\u00e4limuse. See s\u00e4rk sobib ideaalselt erilisteks s\u00fcndmusteks...\" \/>\n<meta property=\"og:url\" content=\"https:\/\/tuctuc.ee\/en\/toode\/valge-poistesark\/\" \/>\n<meta property=\"og:site_name\" content=\"TucTuc Eesti\" \/>\n<meta property=\"article:modified_time\" content=\"2026-05-02T12:10:16+00:00\" \/>\n<meta property=\"og:image\" content=\"https:\/\/tuctuc.ee\/wp-content\/uploads\/2026\/05\/11407846.4.jpg\" \/>\n\t<meta property=\"og:image:width\" content=\"1284\" \/>\n\t<meta property=\"og:image:height\" content=\"1284\" \/>\n\t<meta property=\"og:image:type\" content=\"image\/jpeg\" \/>\n<meta name=\"twitter:card\" content=\"summary_large_image\" \/>\n<meta name=\"twitter:label1\" content=\"Est. reading time\" \/>\n\t<meta name=\"twitter:data1\" content=\"1 minute\" \/>\n<script type=\"application\/ld+json\" class=\"yoast-schema-graph\">{\"@context\":\"https:\/\/schema.org\",\"@graph\":[{\"@type\":\"WebPage\",\"@id\":\"https:\/\/tuctuc.ee\/en\/toode\/valge-poistesark\/\",\"url\":\"https:\/\/tuctuc.ee\/en\/toode\/valge-poistesark\/\",\"name\":\"Valge poistes\u00e4rk - TucTuc Eesti\",\"isPartOf\":{\"@id\":\"https:\/\/tuctuc.ee\/en\/#website\"},\"datePublished\":\"2026-05-02T11:44:41+00:00\",\"dateModified\":\"2026-05-02T12:10:16+00:00\",\"breadcrumb\":{\"@id\":\"https:\/\/tuctuc.ee\/en\/toode\/valge-poistesark\/#breadcrumb\"},\"inLanguage\":\"en-US\",\"potentialAction\":[{\"@type\":\"ReadAction\",\"target\":[\"https:\/\/tuctuc.ee\/en\/toode\/valge-poistesark\/\"]}]},{\"@type\":\"BreadcrumbList\",\"@id\":\"https:\/\/tuctuc.ee\/en\/toode\/valge-poistesark\/#breadcrumb\",\"itemListElement\":[{\"@type\":\"ListItem\",\"position\":1,\"name\":\"Home\",\"item\":\"https:\/\/tuctuc.ee\/en\/?page_id=269\"},{\"@type\":\"ListItem\",\"position\":2,\"name\":\"Shop\",\"item\":\"https:\/\/tuctuc.ee\/shop\/\"},{\"@type\":\"ListItem\",\"position\":3,\"name\":\"Valge poistes\u00e4rk\"}]},{\"@type\":\"WebSite\",\"@id\":\"https:\/\/tuctuc.ee\/en\/#website\",\"url\":\"https:\/\/tuctuc.ee\/en\/\",\"name\":\"TucTuc Eesti\",\"description\":\"Eesti laster\u00f5ivaste veebipood - Stiilsed riided lastele igale vanusele. Avastage meie valikut n\u00fc\u00fcd!\",\"publisher\":{\"@id\":\"https:\/\/tuctuc.ee\/en\/#organization\"},\"potentialAction\":[{\"@type\":\"SearchAction\",\"target\":{\"@type\":\"EntryPoint\",\"urlTemplate\":\"https:\/\/tuctuc.ee\/en\/?s={search_term_string}\"},\"query-input\":\"required name=search_term_string\"}],\"inLanguage\":\"en-US\"},{\"@type\":\"Organization\",\"@id\":\"https:\/\/tuctuc.ee\/en\/#organization\",\"name\":\"TucTuc Eesti\",\"url\":\"https:\/\/tuctuc.ee\/en\/\",\"logo\":{\"@type\":\"ImageObject\",\"inLanguage\":\"en-US\",\"@id\":\"https:\/\/tuctuc.ee\/en\/#\/schema\/logo\/image\/\",\"url\":\"https:\/\/i0.wp.com\/tuctuc.ee\/wp-content\/uploads\/2023\/10\/logo-164933761541.png?fit=109%2C122&ssl=1\",\"contentUrl\":\"https:\/\/i0.wp.com\/tuctuc.ee\/wp-content\/uploads\/2023\/10\/logo-164933761541.png?fit=109%2C122&ssl=1\",\"width\":109,\"height\":122,\"caption\":\"TucTuc Eesti\"},\"image\":{\"@id\":\"https:\/\/tuctuc.ee\/en\/#\/schema\/logo\/image\/\"}}]}<\/script>\n<!-- \/ Yoast SEO plugin. -->","yoast_head_json":{"title":"Valge poistes\u00e4rk - TucTuc Eesti","robots":{"index":"index","follow":"follow","max-snippet":"max-snippet:-1","max-image-preview":"max-image-preview:large","max-video-preview":"max-video-preview:-1"},"canonical":"https:\/\/tuctuc.ee\/en\/toode\/valge-poistesark\/","og_locale":"en_US","og_type":"article","og_title":"Valge poistes\u00e4rk - TucTuc Eesti","og_description":"See valge poistes\u00e4rk on valmistatud kergest ja pehmest kangast, mis pakub mugavust terveks p\u00e4evaks. Sellel on v\u00e4ike, \u00fchtlaselt paigutatud palmipuu muster, mis lisab m\u00e4ngulise, kuid samas stiilse puudutuse. Eemaldatav bee\u017e kikilips t\u00e4iendab v\u00e4limust ja v\u00f5imaldab vaevata pidulikumat riietust. N\u00f6\u00f6pkinnitus muudab riietumise lihtsaks, samas kui klassikaline krae s\u00e4ilitab viimistletud v\u00e4limuse. See s\u00e4rk sobib ideaalselt erilisteks s\u00fcndmusteks...","og_url":"https:\/\/tuctuc.ee\/en\/toode\/valge-poistesark\/","og_site_name":"TucTuc Eesti","article_modified_time":"2026-05-02T12:10:16+00:00","og_image":[{"width":1284,"height":1284,"url":"https:\/\/tuctuc.ee\/wp-content\/uploads\/2026\/05\/11407846.4.jpg","type":"image\/jpeg"}],"twitter_card":"summary_large_image","twitter_misc":{"Est. reading time":"1 minute"},"schema":{"@context":"https:\/\/schema.org","@graph":[{"@type":"WebPage","@id":"https:\/\/tuctuc.ee\/en\/toode\/valge-poistesark\/","url":"https:\/\/tuctuc.ee\/en\/toode\/valge-poistesark\/","name":"Valge poistes\u00e4rk - TucTuc Eesti","isPartOf":{"@id":"https:\/\/tuctuc.ee\/en\/#website"},"datePublished":"2026-05-02T11:44:41+00:00","dateModified":"2026-05-02T12:10:16+00:00","breadcrumb":{"@id":"https:\/\/tuctuc.ee\/en\/toode\/valge-poistesark\/#breadcrumb"},"inLanguage":"en-US","potentialAction":[{"@type":"ReadAction","target":["https:\/\/tuctuc.ee\/en\/toode\/valge-poistesark\/"]}]},{"@type":"BreadcrumbList","@id":"https:\/\/tuctuc.ee\/en\/toode\/valge-poistesark\/#breadcrumb","itemListElement":[{"@type":"ListItem","position":1,"name":"Home","item":"https:\/\/tuctuc.ee\/en\/?page_id=269"},{"@type":"ListItem","position":2,"name":"Shop","item":"https:\/\/tuctuc.ee\/shop\/"},{"@type":"ListItem","position":3,"name":"Valge poistes\u00e4rk"}]},{"@type":"WebSite","@id":"https:\/\/tuctuc.ee\/en\/#website","url":"https:\/\/tuctuc.ee\/en\/","name":"TucTuc Eesti","description":"Eesti laster\u00f5ivaste veebipood - Stiilsed riided lastele igale vanusele. Avastage meie valikut n\u00fc\u00fcd!","publisher":{"@id":"https:\/\/tuctuc.ee\/en\/#organization"},"potentialAction":[{"@type":"SearchAction","target":{"@type":"EntryPoint","urlTemplate":"https:\/\/tuctuc.ee\/en\/?s={search_term_string}"},"query-input":"required name=search_term_string"}],"inLanguage":"en-US"},{"@type":"Organization","@id":"https:\/\/tuctuc.ee\/en\/#organization","name":"TucTuc Eesti","url":"https:\/\/tuctuc.ee\/en\/","logo":{"@type":"ImageObject","inLanguage":"en-US","@id":"https:\/\/tuctuc.ee\/en\/#\/schema\/logo\/image\/","url":"https:\/\/i0.wp.com\/tuctuc.ee\/wp-content\/uploads\/2023\/10\/logo-164933761541.png?fit=109%2C122&ssl=1","contentUrl":"https:\/\/i0.wp.com\/tuctuc.ee\/wp-content\/uploads\/2023\/10\/logo-164933761541.png?fit=109%2C122&ssl=1","width":109,"height":122,"caption":"TucTuc Eesti"},"image":{"@id":"https:\/\/tuctuc.ee\/en\/#\/schema\/logo\/image\/"}}]}},"jetpack_sharing_enabled":true,"_links":{"self":[{"href":"https:\/\/tuctuc.ee\/en\/wp-json\/wp\/v2\/product\/1010976","targetHints":{"allow":["GET"]}}],"collection":[{"href":"https:\/\/tuctuc.ee\/en\/wp-json\/wp\/v2\/product"}],"about":[{"href":"https:\/\/tuctuc.ee\/en\/wp-json\/wp\/v2\/types\/product"}],"replies":[{"embeddable":true,"href":"https:\/\/tuctuc.ee\/en\/wp-json\/wp\/v2\/comments?post=1010976"}],"version-history":[{"count":1,"href":"https:\/\/tuctuc.ee\/en\/wp-json\/wp\/v2\/product\/1010976\/revisions"}],"predecessor-version":[{"id":1010995,"href":"https:\/\/tuctuc.ee\/en\/wp-json\/wp\/v2\/product\/1010976\/revisions\/1010995"}],"wp:featuredmedia":[{"embeddable":true,"href":"https:\/\/tuctuc.ee\/en\/wp-json\/wp\/v2\/media\/1010996"}],"wp:attachment":[{"href":"https:\/\/tuctuc.ee\/en\/wp-json\/wp\/v2\/media?parent=1010976"}],"wp:term":[{"taxonomy":"product_cat","embeddable":true,"href":"https:\/\/tuctuc.ee\/en\/wp-json\/wp\/v2\/product_cat?post=1010976"},{"taxonomy":"product_tag","embeddable":true,"href":"https:\/\/tuctuc.ee\/en\/wp-json\/wp\/v2\/product_tag?post=1010976"}],"curies":[{"name":"wp","href":"https:\/\/api.w.org\/{rel}","templated":true}]}}