{"id":1010896,"date":"2026-04-28T20:14:46","date_gmt":"2026-04-28T17:14:46","guid":{"rendered":"https:\/\/tuctuc.ee\/?post_type=product&#038;p=1010896"},"modified":"2026-04-28T20:19:55","modified_gmt":"2026-04-28T17:19:55","slug":"valge-tudrukute-dressipluus","status":"publish","type":"product","link":"https:\/\/tuctuc.ee\/en\/toode\/valge-tudrukute-dressipluus\/","title":{"rendered":"Valge t\u00fcdrukute dressipluus"},"content":{"rendered":"<div class=\"vgblk-rw-wrapper limit-wrapper\">\n<p id=\"tw-target-text\" class=\"tw-data-text tw-text-large tw-ta\" dir=\"ltr\" role=\"text\" data-placeholder=\"Translation\" data-ved=\"2ahUKEwjJo_Oji5CUAxWCTVUIHc1QCuAQ3ewLegQIDBAV\" aria-label=\"Translated text: See valge t\u00fcdrukute dressipluus on valmistatud pehmest ja mugavast kangast, mis tagab kandmise terve p\u00e4eva. Sellel on silmatorkav must loomamuster, mis annab moodsa ja julge ilme. Integreeritud kapuuts ja eesmine lukk muudavad selgapanemise lihtsaks ning v\u00f5imaldavad avaust vastavalt vajadusele reguleerida. Soonikkooned k\u00e4tised ja all\u00e4\u00e4r tagavad mugava istuvuse ja aitavad dressipluusil oma kuju s\u00e4ilitada. See mitmek\u00fclgne ja stiilne dressipluus sobib ideaalselt teksade, retuuside v\u00f5i seelikutega kandmiseks, et luua julgeid ja stiilseid riietuseid.\"><span class=\"Y2IQFc\" lang=\"et\">See valge t\u00fcdrukute dressipluus on valmistatud pehmest ja mugavast kangast, mis tagab kandmise terve p\u00e4eva. Sellel on silmatorkav must loomamuster, mis annab moodsa ja julge ilme. Integreeritud kapuuts ja eesmine lukk muudavad selgapanemise lihtsaks ning v\u00f5imaldavad avaust vastavalt vajadusele reguleerida. Soonikkooned k\u00e4tised ja all\u00e4\u00e4r tagavad mugava istuvuse ja aitavad dressipluusil oma kuju s\u00e4ilitada. See mitmek\u00fclgne ja stiilne dressipluus sobib ideaalselt teksade, retuuside v\u00f5i seelikutega kandmiseks, et luua julgeid ja stiilseid riietuseid.<\/span><\/p>\n<p id=\"tw-target-text\" class=\"tw-data-text tw-text-large tw-ta\" dir=\"ltr\" role=\"text\" data-placeholder=\"Translation\" data-ved=\"2ahUKEwjJo_Oji5CUAxWCTVUIHc1QCuAQ3ewLegQIDBAV\" aria-label=\"Translated text: See valge t\u00fcdrukute T-s\u00e4rk on valmistatud pehmest ja mugavast kootud kangast, mis liigub kergelt. Sellel on silmatorkav, mitmev\u00e4rviline grafiti-stiilis lillede, s\u00fcdamete ja abstraktsete joontega muster, mis annab vabaaja ja kunstip\u00e4rase ilme. Dekoratiivne volangide detail eesosas r\u00f5hutab siluetti ja lisab modernset h\u00f5ngu. Pikad varrukad ja \u00fcmar kaelus muudavad selle mitmek\u00fclgseks r\u00f5ivaesemeks, mis sobib ideaalselt teksade, seelikute v\u00f5i retuusidega, et luua erksad ja stiilsed riietused.\"><span class=\"Y2IQFc\" lang=\"et\">.<\/span><span class=\"Y2IQFc\" lang=\"et\">Materjal: 95% puuvill, 5% elastaan. <\/span><span class=\"Y2IQFc\" lang=\"et\">Juhised riiete hooldamiseks ja pesemiseks.\u00a0<\/span><\/p>\n<\/div>\n<p><!-- .vgblk-rw-wrapper --><\/p>\n","protected":false},"excerpt":{"rendered":"<p>See valge t\u00fcdrukute dressipluus on valmistatud pehmest ja mugavast kangast, mis tagab kandmise terve p\u00e4eva. Sellel on silmatorkav must loomamuster, mis annab moodsa ja julge ilme. Integreeritud kapuuts ja eesmine lukk muudavad selgapanemise lihtsaks ning v\u00f5imaldavad avaust vastavalt vajadusele reguleerida. Soonikkooned k\u00e4tised ja all\u00e4\u00e4r tagavad mugava istuvuse ja aitavad dressipluusil oma kuju s\u00e4ilitada. See mitmek\u00fclgne&#8230;<\/p>\n","protected":false},"featured_media":1010902,"comment_status":"open","ping_status":"closed","template":"","meta":{"_themeisle_gutenberg_block_has_review":false},"product_cat":[477,318],"product_tag":[],"class_list":["post-1010896","product","type-product","status-publish","has-post-thumbnail","hentry","product_cat-dressipluus-tudrukud","product_cat-tudrukud"],"yoast_head":"<!-- This site is optimized with the Yoast SEO plugin v21.5 - https:\/\/yoast.com\/wordpress\/plugins\/seo\/ -->\n<title>Valge t\u00fcdrukute dressipluus - TucTuc Eesti<\/title>\n<meta name=\"robots\" content=\"index, follow, max-snippet:-1, max-image-preview:large, max-video-preview:-1\" \/>\n<link rel=\"canonical\" href=\"https:\/\/tuctuc.ee\/en\/toode\/valge-tudrukute-dressipluus\/\" \/>\n<meta property=\"og:locale\" content=\"en_US\" \/>\n<meta property=\"og:type\" content=\"article\" \/>\n<meta property=\"og:title\" content=\"Valge t\u00fcdrukute dressipluus - TucTuc Eesti\" \/>\n<meta property=\"og:description\" content=\"See valge t\u00fcdrukute dressipluus on valmistatud pehmest ja mugavast kangast, mis tagab kandmise terve p\u00e4eva. Sellel on silmatorkav must loomamuster, mis annab moodsa ja julge ilme. Integreeritud kapuuts ja eesmine lukk muudavad selgapanemise lihtsaks ning v\u00f5imaldavad avaust vastavalt vajadusele reguleerida. Soonikkooned k\u00e4tised ja all\u00e4\u00e4r tagavad mugava istuvuse ja aitavad dressipluusil oma kuju s\u00e4ilitada. See mitmek\u00fclgne...\" \/>\n<meta property=\"og:url\" content=\"https:\/\/tuctuc.ee\/en\/toode\/valge-tudrukute-dressipluus\/\" \/>\n<meta property=\"og:site_name\" content=\"TucTuc Eesti\" \/>\n<meta property=\"article:modified_time\" content=\"2026-04-28T17:19:55+00:00\" \/>\n<meta property=\"og:image\" content=\"https:\/\/tuctuc.ee\/wp-content\/uploads\/2026\/04\/21108192.webp\" \/>\n\t<meta property=\"og:image:width\" content=\"800\" \/>\n\t<meta property=\"og:image:height\" content=\"1000\" \/>\n\t<meta property=\"og:image:type\" content=\"image\/webp\" \/>\n<meta name=\"twitter:card\" content=\"summary_large_image\" \/>\n<meta name=\"twitter:label1\" content=\"Est. reading time\" \/>\n\t<meta name=\"twitter:data1\" content=\"1 minute\" \/>\n<script type=\"application\/ld+json\" class=\"yoast-schema-graph\">{\"@context\":\"https:\/\/schema.org\",\"@graph\":[{\"@type\":\"WebPage\",\"@id\":\"https:\/\/tuctuc.ee\/en\/toode\/valge-tudrukute-dressipluus\/\",\"url\":\"https:\/\/tuctuc.ee\/en\/toode\/valge-tudrukute-dressipluus\/\",\"name\":\"Valge t\u00fcdrukute dressipluus - TucTuc Eesti\",\"isPartOf\":{\"@id\":\"https:\/\/tuctuc.ee\/en\/#website\"},\"datePublished\":\"2026-04-28T17:14:46+00:00\",\"dateModified\":\"2026-04-28T17:19:55+00:00\",\"breadcrumb\":{\"@id\":\"https:\/\/tuctuc.ee\/en\/toode\/valge-tudrukute-dressipluus\/#breadcrumb\"},\"inLanguage\":\"en-US\",\"potentialAction\":[{\"@type\":\"ReadAction\",\"target\":[\"https:\/\/tuctuc.ee\/en\/toode\/valge-tudrukute-dressipluus\/\"]}]},{\"@type\":\"BreadcrumbList\",\"@id\":\"https:\/\/tuctuc.ee\/en\/toode\/valge-tudrukute-dressipluus\/#breadcrumb\",\"itemListElement\":[{\"@type\":\"ListItem\",\"position\":1,\"name\":\"Home\",\"item\":\"https:\/\/tuctuc.ee\/en\/?page_id=269\"},{\"@type\":\"ListItem\",\"position\":2,\"name\":\"Shop\",\"item\":\"https:\/\/tuctuc.ee\/shop\/\"},{\"@type\":\"ListItem\",\"position\":3,\"name\":\"Valge t\u00fcdrukute dressipluus\"}]},{\"@type\":\"WebSite\",\"@id\":\"https:\/\/tuctuc.ee\/en\/#website\",\"url\":\"https:\/\/tuctuc.ee\/en\/\",\"name\":\"TucTuc Eesti\",\"description\":\"Eesti laster\u00f5ivaste veebipood - Stiilsed riided lastele igale vanusele. Avastage meie valikut n\u00fc\u00fcd!\",\"publisher\":{\"@id\":\"https:\/\/tuctuc.ee\/en\/#organization\"},\"potentialAction\":[{\"@type\":\"SearchAction\",\"target\":{\"@type\":\"EntryPoint\",\"urlTemplate\":\"https:\/\/tuctuc.ee\/en\/?s={search_term_string}\"},\"query-input\":\"required name=search_term_string\"}],\"inLanguage\":\"en-US\"},{\"@type\":\"Organization\",\"@id\":\"https:\/\/tuctuc.ee\/en\/#organization\",\"name\":\"TucTuc Eesti\",\"url\":\"https:\/\/tuctuc.ee\/en\/\",\"logo\":{\"@type\":\"ImageObject\",\"inLanguage\":\"en-US\",\"@id\":\"https:\/\/tuctuc.ee\/en\/#\/schema\/logo\/image\/\",\"url\":\"https:\/\/i0.wp.com\/tuctuc.ee\/wp-content\/uploads\/2023\/10\/logo-164933761541.png?fit=109%2C122&ssl=1\",\"contentUrl\":\"https:\/\/i0.wp.com\/tuctuc.ee\/wp-content\/uploads\/2023\/10\/logo-164933761541.png?fit=109%2C122&ssl=1\",\"width\":109,\"height\":122,\"caption\":\"TucTuc Eesti\"},\"image\":{\"@id\":\"https:\/\/tuctuc.ee\/en\/#\/schema\/logo\/image\/\"}}]}<\/script>\n<!-- \/ Yoast SEO plugin. -->","yoast_head_json":{"title":"Valge t\u00fcdrukute dressipluus - TucTuc Eesti","robots":{"index":"index","follow":"follow","max-snippet":"max-snippet:-1","max-image-preview":"max-image-preview:large","max-video-preview":"max-video-preview:-1"},"canonical":"https:\/\/tuctuc.ee\/en\/toode\/valge-tudrukute-dressipluus\/","og_locale":"en_US","og_type":"article","og_title":"Valge t\u00fcdrukute dressipluus - TucTuc Eesti","og_description":"See valge t\u00fcdrukute dressipluus on valmistatud pehmest ja mugavast kangast, mis tagab kandmise terve p\u00e4eva. Sellel on silmatorkav must loomamuster, mis annab moodsa ja julge ilme. Integreeritud kapuuts ja eesmine lukk muudavad selgapanemise lihtsaks ning v\u00f5imaldavad avaust vastavalt vajadusele reguleerida. Soonikkooned k\u00e4tised ja all\u00e4\u00e4r tagavad mugava istuvuse ja aitavad dressipluusil oma kuju s\u00e4ilitada. See mitmek\u00fclgne...","og_url":"https:\/\/tuctuc.ee\/en\/toode\/valge-tudrukute-dressipluus\/","og_site_name":"TucTuc Eesti","article_modified_time":"2026-04-28T17:19:55+00:00","og_image":[{"width":800,"height":1000,"url":"https:\/\/tuctuc.ee\/wp-content\/uploads\/2026\/04\/21108192.webp","type":"image\/webp"}],"twitter_card":"summary_large_image","twitter_misc":{"Est. reading time":"1 minute"},"schema":{"@context":"https:\/\/schema.org","@graph":[{"@type":"WebPage","@id":"https:\/\/tuctuc.ee\/en\/toode\/valge-tudrukute-dressipluus\/","url":"https:\/\/tuctuc.ee\/en\/toode\/valge-tudrukute-dressipluus\/","name":"Valge t\u00fcdrukute dressipluus - TucTuc Eesti","isPartOf":{"@id":"https:\/\/tuctuc.ee\/en\/#website"},"datePublished":"2026-04-28T17:14:46+00:00","dateModified":"2026-04-28T17:19:55+00:00","breadcrumb":{"@id":"https:\/\/tuctuc.ee\/en\/toode\/valge-tudrukute-dressipluus\/#breadcrumb"},"inLanguage":"en-US","potentialAction":[{"@type":"ReadAction","target":["https:\/\/tuctuc.ee\/en\/toode\/valge-tudrukute-dressipluus\/"]}]},{"@type":"BreadcrumbList","@id":"https:\/\/tuctuc.ee\/en\/toode\/valge-tudrukute-dressipluus\/#breadcrumb","itemListElement":[{"@type":"ListItem","position":1,"name":"Home","item":"https:\/\/tuctuc.ee\/en\/?page_id=269"},{"@type":"ListItem","position":2,"name":"Shop","item":"https:\/\/tuctuc.ee\/shop\/"},{"@type":"ListItem","position":3,"name":"Valge t\u00fcdrukute dressipluus"}]},{"@type":"WebSite","@id":"https:\/\/tuctuc.ee\/en\/#website","url":"https:\/\/tuctuc.ee\/en\/","name":"TucTuc Eesti","description":"Eesti laster\u00f5ivaste veebipood - Stiilsed riided lastele igale vanusele. Avastage meie valikut n\u00fc\u00fcd!","publisher":{"@id":"https:\/\/tuctuc.ee\/en\/#organization"},"potentialAction":[{"@type":"SearchAction","target":{"@type":"EntryPoint","urlTemplate":"https:\/\/tuctuc.ee\/en\/?s={search_term_string}"},"query-input":"required name=search_term_string"}],"inLanguage":"en-US"},{"@type":"Organization","@id":"https:\/\/tuctuc.ee\/en\/#organization","name":"TucTuc Eesti","url":"https:\/\/tuctuc.ee\/en\/","logo":{"@type":"ImageObject","inLanguage":"en-US","@id":"https:\/\/tuctuc.ee\/en\/#\/schema\/logo\/image\/","url":"https:\/\/i0.wp.com\/tuctuc.ee\/wp-content\/uploads\/2023\/10\/logo-164933761541.png?fit=109%2C122&ssl=1","contentUrl":"https:\/\/i0.wp.com\/tuctuc.ee\/wp-content\/uploads\/2023\/10\/logo-164933761541.png?fit=109%2C122&ssl=1","width":109,"height":122,"caption":"TucTuc Eesti"},"image":{"@id":"https:\/\/tuctuc.ee\/en\/#\/schema\/logo\/image\/"}}]}},"jetpack_sharing_enabled":true,"_links":{"self":[{"href":"https:\/\/tuctuc.ee\/en\/wp-json\/wp\/v2\/product\/1010896","targetHints":{"allow":["GET"]}}],"collection":[{"href":"https:\/\/tuctuc.ee\/en\/wp-json\/wp\/v2\/product"}],"about":[{"href":"https:\/\/tuctuc.ee\/en\/wp-json\/wp\/v2\/types\/product"}],"replies":[{"embeddable":true,"href":"https:\/\/tuctuc.ee\/en\/wp-json\/wp\/v2\/comments?post=1010896"}],"version-history":[{"count":1,"href":"https:\/\/tuctuc.ee\/en\/wp-json\/wp\/v2\/product\/1010896\/revisions"}],"predecessor-version":[{"id":1010915,"href":"https:\/\/tuctuc.ee\/en\/wp-json\/wp\/v2\/product\/1010896\/revisions\/1010915"}],"wp:featuredmedia":[{"embeddable":true,"href":"https:\/\/tuctuc.ee\/en\/wp-json\/wp\/v2\/media\/1010902"}],"wp:attachment":[{"href":"https:\/\/tuctuc.ee\/en\/wp-json\/wp\/v2\/media?parent=1010896"}],"wp:term":[{"taxonomy":"product_cat","embeddable":true,"href":"https:\/\/tuctuc.ee\/en\/wp-json\/wp\/v2\/product_cat?post=1010896"},{"taxonomy":"product_tag","embeddable":true,"href":"https:\/\/tuctuc.ee\/en\/wp-json\/wp\/v2\/product_tag?post=1010896"}],"curies":[{"name":"wp","href":"https:\/\/api.w.org\/{rel}","templated":true}]}}