{"id":1010789,"date":"2026-04-28T19:33:38","date_gmt":"2026-04-28T16:33:38","guid":{"rendered":"https:\/\/tuctuc.ee\/?post_type=product&#038;p=1010789"},"modified":"2026-04-28T19:39:16","modified_gmt":"2026-04-28T16:39:16","slug":"valge-piduliku-tudrukute-pluus","status":"publish","type":"product","link":"https:\/\/tuctuc.ee\/en\/toode\/valge-piduliku-tudrukute-pluus\/","title":{"rendered":"Valge piduliku t\u00fcdrukute pluus"},"content":{"rendered":"<div class=\"vgblk-rw-wrapper limit-wrapper\">\n<p id=\"tw-target-text\" class=\"tw-data-text tw-text-large tw-ta\" dir=\"ltr\" role=\"text\" data-placeholder=\"Translation\" data-ved=\"2ahUKEwjJo_Oji5CUAxWCTVUIHc1QCuAQ3ewLegQIDBAV\" aria-label=\"Translated text: T\u00fcdrukute valged teksariidest p\u00fcksid, mis on valmistatud pehmest kangast, mis pakub mugavust ja head langevust. Laiad s\u00e4\u00e4reosad pakuvad liikumisvabadust ja on moodsa stiiliga. V\u00f6\u00f6kohal on n\u00f6\u00f6bi- ja lukuga kinnitus ning ees ja taga on funktsionaalsed taskud. Kontrastsed \u00f5mblused lisavad r\u00f5ivale erilise ilme, ilma et need liiga domineeriksid. Neid mitmek\u00fclgseid p\u00fckse on lihtne igap\u00e4evaseks kandmiseks stiliseerida.\">See valge piduliku t\u00fcdrukute pluus on valmistatud kergest kangast, mille reljeefsed lilleaplikatsioonid lisavad \u00f5rna ja rafineeritud puudutuse. Sellel on pikad, puhvis varrukad, mille pehme maht r\u00f5hutab r\u00f5iva romantilist stiili, ning seljakinnitus h\u00f5lbustab riietamist, ilma et see kahjustaks disaini puhtaid jooni. Lilleline muster loob elegantse ja oman\u00e4olise efekti, mis sobib ideaalselt seelikute v\u00f5i p\u00fckstega nii erilistel puhkudel kui ka pidulikumal riietusel.<\/p>\n<p dir=\"ltr\" data-placeholder=\"Translation\" data-ved=\"2ahUKEwjawPqThb-PAxWuExAIHTckJJwQ3ewLegQIChAV\" aria-label=\"Translated text: T\u00fcdrukute valge kootud s\u00e4rk roosade toonide flamingoprindiga, dekoratiivsete t\u00e4htedega ja n\u00f6\u00f6pkinnisega seljal h\u00f5lpsaks m\u00e4hkmete vahetuseks.\"><span class=\"Y2IQFc\" lang=\"et\">Materjal: 100% pol\u00fcester. <\/span><span class=\"Y2IQFc\" lang=\"et\">Juhised riiete hooldamiseks ja pesemiseks.\u00a0<\/span><\/p>\n<\/div>\n<p><!-- .vgblk-rw-wrapper --><\/p>\n","protected":false},"excerpt":{"rendered":"<p>See valge piduliku t\u00fcdrukute pluus on valmistatud kergest kangast, mille reljeefsed lilleaplikatsioonid lisavad \u00f5rna ja rafineeritud puudutuse. Sellel on pikad, puhvis varrukad, mille pehme maht r\u00f5hutab r\u00f5iva romantilist stiili, ning seljakinnitus h\u00f5lbustab riietamist, ilma et see kahjustaks disaini puhtaid jooni. Lilleline muster loob elegantse ja oman\u00e4olise efekti, mis sobib ideaalselt seelikute v\u00f5i p\u00fckstega nii erilistel&#8230;<\/p>\n","protected":false},"featured_media":1010795,"comment_status":"open","ping_status":"closed","template":"","meta":{"_themeisle_gutenberg_block_has_review":false},"product_cat":[430,318],"product_tag":[],"class_list":["post-1010789","product","type-product","status-publish","has-post-thumbnail","hentry","product_cat-t-sark-pikkade-varrukatega","product_cat-tudrukud"],"yoast_head":"<!-- This site is optimized with the Yoast SEO plugin v21.5 - https:\/\/yoast.com\/wordpress\/plugins\/seo\/ -->\n<title>Valge piduliku t\u00fcdrukute pluus - TucTuc Eesti<\/title>\n<meta name=\"robots\" content=\"index, follow, max-snippet:-1, max-image-preview:large, max-video-preview:-1\" \/>\n<link rel=\"canonical\" href=\"https:\/\/tuctuc.ee\/en\/toode\/valge-piduliku-tudrukute-pluus\/\" \/>\n<meta property=\"og:locale\" content=\"en_US\" \/>\n<meta property=\"og:type\" content=\"article\" \/>\n<meta property=\"og:title\" content=\"Valge piduliku t\u00fcdrukute pluus - TucTuc Eesti\" \/>\n<meta property=\"og:description\" content=\"See valge piduliku t\u00fcdrukute pluus on valmistatud kergest kangast, mille reljeefsed lilleaplikatsioonid lisavad \u00f5rna ja rafineeritud puudutuse. Sellel on pikad, puhvis varrukad, mille pehme maht r\u00f5hutab r\u00f5iva romantilist stiili, ning seljakinnitus h\u00f5lbustab riietamist, ilma et see kahjustaks disaini puhtaid jooni. Lilleline muster loob elegantse ja oman\u00e4olise efekti, mis sobib ideaalselt seelikute v\u00f5i p\u00fckstega nii erilistel...\" \/>\n<meta property=\"og:url\" content=\"https:\/\/tuctuc.ee\/en\/toode\/valge-piduliku-tudrukute-pluus\/\" \/>\n<meta property=\"og:site_name\" content=\"TucTuc Eesti\" \/>\n<meta property=\"article:modified_time\" content=\"2026-04-28T16:39:16+00:00\" \/>\n<meta property=\"og:image\" content=\"https:\/\/tuctuc.ee\/wp-content\/uploads\/2026\/04\/21108399.webp\" \/>\n\t<meta property=\"og:image:width\" content=\"800\" \/>\n\t<meta property=\"og:image:height\" content=\"1000\" \/>\n\t<meta property=\"og:image:type\" content=\"image\/webp\" \/>\n<meta name=\"twitter:card\" content=\"summary_large_image\" \/>\n<meta name=\"twitter:label1\" content=\"Est. reading time\" \/>\n\t<meta name=\"twitter:data1\" content=\"1 minute\" \/>\n<script type=\"application\/ld+json\" class=\"yoast-schema-graph\">{\"@context\":\"https:\/\/schema.org\",\"@graph\":[{\"@type\":\"WebPage\",\"@id\":\"https:\/\/tuctuc.ee\/en\/toode\/valge-piduliku-tudrukute-pluus\/\",\"url\":\"https:\/\/tuctuc.ee\/en\/toode\/valge-piduliku-tudrukute-pluus\/\",\"name\":\"Valge piduliku t\u00fcdrukute pluus - TucTuc Eesti\",\"isPartOf\":{\"@id\":\"https:\/\/tuctuc.ee\/en\/#website\"},\"datePublished\":\"2026-04-28T16:33:38+00:00\",\"dateModified\":\"2026-04-28T16:39:16+00:00\",\"breadcrumb\":{\"@id\":\"https:\/\/tuctuc.ee\/en\/toode\/valge-piduliku-tudrukute-pluus\/#breadcrumb\"},\"inLanguage\":\"en-US\",\"potentialAction\":[{\"@type\":\"ReadAction\",\"target\":[\"https:\/\/tuctuc.ee\/en\/toode\/valge-piduliku-tudrukute-pluus\/\"]}]},{\"@type\":\"BreadcrumbList\",\"@id\":\"https:\/\/tuctuc.ee\/en\/toode\/valge-piduliku-tudrukute-pluus\/#breadcrumb\",\"itemListElement\":[{\"@type\":\"ListItem\",\"position\":1,\"name\":\"Home\",\"item\":\"https:\/\/tuctuc.ee\/en\/?page_id=269\"},{\"@type\":\"ListItem\",\"position\":2,\"name\":\"Shop\",\"item\":\"https:\/\/tuctuc.ee\/shop\/\"},{\"@type\":\"ListItem\",\"position\":3,\"name\":\"Valge piduliku t\u00fcdrukute pluus\"}]},{\"@type\":\"WebSite\",\"@id\":\"https:\/\/tuctuc.ee\/en\/#website\",\"url\":\"https:\/\/tuctuc.ee\/en\/\",\"name\":\"TucTuc Eesti\",\"description\":\"Eesti laster\u00f5ivaste veebipood - Stiilsed riided lastele igale vanusele. Avastage meie valikut n\u00fc\u00fcd!\",\"publisher\":{\"@id\":\"https:\/\/tuctuc.ee\/en\/#organization\"},\"potentialAction\":[{\"@type\":\"SearchAction\",\"target\":{\"@type\":\"EntryPoint\",\"urlTemplate\":\"https:\/\/tuctuc.ee\/en\/?s={search_term_string}\"},\"query-input\":\"required name=search_term_string\"}],\"inLanguage\":\"en-US\"},{\"@type\":\"Organization\",\"@id\":\"https:\/\/tuctuc.ee\/en\/#organization\",\"name\":\"TucTuc Eesti\",\"url\":\"https:\/\/tuctuc.ee\/en\/\",\"logo\":{\"@type\":\"ImageObject\",\"inLanguage\":\"en-US\",\"@id\":\"https:\/\/tuctuc.ee\/en\/#\/schema\/logo\/image\/\",\"url\":\"https:\/\/i0.wp.com\/tuctuc.ee\/wp-content\/uploads\/2023\/10\/logo-164933761541.png?fit=109%2C122&ssl=1\",\"contentUrl\":\"https:\/\/i0.wp.com\/tuctuc.ee\/wp-content\/uploads\/2023\/10\/logo-164933761541.png?fit=109%2C122&ssl=1\",\"width\":109,\"height\":122,\"caption\":\"TucTuc Eesti\"},\"image\":{\"@id\":\"https:\/\/tuctuc.ee\/en\/#\/schema\/logo\/image\/\"}}]}<\/script>\n<!-- \/ Yoast SEO plugin. -->","yoast_head_json":{"title":"Valge piduliku t\u00fcdrukute pluus - TucTuc Eesti","robots":{"index":"index","follow":"follow","max-snippet":"max-snippet:-1","max-image-preview":"max-image-preview:large","max-video-preview":"max-video-preview:-1"},"canonical":"https:\/\/tuctuc.ee\/en\/toode\/valge-piduliku-tudrukute-pluus\/","og_locale":"en_US","og_type":"article","og_title":"Valge piduliku t\u00fcdrukute pluus - TucTuc Eesti","og_description":"See valge piduliku t\u00fcdrukute pluus on valmistatud kergest kangast, mille reljeefsed lilleaplikatsioonid lisavad \u00f5rna ja rafineeritud puudutuse. Sellel on pikad, puhvis varrukad, mille pehme maht r\u00f5hutab r\u00f5iva romantilist stiili, ning seljakinnitus h\u00f5lbustab riietamist, ilma et see kahjustaks disaini puhtaid jooni. Lilleline muster loob elegantse ja oman\u00e4olise efekti, mis sobib ideaalselt seelikute v\u00f5i p\u00fckstega nii erilistel...","og_url":"https:\/\/tuctuc.ee\/en\/toode\/valge-piduliku-tudrukute-pluus\/","og_site_name":"TucTuc Eesti","article_modified_time":"2026-04-28T16:39:16+00:00","og_image":[{"width":800,"height":1000,"url":"https:\/\/tuctuc.ee\/wp-content\/uploads\/2026\/04\/21108399.webp","type":"image\/webp"}],"twitter_card":"summary_large_image","twitter_misc":{"Est. reading time":"1 minute"},"schema":{"@context":"https:\/\/schema.org","@graph":[{"@type":"WebPage","@id":"https:\/\/tuctuc.ee\/en\/toode\/valge-piduliku-tudrukute-pluus\/","url":"https:\/\/tuctuc.ee\/en\/toode\/valge-piduliku-tudrukute-pluus\/","name":"Valge piduliku t\u00fcdrukute pluus - TucTuc Eesti","isPartOf":{"@id":"https:\/\/tuctuc.ee\/en\/#website"},"datePublished":"2026-04-28T16:33:38+00:00","dateModified":"2026-04-28T16:39:16+00:00","breadcrumb":{"@id":"https:\/\/tuctuc.ee\/en\/toode\/valge-piduliku-tudrukute-pluus\/#breadcrumb"},"inLanguage":"en-US","potentialAction":[{"@type":"ReadAction","target":["https:\/\/tuctuc.ee\/en\/toode\/valge-piduliku-tudrukute-pluus\/"]}]},{"@type":"BreadcrumbList","@id":"https:\/\/tuctuc.ee\/en\/toode\/valge-piduliku-tudrukute-pluus\/#breadcrumb","itemListElement":[{"@type":"ListItem","position":1,"name":"Home","item":"https:\/\/tuctuc.ee\/en\/?page_id=269"},{"@type":"ListItem","position":2,"name":"Shop","item":"https:\/\/tuctuc.ee\/shop\/"},{"@type":"ListItem","position":3,"name":"Valge piduliku t\u00fcdrukute pluus"}]},{"@type":"WebSite","@id":"https:\/\/tuctuc.ee\/en\/#website","url":"https:\/\/tuctuc.ee\/en\/","name":"TucTuc Eesti","description":"Eesti laster\u00f5ivaste veebipood - Stiilsed riided lastele igale vanusele. Avastage meie valikut n\u00fc\u00fcd!","publisher":{"@id":"https:\/\/tuctuc.ee\/en\/#organization"},"potentialAction":[{"@type":"SearchAction","target":{"@type":"EntryPoint","urlTemplate":"https:\/\/tuctuc.ee\/en\/?s={search_term_string}"},"query-input":"required name=search_term_string"}],"inLanguage":"en-US"},{"@type":"Organization","@id":"https:\/\/tuctuc.ee\/en\/#organization","name":"TucTuc Eesti","url":"https:\/\/tuctuc.ee\/en\/","logo":{"@type":"ImageObject","inLanguage":"en-US","@id":"https:\/\/tuctuc.ee\/en\/#\/schema\/logo\/image\/","url":"https:\/\/i0.wp.com\/tuctuc.ee\/wp-content\/uploads\/2023\/10\/logo-164933761541.png?fit=109%2C122&ssl=1","contentUrl":"https:\/\/i0.wp.com\/tuctuc.ee\/wp-content\/uploads\/2023\/10\/logo-164933761541.png?fit=109%2C122&ssl=1","width":109,"height":122,"caption":"TucTuc Eesti"},"image":{"@id":"https:\/\/tuctuc.ee\/en\/#\/schema\/logo\/image\/"}}]}},"jetpack_sharing_enabled":true,"_links":{"self":[{"href":"https:\/\/tuctuc.ee\/en\/wp-json\/wp\/v2\/product\/1010789","targetHints":{"allow":["GET"]}}],"collection":[{"href":"https:\/\/tuctuc.ee\/en\/wp-json\/wp\/v2\/product"}],"about":[{"href":"https:\/\/tuctuc.ee\/en\/wp-json\/wp\/v2\/types\/product"}],"replies":[{"embeddable":true,"href":"https:\/\/tuctuc.ee\/en\/wp-json\/wp\/v2\/comments?post=1010789"}],"version-history":[{"count":1,"href":"https:\/\/tuctuc.ee\/en\/wp-json\/wp\/v2\/product\/1010789\/revisions"}],"predecessor-version":[{"id":1010805,"href":"https:\/\/tuctuc.ee\/en\/wp-json\/wp\/v2\/product\/1010789\/revisions\/1010805"}],"wp:featuredmedia":[{"embeddable":true,"href":"https:\/\/tuctuc.ee\/en\/wp-json\/wp\/v2\/media\/1010795"}],"wp:attachment":[{"href":"https:\/\/tuctuc.ee\/en\/wp-json\/wp\/v2\/media?parent=1010789"}],"wp:term":[{"taxonomy":"product_cat","embeddable":true,"href":"https:\/\/tuctuc.ee\/en\/wp-json\/wp\/v2\/product_cat?post=1010789"},{"taxonomy":"product_tag","embeddable":true,"href":"https:\/\/tuctuc.ee\/en\/wp-json\/wp\/v2\/product_tag?post=1010789"}],"curies":[{"name":"wp","href":"https:\/\/api.w.org\/{rel}","templated":true}]}}