{"id":1010717,"date":"2026-04-28T18:12:42","date_gmt":"2026-04-28T15:12:42","guid":{"rendered":"https:\/\/tuctuc.ee\/?post_type=product&#038;p=1010717"},"modified":"2026-04-28T18:16:54","modified_gmt":"2026-04-28T15:16:54","slug":"heleroosa-tudrukute-pluus","status":"publish","type":"product","link":"https:\/\/tuctuc.ee\/en\/toode\/heleroosa-tudrukute-pluus\/","title":{"rendered":"Heleroosa t\u00fcdrukute pluus"},"content":{"rendered":"<div class=\"vgblk-rw-wrapper limit-wrapper\">\n<p id=\"tw-target-text\" class=\"tw-data-text tw-text-large tw-ta\" dir=\"ltr\" role=\"text\" data-placeholder=\"Translation\" data-ved=\"2ahUKEwjJo_Oji5CUAxWCTVUIHc1QCuAQ3ewLegQIDBAV\" aria-label=\"Translated text: See heleroosa t\u00fcdrukute pluus on valmistatud pehmest ja kergest kangast, mis on mugav kogu p\u00e4eva. Sellel on silmatorkav lilleprind roosades ja oran\u017eides toonides, mis lisab s\u00e4rava ja suvise h\u00f5ngu. M\u00f5lemal k\u00fcljel olevad volangid lisavad \u00f5rna ja elegantse detaili, r\u00f5hutades disaini seda \u00fclekoormamata. Lahe ja mugav r\u00f5ivas, mis sobib ideaalselt stiilse v\u00e4limuse loomiseks soojadel p\u00e4evadel.\"><span class=\"Y2IQFc\" lang=\"et\">See heleroosa t\u00fcdrukute pluus on valmistatud pehmest ja kergest kangast, mis on mugav kogu p\u00e4eva. Sellel on silmatorkav lilleprind roosades ja oran\u017eides toonides, mis lisab s\u00e4rava ja suvise h\u00f5ngu. M\u00f5lemal k\u00fcljel olevad volangid lisavad \u00f5rna ja elegantse detaili, r\u00f5hutades disaini seda \u00fclekoormamata. Lahe ja mugav r\u00f5ivas, mis sobib ideaalselt stiilse v\u00e4limuse loomiseks soojadel p\u00e4evadel.<\/span><\/p>\n<p dir=\"ltr\" data-placeholder=\"Translation\" data-ved=\"2ahUKEwjawPqThb-PAxWuExAIHTckJJwQ3ewLegQIChAV\" aria-label=\"Translated text: T\u00fcdrukute valge kootud s\u00e4rk roosade toonide flamingoprindiga, dekoratiivsete t\u00e4htedega ja n\u00f6\u00f6pkinnisega seljal h\u00f5lpsaks m\u00e4hkmete vahetuseks.\"><span class=\"Y2IQFc\" lang=\"et\">Materjal: 100% puuvill. <\/span><span class=\"Y2IQFc\" lang=\"et\">Juhised riiete hooldamiseks ja pesemiseks.\u00a0<\/span><\/p>\n<\/div>\n<p><!-- .vgblk-rw-wrapper --><\/p>\n","protected":false},"excerpt":{"rendered":"<p>See heleroosa t\u00fcdrukute pluus on valmistatud pehmest ja kergest kangast, mis on mugav kogu p\u00e4eva. Sellel on silmatorkav lilleprind roosades ja oran\u017eides toonides, mis lisab s\u00e4rava ja suvise h\u00f5ngu. M\u00f5lemal k\u00fcljel olevad volangid lisavad \u00f5rna ja elegantse detaili, r\u00f5hutades disaini seda \u00fclekoormamata. Lahe ja mugav r\u00f5ivas, mis sobib ideaalselt stiilse v\u00e4limuse loomiseks soojadel p\u00e4evadel. Materjal:&#8230;<\/p>\n","protected":false},"featured_media":1010724,"comment_status":"open","ping_status":"closed","template":"","meta":{"_themeisle_gutenberg_block_has_review":false},"product_cat":[427,318],"product_tag":[],"class_list":["post-1010717","product","type-product","status-publish","has-post-thumbnail","hentry","product_cat-t-sark-luhikeste-varrukatega-tudrukud","product_cat-tudrukud"],"yoast_head":"<!-- This site is optimized with the Yoast SEO plugin v21.5 - https:\/\/yoast.com\/wordpress\/plugins\/seo\/ -->\n<title>Heleroosa t\u00fcdrukute pluus - TucTuc Eesti<\/title>\n<meta name=\"robots\" content=\"index, follow, max-snippet:-1, max-image-preview:large, max-video-preview:-1\" \/>\n<link rel=\"canonical\" href=\"https:\/\/tuctuc.ee\/en\/toode\/heleroosa-tudrukute-pluus\/\" \/>\n<meta property=\"og:locale\" content=\"en_US\" \/>\n<meta property=\"og:type\" content=\"article\" \/>\n<meta property=\"og:title\" content=\"Heleroosa t\u00fcdrukute pluus - TucTuc Eesti\" \/>\n<meta property=\"og:description\" content=\"See heleroosa t\u00fcdrukute pluus on valmistatud pehmest ja kergest kangast, mis on mugav kogu p\u00e4eva. Sellel on silmatorkav lilleprind roosades ja oran\u017eides toonides, mis lisab s\u00e4rava ja suvise h\u00f5ngu. M\u00f5lemal k\u00fcljel olevad volangid lisavad \u00f5rna ja elegantse detaili, r\u00f5hutades disaini seda \u00fclekoormamata. Lahe ja mugav r\u00f5ivas, mis sobib ideaalselt stiilse v\u00e4limuse loomiseks soojadel p\u00e4evadel. Materjal:...\" \/>\n<meta property=\"og:url\" content=\"https:\/\/tuctuc.ee\/en\/toode\/heleroosa-tudrukute-pluus\/\" \/>\n<meta property=\"og:site_name\" content=\"TucTuc Eesti\" \/>\n<meta property=\"article:modified_time\" content=\"2026-04-28T15:16:54+00:00\" \/>\n<meta property=\"og:image\" content=\"https:\/\/tuctuc.ee\/wp-content\/uploads\/2026\/04\/21108499.webp\" \/>\n\t<meta property=\"og:image:width\" content=\"800\" \/>\n\t<meta property=\"og:image:height\" content=\"1000\" \/>\n\t<meta property=\"og:image:type\" content=\"image\/webp\" \/>\n<meta name=\"twitter:card\" content=\"summary_large_image\" \/>\n<meta name=\"twitter:label1\" content=\"Est. reading time\" \/>\n\t<meta name=\"twitter:data1\" content=\"1 minute\" \/>\n<script type=\"application\/ld+json\" class=\"yoast-schema-graph\">{\"@context\":\"https:\/\/schema.org\",\"@graph\":[{\"@type\":\"WebPage\",\"@id\":\"https:\/\/tuctuc.ee\/en\/toode\/heleroosa-tudrukute-pluus\/\",\"url\":\"https:\/\/tuctuc.ee\/en\/toode\/heleroosa-tudrukute-pluus\/\",\"name\":\"Heleroosa t\u00fcdrukute pluus - TucTuc Eesti\",\"isPartOf\":{\"@id\":\"https:\/\/tuctuc.ee\/en\/#website\"},\"datePublished\":\"2026-04-28T15:12:42+00:00\",\"dateModified\":\"2026-04-28T15:16:54+00:00\",\"breadcrumb\":{\"@id\":\"https:\/\/tuctuc.ee\/en\/toode\/heleroosa-tudrukute-pluus\/#breadcrumb\"},\"inLanguage\":\"en-US\",\"potentialAction\":[{\"@type\":\"ReadAction\",\"target\":[\"https:\/\/tuctuc.ee\/en\/toode\/heleroosa-tudrukute-pluus\/\"]}]},{\"@type\":\"BreadcrumbList\",\"@id\":\"https:\/\/tuctuc.ee\/en\/toode\/heleroosa-tudrukute-pluus\/#breadcrumb\",\"itemListElement\":[{\"@type\":\"ListItem\",\"position\":1,\"name\":\"Home\",\"item\":\"https:\/\/tuctuc.ee\/en\/?page_id=269\"},{\"@type\":\"ListItem\",\"position\":2,\"name\":\"Shop\",\"item\":\"https:\/\/tuctuc.ee\/shop\/\"},{\"@type\":\"ListItem\",\"position\":3,\"name\":\"Heleroosa t\u00fcdrukute pluus\"}]},{\"@type\":\"WebSite\",\"@id\":\"https:\/\/tuctuc.ee\/en\/#website\",\"url\":\"https:\/\/tuctuc.ee\/en\/\",\"name\":\"TucTuc Eesti\",\"description\":\"Eesti laster\u00f5ivaste veebipood - Stiilsed riided lastele igale vanusele. Avastage meie valikut n\u00fc\u00fcd!\",\"publisher\":{\"@id\":\"https:\/\/tuctuc.ee\/en\/#organization\"},\"potentialAction\":[{\"@type\":\"SearchAction\",\"target\":{\"@type\":\"EntryPoint\",\"urlTemplate\":\"https:\/\/tuctuc.ee\/en\/?s={search_term_string}\"},\"query-input\":\"required name=search_term_string\"}],\"inLanguage\":\"en-US\"},{\"@type\":\"Organization\",\"@id\":\"https:\/\/tuctuc.ee\/en\/#organization\",\"name\":\"TucTuc Eesti\",\"url\":\"https:\/\/tuctuc.ee\/en\/\",\"logo\":{\"@type\":\"ImageObject\",\"inLanguage\":\"en-US\",\"@id\":\"https:\/\/tuctuc.ee\/en\/#\/schema\/logo\/image\/\",\"url\":\"https:\/\/i0.wp.com\/tuctuc.ee\/wp-content\/uploads\/2023\/10\/logo-164933761541.png?fit=109%2C122&ssl=1\",\"contentUrl\":\"https:\/\/i0.wp.com\/tuctuc.ee\/wp-content\/uploads\/2023\/10\/logo-164933761541.png?fit=109%2C122&ssl=1\",\"width\":109,\"height\":122,\"caption\":\"TucTuc Eesti\"},\"image\":{\"@id\":\"https:\/\/tuctuc.ee\/en\/#\/schema\/logo\/image\/\"}}]}<\/script>\n<!-- \/ Yoast SEO plugin. -->","yoast_head_json":{"title":"Heleroosa t\u00fcdrukute pluus - TucTuc Eesti","robots":{"index":"index","follow":"follow","max-snippet":"max-snippet:-1","max-image-preview":"max-image-preview:large","max-video-preview":"max-video-preview:-1"},"canonical":"https:\/\/tuctuc.ee\/en\/toode\/heleroosa-tudrukute-pluus\/","og_locale":"en_US","og_type":"article","og_title":"Heleroosa t\u00fcdrukute pluus - TucTuc Eesti","og_description":"See heleroosa t\u00fcdrukute pluus on valmistatud pehmest ja kergest kangast, mis on mugav kogu p\u00e4eva. Sellel on silmatorkav lilleprind roosades ja oran\u017eides toonides, mis lisab s\u00e4rava ja suvise h\u00f5ngu. M\u00f5lemal k\u00fcljel olevad volangid lisavad \u00f5rna ja elegantse detaili, r\u00f5hutades disaini seda \u00fclekoormamata. Lahe ja mugav r\u00f5ivas, mis sobib ideaalselt stiilse v\u00e4limuse loomiseks soojadel p\u00e4evadel. Materjal:...","og_url":"https:\/\/tuctuc.ee\/en\/toode\/heleroosa-tudrukute-pluus\/","og_site_name":"TucTuc Eesti","article_modified_time":"2026-04-28T15:16:54+00:00","og_image":[{"width":800,"height":1000,"url":"https:\/\/tuctuc.ee\/wp-content\/uploads\/2026\/04\/21108499.webp","type":"image\/webp"}],"twitter_card":"summary_large_image","twitter_misc":{"Est. reading time":"1 minute"},"schema":{"@context":"https:\/\/schema.org","@graph":[{"@type":"WebPage","@id":"https:\/\/tuctuc.ee\/en\/toode\/heleroosa-tudrukute-pluus\/","url":"https:\/\/tuctuc.ee\/en\/toode\/heleroosa-tudrukute-pluus\/","name":"Heleroosa t\u00fcdrukute pluus - TucTuc Eesti","isPartOf":{"@id":"https:\/\/tuctuc.ee\/en\/#website"},"datePublished":"2026-04-28T15:12:42+00:00","dateModified":"2026-04-28T15:16:54+00:00","breadcrumb":{"@id":"https:\/\/tuctuc.ee\/en\/toode\/heleroosa-tudrukute-pluus\/#breadcrumb"},"inLanguage":"en-US","potentialAction":[{"@type":"ReadAction","target":["https:\/\/tuctuc.ee\/en\/toode\/heleroosa-tudrukute-pluus\/"]}]},{"@type":"BreadcrumbList","@id":"https:\/\/tuctuc.ee\/en\/toode\/heleroosa-tudrukute-pluus\/#breadcrumb","itemListElement":[{"@type":"ListItem","position":1,"name":"Home","item":"https:\/\/tuctuc.ee\/en\/?page_id=269"},{"@type":"ListItem","position":2,"name":"Shop","item":"https:\/\/tuctuc.ee\/shop\/"},{"@type":"ListItem","position":3,"name":"Heleroosa t\u00fcdrukute pluus"}]},{"@type":"WebSite","@id":"https:\/\/tuctuc.ee\/en\/#website","url":"https:\/\/tuctuc.ee\/en\/","name":"TucTuc Eesti","description":"Eesti laster\u00f5ivaste veebipood - Stiilsed riided lastele igale vanusele. Avastage meie valikut n\u00fc\u00fcd!","publisher":{"@id":"https:\/\/tuctuc.ee\/en\/#organization"},"potentialAction":[{"@type":"SearchAction","target":{"@type":"EntryPoint","urlTemplate":"https:\/\/tuctuc.ee\/en\/?s={search_term_string}"},"query-input":"required name=search_term_string"}],"inLanguage":"en-US"},{"@type":"Organization","@id":"https:\/\/tuctuc.ee\/en\/#organization","name":"TucTuc Eesti","url":"https:\/\/tuctuc.ee\/en\/","logo":{"@type":"ImageObject","inLanguage":"en-US","@id":"https:\/\/tuctuc.ee\/en\/#\/schema\/logo\/image\/","url":"https:\/\/i0.wp.com\/tuctuc.ee\/wp-content\/uploads\/2023\/10\/logo-164933761541.png?fit=109%2C122&ssl=1","contentUrl":"https:\/\/i0.wp.com\/tuctuc.ee\/wp-content\/uploads\/2023\/10\/logo-164933761541.png?fit=109%2C122&ssl=1","width":109,"height":122,"caption":"TucTuc Eesti"},"image":{"@id":"https:\/\/tuctuc.ee\/en\/#\/schema\/logo\/image\/"}}]}},"jetpack_sharing_enabled":true,"_links":{"self":[{"href":"https:\/\/tuctuc.ee\/en\/wp-json\/wp\/v2\/product\/1010717","targetHints":{"allow":["GET"]}}],"collection":[{"href":"https:\/\/tuctuc.ee\/en\/wp-json\/wp\/v2\/product"}],"about":[{"href":"https:\/\/tuctuc.ee\/en\/wp-json\/wp\/v2\/types\/product"}],"replies":[{"embeddable":true,"href":"https:\/\/tuctuc.ee\/en\/wp-json\/wp\/v2\/comments?post=1010717"}],"version-history":[{"count":1,"href":"https:\/\/tuctuc.ee\/en\/wp-json\/wp\/v2\/product\/1010717\/revisions"}],"predecessor-version":[{"id":1010734,"href":"https:\/\/tuctuc.ee\/en\/wp-json\/wp\/v2\/product\/1010717\/revisions\/1010734"}],"wp:featuredmedia":[{"embeddable":true,"href":"https:\/\/tuctuc.ee\/en\/wp-json\/wp\/v2\/media\/1010724"}],"wp:attachment":[{"href":"https:\/\/tuctuc.ee\/en\/wp-json\/wp\/v2\/media?parent=1010717"}],"wp:term":[{"taxonomy":"product_cat","embeddable":true,"href":"https:\/\/tuctuc.ee\/en\/wp-json\/wp\/v2\/product_cat?post=1010717"},{"taxonomy":"product_tag","embeddable":true,"href":"https:\/\/tuctuc.ee\/en\/wp-json\/wp\/v2\/product_tag?post=1010717"}],"curies":[{"name":"wp","href":"https:\/\/api.w.org\/{rel}","templated":true}]}}