{"id":1010654,"date":"2026-04-28T17:47:41","date_gmt":"2026-04-28T14:47:41","guid":{"rendered":"https:\/\/tuctuc.ee\/?post_type=product&#038;p=1010654"},"modified":"2026-04-28T17:52:44","modified_gmt":"2026-04-28T14:52:44","slug":"tudrukute-luhikesed-puksid-helesinisest-teksariidest","status":"publish","type":"product","link":"https:\/\/tuctuc.ee\/en\/toode\/tudrukute-luhikesed-puksid-helesinisest-teksariidest\/","title":{"rendered":"T\u00fcdrukute l\u00fchikesed p\u00fcksid helesinisest teksariidest"},"content":{"rendered":"<div class=\"vgblk-rw-wrapper limit-wrapper\">\n<p id=\"tw-target-text\" class=\"tw-data-text tw-text-large tw-ta\" dir=\"ltr\" role=\"text\" data-placeholder=\"Translation\" data-ved=\"2ahUKEwjJo_Oji5CUAxWCTVUIHc1QCuAQ3ewLegQIDBAV\" aria-label=\"Translated text: T\u00fcdrukute l\u00fchikesed p\u00fcksid pehmest helesinisest teksariidest \u2013 moodne l\u00e4henemine klassikale erilise puudutusega. P\u00fckstel on volangidega \u00e4\u00e4red m\u00e4ngulise ja naiseliku ilme andmiseks ning kontrastsed roosad \u00f5mblused stiilse ja modernse viimistluse saavutamiseks. Funktsionaalsed taskud ja v\u00f6\u00f6aasad v\u00f6\u00f6kohal tagavad mugava ja reguleeritava istuvuse. Ideaalsed T-s\u00e4rkide ja pluusidega kandmiseks v\u00e4rske ja suvise ilme saavutamiseks.\"><span class=\"Y2IQFc\" lang=\"et\">T\u00fcdrukute l\u00fchikesed p\u00fcksid pehmest helesinisest teksariidest \u2013 moodne l\u00e4henemine klassikale erilise puudutusega. P\u00fckstel on volangidega \u00e4\u00e4red m\u00e4ngulise ja naiseliku ilme andmiseks ning kontrastsed roosad \u00f5mblused stiilse ja modernse viimistluse saavutamiseks. Funktsionaalsed taskud ja v\u00f6\u00f6aasad v\u00f6\u00f6kohal tagavad mugava ja reguleeritava istuvuse. Ideaalsed T-s\u00e4rkide ja pluusidega kandmiseks v\u00e4rske ja suvise ilme saavutamiseks.<\/span><\/p>\n<p dir=\"ltr\" data-placeholder=\"Translation\" data-ved=\"2ahUKEwjawPqThb-PAxWuExAIHTckJJwQ3ewLegQIChAV\" aria-label=\"Translated text: T\u00fcdrukute valge kootud s\u00e4rk roosade toonide flamingoprindiga, dekoratiivsete t\u00e4htedega ja n\u00f6\u00f6pkinnisega seljal h\u00f5lpsaks m\u00e4hkmete vahetuseks.\"><span class=\"Y2IQFc\" lang=\"et\">Materjal: 72% puuvill, 24% pol\u00fcester, 4% elastaan. <\/span><span class=\"Y2IQFc\" lang=\"et\">Juhised riiete hooldamiseks ja pesemiseks.\u00a0<\/span><\/p>\n<\/div>\n<p><!-- .vgblk-rw-wrapper --><\/p>\n","protected":false},"excerpt":{"rendered":"<p>T\u00fcdrukute l\u00fchikesed p\u00fcksid pehmest helesinisest teksariidest \u2013 moodne l\u00e4henemine klassikale erilise puudutusega. P\u00fckstel on volangidega \u00e4\u00e4red m\u00e4ngulise ja naiseliku ilme andmiseks ning kontrastsed roosad \u00f5mblused stiilse ja modernse viimistluse saavutamiseks. Funktsionaalsed taskud ja v\u00f6\u00f6aasad v\u00f6\u00f6kohal tagavad mugava ja reguleeritava istuvuse. Ideaalsed T-s\u00e4rkide ja pluusidega kandmiseks v\u00e4rske ja suvise ilme saavutamiseks. Materjal: 72% puuvill, 24% pol\u00fcester,&#8230;<\/p>\n","protected":false},"featured_media":1010663,"comment_status":"open","ping_status":"closed","template":"","meta":{"_themeisle_gutenberg_block_has_review":false},"product_cat":[453,318],"product_tag":[],"class_list":["post-1010654","product","type-product","status-publish","has-post-thumbnail","hentry","product_cat-luhikesed-puksid-tudrukud","product_cat-tudrukud"],"yoast_head":"<!-- This site is optimized with the Yoast SEO plugin v21.5 - https:\/\/yoast.com\/wordpress\/plugins\/seo\/ -->\n<title>T\u00fcdrukute l\u00fchikesed p\u00fcksid helesinisest teksariidest - TucTuc Eesti<\/title>\n<meta name=\"robots\" content=\"index, follow, max-snippet:-1, max-image-preview:large, max-video-preview:-1\" \/>\n<link rel=\"canonical\" href=\"https:\/\/tuctuc.ee\/en\/toode\/tudrukute-luhikesed-puksid-helesinisest-teksariidest\/\" \/>\n<meta property=\"og:locale\" content=\"en_US\" \/>\n<meta property=\"og:type\" content=\"article\" \/>\n<meta property=\"og:title\" content=\"T\u00fcdrukute l\u00fchikesed p\u00fcksid helesinisest teksariidest - TucTuc Eesti\" \/>\n<meta property=\"og:description\" content=\"T\u00fcdrukute l\u00fchikesed p\u00fcksid pehmest helesinisest teksariidest \u2013 moodne l\u00e4henemine klassikale erilise puudutusega. P\u00fckstel on volangidega \u00e4\u00e4red m\u00e4ngulise ja naiseliku ilme andmiseks ning kontrastsed roosad \u00f5mblused stiilse ja modernse viimistluse saavutamiseks. Funktsionaalsed taskud ja v\u00f6\u00f6aasad v\u00f6\u00f6kohal tagavad mugava ja reguleeritava istuvuse. Ideaalsed T-s\u00e4rkide ja pluusidega kandmiseks v\u00e4rske ja suvise ilme saavutamiseks. Materjal: 72% puuvill, 24% pol\u00fcester,...\" \/>\n<meta property=\"og:url\" content=\"https:\/\/tuctuc.ee\/en\/toode\/tudrukute-luhikesed-puksid-helesinisest-teksariidest\/\" \/>\n<meta property=\"og:site_name\" content=\"TucTuc Eesti\" \/>\n<meta property=\"article:modified_time\" content=\"2026-04-28T14:52:44+00:00\" \/>\n<meta property=\"og:image\" content=\"https:\/\/tuctuc.ee\/wp-content\/uploads\/2026\/04\/21108996.webp\" \/>\n\t<meta property=\"og:image:width\" content=\"800\" \/>\n\t<meta property=\"og:image:height\" content=\"1000\" \/>\n\t<meta property=\"og:image:type\" content=\"image\/webp\" \/>\n<meta name=\"twitter:card\" content=\"summary_large_image\" \/>\n<meta name=\"twitter:label1\" content=\"Est. reading time\" \/>\n\t<meta name=\"twitter:data1\" content=\"1 minute\" \/>\n<script type=\"application\/ld+json\" class=\"yoast-schema-graph\">{\"@context\":\"https:\/\/schema.org\",\"@graph\":[{\"@type\":\"WebPage\",\"@id\":\"https:\/\/tuctuc.ee\/en\/toode\/tudrukute-luhikesed-puksid-helesinisest-teksariidest\/\",\"url\":\"https:\/\/tuctuc.ee\/en\/toode\/tudrukute-luhikesed-puksid-helesinisest-teksariidest\/\",\"name\":\"T\u00fcdrukute l\u00fchikesed p\u00fcksid helesinisest teksariidest - TucTuc Eesti\",\"isPartOf\":{\"@id\":\"https:\/\/tuctuc.ee\/en\/#website\"},\"datePublished\":\"2026-04-28T14:47:41+00:00\",\"dateModified\":\"2026-04-28T14:52:44+00:00\",\"breadcrumb\":{\"@id\":\"https:\/\/tuctuc.ee\/en\/toode\/tudrukute-luhikesed-puksid-helesinisest-teksariidest\/#breadcrumb\"},\"inLanguage\":\"en-US\",\"potentialAction\":[{\"@type\":\"ReadAction\",\"target\":[\"https:\/\/tuctuc.ee\/en\/toode\/tudrukute-luhikesed-puksid-helesinisest-teksariidest\/\"]}]},{\"@type\":\"BreadcrumbList\",\"@id\":\"https:\/\/tuctuc.ee\/en\/toode\/tudrukute-luhikesed-puksid-helesinisest-teksariidest\/#breadcrumb\",\"itemListElement\":[{\"@type\":\"ListItem\",\"position\":1,\"name\":\"Home\",\"item\":\"https:\/\/tuctuc.ee\/en\/?page_id=269\"},{\"@type\":\"ListItem\",\"position\":2,\"name\":\"Shop\",\"item\":\"https:\/\/tuctuc.ee\/shop\/\"},{\"@type\":\"ListItem\",\"position\":3,\"name\":\"T\u00fcdrukute l\u00fchikesed p\u00fcksid helesinisest teksariidest\"}]},{\"@type\":\"WebSite\",\"@id\":\"https:\/\/tuctuc.ee\/en\/#website\",\"url\":\"https:\/\/tuctuc.ee\/en\/\",\"name\":\"TucTuc Eesti\",\"description\":\"Eesti laster\u00f5ivaste veebipood - Stiilsed riided lastele igale vanusele. Avastage meie valikut n\u00fc\u00fcd!\",\"publisher\":{\"@id\":\"https:\/\/tuctuc.ee\/en\/#organization\"},\"potentialAction\":[{\"@type\":\"SearchAction\",\"target\":{\"@type\":\"EntryPoint\",\"urlTemplate\":\"https:\/\/tuctuc.ee\/en\/?s={search_term_string}\"},\"query-input\":\"required name=search_term_string\"}],\"inLanguage\":\"en-US\"},{\"@type\":\"Organization\",\"@id\":\"https:\/\/tuctuc.ee\/en\/#organization\",\"name\":\"TucTuc Eesti\",\"url\":\"https:\/\/tuctuc.ee\/en\/\",\"logo\":{\"@type\":\"ImageObject\",\"inLanguage\":\"en-US\",\"@id\":\"https:\/\/tuctuc.ee\/en\/#\/schema\/logo\/image\/\",\"url\":\"https:\/\/i0.wp.com\/tuctuc.ee\/wp-content\/uploads\/2023\/10\/logo-164933761541.png?fit=109%2C122&ssl=1\",\"contentUrl\":\"https:\/\/i0.wp.com\/tuctuc.ee\/wp-content\/uploads\/2023\/10\/logo-164933761541.png?fit=109%2C122&ssl=1\",\"width\":109,\"height\":122,\"caption\":\"TucTuc Eesti\"},\"image\":{\"@id\":\"https:\/\/tuctuc.ee\/en\/#\/schema\/logo\/image\/\"}}]}<\/script>\n<!-- \/ Yoast SEO plugin. -->","yoast_head_json":{"title":"T\u00fcdrukute l\u00fchikesed p\u00fcksid helesinisest teksariidest - TucTuc Eesti","robots":{"index":"index","follow":"follow","max-snippet":"max-snippet:-1","max-image-preview":"max-image-preview:large","max-video-preview":"max-video-preview:-1"},"canonical":"https:\/\/tuctuc.ee\/en\/toode\/tudrukute-luhikesed-puksid-helesinisest-teksariidest\/","og_locale":"en_US","og_type":"article","og_title":"T\u00fcdrukute l\u00fchikesed p\u00fcksid helesinisest teksariidest - TucTuc Eesti","og_description":"T\u00fcdrukute l\u00fchikesed p\u00fcksid pehmest helesinisest teksariidest \u2013 moodne l\u00e4henemine klassikale erilise puudutusega. P\u00fckstel on volangidega \u00e4\u00e4red m\u00e4ngulise ja naiseliku ilme andmiseks ning kontrastsed roosad \u00f5mblused stiilse ja modernse viimistluse saavutamiseks. Funktsionaalsed taskud ja v\u00f6\u00f6aasad v\u00f6\u00f6kohal tagavad mugava ja reguleeritava istuvuse. Ideaalsed T-s\u00e4rkide ja pluusidega kandmiseks v\u00e4rske ja suvise ilme saavutamiseks. Materjal: 72% puuvill, 24% pol\u00fcester,...","og_url":"https:\/\/tuctuc.ee\/en\/toode\/tudrukute-luhikesed-puksid-helesinisest-teksariidest\/","og_site_name":"TucTuc Eesti","article_modified_time":"2026-04-28T14:52:44+00:00","og_image":[{"width":800,"height":1000,"url":"https:\/\/tuctuc.ee\/wp-content\/uploads\/2026\/04\/21108996.webp","type":"image\/webp"}],"twitter_card":"summary_large_image","twitter_misc":{"Est. reading time":"1 minute"},"schema":{"@context":"https:\/\/schema.org","@graph":[{"@type":"WebPage","@id":"https:\/\/tuctuc.ee\/en\/toode\/tudrukute-luhikesed-puksid-helesinisest-teksariidest\/","url":"https:\/\/tuctuc.ee\/en\/toode\/tudrukute-luhikesed-puksid-helesinisest-teksariidest\/","name":"T\u00fcdrukute l\u00fchikesed p\u00fcksid helesinisest teksariidest - TucTuc Eesti","isPartOf":{"@id":"https:\/\/tuctuc.ee\/en\/#website"},"datePublished":"2026-04-28T14:47:41+00:00","dateModified":"2026-04-28T14:52:44+00:00","breadcrumb":{"@id":"https:\/\/tuctuc.ee\/en\/toode\/tudrukute-luhikesed-puksid-helesinisest-teksariidest\/#breadcrumb"},"inLanguage":"en-US","potentialAction":[{"@type":"ReadAction","target":["https:\/\/tuctuc.ee\/en\/toode\/tudrukute-luhikesed-puksid-helesinisest-teksariidest\/"]}]},{"@type":"BreadcrumbList","@id":"https:\/\/tuctuc.ee\/en\/toode\/tudrukute-luhikesed-puksid-helesinisest-teksariidest\/#breadcrumb","itemListElement":[{"@type":"ListItem","position":1,"name":"Home","item":"https:\/\/tuctuc.ee\/en\/?page_id=269"},{"@type":"ListItem","position":2,"name":"Shop","item":"https:\/\/tuctuc.ee\/shop\/"},{"@type":"ListItem","position":3,"name":"T\u00fcdrukute l\u00fchikesed p\u00fcksid helesinisest teksariidest"}]},{"@type":"WebSite","@id":"https:\/\/tuctuc.ee\/en\/#website","url":"https:\/\/tuctuc.ee\/en\/","name":"TucTuc Eesti","description":"Eesti laster\u00f5ivaste veebipood - Stiilsed riided lastele igale vanusele. Avastage meie valikut n\u00fc\u00fcd!","publisher":{"@id":"https:\/\/tuctuc.ee\/en\/#organization"},"potentialAction":[{"@type":"SearchAction","target":{"@type":"EntryPoint","urlTemplate":"https:\/\/tuctuc.ee\/en\/?s={search_term_string}"},"query-input":"required name=search_term_string"}],"inLanguage":"en-US"},{"@type":"Organization","@id":"https:\/\/tuctuc.ee\/en\/#organization","name":"TucTuc Eesti","url":"https:\/\/tuctuc.ee\/en\/","logo":{"@type":"ImageObject","inLanguage":"en-US","@id":"https:\/\/tuctuc.ee\/en\/#\/schema\/logo\/image\/","url":"https:\/\/i0.wp.com\/tuctuc.ee\/wp-content\/uploads\/2023\/10\/logo-164933761541.png?fit=109%2C122&ssl=1","contentUrl":"https:\/\/i0.wp.com\/tuctuc.ee\/wp-content\/uploads\/2023\/10\/logo-164933761541.png?fit=109%2C122&ssl=1","width":109,"height":122,"caption":"TucTuc Eesti"},"image":{"@id":"https:\/\/tuctuc.ee\/en\/#\/schema\/logo\/image\/"}}]}},"jetpack_sharing_enabled":true,"_links":{"self":[{"href":"https:\/\/tuctuc.ee\/en\/wp-json\/wp\/v2\/product\/1010654","targetHints":{"allow":["GET"]}}],"collection":[{"href":"https:\/\/tuctuc.ee\/en\/wp-json\/wp\/v2\/product"}],"about":[{"href":"https:\/\/tuctuc.ee\/en\/wp-json\/wp\/v2\/types\/product"}],"replies":[{"embeddable":true,"href":"https:\/\/tuctuc.ee\/en\/wp-json\/wp\/v2\/comments?post=1010654"}],"version-history":[{"count":1,"href":"https:\/\/tuctuc.ee\/en\/wp-json\/wp\/v2\/product\/1010654\/revisions"}],"predecessor-version":[{"id":1010673,"href":"https:\/\/tuctuc.ee\/en\/wp-json\/wp\/v2\/product\/1010654\/revisions\/1010673"}],"wp:featuredmedia":[{"embeddable":true,"href":"https:\/\/tuctuc.ee\/en\/wp-json\/wp\/v2\/media\/1010663"}],"wp:attachment":[{"href":"https:\/\/tuctuc.ee\/en\/wp-json\/wp\/v2\/media?parent=1010654"}],"wp:term":[{"taxonomy":"product_cat","embeddable":true,"href":"https:\/\/tuctuc.ee\/en\/wp-json\/wp\/v2\/product_cat?post=1010654"},{"taxonomy":"product_tag","embeddable":true,"href":"https:\/\/tuctuc.ee\/en\/wp-json\/wp\/v2\/product_tag?post=1010654"}],"curies":[{"name":"wp","href":"https:\/\/api.w.org\/{rel}","templated":true}]}}