{"id":1010367,"date":"2026-04-28T13:00:08","date_gmt":"2026-04-28T10:00:08","guid":{"rendered":"https:\/\/tuctuc.ee\/?post_type=product&#038;p=1010367"},"modified":"2026-04-28T13:06:02","modified_gmt":"2026-04-28T10:06:02","slug":"vanaroosa-tudrukute-t-sark","status":"publish","type":"product","link":"https:\/\/tuctuc.ee\/en\/toode\/vanaroosa-tudrukute-t-sark\/","title":{"rendered":"Vanaroosa t\u00fcdrukute T-s\u00e4rk"},"content":{"rendered":"<div class=\"vgblk-rw-wrapper limit-wrapper\">\n<p id=\"tw-target-text\" class=\"tw-data-text tw-text-large tw-ta\" dir=\"ltr\" role=\"text\" data-placeholder=\"Translation\" data-ved=\"2ahUKEwjJo_Oji5CUAxWCTVUIHc1QCuAQ3ewLegQIDBAV\" aria-label=\"Translated text: See must t\u00fcdrukute T-s\u00e4rk on valmistatud pehmest ja mugavast kootud kangast, mis sobib kandmiseks terve p\u00e4eva. Sellel on suur lillemuster kollastes, valgetes ja kergelt sinistes toonides, mis loob tumeda taustaga silmatorkava kontrasti ja lisab modernset suvist stiili. Dekoratiivne s\u00f5lm ees annab siluetile l\u00f5\u00f5gastava ja kaasaegse ilme. \u00d5lal olev trukkkinnitus muudab selgapanemise lihtsaks ja tagab mugava istuvuse, ilma et see stiili arvelt j\u00e4rele annaks. Mitmek\u00fclgne r\u00f5ivas, mida on lihtne kombineerida ning mis sobib ideaalselt v\u00e4rske ja stiilse v\u00e4limuse loomiseks.\">See vanaroosa t\u00fcdrukute T-s\u00e4rk on valmistatud pehmest ja mugavast kangast, mis sobib ideaalselt igap\u00e4evaseks kandmiseks. L\u00fchikeste varrukate ja \u00fcmara kaelusega s\u00e4rk on mugav ja hea istuvusega. Ees on erksav\u00e4rviline dekoratiivne tr\u00fckis, mis lisab modernset ja vabaaja h\u00f5ngu. K\u00fclje volangid lisavad eristuva detaili, mis toob figuuri esile ja annab ainulaadse ning kaasaegse viimistluse. See mitmek\u00fclgne r\u00f5ivas \u00fchendab stiili ja mugavuse iga vabaaja riietuse jaoks.<\/p>\n<p dir=\"ltr\" data-placeholder=\"Translation\" data-ved=\"2ahUKEwjawPqThb-PAxWuExAIHTckJJwQ3ewLegQIChAV\" aria-label=\"Translated text: T\u00fcdrukute valge kootud s\u00e4rk roosade toonide flamingoprindiga, dekoratiivsete t\u00e4htedega ja n\u00f6\u00f6pkinnisega seljal h\u00f5lpsaks m\u00e4hkmete vahetuseks.\"><span class=\"Y2IQFc\" lang=\"et\">Materjal: 95% puuvill, 5% elastaan. <\/span><span class=\"Y2IQFc\" lang=\"et\">Juhised riiete hooldamiseks ja pesemiseks.\u00a0<\/span><\/p>\n<\/div>\n<p><!-- .vgblk-rw-wrapper --><\/p>\n","protected":false},"excerpt":{"rendered":"<p>See vanaroosa t\u00fcdrukute T-s\u00e4rk on valmistatud pehmest ja mugavast kangast, mis sobib ideaalselt igap\u00e4evaseks kandmiseks. L\u00fchikeste varrukate ja \u00fcmara kaelusega s\u00e4rk on mugav ja hea istuvusega. Ees on erksav\u00e4rviline dekoratiivne tr\u00fckis, mis lisab modernset ja vabaaja h\u00f5ngu. K\u00fclje volangid lisavad eristuva detaili, mis toob figuuri esile ja annab ainulaadse ning kaasaegse viimistluse. See mitmek\u00fclgne r\u00f5ivas&#8230;<\/p>\n","protected":false},"featured_media":1010373,"comment_status":"open","ping_status":"closed","template":"","meta":{"_themeisle_gutenberg_block_has_review":false},"product_cat":[427,318],"product_tag":[],"class_list":["post-1010367","product","type-product","status-publish","has-post-thumbnail","hentry","product_cat-t-sark-luhikeste-varrukatega-tudrukud","product_cat-tudrukud"],"yoast_head":"<!-- This site is optimized with the Yoast SEO plugin v21.5 - https:\/\/yoast.com\/wordpress\/plugins\/seo\/ -->\n<title>Vanaroosa t\u00fcdrukute T-s\u00e4rk - TucTuc Eesti<\/title>\n<meta name=\"robots\" content=\"index, follow, max-snippet:-1, max-image-preview:large, max-video-preview:-1\" \/>\n<link rel=\"canonical\" href=\"https:\/\/tuctuc.ee\/en\/toode\/vanaroosa-tudrukute-t-sark\/\" \/>\n<meta property=\"og:locale\" content=\"en_US\" \/>\n<meta property=\"og:type\" content=\"article\" \/>\n<meta property=\"og:title\" content=\"Vanaroosa t\u00fcdrukute T-s\u00e4rk - TucTuc Eesti\" \/>\n<meta property=\"og:description\" content=\"See vanaroosa t\u00fcdrukute T-s\u00e4rk on valmistatud pehmest ja mugavast kangast, mis sobib ideaalselt igap\u00e4evaseks kandmiseks. L\u00fchikeste varrukate ja \u00fcmara kaelusega s\u00e4rk on mugav ja hea istuvusega. Ees on erksav\u00e4rviline dekoratiivne tr\u00fckis, mis lisab modernset ja vabaaja h\u00f5ngu. K\u00fclje volangid lisavad eristuva detaili, mis toob figuuri esile ja annab ainulaadse ning kaasaegse viimistluse. See mitmek\u00fclgne r\u00f5ivas...\" \/>\n<meta property=\"og:url\" content=\"https:\/\/tuctuc.ee\/en\/toode\/vanaroosa-tudrukute-t-sark\/\" \/>\n<meta property=\"og:site_name\" content=\"TucTuc Eesti\" \/>\n<meta property=\"article:modified_time\" content=\"2026-04-28T10:06:02+00:00\" \/>\n<meta property=\"og:image\" content=\"https:\/\/tuctuc.ee\/wp-content\/uploads\/2026\/04\/21108290.webp\" \/>\n\t<meta property=\"og:image:width\" content=\"800\" \/>\n\t<meta property=\"og:image:height\" content=\"1000\" \/>\n\t<meta property=\"og:image:type\" content=\"image\/webp\" \/>\n<meta name=\"twitter:card\" content=\"summary_large_image\" \/>\n<meta name=\"twitter:label1\" content=\"Est. reading time\" \/>\n\t<meta name=\"twitter:data1\" content=\"1 minute\" \/>\n<script type=\"application\/ld+json\" class=\"yoast-schema-graph\">{\"@context\":\"https:\/\/schema.org\",\"@graph\":[{\"@type\":\"WebPage\",\"@id\":\"https:\/\/tuctuc.ee\/en\/toode\/vanaroosa-tudrukute-t-sark\/\",\"url\":\"https:\/\/tuctuc.ee\/en\/toode\/vanaroosa-tudrukute-t-sark\/\",\"name\":\"Vanaroosa t\u00fcdrukute T-s\u00e4rk - TucTuc Eesti\",\"isPartOf\":{\"@id\":\"https:\/\/tuctuc.ee\/en\/#website\"},\"datePublished\":\"2026-04-28T10:00:08+00:00\",\"dateModified\":\"2026-04-28T10:06:02+00:00\",\"breadcrumb\":{\"@id\":\"https:\/\/tuctuc.ee\/en\/toode\/vanaroosa-tudrukute-t-sark\/#breadcrumb\"},\"inLanguage\":\"en-US\",\"potentialAction\":[{\"@type\":\"ReadAction\",\"target\":[\"https:\/\/tuctuc.ee\/en\/toode\/vanaroosa-tudrukute-t-sark\/\"]}]},{\"@type\":\"BreadcrumbList\",\"@id\":\"https:\/\/tuctuc.ee\/en\/toode\/vanaroosa-tudrukute-t-sark\/#breadcrumb\",\"itemListElement\":[{\"@type\":\"ListItem\",\"position\":1,\"name\":\"Home\",\"item\":\"https:\/\/tuctuc.ee\/en\/?page_id=269\"},{\"@type\":\"ListItem\",\"position\":2,\"name\":\"Shop\",\"item\":\"https:\/\/tuctuc.ee\/shop\/\"},{\"@type\":\"ListItem\",\"position\":3,\"name\":\"Vanaroosa t\u00fcdrukute T-s\u00e4rk\"}]},{\"@type\":\"WebSite\",\"@id\":\"https:\/\/tuctuc.ee\/en\/#website\",\"url\":\"https:\/\/tuctuc.ee\/en\/\",\"name\":\"TucTuc Eesti\",\"description\":\"Eesti laster\u00f5ivaste veebipood - Stiilsed riided lastele igale vanusele. Avastage meie valikut n\u00fc\u00fcd!\",\"publisher\":{\"@id\":\"https:\/\/tuctuc.ee\/en\/#organization\"},\"potentialAction\":[{\"@type\":\"SearchAction\",\"target\":{\"@type\":\"EntryPoint\",\"urlTemplate\":\"https:\/\/tuctuc.ee\/en\/?s={search_term_string}\"},\"query-input\":\"required name=search_term_string\"}],\"inLanguage\":\"en-US\"},{\"@type\":\"Organization\",\"@id\":\"https:\/\/tuctuc.ee\/en\/#organization\",\"name\":\"TucTuc Eesti\",\"url\":\"https:\/\/tuctuc.ee\/en\/\",\"logo\":{\"@type\":\"ImageObject\",\"inLanguage\":\"en-US\",\"@id\":\"https:\/\/tuctuc.ee\/en\/#\/schema\/logo\/image\/\",\"url\":\"https:\/\/i0.wp.com\/tuctuc.ee\/wp-content\/uploads\/2023\/10\/logo-164933761541.png?fit=109%2C122&ssl=1\",\"contentUrl\":\"https:\/\/i0.wp.com\/tuctuc.ee\/wp-content\/uploads\/2023\/10\/logo-164933761541.png?fit=109%2C122&ssl=1\",\"width\":109,\"height\":122,\"caption\":\"TucTuc Eesti\"},\"image\":{\"@id\":\"https:\/\/tuctuc.ee\/en\/#\/schema\/logo\/image\/\"}}]}<\/script>\n<!-- \/ Yoast SEO plugin. -->","yoast_head_json":{"title":"Vanaroosa t\u00fcdrukute T-s\u00e4rk - TucTuc Eesti","robots":{"index":"index","follow":"follow","max-snippet":"max-snippet:-1","max-image-preview":"max-image-preview:large","max-video-preview":"max-video-preview:-1"},"canonical":"https:\/\/tuctuc.ee\/en\/toode\/vanaroosa-tudrukute-t-sark\/","og_locale":"en_US","og_type":"article","og_title":"Vanaroosa t\u00fcdrukute T-s\u00e4rk - TucTuc Eesti","og_description":"See vanaroosa t\u00fcdrukute T-s\u00e4rk on valmistatud pehmest ja mugavast kangast, mis sobib ideaalselt igap\u00e4evaseks kandmiseks. L\u00fchikeste varrukate ja \u00fcmara kaelusega s\u00e4rk on mugav ja hea istuvusega. Ees on erksav\u00e4rviline dekoratiivne tr\u00fckis, mis lisab modernset ja vabaaja h\u00f5ngu. K\u00fclje volangid lisavad eristuva detaili, mis toob figuuri esile ja annab ainulaadse ning kaasaegse viimistluse. See mitmek\u00fclgne r\u00f5ivas...","og_url":"https:\/\/tuctuc.ee\/en\/toode\/vanaroosa-tudrukute-t-sark\/","og_site_name":"TucTuc Eesti","article_modified_time":"2026-04-28T10:06:02+00:00","og_image":[{"width":800,"height":1000,"url":"https:\/\/tuctuc.ee\/wp-content\/uploads\/2026\/04\/21108290.webp","type":"image\/webp"}],"twitter_card":"summary_large_image","twitter_misc":{"Est. reading time":"1 minute"},"schema":{"@context":"https:\/\/schema.org","@graph":[{"@type":"WebPage","@id":"https:\/\/tuctuc.ee\/en\/toode\/vanaroosa-tudrukute-t-sark\/","url":"https:\/\/tuctuc.ee\/en\/toode\/vanaroosa-tudrukute-t-sark\/","name":"Vanaroosa t\u00fcdrukute T-s\u00e4rk - TucTuc Eesti","isPartOf":{"@id":"https:\/\/tuctuc.ee\/en\/#website"},"datePublished":"2026-04-28T10:00:08+00:00","dateModified":"2026-04-28T10:06:02+00:00","breadcrumb":{"@id":"https:\/\/tuctuc.ee\/en\/toode\/vanaroosa-tudrukute-t-sark\/#breadcrumb"},"inLanguage":"en-US","potentialAction":[{"@type":"ReadAction","target":["https:\/\/tuctuc.ee\/en\/toode\/vanaroosa-tudrukute-t-sark\/"]}]},{"@type":"BreadcrumbList","@id":"https:\/\/tuctuc.ee\/en\/toode\/vanaroosa-tudrukute-t-sark\/#breadcrumb","itemListElement":[{"@type":"ListItem","position":1,"name":"Home","item":"https:\/\/tuctuc.ee\/en\/?page_id=269"},{"@type":"ListItem","position":2,"name":"Shop","item":"https:\/\/tuctuc.ee\/shop\/"},{"@type":"ListItem","position":3,"name":"Vanaroosa t\u00fcdrukute T-s\u00e4rk"}]},{"@type":"WebSite","@id":"https:\/\/tuctuc.ee\/en\/#website","url":"https:\/\/tuctuc.ee\/en\/","name":"TucTuc Eesti","description":"Eesti laster\u00f5ivaste veebipood - Stiilsed riided lastele igale vanusele. Avastage meie valikut n\u00fc\u00fcd!","publisher":{"@id":"https:\/\/tuctuc.ee\/en\/#organization"},"potentialAction":[{"@type":"SearchAction","target":{"@type":"EntryPoint","urlTemplate":"https:\/\/tuctuc.ee\/en\/?s={search_term_string}"},"query-input":"required name=search_term_string"}],"inLanguage":"en-US"},{"@type":"Organization","@id":"https:\/\/tuctuc.ee\/en\/#organization","name":"TucTuc Eesti","url":"https:\/\/tuctuc.ee\/en\/","logo":{"@type":"ImageObject","inLanguage":"en-US","@id":"https:\/\/tuctuc.ee\/en\/#\/schema\/logo\/image\/","url":"https:\/\/i0.wp.com\/tuctuc.ee\/wp-content\/uploads\/2023\/10\/logo-164933761541.png?fit=109%2C122&ssl=1","contentUrl":"https:\/\/i0.wp.com\/tuctuc.ee\/wp-content\/uploads\/2023\/10\/logo-164933761541.png?fit=109%2C122&ssl=1","width":109,"height":122,"caption":"TucTuc Eesti"},"image":{"@id":"https:\/\/tuctuc.ee\/en\/#\/schema\/logo\/image\/"}}]}},"jetpack_sharing_enabled":true,"_links":{"self":[{"href":"https:\/\/tuctuc.ee\/en\/wp-json\/wp\/v2\/product\/1010367","targetHints":{"allow":["GET"]}}],"collection":[{"href":"https:\/\/tuctuc.ee\/en\/wp-json\/wp\/v2\/product"}],"about":[{"href":"https:\/\/tuctuc.ee\/en\/wp-json\/wp\/v2\/types\/product"}],"replies":[{"embeddable":true,"href":"https:\/\/tuctuc.ee\/en\/wp-json\/wp\/v2\/comments?post=1010367"}],"version-history":[{"count":1,"href":"https:\/\/tuctuc.ee\/en\/wp-json\/wp\/v2\/product\/1010367\/revisions"}],"predecessor-version":[{"id":1010384,"href":"https:\/\/tuctuc.ee\/en\/wp-json\/wp\/v2\/product\/1010367\/revisions\/1010384"}],"wp:featuredmedia":[{"embeddable":true,"href":"https:\/\/tuctuc.ee\/en\/wp-json\/wp\/v2\/media\/1010373"}],"wp:attachment":[{"href":"https:\/\/tuctuc.ee\/en\/wp-json\/wp\/v2\/media?parent=1010367"}],"wp:term":[{"taxonomy":"product_cat","embeddable":true,"href":"https:\/\/tuctuc.ee\/en\/wp-json\/wp\/v2\/product_cat?post=1010367"},{"taxonomy":"product_tag","embeddable":true,"href":"https:\/\/tuctuc.ee\/en\/wp-json\/wp\/v2\/product_tag?post=1010367"}],"curies":[{"name":"wp","href":"https:\/\/api.w.org\/{rel}","templated":true}]}}