{"id":1009940,"date":"2026-04-27T17:23:45","date_gmt":"2026-04-27T14:23:45","guid":{"rendered":"https:\/\/tuctuc.ee\/?post_type=product&#038;p=1009940"},"modified":"2026-04-27T17:28:21","modified_gmt":"2026-04-27T14:28:21","slug":"valge-tudrukute-t-sark-3","status":"publish","type":"product","link":"https:\/\/tuctuc.ee\/en\/toode\/valge-tudrukute-t-sark-3\/","title":{"rendered":"Valge t\u00fcdrukute T-s\u00e4rk"},"content":{"rendered":"<div class=\"vgblk-rw-wrapper limit-wrapper\">\n<p id=\"tw-target-text\" class=\"tw-data-text tw-text-large tw-ta\" dir=\"ltr\" role=\"text\" data-placeholder=\"Translation\" data-ved=\"2ahUKEwisvuiawI2UAxX3HxAIHYhRFMsQ3ewLegQIDBAV\" aria-label=\"Translated text: See t\u00fcdrukute T-s\u00e4rk on valmistatud pehmest kootud kangast, mis sobib ideaalselt igap\u00e4evaseks kandmiseks. Ees on v\u00e4rvilised lillelised aplikatsioonid, mis on valmistatud tekstuursest kangast ja lisavad r\u00f5\u00f5msameelset dekoratiivset h\u00f5ngu. L\u00fchikesed varrukad pakuvad mugavust ja liikumisvabadust, samas kui n\u00f6\u00f6pkinnitus \u00f5lal muudab selgapanemise lihtsaks. V\u00e4rske ja l\u00f5bus stiil, mis lisab igale riietusele erilise h\u00f5ngu.\"><span class=\"Y2IQFc\" lang=\"et\">See t\u00fcdrukute T-s\u00e4rk on valmistatud pehmest kootud kangast, mis sobib ideaalselt igap\u00e4evaseks kandmiseks. Ees on v\u00e4rvilised lillelised aplikatsioonid, mis on valmistatud tekstuursest kangast ja lisavad r\u00f5\u00f5msameelset dekoratiivset h\u00f5ngu. L\u00fchikesed varrukad pakuvad mugavust ja liikumisvabadust, samas kui n\u00f6\u00f6pkinnitus \u00f5lal muudab selgapanemise lihtsaks. V\u00e4rske ja l\u00f5bus stiil, mis lisab igale riietusele erilise h\u00f5ngu.<\/span><\/p>\n<p dir=\"ltr\" data-placeholder=\"Translation\" data-ved=\"2ahUKEwjawPqThb-PAxWuExAIHTckJJwQ3ewLegQIChAV\" aria-label=\"Translated text: T\u00fcdrukute valge kootud s\u00e4rk roosade toonide flamingoprindiga, dekoratiivsete t\u00e4htedega ja n\u00f6\u00f6pkinnisega seljal h\u00f5lpsaks m\u00e4hkmete vahetuseks.\"><span class=\"Y2IQFc\" lang=\"et\">Materjal: 95% puuvill, 5% elastaan. <\/span><span class=\"Y2IQFc\" lang=\"et\">Juhised riiete hooldamiseks ja pesemiseks.\u00a0<\/span><\/p>\n<\/div>\n<p><!-- .vgblk-rw-wrapper --><\/p>\n","protected":false},"excerpt":{"rendered":"<p>See t\u00fcdrukute T-s\u00e4rk on valmistatud pehmest kootud kangast, mis sobib ideaalselt igap\u00e4evaseks kandmiseks. Ees on v\u00e4rvilised lillelised aplikatsioonid, mis on valmistatud tekstuursest kangast ja lisavad r\u00f5\u00f5msameelset dekoratiivset h\u00f5ngu. L\u00fchikesed varrukad pakuvad mugavust ja liikumisvabadust, samas kui n\u00f6\u00f6pkinnitus \u00f5lal muudab selgapanemise lihtsaks. V\u00e4rske ja l\u00f5bus stiil, mis lisab igale riietusele erilise h\u00f5ngu. Materjal: 95% puuvill, 5%&#8230;<\/p>\n","protected":false},"featured_media":1009947,"comment_status":"open","ping_status":"closed","template":"","meta":{"_themeisle_gutenberg_block_has_review":false},"product_cat":[427,318],"product_tag":[],"class_list":["post-1009940","product","type-product","status-publish","has-post-thumbnail","hentry","product_cat-t-sark-luhikeste-varrukatega-tudrukud","product_cat-tudrukud"],"yoast_head":"<!-- This site is optimized with the Yoast SEO plugin v21.5 - https:\/\/yoast.com\/wordpress\/plugins\/seo\/ -->\n<title>Valge t\u00fcdrukute T-s\u00e4rk - TucTuc Eesti<\/title>\n<meta name=\"robots\" content=\"index, follow, max-snippet:-1, max-image-preview:large, max-video-preview:-1\" \/>\n<link rel=\"canonical\" href=\"https:\/\/tuctuc.ee\/en\/toode\/valge-tudrukute-t-sark-3\/\" \/>\n<meta property=\"og:locale\" content=\"en_US\" \/>\n<meta property=\"og:type\" content=\"article\" \/>\n<meta property=\"og:title\" content=\"Valge t\u00fcdrukute T-s\u00e4rk - TucTuc Eesti\" \/>\n<meta property=\"og:description\" content=\"See t\u00fcdrukute T-s\u00e4rk on valmistatud pehmest kootud kangast, mis sobib ideaalselt igap\u00e4evaseks kandmiseks. Ees on v\u00e4rvilised lillelised aplikatsioonid, mis on valmistatud tekstuursest kangast ja lisavad r\u00f5\u00f5msameelset dekoratiivset h\u00f5ngu. L\u00fchikesed varrukad pakuvad mugavust ja liikumisvabadust, samas kui n\u00f6\u00f6pkinnitus \u00f5lal muudab selgapanemise lihtsaks. V\u00e4rske ja l\u00f5bus stiil, mis lisab igale riietusele erilise h\u00f5ngu. Materjal: 95% puuvill, 5%...\" \/>\n<meta property=\"og:url\" content=\"https:\/\/tuctuc.ee\/en\/toode\/valge-tudrukute-t-sark-3\/\" \/>\n<meta property=\"og:site_name\" content=\"TucTuc Eesti\" \/>\n<meta property=\"article:modified_time\" content=\"2026-04-27T14:28:21+00:00\" \/>\n<meta property=\"og:image\" content=\"https:\/\/tuctuc.ee\/wp-content\/uploads\/2026\/04\/11409591.webp\" \/>\n\t<meta property=\"og:image:width\" content=\"800\" \/>\n\t<meta property=\"og:image:height\" content=\"1000\" \/>\n\t<meta property=\"og:image:type\" content=\"image\/webp\" \/>\n<meta name=\"twitter:card\" content=\"summary_large_image\" \/>\n<meta name=\"twitter:label1\" content=\"Est. reading time\" \/>\n\t<meta name=\"twitter:data1\" content=\"1 minute\" \/>\n<script type=\"application\/ld+json\" class=\"yoast-schema-graph\">{\"@context\":\"https:\/\/schema.org\",\"@graph\":[{\"@type\":\"WebPage\",\"@id\":\"https:\/\/tuctuc.ee\/en\/toode\/valge-tudrukute-t-sark-3\/\",\"url\":\"https:\/\/tuctuc.ee\/en\/toode\/valge-tudrukute-t-sark-3\/\",\"name\":\"Valge t\u00fcdrukute T-s\u00e4rk - TucTuc Eesti\",\"isPartOf\":{\"@id\":\"https:\/\/tuctuc.ee\/en\/#website\"},\"datePublished\":\"2026-04-27T14:23:45+00:00\",\"dateModified\":\"2026-04-27T14:28:21+00:00\",\"breadcrumb\":{\"@id\":\"https:\/\/tuctuc.ee\/en\/toode\/valge-tudrukute-t-sark-3\/#breadcrumb\"},\"inLanguage\":\"en-US\",\"potentialAction\":[{\"@type\":\"ReadAction\",\"target\":[\"https:\/\/tuctuc.ee\/en\/toode\/valge-tudrukute-t-sark-3\/\"]}]},{\"@type\":\"BreadcrumbList\",\"@id\":\"https:\/\/tuctuc.ee\/en\/toode\/valge-tudrukute-t-sark-3\/#breadcrumb\",\"itemListElement\":[{\"@type\":\"ListItem\",\"position\":1,\"name\":\"Home\",\"item\":\"https:\/\/tuctuc.ee\/en\/?page_id=269\"},{\"@type\":\"ListItem\",\"position\":2,\"name\":\"Shop\",\"item\":\"https:\/\/tuctuc.ee\/shop\/\"},{\"@type\":\"ListItem\",\"position\":3,\"name\":\"Valge t\u00fcdrukute T-s\u00e4rk\"}]},{\"@type\":\"WebSite\",\"@id\":\"https:\/\/tuctuc.ee\/en\/#website\",\"url\":\"https:\/\/tuctuc.ee\/en\/\",\"name\":\"TucTuc Eesti\",\"description\":\"Eesti laster\u00f5ivaste veebipood - Stiilsed riided lastele igale vanusele. Avastage meie valikut n\u00fc\u00fcd!\",\"publisher\":{\"@id\":\"https:\/\/tuctuc.ee\/en\/#organization\"},\"potentialAction\":[{\"@type\":\"SearchAction\",\"target\":{\"@type\":\"EntryPoint\",\"urlTemplate\":\"https:\/\/tuctuc.ee\/en\/?s={search_term_string}\"},\"query-input\":\"required name=search_term_string\"}],\"inLanguage\":\"en-US\"},{\"@type\":\"Organization\",\"@id\":\"https:\/\/tuctuc.ee\/en\/#organization\",\"name\":\"TucTuc Eesti\",\"url\":\"https:\/\/tuctuc.ee\/en\/\",\"logo\":{\"@type\":\"ImageObject\",\"inLanguage\":\"en-US\",\"@id\":\"https:\/\/tuctuc.ee\/en\/#\/schema\/logo\/image\/\",\"url\":\"https:\/\/i0.wp.com\/tuctuc.ee\/wp-content\/uploads\/2023\/10\/logo-164933761541.png?fit=109%2C122&ssl=1\",\"contentUrl\":\"https:\/\/i0.wp.com\/tuctuc.ee\/wp-content\/uploads\/2023\/10\/logo-164933761541.png?fit=109%2C122&ssl=1\",\"width\":109,\"height\":122,\"caption\":\"TucTuc Eesti\"},\"image\":{\"@id\":\"https:\/\/tuctuc.ee\/en\/#\/schema\/logo\/image\/\"}}]}<\/script>\n<!-- \/ Yoast SEO plugin. -->","yoast_head_json":{"title":"Valge t\u00fcdrukute T-s\u00e4rk - TucTuc Eesti","robots":{"index":"index","follow":"follow","max-snippet":"max-snippet:-1","max-image-preview":"max-image-preview:large","max-video-preview":"max-video-preview:-1"},"canonical":"https:\/\/tuctuc.ee\/en\/toode\/valge-tudrukute-t-sark-3\/","og_locale":"en_US","og_type":"article","og_title":"Valge t\u00fcdrukute T-s\u00e4rk - TucTuc Eesti","og_description":"See t\u00fcdrukute T-s\u00e4rk on valmistatud pehmest kootud kangast, mis sobib ideaalselt igap\u00e4evaseks kandmiseks. Ees on v\u00e4rvilised lillelised aplikatsioonid, mis on valmistatud tekstuursest kangast ja lisavad r\u00f5\u00f5msameelset dekoratiivset h\u00f5ngu. L\u00fchikesed varrukad pakuvad mugavust ja liikumisvabadust, samas kui n\u00f6\u00f6pkinnitus \u00f5lal muudab selgapanemise lihtsaks. V\u00e4rske ja l\u00f5bus stiil, mis lisab igale riietusele erilise h\u00f5ngu. Materjal: 95% puuvill, 5%...","og_url":"https:\/\/tuctuc.ee\/en\/toode\/valge-tudrukute-t-sark-3\/","og_site_name":"TucTuc Eesti","article_modified_time":"2026-04-27T14:28:21+00:00","og_image":[{"width":800,"height":1000,"url":"https:\/\/tuctuc.ee\/wp-content\/uploads\/2026\/04\/11409591.webp","type":"image\/webp"}],"twitter_card":"summary_large_image","twitter_misc":{"Est. reading time":"1 minute"},"schema":{"@context":"https:\/\/schema.org","@graph":[{"@type":"WebPage","@id":"https:\/\/tuctuc.ee\/en\/toode\/valge-tudrukute-t-sark-3\/","url":"https:\/\/tuctuc.ee\/en\/toode\/valge-tudrukute-t-sark-3\/","name":"Valge t\u00fcdrukute T-s\u00e4rk - TucTuc Eesti","isPartOf":{"@id":"https:\/\/tuctuc.ee\/en\/#website"},"datePublished":"2026-04-27T14:23:45+00:00","dateModified":"2026-04-27T14:28:21+00:00","breadcrumb":{"@id":"https:\/\/tuctuc.ee\/en\/toode\/valge-tudrukute-t-sark-3\/#breadcrumb"},"inLanguage":"en-US","potentialAction":[{"@type":"ReadAction","target":["https:\/\/tuctuc.ee\/en\/toode\/valge-tudrukute-t-sark-3\/"]}]},{"@type":"BreadcrumbList","@id":"https:\/\/tuctuc.ee\/en\/toode\/valge-tudrukute-t-sark-3\/#breadcrumb","itemListElement":[{"@type":"ListItem","position":1,"name":"Home","item":"https:\/\/tuctuc.ee\/en\/?page_id=269"},{"@type":"ListItem","position":2,"name":"Shop","item":"https:\/\/tuctuc.ee\/shop\/"},{"@type":"ListItem","position":3,"name":"Valge t\u00fcdrukute T-s\u00e4rk"}]},{"@type":"WebSite","@id":"https:\/\/tuctuc.ee\/en\/#website","url":"https:\/\/tuctuc.ee\/en\/","name":"TucTuc Eesti","description":"Eesti laster\u00f5ivaste veebipood - Stiilsed riided lastele igale vanusele. Avastage meie valikut n\u00fc\u00fcd!","publisher":{"@id":"https:\/\/tuctuc.ee\/en\/#organization"},"potentialAction":[{"@type":"SearchAction","target":{"@type":"EntryPoint","urlTemplate":"https:\/\/tuctuc.ee\/en\/?s={search_term_string}"},"query-input":"required name=search_term_string"}],"inLanguage":"en-US"},{"@type":"Organization","@id":"https:\/\/tuctuc.ee\/en\/#organization","name":"TucTuc Eesti","url":"https:\/\/tuctuc.ee\/en\/","logo":{"@type":"ImageObject","inLanguage":"en-US","@id":"https:\/\/tuctuc.ee\/en\/#\/schema\/logo\/image\/","url":"https:\/\/i0.wp.com\/tuctuc.ee\/wp-content\/uploads\/2023\/10\/logo-164933761541.png?fit=109%2C122&ssl=1","contentUrl":"https:\/\/i0.wp.com\/tuctuc.ee\/wp-content\/uploads\/2023\/10\/logo-164933761541.png?fit=109%2C122&ssl=1","width":109,"height":122,"caption":"TucTuc Eesti"},"image":{"@id":"https:\/\/tuctuc.ee\/en\/#\/schema\/logo\/image\/"}}]}},"jetpack_sharing_enabled":true,"_links":{"self":[{"href":"https:\/\/tuctuc.ee\/en\/wp-json\/wp\/v2\/product\/1009940","targetHints":{"allow":["GET"]}}],"collection":[{"href":"https:\/\/tuctuc.ee\/en\/wp-json\/wp\/v2\/product"}],"about":[{"href":"https:\/\/tuctuc.ee\/en\/wp-json\/wp\/v2\/types\/product"}],"replies":[{"embeddable":true,"href":"https:\/\/tuctuc.ee\/en\/wp-json\/wp\/v2\/comments?post=1009940"}],"version-history":[{"count":1,"href":"https:\/\/tuctuc.ee\/en\/wp-json\/wp\/v2\/product\/1009940\/revisions"}],"predecessor-version":[{"id":1009955,"href":"https:\/\/tuctuc.ee\/en\/wp-json\/wp\/v2\/product\/1009940\/revisions\/1009955"}],"wp:featuredmedia":[{"embeddable":true,"href":"https:\/\/tuctuc.ee\/en\/wp-json\/wp\/v2\/media\/1009947"}],"wp:attachment":[{"href":"https:\/\/tuctuc.ee\/en\/wp-json\/wp\/v2\/media?parent=1009940"}],"wp:term":[{"taxonomy":"product_cat","embeddable":true,"href":"https:\/\/tuctuc.ee\/en\/wp-json\/wp\/v2\/product_cat?post=1009940"},{"taxonomy":"product_tag","embeddable":true,"href":"https:\/\/tuctuc.ee\/en\/wp-json\/wp\/v2\/product_tag?post=1009940"}],"curies":[{"name":"wp","href":"https:\/\/api.w.org\/{rel}","templated":true}]}}