{"id":1009906,"date":"2026-04-27T17:02:14","date_gmt":"2026-04-27T14:02:14","guid":{"rendered":"https:\/\/tuctuc.ee\/?post_type=product&#038;p=1009906"},"modified":"2026-04-27T17:09:55","modified_gmt":"2026-04-27T14:09:55","slug":"fuksiaroosa-tudrukute-top","status":"publish","type":"product","link":"https:\/\/tuctuc.ee\/en\/toode\/fuksiaroosa-tudrukute-top\/","title":{"rendered":"Fuksiaroosa t\u00fcdrukute top"},"content":{"rendered":"<div class=\"vgblk-rw-wrapper limit-wrapper\">\n<p id=\"tw-target-text\" class=\"tw-data-text tw-text-large tw-ta\" dir=\"ltr\" role=\"text\" data-placeholder=\"Translation\" data-ved=\"2ahUKEwisvuiawI2UAxX3HxAIHYhRFMsQ3ewLegQIDBAV\" aria-label=\"Translated text: See fuksiaroosa t\u00fcdrukute topp on valmistatud kergest ja pehmest kangast, mis pakub mugavust terveks p\u00e4evaks. Sellel on mugav ja paindlik kortsutatud pihik ning volangidega varrukad, mis lisavad naiselikku ja v\u00e4rsket h\u00f5ngu. Eriline detail on reljeefne lilleline aplikatsioon \u00fchel \u00f5lapaelal, mis lisab \u00f5rna ja suvise tunde. See topp sobib ideaalselt erinevate riietega kandmiseks.\"><span class=\"Y2IQFc\" lang=\"et\">See fuksiaroosa t\u00fcdrukute top on valmistatud kergest ja pehmest kangast, mis pakub mugavust terveks p\u00e4evaks. Sellel on mugav ja paindlik kortsutatud pihik ning volangidega varrukad, mis lisavad naiselikku ja v\u00e4rsket h\u00f5ngu. Eriline detail on reljeefne lilleline aplikatsioon \u00fchel \u00f5lapaelal, mis lisab \u00f5rna ja suvise tunde. See top sobib ideaalselt erinevate riietega kandmiseks<\/span><\/p>\n<p dir=\"ltr\" data-placeholder=\"Translation\" data-ved=\"2ahUKEwjawPqThb-PAxWuExAIHTckJJwQ3ewLegQIChAV\" aria-label=\"Translated text: T\u00fcdrukute valge kootud s\u00e4rk roosade toonide flamingoprindiga, dekoratiivsete t\u00e4htedega ja n\u00f6\u00f6pkinnisega seljal h\u00f5lpsaks m\u00e4hkmete vahetuseks.\"><span class=\"Y2IQFc\" lang=\"et\">Materjal: 100% puuvill. <\/span><span class=\"Y2IQFc\" lang=\"et\">Juhised riiete hooldamiseks ja pesemiseks.\u00a0<\/span><\/p>\n<\/div>\n<p><!-- .vgblk-rw-wrapper --><\/p>\n","protected":false},"excerpt":{"rendered":"<p>See fuksiaroosa t\u00fcdrukute top on valmistatud kergest ja pehmest kangast, mis pakub mugavust terveks p\u00e4evaks. Sellel on mugav ja paindlik kortsutatud pihik ning volangidega varrukad, mis lisavad naiselikku ja v\u00e4rsket h\u00f5ngu. Eriline detail on reljeefne lilleline aplikatsioon \u00fchel \u00f5lapaelal, mis lisab \u00f5rna ja suvise tunde. See top sobib ideaalselt erinevate riietega kandmiseks Materjal: 100% puuvill&#8230;.<\/p>\n","protected":false},"featured_media":1009913,"comment_status":"open","ping_status":"closed","template":"","meta":{"_themeisle_gutenberg_block_has_review":false},"product_cat":[427,318],"product_tag":[],"class_list":["post-1009906","product","type-product","status-publish","has-post-thumbnail","hentry","product_cat-t-sark-luhikeste-varrukatega-tudrukud","product_cat-tudrukud"],"yoast_head":"<!-- This site is optimized with the Yoast SEO plugin v21.5 - https:\/\/yoast.com\/wordpress\/plugins\/seo\/ -->\n<title>Fuksiaroosa t\u00fcdrukute top - TucTuc Eesti<\/title>\n<meta name=\"robots\" content=\"index, follow, max-snippet:-1, max-image-preview:large, max-video-preview:-1\" \/>\n<link rel=\"canonical\" href=\"https:\/\/tuctuc.ee\/en\/toode\/fuksiaroosa-tudrukute-top\/\" \/>\n<meta property=\"og:locale\" content=\"en_US\" \/>\n<meta property=\"og:type\" content=\"article\" \/>\n<meta property=\"og:title\" content=\"Fuksiaroosa t\u00fcdrukute top - TucTuc Eesti\" \/>\n<meta property=\"og:description\" content=\"See fuksiaroosa t\u00fcdrukute top on valmistatud kergest ja pehmest kangast, mis pakub mugavust terveks p\u00e4evaks. Sellel on mugav ja paindlik kortsutatud pihik ning volangidega varrukad, mis lisavad naiselikku ja v\u00e4rsket h\u00f5ngu. Eriline detail on reljeefne lilleline aplikatsioon \u00fchel \u00f5lapaelal, mis lisab \u00f5rna ja suvise tunde. See top sobib ideaalselt erinevate riietega kandmiseks Materjal: 100% puuvill....\" \/>\n<meta property=\"og:url\" content=\"https:\/\/tuctuc.ee\/en\/toode\/fuksiaroosa-tudrukute-top\/\" \/>\n<meta property=\"og:site_name\" content=\"TucTuc Eesti\" \/>\n<meta property=\"article:modified_time\" content=\"2026-04-27T14:09:55+00:00\" \/>\n<meta property=\"og:image\" content=\"https:\/\/tuctuc.ee\/wp-content\/uploads\/2026\/04\/IMG_4786.jpg\" \/>\n\t<meta property=\"og:image:width\" content=\"1284\" \/>\n\t<meta property=\"og:image:height\" content=\"1284\" \/>\n\t<meta property=\"og:image:type\" content=\"image\/jpeg\" \/>\n<meta name=\"twitter:card\" content=\"summary_large_image\" \/>\n<meta name=\"twitter:label1\" content=\"Est. reading time\" \/>\n\t<meta name=\"twitter:data1\" content=\"1 minute\" \/>\n<script type=\"application\/ld+json\" class=\"yoast-schema-graph\">{\"@context\":\"https:\/\/schema.org\",\"@graph\":[{\"@type\":\"WebPage\",\"@id\":\"https:\/\/tuctuc.ee\/en\/toode\/fuksiaroosa-tudrukute-top\/\",\"url\":\"https:\/\/tuctuc.ee\/en\/toode\/fuksiaroosa-tudrukute-top\/\",\"name\":\"Fuksiaroosa t\u00fcdrukute top - TucTuc Eesti\",\"isPartOf\":{\"@id\":\"https:\/\/tuctuc.ee\/en\/#website\"},\"datePublished\":\"2026-04-27T14:02:14+00:00\",\"dateModified\":\"2026-04-27T14:09:55+00:00\",\"breadcrumb\":{\"@id\":\"https:\/\/tuctuc.ee\/en\/toode\/fuksiaroosa-tudrukute-top\/#breadcrumb\"},\"inLanguage\":\"en-US\",\"potentialAction\":[{\"@type\":\"ReadAction\",\"target\":[\"https:\/\/tuctuc.ee\/en\/toode\/fuksiaroosa-tudrukute-top\/\"]}]},{\"@type\":\"BreadcrumbList\",\"@id\":\"https:\/\/tuctuc.ee\/en\/toode\/fuksiaroosa-tudrukute-top\/#breadcrumb\",\"itemListElement\":[{\"@type\":\"ListItem\",\"position\":1,\"name\":\"Home\",\"item\":\"https:\/\/tuctuc.ee\/en\/?page_id=269\"},{\"@type\":\"ListItem\",\"position\":2,\"name\":\"Shop\",\"item\":\"https:\/\/tuctuc.ee\/shop\/\"},{\"@type\":\"ListItem\",\"position\":3,\"name\":\"Fuksiaroosa t\u00fcdrukute top\"}]},{\"@type\":\"WebSite\",\"@id\":\"https:\/\/tuctuc.ee\/en\/#website\",\"url\":\"https:\/\/tuctuc.ee\/en\/\",\"name\":\"TucTuc Eesti\",\"description\":\"Eesti laster\u00f5ivaste veebipood - Stiilsed riided lastele igale vanusele. Avastage meie valikut n\u00fc\u00fcd!\",\"publisher\":{\"@id\":\"https:\/\/tuctuc.ee\/en\/#organization\"},\"potentialAction\":[{\"@type\":\"SearchAction\",\"target\":{\"@type\":\"EntryPoint\",\"urlTemplate\":\"https:\/\/tuctuc.ee\/en\/?s={search_term_string}\"},\"query-input\":\"required name=search_term_string\"}],\"inLanguage\":\"en-US\"},{\"@type\":\"Organization\",\"@id\":\"https:\/\/tuctuc.ee\/en\/#organization\",\"name\":\"TucTuc Eesti\",\"url\":\"https:\/\/tuctuc.ee\/en\/\",\"logo\":{\"@type\":\"ImageObject\",\"inLanguage\":\"en-US\",\"@id\":\"https:\/\/tuctuc.ee\/en\/#\/schema\/logo\/image\/\",\"url\":\"https:\/\/i0.wp.com\/tuctuc.ee\/wp-content\/uploads\/2023\/10\/logo-164933761541.png?fit=109%2C122&ssl=1\",\"contentUrl\":\"https:\/\/i0.wp.com\/tuctuc.ee\/wp-content\/uploads\/2023\/10\/logo-164933761541.png?fit=109%2C122&ssl=1\",\"width\":109,\"height\":122,\"caption\":\"TucTuc Eesti\"},\"image\":{\"@id\":\"https:\/\/tuctuc.ee\/en\/#\/schema\/logo\/image\/\"}}]}<\/script>\n<!-- \/ Yoast SEO plugin. -->","yoast_head_json":{"title":"Fuksiaroosa t\u00fcdrukute top - TucTuc Eesti","robots":{"index":"index","follow":"follow","max-snippet":"max-snippet:-1","max-image-preview":"max-image-preview:large","max-video-preview":"max-video-preview:-1"},"canonical":"https:\/\/tuctuc.ee\/en\/toode\/fuksiaroosa-tudrukute-top\/","og_locale":"en_US","og_type":"article","og_title":"Fuksiaroosa t\u00fcdrukute top - TucTuc Eesti","og_description":"See fuksiaroosa t\u00fcdrukute top on valmistatud kergest ja pehmest kangast, mis pakub mugavust terveks p\u00e4evaks. Sellel on mugav ja paindlik kortsutatud pihik ning volangidega varrukad, mis lisavad naiselikku ja v\u00e4rsket h\u00f5ngu. Eriline detail on reljeefne lilleline aplikatsioon \u00fchel \u00f5lapaelal, mis lisab \u00f5rna ja suvise tunde. See top sobib ideaalselt erinevate riietega kandmiseks Materjal: 100% puuvill....","og_url":"https:\/\/tuctuc.ee\/en\/toode\/fuksiaroosa-tudrukute-top\/","og_site_name":"TucTuc Eesti","article_modified_time":"2026-04-27T14:09:55+00:00","og_image":[{"width":1284,"height":1284,"url":"https:\/\/tuctuc.ee\/wp-content\/uploads\/2026\/04\/IMG_4786.jpg","type":"image\/jpeg"}],"twitter_card":"summary_large_image","twitter_misc":{"Est. reading time":"1 minute"},"schema":{"@context":"https:\/\/schema.org","@graph":[{"@type":"WebPage","@id":"https:\/\/tuctuc.ee\/en\/toode\/fuksiaroosa-tudrukute-top\/","url":"https:\/\/tuctuc.ee\/en\/toode\/fuksiaroosa-tudrukute-top\/","name":"Fuksiaroosa t\u00fcdrukute top - TucTuc Eesti","isPartOf":{"@id":"https:\/\/tuctuc.ee\/en\/#website"},"datePublished":"2026-04-27T14:02:14+00:00","dateModified":"2026-04-27T14:09:55+00:00","breadcrumb":{"@id":"https:\/\/tuctuc.ee\/en\/toode\/fuksiaroosa-tudrukute-top\/#breadcrumb"},"inLanguage":"en-US","potentialAction":[{"@type":"ReadAction","target":["https:\/\/tuctuc.ee\/en\/toode\/fuksiaroosa-tudrukute-top\/"]}]},{"@type":"BreadcrumbList","@id":"https:\/\/tuctuc.ee\/en\/toode\/fuksiaroosa-tudrukute-top\/#breadcrumb","itemListElement":[{"@type":"ListItem","position":1,"name":"Home","item":"https:\/\/tuctuc.ee\/en\/?page_id=269"},{"@type":"ListItem","position":2,"name":"Shop","item":"https:\/\/tuctuc.ee\/shop\/"},{"@type":"ListItem","position":3,"name":"Fuksiaroosa t\u00fcdrukute top"}]},{"@type":"WebSite","@id":"https:\/\/tuctuc.ee\/en\/#website","url":"https:\/\/tuctuc.ee\/en\/","name":"TucTuc Eesti","description":"Eesti laster\u00f5ivaste veebipood - Stiilsed riided lastele igale vanusele. Avastage meie valikut n\u00fc\u00fcd!","publisher":{"@id":"https:\/\/tuctuc.ee\/en\/#organization"},"potentialAction":[{"@type":"SearchAction","target":{"@type":"EntryPoint","urlTemplate":"https:\/\/tuctuc.ee\/en\/?s={search_term_string}"},"query-input":"required name=search_term_string"}],"inLanguage":"en-US"},{"@type":"Organization","@id":"https:\/\/tuctuc.ee\/en\/#organization","name":"TucTuc Eesti","url":"https:\/\/tuctuc.ee\/en\/","logo":{"@type":"ImageObject","inLanguage":"en-US","@id":"https:\/\/tuctuc.ee\/en\/#\/schema\/logo\/image\/","url":"https:\/\/i0.wp.com\/tuctuc.ee\/wp-content\/uploads\/2023\/10\/logo-164933761541.png?fit=109%2C122&ssl=1","contentUrl":"https:\/\/i0.wp.com\/tuctuc.ee\/wp-content\/uploads\/2023\/10\/logo-164933761541.png?fit=109%2C122&ssl=1","width":109,"height":122,"caption":"TucTuc Eesti"},"image":{"@id":"https:\/\/tuctuc.ee\/en\/#\/schema\/logo\/image\/"}}]}},"jetpack_sharing_enabled":true,"_links":{"self":[{"href":"https:\/\/tuctuc.ee\/en\/wp-json\/wp\/v2\/product\/1009906","targetHints":{"allow":["GET"]}}],"collection":[{"href":"https:\/\/tuctuc.ee\/en\/wp-json\/wp\/v2\/product"}],"about":[{"href":"https:\/\/tuctuc.ee\/en\/wp-json\/wp\/v2\/types\/product"}],"replies":[{"embeddable":true,"href":"https:\/\/tuctuc.ee\/en\/wp-json\/wp\/v2\/comments?post=1009906"}],"version-history":[{"count":1,"href":"https:\/\/tuctuc.ee\/en\/wp-json\/wp\/v2\/product\/1009906\/revisions"}],"predecessor-version":[{"id":1009924,"href":"https:\/\/tuctuc.ee\/en\/wp-json\/wp\/v2\/product\/1009906\/revisions\/1009924"}],"wp:featuredmedia":[{"embeddable":true,"href":"https:\/\/tuctuc.ee\/en\/wp-json\/wp\/v2\/media\/1009913"}],"wp:attachment":[{"href":"https:\/\/tuctuc.ee\/en\/wp-json\/wp\/v2\/media?parent=1009906"}],"wp:term":[{"taxonomy":"product_cat","embeddable":true,"href":"https:\/\/tuctuc.ee\/en\/wp-json\/wp\/v2\/product_cat?post=1009906"},{"taxonomy":"product_tag","embeddable":true,"href":"https:\/\/tuctuc.ee\/en\/wp-json\/wp\/v2\/product_tag?post=1009906"}],"curies":[{"name":"wp","href":"https:\/\/api.w.org\/{rel}","templated":true}]}}