{"id":1009804,"date":"2026-04-27T15:38:12","date_gmt":"2026-04-27T12:38:12","guid":{"rendered":"https:\/\/tuctuc.ee\/?post_type=product&#038;p=1009804"},"modified":"2026-04-27T15:45:46","modified_gmt":"2026-04-27T12:45:46","slug":"fuksiaroosa-tudrukute-kleit","status":"publish","type":"product","link":"https:\/\/tuctuc.ee\/en\/toode\/fuksiaroosa-tudrukute-kleit\/","title":{"rendered":"Fuksiaroosa t\u00fcdrukute kleit"},"content":{"rendered":"<div class=\"vgblk-rw-wrapper limit-wrapper\">\n<p id=\"tw-target-text\" class=\"tw-data-text tw-text-large tw-ta\" dir=\"ltr\" role=\"text\" data-placeholder=\"Translation\" data-ved=\"2ahUKEwisvuiawI2UAxX3HxAIHYhRFMsQ3ewLegQIDBAV\" aria-label=\"Translated text: See fuksiaroosa t\u00fcdrukute kleit on valmistatud kergest ja pehmest kangast, mis pakub mugavust igap\u00e4evaseks kandmiseks. Sellel on laiad volangidega kaunistatud \u00f5lapaelad, mis lisavad disainile v\u00f5luvat ja \u00f5rna puudutust. Ees on mitmev\u00e4rviline lilleline tikand, mis lisab v\u00e4rsket ja dekoratiivset detaili. \u00d5rnalt laienev seelik t\u00e4iendab seda r\u00f5\u00f5msameelset ja mitmek\u00fclgset r\u00f5ivaeset, mis sobib ideaalselt teie pisikesele suvep\u00e4evadel kandmiseks.\"><span class=\"Y2IQFc\" lang=\"et\">See fuksiaroosa t\u00fcdrukute kleit on valmistatud kergest ja pehmest kangast, mis pakub mugavust igap\u00e4evaseks kandmiseks. Sellel on laiad volangidega kaunistatud \u00f5lapaelad, mis lisavad disainile v\u00f5luvat ja \u00f5rna puudutust. Ees on mitmev\u00e4rviline lilleline tikand, mis lisab v\u00e4rsket ja dekoratiivset detaili. \u00d5rnalt laienev seelik t\u00e4iendab seda r\u00f5\u00f5msameelset ja mitmek\u00fclgset r\u00f5ivaeset, mis sobib ideaalselt teie pisikesele suvep\u00e4evadel kandmiseks.<\/span><\/p>\n<p dir=\"ltr\" data-placeholder=\"Translation\" data-ved=\"2ahUKEwjawPqThb-PAxWuExAIHTckJJwQ3ewLegQIChAV\" aria-label=\"Translated text: T\u00fcdrukute valge kootud s\u00e4rk roosade toonide flamingoprindiga, dekoratiivsete t\u00e4htedega ja n\u00f6\u00f6pkinnisega seljal h\u00f5lpsaks m\u00e4hkmete vahetuseks.\"><span class=\"Y2IQFc\" lang=\"et\">Materjal: 100% pol\u00fcester, vooder 100% puuvill. <\/span><span class=\"Y2IQFc\" lang=\"et\">Juhised riiete hooldamiseks ja pesemiseks.\u00a0<\/span><\/p>\n<\/div>\n<p><!-- .vgblk-rw-wrapper --><\/p>\n","protected":false},"excerpt":{"rendered":"<p>See fuksiaroosa t\u00fcdrukute kleit on valmistatud kergest ja pehmest kangast, mis pakub mugavust igap\u00e4evaseks kandmiseks. Sellel on laiad volangidega kaunistatud \u00f5lapaelad, mis lisavad disainile v\u00f5luvat ja \u00f5rna puudutust. Ees on mitmev\u00e4rviline lilleline tikand, mis lisab v\u00e4rsket ja dekoratiivset detaili. \u00d5rnalt laienev seelik t\u00e4iendab seda r\u00f5\u00f5msameelset ja mitmek\u00fclgset r\u00f5ivaeset, mis sobib ideaalselt teie pisikesele suvep\u00e4evadel kandmiseks&#8230;.<\/p>\n","protected":false},"featured_media":1009811,"comment_status":"open","ping_status":"closed","template":"","meta":{"_themeisle_gutenberg_block_has_review":false},"product_cat":[416,318],"product_tag":[],"class_list":["post-1009804","product","type-product","status-publish","has-post-thumbnail","hentry","product_cat-kleit","product_cat-tudrukud"],"yoast_head":"<!-- This site is optimized with the Yoast SEO plugin v21.5 - https:\/\/yoast.com\/wordpress\/plugins\/seo\/ -->\n<title>Fuksiaroosa t\u00fcdrukute kleit - TucTuc Eesti<\/title>\n<meta name=\"robots\" content=\"index, follow, max-snippet:-1, max-image-preview:large, max-video-preview:-1\" \/>\n<link rel=\"canonical\" href=\"https:\/\/tuctuc.ee\/en\/toode\/fuksiaroosa-tudrukute-kleit\/\" \/>\n<meta property=\"og:locale\" content=\"en_US\" \/>\n<meta property=\"og:type\" content=\"article\" \/>\n<meta property=\"og:title\" content=\"Fuksiaroosa t\u00fcdrukute kleit - TucTuc Eesti\" \/>\n<meta property=\"og:description\" content=\"See fuksiaroosa t\u00fcdrukute kleit on valmistatud kergest ja pehmest kangast, mis pakub mugavust igap\u00e4evaseks kandmiseks. Sellel on laiad volangidega kaunistatud \u00f5lapaelad, mis lisavad disainile v\u00f5luvat ja \u00f5rna puudutust. Ees on mitmev\u00e4rviline lilleline tikand, mis lisab v\u00e4rsket ja dekoratiivset detaili. \u00d5rnalt laienev seelik t\u00e4iendab seda r\u00f5\u00f5msameelset ja mitmek\u00fclgset r\u00f5ivaeset, mis sobib ideaalselt teie pisikesele suvep\u00e4evadel kandmiseks....\" \/>\n<meta property=\"og:url\" content=\"https:\/\/tuctuc.ee\/en\/toode\/fuksiaroosa-tudrukute-kleit\/\" \/>\n<meta property=\"og:site_name\" content=\"TucTuc Eesti\" \/>\n<meta property=\"article:modified_time\" content=\"2026-04-27T12:45:46+00:00\" \/>\n<meta property=\"og:image\" content=\"https:\/\/tuctuc.ee\/wp-content\/uploads\/2026\/04\/11409698.webp\" \/>\n\t<meta property=\"og:image:width\" content=\"800\" \/>\n\t<meta property=\"og:image:height\" content=\"1000\" \/>\n\t<meta property=\"og:image:type\" content=\"image\/webp\" \/>\n<meta name=\"twitter:card\" content=\"summary_large_image\" \/>\n<meta name=\"twitter:label1\" content=\"Est. reading time\" \/>\n\t<meta name=\"twitter:data1\" content=\"1 minute\" \/>\n<script type=\"application\/ld+json\" class=\"yoast-schema-graph\">{\"@context\":\"https:\/\/schema.org\",\"@graph\":[{\"@type\":\"WebPage\",\"@id\":\"https:\/\/tuctuc.ee\/en\/toode\/fuksiaroosa-tudrukute-kleit\/\",\"url\":\"https:\/\/tuctuc.ee\/en\/toode\/fuksiaroosa-tudrukute-kleit\/\",\"name\":\"Fuksiaroosa t\u00fcdrukute kleit - TucTuc Eesti\",\"isPartOf\":{\"@id\":\"https:\/\/tuctuc.ee\/en\/#website\"},\"datePublished\":\"2026-04-27T12:38:12+00:00\",\"dateModified\":\"2026-04-27T12:45:46+00:00\",\"breadcrumb\":{\"@id\":\"https:\/\/tuctuc.ee\/en\/toode\/fuksiaroosa-tudrukute-kleit\/#breadcrumb\"},\"inLanguage\":\"en-US\",\"potentialAction\":[{\"@type\":\"ReadAction\",\"target\":[\"https:\/\/tuctuc.ee\/en\/toode\/fuksiaroosa-tudrukute-kleit\/\"]}]},{\"@type\":\"BreadcrumbList\",\"@id\":\"https:\/\/tuctuc.ee\/en\/toode\/fuksiaroosa-tudrukute-kleit\/#breadcrumb\",\"itemListElement\":[{\"@type\":\"ListItem\",\"position\":1,\"name\":\"Home\",\"item\":\"https:\/\/tuctuc.ee\/en\/?page_id=269\"},{\"@type\":\"ListItem\",\"position\":2,\"name\":\"Shop\",\"item\":\"https:\/\/tuctuc.ee\/shop\/\"},{\"@type\":\"ListItem\",\"position\":3,\"name\":\"Fuksiaroosa t\u00fcdrukute kleit\"}]},{\"@type\":\"WebSite\",\"@id\":\"https:\/\/tuctuc.ee\/en\/#website\",\"url\":\"https:\/\/tuctuc.ee\/en\/\",\"name\":\"TucTuc Eesti\",\"description\":\"Eesti laster\u00f5ivaste veebipood - Stiilsed riided lastele igale vanusele. Avastage meie valikut n\u00fc\u00fcd!\",\"publisher\":{\"@id\":\"https:\/\/tuctuc.ee\/en\/#organization\"},\"potentialAction\":[{\"@type\":\"SearchAction\",\"target\":{\"@type\":\"EntryPoint\",\"urlTemplate\":\"https:\/\/tuctuc.ee\/en\/?s={search_term_string}\"},\"query-input\":\"required name=search_term_string\"}],\"inLanguage\":\"en-US\"},{\"@type\":\"Organization\",\"@id\":\"https:\/\/tuctuc.ee\/en\/#organization\",\"name\":\"TucTuc Eesti\",\"url\":\"https:\/\/tuctuc.ee\/en\/\",\"logo\":{\"@type\":\"ImageObject\",\"inLanguage\":\"en-US\",\"@id\":\"https:\/\/tuctuc.ee\/en\/#\/schema\/logo\/image\/\",\"url\":\"https:\/\/i0.wp.com\/tuctuc.ee\/wp-content\/uploads\/2023\/10\/logo-164933761541.png?fit=109%2C122&ssl=1\",\"contentUrl\":\"https:\/\/i0.wp.com\/tuctuc.ee\/wp-content\/uploads\/2023\/10\/logo-164933761541.png?fit=109%2C122&ssl=1\",\"width\":109,\"height\":122,\"caption\":\"TucTuc Eesti\"},\"image\":{\"@id\":\"https:\/\/tuctuc.ee\/en\/#\/schema\/logo\/image\/\"}}]}<\/script>\n<!-- \/ Yoast SEO plugin. -->","yoast_head_json":{"title":"Fuksiaroosa t\u00fcdrukute kleit - TucTuc Eesti","robots":{"index":"index","follow":"follow","max-snippet":"max-snippet:-1","max-image-preview":"max-image-preview:large","max-video-preview":"max-video-preview:-1"},"canonical":"https:\/\/tuctuc.ee\/en\/toode\/fuksiaroosa-tudrukute-kleit\/","og_locale":"en_US","og_type":"article","og_title":"Fuksiaroosa t\u00fcdrukute kleit - TucTuc Eesti","og_description":"See fuksiaroosa t\u00fcdrukute kleit on valmistatud kergest ja pehmest kangast, mis pakub mugavust igap\u00e4evaseks kandmiseks. Sellel on laiad volangidega kaunistatud \u00f5lapaelad, mis lisavad disainile v\u00f5luvat ja \u00f5rna puudutust. Ees on mitmev\u00e4rviline lilleline tikand, mis lisab v\u00e4rsket ja dekoratiivset detaili. \u00d5rnalt laienev seelik t\u00e4iendab seda r\u00f5\u00f5msameelset ja mitmek\u00fclgset r\u00f5ivaeset, mis sobib ideaalselt teie pisikesele suvep\u00e4evadel kandmiseks....","og_url":"https:\/\/tuctuc.ee\/en\/toode\/fuksiaroosa-tudrukute-kleit\/","og_site_name":"TucTuc Eesti","article_modified_time":"2026-04-27T12:45:46+00:00","og_image":[{"width":800,"height":1000,"url":"https:\/\/tuctuc.ee\/wp-content\/uploads\/2026\/04\/11409698.webp","type":"image\/webp"}],"twitter_card":"summary_large_image","twitter_misc":{"Est. reading time":"1 minute"},"schema":{"@context":"https:\/\/schema.org","@graph":[{"@type":"WebPage","@id":"https:\/\/tuctuc.ee\/en\/toode\/fuksiaroosa-tudrukute-kleit\/","url":"https:\/\/tuctuc.ee\/en\/toode\/fuksiaroosa-tudrukute-kleit\/","name":"Fuksiaroosa t\u00fcdrukute kleit - TucTuc Eesti","isPartOf":{"@id":"https:\/\/tuctuc.ee\/en\/#website"},"datePublished":"2026-04-27T12:38:12+00:00","dateModified":"2026-04-27T12:45:46+00:00","breadcrumb":{"@id":"https:\/\/tuctuc.ee\/en\/toode\/fuksiaroosa-tudrukute-kleit\/#breadcrumb"},"inLanguage":"en-US","potentialAction":[{"@type":"ReadAction","target":["https:\/\/tuctuc.ee\/en\/toode\/fuksiaroosa-tudrukute-kleit\/"]}]},{"@type":"BreadcrumbList","@id":"https:\/\/tuctuc.ee\/en\/toode\/fuksiaroosa-tudrukute-kleit\/#breadcrumb","itemListElement":[{"@type":"ListItem","position":1,"name":"Home","item":"https:\/\/tuctuc.ee\/en\/?page_id=269"},{"@type":"ListItem","position":2,"name":"Shop","item":"https:\/\/tuctuc.ee\/shop\/"},{"@type":"ListItem","position":3,"name":"Fuksiaroosa t\u00fcdrukute kleit"}]},{"@type":"WebSite","@id":"https:\/\/tuctuc.ee\/en\/#website","url":"https:\/\/tuctuc.ee\/en\/","name":"TucTuc Eesti","description":"Eesti laster\u00f5ivaste veebipood - Stiilsed riided lastele igale vanusele. Avastage meie valikut n\u00fc\u00fcd!","publisher":{"@id":"https:\/\/tuctuc.ee\/en\/#organization"},"potentialAction":[{"@type":"SearchAction","target":{"@type":"EntryPoint","urlTemplate":"https:\/\/tuctuc.ee\/en\/?s={search_term_string}"},"query-input":"required name=search_term_string"}],"inLanguage":"en-US"},{"@type":"Organization","@id":"https:\/\/tuctuc.ee\/en\/#organization","name":"TucTuc Eesti","url":"https:\/\/tuctuc.ee\/en\/","logo":{"@type":"ImageObject","inLanguage":"en-US","@id":"https:\/\/tuctuc.ee\/en\/#\/schema\/logo\/image\/","url":"https:\/\/i0.wp.com\/tuctuc.ee\/wp-content\/uploads\/2023\/10\/logo-164933761541.png?fit=109%2C122&ssl=1","contentUrl":"https:\/\/i0.wp.com\/tuctuc.ee\/wp-content\/uploads\/2023\/10\/logo-164933761541.png?fit=109%2C122&ssl=1","width":109,"height":122,"caption":"TucTuc Eesti"},"image":{"@id":"https:\/\/tuctuc.ee\/en\/#\/schema\/logo\/image\/"}}]}},"jetpack_sharing_enabled":true,"_links":{"self":[{"href":"https:\/\/tuctuc.ee\/en\/wp-json\/wp\/v2\/product\/1009804","targetHints":{"allow":["GET"]}}],"collection":[{"href":"https:\/\/tuctuc.ee\/en\/wp-json\/wp\/v2\/product"}],"about":[{"href":"https:\/\/tuctuc.ee\/en\/wp-json\/wp\/v2\/types\/product"}],"replies":[{"embeddable":true,"href":"https:\/\/tuctuc.ee\/en\/wp-json\/wp\/v2\/comments?post=1009804"}],"version-history":[{"count":1,"href":"https:\/\/tuctuc.ee\/en\/wp-json\/wp\/v2\/product\/1009804\/revisions"}],"predecessor-version":[{"id":1009819,"href":"https:\/\/tuctuc.ee\/en\/wp-json\/wp\/v2\/product\/1009804\/revisions\/1009819"}],"wp:featuredmedia":[{"embeddable":true,"href":"https:\/\/tuctuc.ee\/en\/wp-json\/wp\/v2\/media\/1009811"}],"wp:attachment":[{"href":"https:\/\/tuctuc.ee\/en\/wp-json\/wp\/v2\/media?parent=1009804"}],"wp:term":[{"taxonomy":"product_cat","embeddable":true,"href":"https:\/\/tuctuc.ee\/en\/wp-json\/wp\/v2\/product_cat?post=1009804"},{"taxonomy":"product_tag","embeddable":true,"href":"https:\/\/tuctuc.ee\/en\/wp-json\/wp\/v2\/product_tag?post=1009804"}],"curies":[{"name":"wp","href":"https:\/\/api.w.org\/{rel}","templated":true}]}}