{"id":1009771,"date":"2026-04-27T15:21:40","date_gmt":"2026-04-27T12:21:40","guid":{"rendered":"https:\/\/tuctuc.ee\/?post_type=product&#038;p=1009771"},"modified":"2026-04-27T15:26:09","modified_gmt":"2026-04-27T12:26:09","slug":"punane-tudrukute-kaekott","status":"publish","type":"product","link":"https:\/\/tuctuc.ee\/en\/toode\/punane-tudrukute-kaekott\/","title":{"rendered":"Punane t\u00fcdrukute k\u00e4ekott"},"content":{"rendered":"<div class=\"vgblk-rw-wrapper limit-wrapper\">\n<p id=\"tw-target-text\" class=\"tw-data-text tw-text-large tw-ta\" dir=\"ltr\" role=\"text\" data-placeholder=\"Translation\" data-ved=\"2ahUKEwisvuiawI2UAxX3HxAIHYhRFMsQ3ewLegQIDBAV\" aria-label=\"Translated text: See punane t\u00fcdrukute k\u00e4ekott on l\u00f5busa ja mitmev\u00e4rvilise kalakujulise disainiga. Valmistatud vastupidavast, kuid pehmest materjalist, sobib see ideaalselt teie pisikese oluliste asjade mugavaks kandmiseks. Reguleeritav sinine rihm v\u00f5imaldab seda kanda erinevatel k\u00f5rgustel, muutes selle igap\u00e4evaseks kasutamiseks lihtsaks. Erksav\u00e4rvilised detailid, nagu uimed, t\u00e4pid ja kalasilm, lisavad r\u00f5\u00f5msa ja originaalse h\u00f5ngu, lisades igale suvisele riietusele v\u00f5luva detaili.\"><span class=\"Y2IQFc\" lang=\"et\">See punane t\u00fcdrukute k\u00e4ekott on l\u00f5busa ja mitmev\u00e4rvilise kalakujulise disainiga. Valmistatud vastupidavast, kuid pehmest materjalist, sobib see ideaalselt teie pisikese oluliste asjade mugavaks kandmiseks. Reguleeritav sinine rihm v\u00f5imaldab seda kanda erinevatel k\u00f5rgustel, muutes selle igap\u00e4evaseks kasutamiseks lihtsaks. Erksav\u00e4rvilised detailid, nagu uimed, t\u00e4pid ja kalasilm, lisavad r\u00f5\u00f5msa ja originaalse h\u00f5ngu, lisades igale suvisele riietusele v\u00f5luva detaili.<\/span><\/p>\n<\/div>\n<p><!-- .vgblk-rw-wrapper --><\/p>\n","protected":false},"excerpt":{"rendered":"<p>See punane t\u00fcdrukute k\u00e4ekott on l\u00f5busa ja mitmev\u00e4rvilise kalakujulise disainiga. Valmistatud vastupidavast, kuid pehmest materjalist, sobib see ideaalselt teie pisikese oluliste asjade mugavaks kandmiseks. Reguleeritav sinine rihm v\u00f5imaldab seda kanda erinevatel k\u00f5rgustel, muutes selle igap\u00e4evaseks kasutamiseks lihtsaks. Erksav\u00e4rvilised detailid, nagu uimed, t\u00e4pid ja kalasilm, lisavad r\u00f5\u00f5msa ja originaalse h\u00f5ngu, lisades igale suvisele riietusele v\u00f5luva detaili.<\/p>\n","protected":false},"featured_media":1009778,"comment_status":"open","ping_status":"closed","template":"","meta":{"_themeisle_gutenberg_block_has_review":false},"product_cat":[445,318],"product_tag":[],"class_list":["post-1009771","product","type-product","status-publish","has-post-thumbnail","hentry","product_cat-aksessuaarid","product_cat-tudrukud"],"yoast_head":"<!-- This site is optimized with the Yoast SEO plugin v21.5 - https:\/\/yoast.com\/wordpress\/plugins\/seo\/ -->\n<title>Punane t\u00fcdrukute k\u00e4ekott - TucTuc Eesti<\/title>\n<meta name=\"robots\" content=\"index, follow, max-snippet:-1, max-image-preview:large, max-video-preview:-1\" \/>\n<link rel=\"canonical\" href=\"https:\/\/tuctuc.ee\/en\/toode\/punane-tudrukute-kaekott\/\" \/>\n<meta property=\"og:locale\" content=\"en_US\" \/>\n<meta property=\"og:type\" content=\"article\" \/>\n<meta property=\"og:title\" content=\"Punane t\u00fcdrukute k\u00e4ekott - TucTuc Eesti\" \/>\n<meta property=\"og:description\" content=\"See punane t\u00fcdrukute k\u00e4ekott on l\u00f5busa ja mitmev\u00e4rvilise kalakujulise disainiga. Valmistatud vastupidavast, kuid pehmest materjalist, sobib see ideaalselt teie pisikese oluliste asjade mugavaks kandmiseks. Reguleeritav sinine rihm v\u00f5imaldab seda kanda erinevatel k\u00f5rgustel, muutes selle igap\u00e4evaseks kasutamiseks lihtsaks. Erksav\u00e4rvilised detailid, nagu uimed, t\u00e4pid ja kalasilm, lisavad r\u00f5\u00f5msa ja originaalse h\u00f5ngu, lisades igale suvisele riietusele v\u00f5luva detaili.\" \/>\n<meta property=\"og:url\" content=\"https:\/\/tuctuc.ee\/en\/toode\/punane-tudrukute-kaekott\/\" \/>\n<meta property=\"og:site_name\" content=\"TucTuc Eesti\" \/>\n<meta property=\"article:modified_time\" content=\"2026-04-27T12:26:09+00:00\" \/>\n<meta property=\"og:image\" content=\"https:\/\/tuctuc.ee\/wp-content\/uploads\/2026\/04\/11409166.webp\" \/>\n\t<meta property=\"og:image:width\" content=\"800\" \/>\n\t<meta property=\"og:image:height\" content=\"1000\" \/>\n\t<meta property=\"og:image:type\" content=\"image\/webp\" \/>\n<meta name=\"twitter:card\" content=\"summary_large_image\" \/>\n<meta name=\"twitter:label1\" content=\"Est. reading time\" \/>\n\t<meta name=\"twitter:data1\" content=\"1 minute\" \/>\n<script type=\"application\/ld+json\" class=\"yoast-schema-graph\">{\"@context\":\"https:\/\/schema.org\",\"@graph\":[{\"@type\":\"WebPage\",\"@id\":\"https:\/\/tuctuc.ee\/en\/toode\/punane-tudrukute-kaekott\/\",\"url\":\"https:\/\/tuctuc.ee\/en\/toode\/punane-tudrukute-kaekott\/\",\"name\":\"Punane t\u00fcdrukute k\u00e4ekott - TucTuc Eesti\",\"isPartOf\":{\"@id\":\"https:\/\/tuctuc.ee\/en\/#website\"},\"datePublished\":\"2026-04-27T12:21:40+00:00\",\"dateModified\":\"2026-04-27T12:26:09+00:00\",\"breadcrumb\":{\"@id\":\"https:\/\/tuctuc.ee\/en\/toode\/punane-tudrukute-kaekott\/#breadcrumb\"},\"inLanguage\":\"en-US\",\"potentialAction\":[{\"@type\":\"ReadAction\",\"target\":[\"https:\/\/tuctuc.ee\/en\/toode\/punane-tudrukute-kaekott\/\"]}]},{\"@type\":\"BreadcrumbList\",\"@id\":\"https:\/\/tuctuc.ee\/en\/toode\/punane-tudrukute-kaekott\/#breadcrumb\",\"itemListElement\":[{\"@type\":\"ListItem\",\"position\":1,\"name\":\"Home\",\"item\":\"https:\/\/tuctuc.ee\/en\/?page_id=269\"},{\"@type\":\"ListItem\",\"position\":2,\"name\":\"Shop\",\"item\":\"https:\/\/tuctuc.ee\/shop\/\"},{\"@type\":\"ListItem\",\"position\":3,\"name\":\"Punane t\u00fcdrukute k\u00e4ekott\"}]},{\"@type\":\"WebSite\",\"@id\":\"https:\/\/tuctuc.ee\/en\/#website\",\"url\":\"https:\/\/tuctuc.ee\/en\/\",\"name\":\"TucTuc Eesti\",\"description\":\"Eesti laster\u00f5ivaste veebipood - Stiilsed riided lastele igale vanusele. Avastage meie valikut n\u00fc\u00fcd!\",\"publisher\":{\"@id\":\"https:\/\/tuctuc.ee\/en\/#organization\"},\"potentialAction\":[{\"@type\":\"SearchAction\",\"target\":{\"@type\":\"EntryPoint\",\"urlTemplate\":\"https:\/\/tuctuc.ee\/en\/?s={search_term_string}\"},\"query-input\":\"required name=search_term_string\"}],\"inLanguage\":\"en-US\"},{\"@type\":\"Organization\",\"@id\":\"https:\/\/tuctuc.ee\/en\/#organization\",\"name\":\"TucTuc Eesti\",\"url\":\"https:\/\/tuctuc.ee\/en\/\",\"logo\":{\"@type\":\"ImageObject\",\"inLanguage\":\"en-US\",\"@id\":\"https:\/\/tuctuc.ee\/en\/#\/schema\/logo\/image\/\",\"url\":\"https:\/\/i0.wp.com\/tuctuc.ee\/wp-content\/uploads\/2023\/10\/logo-164933761541.png?fit=109%2C122&ssl=1\",\"contentUrl\":\"https:\/\/i0.wp.com\/tuctuc.ee\/wp-content\/uploads\/2023\/10\/logo-164933761541.png?fit=109%2C122&ssl=1\",\"width\":109,\"height\":122,\"caption\":\"TucTuc Eesti\"},\"image\":{\"@id\":\"https:\/\/tuctuc.ee\/en\/#\/schema\/logo\/image\/\"}}]}<\/script>\n<!-- \/ Yoast SEO plugin. -->","yoast_head_json":{"title":"Punane t\u00fcdrukute k\u00e4ekott - TucTuc Eesti","robots":{"index":"index","follow":"follow","max-snippet":"max-snippet:-1","max-image-preview":"max-image-preview:large","max-video-preview":"max-video-preview:-1"},"canonical":"https:\/\/tuctuc.ee\/en\/toode\/punane-tudrukute-kaekott\/","og_locale":"en_US","og_type":"article","og_title":"Punane t\u00fcdrukute k\u00e4ekott - TucTuc Eesti","og_description":"See punane t\u00fcdrukute k\u00e4ekott on l\u00f5busa ja mitmev\u00e4rvilise kalakujulise disainiga. Valmistatud vastupidavast, kuid pehmest materjalist, sobib see ideaalselt teie pisikese oluliste asjade mugavaks kandmiseks. Reguleeritav sinine rihm v\u00f5imaldab seda kanda erinevatel k\u00f5rgustel, muutes selle igap\u00e4evaseks kasutamiseks lihtsaks. Erksav\u00e4rvilised detailid, nagu uimed, t\u00e4pid ja kalasilm, lisavad r\u00f5\u00f5msa ja originaalse h\u00f5ngu, lisades igale suvisele riietusele v\u00f5luva detaili.","og_url":"https:\/\/tuctuc.ee\/en\/toode\/punane-tudrukute-kaekott\/","og_site_name":"TucTuc Eesti","article_modified_time":"2026-04-27T12:26:09+00:00","og_image":[{"width":800,"height":1000,"url":"https:\/\/tuctuc.ee\/wp-content\/uploads\/2026\/04\/11409166.webp","type":"image\/webp"}],"twitter_card":"summary_large_image","twitter_misc":{"Est. reading time":"1 minute"},"schema":{"@context":"https:\/\/schema.org","@graph":[{"@type":"WebPage","@id":"https:\/\/tuctuc.ee\/en\/toode\/punane-tudrukute-kaekott\/","url":"https:\/\/tuctuc.ee\/en\/toode\/punane-tudrukute-kaekott\/","name":"Punane t\u00fcdrukute k\u00e4ekott - TucTuc Eesti","isPartOf":{"@id":"https:\/\/tuctuc.ee\/en\/#website"},"datePublished":"2026-04-27T12:21:40+00:00","dateModified":"2026-04-27T12:26:09+00:00","breadcrumb":{"@id":"https:\/\/tuctuc.ee\/en\/toode\/punane-tudrukute-kaekott\/#breadcrumb"},"inLanguage":"en-US","potentialAction":[{"@type":"ReadAction","target":["https:\/\/tuctuc.ee\/en\/toode\/punane-tudrukute-kaekott\/"]}]},{"@type":"BreadcrumbList","@id":"https:\/\/tuctuc.ee\/en\/toode\/punane-tudrukute-kaekott\/#breadcrumb","itemListElement":[{"@type":"ListItem","position":1,"name":"Home","item":"https:\/\/tuctuc.ee\/en\/?page_id=269"},{"@type":"ListItem","position":2,"name":"Shop","item":"https:\/\/tuctuc.ee\/shop\/"},{"@type":"ListItem","position":3,"name":"Punane t\u00fcdrukute k\u00e4ekott"}]},{"@type":"WebSite","@id":"https:\/\/tuctuc.ee\/en\/#website","url":"https:\/\/tuctuc.ee\/en\/","name":"TucTuc Eesti","description":"Eesti laster\u00f5ivaste veebipood - Stiilsed riided lastele igale vanusele. Avastage meie valikut n\u00fc\u00fcd!","publisher":{"@id":"https:\/\/tuctuc.ee\/en\/#organization"},"potentialAction":[{"@type":"SearchAction","target":{"@type":"EntryPoint","urlTemplate":"https:\/\/tuctuc.ee\/en\/?s={search_term_string}"},"query-input":"required name=search_term_string"}],"inLanguage":"en-US"},{"@type":"Organization","@id":"https:\/\/tuctuc.ee\/en\/#organization","name":"TucTuc Eesti","url":"https:\/\/tuctuc.ee\/en\/","logo":{"@type":"ImageObject","inLanguage":"en-US","@id":"https:\/\/tuctuc.ee\/en\/#\/schema\/logo\/image\/","url":"https:\/\/i0.wp.com\/tuctuc.ee\/wp-content\/uploads\/2023\/10\/logo-164933761541.png?fit=109%2C122&ssl=1","contentUrl":"https:\/\/i0.wp.com\/tuctuc.ee\/wp-content\/uploads\/2023\/10\/logo-164933761541.png?fit=109%2C122&ssl=1","width":109,"height":122,"caption":"TucTuc Eesti"},"image":{"@id":"https:\/\/tuctuc.ee\/en\/#\/schema\/logo\/image\/"}}]}},"jetpack_sharing_enabled":true,"_links":{"self":[{"href":"https:\/\/tuctuc.ee\/en\/wp-json\/wp\/v2\/product\/1009771","targetHints":{"allow":["GET"]}}],"collection":[{"href":"https:\/\/tuctuc.ee\/en\/wp-json\/wp\/v2\/product"}],"about":[{"href":"https:\/\/tuctuc.ee\/en\/wp-json\/wp\/v2\/types\/product"}],"replies":[{"embeddable":true,"href":"https:\/\/tuctuc.ee\/en\/wp-json\/wp\/v2\/comments?post=1009771"}],"version-history":[{"count":1,"href":"https:\/\/tuctuc.ee\/en\/wp-json\/wp\/v2\/product\/1009771\/revisions"}],"predecessor-version":[{"id":1009787,"href":"https:\/\/tuctuc.ee\/en\/wp-json\/wp\/v2\/product\/1009771\/revisions\/1009787"}],"wp:featuredmedia":[{"embeddable":true,"href":"https:\/\/tuctuc.ee\/en\/wp-json\/wp\/v2\/media\/1009778"}],"wp:attachment":[{"href":"https:\/\/tuctuc.ee\/en\/wp-json\/wp\/v2\/media?parent=1009771"}],"wp:term":[{"taxonomy":"product_cat","embeddable":true,"href":"https:\/\/tuctuc.ee\/en\/wp-json\/wp\/v2\/product_cat?post=1009771"},{"taxonomy":"product_tag","embeddable":true,"href":"https:\/\/tuctuc.ee\/en\/wp-json\/wp\/v2\/product_tag?post=1009771"}],"curies":[{"name":"wp","href":"https:\/\/api.w.org\/{rel}","templated":true}]}}