{"id":1009521,"date":"2026-04-27T12:57:17","date_gmt":"2026-04-27T09:57:17","guid":{"rendered":"https:\/\/tuctuc.ee\/?post_type=product&#038;p=1009521"},"modified":"2026-04-27T13:03:26","modified_gmt":"2026-04-27T10:03:26","slug":"roosa-tudrukute-dressipluus","status":"publish","type":"product","link":"https:\/\/tuctuc.ee\/en\/toode\/roosa-tudrukute-dressipluus\/","title":{"rendered":"Roosa t\u00fcdrukute dressipluus"},"content":{"rendered":"<div class=\"vgblk-rw-wrapper limit-wrapper\">\n<div id=\"tw-container\" class=\"nev7se\" data-cp=\"1\" data-nnttsvi=\"1\" data-sletp=\"false\" data-ssbp=\"true\" data-sugg-time=\"500\" data-sugg-url=\"https:\/\/clients1.google.com\/complete\/search\" data-uilc=\"en\" data-vil=\",af,af-ZA,am,am-ET,ar-EG,ar-AE,ar-KW,ar-QA,ar,ar-IL,ar-JO,ar-LB,ar-PS,az,az-AZ,bg,bg-BG,bn,bn-BD,bn-IN,ca,ca-es,cs,cs-CZ,de,de-DE,de-CH,de-AT,de-LI,en,en-US,en-CA,en-AU,en-NZ,en-GB,en-IN,en-KE,en-TZ,en-NG,en-GH,en-PH,en-ZA,es,es-ES,es-AR,es-UY,es-419,es-BO,es-CL,es-CR,es-CO,es-DO,es-EC,es-GT,es-HN,es-NI,es-PA,es-PE,es-PR,es-PY,es-SV,es-VE,es-MX,es-US,eu,eu-ES,fi,fi-FI,fr,fr-FR,fr-CH,fr-BE,gl,gl-ES,gu,gu-IN,he,he-IL,iw,iw-IL,hu,hu-HU,hy,hy-AM,id,id-ID,is,is-IS,it,it-IT,it-CH,ja,ja-JP,jv,jv-ID,ka,ka-GE,km,km-KH,kn,kn-IN,ko,ko-KR,la,lo,lo-LA,lv,lv-LV,ml,ml-IN,mr,mr-IN,ms,ms-MY,nl,nl-NL,nb,nb-NO,ne,ne-NP,pl,pl-PL,pt,pt-BR,pt-PT,ro,ro-RO,ru,ru-RU,si-LK,sk,sk-SK,sr,sr-RS,su,su-ID,sv,sv-SE,sw,sw-TZ,sw-KE,ta,ta-IN,ta-SG,ta-LK,ta-MY,te,te-IN,tr,tr-TR,ur,ur-PK,ur-IN,yue,yue-HK,yue-Hant-HK,zh-HK,zh,zh-CN,zh-cmn,zh-cmn-CN,zh-Hans,zh-Hans-CN,zh-cmn-Hans,zh-cmn-Hans-CN,cmn-CN,cmn-Hans,cmn-Hans-CN,zh-TW,zh-Hant-TW,cmn-TW,cmn-Hant-TW,zh-cmn-TW,zh-cmn-Hant-TW,zu,zu-ZA,hi,hi-IN,tl,tl-PH,pa,pa-IN\">\n<div id=\"tw-ob\" class=\"tw-src-ltr\">\n<div class=\"oSioSc\">\n<div id=\"tw-target\">\n<div id=\"kAz1tf\" class=\"g9WsWb PZPZlf\" data-attrid=\"tw-targetArea\" data-entityname=\"Google Translate\">\n<div id=\"tw-target-text-container\" class=\"tw-ta-container tw-nfl\" role=\"text\">\n<p id=\"tw-target-text\" class=\"tw-data-text tw-text-large tw-ta\" dir=\"ltr\" role=\"text\" data-placeholder=\"Translation\" data-ved=\"2ahUKEwisvuiawI2UAxX3HxAIHYhRFMsQ3ewLegQIDBAV\" aria-label=\"Translated text: See t\u00fcdrukute dressipluus on valmistatud pehmest ja mugavast kangast, mis sobib ideaalselt jahedamateks ilmadeks. Sellel on silmatorkav erksav\u00e4rviline lilleprind, mis lisab disainile r\u00f5\u00f5msameelset ja v\u00e4rvilist h\u00f5ngu. Sellel on \u00fcmar kaelus ja k\u00fcljele trukkidega kinnitus, mis h\u00f5lbustab selgapanekut ja \u00e4rav\u00f5tmist, ning elastsed k\u00e4tised ja all\u00e4\u00e4r mugava istuvuse tagamiseks. Mitmek\u00fclgne ja mugav r\u00f5ivas igap\u00e4evaseks kandmiseks.\"><span class=\"Y2IQFc\" lang=\"et\">See t\u00fcdrukute dressipluus on valmistatud pehmest ja mugavast kangast, mis sobib ideaalselt jahedamateks ilmadeks. Sellel on silmatorkav erksav\u00e4rviline lilleprind, mis lisab disainile r\u00f5\u00f5msameelset ja v\u00e4rvilist h\u00f5ngu. Sellel on \u00fcmar kaelus ja k\u00fcljele trukkidega kinnitus, mis h\u00f5lbustab selgapanekut ja \u00e4rav\u00f5tmist, ning elastsed k\u00e4tised ja all\u00e4\u00e4r mugava istuvuse tagamiseks. Mitmek\u00fclgne ja mugav r\u00f5ivas igap\u00e4evaseks kandmiseks.<\/span><\/p>\n<p class=\"tw-data-text tw-text-large tw-ta\" dir=\"ltr\" role=\"text\" data-placeholder=\"Translation\" data-ved=\"2ahUKEwisvuiawI2UAxX3HxAIHYhRFMsQ3ewLegQIDBAV\" aria-label=\"Translated text: See t\u00fcdrukute dressipluus on valmistatud pehmest ja mugavast kangast, mis sobib ideaalselt jahedamateks ilmadeks. Sellel on silmatorkav erksav\u00e4rviline lilleprind, mis lisab disainile r\u00f5\u00f5msameelset ja v\u00e4rvilist h\u00f5ngu. Sellel on \u00fcmar kaelus ja k\u00fcljele trukkidega kinnitus, mis h\u00f5lbustab selgapanekut ja \u00e4rav\u00f5tmist, ning elastsed k\u00e4tised ja all\u00e4\u00e4r mugava istuvuse tagamiseks. Mitmek\u00fclgne ja mugav r\u00f5ivas igap\u00e4evaseks kandmiseks.\"><span class=\"Y2IQFc\" lang=\"et\" style=\"font-size: 16px\">Materjal: 95% puuvill, 5% elastaan. <\/span><span class=\"Y2IQFc\" lang=\"et\" style=\"font-size: 16px\">Juhised riiete hooldamiseks ja pesemiseks.\u00a0<\/span><\/p>\n<\/div>\n<\/div>\n<\/div>\n<\/div>\n<\/div>\n<\/div>\n<\/div>\n<p><!-- .vgblk-rw-wrapper --><\/p>\n","protected":false},"excerpt":{"rendered":"<p>See t\u00fcdrukute dressipluus on valmistatud pehmest ja mugavast kangast, mis sobib ideaalselt jahedamateks ilmadeks. Sellel on silmatorkav erksav\u00e4rviline lilleprind, mis lisab disainile r\u00f5\u00f5msameelset ja v\u00e4rvilist h\u00f5ngu. Sellel on \u00fcmar kaelus ja k\u00fcljele trukkidega kinnitus, mis h\u00f5lbustab selgapanekut ja \u00e4rav\u00f5tmist, ning elastsed k\u00e4tised ja all\u00e4\u00e4r mugava istuvuse tagamiseks. Mitmek\u00fclgne ja mugav r\u00f5ivas igap\u00e4evaseks kandmiseks. Materjal: 95%&#8230;<\/p>\n","protected":false},"featured_media":1009528,"comment_status":"open","ping_status":"closed","template":"","meta":{"_themeisle_gutenberg_block_has_review":false},"product_cat":[477,481,430,318],"product_tag":[],"class_list":["post-1009521","product","type-product","status-publish","has-post-thumbnail","hentry","product_cat-dressipluus-tudrukud","product_cat-pusa-tudrukud","product_cat-t-sark-pikkade-varrukatega","product_cat-tudrukud"],"yoast_head":"<!-- This site is optimized with the Yoast SEO plugin v21.5 - https:\/\/yoast.com\/wordpress\/plugins\/seo\/ -->\n<title>Roosa t\u00fcdrukute dressipluus - TucTuc Eesti<\/title>\n<meta name=\"robots\" content=\"index, follow, max-snippet:-1, max-image-preview:large, max-video-preview:-1\" \/>\n<link rel=\"canonical\" href=\"https:\/\/tuctuc.ee\/en\/toode\/roosa-tudrukute-dressipluus\/\" \/>\n<meta property=\"og:locale\" content=\"en_US\" \/>\n<meta property=\"og:type\" content=\"article\" \/>\n<meta property=\"og:title\" content=\"Roosa t\u00fcdrukute dressipluus - TucTuc Eesti\" \/>\n<meta property=\"og:description\" content=\"See t\u00fcdrukute dressipluus on valmistatud pehmest ja mugavast kangast, mis sobib ideaalselt jahedamateks ilmadeks. Sellel on silmatorkav erksav\u00e4rviline lilleprind, mis lisab disainile r\u00f5\u00f5msameelset ja v\u00e4rvilist h\u00f5ngu. Sellel on \u00fcmar kaelus ja k\u00fcljele trukkidega kinnitus, mis h\u00f5lbustab selgapanekut ja \u00e4rav\u00f5tmist, ning elastsed k\u00e4tised ja all\u00e4\u00e4r mugava istuvuse tagamiseks. Mitmek\u00fclgne ja mugav r\u00f5ivas igap\u00e4evaseks kandmiseks. Materjal: 95%...\" \/>\n<meta property=\"og:url\" content=\"https:\/\/tuctuc.ee\/en\/toode\/roosa-tudrukute-dressipluus\/\" \/>\n<meta property=\"og:site_name\" content=\"TucTuc Eesti\" \/>\n<meta property=\"article:modified_time\" content=\"2026-04-27T10:03:26+00:00\" \/>\n<meta property=\"og:image\" content=\"https:\/\/tuctuc.ee\/wp-content\/uploads\/2026\/04\/11409381.webp\" \/>\n\t<meta property=\"og:image:width\" content=\"800\" \/>\n\t<meta property=\"og:image:height\" content=\"1000\" \/>\n\t<meta property=\"og:image:type\" content=\"image\/webp\" \/>\n<meta name=\"twitter:card\" content=\"summary_large_image\" \/>\n<meta name=\"twitter:label1\" content=\"Est. reading time\" \/>\n\t<meta name=\"twitter:data1\" content=\"1 minute\" \/>\n<script type=\"application\/ld+json\" class=\"yoast-schema-graph\">{\"@context\":\"https:\/\/schema.org\",\"@graph\":[{\"@type\":\"WebPage\",\"@id\":\"https:\/\/tuctuc.ee\/en\/toode\/roosa-tudrukute-dressipluus\/\",\"url\":\"https:\/\/tuctuc.ee\/en\/toode\/roosa-tudrukute-dressipluus\/\",\"name\":\"Roosa t\u00fcdrukute dressipluus - TucTuc Eesti\",\"isPartOf\":{\"@id\":\"https:\/\/tuctuc.ee\/en\/#website\"},\"datePublished\":\"2026-04-27T09:57:17+00:00\",\"dateModified\":\"2026-04-27T10:03:26+00:00\",\"breadcrumb\":{\"@id\":\"https:\/\/tuctuc.ee\/en\/toode\/roosa-tudrukute-dressipluus\/#breadcrumb\"},\"inLanguage\":\"en-US\",\"potentialAction\":[{\"@type\":\"ReadAction\",\"target\":[\"https:\/\/tuctuc.ee\/en\/toode\/roosa-tudrukute-dressipluus\/\"]}]},{\"@type\":\"BreadcrumbList\",\"@id\":\"https:\/\/tuctuc.ee\/en\/toode\/roosa-tudrukute-dressipluus\/#breadcrumb\",\"itemListElement\":[{\"@type\":\"ListItem\",\"position\":1,\"name\":\"Home\",\"item\":\"https:\/\/tuctuc.ee\/en\/?page_id=269\"},{\"@type\":\"ListItem\",\"position\":2,\"name\":\"Shop\",\"item\":\"https:\/\/tuctuc.ee\/shop\/\"},{\"@type\":\"ListItem\",\"position\":3,\"name\":\"Roosa t\u00fcdrukute dressipluus\"}]},{\"@type\":\"WebSite\",\"@id\":\"https:\/\/tuctuc.ee\/en\/#website\",\"url\":\"https:\/\/tuctuc.ee\/en\/\",\"name\":\"TucTuc Eesti\",\"description\":\"Eesti laster\u00f5ivaste veebipood - Stiilsed riided lastele igale vanusele. Avastage meie valikut n\u00fc\u00fcd!\",\"publisher\":{\"@id\":\"https:\/\/tuctuc.ee\/en\/#organization\"},\"potentialAction\":[{\"@type\":\"SearchAction\",\"target\":{\"@type\":\"EntryPoint\",\"urlTemplate\":\"https:\/\/tuctuc.ee\/en\/?s={search_term_string}\"},\"query-input\":\"required name=search_term_string\"}],\"inLanguage\":\"en-US\"},{\"@type\":\"Organization\",\"@id\":\"https:\/\/tuctuc.ee\/en\/#organization\",\"name\":\"TucTuc Eesti\",\"url\":\"https:\/\/tuctuc.ee\/en\/\",\"logo\":{\"@type\":\"ImageObject\",\"inLanguage\":\"en-US\",\"@id\":\"https:\/\/tuctuc.ee\/en\/#\/schema\/logo\/image\/\",\"url\":\"https:\/\/i0.wp.com\/tuctuc.ee\/wp-content\/uploads\/2023\/10\/logo-164933761541.png?fit=109%2C122&ssl=1\",\"contentUrl\":\"https:\/\/i0.wp.com\/tuctuc.ee\/wp-content\/uploads\/2023\/10\/logo-164933761541.png?fit=109%2C122&ssl=1\",\"width\":109,\"height\":122,\"caption\":\"TucTuc Eesti\"},\"image\":{\"@id\":\"https:\/\/tuctuc.ee\/en\/#\/schema\/logo\/image\/\"}}]}<\/script>\n<!-- \/ Yoast SEO plugin. -->","yoast_head_json":{"title":"Roosa t\u00fcdrukute dressipluus - TucTuc Eesti","robots":{"index":"index","follow":"follow","max-snippet":"max-snippet:-1","max-image-preview":"max-image-preview:large","max-video-preview":"max-video-preview:-1"},"canonical":"https:\/\/tuctuc.ee\/en\/toode\/roosa-tudrukute-dressipluus\/","og_locale":"en_US","og_type":"article","og_title":"Roosa t\u00fcdrukute dressipluus - TucTuc Eesti","og_description":"See t\u00fcdrukute dressipluus on valmistatud pehmest ja mugavast kangast, mis sobib ideaalselt jahedamateks ilmadeks. Sellel on silmatorkav erksav\u00e4rviline lilleprind, mis lisab disainile r\u00f5\u00f5msameelset ja v\u00e4rvilist h\u00f5ngu. Sellel on \u00fcmar kaelus ja k\u00fcljele trukkidega kinnitus, mis h\u00f5lbustab selgapanekut ja \u00e4rav\u00f5tmist, ning elastsed k\u00e4tised ja all\u00e4\u00e4r mugava istuvuse tagamiseks. Mitmek\u00fclgne ja mugav r\u00f5ivas igap\u00e4evaseks kandmiseks. Materjal: 95%...","og_url":"https:\/\/tuctuc.ee\/en\/toode\/roosa-tudrukute-dressipluus\/","og_site_name":"TucTuc Eesti","article_modified_time":"2026-04-27T10:03:26+00:00","og_image":[{"width":800,"height":1000,"url":"https:\/\/tuctuc.ee\/wp-content\/uploads\/2026\/04\/11409381.webp","type":"image\/webp"}],"twitter_card":"summary_large_image","twitter_misc":{"Est. reading time":"1 minute"},"schema":{"@context":"https:\/\/schema.org","@graph":[{"@type":"WebPage","@id":"https:\/\/tuctuc.ee\/en\/toode\/roosa-tudrukute-dressipluus\/","url":"https:\/\/tuctuc.ee\/en\/toode\/roosa-tudrukute-dressipluus\/","name":"Roosa t\u00fcdrukute dressipluus - TucTuc Eesti","isPartOf":{"@id":"https:\/\/tuctuc.ee\/en\/#website"},"datePublished":"2026-04-27T09:57:17+00:00","dateModified":"2026-04-27T10:03:26+00:00","breadcrumb":{"@id":"https:\/\/tuctuc.ee\/en\/toode\/roosa-tudrukute-dressipluus\/#breadcrumb"},"inLanguage":"en-US","potentialAction":[{"@type":"ReadAction","target":["https:\/\/tuctuc.ee\/en\/toode\/roosa-tudrukute-dressipluus\/"]}]},{"@type":"BreadcrumbList","@id":"https:\/\/tuctuc.ee\/en\/toode\/roosa-tudrukute-dressipluus\/#breadcrumb","itemListElement":[{"@type":"ListItem","position":1,"name":"Home","item":"https:\/\/tuctuc.ee\/en\/?page_id=269"},{"@type":"ListItem","position":2,"name":"Shop","item":"https:\/\/tuctuc.ee\/shop\/"},{"@type":"ListItem","position":3,"name":"Roosa t\u00fcdrukute dressipluus"}]},{"@type":"WebSite","@id":"https:\/\/tuctuc.ee\/en\/#website","url":"https:\/\/tuctuc.ee\/en\/","name":"TucTuc Eesti","description":"Eesti laster\u00f5ivaste veebipood - Stiilsed riided lastele igale vanusele. Avastage meie valikut n\u00fc\u00fcd!","publisher":{"@id":"https:\/\/tuctuc.ee\/en\/#organization"},"potentialAction":[{"@type":"SearchAction","target":{"@type":"EntryPoint","urlTemplate":"https:\/\/tuctuc.ee\/en\/?s={search_term_string}"},"query-input":"required name=search_term_string"}],"inLanguage":"en-US"},{"@type":"Organization","@id":"https:\/\/tuctuc.ee\/en\/#organization","name":"TucTuc Eesti","url":"https:\/\/tuctuc.ee\/en\/","logo":{"@type":"ImageObject","inLanguage":"en-US","@id":"https:\/\/tuctuc.ee\/en\/#\/schema\/logo\/image\/","url":"https:\/\/i0.wp.com\/tuctuc.ee\/wp-content\/uploads\/2023\/10\/logo-164933761541.png?fit=109%2C122&ssl=1","contentUrl":"https:\/\/i0.wp.com\/tuctuc.ee\/wp-content\/uploads\/2023\/10\/logo-164933761541.png?fit=109%2C122&ssl=1","width":109,"height":122,"caption":"TucTuc Eesti"},"image":{"@id":"https:\/\/tuctuc.ee\/en\/#\/schema\/logo\/image\/"}}]}},"jetpack_sharing_enabled":true,"_links":{"self":[{"href":"https:\/\/tuctuc.ee\/en\/wp-json\/wp\/v2\/product\/1009521","targetHints":{"allow":["GET"]}}],"collection":[{"href":"https:\/\/tuctuc.ee\/en\/wp-json\/wp\/v2\/product"}],"about":[{"href":"https:\/\/tuctuc.ee\/en\/wp-json\/wp\/v2\/types\/product"}],"replies":[{"embeddable":true,"href":"https:\/\/tuctuc.ee\/en\/wp-json\/wp\/v2\/comments?post=1009521"}],"version-history":[{"count":1,"href":"https:\/\/tuctuc.ee\/en\/wp-json\/wp\/v2\/product\/1009521\/revisions"}],"predecessor-version":[{"id":1009536,"href":"https:\/\/tuctuc.ee\/en\/wp-json\/wp\/v2\/product\/1009521\/revisions\/1009536"}],"wp:featuredmedia":[{"embeddable":true,"href":"https:\/\/tuctuc.ee\/en\/wp-json\/wp\/v2\/media\/1009528"}],"wp:attachment":[{"href":"https:\/\/tuctuc.ee\/en\/wp-json\/wp\/v2\/media?parent=1009521"}],"wp:term":[{"taxonomy":"product_cat","embeddable":true,"href":"https:\/\/tuctuc.ee\/en\/wp-json\/wp\/v2\/product_cat?post=1009521"},{"taxonomy":"product_tag","embeddable":true,"href":"https:\/\/tuctuc.ee\/en\/wp-json\/wp\/v2\/product_tag?post=1009521"}],"curies":[{"name":"wp","href":"https:\/\/api.w.org\/{rel}","templated":true}]}}