{"id":1009422,"date":"2026-04-27T12:04:07","date_gmt":"2026-04-27T09:04:07","guid":{"rendered":"https:\/\/tuctuc.ee\/?post_type=product&#038;p=1009422"},"modified":"2026-04-27T12:15:44","modified_gmt":"2026-04-27T09:15:44","slug":"tudrukute-tuulejope-2","status":"publish","type":"product","link":"https:\/\/tuctuc.ee\/en\/toode\/tudrukute-tuulejope-2\/","title":{"rendered":"T\u00fcdrukute tuulejope"},"content":{"rendered":"<div class=\"vgblk-rw-wrapper limit-wrapper\">\n<p id=\"tw-target-text\" class=\"tw-data-text tw-text-large tw-ta\" dir=\"ltr\" role=\"text\" data-placeholder=\"Translation\" data-ved=\"2ahUKEwisvuiawI2UAxX3HxAIHYhRFMsQ3ewLegQIDBAV\" aria-label=\"Translated text: See t\u00fcdrukute jope on valmistatud kergest ja mugavast kangast, mis sobib ideaalselt vahelduva ilmaga. Sellel on silmatorkav erksav\u00e4rviline lilleprind kollasel taustal, mis lisab r\u00f5\u00f5msameelset ja v\u00e4rvilist h\u00f5ngu. Roosa voodriga kapuuts pakub lisasoojust ja kontrastset aktsenti. Lukk teeb igap\u00e4evase kandmise lihtsaks, samas kui elastsed k\u00e4tised tagavad mugava istuvuse ja aitavad jopel paigal p\u00fcsida. Praktiline ja s\u00e4rav disain, mis sobib ideaalselt v\u00e4rskete ja l\u00f5busate riietuste t\u00e4iendamiseks.\"><span class=\"Y2IQFc\" lang=\"et\">See t\u00fcdrukute tuulejope on valmistatud kergest ja mugavast kangast, mis sobib ideaalselt vahelduva ilmaga. Sellel on silmatorkav erksav\u00e4rviline lilleprind kollasel taustal, mis lisab r\u00f5\u00f5msameelset ja v\u00e4rvilist h\u00f5ngu. Roosa voodriga kapuuts pakub lisasoojust ja kontrastset aktsenti. Lukk teeb igap\u00e4evase kandmise lihtsaks, samas kui elastsed k\u00e4tised tagavad mugava istuvuse ja aitavad jopel paigal p\u00fcsida. Praktiline ja s\u00e4rav disain, mis sobib ideaalselt v\u00e4rskete ja l\u00f5busate riietuste t\u00e4iendamiseks.<\/span><\/p>\n<p dir=\"ltr\" data-placeholder=\"Translation\" data-ved=\"2ahUKEwjawPqThb-PAxWuExAIHTckJJwQ3ewLegQIChAV\" aria-label=\"Translated text: T\u00fcdrukute valge kootud s\u00e4rk roosade toonide flamingoprindiga, dekoratiivsete t\u00e4htedega ja n\u00f6\u00f6pkinnisega seljal h\u00f5lpsaks m\u00e4hkmete vahetuseks.\"><span class=\"Y2IQFc\" lang=\"et\">Materjal: 100% pol\u00fcester. <\/span><span class=\"Y2IQFc\" lang=\"et\">Juhised riiete hooldamiseks ja pesemiseks.\u00a0<\/span><\/p>\n<\/div>\n<p><!-- .vgblk-rw-wrapper --><\/p>\n","protected":false},"excerpt":{"rendered":"<p>See t\u00fcdrukute tuulejope on valmistatud kergest ja mugavast kangast, mis sobib ideaalselt vahelduva ilmaga. Sellel on silmatorkav erksav\u00e4rviline lilleprind kollasel taustal, mis lisab r\u00f5\u00f5msameelset ja v\u00e4rvilist h\u00f5ngu. Roosa voodriga kapuuts pakub lisasoojust ja kontrastset aktsenti. Lukk teeb igap\u00e4evase kandmise lihtsaks, samas kui elastsed k\u00e4tised tagavad mugava istuvuse ja aitavad jopel paigal p\u00fcsida. Praktiline ja s\u00e4rav&#8230;<\/p>\n","protected":false},"featured_media":1009428,"comment_status":"open","ping_status":"closed","template":"","meta":{"_themeisle_gutenberg_block_has_review":false},"product_cat":[436,318],"product_tag":[],"class_list":["post-1009422","product","type-product","status-publish","has-post-thumbnail","hentry","product_cat-joped-tudrukud","product_cat-tudrukud"],"yoast_head":"<!-- This site is optimized with the Yoast SEO plugin v21.5 - https:\/\/yoast.com\/wordpress\/plugins\/seo\/ -->\n<title>T\u00fcdrukute tuulejope - TucTuc Eesti<\/title>\n<meta name=\"robots\" content=\"index, follow, max-snippet:-1, max-image-preview:large, max-video-preview:-1\" \/>\n<link rel=\"canonical\" href=\"https:\/\/tuctuc.ee\/en\/toode\/tudrukute-tuulejope-2\/\" \/>\n<meta property=\"og:locale\" content=\"en_US\" \/>\n<meta property=\"og:type\" content=\"article\" \/>\n<meta property=\"og:title\" content=\"T\u00fcdrukute tuulejope - TucTuc Eesti\" \/>\n<meta property=\"og:description\" content=\"See t\u00fcdrukute tuulejope on valmistatud kergest ja mugavast kangast, mis sobib ideaalselt vahelduva ilmaga. Sellel on silmatorkav erksav\u00e4rviline lilleprind kollasel taustal, mis lisab r\u00f5\u00f5msameelset ja v\u00e4rvilist h\u00f5ngu. Roosa voodriga kapuuts pakub lisasoojust ja kontrastset aktsenti. Lukk teeb igap\u00e4evase kandmise lihtsaks, samas kui elastsed k\u00e4tised tagavad mugava istuvuse ja aitavad jopel paigal p\u00fcsida. Praktiline ja s\u00e4rav...\" \/>\n<meta property=\"og:url\" content=\"https:\/\/tuctuc.ee\/en\/toode\/tudrukute-tuulejope-2\/\" \/>\n<meta property=\"og:site_name\" content=\"TucTuc Eesti\" \/>\n<meta property=\"article:modified_time\" content=\"2026-04-27T09:15:44+00:00\" \/>\n<meta property=\"og:image\" content=\"https:\/\/tuctuc.ee\/wp-content\/uploads\/2026\/04\/11409593.webp\" \/>\n\t<meta property=\"og:image:width\" content=\"800\" \/>\n\t<meta property=\"og:image:height\" content=\"1000\" \/>\n\t<meta property=\"og:image:type\" content=\"image\/webp\" \/>\n<meta name=\"twitter:card\" content=\"summary_large_image\" \/>\n<meta name=\"twitter:label1\" content=\"Est. reading time\" \/>\n\t<meta name=\"twitter:data1\" content=\"1 minute\" \/>\n<script type=\"application\/ld+json\" class=\"yoast-schema-graph\">{\"@context\":\"https:\/\/schema.org\",\"@graph\":[{\"@type\":\"WebPage\",\"@id\":\"https:\/\/tuctuc.ee\/en\/toode\/tudrukute-tuulejope-2\/\",\"url\":\"https:\/\/tuctuc.ee\/en\/toode\/tudrukute-tuulejope-2\/\",\"name\":\"T\u00fcdrukute tuulejope - TucTuc Eesti\",\"isPartOf\":{\"@id\":\"https:\/\/tuctuc.ee\/en\/#website\"},\"datePublished\":\"2026-04-27T09:04:07+00:00\",\"dateModified\":\"2026-04-27T09:15:44+00:00\",\"breadcrumb\":{\"@id\":\"https:\/\/tuctuc.ee\/en\/toode\/tudrukute-tuulejope-2\/#breadcrumb\"},\"inLanguage\":\"en-US\",\"potentialAction\":[{\"@type\":\"ReadAction\",\"target\":[\"https:\/\/tuctuc.ee\/en\/toode\/tudrukute-tuulejope-2\/\"]}]},{\"@type\":\"BreadcrumbList\",\"@id\":\"https:\/\/tuctuc.ee\/en\/toode\/tudrukute-tuulejope-2\/#breadcrumb\",\"itemListElement\":[{\"@type\":\"ListItem\",\"position\":1,\"name\":\"Home\",\"item\":\"https:\/\/tuctuc.ee\/en\/?page_id=269\"},{\"@type\":\"ListItem\",\"position\":2,\"name\":\"Shop\",\"item\":\"https:\/\/tuctuc.ee\/shop\/\"},{\"@type\":\"ListItem\",\"position\":3,\"name\":\"T\u00fcdrukute tuulejope\"}]},{\"@type\":\"WebSite\",\"@id\":\"https:\/\/tuctuc.ee\/en\/#website\",\"url\":\"https:\/\/tuctuc.ee\/en\/\",\"name\":\"TucTuc Eesti\",\"description\":\"Eesti laster\u00f5ivaste veebipood - Stiilsed riided lastele igale vanusele. Avastage meie valikut n\u00fc\u00fcd!\",\"publisher\":{\"@id\":\"https:\/\/tuctuc.ee\/en\/#organization\"},\"potentialAction\":[{\"@type\":\"SearchAction\",\"target\":{\"@type\":\"EntryPoint\",\"urlTemplate\":\"https:\/\/tuctuc.ee\/en\/?s={search_term_string}\"},\"query-input\":\"required name=search_term_string\"}],\"inLanguage\":\"en-US\"},{\"@type\":\"Organization\",\"@id\":\"https:\/\/tuctuc.ee\/en\/#organization\",\"name\":\"TucTuc Eesti\",\"url\":\"https:\/\/tuctuc.ee\/en\/\",\"logo\":{\"@type\":\"ImageObject\",\"inLanguage\":\"en-US\",\"@id\":\"https:\/\/tuctuc.ee\/en\/#\/schema\/logo\/image\/\",\"url\":\"https:\/\/i0.wp.com\/tuctuc.ee\/wp-content\/uploads\/2023\/10\/logo-164933761541.png?fit=109%2C122&ssl=1\",\"contentUrl\":\"https:\/\/i0.wp.com\/tuctuc.ee\/wp-content\/uploads\/2023\/10\/logo-164933761541.png?fit=109%2C122&ssl=1\",\"width\":109,\"height\":122,\"caption\":\"TucTuc Eesti\"},\"image\":{\"@id\":\"https:\/\/tuctuc.ee\/en\/#\/schema\/logo\/image\/\"}}]}<\/script>\n<!-- \/ Yoast SEO plugin. -->","yoast_head_json":{"title":"T\u00fcdrukute tuulejope - TucTuc Eesti","robots":{"index":"index","follow":"follow","max-snippet":"max-snippet:-1","max-image-preview":"max-image-preview:large","max-video-preview":"max-video-preview:-1"},"canonical":"https:\/\/tuctuc.ee\/en\/toode\/tudrukute-tuulejope-2\/","og_locale":"en_US","og_type":"article","og_title":"T\u00fcdrukute tuulejope - TucTuc Eesti","og_description":"See t\u00fcdrukute tuulejope on valmistatud kergest ja mugavast kangast, mis sobib ideaalselt vahelduva ilmaga. Sellel on silmatorkav erksav\u00e4rviline lilleprind kollasel taustal, mis lisab r\u00f5\u00f5msameelset ja v\u00e4rvilist h\u00f5ngu. Roosa voodriga kapuuts pakub lisasoojust ja kontrastset aktsenti. Lukk teeb igap\u00e4evase kandmise lihtsaks, samas kui elastsed k\u00e4tised tagavad mugava istuvuse ja aitavad jopel paigal p\u00fcsida. Praktiline ja s\u00e4rav...","og_url":"https:\/\/tuctuc.ee\/en\/toode\/tudrukute-tuulejope-2\/","og_site_name":"TucTuc Eesti","article_modified_time":"2026-04-27T09:15:44+00:00","og_image":[{"width":800,"height":1000,"url":"https:\/\/tuctuc.ee\/wp-content\/uploads\/2026\/04\/11409593.webp","type":"image\/webp"}],"twitter_card":"summary_large_image","twitter_misc":{"Est. reading time":"1 minute"},"schema":{"@context":"https:\/\/schema.org","@graph":[{"@type":"WebPage","@id":"https:\/\/tuctuc.ee\/en\/toode\/tudrukute-tuulejope-2\/","url":"https:\/\/tuctuc.ee\/en\/toode\/tudrukute-tuulejope-2\/","name":"T\u00fcdrukute tuulejope - TucTuc Eesti","isPartOf":{"@id":"https:\/\/tuctuc.ee\/en\/#website"},"datePublished":"2026-04-27T09:04:07+00:00","dateModified":"2026-04-27T09:15:44+00:00","breadcrumb":{"@id":"https:\/\/tuctuc.ee\/en\/toode\/tudrukute-tuulejope-2\/#breadcrumb"},"inLanguage":"en-US","potentialAction":[{"@type":"ReadAction","target":["https:\/\/tuctuc.ee\/en\/toode\/tudrukute-tuulejope-2\/"]}]},{"@type":"BreadcrumbList","@id":"https:\/\/tuctuc.ee\/en\/toode\/tudrukute-tuulejope-2\/#breadcrumb","itemListElement":[{"@type":"ListItem","position":1,"name":"Home","item":"https:\/\/tuctuc.ee\/en\/?page_id=269"},{"@type":"ListItem","position":2,"name":"Shop","item":"https:\/\/tuctuc.ee\/shop\/"},{"@type":"ListItem","position":3,"name":"T\u00fcdrukute tuulejope"}]},{"@type":"WebSite","@id":"https:\/\/tuctuc.ee\/en\/#website","url":"https:\/\/tuctuc.ee\/en\/","name":"TucTuc Eesti","description":"Eesti laster\u00f5ivaste veebipood - Stiilsed riided lastele igale vanusele. Avastage meie valikut n\u00fc\u00fcd!","publisher":{"@id":"https:\/\/tuctuc.ee\/en\/#organization"},"potentialAction":[{"@type":"SearchAction","target":{"@type":"EntryPoint","urlTemplate":"https:\/\/tuctuc.ee\/en\/?s={search_term_string}"},"query-input":"required name=search_term_string"}],"inLanguage":"en-US"},{"@type":"Organization","@id":"https:\/\/tuctuc.ee\/en\/#organization","name":"TucTuc Eesti","url":"https:\/\/tuctuc.ee\/en\/","logo":{"@type":"ImageObject","inLanguage":"en-US","@id":"https:\/\/tuctuc.ee\/en\/#\/schema\/logo\/image\/","url":"https:\/\/i0.wp.com\/tuctuc.ee\/wp-content\/uploads\/2023\/10\/logo-164933761541.png?fit=109%2C122&ssl=1","contentUrl":"https:\/\/i0.wp.com\/tuctuc.ee\/wp-content\/uploads\/2023\/10\/logo-164933761541.png?fit=109%2C122&ssl=1","width":109,"height":122,"caption":"TucTuc Eesti"},"image":{"@id":"https:\/\/tuctuc.ee\/en\/#\/schema\/logo\/image\/"}}]}},"jetpack_sharing_enabled":true,"_links":{"self":[{"href":"https:\/\/tuctuc.ee\/en\/wp-json\/wp\/v2\/product\/1009422","targetHints":{"allow":["GET"]}}],"collection":[{"href":"https:\/\/tuctuc.ee\/en\/wp-json\/wp\/v2\/product"}],"about":[{"href":"https:\/\/tuctuc.ee\/en\/wp-json\/wp\/v2\/types\/product"}],"replies":[{"embeddable":true,"href":"https:\/\/tuctuc.ee\/en\/wp-json\/wp\/v2\/comments?post=1009422"}],"version-history":[{"count":2,"href":"https:\/\/tuctuc.ee\/en\/wp-json\/wp\/v2\/product\/1009422\/revisions"}],"predecessor-version":[{"id":1009436,"href":"https:\/\/tuctuc.ee\/en\/wp-json\/wp\/v2\/product\/1009422\/revisions\/1009436"}],"wp:featuredmedia":[{"embeddable":true,"href":"https:\/\/tuctuc.ee\/en\/wp-json\/wp\/v2\/media\/1009428"}],"wp:attachment":[{"href":"https:\/\/tuctuc.ee\/en\/wp-json\/wp\/v2\/media?parent=1009422"}],"wp:term":[{"taxonomy":"product_cat","embeddable":true,"href":"https:\/\/tuctuc.ee\/en\/wp-json\/wp\/v2\/product_cat?post=1009422"},{"taxonomy":"product_tag","embeddable":true,"href":"https:\/\/tuctuc.ee\/en\/wp-json\/wp\/v2\/product_tag?post=1009422"}],"curies":[{"name":"wp","href":"https:\/\/api.w.org\/{rel}","templated":true}]}}