{"id":1009160,"date":"2026-01-23T15:08:57","date_gmt":"2026-01-23T12:08:57","guid":{"rendered":"https:\/\/tuctuc.ee\/?post_type=product&#038;p=1009160"},"modified":"2026-03-31T16:32:39","modified_gmt":"2026-03-31T13:32:39","slug":"poiste-imekerge-must-polsterdatud-jope","status":"publish","type":"product","link":"https:\/\/tuctuc.ee\/en\/toode\/poiste-imekerge-must-polsterdatud-jope\/","title":{"rendered":"Poiste imekerge must polsterdatud jope"},"content":{"rendered":"<div class=\"vgblk-rw-wrapper limit-wrapper\">\n<p id=\"tw-target-text\" class=\"tw-data-text tw-text-large tw-ta\" dir=\"ltr\" role=\"text\" data-placeholder=\"Translation\" data-ved=\"2ahUKEwj35cvVoaGSAxUvGBAIHXkmO04Q3ewLegQIDBAW\" aria-label=\"Translated text: Poiste polsterdatud vest tumesinises v\u00e4rvitoonis, mis pakub soojust ilma liikuvust piiramata. Sellel on sobiv eesmine t\u00f5mblukk, k\u00f5rge krae lisamugavuse tagamiseks ja kaks k\u00e4ep\u00e4rast k\u00fcljetaskut. Mitmek\u00fclgne ja kerge ese, mis sobib ideaalselt jahedamatel ilmadel T-s\u00e4rkide, s\u00e4rkide v\u00f5i dressipluusidega kandmiseks.\">Poiste imekerge must polsterdatud jope, mis on loodud pakkuma soojust ja mugavust k\u00fclmadel p\u00e4evadel. Sellel on fikseeritud kapuuts, eesmine t\u00f5mblukk ja praktilised k\u00fcljetaskud. Kerge ja mitmek\u00fclgne disain sobib ideaalselt iga vabaaja talvise riietusega. Kott komplektis.<\/p>\n<p class=\"tw-data-text tw-text-large tw-ta\" dir=\"ltr\" data-placeholder=\"Translation\" data-ved=\"2ahUKEwiR1-LbhbqDAxUI1gIHHYBTD5EQ3ewLegQIBRAQ\"><span class=\"Y2IQFc\" lang=\"et\">Materjal: 100% pol\u00fcamiid. Juhised riiete hooldamiseks ja pesemiseks.<\/span><\/p>\n<\/div>\n<p><!-- .vgblk-rw-wrapper --><\/p>\n","protected":false},"excerpt":{"rendered":"<p>Poiste imekerge must polsterdatud jope, mis on loodud pakkuma soojust ja mugavust k\u00fclmadel p\u00e4evadel. Sellel on fikseeritud kapuuts, eesmine t\u00f5mblukk ja praktilised k\u00fcljetaskud. Kerge ja mitmek\u00fclgne disain sobib ideaalselt iga vabaaja talvise riietusega. Kott komplektis. Materjal: 100% pol\u00fcamiid. Juhised riiete hooldamiseks ja pesemiseks.<\/p>\n","protected":false},"featured_media":1009165,"comment_status":"open","ping_status":"closed","template":"","meta":{"_themeisle_gutenberg_block_has_review":false},"product_cat":[435,317],"product_tag":[],"class_list":["post-1009160","product","type-product","status-publish","has-post-thumbnail","hentry","product_cat-joped","product_cat-poisid"],"yoast_head":"<!-- This site is optimized with the Yoast SEO plugin v21.5 - https:\/\/yoast.com\/wordpress\/plugins\/seo\/ -->\n<title>Poiste imekerge must polsterdatud jope - TucTuc Eesti<\/title>\n<meta name=\"robots\" content=\"index, follow, max-snippet:-1, max-image-preview:large, max-video-preview:-1\" \/>\n<link rel=\"canonical\" href=\"https:\/\/tuctuc.ee\/en\/toode\/poiste-imekerge-must-polsterdatud-jope\/\" \/>\n<meta property=\"og:locale\" content=\"en_US\" \/>\n<meta property=\"og:type\" content=\"article\" \/>\n<meta property=\"og:title\" content=\"Poiste imekerge must polsterdatud jope - TucTuc Eesti\" \/>\n<meta property=\"og:description\" content=\"Poiste imekerge must polsterdatud jope, mis on loodud pakkuma soojust ja mugavust k\u00fclmadel p\u00e4evadel. Sellel on fikseeritud kapuuts, eesmine t\u00f5mblukk ja praktilised k\u00fcljetaskud. Kerge ja mitmek\u00fclgne disain sobib ideaalselt iga vabaaja talvise riietusega. Kott komplektis. Materjal: 100% pol\u00fcamiid. Juhised riiete hooldamiseks ja pesemiseks.\" \/>\n<meta property=\"og:url\" content=\"https:\/\/tuctuc.ee\/en\/toode\/poiste-imekerge-must-polsterdatud-jope\/\" \/>\n<meta property=\"og:site_name\" content=\"TucTuc Eesti\" \/>\n<meta property=\"article:modified_time\" content=\"2026-03-31T13:32:39+00:00\" \/>\n<meta property=\"og:image\" content=\"https:\/\/tuctuc.ee\/wp-content\/uploads\/2026\/01\/KB09C201X1.webp\" \/>\n\t<meta property=\"og:image:width\" content=\"800\" \/>\n\t<meta property=\"og:image:height\" content=\"1000\" \/>\n\t<meta property=\"og:image:type\" content=\"image\/webp\" \/>\n<meta name=\"twitter:card\" content=\"summary_large_image\" \/>\n<meta name=\"twitter:label1\" content=\"Est. reading time\" \/>\n\t<meta name=\"twitter:data1\" content=\"1 minute\" \/>\n<script type=\"application\/ld+json\" class=\"yoast-schema-graph\">{\"@context\":\"https:\/\/schema.org\",\"@graph\":[{\"@type\":\"WebPage\",\"@id\":\"https:\/\/tuctuc.ee\/en\/toode\/poiste-imekerge-must-polsterdatud-jope\/\",\"url\":\"https:\/\/tuctuc.ee\/en\/toode\/poiste-imekerge-must-polsterdatud-jope\/\",\"name\":\"Poiste imekerge must polsterdatud jope - TucTuc Eesti\",\"isPartOf\":{\"@id\":\"https:\/\/tuctuc.ee\/en\/#website\"},\"datePublished\":\"2026-01-23T12:08:57+00:00\",\"dateModified\":\"2026-03-31T13:32:39+00:00\",\"breadcrumb\":{\"@id\":\"https:\/\/tuctuc.ee\/en\/toode\/poiste-imekerge-must-polsterdatud-jope\/#breadcrumb\"},\"inLanguage\":\"en-US\",\"potentialAction\":[{\"@type\":\"ReadAction\",\"target\":[\"https:\/\/tuctuc.ee\/en\/toode\/poiste-imekerge-must-polsterdatud-jope\/\"]}]},{\"@type\":\"BreadcrumbList\",\"@id\":\"https:\/\/tuctuc.ee\/en\/toode\/poiste-imekerge-must-polsterdatud-jope\/#breadcrumb\",\"itemListElement\":[{\"@type\":\"ListItem\",\"position\":1,\"name\":\"Home\",\"item\":\"https:\/\/tuctuc.ee\/en\/?page_id=269\"},{\"@type\":\"ListItem\",\"position\":2,\"name\":\"Shop\",\"item\":\"https:\/\/tuctuc.ee\/shop\/\"},{\"@type\":\"ListItem\",\"position\":3,\"name\":\"Poiste imekerge must polsterdatud jope\"}]},{\"@type\":\"WebSite\",\"@id\":\"https:\/\/tuctuc.ee\/en\/#website\",\"url\":\"https:\/\/tuctuc.ee\/en\/\",\"name\":\"TucTuc Eesti\",\"description\":\"Eesti laster\u00f5ivaste veebipood - Stiilsed riided lastele igale vanusele. Avastage meie valikut n\u00fc\u00fcd!\",\"publisher\":{\"@id\":\"https:\/\/tuctuc.ee\/en\/#organization\"},\"potentialAction\":[{\"@type\":\"SearchAction\",\"target\":{\"@type\":\"EntryPoint\",\"urlTemplate\":\"https:\/\/tuctuc.ee\/en\/?s={search_term_string}\"},\"query-input\":\"required name=search_term_string\"}],\"inLanguage\":\"en-US\"},{\"@type\":\"Organization\",\"@id\":\"https:\/\/tuctuc.ee\/en\/#organization\",\"name\":\"TucTuc Eesti\",\"url\":\"https:\/\/tuctuc.ee\/en\/\",\"logo\":{\"@type\":\"ImageObject\",\"inLanguage\":\"en-US\",\"@id\":\"https:\/\/tuctuc.ee\/en\/#\/schema\/logo\/image\/\",\"url\":\"https:\/\/i0.wp.com\/tuctuc.ee\/wp-content\/uploads\/2023\/10\/logo-164933761541.png?fit=109%2C122&ssl=1\",\"contentUrl\":\"https:\/\/i0.wp.com\/tuctuc.ee\/wp-content\/uploads\/2023\/10\/logo-164933761541.png?fit=109%2C122&ssl=1\",\"width\":109,\"height\":122,\"caption\":\"TucTuc Eesti\"},\"image\":{\"@id\":\"https:\/\/tuctuc.ee\/en\/#\/schema\/logo\/image\/\"}}]}<\/script>\n<!-- \/ Yoast SEO plugin. -->","yoast_head_json":{"title":"Poiste imekerge must polsterdatud jope - TucTuc Eesti","robots":{"index":"index","follow":"follow","max-snippet":"max-snippet:-1","max-image-preview":"max-image-preview:large","max-video-preview":"max-video-preview:-1"},"canonical":"https:\/\/tuctuc.ee\/en\/toode\/poiste-imekerge-must-polsterdatud-jope\/","og_locale":"en_US","og_type":"article","og_title":"Poiste imekerge must polsterdatud jope - TucTuc Eesti","og_description":"Poiste imekerge must polsterdatud jope, mis on loodud pakkuma soojust ja mugavust k\u00fclmadel p\u00e4evadel. Sellel on fikseeritud kapuuts, eesmine t\u00f5mblukk ja praktilised k\u00fcljetaskud. Kerge ja mitmek\u00fclgne disain sobib ideaalselt iga vabaaja talvise riietusega. Kott komplektis. Materjal: 100% pol\u00fcamiid. Juhised riiete hooldamiseks ja pesemiseks.","og_url":"https:\/\/tuctuc.ee\/en\/toode\/poiste-imekerge-must-polsterdatud-jope\/","og_site_name":"TucTuc Eesti","article_modified_time":"2026-03-31T13:32:39+00:00","og_image":[{"width":800,"height":1000,"url":"https:\/\/tuctuc.ee\/wp-content\/uploads\/2026\/01\/KB09C201X1.webp","type":"image\/webp"}],"twitter_card":"summary_large_image","twitter_misc":{"Est. reading time":"1 minute"},"schema":{"@context":"https:\/\/schema.org","@graph":[{"@type":"WebPage","@id":"https:\/\/tuctuc.ee\/en\/toode\/poiste-imekerge-must-polsterdatud-jope\/","url":"https:\/\/tuctuc.ee\/en\/toode\/poiste-imekerge-must-polsterdatud-jope\/","name":"Poiste imekerge must polsterdatud jope - TucTuc Eesti","isPartOf":{"@id":"https:\/\/tuctuc.ee\/en\/#website"},"datePublished":"2026-01-23T12:08:57+00:00","dateModified":"2026-03-31T13:32:39+00:00","breadcrumb":{"@id":"https:\/\/tuctuc.ee\/en\/toode\/poiste-imekerge-must-polsterdatud-jope\/#breadcrumb"},"inLanguage":"en-US","potentialAction":[{"@type":"ReadAction","target":["https:\/\/tuctuc.ee\/en\/toode\/poiste-imekerge-must-polsterdatud-jope\/"]}]},{"@type":"BreadcrumbList","@id":"https:\/\/tuctuc.ee\/en\/toode\/poiste-imekerge-must-polsterdatud-jope\/#breadcrumb","itemListElement":[{"@type":"ListItem","position":1,"name":"Home","item":"https:\/\/tuctuc.ee\/en\/?page_id=269"},{"@type":"ListItem","position":2,"name":"Shop","item":"https:\/\/tuctuc.ee\/shop\/"},{"@type":"ListItem","position":3,"name":"Poiste imekerge must polsterdatud jope"}]},{"@type":"WebSite","@id":"https:\/\/tuctuc.ee\/en\/#website","url":"https:\/\/tuctuc.ee\/en\/","name":"TucTuc Eesti","description":"Eesti laster\u00f5ivaste veebipood - Stiilsed riided lastele igale vanusele. Avastage meie valikut n\u00fc\u00fcd!","publisher":{"@id":"https:\/\/tuctuc.ee\/en\/#organization"},"potentialAction":[{"@type":"SearchAction","target":{"@type":"EntryPoint","urlTemplate":"https:\/\/tuctuc.ee\/en\/?s={search_term_string}"},"query-input":"required name=search_term_string"}],"inLanguage":"en-US"},{"@type":"Organization","@id":"https:\/\/tuctuc.ee\/en\/#organization","name":"TucTuc Eesti","url":"https:\/\/tuctuc.ee\/en\/","logo":{"@type":"ImageObject","inLanguage":"en-US","@id":"https:\/\/tuctuc.ee\/en\/#\/schema\/logo\/image\/","url":"https:\/\/i0.wp.com\/tuctuc.ee\/wp-content\/uploads\/2023\/10\/logo-164933761541.png?fit=109%2C122&ssl=1","contentUrl":"https:\/\/i0.wp.com\/tuctuc.ee\/wp-content\/uploads\/2023\/10\/logo-164933761541.png?fit=109%2C122&ssl=1","width":109,"height":122,"caption":"TucTuc Eesti"},"image":{"@id":"https:\/\/tuctuc.ee\/en\/#\/schema\/logo\/image\/"}}]}},"jetpack_sharing_enabled":true,"_links":{"self":[{"href":"https:\/\/tuctuc.ee\/en\/wp-json\/wp\/v2\/product\/1009160","targetHints":{"allow":["GET"]}}],"collection":[{"href":"https:\/\/tuctuc.ee\/en\/wp-json\/wp\/v2\/product"}],"about":[{"href":"https:\/\/tuctuc.ee\/en\/wp-json\/wp\/v2\/types\/product"}],"replies":[{"embeddable":true,"href":"https:\/\/tuctuc.ee\/en\/wp-json\/wp\/v2\/comments?post=1009160"}],"version-history":[{"count":1,"href":"https:\/\/tuctuc.ee\/en\/wp-json\/wp\/v2\/product\/1009160\/revisions"}],"predecessor-version":[{"id":1009174,"href":"https:\/\/tuctuc.ee\/en\/wp-json\/wp\/v2\/product\/1009160\/revisions\/1009174"}],"wp:featuredmedia":[{"embeddable":true,"href":"https:\/\/tuctuc.ee\/en\/wp-json\/wp\/v2\/media\/1009165"}],"wp:attachment":[{"href":"https:\/\/tuctuc.ee\/en\/wp-json\/wp\/v2\/media?parent=1009160"}],"wp:term":[{"taxonomy":"product_cat","embeddable":true,"href":"https:\/\/tuctuc.ee\/en\/wp-json\/wp\/v2\/product_cat?post=1009160"},{"taxonomy":"product_tag","embeddable":true,"href":"https:\/\/tuctuc.ee\/en\/wp-json\/wp\/v2\/product_tag?post=1009160"}],"curies":[{"name":"wp","href":"https:\/\/api.w.org\/{rel}","templated":true}]}}