{"id":1009117,"date":"2026-01-23T14:25:14","date_gmt":"2026-01-23T11:25:14","guid":{"rendered":"https:\/\/tuctuc.ee\/?post_type=product&#038;p=1009117"},"modified":"2026-02-23T14:33:11","modified_gmt":"2026-02-23T11:33:11","slug":"valge-tudrukute-pluus-pikkade-varrukatega-ja-elastsete-katistega","status":"publish","type":"product","link":"https:\/\/tuctuc.ee\/en\/toode\/valge-tudrukute-pluus-pikkade-varrukatega-ja-elastsete-katistega\/","title":{"rendered":"Valge t\u00fcdrukute pluus pikkade varrukatega ja elastsete k\u00e4tistega"},"content":{"rendered":"<div class=\"vgblk-rw-wrapper limit-wrapper\">\n<p id=\"tw-target-text\" class=\"tw-data-text tw-text-large tw-ta\" dir=\"ltr\" role=\"text\" data-placeholder=\"Translation\" data-ved=\"2ahUKEwj35cvVoaGSAxUvGBAIHXkmO04Q3ewLegQIDBAW\" aria-label=\"Translated text: Valkjas t\u00fcdrukute pluus pikkade varrukatega ja elastsete k\u00e4tistega. Dekoratiivne volangdetail kulgeb \u00fcle esiosa ja ulatub varrukateni, lisades romantilise ja \u00f5rna h\u00f5ngu. Kinnitub tagant n\u00f6\u00f6biga. Mitmek\u00fclgne ja elegantne pluus, mis sobib ideaalselt nii erilisteks s\u00fcndmusteks kui ka igap\u00e4evaseks kandmiseks.\"><span class=\"Y2IQFc\" lang=\"et\">Valge t\u00fcdrukute pluus pikkade varrukatega ja elastsete k\u00e4tistega. Dekoratiivne volangdetail kulgeb \u00fcle esiosa ja ulatub varrukateni, lisades romantilise ja \u00f5rna h\u00f5ngu. Kinnitub tagant n\u00f6\u00f6biga. Mitmek\u00fclgne ja elegantne pluus, mis sobib ideaalselt nii erilisteks s\u00fcndmusteks kui ka igap\u00e4evaseks kandmiseks.<\/span><\/p>\n<p>Materjal: 85% viskoos, 15% pol\u00fcester. Juhised riiete hooldamiseks ja pesemiseks.<\/p><\/div>\n<p><!-- .vgblk-rw-wrapper --><\/p>\n","protected":false},"excerpt":{"rendered":"<p>Valge t\u00fcdrukute pluus pikkade varrukatega ja elastsete k\u00e4tistega. Dekoratiivne volangdetail kulgeb \u00fcle esiosa ja ulatub varrukateni, lisades romantilise ja \u00f5rna h\u00f5ngu. Kinnitub tagant n\u00f6\u00f6biga. Mitmek\u00fclgne ja elegantne pluus, mis sobib ideaalselt nii erilisteks s\u00fcndmusteks kui ka igap\u00e4evaseks kandmiseks. Materjal: 85% viskoos, 15% pol\u00fcester. Juhised riiete hooldamiseks ja pesemiseks.<\/p>\n","protected":false},"featured_media":1009120,"comment_status":"open","ping_status":"closed","template":"","meta":{"_themeisle_gutenberg_block_has_review":false},"product_cat":[430,318],"product_tag":[],"class_list":["post-1009117","product","type-product","status-publish","has-post-thumbnail","hentry","product_cat-t-sark-pikkade-varrukatega","product_cat-tudrukud"],"yoast_head":"<!-- This site is optimized with the Yoast SEO plugin v21.5 - https:\/\/yoast.com\/wordpress\/plugins\/seo\/ -->\n<title>Valge t\u00fcdrukute pluus pikkade varrukatega ja elastsete k\u00e4tistega - TucTuc Eesti<\/title>\n<meta name=\"robots\" content=\"index, follow, max-snippet:-1, max-image-preview:large, max-video-preview:-1\" \/>\n<link rel=\"canonical\" href=\"https:\/\/tuctuc.ee\/en\/toode\/valge-tudrukute-pluus-pikkade-varrukatega-ja-elastsete-katistega\/\" \/>\n<meta property=\"og:locale\" content=\"en_US\" \/>\n<meta property=\"og:type\" content=\"article\" \/>\n<meta property=\"og:title\" content=\"Valge t\u00fcdrukute pluus pikkade varrukatega ja elastsete k\u00e4tistega - TucTuc Eesti\" \/>\n<meta property=\"og:description\" content=\"Valge t\u00fcdrukute pluus pikkade varrukatega ja elastsete k\u00e4tistega. Dekoratiivne volangdetail kulgeb \u00fcle esiosa ja ulatub varrukateni, lisades romantilise ja \u00f5rna h\u00f5ngu. Kinnitub tagant n\u00f6\u00f6biga. Mitmek\u00fclgne ja elegantne pluus, mis sobib ideaalselt nii erilisteks s\u00fcndmusteks kui ka igap\u00e4evaseks kandmiseks. Materjal: 85% viskoos, 15% pol\u00fcester. Juhised riiete hooldamiseks ja pesemiseks.\" \/>\n<meta property=\"og:url\" content=\"https:\/\/tuctuc.ee\/en\/toode\/valge-tudrukute-pluus-pikkade-varrukatega-ja-elastsete-katistega\/\" \/>\n<meta property=\"og:site_name\" content=\"TucTuc Eesti\" \/>\n<meta property=\"article:modified_time\" content=\"2026-02-23T11:33:11+00:00\" \/>\n<meta property=\"og:image\" content=\"https:\/\/tuctuc.ee\/wp-content\/uploads\/2026\/01\/KG09B401W5.webp\" \/>\n\t<meta property=\"og:image:width\" content=\"800\" \/>\n\t<meta property=\"og:image:height\" content=\"1000\" \/>\n\t<meta property=\"og:image:type\" content=\"image\/webp\" \/>\n<meta name=\"twitter:card\" content=\"summary_large_image\" \/>\n<meta name=\"twitter:label1\" content=\"Est. reading time\" \/>\n\t<meta name=\"twitter:data1\" content=\"1 minute\" \/>\n<script type=\"application\/ld+json\" class=\"yoast-schema-graph\">{\"@context\":\"https:\/\/schema.org\",\"@graph\":[{\"@type\":\"WebPage\",\"@id\":\"https:\/\/tuctuc.ee\/en\/toode\/valge-tudrukute-pluus-pikkade-varrukatega-ja-elastsete-katistega\/\",\"url\":\"https:\/\/tuctuc.ee\/en\/toode\/valge-tudrukute-pluus-pikkade-varrukatega-ja-elastsete-katistega\/\",\"name\":\"Valge t\u00fcdrukute pluus pikkade varrukatega ja elastsete k\u00e4tistega - TucTuc Eesti\",\"isPartOf\":{\"@id\":\"https:\/\/tuctuc.ee\/en\/#website\"},\"datePublished\":\"2026-01-23T11:25:14+00:00\",\"dateModified\":\"2026-02-23T11:33:11+00:00\",\"breadcrumb\":{\"@id\":\"https:\/\/tuctuc.ee\/en\/toode\/valge-tudrukute-pluus-pikkade-varrukatega-ja-elastsete-katistega\/#breadcrumb\"},\"inLanguage\":\"en-US\",\"potentialAction\":[{\"@type\":\"ReadAction\",\"target\":[\"https:\/\/tuctuc.ee\/en\/toode\/valge-tudrukute-pluus-pikkade-varrukatega-ja-elastsete-katistega\/\"]}]},{\"@type\":\"BreadcrumbList\",\"@id\":\"https:\/\/tuctuc.ee\/en\/toode\/valge-tudrukute-pluus-pikkade-varrukatega-ja-elastsete-katistega\/#breadcrumb\",\"itemListElement\":[{\"@type\":\"ListItem\",\"position\":1,\"name\":\"Home\",\"item\":\"https:\/\/tuctuc.ee\/en\/?page_id=269\"},{\"@type\":\"ListItem\",\"position\":2,\"name\":\"Shop\",\"item\":\"https:\/\/tuctuc.ee\/shop\/\"},{\"@type\":\"ListItem\",\"position\":3,\"name\":\"Valge t\u00fcdrukute pluus pikkade varrukatega ja elastsete k\u00e4tistega\"}]},{\"@type\":\"WebSite\",\"@id\":\"https:\/\/tuctuc.ee\/en\/#website\",\"url\":\"https:\/\/tuctuc.ee\/en\/\",\"name\":\"TucTuc Eesti\",\"description\":\"Eesti laster\u00f5ivaste veebipood - Stiilsed riided lastele igale vanusele. Avastage meie valikut n\u00fc\u00fcd!\",\"publisher\":{\"@id\":\"https:\/\/tuctuc.ee\/en\/#organization\"},\"potentialAction\":[{\"@type\":\"SearchAction\",\"target\":{\"@type\":\"EntryPoint\",\"urlTemplate\":\"https:\/\/tuctuc.ee\/en\/?s={search_term_string}\"},\"query-input\":\"required name=search_term_string\"}],\"inLanguage\":\"en-US\"},{\"@type\":\"Organization\",\"@id\":\"https:\/\/tuctuc.ee\/en\/#organization\",\"name\":\"TucTuc Eesti\",\"url\":\"https:\/\/tuctuc.ee\/en\/\",\"logo\":{\"@type\":\"ImageObject\",\"inLanguage\":\"en-US\",\"@id\":\"https:\/\/tuctuc.ee\/en\/#\/schema\/logo\/image\/\",\"url\":\"https:\/\/i0.wp.com\/tuctuc.ee\/wp-content\/uploads\/2023\/10\/logo-164933761541.png?fit=109%2C122&ssl=1\",\"contentUrl\":\"https:\/\/i0.wp.com\/tuctuc.ee\/wp-content\/uploads\/2023\/10\/logo-164933761541.png?fit=109%2C122&ssl=1\",\"width\":109,\"height\":122,\"caption\":\"TucTuc Eesti\"},\"image\":{\"@id\":\"https:\/\/tuctuc.ee\/en\/#\/schema\/logo\/image\/\"}}]}<\/script>\n<!-- \/ Yoast SEO plugin. -->","yoast_head_json":{"title":"Valge t\u00fcdrukute pluus pikkade varrukatega ja elastsete k\u00e4tistega - TucTuc Eesti","robots":{"index":"index","follow":"follow","max-snippet":"max-snippet:-1","max-image-preview":"max-image-preview:large","max-video-preview":"max-video-preview:-1"},"canonical":"https:\/\/tuctuc.ee\/en\/toode\/valge-tudrukute-pluus-pikkade-varrukatega-ja-elastsete-katistega\/","og_locale":"en_US","og_type":"article","og_title":"Valge t\u00fcdrukute pluus pikkade varrukatega ja elastsete k\u00e4tistega - TucTuc Eesti","og_description":"Valge t\u00fcdrukute pluus pikkade varrukatega ja elastsete k\u00e4tistega. Dekoratiivne volangdetail kulgeb \u00fcle esiosa ja ulatub varrukateni, lisades romantilise ja \u00f5rna h\u00f5ngu. Kinnitub tagant n\u00f6\u00f6biga. Mitmek\u00fclgne ja elegantne pluus, mis sobib ideaalselt nii erilisteks s\u00fcndmusteks kui ka igap\u00e4evaseks kandmiseks. Materjal: 85% viskoos, 15% pol\u00fcester. Juhised riiete hooldamiseks ja pesemiseks.","og_url":"https:\/\/tuctuc.ee\/en\/toode\/valge-tudrukute-pluus-pikkade-varrukatega-ja-elastsete-katistega\/","og_site_name":"TucTuc Eesti","article_modified_time":"2026-02-23T11:33:11+00:00","og_image":[{"width":800,"height":1000,"url":"https:\/\/tuctuc.ee\/wp-content\/uploads\/2026\/01\/KG09B401W5.webp","type":"image\/webp"}],"twitter_card":"summary_large_image","twitter_misc":{"Est. reading time":"1 minute"},"schema":{"@context":"https:\/\/schema.org","@graph":[{"@type":"WebPage","@id":"https:\/\/tuctuc.ee\/en\/toode\/valge-tudrukute-pluus-pikkade-varrukatega-ja-elastsete-katistega\/","url":"https:\/\/tuctuc.ee\/en\/toode\/valge-tudrukute-pluus-pikkade-varrukatega-ja-elastsete-katistega\/","name":"Valge t\u00fcdrukute pluus pikkade varrukatega ja elastsete k\u00e4tistega - TucTuc Eesti","isPartOf":{"@id":"https:\/\/tuctuc.ee\/en\/#website"},"datePublished":"2026-01-23T11:25:14+00:00","dateModified":"2026-02-23T11:33:11+00:00","breadcrumb":{"@id":"https:\/\/tuctuc.ee\/en\/toode\/valge-tudrukute-pluus-pikkade-varrukatega-ja-elastsete-katistega\/#breadcrumb"},"inLanguage":"en-US","potentialAction":[{"@type":"ReadAction","target":["https:\/\/tuctuc.ee\/en\/toode\/valge-tudrukute-pluus-pikkade-varrukatega-ja-elastsete-katistega\/"]}]},{"@type":"BreadcrumbList","@id":"https:\/\/tuctuc.ee\/en\/toode\/valge-tudrukute-pluus-pikkade-varrukatega-ja-elastsete-katistega\/#breadcrumb","itemListElement":[{"@type":"ListItem","position":1,"name":"Home","item":"https:\/\/tuctuc.ee\/en\/?page_id=269"},{"@type":"ListItem","position":2,"name":"Shop","item":"https:\/\/tuctuc.ee\/shop\/"},{"@type":"ListItem","position":3,"name":"Valge t\u00fcdrukute pluus pikkade varrukatega ja elastsete k\u00e4tistega"}]},{"@type":"WebSite","@id":"https:\/\/tuctuc.ee\/en\/#website","url":"https:\/\/tuctuc.ee\/en\/","name":"TucTuc Eesti","description":"Eesti laster\u00f5ivaste veebipood - Stiilsed riided lastele igale vanusele. Avastage meie valikut n\u00fc\u00fcd!","publisher":{"@id":"https:\/\/tuctuc.ee\/en\/#organization"},"potentialAction":[{"@type":"SearchAction","target":{"@type":"EntryPoint","urlTemplate":"https:\/\/tuctuc.ee\/en\/?s={search_term_string}"},"query-input":"required name=search_term_string"}],"inLanguage":"en-US"},{"@type":"Organization","@id":"https:\/\/tuctuc.ee\/en\/#organization","name":"TucTuc Eesti","url":"https:\/\/tuctuc.ee\/en\/","logo":{"@type":"ImageObject","inLanguage":"en-US","@id":"https:\/\/tuctuc.ee\/en\/#\/schema\/logo\/image\/","url":"https:\/\/i0.wp.com\/tuctuc.ee\/wp-content\/uploads\/2023\/10\/logo-164933761541.png?fit=109%2C122&ssl=1","contentUrl":"https:\/\/i0.wp.com\/tuctuc.ee\/wp-content\/uploads\/2023\/10\/logo-164933761541.png?fit=109%2C122&ssl=1","width":109,"height":122,"caption":"TucTuc Eesti"},"image":{"@id":"https:\/\/tuctuc.ee\/en\/#\/schema\/logo\/image\/"}}]}},"jetpack_sharing_enabled":true,"_links":{"self":[{"href":"https:\/\/tuctuc.ee\/en\/wp-json\/wp\/v2\/product\/1009117","targetHints":{"allow":["GET"]}}],"collection":[{"href":"https:\/\/tuctuc.ee\/en\/wp-json\/wp\/v2\/product"}],"about":[{"href":"https:\/\/tuctuc.ee\/en\/wp-json\/wp\/v2\/types\/product"}],"replies":[{"embeddable":true,"href":"https:\/\/tuctuc.ee\/en\/wp-json\/wp\/v2\/comments?post=1009117"}],"version-history":[{"count":2,"href":"https:\/\/tuctuc.ee\/en\/wp-json\/wp\/v2\/product\/1009117\/revisions"}],"predecessor-version":[{"id":1009144,"href":"https:\/\/tuctuc.ee\/en\/wp-json\/wp\/v2\/product\/1009117\/revisions\/1009144"}],"wp:featuredmedia":[{"embeddable":true,"href":"https:\/\/tuctuc.ee\/en\/wp-json\/wp\/v2\/media\/1009120"}],"wp:attachment":[{"href":"https:\/\/tuctuc.ee\/en\/wp-json\/wp\/v2\/media?parent=1009117"}],"wp:term":[{"taxonomy":"product_cat","embeddable":true,"href":"https:\/\/tuctuc.ee\/en\/wp-json\/wp\/v2\/product_cat?post=1009117"},{"taxonomy":"product_tag","embeddable":true,"href":"https:\/\/tuctuc.ee\/en\/wp-json\/wp\/v2\/product_tag?post=1009117"}],"curies":[{"name":"wp","href":"https:\/\/api.w.org\/{rel}","templated":true}]}}