{"id":1008869,"date":"2025-12-02T13:42:45","date_gmt":"2025-12-02T10:42:45","guid":{"rendered":"https:\/\/tuctuc.ee\/?post_type=product&#038;p=1008869"},"modified":"2026-01-23T11:36:08","modified_gmt":"2026-01-23T08:36:08","slug":"tumesinine-pitskangast-voodriga-tudrukute-kleit","status":"publish","type":"product","link":"https:\/\/tuctuc.ee\/en\/toode\/tumesinine-pitskangast-voodriga-tudrukute-kleit\/","title":{"rendered":"Tumesinine pitskangast voodriga t\u00fcdrukute kleit"},"content":{"rendered":"<div class=\"vgblk-rw-wrapper limit-wrapper\">\n<p id=\"tw-target-text\" class=\"tw-data-text tw-text-large tw-ta\" dir=\"ltr\" role=\"text\" data-placeholder=\"\u041f\u0435\u0440\u0435\u0432\u043e\u0434\" data-ved=\"2ahUKEwjEtIKLzp6RAxUPOBAIHU-POjMQ3ewLegQIDBAV\" aria-label=\"\u041f\u0435\u0440\u0435\u0432\u0435\u0434\u0435\u043d\u043d\u044b\u0439 \u0442\u0435\u043a\u0441\u0442: Tumesinine pitskangast voodriga t\u00fcdrukute kleit. Pikkade varrukatega, \u00fcmara kaelusega ja kergelt laieneva seelikuosaga. N\u00f6\u00f6pkinnis tagaosas lisab mugavust. Elegantne ja mitmek\u00fclgne disain, mis sobib ideaalselt nii erilisteks s\u00fcndmusteks kui ka pidulikumaks hooajaliseks kandmiseks.\"><span class=\"Y2IQFc\" lang=\"et\">Tumesinine pitskangast voodriga t\u00fcdrukute kleit. Pikkade varrukatega, \u00fcmara kaelusega ja kergelt laieneva seelikuosaga. N\u00f6\u00f6pkinnis tagaosas lisab mugavust. Elegantne ja mitmek\u00fclgne disain, mis sobib ideaalselt nii erilisteks s\u00fcndmusteks kui ka pidulikumaks hooajaliseks kandmiseks.<\/span><\/p>\n<p><span class=\"Y2IQFc\" lang=\"et\">Materjal: 40% nylon, 50% pol\u00fcester, 10% elastaan, vooder 100% puuvill. <\/span><span class=\"Y2IQFc\" lang=\"et\">Juhised riiete hooldamiseks ja pesemiseks.\u00a0<\/span><\/div>\n<p><!-- .vgblk-rw-wrapper --><\/p>\n","protected":false},"excerpt":{"rendered":"<p>Tumesinine pitskangast voodriga t\u00fcdrukute kleit. Pikkade varrukatega, \u00fcmara kaelusega ja kergelt laieneva seelikuosaga. N\u00f6\u00f6pkinnis tagaosas lisab mugavust. Elegantne ja mitmek\u00fclgne disain, mis sobib ideaalselt nii erilisteks s\u00fcndmusteks kui ka pidulikumaks hooajaliseks kandmiseks. Materjal: 40% nylon, 50% pol\u00fcester, 10% elastaan, vooder 100% puuvill. Juhised riiete hooldamiseks ja pesemiseks.\u00a0<\/p>\n","protected":false},"featured_media":1008877,"comment_status":"open","ping_status":"closed","template":"","meta":{"_themeisle_gutenberg_block_has_review":false},"product_cat":[416,318],"product_tag":[],"class_list":["post-1008869","product","type-product","status-publish","has-post-thumbnail","hentry","product_cat-kleit","product_cat-tudrukud"],"yoast_head":"<!-- This site is optimized with the Yoast SEO plugin v21.5 - https:\/\/yoast.com\/wordpress\/plugins\/seo\/ -->\n<title>Tumesinine pitskangast voodriga t\u00fcdrukute kleit - TucTuc Eesti<\/title>\n<meta name=\"robots\" content=\"index, follow, max-snippet:-1, max-image-preview:large, max-video-preview:-1\" \/>\n<link rel=\"canonical\" href=\"https:\/\/tuctuc.ee\/en\/toode\/tumesinine-pitskangast-voodriga-tudrukute-kleit\/\" \/>\n<meta property=\"og:locale\" content=\"en_US\" \/>\n<meta property=\"og:type\" content=\"article\" \/>\n<meta property=\"og:title\" content=\"Tumesinine pitskangast voodriga t\u00fcdrukute kleit - TucTuc Eesti\" \/>\n<meta property=\"og:description\" content=\"Tumesinine pitskangast voodriga t\u00fcdrukute kleit. Pikkade varrukatega, \u00fcmara kaelusega ja kergelt laieneva seelikuosaga. N\u00f6\u00f6pkinnis tagaosas lisab mugavust. Elegantne ja mitmek\u00fclgne disain, mis sobib ideaalselt nii erilisteks s\u00fcndmusteks kui ka pidulikumaks hooajaliseks kandmiseks. Materjal: 40% nylon, 50% pol\u00fcester, 10% elastaan, vooder 100% puuvill. Juhised riiete hooldamiseks ja pesemiseks.\u00a0\" \/>\n<meta property=\"og:url\" content=\"https:\/\/tuctuc.ee\/en\/toode\/tumesinine-pitskangast-voodriga-tudrukute-kleit\/\" \/>\n<meta property=\"og:site_name\" content=\"TucTuc Eesti\" \/>\n<meta property=\"article:modified_time\" content=\"2026-01-23T08:36:08+00:00\" \/>\n<meta property=\"og:image\" content=\"https:\/\/tuctuc.ee\/wp-content\/uploads\/2025\/12\/KG09D701N1.webp\" \/>\n\t<meta property=\"og:image:width\" content=\"800\" \/>\n\t<meta property=\"og:image:height\" content=\"1000\" \/>\n\t<meta property=\"og:image:type\" content=\"image\/webp\" \/>\n<meta name=\"twitter:card\" content=\"summary_large_image\" \/>\n<meta name=\"twitter:label1\" content=\"Est. reading time\" \/>\n\t<meta name=\"twitter:data1\" content=\"1 minute\" \/>\n<script type=\"application\/ld+json\" class=\"yoast-schema-graph\">{\"@context\":\"https:\/\/schema.org\",\"@graph\":[{\"@type\":\"WebPage\",\"@id\":\"https:\/\/tuctuc.ee\/en\/toode\/tumesinine-pitskangast-voodriga-tudrukute-kleit\/\",\"url\":\"https:\/\/tuctuc.ee\/en\/toode\/tumesinine-pitskangast-voodriga-tudrukute-kleit\/\",\"name\":\"Tumesinine pitskangast voodriga t\u00fcdrukute kleit - TucTuc Eesti\",\"isPartOf\":{\"@id\":\"https:\/\/tuctuc.ee\/en\/#website\"},\"datePublished\":\"2025-12-02T10:42:45+00:00\",\"dateModified\":\"2026-01-23T08:36:08+00:00\",\"breadcrumb\":{\"@id\":\"https:\/\/tuctuc.ee\/en\/toode\/tumesinine-pitskangast-voodriga-tudrukute-kleit\/#breadcrumb\"},\"inLanguage\":\"en-US\",\"potentialAction\":[{\"@type\":\"ReadAction\",\"target\":[\"https:\/\/tuctuc.ee\/en\/toode\/tumesinine-pitskangast-voodriga-tudrukute-kleit\/\"]}]},{\"@type\":\"BreadcrumbList\",\"@id\":\"https:\/\/tuctuc.ee\/en\/toode\/tumesinine-pitskangast-voodriga-tudrukute-kleit\/#breadcrumb\",\"itemListElement\":[{\"@type\":\"ListItem\",\"position\":1,\"name\":\"Home\",\"item\":\"https:\/\/tuctuc.ee\/en\/?page_id=269\"},{\"@type\":\"ListItem\",\"position\":2,\"name\":\"Shop\",\"item\":\"https:\/\/tuctuc.ee\/shop\/\"},{\"@type\":\"ListItem\",\"position\":3,\"name\":\"Tumesinine pitskangast voodriga t\u00fcdrukute kleit\"}]},{\"@type\":\"WebSite\",\"@id\":\"https:\/\/tuctuc.ee\/en\/#website\",\"url\":\"https:\/\/tuctuc.ee\/en\/\",\"name\":\"TucTuc Eesti\",\"description\":\"Eesti laster\u00f5ivaste veebipood - Stiilsed riided lastele igale vanusele. Avastage meie valikut n\u00fc\u00fcd!\",\"publisher\":{\"@id\":\"https:\/\/tuctuc.ee\/en\/#organization\"},\"potentialAction\":[{\"@type\":\"SearchAction\",\"target\":{\"@type\":\"EntryPoint\",\"urlTemplate\":\"https:\/\/tuctuc.ee\/en\/?s={search_term_string}\"},\"query-input\":\"required name=search_term_string\"}],\"inLanguage\":\"en-US\"},{\"@type\":\"Organization\",\"@id\":\"https:\/\/tuctuc.ee\/en\/#organization\",\"name\":\"TucTuc Eesti\",\"url\":\"https:\/\/tuctuc.ee\/en\/\",\"logo\":{\"@type\":\"ImageObject\",\"inLanguage\":\"en-US\",\"@id\":\"https:\/\/tuctuc.ee\/en\/#\/schema\/logo\/image\/\",\"url\":\"https:\/\/i0.wp.com\/tuctuc.ee\/wp-content\/uploads\/2023\/10\/logo-164933761541.png?fit=109%2C122&ssl=1\",\"contentUrl\":\"https:\/\/i0.wp.com\/tuctuc.ee\/wp-content\/uploads\/2023\/10\/logo-164933761541.png?fit=109%2C122&ssl=1\",\"width\":109,\"height\":122,\"caption\":\"TucTuc Eesti\"},\"image\":{\"@id\":\"https:\/\/tuctuc.ee\/en\/#\/schema\/logo\/image\/\"}}]}<\/script>\n<!-- \/ Yoast SEO plugin. -->","yoast_head_json":{"title":"Tumesinine pitskangast voodriga t\u00fcdrukute kleit - TucTuc Eesti","robots":{"index":"index","follow":"follow","max-snippet":"max-snippet:-1","max-image-preview":"max-image-preview:large","max-video-preview":"max-video-preview:-1"},"canonical":"https:\/\/tuctuc.ee\/en\/toode\/tumesinine-pitskangast-voodriga-tudrukute-kleit\/","og_locale":"en_US","og_type":"article","og_title":"Tumesinine pitskangast voodriga t\u00fcdrukute kleit - TucTuc Eesti","og_description":"Tumesinine pitskangast voodriga t\u00fcdrukute kleit. Pikkade varrukatega, \u00fcmara kaelusega ja kergelt laieneva seelikuosaga. N\u00f6\u00f6pkinnis tagaosas lisab mugavust. Elegantne ja mitmek\u00fclgne disain, mis sobib ideaalselt nii erilisteks s\u00fcndmusteks kui ka pidulikumaks hooajaliseks kandmiseks. Materjal: 40% nylon, 50% pol\u00fcester, 10% elastaan, vooder 100% puuvill. Juhised riiete hooldamiseks ja pesemiseks.\u00a0","og_url":"https:\/\/tuctuc.ee\/en\/toode\/tumesinine-pitskangast-voodriga-tudrukute-kleit\/","og_site_name":"TucTuc Eesti","article_modified_time":"2026-01-23T08:36:08+00:00","og_image":[{"width":800,"height":1000,"url":"https:\/\/tuctuc.ee\/wp-content\/uploads\/2025\/12\/KG09D701N1.webp","type":"image\/webp"}],"twitter_card":"summary_large_image","twitter_misc":{"Est. reading time":"1 minute"},"schema":{"@context":"https:\/\/schema.org","@graph":[{"@type":"WebPage","@id":"https:\/\/tuctuc.ee\/en\/toode\/tumesinine-pitskangast-voodriga-tudrukute-kleit\/","url":"https:\/\/tuctuc.ee\/en\/toode\/tumesinine-pitskangast-voodriga-tudrukute-kleit\/","name":"Tumesinine pitskangast voodriga t\u00fcdrukute kleit - TucTuc Eesti","isPartOf":{"@id":"https:\/\/tuctuc.ee\/en\/#website"},"datePublished":"2025-12-02T10:42:45+00:00","dateModified":"2026-01-23T08:36:08+00:00","breadcrumb":{"@id":"https:\/\/tuctuc.ee\/en\/toode\/tumesinine-pitskangast-voodriga-tudrukute-kleit\/#breadcrumb"},"inLanguage":"en-US","potentialAction":[{"@type":"ReadAction","target":["https:\/\/tuctuc.ee\/en\/toode\/tumesinine-pitskangast-voodriga-tudrukute-kleit\/"]}]},{"@type":"BreadcrumbList","@id":"https:\/\/tuctuc.ee\/en\/toode\/tumesinine-pitskangast-voodriga-tudrukute-kleit\/#breadcrumb","itemListElement":[{"@type":"ListItem","position":1,"name":"Home","item":"https:\/\/tuctuc.ee\/en\/?page_id=269"},{"@type":"ListItem","position":2,"name":"Shop","item":"https:\/\/tuctuc.ee\/shop\/"},{"@type":"ListItem","position":3,"name":"Tumesinine pitskangast voodriga t\u00fcdrukute kleit"}]},{"@type":"WebSite","@id":"https:\/\/tuctuc.ee\/en\/#website","url":"https:\/\/tuctuc.ee\/en\/","name":"TucTuc Eesti","description":"Eesti laster\u00f5ivaste veebipood - Stiilsed riided lastele igale vanusele. Avastage meie valikut n\u00fc\u00fcd!","publisher":{"@id":"https:\/\/tuctuc.ee\/en\/#organization"},"potentialAction":[{"@type":"SearchAction","target":{"@type":"EntryPoint","urlTemplate":"https:\/\/tuctuc.ee\/en\/?s={search_term_string}"},"query-input":"required name=search_term_string"}],"inLanguage":"en-US"},{"@type":"Organization","@id":"https:\/\/tuctuc.ee\/en\/#organization","name":"TucTuc Eesti","url":"https:\/\/tuctuc.ee\/en\/","logo":{"@type":"ImageObject","inLanguage":"en-US","@id":"https:\/\/tuctuc.ee\/en\/#\/schema\/logo\/image\/","url":"https:\/\/i0.wp.com\/tuctuc.ee\/wp-content\/uploads\/2023\/10\/logo-164933761541.png?fit=109%2C122&ssl=1","contentUrl":"https:\/\/i0.wp.com\/tuctuc.ee\/wp-content\/uploads\/2023\/10\/logo-164933761541.png?fit=109%2C122&ssl=1","width":109,"height":122,"caption":"TucTuc Eesti"},"image":{"@id":"https:\/\/tuctuc.ee\/en\/#\/schema\/logo\/image\/"}}]}},"jetpack_sharing_enabled":true,"_links":{"self":[{"href":"https:\/\/tuctuc.ee\/en\/wp-json\/wp\/v2\/product\/1008869","targetHints":{"allow":["GET"]}}],"collection":[{"href":"https:\/\/tuctuc.ee\/en\/wp-json\/wp\/v2\/product"}],"about":[{"href":"https:\/\/tuctuc.ee\/en\/wp-json\/wp\/v2\/types\/product"}],"replies":[{"embeddable":true,"href":"https:\/\/tuctuc.ee\/en\/wp-json\/wp\/v2\/comments?post=1008869"}],"version-history":[{"count":1,"href":"https:\/\/tuctuc.ee\/en\/wp-json\/wp\/v2\/product\/1008869\/revisions"}],"predecessor-version":[{"id":1008885,"href":"https:\/\/tuctuc.ee\/en\/wp-json\/wp\/v2\/product\/1008869\/revisions\/1008885"}],"wp:featuredmedia":[{"embeddable":true,"href":"https:\/\/tuctuc.ee\/en\/wp-json\/wp\/v2\/media\/1008877"}],"wp:attachment":[{"href":"https:\/\/tuctuc.ee\/en\/wp-json\/wp\/v2\/media?parent=1008869"}],"wp:term":[{"taxonomy":"product_cat","embeddable":true,"href":"https:\/\/tuctuc.ee\/en\/wp-json\/wp\/v2\/product_cat?post=1008869"},{"taxonomy":"product_tag","embeddable":true,"href":"https:\/\/tuctuc.ee\/en\/wp-json\/wp\/v2\/product_tag?post=1008869"}],"curies":[{"name":"wp","href":"https:\/\/api.w.org\/{rel}","templated":true}]}}