{"id":1008755,"date":"2025-12-02T12:50:52","date_gmt":"2025-12-02T09:50:52","guid":{"rendered":"https:\/\/tuctuc.ee\/?post_type=product&#038;p=1008755"},"modified":"2026-03-21T12:54:17","modified_gmt":"2026-03-21T09:54:17","slug":"tudrukute-pikkade-varrukatega-t-sark-erksas-fuksiaroosas-toonis","status":"publish","type":"product","link":"https:\/\/tuctuc.ee\/en\/toode\/tudrukute-pikkade-varrukatega-t-sark-erksas-fuksiaroosas-toonis\/","title":{"rendered":"T\u00fcdrukute pikkade varrukatega T-s\u00e4rk erksas fuksiaroosas toonis"},"content":{"rendered":"<div class=\"vgblk-rw-wrapper limit-wrapper\">\n<div id=\"tw-container\" class=\"nev7se\" data-cp=\"1\" data-nnttsvi=\"1\" data-sletp=\"false\" data-ssbp=\"false\" data-sugg-time=\"500\" data-sugg-url=\"https:\/\/clients1.google.com\/complete\/search\" data-uilc=\"ru\" data-vil=\",af,af-ZA,am,am-ET,ar-EG,ar-AE,ar-KW,ar-QA,ar,ar-IL,ar-JO,ar-LB,ar-PS,az,az-AZ,bg,bg-BG,bn,bn-BD,bn-IN,ca,ca-es,cs,cs-CZ,de,de-DE,de-CH,de-AT,de-LI,en,en-US,en-CA,en-AU,en-NZ,en-GB,en-IN,en-KE,en-TZ,en-NG,en-GH,en-PH,en-ZA,es,es-ES,es-AR,es-UY,es-419,es-BO,es-CL,es-CR,es-CO,es-DO,es-EC,es-GT,es-HN,es-NI,es-PA,es-PE,es-PR,es-PY,es-SV,es-VE,es-MX,es-US,eu,eu-ES,fi,fi-FI,fr,fr-FR,fr-CH,fr-BE,gl,gl-ES,gu,gu-IN,he,he-IL,iw,iw-IL,hu,hu-HU,hy,hy-AM,id,id-ID,is,is-IS,it,it-IT,it-CH,ja,ja-JP,jv,jv-ID,ka,ka-GE,km,km-KH,kn,kn-IN,ko,ko-KR,la,lo,lo-LA,lv,lv-LV,ml,ml-IN,mr,mr-IN,ms,ms-MY,nl,nl-NL,nb,nb-NO,ne,ne-NP,pl,pl-PL,pt,pt-BR,pt-PT,ro,ro-RO,ru,ru-RU,si-LK,sk,sk-SK,sr,sr-RS,su,su-ID,sv,sv-SE,sw,sw-TZ,sw-KE,ta,ta-IN,ta-SG,ta-LK,ta-MY,te,te-IN,tr,tr-TR,ur,ur-PK,ur-IN,yue,yue-HK,yue-Hant-HK,zh-HK,zh,zh-CN,zh-cmn,zh-cmn-CN,zh-Hans,zh-Hans-CN,zh-cmn-Hans,zh-cmn-Hans-CN,cmn-CN,cmn-Hans,cmn-Hans-CN,zh-TW,zh-Hant-TW,cmn-TW,cmn-Hant-TW,zh-cmn-TW,zh-cmn-Hant-TW,zu,zu-ZA,hi,hi-IN,tl,tl-PH,pa,pa-IN\">\n<div id=\"tw-ob\" class=\"tw-src-ltr\">\n<div class=\"oSioSc\">\n<div id=\"tw-target\">\n<div id=\"kAz1tf\" class=\"g9WsWb PZPZlf\" data-attrid=\"tw-targetArea\" data-entityname=\"Google Translate\">\n<div id=\"tw-target-text-container\" class=\"tw-ta-container tw-nfl\" role=\"text\">\n<p id=\"tw-target-text\" class=\"tw-data-text tw-text-large tw-ta\" dir=\"ltr\" role=\"text\" data-placeholder=\"\u041f\u0435\u0440\u0435\u0432\u043e\u0434\" data-ved=\"2ahUKEwjEtIKLzp6RAxUPOBAIHU-POjMQ3ewLegQIDBAV\" aria-label=\"\u041f\u0435\u0440\u0435\u0432\u0435\u0434\u0435\u043d\u043d\u044b\u0439 \u0442\u0435\u043a\u0441\u0442: T\u00fcdrukute pikkade varrukatega T-s\u00e4rk erksas fuksiaroosas toonis, valmistatud pehmest ja mugavast puuvillast. Keskel on s\u00fcdamekujuline ja pruunides ja mustades toonides loomamuster, mis lisab modernset ja m\u00e4ngulist h\u00f5ngu. Ideaalne igap\u00e4evaseks kandmiseks, \u00fchendades stiili ja mugavuse \u00fches r\u00f5ivaesemes.\"><span class=\"Y2IQFc\" lang=\"et\">T\u00fcdrukute pikkade varrukatega T-s\u00e4rk erksas fuksiaroosas toonis, valmistatud pehmest ja mugavast puuvillast. Keskel on s\u00fcdamekujuline ja pruunides ja mustades toonides loomamuster, mis lisab modernset ja m\u00e4ngulist h\u00f5ngu. Ideaalne igap\u00e4evaseks kandmiseks, \u00fchendades stiili ja mugavuse \u00fches r\u00f5ivaesemes.<\/span><\/p>\n<p class=\"tw-data-text tw-text-large tw-ta\" dir=\"ltr\" role=\"text\" data-placeholder=\"\u041f\u0435\u0440\u0435\u0432\u043e\u0434\" data-ved=\"2ahUKEwjEtIKLzp6RAxUPOBAIHU-POjMQ3ewLegQIDBAV\" aria-label=\"\u041f\u0435\u0440\u0435\u0432\u0435\u0434\u0435\u043d\u043d\u044b\u0439 \u0442\u0435\u043a\u0441\u0442: T\u00fcdrukute pikkade varrukatega T-s\u00e4rk erksas fuksiaroosas toonis, valmistatud pehmest ja mugavast puuvillast. Keskel on s\u00fcdamekujuline ja pruunides ja mustades toonides loomamuster, mis lisab modernset ja m\u00e4ngulist h\u00f5ngu. Ideaalne igap\u00e4evaseks kandmiseks, \u00fchendades stiili ja mugavuse \u00fches r\u00f5ivaesemes.\"><span class=\"Y2IQFc\" lang=\"et\" style=\"font-size: 16px\">Materjal: 100% puuvill. <\/span><span class=\"Y2IQFc\" lang=\"et\" style=\"font-size: 16px\">Juhised riiete hooldamiseks ja pesemiseks.\u00a0<\/span><\/p>\n<\/div>\n<\/div>\n<\/div>\n<\/div>\n<\/div>\n<\/div>\n<\/div>\n<p><!-- .vgblk-rw-wrapper --><\/p>\n","protected":false},"excerpt":{"rendered":"<p>T\u00fcdrukute pikkade varrukatega T-s\u00e4rk erksas fuksiaroosas toonis, valmistatud pehmest ja mugavast puuvillast. Keskel on s\u00fcdamekujuline ja pruunides ja mustades toonides loomamuster, mis lisab modernset ja m\u00e4ngulist h\u00f5ngu. Ideaalne igap\u00e4evaseks kandmiseks, \u00fchendades stiili ja mugavuse \u00fches r\u00f5ivaesemes. Materjal: 100% puuvill. Juhised riiete hooldamiseks ja pesemiseks.\u00a0<\/p>\n","protected":false},"featured_media":1008763,"comment_status":"open","ping_status":"closed","template":"","meta":{"_themeisle_gutenberg_block_has_review":false},"product_cat":[430,318],"product_tag":[],"class_list":["post-1008755","product","type-product","status-publish","has-post-thumbnail","hentry","product_cat-t-sark-pikkade-varrukatega","product_cat-tudrukud"],"yoast_head":"<!-- This site is optimized with the Yoast SEO plugin v21.5 - https:\/\/yoast.com\/wordpress\/plugins\/seo\/ -->\n<title>T\u00fcdrukute pikkade varrukatega T-s\u00e4rk erksas fuksiaroosas toonis - TucTuc Eesti<\/title>\n<meta name=\"robots\" content=\"index, follow, max-snippet:-1, max-image-preview:large, max-video-preview:-1\" \/>\n<link rel=\"canonical\" href=\"https:\/\/tuctuc.ee\/en\/toode\/tudrukute-pikkade-varrukatega-t-sark-erksas-fuksiaroosas-toonis\/\" \/>\n<meta property=\"og:locale\" content=\"en_US\" \/>\n<meta property=\"og:type\" content=\"article\" \/>\n<meta property=\"og:title\" content=\"T\u00fcdrukute pikkade varrukatega T-s\u00e4rk erksas fuksiaroosas toonis - TucTuc Eesti\" \/>\n<meta property=\"og:description\" content=\"T\u00fcdrukute pikkade varrukatega T-s\u00e4rk erksas fuksiaroosas toonis, valmistatud pehmest ja mugavast puuvillast. Keskel on s\u00fcdamekujuline ja pruunides ja mustades toonides loomamuster, mis lisab modernset ja m\u00e4ngulist h\u00f5ngu. Ideaalne igap\u00e4evaseks kandmiseks, \u00fchendades stiili ja mugavuse \u00fches r\u00f5ivaesemes. Materjal: 100% puuvill. Juhised riiete hooldamiseks ja pesemiseks.\u00a0\" \/>\n<meta property=\"og:url\" content=\"https:\/\/tuctuc.ee\/en\/toode\/tudrukute-pikkade-varrukatega-t-sark-erksas-fuksiaroosas-toonis\/\" \/>\n<meta property=\"og:site_name\" content=\"TucTuc Eesti\" \/>\n<meta property=\"article:modified_time\" content=\"2026-03-21T09:54:17+00:00\" \/>\n<meta property=\"og:image\" content=\"https:\/\/tuctuc.ee\/wp-content\/uploads\/2025\/12\/KG09T604F3.webp\" \/>\n\t<meta property=\"og:image:width\" content=\"800\" \/>\n\t<meta property=\"og:image:height\" content=\"1000\" \/>\n\t<meta property=\"og:image:type\" content=\"image\/webp\" \/>\n<meta name=\"twitter:card\" content=\"summary_large_image\" \/>\n<meta name=\"twitter:label1\" content=\"Est. reading time\" \/>\n\t<meta name=\"twitter:data1\" content=\"1 minute\" \/>\n<script type=\"application\/ld+json\" class=\"yoast-schema-graph\">{\"@context\":\"https:\/\/schema.org\",\"@graph\":[{\"@type\":\"WebPage\",\"@id\":\"https:\/\/tuctuc.ee\/en\/toode\/tudrukute-pikkade-varrukatega-t-sark-erksas-fuksiaroosas-toonis\/\",\"url\":\"https:\/\/tuctuc.ee\/en\/toode\/tudrukute-pikkade-varrukatega-t-sark-erksas-fuksiaroosas-toonis\/\",\"name\":\"T\u00fcdrukute pikkade varrukatega T-s\u00e4rk erksas fuksiaroosas toonis - TucTuc Eesti\",\"isPartOf\":{\"@id\":\"https:\/\/tuctuc.ee\/en\/#website\"},\"datePublished\":\"2025-12-02T09:50:52+00:00\",\"dateModified\":\"2026-03-21T09:54:17+00:00\",\"breadcrumb\":{\"@id\":\"https:\/\/tuctuc.ee\/en\/toode\/tudrukute-pikkade-varrukatega-t-sark-erksas-fuksiaroosas-toonis\/#breadcrumb\"},\"inLanguage\":\"en-US\",\"potentialAction\":[{\"@type\":\"ReadAction\",\"target\":[\"https:\/\/tuctuc.ee\/en\/toode\/tudrukute-pikkade-varrukatega-t-sark-erksas-fuksiaroosas-toonis\/\"]}]},{\"@type\":\"BreadcrumbList\",\"@id\":\"https:\/\/tuctuc.ee\/en\/toode\/tudrukute-pikkade-varrukatega-t-sark-erksas-fuksiaroosas-toonis\/#breadcrumb\",\"itemListElement\":[{\"@type\":\"ListItem\",\"position\":1,\"name\":\"Home\",\"item\":\"https:\/\/tuctuc.ee\/en\/?page_id=269\"},{\"@type\":\"ListItem\",\"position\":2,\"name\":\"Shop\",\"item\":\"https:\/\/tuctuc.ee\/shop\/\"},{\"@type\":\"ListItem\",\"position\":3,\"name\":\"T\u00fcdrukute pikkade varrukatega T-s\u00e4rk erksas fuksiaroosas toonis\"}]},{\"@type\":\"WebSite\",\"@id\":\"https:\/\/tuctuc.ee\/en\/#website\",\"url\":\"https:\/\/tuctuc.ee\/en\/\",\"name\":\"TucTuc Eesti\",\"description\":\"Eesti laster\u00f5ivaste veebipood - Stiilsed riided lastele igale vanusele. Avastage meie valikut n\u00fc\u00fcd!\",\"publisher\":{\"@id\":\"https:\/\/tuctuc.ee\/en\/#organization\"},\"potentialAction\":[{\"@type\":\"SearchAction\",\"target\":{\"@type\":\"EntryPoint\",\"urlTemplate\":\"https:\/\/tuctuc.ee\/en\/?s={search_term_string}\"},\"query-input\":\"required name=search_term_string\"}],\"inLanguage\":\"en-US\"},{\"@type\":\"Organization\",\"@id\":\"https:\/\/tuctuc.ee\/en\/#organization\",\"name\":\"TucTuc Eesti\",\"url\":\"https:\/\/tuctuc.ee\/en\/\",\"logo\":{\"@type\":\"ImageObject\",\"inLanguage\":\"en-US\",\"@id\":\"https:\/\/tuctuc.ee\/en\/#\/schema\/logo\/image\/\",\"url\":\"https:\/\/i0.wp.com\/tuctuc.ee\/wp-content\/uploads\/2023\/10\/logo-164933761541.png?fit=109%2C122&ssl=1\",\"contentUrl\":\"https:\/\/i0.wp.com\/tuctuc.ee\/wp-content\/uploads\/2023\/10\/logo-164933761541.png?fit=109%2C122&ssl=1\",\"width\":109,\"height\":122,\"caption\":\"TucTuc Eesti\"},\"image\":{\"@id\":\"https:\/\/tuctuc.ee\/en\/#\/schema\/logo\/image\/\"}}]}<\/script>\n<!-- \/ Yoast SEO plugin. -->","yoast_head_json":{"title":"T\u00fcdrukute pikkade varrukatega T-s\u00e4rk erksas fuksiaroosas toonis - TucTuc Eesti","robots":{"index":"index","follow":"follow","max-snippet":"max-snippet:-1","max-image-preview":"max-image-preview:large","max-video-preview":"max-video-preview:-1"},"canonical":"https:\/\/tuctuc.ee\/en\/toode\/tudrukute-pikkade-varrukatega-t-sark-erksas-fuksiaroosas-toonis\/","og_locale":"en_US","og_type":"article","og_title":"T\u00fcdrukute pikkade varrukatega T-s\u00e4rk erksas fuksiaroosas toonis - TucTuc Eesti","og_description":"T\u00fcdrukute pikkade varrukatega T-s\u00e4rk erksas fuksiaroosas toonis, valmistatud pehmest ja mugavast puuvillast. Keskel on s\u00fcdamekujuline ja pruunides ja mustades toonides loomamuster, mis lisab modernset ja m\u00e4ngulist h\u00f5ngu. Ideaalne igap\u00e4evaseks kandmiseks, \u00fchendades stiili ja mugavuse \u00fches r\u00f5ivaesemes. Materjal: 100% puuvill. Juhised riiete hooldamiseks ja pesemiseks.\u00a0","og_url":"https:\/\/tuctuc.ee\/en\/toode\/tudrukute-pikkade-varrukatega-t-sark-erksas-fuksiaroosas-toonis\/","og_site_name":"TucTuc Eesti","article_modified_time":"2026-03-21T09:54:17+00:00","og_image":[{"width":800,"height":1000,"url":"https:\/\/tuctuc.ee\/wp-content\/uploads\/2025\/12\/KG09T604F3.webp","type":"image\/webp"}],"twitter_card":"summary_large_image","twitter_misc":{"Est. reading time":"1 minute"},"schema":{"@context":"https:\/\/schema.org","@graph":[{"@type":"WebPage","@id":"https:\/\/tuctuc.ee\/en\/toode\/tudrukute-pikkade-varrukatega-t-sark-erksas-fuksiaroosas-toonis\/","url":"https:\/\/tuctuc.ee\/en\/toode\/tudrukute-pikkade-varrukatega-t-sark-erksas-fuksiaroosas-toonis\/","name":"T\u00fcdrukute pikkade varrukatega T-s\u00e4rk erksas fuksiaroosas toonis - TucTuc Eesti","isPartOf":{"@id":"https:\/\/tuctuc.ee\/en\/#website"},"datePublished":"2025-12-02T09:50:52+00:00","dateModified":"2026-03-21T09:54:17+00:00","breadcrumb":{"@id":"https:\/\/tuctuc.ee\/en\/toode\/tudrukute-pikkade-varrukatega-t-sark-erksas-fuksiaroosas-toonis\/#breadcrumb"},"inLanguage":"en-US","potentialAction":[{"@type":"ReadAction","target":["https:\/\/tuctuc.ee\/en\/toode\/tudrukute-pikkade-varrukatega-t-sark-erksas-fuksiaroosas-toonis\/"]}]},{"@type":"BreadcrumbList","@id":"https:\/\/tuctuc.ee\/en\/toode\/tudrukute-pikkade-varrukatega-t-sark-erksas-fuksiaroosas-toonis\/#breadcrumb","itemListElement":[{"@type":"ListItem","position":1,"name":"Home","item":"https:\/\/tuctuc.ee\/en\/?page_id=269"},{"@type":"ListItem","position":2,"name":"Shop","item":"https:\/\/tuctuc.ee\/shop\/"},{"@type":"ListItem","position":3,"name":"T\u00fcdrukute pikkade varrukatega T-s\u00e4rk erksas fuksiaroosas toonis"}]},{"@type":"WebSite","@id":"https:\/\/tuctuc.ee\/en\/#website","url":"https:\/\/tuctuc.ee\/en\/","name":"TucTuc Eesti","description":"Eesti laster\u00f5ivaste veebipood - Stiilsed riided lastele igale vanusele. Avastage meie valikut n\u00fc\u00fcd!","publisher":{"@id":"https:\/\/tuctuc.ee\/en\/#organization"},"potentialAction":[{"@type":"SearchAction","target":{"@type":"EntryPoint","urlTemplate":"https:\/\/tuctuc.ee\/en\/?s={search_term_string}"},"query-input":"required name=search_term_string"}],"inLanguage":"en-US"},{"@type":"Organization","@id":"https:\/\/tuctuc.ee\/en\/#organization","name":"TucTuc Eesti","url":"https:\/\/tuctuc.ee\/en\/","logo":{"@type":"ImageObject","inLanguage":"en-US","@id":"https:\/\/tuctuc.ee\/en\/#\/schema\/logo\/image\/","url":"https:\/\/i0.wp.com\/tuctuc.ee\/wp-content\/uploads\/2023\/10\/logo-164933761541.png?fit=109%2C122&ssl=1","contentUrl":"https:\/\/i0.wp.com\/tuctuc.ee\/wp-content\/uploads\/2023\/10\/logo-164933761541.png?fit=109%2C122&ssl=1","width":109,"height":122,"caption":"TucTuc Eesti"},"image":{"@id":"https:\/\/tuctuc.ee\/en\/#\/schema\/logo\/image\/"}}]}},"jetpack_sharing_enabled":true,"_links":{"self":[{"href":"https:\/\/tuctuc.ee\/en\/wp-json\/wp\/v2\/product\/1008755","targetHints":{"allow":["GET"]}}],"collection":[{"href":"https:\/\/tuctuc.ee\/en\/wp-json\/wp\/v2\/product"}],"about":[{"href":"https:\/\/tuctuc.ee\/en\/wp-json\/wp\/v2\/types\/product"}],"replies":[{"embeddable":true,"href":"https:\/\/tuctuc.ee\/en\/wp-json\/wp\/v2\/comments?post=1008755"}],"version-history":[{"count":1,"href":"https:\/\/tuctuc.ee\/en\/wp-json\/wp\/v2\/product\/1008755\/revisions"}],"predecessor-version":[{"id":1008771,"href":"https:\/\/tuctuc.ee\/en\/wp-json\/wp\/v2\/product\/1008755\/revisions\/1008771"}],"wp:featuredmedia":[{"embeddable":true,"href":"https:\/\/tuctuc.ee\/en\/wp-json\/wp\/v2\/media\/1008763"}],"wp:attachment":[{"href":"https:\/\/tuctuc.ee\/en\/wp-json\/wp\/v2\/media?parent=1008755"}],"wp:term":[{"taxonomy":"product_cat","embeddable":true,"href":"https:\/\/tuctuc.ee\/en\/wp-json\/wp\/v2\/product_cat?post=1008755"},{"taxonomy":"product_tag","embeddable":true,"href":"https:\/\/tuctuc.ee\/en\/wp-json\/wp\/v2\/product_tag?post=1008755"}],"curies":[{"name":"wp","href":"https:\/\/api.w.org\/{rel}","templated":true}]}}