{"id":1008448,"date":"2025-10-15T17:01:35","date_gmt":"2025-10-15T14:01:35","guid":{"rendered":"https:\/\/tuctuc.ee\/?post_type=product&#038;p=1008448"},"modified":"2026-03-03T20:45:19","modified_gmt":"2026-03-03T17:45:19","slug":"poistete-pikk-kapuutsiga-pidzaama-pehmest-kunstkarusnahast","status":"publish","type":"product","link":"https:\/\/tuctuc.ee\/en\/toode\/poistete-pikk-kapuutsiga-pidzaama-pehmest-kunstkarusnahast\/","title":{"rendered":"Poistete pikk kapuutsiga pid\u017eaama pehmest kunstkarusnahast"},"content":{"rendered":"<div class=\"vgblk-rw-wrapper limit-wrapper\">\n<div id=\"tw-container\" class=\"nev7se\" data-cp=\"1\" data-nnttsvi=\"1\" data-sletp=\"false\" data-ssbp=\"false\" data-sugg-time=\"500\" data-sugg-url=\"https:\/\/clients1.google.com\/complete\/search\" data-uilc=\"en\" data-vil=\",af,af-ZA,am,am-ET,ar-EG,ar-AE,ar-KW,ar-QA,ar,ar-IL,ar-JO,ar-LB,ar-PS,az,az-AZ,bg,bg-BG,bn,bn-BD,bn-IN,ca,ca-es,cs,cs-CZ,de,de-DE,de-CH,de-AT,de-LI,en,en-US,en-CA,en-AU,en-NZ,en-GB,en-IN,en-KE,en-TZ,en-NG,en-GH,en-PH,en-ZA,es,es-ES,es-AR,es-UY,es-419,es-BO,es-CL,es-CR,es-CO,es-DO,es-EC,es-GT,es-HN,es-NI,es-PA,es-PE,es-PR,es-PY,es-SV,es-VE,es-MX,es-US,eu,eu-ES,fi,fi-FI,fr,fr-FR,fr-CH,fr-BE,gl,gl-ES,gu,gu-IN,he,he-IL,iw,iw-IL,hu,hu-HU,hy,hy-AM,id,id-ID,is,is-IS,it,it-IT,it-CH,ja,ja-JP,jv,jv-ID,ka,ka-GE,km,km-KH,kn,kn-IN,ko,ko-KR,la,lo,lo-LA,lv,lv-LV,ml,ml-IN,mr,mr-IN,ms,ms-MY,nl,nl-NL,nb,nb-NO,ne,ne-NP,pl,pl-PL,pt,pt-BR,pt-PT,ro,ro-RO,ru,ru-RU,si-LK,sk,sk-SK,sr,sr-RS,su,su-ID,sv,sv-SE,sw,sw-TZ,sw-KE,ta,ta-IN,ta-SG,ta-LK,ta-MY,te,te-IN,tr,tr-TR,ur,ur-PK,ur-IN,yue,yue-HK,yue-Hant-HK,zh-HK,zh,zh-CN,zh-cmn,zh-cmn-CN,zh-Hans,zh-Hans-CN,zh-cmn-Hans,zh-cmn-Hans-CN,cmn-CN,cmn-Hans,cmn-Hans-CN,zh-TW,zh-Hant-TW,cmn-TW,cmn-Hant-TW,zh-cmn-TW,zh-cmn-Hant-TW,zu,zu-ZA,hi,hi-IN,tl,tl-PH,pa,pa-IN\">\n<div id=\"tw-ob\" class=\"tw-src-ltr\">\n<div class=\"oSioSc\">\n<div id=\"tw-target\">\n<div id=\"kAz1tf\" class=\"g9WsWb PZPZlf\" data-attrid=\"tw-targetArea\" data-entityname=\"Google Translate\">\n<div id=\"tw-target-text-container\" class=\"tw-ta-container tw-nfl\" role=\"text\">\n<p id=\"tw-target-text\" class=\"tw-data-text tw-text-large tw-ta\" dir=\"ltr\" role=\"text\" data-placeholder=\"Translation\" data-ved=\"2ahUKEwiKu7fGiqaQAxUzJxAIHYA0NvsQ3ewLegQIDBAV\" aria-label=\"Translated text: Poiste pikad kapuutsiga onesie-pid\u017eaamad on valmistatud \u00fclipehmest, l\u00fchikese karvaga s\u00fcnteetilisest pl\u00fc\u0161kangast. R\u00f5ivas on \u00fchendatud oliivrohelise v\u00f5i tumeda sinepikarva v\u00e4rviga kehal ja varrukatel ning keskse ovaalse t\u00fckiga esik\u00fcljel, mis on varjundiga militaarroheline v\u00f5i tumedam ja imiteerib k\u00f5htu. Kapuutsil on tikitud koletise detail suurte silmade ja hammastega. Eristavaks elemendiks on see, et silmavalged ja hambad on tikitud pimedas helendava niidiga. Pid\u017eaamadel on ees lukk, mis h\u00f5lbustab selgapanekut. K\u00e4tistel ja pahkluudel on kontrastses \u00fchev\u00e4rviline elastne \u00e4\u00e4ris optimaalse sobivuse tagamiseks ja temperatuuri hoidmiseks.\"><span class=\"Y2IQFc\" lang=\"et\">Poiste pikad kapuutsiga onesie-pid\u017eaamad on valmistatud \u00fclipehmest, l\u00fchikese karvaga s\u00fcnteetilisest pl\u00fc\u0161kangast. R\u00f5ivas on \u00fchendatud oliivrohelise v\u00f5i tumeda sinepikarva v\u00e4rviga kehal ja varrukatel ning keskse ovaalse t\u00fckiga esik\u00fcljel, mis on varjundiga militaarroheline v\u00f5i tumedam ja imiteerib k\u00f5htu. Kapuutsil on tikitud koletise detail suurte silmade ja hammastega. Eristavaks elemendiks on see, et silmavalged ja hambad on tikitud pimedas helendava niidiga. Pid\u017eaamadel on ees lukk, mis h\u00f5lbustab selgapanekut. K\u00e4tistel ja pahkluudel on kontrastses \u00fchev\u00e4rviline elastne \u00e4\u00e4ris optimaalse sobivuse tagamiseks ja temperatuuri hoidmiseks.<\/span><\/p>\n<\/div>\n<div id=\"tw-target-rmn-container\" class=\"tw-target-rmn tw-ta-container tw-nfl\" role=\"text\">\n<pre id=\"tw-target-rmn\" class=\"tw-data-placeholder tw-text-small tw-ta\" dir=\"ltr\" role=\"text\" data-placeholder=\"\"><span class=\"Y2IQFc\" lang=\"et\" style=\"font-family: 'Times New Roman';font-size: 16px\">Materjal: 100% pol\u00fcester, kapuutsi vooder 100% puuvill. <\/span><span class=\"Y2IQFc\" lang=\"et\" style=\"font-family: 'Times New Roman';font-size: 16px\">Juhised riiete hooldamiseks ja pesemiseks.\u00a0<\/span><\/pre>\n<\/div>\n<\/div>\n<\/div>\n<\/div>\n<\/div>\n<\/div>\n<\/div>\n<p><!-- .vgblk-rw-wrapper --><\/p>\n","protected":false},"excerpt":{"rendered":"<p>Poiste pikad kapuutsiga onesie-pid\u017eaamad on valmistatud \u00fclipehmest, l\u00fchikese karvaga s\u00fcnteetilisest pl\u00fc\u0161kangast. R\u00f5ivas on \u00fchendatud oliivrohelise v\u00f5i tumeda sinepikarva v\u00e4rviga kehal ja varrukatel ning keskse ovaalse t\u00fckiga esik\u00fcljel, mis on varjundiga militaarroheline v\u00f5i tumedam ja imiteerib k\u00f5htu. Kapuutsil on tikitud koletise detail suurte silmade ja hammastega. Eristavaks elemendiks on see, et silmavalged ja hambad on tikitud&#8230;<\/p>\n","protected":false},"featured_media":1008456,"comment_status":"open","ping_status":"closed","template":"","meta":{"_themeisle_gutenberg_block_has_review":false},"product_cat":[437,317,425,318],"product_tag":[],"class_list":["post-1008448","product","type-product","status-publish","has-post-thumbnail","hentry","product_cat-komplekt-poisid","product_cat-poisid","product_cat-pukskostuum","product_cat-tudrukud"],"yoast_head":"<!-- This site is optimized with the Yoast SEO plugin v21.5 - https:\/\/yoast.com\/wordpress\/plugins\/seo\/ -->\n<title>Poistete pikk kapuutsiga pid\u017eaama pehmest kunstkarusnahast - TucTuc Eesti<\/title>\n<meta name=\"robots\" content=\"index, follow, max-snippet:-1, max-image-preview:large, max-video-preview:-1\" \/>\n<link rel=\"canonical\" href=\"https:\/\/tuctuc.ee\/en\/toode\/poistete-pikk-kapuutsiga-pidzaama-pehmest-kunstkarusnahast\/\" \/>\n<meta property=\"og:locale\" content=\"en_US\" \/>\n<meta property=\"og:type\" content=\"article\" \/>\n<meta property=\"og:title\" content=\"Poistete pikk kapuutsiga pid\u017eaama pehmest kunstkarusnahast - TucTuc Eesti\" \/>\n<meta property=\"og:description\" content=\"Poiste pikad kapuutsiga onesie-pid\u017eaamad on valmistatud \u00fclipehmest, l\u00fchikese karvaga s\u00fcnteetilisest pl\u00fc\u0161kangast. R\u00f5ivas on \u00fchendatud oliivrohelise v\u00f5i tumeda sinepikarva v\u00e4rviga kehal ja varrukatel ning keskse ovaalse t\u00fckiga esik\u00fcljel, mis on varjundiga militaarroheline v\u00f5i tumedam ja imiteerib k\u00f5htu. Kapuutsil on tikitud koletise detail suurte silmade ja hammastega. Eristavaks elemendiks on see, et silmavalged ja hambad on tikitud...\" \/>\n<meta property=\"og:url\" content=\"https:\/\/tuctuc.ee\/en\/toode\/poistete-pikk-kapuutsiga-pidzaama-pehmest-kunstkarusnahast\/\" \/>\n<meta property=\"og:site_name\" content=\"TucTuc Eesti\" \/>\n<meta property=\"article:modified_time\" content=\"2026-03-03T17:45:19+00:00\" \/>\n<meta property=\"og:image\" content=\"https:\/\/tuctuc.ee\/wp-content\/uploads\/2025\/10\/11399829.webp\" \/>\n\t<meta property=\"og:image:width\" content=\"800\" \/>\n\t<meta property=\"og:image:height\" content=\"1000\" \/>\n\t<meta property=\"og:image:type\" content=\"image\/webp\" \/>\n<meta name=\"twitter:card\" content=\"summary_large_image\" \/>\n<meta name=\"twitter:label1\" content=\"Est. reading time\" \/>\n\t<meta name=\"twitter:data1\" content=\"1 minute\" \/>\n<script type=\"application\/ld+json\" class=\"yoast-schema-graph\">{\"@context\":\"https:\/\/schema.org\",\"@graph\":[{\"@type\":\"WebPage\",\"@id\":\"https:\/\/tuctuc.ee\/en\/toode\/poistete-pikk-kapuutsiga-pidzaama-pehmest-kunstkarusnahast\/\",\"url\":\"https:\/\/tuctuc.ee\/en\/toode\/poistete-pikk-kapuutsiga-pidzaama-pehmest-kunstkarusnahast\/\",\"name\":\"Poistete pikk kapuutsiga pid\u017eaama pehmest kunstkarusnahast - TucTuc Eesti\",\"isPartOf\":{\"@id\":\"https:\/\/tuctuc.ee\/en\/#website\"},\"datePublished\":\"2025-10-15T14:01:35+00:00\",\"dateModified\":\"2026-03-03T17:45:19+00:00\",\"breadcrumb\":{\"@id\":\"https:\/\/tuctuc.ee\/en\/toode\/poistete-pikk-kapuutsiga-pidzaama-pehmest-kunstkarusnahast\/#breadcrumb\"},\"inLanguage\":\"en-US\",\"potentialAction\":[{\"@type\":\"ReadAction\",\"target\":[\"https:\/\/tuctuc.ee\/en\/toode\/poistete-pikk-kapuutsiga-pidzaama-pehmest-kunstkarusnahast\/\"]}]},{\"@type\":\"BreadcrumbList\",\"@id\":\"https:\/\/tuctuc.ee\/en\/toode\/poistete-pikk-kapuutsiga-pidzaama-pehmest-kunstkarusnahast\/#breadcrumb\",\"itemListElement\":[{\"@type\":\"ListItem\",\"position\":1,\"name\":\"Home\",\"item\":\"https:\/\/tuctuc.ee\/en\/?page_id=269\"},{\"@type\":\"ListItem\",\"position\":2,\"name\":\"Shop\",\"item\":\"https:\/\/tuctuc.ee\/shop\/\"},{\"@type\":\"ListItem\",\"position\":3,\"name\":\"Poistete pikk kapuutsiga pid\u017eaama pehmest kunstkarusnahast\"}]},{\"@type\":\"WebSite\",\"@id\":\"https:\/\/tuctuc.ee\/en\/#website\",\"url\":\"https:\/\/tuctuc.ee\/en\/\",\"name\":\"TucTuc Eesti\",\"description\":\"Eesti laster\u00f5ivaste veebipood - Stiilsed riided lastele igale vanusele. Avastage meie valikut n\u00fc\u00fcd!\",\"publisher\":{\"@id\":\"https:\/\/tuctuc.ee\/en\/#organization\"},\"potentialAction\":[{\"@type\":\"SearchAction\",\"target\":{\"@type\":\"EntryPoint\",\"urlTemplate\":\"https:\/\/tuctuc.ee\/en\/?s={search_term_string}\"},\"query-input\":\"required name=search_term_string\"}],\"inLanguage\":\"en-US\"},{\"@type\":\"Organization\",\"@id\":\"https:\/\/tuctuc.ee\/en\/#organization\",\"name\":\"TucTuc Eesti\",\"url\":\"https:\/\/tuctuc.ee\/en\/\",\"logo\":{\"@type\":\"ImageObject\",\"inLanguage\":\"en-US\",\"@id\":\"https:\/\/tuctuc.ee\/en\/#\/schema\/logo\/image\/\",\"url\":\"https:\/\/i0.wp.com\/tuctuc.ee\/wp-content\/uploads\/2023\/10\/logo-164933761541.png?fit=109%2C122&ssl=1\",\"contentUrl\":\"https:\/\/i0.wp.com\/tuctuc.ee\/wp-content\/uploads\/2023\/10\/logo-164933761541.png?fit=109%2C122&ssl=1\",\"width\":109,\"height\":122,\"caption\":\"TucTuc Eesti\"},\"image\":{\"@id\":\"https:\/\/tuctuc.ee\/en\/#\/schema\/logo\/image\/\"}}]}<\/script>\n<!-- \/ Yoast SEO plugin. -->","yoast_head_json":{"title":"Poistete pikk kapuutsiga pid\u017eaama pehmest kunstkarusnahast - TucTuc Eesti","robots":{"index":"index","follow":"follow","max-snippet":"max-snippet:-1","max-image-preview":"max-image-preview:large","max-video-preview":"max-video-preview:-1"},"canonical":"https:\/\/tuctuc.ee\/en\/toode\/poistete-pikk-kapuutsiga-pidzaama-pehmest-kunstkarusnahast\/","og_locale":"en_US","og_type":"article","og_title":"Poistete pikk kapuutsiga pid\u017eaama pehmest kunstkarusnahast - TucTuc Eesti","og_description":"Poiste pikad kapuutsiga onesie-pid\u017eaamad on valmistatud \u00fclipehmest, l\u00fchikese karvaga s\u00fcnteetilisest pl\u00fc\u0161kangast. R\u00f5ivas on \u00fchendatud oliivrohelise v\u00f5i tumeda sinepikarva v\u00e4rviga kehal ja varrukatel ning keskse ovaalse t\u00fckiga esik\u00fcljel, mis on varjundiga militaarroheline v\u00f5i tumedam ja imiteerib k\u00f5htu. Kapuutsil on tikitud koletise detail suurte silmade ja hammastega. Eristavaks elemendiks on see, et silmavalged ja hambad on tikitud...","og_url":"https:\/\/tuctuc.ee\/en\/toode\/poistete-pikk-kapuutsiga-pidzaama-pehmest-kunstkarusnahast\/","og_site_name":"TucTuc Eesti","article_modified_time":"2026-03-03T17:45:19+00:00","og_image":[{"width":800,"height":1000,"url":"https:\/\/tuctuc.ee\/wp-content\/uploads\/2025\/10\/11399829.webp","type":"image\/webp"}],"twitter_card":"summary_large_image","twitter_misc":{"Est. reading time":"1 minute"},"schema":{"@context":"https:\/\/schema.org","@graph":[{"@type":"WebPage","@id":"https:\/\/tuctuc.ee\/en\/toode\/poistete-pikk-kapuutsiga-pidzaama-pehmest-kunstkarusnahast\/","url":"https:\/\/tuctuc.ee\/en\/toode\/poistete-pikk-kapuutsiga-pidzaama-pehmest-kunstkarusnahast\/","name":"Poistete pikk kapuutsiga pid\u017eaama pehmest kunstkarusnahast - TucTuc Eesti","isPartOf":{"@id":"https:\/\/tuctuc.ee\/en\/#website"},"datePublished":"2025-10-15T14:01:35+00:00","dateModified":"2026-03-03T17:45:19+00:00","breadcrumb":{"@id":"https:\/\/tuctuc.ee\/en\/toode\/poistete-pikk-kapuutsiga-pidzaama-pehmest-kunstkarusnahast\/#breadcrumb"},"inLanguage":"en-US","potentialAction":[{"@type":"ReadAction","target":["https:\/\/tuctuc.ee\/en\/toode\/poistete-pikk-kapuutsiga-pidzaama-pehmest-kunstkarusnahast\/"]}]},{"@type":"BreadcrumbList","@id":"https:\/\/tuctuc.ee\/en\/toode\/poistete-pikk-kapuutsiga-pidzaama-pehmest-kunstkarusnahast\/#breadcrumb","itemListElement":[{"@type":"ListItem","position":1,"name":"Home","item":"https:\/\/tuctuc.ee\/en\/?page_id=269"},{"@type":"ListItem","position":2,"name":"Shop","item":"https:\/\/tuctuc.ee\/shop\/"},{"@type":"ListItem","position":3,"name":"Poistete pikk kapuutsiga pid\u017eaama pehmest kunstkarusnahast"}]},{"@type":"WebSite","@id":"https:\/\/tuctuc.ee\/en\/#website","url":"https:\/\/tuctuc.ee\/en\/","name":"TucTuc Eesti","description":"Eesti laster\u00f5ivaste veebipood - Stiilsed riided lastele igale vanusele. Avastage meie valikut n\u00fc\u00fcd!","publisher":{"@id":"https:\/\/tuctuc.ee\/en\/#organization"},"potentialAction":[{"@type":"SearchAction","target":{"@type":"EntryPoint","urlTemplate":"https:\/\/tuctuc.ee\/en\/?s={search_term_string}"},"query-input":"required name=search_term_string"}],"inLanguage":"en-US"},{"@type":"Organization","@id":"https:\/\/tuctuc.ee\/en\/#organization","name":"TucTuc Eesti","url":"https:\/\/tuctuc.ee\/en\/","logo":{"@type":"ImageObject","inLanguage":"en-US","@id":"https:\/\/tuctuc.ee\/en\/#\/schema\/logo\/image\/","url":"https:\/\/i0.wp.com\/tuctuc.ee\/wp-content\/uploads\/2023\/10\/logo-164933761541.png?fit=109%2C122&ssl=1","contentUrl":"https:\/\/i0.wp.com\/tuctuc.ee\/wp-content\/uploads\/2023\/10\/logo-164933761541.png?fit=109%2C122&ssl=1","width":109,"height":122,"caption":"TucTuc Eesti"},"image":{"@id":"https:\/\/tuctuc.ee\/en\/#\/schema\/logo\/image\/"}}]}},"jetpack_sharing_enabled":true,"_links":{"self":[{"href":"https:\/\/tuctuc.ee\/en\/wp-json\/wp\/v2\/product\/1008448","targetHints":{"allow":["GET"]}}],"collection":[{"href":"https:\/\/tuctuc.ee\/en\/wp-json\/wp\/v2\/product"}],"about":[{"href":"https:\/\/tuctuc.ee\/en\/wp-json\/wp\/v2\/types\/product"}],"replies":[{"embeddable":true,"href":"https:\/\/tuctuc.ee\/en\/wp-json\/wp\/v2\/comments?post=1008448"}],"version-history":[{"count":2,"href":"https:\/\/tuctuc.ee\/en\/wp-json\/wp\/v2\/product\/1008448\/revisions"}],"predecessor-version":[{"id":1009190,"href":"https:\/\/tuctuc.ee\/en\/wp-json\/wp\/v2\/product\/1008448\/revisions\/1009190"}],"wp:featuredmedia":[{"embeddable":true,"href":"https:\/\/tuctuc.ee\/en\/wp-json\/wp\/v2\/media\/1008456"}],"wp:attachment":[{"href":"https:\/\/tuctuc.ee\/en\/wp-json\/wp\/v2\/media?parent=1008448"}],"wp:term":[{"taxonomy":"product_cat","embeddable":true,"href":"https:\/\/tuctuc.ee\/en\/wp-json\/wp\/v2\/product_cat?post=1008448"},{"taxonomy":"product_tag","embeddable":true,"href":"https:\/\/tuctuc.ee\/en\/wp-json\/wp\/v2\/product_tag?post=1008448"}],"curies":[{"name":"wp","href":"https:\/\/api.w.org\/{rel}","templated":true}]}}