{"id":1008304,"date":"2025-10-15T14:27:13","date_gmt":"2025-10-15T11:27:13","guid":{"rendered":"https:\/\/tuctuc.ee\/?post_type=product&#038;p=1008304"},"modified":"2026-02-23T15:06:01","modified_gmt":"2026-02-23T12:06:01","slug":"tudruku-pastellroosa-tutu-seelik","status":"publish","type":"product","link":"https:\/\/tuctuc.ee\/en\/toode\/tudruku-pastellroosa-tutu-seelik\/","title":{"rendered":"T\u00fcdruku pastellroosa tutu-seelik"},"content":{"rendered":"<div class=\"vgblk-rw-wrapper limit-wrapper\">\n<p id=\"tw-target-text\" class=\"tw-data-text tw-text-large tw-ta\" dir=\"ltr\" role=\"text\" data-placeholder=\"Translation\" data-ved=\"2ahUKEwiKu7fGiqaQAxUzJxAIHYA0NvsQ3ewLegQIDBAV\" aria-label=\"Translated text: Beebit\u00fcdruku pastellroosa tutu-seelik sobib ideaalselt igaks eriliseks s\u00fcndmuseks. Valmistatud pehmest t\u00fcllist ja kaunistatud \u00f5rnade kuldsete t\u00e4hemustritega, lisab see s\u00e4ra ja l\u00f5busust. Metallikkuldne elastne v\u00f6\u00f6koht pakub pisikesele mugavat ja kindlat istuvust, v\u00f5imaldades igal sammul liikumisvabadust.\"><span class=\"Y2IQFc\" lang=\"et\">Beebit\u00fcdruku pastellroosa tutu-seelik sobib ideaalselt igaks eriliseks s\u00fcndmuseks. Valmistatud pehmest t\u00fcllist ja kaunistatud \u00f5rnade kuldsete t\u00e4hemustritega, lisab see s\u00e4ra ja l\u00f5busust. Metallikkuldne elastne v\u00f6\u00f6koht pakub pisikesele mugavat ja kindlat istuvust, v\u00f5imaldades igal sammul liikumisvabadust.<\/span><\/p>\n<p id=\"tw-target-text\" class=\"tw-data-text tw-text-large tw-ta\" dir=\"ltr\" role=\"text\" data-placeholder=\"Translation\" data-ved=\"2ahUKEwiKu7fGiqaQAxUzJxAIHYA0NvsQ3ewLegQIDBAV\" aria-label=\"Translated text: T\u00fcdrukute roosa pikkade varrukatega T-s\u00e4rk, mille esik\u00fcljel on ekru v\u00e4rvi pealiskiht, mis meenutab topeltr\u00f5ivast. Kaunistatud \u00f5rna kuldsete ja roosade toonidega baleriiniprindiga, mida kaunistavad t\u00e4hed ja v\u00e4ikesed s\u00fcdamed. \u00dcmar kaelus ja taga n\u00f6\u00f6pkinnis lihtsaks riietamiseks. Mugav ja r\u00f5\u00f5msameelne r\u00f5ivas, mis sobib ideaalselt igap\u00e4evasele riietusele veidruse lisamiseks.\"><span class=\"Y2IQFc\" lang=\"et\">Materjal: 100% pol\u00fceter, vooder 95% puuvill, 5% elataan. <\/span><span class=\"Y2IQFc\" lang=\"et\">Juhised riiete hooldamiseks ja pesemiseks.\u00a0<\/span><\/p>\n<\/div>\n<p><!-- .vgblk-rw-wrapper --><\/p>\n","protected":false},"excerpt":{"rendered":"<p>Beebit\u00fcdruku pastellroosa tutu-seelik sobib ideaalselt igaks eriliseks s\u00fcndmuseks. Valmistatud pehmest t\u00fcllist ja kaunistatud \u00f5rnade kuldsete t\u00e4hemustritega, lisab see s\u00e4ra ja l\u00f5busust. Metallikkuldne elastne v\u00f6\u00f6koht pakub pisikesele mugavat ja kindlat istuvust, v\u00f5imaldades igal sammul liikumisvabadust. Materjal: 100% pol\u00fceter, vooder 95% puuvill, 5% elataan. Juhised riiete hooldamiseks ja pesemiseks.\u00a0<\/p>\n","protected":false},"featured_media":1008311,"comment_status":"open","ping_status":"closed","template":"","meta":{"_themeisle_gutenberg_block_has_review":false},"product_cat":[428,318],"product_tag":[],"class_list":["post-1008304","product","type-product","status-publish","has-post-thumbnail","hentry","product_cat-seelik","product_cat-tudrukud"],"yoast_head":"<!-- This site is optimized with the Yoast SEO plugin v21.5 - https:\/\/yoast.com\/wordpress\/plugins\/seo\/ -->\n<title>T\u00fcdruku pastellroosa tutu-seelik - TucTuc Eesti<\/title>\n<meta name=\"robots\" content=\"index, follow, max-snippet:-1, max-image-preview:large, max-video-preview:-1\" \/>\n<link rel=\"canonical\" href=\"https:\/\/tuctuc.ee\/en\/toode\/tudruku-pastellroosa-tutu-seelik\/\" \/>\n<meta property=\"og:locale\" content=\"en_US\" \/>\n<meta property=\"og:type\" content=\"article\" \/>\n<meta property=\"og:title\" content=\"T\u00fcdruku pastellroosa tutu-seelik - TucTuc Eesti\" \/>\n<meta property=\"og:description\" content=\"Beebit\u00fcdruku pastellroosa tutu-seelik sobib ideaalselt igaks eriliseks s\u00fcndmuseks. Valmistatud pehmest t\u00fcllist ja kaunistatud \u00f5rnade kuldsete t\u00e4hemustritega, lisab see s\u00e4ra ja l\u00f5busust. Metallikkuldne elastne v\u00f6\u00f6koht pakub pisikesele mugavat ja kindlat istuvust, v\u00f5imaldades igal sammul liikumisvabadust. Materjal: 100% pol\u00fceter, vooder 95% puuvill, 5% elataan. Juhised riiete hooldamiseks ja pesemiseks.\u00a0\" \/>\n<meta property=\"og:url\" content=\"https:\/\/tuctuc.ee\/en\/toode\/tudruku-pastellroosa-tutu-seelik\/\" \/>\n<meta property=\"og:site_name\" content=\"TucTuc Eesti\" \/>\n<meta property=\"article:modified_time\" content=\"2026-02-23T12:06:01+00:00\" \/>\n<meta property=\"og:image\" content=\"https:\/\/tuctuc.ee\/wp-content\/uploads\/2025\/10\/11399496.webp\" \/>\n\t<meta property=\"og:image:width\" content=\"800\" \/>\n\t<meta property=\"og:image:height\" content=\"1000\" \/>\n\t<meta property=\"og:image:type\" content=\"image\/webp\" \/>\n<meta name=\"twitter:card\" content=\"summary_large_image\" \/>\n<meta name=\"twitter:label1\" content=\"Est. reading time\" \/>\n\t<meta name=\"twitter:data1\" content=\"1 minute\" \/>\n<script type=\"application\/ld+json\" class=\"yoast-schema-graph\">{\"@context\":\"https:\/\/schema.org\",\"@graph\":[{\"@type\":\"WebPage\",\"@id\":\"https:\/\/tuctuc.ee\/en\/toode\/tudruku-pastellroosa-tutu-seelik\/\",\"url\":\"https:\/\/tuctuc.ee\/en\/toode\/tudruku-pastellroosa-tutu-seelik\/\",\"name\":\"T\u00fcdruku pastellroosa tutu-seelik - TucTuc Eesti\",\"isPartOf\":{\"@id\":\"https:\/\/tuctuc.ee\/en\/#website\"},\"datePublished\":\"2025-10-15T11:27:13+00:00\",\"dateModified\":\"2026-02-23T12:06:01+00:00\",\"breadcrumb\":{\"@id\":\"https:\/\/tuctuc.ee\/en\/toode\/tudruku-pastellroosa-tutu-seelik\/#breadcrumb\"},\"inLanguage\":\"en-US\",\"potentialAction\":[{\"@type\":\"ReadAction\",\"target\":[\"https:\/\/tuctuc.ee\/en\/toode\/tudruku-pastellroosa-tutu-seelik\/\"]}]},{\"@type\":\"BreadcrumbList\",\"@id\":\"https:\/\/tuctuc.ee\/en\/toode\/tudruku-pastellroosa-tutu-seelik\/#breadcrumb\",\"itemListElement\":[{\"@type\":\"ListItem\",\"position\":1,\"name\":\"Home\",\"item\":\"https:\/\/tuctuc.ee\/en\/?page_id=269\"},{\"@type\":\"ListItem\",\"position\":2,\"name\":\"Shop\",\"item\":\"https:\/\/tuctuc.ee\/shop\/\"},{\"@type\":\"ListItem\",\"position\":3,\"name\":\"T\u00fcdruku pastellroosa tutu-seelik\"}]},{\"@type\":\"WebSite\",\"@id\":\"https:\/\/tuctuc.ee\/en\/#website\",\"url\":\"https:\/\/tuctuc.ee\/en\/\",\"name\":\"TucTuc Eesti\",\"description\":\"Eesti laster\u00f5ivaste veebipood - Stiilsed riided lastele igale vanusele. Avastage meie valikut n\u00fc\u00fcd!\",\"publisher\":{\"@id\":\"https:\/\/tuctuc.ee\/en\/#organization\"},\"potentialAction\":[{\"@type\":\"SearchAction\",\"target\":{\"@type\":\"EntryPoint\",\"urlTemplate\":\"https:\/\/tuctuc.ee\/en\/?s={search_term_string}\"},\"query-input\":\"required name=search_term_string\"}],\"inLanguage\":\"en-US\"},{\"@type\":\"Organization\",\"@id\":\"https:\/\/tuctuc.ee\/en\/#organization\",\"name\":\"TucTuc Eesti\",\"url\":\"https:\/\/tuctuc.ee\/en\/\",\"logo\":{\"@type\":\"ImageObject\",\"inLanguage\":\"en-US\",\"@id\":\"https:\/\/tuctuc.ee\/en\/#\/schema\/logo\/image\/\",\"url\":\"https:\/\/i0.wp.com\/tuctuc.ee\/wp-content\/uploads\/2023\/10\/logo-164933761541.png?fit=109%2C122&ssl=1\",\"contentUrl\":\"https:\/\/i0.wp.com\/tuctuc.ee\/wp-content\/uploads\/2023\/10\/logo-164933761541.png?fit=109%2C122&ssl=1\",\"width\":109,\"height\":122,\"caption\":\"TucTuc Eesti\"},\"image\":{\"@id\":\"https:\/\/tuctuc.ee\/en\/#\/schema\/logo\/image\/\"}}]}<\/script>\n<!-- \/ Yoast SEO plugin. -->","yoast_head_json":{"title":"T\u00fcdruku pastellroosa tutu-seelik - TucTuc Eesti","robots":{"index":"index","follow":"follow","max-snippet":"max-snippet:-1","max-image-preview":"max-image-preview:large","max-video-preview":"max-video-preview:-1"},"canonical":"https:\/\/tuctuc.ee\/en\/toode\/tudruku-pastellroosa-tutu-seelik\/","og_locale":"en_US","og_type":"article","og_title":"T\u00fcdruku pastellroosa tutu-seelik - TucTuc Eesti","og_description":"Beebit\u00fcdruku pastellroosa tutu-seelik sobib ideaalselt igaks eriliseks s\u00fcndmuseks. Valmistatud pehmest t\u00fcllist ja kaunistatud \u00f5rnade kuldsete t\u00e4hemustritega, lisab see s\u00e4ra ja l\u00f5busust. Metallikkuldne elastne v\u00f6\u00f6koht pakub pisikesele mugavat ja kindlat istuvust, v\u00f5imaldades igal sammul liikumisvabadust. Materjal: 100% pol\u00fceter, vooder 95% puuvill, 5% elataan. Juhised riiete hooldamiseks ja pesemiseks.\u00a0","og_url":"https:\/\/tuctuc.ee\/en\/toode\/tudruku-pastellroosa-tutu-seelik\/","og_site_name":"TucTuc Eesti","article_modified_time":"2026-02-23T12:06:01+00:00","og_image":[{"width":800,"height":1000,"url":"https:\/\/tuctuc.ee\/wp-content\/uploads\/2025\/10\/11399496.webp","type":"image\/webp"}],"twitter_card":"summary_large_image","twitter_misc":{"Est. reading time":"1 minute"},"schema":{"@context":"https:\/\/schema.org","@graph":[{"@type":"WebPage","@id":"https:\/\/tuctuc.ee\/en\/toode\/tudruku-pastellroosa-tutu-seelik\/","url":"https:\/\/tuctuc.ee\/en\/toode\/tudruku-pastellroosa-tutu-seelik\/","name":"T\u00fcdruku pastellroosa tutu-seelik - TucTuc Eesti","isPartOf":{"@id":"https:\/\/tuctuc.ee\/en\/#website"},"datePublished":"2025-10-15T11:27:13+00:00","dateModified":"2026-02-23T12:06:01+00:00","breadcrumb":{"@id":"https:\/\/tuctuc.ee\/en\/toode\/tudruku-pastellroosa-tutu-seelik\/#breadcrumb"},"inLanguage":"en-US","potentialAction":[{"@type":"ReadAction","target":["https:\/\/tuctuc.ee\/en\/toode\/tudruku-pastellroosa-tutu-seelik\/"]}]},{"@type":"BreadcrumbList","@id":"https:\/\/tuctuc.ee\/en\/toode\/tudruku-pastellroosa-tutu-seelik\/#breadcrumb","itemListElement":[{"@type":"ListItem","position":1,"name":"Home","item":"https:\/\/tuctuc.ee\/en\/?page_id=269"},{"@type":"ListItem","position":2,"name":"Shop","item":"https:\/\/tuctuc.ee\/shop\/"},{"@type":"ListItem","position":3,"name":"T\u00fcdruku pastellroosa tutu-seelik"}]},{"@type":"WebSite","@id":"https:\/\/tuctuc.ee\/en\/#website","url":"https:\/\/tuctuc.ee\/en\/","name":"TucTuc Eesti","description":"Eesti laster\u00f5ivaste veebipood - Stiilsed riided lastele igale vanusele. Avastage meie valikut n\u00fc\u00fcd!","publisher":{"@id":"https:\/\/tuctuc.ee\/en\/#organization"},"potentialAction":[{"@type":"SearchAction","target":{"@type":"EntryPoint","urlTemplate":"https:\/\/tuctuc.ee\/en\/?s={search_term_string}"},"query-input":"required name=search_term_string"}],"inLanguage":"en-US"},{"@type":"Organization","@id":"https:\/\/tuctuc.ee\/en\/#organization","name":"TucTuc Eesti","url":"https:\/\/tuctuc.ee\/en\/","logo":{"@type":"ImageObject","inLanguage":"en-US","@id":"https:\/\/tuctuc.ee\/en\/#\/schema\/logo\/image\/","url":"https:\/\/i0.wp.com\/tuctuc.ee\/wp-content\/uploads\/2023\/10\/logo-164933761541.png?fit=109%2C122&ssl=1","contentUrl":"https:\/\/i0.wp.com\/tuctuc.ee\/wp-content\/uploads\/2023\/10\/logo-164933761541.png?fit=109%2C122&ssl=1","width":109,"height":122,"caption":"TucTuc Eesti"},"image":{"@id":"https:\/\/tuctuc.ee\/en\/#\/schema\/logo\/image\/"}}]}},"jetpack_sharing_enabled":true,"_links":{"self":[{"href":"https:\/\/tuctuc.ee\/en\/wp-json\/wp\/v2\/product\/1008304","targetHints":{"allow":["GET"]}}],"collection":[{"href":"https:\/\/tuctuc.ee\/en\/wp-json\/wp\/v2\/product"}],"about":[{"href":"https:\/\/tuctuc.ee\/en\/wp-json\/wp\/v2\/types\/product"}],"replies":[{"embeddable":true,"href":"https:\/\/tuctuc.ee\/en\/wp-json\/wp\/v2\/comments?post=1008304"}],"version-history":[{"count":1,"href":"https:\/\/tuctuc.ee\/en\/wp-json\/wp\/v2\/product\/1008304\/revisions"}],"predecessor-version":[{"id":1008319,"href":"https:\/\/tuctuc.ee\/en\/wp-json\/wp\/v2\/product\/1008304\/revisions\/1008319"}],"wp:featuredmedia":[{"embeddable":true,"href":"https:\/\/tuctuc.ee\/en\/wp-json\/wp\/v2\/media\/1008311"}],"wp:attachment":[{"href":"https:\/\/tuctuc.ee\/en\/wp-json\/wp\/v2\/media?parent=1008304"}],"wp:term":[{"taxonomy":"product_cat","embeddable":true,"href":"https:\/\/tuctuc.ee\/en\/wp-json\/wp\/v2\/product_cat?post=1008304"},{"taxonomy":"product_tag","embeddable":true,"href":"https:\/\/tuctuc.ee\/en\/wp-json\/wp\/v2\/product_tag?post=1008304"}],"curies":[{"name":"wp","href":"https:\/\/api.w.org\/{rel}","templated":true}]}}