{"id":1007958,"date":"2025-09-16T14:25:41","date_gmt":"2025-09-16T11:25:41","guid":{"rendered":"https:\/\/tuctuc.ee\/?post_type=product&#038;p=1007958"},"modified":"2026-02-23T16:49:26","modified_gmt":"2026-02-23T13:49:26","slug":"poiste-komplekt","status":"publish","type":"product","link":"https:\/\/tuctuc.ee\/en\/toode\/poiste-komplekt\/","title":{"rendered":"Poiste komplekt"},"content":{"rendered":"<div class=\"vgblk-rw-wrapper limit-wrapper\">\n<p id=\"tw-target-text\" class=\"tw-data-text tw-text-large tw-ta\" dir=\"ltr\" data-placeholder=\"Translation\" data-ved=\"2ahUKEwik3_vD_aeNAxVFQ_EDHYJ3BV8Q3ewLegQICRAV\" aria-label=\"Translated text: Poiste komplekt, mis koosneb valgest kootud v\u00e4rviliste triipude ja kaheksajalatr\u00fckiga T-s\u00e4rgist ning sinistest fliisist reguleeritava v\u00f6\u00f6kohaga bermudap\u00fckstest\">Poiste komplekt, mis koosneb kootud T-s\u00e4rgist ning sinistest reguleeritava v\u00f6\u00f6kohaga tumesinist bermuda p\u00fckstest. Pehmest trikotaa\u017ekangast valmistatud mugavad l\u00fchikesed p\u00fcksid, millel on kaks k\u00fcljetaskut ning elastne kummiv\u00e4rvel. Ilusti sobib igap\u00e4evaseks kandmiseks. Suvine komplekt nii suurtele kui v\u00e4ikestele poistele sobib kanda nii lasteaias, koolis kui ka vabal ajal.<\/p>\n<p><span class=\"Y2IQFc\" lang=\"et\">Materjal: 100% puuvill. <\/span><span class=\"Y2IQFc\" lang=\"et\">Juhised riiete hooldamiseks ja pesemiseks.\u00a0<\/span><\/div>\n<p><!-- .vgblk-rw-wrapper --><\/p>\n","protected":false},"excerpt":{"rendered":"<p>Poiste komplekt, mis koosneb kootud T-s\u00e4rgist ning sinistest reguleeritava v\u00f6\u00f6kohaga tumesinist bermuda p\u00fckstest. Pehmest trikotaa\u017ekangast valmistatud mugavad l\u00fchikesed p\u00fcksid, millel on kaks k\u00fcljetaskut ning elastne kummiv\u00e4rvel. Ilusti sobib igap\u00e4evaseks kandmiseks. Suvine komplekt nii suurtele kui v\u00e4ikestele poistele sobib kanda nii lasteaias, koolis kui ka vabal ajal. Materjal: 100% puuvill. Juhised riiete hooldamiseks ja pesemiseks.\u00a0<\/p>\n","protected":false},"featured_media":1007965,"comment_status":"open","ping_status":"closed","template":"","meta":{"_themeisle_gutenberg_block_has_review":false},"product_cat":[437,420,317,419],"product_tag":[],"class_list":["post-1007958","product","type-product","status-publish","has-post-thumbnail","hentry","product_cat-komplekt-poisid","product_cat-luhikesed-puksid","product_cat-poisid","product_cat-t-sark-luhikeste-varrukatega"],"yoast_head":"<!-- This site is optimized with the Yoast SEO plugin v21.5 - https:\/\/yoast.com\/wordpress\/plugins\/seo\/ -->\n<title>Poiste komplekt - TucTuc Eesti<\/title>\n<meta name=\"robots\" content=\"index, follow, max-snippet:-1, max-image-preview:large, max-video-preview:-1\" \/>\n<link rel=\"canonical\" href=\"https:\/\/tuctuc.ee\/en\/toode\/poiste-komplekt\/\" \/>\n<meta property=\"og:locale\" content=\"en_US\" \/>\n<meta property=\"og:type\" content=\"article\" \/>\n<meta property=\"og:title\" content=\"Poiste komplekt - TucTuc Eesti\" \/>\n<meta property=\"og:description\" content=\"Poiste komplekt, mis koosneb kootud T-s\u00e4rgist ning sinistest reguleeritava v\u00f6\u00f6kohaga tumesinist bermuda p\u00fckstest. Pehmest trikotaa\u017ekangast valmistatud mugavad l\u00fchikesed p\u00fcksid, millel on kaks k\u00fcljetaskut ning elastne kummiv\u00e4rvel. Ilusti sobib igap\u00e4evaseks kandmiseks. Suvine komplekt nii suurtele kui v\u00e4ikestele poistele sobib kanda nii lasteaias, koolis kui ka vabal ajal. Materjal: 100% puuvill. Juhised riiete hooldamiseks ja pesemiseks.\u00a0\" \/>\n<meta property=\"og:url\" content=\"https:\/\/tuctuc.ee\/en\/toode\/poiste-komplekt\/\" \/>\n<meta property=\"og:site_name\" content=\"TucTuc Eesti\" \/>\n<meta property=\"article:modified_time\" content=\"2026-02-23T13:49:26+00:00\" \/>\n<meta property=\"og:image\" content=\"https:\/\/tuctuc.ee\/wp-content\/uploads\/2025\/09\/KB08X301B3.jpeg\" \/>\n\t<meta property=\"og:image:width\" content=\"967\" \/>\n\t<meta property=\"og:image:height\" content=\"1200\" \/>\n\t<meta property=\"og:image:type\" content=\"image\/jpeg\" \/>\n<meta name=\"twitter:card\" content=\"summary_large_image\" \/>\n<meta name=\"twitter:label1\" content=\"Est. reading time\" \/>\n\t<meta name=\"twitter:data1\" content=\"1 minute\" \/>\n<script type=\"application\/ld+json\" class=\"yoast-schema-graph\">{\"@context\":\"https:\/\/schema.org\",\"@graph\":[{\"@type\":\"WebPage\",\"@id\":\"https:\/\/tuctuc.ee\/en\/toode\/poiste-komplekt\/\",\"url\":\"https:\/\/tuctuc.ee\/en\/toode\/poiste-komplekt\/\",\"name\":\"Poiste komplekt - TucTuc Eesti\",\"isPartOf\":{\"@id\":\"https:\/\/tuctuc.ee\/en\/#website\"},\"datePublished\":\"2025-09-16T11:25:41+00:00\",\"dateModified\":\"2026-02-23T13:49:26+00:00\",\"breadcrumb\":{\"@id\":\"https:\/\/tuctuc.ee\/en\/toode\/poiste-komplekt\/#breadcrumb\"},\"inLanguage\":\"en-US\",\"potentialAction\":[{\"@type\":\"ReadAction\",\"target\":[\"https:\/\/tuctuc.ee\/en\/toode\/poiste-komplekt\/\"]}]},{\"@type\":\"BreadcrumbList\",\"@id\":\"https:\/\/tuctuc.ee\/en\/toode\/poiste-komplekt\/#breadcrumb\",\"itemListElement\":[{\"@type\":\"ListItem\",\"position\":1,\"name\":\"Home\",\"item\":\"https:\/\/tuctuc.ee\/en\/?page_id=269\"},{\"@type\":\"ListItem\",\"position\":2,\"name\":\"Shop\",\"item\":\"https:\/\/tuctuc.ee\/shop\/\"},{\"@type\":\"ListItem\",\"position\":3,\"name\":\"Poiste komplekt\"}]},{\"@type\":\"WebSite\",\"@id\":\"https:\/\/tuctuc.ee\/en\/#website\",\"url\":\"https:\/\/tuctuc.ee\/en\/\",\"name\":\"TucTuc Eesti\",\"description\":\"Eesti laster\u00f5ivaste veebipood - Stiilsed riided lastele igale vanusele. Avastage meie valikut n\u00fc\u00fcd!\",\"publisher\":{\"@id\":\"https:\/\/tuctuc.ee\/en\/#organization\"},\"potentialAction\":[{\"@type\":\"SearchAction\",\"target\":{\"@type\":\"EntryPoint\",\"urlTemplate\":\"https:\/\/tuctuc.ee\/en\/?s={search_term_string}\"},\"query-input\":\"required name=search_term_string\"}],\"inLanguage\":\"en-US\"},{\"@type\":\"Organization\",\"@id\":\"https:\/\/tuctuc.ee\/en\/#organization\",\"name\":\"TucTuc Eesti\",\"url\":\"https:\/\/tuctuc.ee\/en\/\",\"logo\":{\"@type\":\"ImageObject\",\"inLanguage\":\"en-US\",\"@id\":\"https:\/\/tuctuc.ee\/en\/#\/schema\/logo\/image\/\",\"url\":\"https:\/\/i0.wp.com\/tuctuc.ee\/wp-content\/uploads\/2023\/10\/logo-164933761541.png?fit=109%2C122&ssl=1\",\"contentUrl\":\"https:\/\/i0.wp.com\/tuctuc.ee\/wp-content\/uploads\/2023\/10\/logo-164933761541.png?fit=109%2C122&ssl=1\",\"width\":109,\"height\":122,\"caption\":\"TucTuc Eesti\"},\"image\":{\"@id\":\"https:\/\/tuctuc.ee\/en\/#\/schema\/logo\/image\/\"}}]}<\/script>\n<!-- \/ Yoast SEO plugin. -->","yoast_head_json":{"title":"Poiste komplekt - TucTuc Eesti","robots":{"index":"index","follow":"follow","max-snippet":"max-snippet:-1","max-image-preview":"max-image-preview:large","max-video-preview":"max-video-preview:-1"},"canonical":"https:\/\/tuctuc.ee\/en\/toode\/poiste-komplekt\/","og_locale":"en_US","og_type":"article","og_title":"Poiste komplekt - TucTuc Eesti","og_description":"Poiste komplekt, mis koosneb kootud T-s\u00e4rgist ning sinistest reguleeritava v\u00f6\u00f6kohaga tumesinist bermuda p\u00fckstest. Pehmest trikotaa\u017ekangast valmistatud mugavad l\u00fchikesed p\u00fcksid, millel on kaks k\u00fcljetaskut ning elastne kummiv\u00e4rvel. Ilusti sobib igap\u00e4evaseks kandmiseks. Suvine komplekt nii suurtele kui v\u00e4ikestele poistele sobib kanda nii lasteaias, koolis kui ka vabal ajal. Materjal: 100% puuvill. Juhised riiete hooldamiseks ja pesemiseks.\u00a0","og_url":"https:\/\/tuctuc.ee\/en\/toode\/poiste-komplekt\/","og_site_name":"TucTuc Eesti","article_modified_time":"2026-02-23T13:49:26+00:00","og_image":[{"width":967,"height":1200,"url":"https:\/\/tuctuc.ee\/wp-content\/uploads\/2025\/09\/KB08X301B3.jpeg","type":"image\/jpeg"}],"twitter_card":"summary_large_image","twitter_misc":{"Est. reading time":"1 minute"},"schema":{"@context":"https:\/\/schema.org","@graph":[{"@type":"WebPage","@id":"https:\/\/tuctuc.ee\/en\/toode\/poiste-komplekt\/","url":"https:\/\/tuctuc.ee\/en\/toode\/poiste-komplekt\/","name":"Poiste komplekt - TucTuc Eesti","isPartOf":{"@id":"https:\/\/tuctuc.ee\/en\/#website"},"datePublished":"2025-09-16T11:25:41+00:00","dateModified":"2026-02-23T13:49:26+00:00","breadcrumb":{"@id":"https:\/\/tuctuc.ee\/en\/toode\/poiste-komplekt\/#breadcrumb"},"inLanguage":"en-US","potentialAction":[{"@type":"ReadAction","target":["https:\/\/tuctuc.ee\/en\/toode\/poiste-komplekt\/"]}]},{"@type":"BreadcrumbList","@id":"https:\/\/tuctuc.ee\/en\/toode\/poiste-komplekt\/#breadcrumb","itemListElement":[{"@type":"ListItem","position":1,"name":"Home","item":"https:\/\/tuctuc.ee\/en\/?page_id=269"},{"@type":"ListItem","position":2,"name":"Shop","item":"https:\/\/tuctuc.ee\/shop\/"},{"@type":"ListItem","position":3,"name":"Poiste komplekt"}]},{"@type":"WebSite","@id":"https:\/\/tuctuc.ee\/en\/#website","url":"https:\/\/tuctuc.ee\/en\/","name":"TucTuc Eesti","description":"Eesti laster\u00f5ivaste veebipood - Stiilsed riided lastele igale vanusele. Avastage meie valikut n\u00fc\u00fcd!","publisher":{"@id":"https:\/\/tuctuc.ee\/en\/#organization"},"potentialAction":[{"@type":"SearchAction","target":{"@type":"EntryPoint","urlTemplate":"https:\/\/tuctuc.ee\/en\/?s={search_term_string}"},"query-input":"required name=search_term_string"}],"inLanguage":"en-US"},{"@type":"Organization","@id":"https:\/\/tuctuc.ee\/en\/#organization","name":"TucTuc Eesti","url":"https:\/\/tuctuc.ee\/en\/","logo":{"@type":"ImageObject","inLanguage":"en-US","@id":"https:\/\/tuctuc.ee\/en\/#\/schema\/logo\/image\/","url":"https:\/\/i0.wp.com\/tuctuc.ee\/wp-content\/uploads\/2023\/10\/logo-164933761541.png?fit=109%2C122&ssl=1","contentUrl":"https:\/\/i0.wp.com\/tuctuc.ee\/wp-content\/uploads\/2023\/10\/logo-164933761541.png?fit=109%2C122&ssl=1","width":109,"height":122,"caption":"TucTuc Eesti"},"image":{"@id":"https:\/\/tuctuc.ee\/en\/#\/schema\/logo\/image\/"}}]}},"jetpack_sharing_enabled":true,"_links":{"self":[{"href":"https:\/\/tuctuc.ee\/en\/wp-json\/wp\/v2\/product\/1007958","targetHints":{"allow":["GET"]}}],"collection":[{"href":"https:\/\/tuctuc.ee\/en\/wp-json\/wp\/v2\/product"}],"about":[{"href":"https:\/\/tuctuc.ee\/en\/wp-json\/wp\/v2\/types\/product"}],"replies":[{"embeddable":true,"href":"https:\/\/tuctuc.ee\/en\/wp-json\/wp\/v2\/comments?post=1007958"}],"version-history":[{"count":2,"href":"https:\/\/tuctuc.ee\/en\/wp-json\/wp\/v2\/product\/1007958\/revisions"}],"predecessor-version":[{"id":1007972,"href":"https:\/\/tuctuc.ee\/en\/wp-json\/wp\/v2\/product\/1007958\/revisions\/1007972"}],"wp:featuredmedia":[{"embeddable":true,"href":"https:\/\/tuctuc.ee\/en\/wp-json\/wp\/v2\/media\/1007965"}],"wp:attachment":[{"href":"https:\/\/tuctuc.ee\/en\/wp-json\/wp\/v2\/media?parent=1007958"}],"wp:term":[{"taxonomy":"product_cat","embeddable":true,"href":"https:\/\/tuctuc.ee\/en\/wp-json\/wp\/v2\/product_cat?post=1007958"},{"taxonomy":"product_tag","embeddable":true,"href":"https:\/\/tuctuc.ee\/en\/wp-json\/wp\/v2\/product_tag?post=1007958"}],"curies":[{"name":"wp","href":"https:\/\/api.w.org\/{rel}","templated":true}]}}