{"id":1007311,"date":"2025-09-08T18:04:43","date_gmt":"2025-09-08T15:04:43","guid":{"rendered":"https:\/\/tuctuc.ee\/?post_type=product&#038;p=1007311"},"modified":"2026-01-07T17:00:38","modified_gmt":"2026-01-07T14:00:38","slug":"kaheosalised-tudrukute-bikiinid","status":"publish","type":"product","link":"https:\/\/tuctuc.ee\/en\/toode\/kaheosalised-tudrukute-bikiinid\/","title":{"rendered":"Kaheosalised t\u00fcdrukute bikiinid"},"content":{"rendered":"<div class=\"vgblk-rw-wrapper limit-wrapper\">\n<p id=\"tw-target-text\" class=\"tw-data-text tw-text-large tw-ta\" dir=\"ltr\" role=\"text\" data-placeholder=\"Translation\" data-ved=\"2ahUKEwip-erh6siPAxUcIBAIHYgQODcQ3ewLegQIChAV\" aria-label=\"Translated text: Kaheosalised t\u00fcdrukute bikiinid punasel taustal mitmev\u00e4rvilise lilleprindiga. \u00d5lapaeltega \u00fclaosa, millel on dekoratiivne kesks\u00f5lm ja tagaklamber. Sobivad alusp\u00fcksid laia kortsulise v\u00f6\u00f6koha ja sobiva eesmise paeltega. Mugavad ja stiilsed rannale v\u00f5i basseinile.\"><span class=\"Y2IQFc\" lang=\"et\">Kaheosalised t\u00fcdrukute bikiinid punasel taustal mitmev\u00e4rvilise lilleprindiga. \u00d5lapaeltega \u00fclaosa, millel on dekoratiivne kesks\u00f5lm ja tagaklamber. Sobivad alusp\u00fcksid laia kortsulise v\u00f6\u00f6koha ja sobiva eesmise paeltega. Mugavad ja stiilsed rannale v\u00f5i basseinile.<\/span><\/p>\n<p>Materjal: 82% pol\u00fcamiid, 18% elastaan. Juhised riiete hooldamiseks ja pesemiseks.<\/p><\/div>\n<p><!-- .vgblk-rw-wrapper --><\/p>\n","protected":false},"excerpt":{"rendered":"<p>Kaheosalised t\u00fcdrukute bikiinid punasel taustal mitmev\u00e4rvilise lilleprindiga. \u00d5lapaeltega \u00fclaosa, millel on dekoratiivne kesks\u00f5lm ja tagaklamber. Sobivad alusp\u00fcksid laia kortsulise v\u00f6\u00f6koha ja sobiva eesmise paeltega. Mugavad ja stiilsed rannale v\u00f5i basseinile. Materjal: 82% pol\u00fcamiid, 18% elastaan. Juhised riiete hooldamiseks ja pesemiseks.<\/p>\n","protected":false},"featured_media":1007323,"comment_status":"open","ping_status":"closed","template":"","meta":{"_themeisle_gutenberg_block_has_review":false},"product_cat":[318,443],"product_tag":[],"class_list":["post-1007311","product","type-product","status-publish","has-post-thumbnail","hentry","product_cat-tudrukud","product_cat-ujumisriided"],"yoast_head":"<!-- This site is optimized with the Yoast SEO plugin v21.5 - https:\/\/yoast.com\/wordpress\/plugins\/seo\/ -->\n<title>Kaheosalised t\u00fcdrukute bikiinid - TucTuc Eesti<\/title>\n<meta name=\"robots\" content=\"index, follow, max-snippet:-1, max-image-preview:large, max-video-preview:-1\" \/>\n<link rel=\"canonical\" href=\"https:\/\/tuctuc.ee\/en\/toode\/kaheosalised-tudrukute-bikiinid\/\" \/>\n<meta property=\"og:locale\" content=\"en_US\" \/>\n<meta property=\"og:type\" content=\"article\" \/>\n<meta property=\"og:title\" content=\"Kaheosalised t\u00fcdrukute bikiinid - TucTuc Eesti\" \/>\n<meta property=\"og:description\" content=\"Kaheosalised t\u00fcdrukute bikiinid punasel taustal mitmev\u00e4rvilise lilleprindiga. \u00d5lapaeltega \u00fclaosa, millel on dekoratiivne kesks\u00f5lm ja tagaklamber. Sobivad alusp\u00fcksid laia kortsulise v\u00f6\u00f6koha ja sobiva eesmise paeltega. Mugavad ja stiilsed rannale v\u00f5i basseinile. Materjal: 82% pol\u00fcamiid, 18% elastaan. Juhised riiete hooldamiseks ja pesemiseks.\" \/>\n<meta property=\"og:url\" content=\"https:\/\/tuctuc.ee\/en\/toode\/kaheosalised-tudrukute-bikiinid\/\" \/>\n<meta property=\"og:site_name\" content=\"TucTuc Eesti\" \/>\n<meta property=\"article:modified_time\" content=\"2026-01-07T14:00:38+00:00\" \/>\n<meta property=\"og:image\" content=\"https:\/\/tuctuc.ee\/wp-content\/uploads\/2025\/09\/KG08W002R1.webp\" \/>\n\t<meta property=\"og:image:width\" content=\"800\" \/>\n\t<meta property=\"og:image:height\" content=\"1000\" \/>\n\t<meta property=\"og:image:type\" content=\"image\/webp\" \/>\n<meta name=\"twitter:card\" content=\"summary_large_image\" \/>\n<meta name=\"twitter:label1\" content=\"Est. reading time\" \/>\n\t<meta name=\"twitter:data1\" content=\"1 minute\" \/>\n<script type=\"application\/ld+json\" class=\"yoast-schema-graph\">{\"@context\":\"https:\/\/schema.org\",\"@graph\":[{\"@type\":\"WebPage\",\"@id\":\"https:\/\/tuctuc.ee\/en\/toode\/kaheosalised-tudrukute-bikiinid\/\",\"url\":\"https:\/\/tuctuc.ee\/en\/toode\/kaheosalised-tudrukute-bikiinid\/\",\"name\":\"Kaheosalised t\u00fcdrukute bikiinid - TucTuc Eesti\",\"isPartOf\":{\"@id\":\"https:\/\/tuctuc.ee\/en\/#website\"},\"datePublished\":\"2025-09-08T15:04:43+00:00\",\"dateModified\":\"2026-01-07T14:00:38+00:00\",\"breadcrumb\":{\"@id\":\"https:\/\/tuctuc.ee\/en\/toode\/kaheosalised-tudrukute-bikiinid\/#breadcrumb\"},\"inLanguage\":\"en-US\",\"potentialAction\":[{\"@type\":\"ReadAction\",\"target\":[\"https:\/\/tuctuc.ee\/en\/toode\/kaheosalised-tudrukute-bikiinid\/\"]}]},{\"@type\":\"BreadcrumbList\",\"@id\":\"https:\/\/tuctuc.ee\/en\/toode\/kaheosalised-tudrukute-bikiinid\/#breadcrumb\",\"itemListElement\":[{\"@type\":\"ListItem\",\"position\":1,\"name\":\"Home\",\"item\":\"https:\/\/tuctuc.ee\/en\/?page_id=269\"},{\"@type\":\"ListItem\",\"position\":2,\"name\":\"Shop\",\"item\":\"https:\/\/tuctuc.ee\/shop\/\"},{\"@type\":\"ListItem\",\"position\":3,\"name\":\"Kaheosalised t\u00fcdrukute bikiinid\"}]},{\"@type\":\"WebSite\",\"@id\":\"https:\/\/tuctuc.ee\/en\/#website\",\"url\":\"https:\/\/tuctuc.ee\/en\/\",\"name\":\"TucTuc Eesti\",\"description\":\"Eesti laster\u00f5ivaste veebipood - Stiilsed riided lastele igale vanusele. Avastage meie valikut n\u00fc\u00fcd!\",\"publisher\":{\"@id\":\"https:\/\/tuctuc.ee\/en\/#organization\"},\"potentialAction\":[{\"@type\":\"SearchAction\",\"target\":{\"@type\":\"EntryPoint\",\"urlTemplate\":\"https:\/\/tuctuc.ee\/en\/?s={search_term_string}\"},\"query-input\":\"required name=search_term_string\"}],\"inLanguage\":\"en-US\"},{\"@type\":\"Organization\",\"@id\":\"https:\/\/tuctuc.ee\/en\/#organization\",\"name\":\"TucTuc Eesti\",\"url\":\"https:\/\/tuctuc.ee\/en\/\",\"logo\":{\"@type\":\"ImageObject\",\"inLanguage\":\"en-US\",\"@id\":\"https:\/\/tuctuc.ee\/en\/#\/schema\/logo\/image\/\",\"url\":\"https:\/\/i0.wp.com\/tuctuc.ee\/wp-content\/uploads\/2023\/10\/logo-164933761541.png?fit=109%2C122&ssl=1\",\"contentUrl\":\"https:\/\/i0.wp.com\/tuctuc.ee\/wp-content\/uploads\/2023\/10\/logo-164933761541.png?fit=109%2C122&ssl=1\",\"width\":109,\"height\":122,\"caption\":\"TucTuc Eesti\"},\"image\":{\"@id\":\"https:\/\/tuctuc.ee\/en\/#\/schema\/logo\/image\/\"}}]}<\/script>\n<!-- \/ Yoast SEO plugin. -->","yoast_head_json":{"title":"Kaheosalised t\u00fcdrukute bikiinid - TucTuc Eesti","robots":{"index":"index","follow":"follow","max-snippet":"max-snippet:-1","max-image-preview":"max-image-preview:large","max-video-preview":"max-video-preview:-1"},"canonical":"https:\/\/tuctuc.ee\/en\/toode\/kaheosalised-tudrukute-bikiinid\/","og_locale":"en_US","og_type":"article","og_title":"Kaheosalised t\u00fcdrukute bikiinid - TucTuc Eesti","og_description":"Kaheosalised t\u00fcdrukute bikiinid punasel taustal mitmev\u00e4rvilise lilleprindiga. \u00d5lapaeltega \u00fclaosa, millel on dekoratiivne kesks\u00f5lm ja tagaklamber. Sobivad alusp\u00fcksid laia kortsulise v\u00f6\u00f6koha ja sobiva eesmise paeltega. Mugavad ja stiilsed rannale v\u00f5i basseinile. Materjal: 82% pol\u00fcamiid, 18% elastaan. Juhised riiete hooldamiseks ja pesemiseks.","og_url":"https:\/\/tuctuc.ee\/en\/toode\/kaheosalised-tudrukute-bikiinid\/","og_site_name":"TucTuc Eesti","article_modified_time":"2026-01-07T14:00:38+00:00","og_image":[{"width":800,"height":1000,"url":"https:\/\/tuctuc.ee\/wp-content\/uploads\/2025\/09\/KG08W002R1.webp","type":"image\/webp"}],"twitter_card":"summary_large_image","twitter_misc":{"Est. reading time":"1 minute"},"schema":{"@context":"https:\/\/schema.org","@graph":[{"@type":"WebPage","@id":"https:\/\/tuctuc.ee\/en\/toode\/kaheosalised-tudrukute-bikiinid\/","url":"https:\/\/tuctuc.ee\/en\/toode\/kaheosalised-tudrukute-bikiinid\/","name":"Kaheosalised t\u00fcdrukute bikiinid - TucTuc Eesti","isPartOf":{"@id":"https:\/\/tuctuc.ee\/en\/#website"},"datePublished":"2025-09-08T15:04:43+00:00","dateModified":"2026-01-07T14:00:38+00:00","breadcrumb":{"@id":"https:\/\/tuctuc.ee\/en\/toode\/kaheosalised-tudrukute-bikiinid\/#breadcrumb"},"inLanguage":"en-US","potentialAction":[{"@type":"ReadAction","target":["https:\/\/tuctuc.ee\/en\/toode\/kaheosalised-tudrukute-bikiinid\/"]}]},{"@type":"BreadcrumbList","@id":"https:\/\/tuctuc.ee\/en\/toode\/kaheosalised-tudrukute-bikiinid\/#breadcrumb","itemListElement":[{"@type":"ListItem","position":1,"name":"Home","item":"https:\/\/tuctuc.ee\/en\/?page_id=269"},{"@type":"ListItem","position":2,"name":"Shop","item":"https:\/\/tuctuc.ee\/shop\/"},{"@type":"ListItem","position":3,"name":"Kaheosalised t\u00fcdrukute bikiinid"}]},{"@type":"WebSite","@id":"https:\/\/tuctuc.ee\/en\/#website","url":"https:\/\/tuctuc.ee\/en\/","name":"TucTuc Eesti","description":"Eesti laster\u00f5ivaste veebipood - Stiilsed riided lastele igale vanusele. Avastage meie valikut n\u00fc\u00fcd!","publisher":{"@id":"https:\/\/tuctuc.ee\/en\/#organization"},"potentialAction":[{"@type":"SearchAction","target":{"@type":"EntryPoint","urlTemplate":"https:\/\/tuctuc.ee\/en\/?s={search_term_string}"},"query-input":"required name=search_term_string"}],"inLanguage":"en-US"},{"@type":"Organization","@id":"https:\/\/tuctuc.ee\/en\/#organization","name":"TucTuc Eesti","url":"https:\/\/tuctuc.ee\/en\/","logo":{"@type":"ImageObject","inLanguage":"en-US","@id":"https:\/\/tuctuc.ee\/en\/#\/schema\/logo\/image\/","url":"https:\/\/i0.wp.com\/tuctuc.ee\/wp-content\/uploads\/2023\/10\/logo-164933761541.png?fit=109%2C122&ssl=1","contentUrl":"https:\/\/i0.wp.com\/tuctuc.ee\/wp-content\/uploads\/2023\/10\/logo-164933761541.png?fit=109%2C122&ssl=1","width":109,"height":122,"caption":"TucTuc Eesti"},"image":{"@id":"https:\/\/tuctuc.ee\/en\/#\/schema\/logo\/image\/"}}]}},"jetpack_sharing_enabled":true,"_links":{"self":[{"href":"https:\/\/tuctuc.ee\/en\/wp-json\/wp\/v2\/product\/1007311","targetHints":{"allow":["GET"]}}],"collection":[{"href":"https:\/\/tuctuc.ee\/en\/wp-json\/wp\/v2\/product"}],"about":[{"href":"https:\/\/tuctuc.ee\/en\/wp-json\/wp\/v2\/types\/product"}],"replies":[{"embeddable":true,"href":"https:\/\/tuctuc.ee\/en\/wp-json\/wp\/v2\/comments?post=1007311"}],"version-history":[{"count":1,"href":"https:\/\/tuctuc.ee\/en\/wp-json\/wp\/v2\/product\/1007311\/revisions"}],"predecessor-version":[{"id":1007325,"href":"https:\/\/tuctuc.ee\/en\/wp-json\/wp\/v2\/product\/1007311\/revisions\/1007325"}],"wp:featuredmedia":[{"embeddable":true,"href":"https:\/\/tuctuc.ee\/en\/wp-json\/wp\/v2\/media\/1007323"}],"wp:attachment":[{"href":"https:\/\/tuctuc.ee\/en\/wp-json\/wp\/v2\/media?parent=1007311"}],"wp:term":[{"taxonomy":"product_cat","embeddable":true,"href":"https:\/\/tuctuc.ee\/en\/wp-json\/wp\/v2\/product_cat?post=1007311"},{"taxonomy":"product_tag","embeddable":true,"href":"https:\/\/tuctuc.ee\/en\/wp-json\/wp\/v2\/product_tag?post=1007311"}],"curies":[{"name":"wp","href":"https:\/\/api.w.org\/{rel}","templated":true}]}}