{"id":1006801,"date":"2025-09-07T14:02:08","date_gmt":"2025-09-07T11:02:08","guid":{"rendered":"https:\/\/tuctuc.ee\/?post_type=product&#038;p=1006801"},"modified":"2025-09-07T14:04:41","modified_gmt":"2025-09-07T11:04:41","slug":"nelja-miniatuurse-juukseklambri-pakk-tudrukutele-4tk","status":"publish","type":"product","link":"https:\/\/tuctuc.ee\/en\/toode\/nelja-miniatuurse-juukseklambri-pakk-tudrukutele-4tk\/","title":{"rendered":"Nelja miniatuurse juukseklambri pakk t\u00fcdrukutele, 4tk"},"content":{"rendered":"<div class=\"vgblk-rw-wrapper limit-wrapper\">\n<p id=\"tw-target-text\" class=\"tw-data-text tw-text-large tw-ta\" dir=\"ltr\" role=\"text\" data-placeholder=\"Translation\" data-ved=\"2ahUKEwjX2-6ti8aPAxUW2SoKHXWpEfYQ3ewLegQIChAV\" aria-label=\"Translated text: Nelja miniatuurse juukseklambri pakk t\u00fcdrukutele, mis on kujundatud krooni kujul ja saadaval erksates v\u00e4rvides nagu roosa, punane, must ja h\u00f5bedane. Iga konks on kaunistatud peene s\u00e4delusega, mis lisab igale soengule v\u00f5lu ja l\u00f5busust. Need v\u00e4ikesed aksessuaarid sobivad ideaalselt juuste turvaliseks ja stiilseks \u00fcleval hoidmiseks, sobides ideaalselt nii igap\u00e4evaseks kasutamiseks kui ka erilisteks s\u00fcndmusteks.\"><span class=\"Y2IQFc\" lang=\"et\">Nelja miniatuurse juukseklambri pakk t\u00fcdrukutele, mis on kujundatud krooni kujul ja saadaval erksates v\u00e4rvides nagu roosa, punane, must ja h\u00f5bedane. Iga konks on kaunistatud peene s\u00e4delusega, mis lisab igale soengule v\u00f5lu ja l\u00f5busust. Need v\u00e4ikesed aksessuaarid sobivad ideaalselt juuste turvaliseks ja stiilseks \u00fcleval hoidmiseks, sobides ideaalselt nii igap\u00e4evaseks kasutamiseks kui ka erilisteks s\u00fcndmusteks.<\/span><\/p>\n<\/div>\n<p><!-- .vgblk-rw-wrapper --><\/p>\n","protected":false},"excerpt":{"rendered":"<p>Nelja miniatuurse juukseklambri pakk t\u00fcdrukutele, mis on kujundatud krooni kujul ja saadaval erksates v\u00e4rvides nagu roosa, punane, must ja h\u00f5bedane. Iga konks on kaunistatud peene s\u00e4delusega, mis lisab igale soengule v\u00f5lu ja l\u00f5busust. Need v\u00e4ikesed aksessuaarid sobivad ideaalselt juuste turvaliseks ja stiilseks \u00fcleval hoidmiseks, sobides ideaalselt nii igap\u00e4evaseks kasutamiseks kui ka erilisteks s\u00fcndmusteks.<\/p>\n","protected":false},"featured_media":1006803,"comment_status":"open","ping_status":"closed","template":"","meta":{"_themeisle_gutenberg_block_has_review":false},"product_cat":[445,315,595,318],"product_tag":[],"class_list":["post-1006801","product","type-product","status-publish","has-post-thumbnail","hentry","product_cat-aksessuaarid","product_cat-beebitudrukud","product_cat-juukseklambrid","product_cat-tudrukud"],"yoast_head":"<!-- This site is optimized with the Yoast SEO plugin v21.5 - https:\/\/yoast.com\/wordpress\/plugins\/seo\/ -->\n<title>Nelja miniatuurse juukseklambri pakk t\u00fcdrukutele, 4tk - TucTuc Eesti<\/title>\n<meta name=\"robots\" content=\"index, follow, max-snippet:-1, max-image-preview:large, max-video-preview:-1\" \/>\n<link rel=\"canonical\" href=\"https:\/\/tuctuc.ee\/en\/toode\/nelja-miniatuurse-juukseklambri-pakk-tudrukutele-4tk\/\" \/>\n<meta property=\"og:locale\" content=\"en_US\" \/>\n<meta property=\"og:type\" content=\"article\" \/>\n<meta property=\"og:title\" content=\"Nelja miniatuurse juukseklambri pakk t\u00fcdrukutele, 4tk - TucTuc Eesti\" \/>\n<meta property=\"og:description\" content=\"Nelja miniatuurse juukseklambri pakk t\u00fcdrukutele, mis on kujundatud krooni kujul ja saadaval erksates v\u00e4rvides nagu roosa, punane, must ja h\u00f5bedane. Iga konks on kaunistatud peene s\u00e4delusega, mis lisab igale soengule v\u00f5lu ja l\u00f5busust. Need v\u00e4ikesed aksessuaarid sobivad ideaalselt juuste turvaliseks ja stiilseks \u00fcleval hoidmiseks, sobides ideaalselt nii igap\u00e4evaseks kasutamiseks kui ka erilisteks s\u00fcndmusteks.\" \/>\n<meta property=\"og:url\" content=\"https:\/\/tuctuc.ee\/en\/toode\/nelja-miniatuurse-juukseklambri-pakk-tudrukutele-4tk\/\" \/>\n<meta property=\"og:site_name\" content=\"TucTuc Eesti\" \/>\n<meta property=\"article:modified_time\" content=\"2025-09-07T11:04:41+00:00\" \/>\n<meta property=\"og:image\" content=\"https:\/\/tuctuc.ee\/wp-content\/uploads\/2025\/09\/11379983.webp\" \/>\n\t<meta property=\"og:image:width\" content=\"722\" \/>\n\t<meta property=\"og:image:height\" content=\"896\" \/>\n\t<meta property=\"og:image:type\" content=\"image\/webp\" \/>\n<meta name=\"twitter:card\" content=\"summary_large_image\" \/>\n<meta name=\"twitter:label1\" content=\"Est. reading time\" \/>\n\t<meta name=\"twitter:data1\" content=\"1 minute\" \/>\n<script type=\"application\/ld+json\" class=\"yoast-schema-graph\">{\"@context\":\"https:\/\/schema.org\",\"@graph\":[{\"@type\":\"WebPage\",\"@id\":\"https:\/\/tuctuc.ee\/en\/toode\/nelja-miniatuurse-juukseklambri-pakk-tudrukutele-4tk\/\",\"url\":\"https:\/\/tuctuc.ee\/en\/toode\/nelja-miniatuurse-juukseklambri-pakk-tudrukutele-4tk\/\",\"name\":\"Nelja miniatuurse juukseklambri pakk t\u00fcdrukutele, 4tk - TucTuc Eesti\",\"isPartOf\":{\"@id\":\"https:\/\/tuctuc.ee\/en\/#website\"},\"datePublished\":\"2025-09-07T11:02:08+00:00\",\"dateModified\":\"2025-09-07T11:04:41+00:00\",\"breadcrumb\":{\"@id\":\"https:\/\/tuctuc.ee\/en\/toode\/nelja-miniatuurse-juukseklambri-pakk-tudrukutele-4tk\/#breadcrumb\"},\"inLanguage\":\"en-US\",\"potentialAction\":[{\"@type\":\"ReadAction\",\"target\":[\"https:\/\/tuctuc.ee\/en\/toode\/nelja-miniatuurse-juukseklambri-pakk-tudrukutele-4tk\/\"]}]},{\"@type\":\"BreadcrumbList\",\"@id\":\"https:\/\/tuctuc.ee\/en\/toode\/nelja-miniatuurse-juukseklambri-pakk-tudrukutele-4tk\/#breadcrumb\",\"itemListElement\":[{\"@type\":\"ListItem\",\"position\":1,\"name\":\"Home\",\"item\":\"https:\/\/tuctuc.ee\/en\/?page_id=269\"},{\"@type\":\"ListItem\",\"position\":2,\"name\":\"Shop\",\"item\":\"https:\/\/tuctuc.ee\/shop\/\"},{\"@type\":\"ListItem\",\"position\":3,\"name\":\"Nelja miniatuurse juukseklambri pakk t\u00fcdrukutele, 4tk\"}]},{\"@type\":\"WebSite\",\"@id\":\"https:\/\/tuctuc.ee\/en\/#website\",\"url\":\"https:\/\/tuctuc.ee\/en\/\",\"name\":\"TucTuc Eesti\",\"description\":\"Eesti laster\u00f5ivaste veebipood - Stiilsed riided lastele igale vanusele. Avastage meie valikut n\u00fc\u00fcd!\",\"publisher\":{\"@id\":\"https:\/\/tuctuc.ee\/en\/#organization\"},\"potentialAction\":[{\"@type\":\"SearchAction\",\"target\":{\"@type\":\"EntryPoint\",\"urlTemplate\":\"https:\/\/tuctuc.ee\/en\/?s={search_term_string}\"},\"query-input\":\"required name=search_term_string\"}],\"inLanguage\":\"en-US\"},{\"@type\":\"Organization\",\"@id\":\"https:\/\/tuctuc.ee\/en\/#organization\",\"name\":\"TucTuc Eesti\",\"url\":\"https:\/\/tuctuc.ee\/en\/\",\"logo\":{\"@type\":\"ImageObject\",\"inLanguage\":\"en-US\",\"@id\":\"https:\/\/tuctuc.ee\/en\/#\/schema\/logo\/image\/\",\"url\":\"https:\/\/i0.wp.com\/tuctuc.ee\/wp-content\/uploads\/2023\/10\/logo-164933761541.png?fit=109%2C122&ssl=1\",\"contentUrl\":\"https:\/\/i0.wp.com\/tuctuc.ee\/wp-content\/uploads\/2023\/10\/logo-164933761541.png?fit=109%2C122&ssl=1\",\"width\":109,\"height\":122,\"caption\":\"TucTuc Eesti\"},\"image\":{\"@id\":\"https:\/\/tuctuc.ee\/en\/#\/schema\/logo\/image\/\"}}]}<\/script>\n<!-- \/ Yoast SEO plugin. -->","yoast_head_json":{"title":"Nelja miniatuurse juukseklambri pakk t\u00fcdrukutele, 4tk - TucTuc Eesti","robots":{"index":"index","follow":"follow","max-snippet":"max-snippet:-1","max-image-preview":"max-image-preview:large","max-video-preview":"max-video-preview:-1"},"canonical":"https:\/\/tuctuc.ee\/en\/toode\/nelja-miniatuurse-juukseklambri-pakk-tudrukutele-4tk\/","og_locale":"en_US","og_type":"article","og_title":"Nelja miniatuurse juukseklambri pakk t\u00fcdrukutele, 4tk - TucTuc Eesti","og_description":"Nelja miniatuurse juukseklambri pakk t\u00fcdrukutele, mis on kujundatud krooni kujul ja saadaval erksates v\u00e4rvides nagu roosa, punane, must ja h\u00f5bedane. Iga konks on kaunistatud peene s\u00e4delusega, mis lisab igale soengule v\u00f5lu ja l\u00f5busust. Need v\u00e4ikesed aksessuaarid sobivad ideaalselt juuste turvaliseks ja stiilseks \u00fcleval hoidmiseks, sobides ideaalselt nii igap\u00e4evaseks kasutamiseks kui ka erilisteks s\u00fcndmusteks.","og_url":"https:\/\/tuctuc.ee\/en\/toode\/nelja-miniatuurse-juukseklambri-pakk-tudrukutele-4tk\/","og_site_name":"TucTuc Eesti","article_modified_time":"2025-09-07T11:04:41+00:00","og_image":[{"width":722,"height":896,"url":"https:\/\/tuctuc.ee\/wp-content\/uploads\/2025\/09\/11379983.webp","type":"image\/webp"}],"twitter_card":"summary_large_image","twitter_misc":{"Est. reading time":"1 minute"},"schema":{"@context":"https:\/\/schema.org","@graph":[{"@type":"WebPage","@id":"https:\/\/tuctuc.ee\/en\/toode\/nelja-miniatuurse-juukseklambri-pakk-tudrukutele-4tk\/","url":"https:\/\/tuctuc.ee\/en\/toode\/nelja-miniatuurse-juukseklambri-pakk-tudrukutele-4tk\/","name":"Nelja miniatuurse juukseklambri pakk t\u00fcdrukutele, 4tk - TucTuc Eesti","isPartOf":{"@id":"https:\/\/tuctuc.ee\/en\/#website"},"datePublished":"2025-09-07T11:02:08+00:00","dateModified":"2025-09-07T11:04:41+00:00","breadcrumb":{"@id":"https:\/\/tuctuc.ee\/en\/toode\/nelja-miniatuurse-juukseklambri-pakk-tudrukutele-4tk\/#breadcrumb"},"inLanguage":"en-US","potentialAction":[{"@type":"ReadAction","target":["https:\/\/tuctuc.ee\/en\/toode\/nelja-miniatuurse-juukseklambri-pakk-tudrukutele-4tk\/"]}]},{"@type":"BreadcrumbList","@id":"https:\/\/tuctuc.ee\/en\/toode\/nelja-miniatuurse-juukseklambri-pakk-tudrukutele-4tk\/#breadcrumb","itemListElement":[{"@type":"ListItem","position":1,"name":"Home","item":"https:\/\/tuctuc.ee\/en\/?page_id=269"},{"@type":"ListItem","position":2,"name":"Shop","item":"https:\/\/tuctuc.ee\/shop\/"},{"@type":"ListItem","position":3,"name":"Nelja miniatuurse juukseklambri pakk t\u00fcdrukutele, 4tk"}]},{"@type":"WebSite","@id":"https:\/\/tuctuc.ee\/en\/#website","url":"https:\/\/tuctuc.ee\/en\/","name":"TucTuc Eesti","description":"Eesti laster\u00f5ivaste veebipood - Stiilsed riided lastele igale vanusele. Avastage meie valikut n\u00fc\u00fcd!","publisher":{"@id":"https:\/\/tuctuc.ee\/en\/#organization"},"potentialAction":[{"@type":"SearchAction","target":{"@type":"EntryPoint","urlTemplate":"https:\/\/tuctuc.ee\/en\/?s={search_term_string}"},"query-input":"required name=search_term_string"}],"inLanguage":"en-US"},{"@type":"Organization","@id":"https:\/\/tuctuc.ee\/en\/#organization","name":"TucTuc Eesti","url":"https:\/\/tuctuc.ee\/en\/","logo":{"@type":"ImageObject","inLanguage":"en-US","@id":"https:\/\/tuctuc.ee\/en\/#\/schema\/logo\/image\/","url":"https:\/\/i0.wp.com\/tuctuc.ee\/wp-content\/uploads\/2023\/10\/logo-164933761541.png?fit=109%2C122&ssl=1","contentUrl":"https:\/\/i0.wp.com\/tuctuc.ee\/wp-content\/uploads\/2023\/10\/logo-164933761541.png?fit=109%2C122&ssl=1","width":109,"height":122,"caption":"TucTuc Eesti"},"image":{"@id":"https:\/\/tuctuc.ee\/en\/#\/schema\/logo\/image\/"}}]}},"jetpack_sharing_enabled":true,"_links":{"self":[{"href":"https:\/\/tuctuc.ee\/en\/wp-json\/wp\/v2\/product\/1006801","targetHints":{"allow":["GET"]}}],"collection":[{"href":"https:\/\/tuctuc.ee\/en\/wp-json\/wp\/v2\/product"}],"about":[{"href":"https:\/\/tuctuc.ee\/en\/wp-json\/wp\/v2\/types\/product"}],"replies":[{"embeddable":true,"href":"https:\/\/tuctuc.ee\/en\/wp-json\/wp\/v2\/comments?post=1006801"}],"version-history":[{"count":1,"href":"https:\/\/tuctuc.ee\/en\/wp-json\/wp\/v2\/product\/1006801\/revisions"}],"predecessor-version":[{"id":1006805,"href":"https:\/\/tuctuc.ee\/en\/wp-json\/wp\/v2\/product\/1006801\/revisions\/1006805"}],"wp:featuredmedia":[{"embeddable":true,"href":"https:\/\/tuctuc.ee\/en\/wp-json\/wp\/v2\/media\/1006803"}],"wp:attachment":[{"href":"https:\/\/tuctuc.ee\/en\/wp-json\/wp\/v2\/media?parent=1006801"}],"wp:term":[{"taxonomy":"product_cat","embeddable":true,"href":"https:\/\/tuctuc.ee\/en\/wp-json\/wp\/v2\/product_cat?post=1006801"},{"taxonomy":"product_tag","embeddable":true,"href":"https:\/\/tuctuc.ee\/en\/wp-json\/wp\/v2\/product_tag?post=1006801"}],"curies":[{"name":"wp","href":"https:\/\/api.w.org\/{rel}","templated":true}]}}