{"id":1006782,"date":"2025-09-07T13:35:35","date_gmt":"2025-09-07T10:35:35","guid":{"rendered":"https:\/\/tuctuc.ee\/?post_type=product&#038;p=1006782"},"modified":"2025-09-07T13:41:17","modified_gmt":"2025-09-07T10:41:17","slug":"tudrukute-juukseklambride-pakk-4tk","status":"publish","type":"product","link":"https:\/\/tuctuc.ee\/en\/toode\/tudrukute-juukseklambride-pakk-4tk\/","title":{"rendered":"T\u00fcdrukute juukseklambride pakk, 4tk"},"content":{"rendered":"<div class=\"vgblk-rw-wrapper limit-wrapper\">\n<div id=\"tw-container\" class=\"nev7se\" data-cp=\"1\" data-nnttsvi=\"1\" data-ntl-fpwrite=\"true\" data-sletp=\"false\" data-ssbp=\"false\" data-sugg-time=\"500\" data-sugg-url=\"https:\/\/clients1.google.com\/complete\/search\" data-uilc=\"en\" data-vil=\",af,af-ZA,am,am-ET,ar-EG,ar-AE,ar-KW,ar-QA,ar,ar-IL,ar-JO,ar-LB,ar-PS,az,az-AZ,bg,bg-BG,bn,bn-BD,bn-IN,ca,ca-es,cs,cs-CZ,de,de-DE,de-CH,de-AT,de-LI,en,en-US,en-CA,en-AU,en-NZ,en-GB,en-IN,en-KE,en-TZ,en-NG,en-GH,en-PH,en-ZA,es,es-ES,es-AR,es-UY,es-419,es-BO,es-CL,es-CR,es-CO,es-DO,es-EC,es-GT,es-HN,es-NI,es-PA,es-PE,es-PR,es-PY,es-SV,es-VE,es-MX,es-US,eu,eu-ES,fi,fi-FI,fr,fr-FR,fr-CH,fr-BE,gl,gl-ES,gu,gu-IN,he,he-IL,iw,iw-IL,hu,hu-HU,hy,hy-AM,id,id-ID,is,is-IS,it,it-IT,it-CH,ja,ja-JP,jv,jv-ID,ka,ka-GE,km,km-KH,kn,kn-IN,ko,ko-KR,la,lo,lo-LA,lv,lv-LV,ml,ml-IN,mr,mr-IN,ms,ms-MY,nl,nl-NL,nb,nb-NO,ne,ne-NP,pl,pl-PL,pt,pt-BR,pt-PT,ro,ro-RO,ru,ru-RU,si-LK,sk,sk-SK,sr,sr-RS,su,su-ID,sv,sv-SE,sw,sw-TZ,sw-KE,ta,ta-IN,ta-SG,ta-LK,ta-MY,te,te-IN,tr,tr-TR,ur,ur-PK,ur-IN,yue,yue-HK,yue-Hant-HK,zh-HK,zh,zh-CN,zh-cmn,zh-cmn-CN,zh-Hans,zh-Hans-CN,zh-cmn-Hans,zh-cmn-Hans-CN,cmn-CN,cmn-Hans,cmn-Hans-CN,zh-TW,zh-Hant-TW,cmn-TW,cmn-Hant-TW,zh-cmn-TW,zh-cmn-Hant-TW,zu,zu-ZA,hi,hi-IN,tl,tl-PH,pa,pa-IN\">\n<div id=\"tw-ob\" class=\"tw-src-ltr\">\n<div class=\"oSioSc\">\n<div id=\"tw-target\">\n<div id=\"kAz1tf\" class=\"g9WsWb PZPZlf\" data-attrid=\"tw-targetArea\" data-entityname=\"Google Translate\">\n<div id=\"tw-target-text-container\" class=\"tw-ta-container tw-nfl\" role=\"text\">\n<p id=\"tw-target-text\" class=\"tw-data-text tw-text-large tw-ta\" dir=\"ltr\" role=\"text\" data-placeholder=\"Translation\" data-ved=\"2ahUKEwjX2-6ti8aPAxUW2SoKHXWpEfYQ3ewLegQIChAV\" aria-label=\"Translated text: Kahe t\u00fcdrukutele m\u00f5eldud juukseklambri pakk, mis on kaunistatud erksates fuksia ja t\u00fcrkiissinistes toonides helmestega. Need juukseklambrid on praktilised mitte ainult juuste paigal hoidmiseks, vaid lisavad ka igale soengule v\u00e4rvi ja stiili. Moodsa ja l\u00f5busa disainiga sobivad need ideaalselt nii igap\u00e4evaseks kui ka erilisteks s\u00fcndmusteks. Klambrikinnitus tagab kindla ja mugava hoidmise.\"><span class=\"Y2IQFc\" lang=\"et\">T\u00fcdrukutele m\u00f5eldud juukseklambri pakk, mis on kaunistatud erksates fuksia ja t\u00fcrkiissinistes toonides helmestega. Need juukseklambrid on praktilised mitte ainult juuste paigal hoidmiseks, vaid lisavad ka igale soengule v\u00e4rvi ja stiili. Moodsa ja l\u00f5busa disainiga sobivad need ideaalselt nii igap\u00e4evaseks kui ka erilisteks s\u00fcndmusteks. Klambrikinnitus tagab kindla ja mugava hoidmise.<\/span><\/p>\n<\/div>\n<\/div>\n<\/div>\n<\/div>\n<\/div>\n<\/div>\n<\/div>\n<p><!-- .vgblk-rw-wrapper --><\/p>\n","protected":false},"excerpt":{"rendered":"<p>T\u00fcdrukutele m\u00f5eldud juukseklambri pakk, mis on kaunistatud erksates fuksia ja t\u00fcrkiissinistes toonides helmestega. Need juukseklambrid on praktilised mitte ainult juuste paigal hoidmiseks, vaid lisavad ka igale soengule v\u00e4rvi ja stiili. Moodsa ja l\u00f5busa disainiga sobivad need ideaalselt nii igap\u00e4evaseks kui ka erilisteks s\u00fcndmusteks. Klambrikinnitus tagab kindla ja mugava hoidmise.<\/p>\n","protected":false},"featured_media":1006784,"comment_status":"open","ping_status":"closed","template":"","meta":{"_themeisle_gutenberg_block_has_review":false},"product_cat":[445,315,595,318],"product_tag":[],"class_list":["post-1006782","product","type-product","status-publish","has-post-thumbnail","hentry","product_cat-aksessuaarid","product_cat-beebitudrukud","product_cat-juukseklambrid","product_cat-tudrukud"],"yoast_head":"<!-- This site is optimized with the Yoast SEO plugin v21.5 - https:\/\/yoast.com\/wordpress\/plugins\/seo\/ -->\n<title>T\u00fcdrukute juukseklambride pakk, 4tk - TucTuc Eesti<\/title>\n<meta name=\"robots\" content=\"index, follow, max-snippet:-1, max-image-preview:large, max-video-preview:-1\" \/>\n<link rel=\"canonical\" href=\"https:\/\/tuctuc.ee\/en\/toode\/tudrukute-juukseklambride-pakk-4tk\/\" \/>\n<meta property=\"og:locale\" content=\"en_US\" \/>\n<meta property=\"og:type\" content=\"article\" \/>\n<meta property=\"og:title\" content=\"T\u00fcdrukute juukseklambride pakk, 4tk - TucTuc Eesti\" \/>\n<meta property=\"og:description\" content=\"T\u00fcdrukutele m\u00f5eldud juukseklambri pakk, mis on kaunistatud erksates fuksia ja t\u00fcrkiissinistes toonides helmestega. Need juukseklambrid on praktilised mitte ainult juuste paigal hoidmiseks, vaid lisavad ka igale soengule v\u00e4rvi ja stiili. Moodsa ja l\u00f5busa disainiga sobivad need ideaalselt nii igap\u00e4evaseks kui ka erilisteks s\u00fcndmusteks. Klambrikinnitus tagab kindla ja mugava hoidmise.\" \/>\n<meta property=\"og:url\" content=\"https:\/\/tuctuc.ee\/en\/toode\/tudrukute-juukseklambride-pakk-4tk\/\" \/>\n<meta property=\"og:site_name\" content=\"TucTuc Eesti\" \/>\n<meta property=\"article:modified_time\" content=\"2025-09-07T10:41:17+00:00\" \/>\n<meta property=\"og:image\" content=\"https:\/\/tuctuc.ee\/wp-content\/uploads\/2025\/09\/11379984_1.webp\" \/>\n\t<meta property=\"og:image:width\" content=\"722\" \/>\n\t<meta property=\"og:image:height\" content=\"896\" \/>\n\t<meta property=\"og:image:type\" content=\"image\/webp\" \/>\n<meta name=\"twitter:card\" content=\"summary_large_image\" \/>\n<meta name=\"twitter:label1\" content=\"Est. reading time\" \/>\n\t<meta name=\"twitter:data1\" content=\"1 minute\" \/>\n<script type=\"application\/ld+json\" class=\"yoast-schema-graph\">{\"@context\":\"https:\/\/schema.org\",\"@graph\":[{\"@type\":\"WebPage\",\"@id\":\"https:\/\/tuctuc.ee\/en\/toode\/tudrukute-juukseklambride-pakk-4tk\/\",\"url\":\"https:\/\/tuctuc.ee\/en\/toode\/tudrukute-juukseklambride-pakk-4tk\/\",\"name\":\"T\u00fcdrukute juukseklambride pakk, 4tk - TucTuc Eesti\",\"isPartOf\":{\"@id\":\"https:\/\/tuctuc.ee\/en\/#website\"},\"datePublished\":\"2025-09-07T10:35:35+00:00\",\"dateModified\":\"2025-09-07T10:41:17+00:00\",\"breadcrumb\":{\"@id\":\"https:\/\/tuctuc.ee\/en\/toode\/tudrukute-juukseklambride-pakk-4tk\/#breadcrumb\"},\"inLanguage\":\"en-US\",\"potentialAction\":[{\"@type\":\"ReadAction\",\"target\":[\"https:\/\/tuctuc.ee\/en\/toode\/tudrukute-juukseklambride-pakk-4tk\/\"]}]},{\"@type\":\"BreadcrumbList\",\"@id\":\"https:\/\/tuctuc.ee\/en\/toode\/tudrukute-juukseklambride-pakk-4tk\/#breadcrumb\",\"itemListElement\":[{\"@type\":\"ListItem\",\"position\":1,\"name\":\"Home\",\"item\":\"https:\/\/tuctuc.ee\/en\/?page_id=269\"},{\"@type\":\"ListItem\",\"position\":2,\"name\":\"Shop\",\"item\":\"https:\/\/tuctuc.ee\/shop\/\"},{\"@type\":\"ListItem\",\"position\":3,\"name\":\"T\u00fcdrukute juukseklambride pakk, 4tk\"}]},{\"@type\":\"WebSite\",\"@id\":\"https:\/\/tuctuc.ee\/en\/#website\",\"url\":\"https:\/\/tuctuc.ee\/en\/\",\"name\":\"TucTuc Eesti\",\"description\":\"Eesti laster\u00f5ivaste veebipood - Stiilsed riided lastele igale vanusele. Avastage meie valikut n\u00fc\u00fcd!\",\"publisher\":{\"@id\":\"https:\/\/tuctuc.ee\/en\/#organization\"},\"potentialAction\":[{\"@type\":\"SearchAction\",\"target\":{\"@type\":\"EntryPoint\",\"urlTemplate\":\"https:\/\/tuctuc.ee\/en\/?s={search_term_string}\"},\"query-input\":\"required name=search_term_string\"}],\"inLanguage\":\"en-US\"},{\"@type\":\"Organization\",\"@id\":\"https:\/\/tuctuc.ee\/en\/#organization\",\"name\":\"TucTuc Eesti\",\"url\":\"https:\/\/tuctuc.ee\/en\/\",\"logo\":{\"@type\":\"ImageObject\",\"inLanguage\":\"en-US\",\"@id\":\"https:\/\/tuctuc.ee\/en\/#\/schema\/logo\/image\/\",\"url\":\"https:\/\/i0.wp.com\/tuctuc.ee\/wp-content\/uploads\/2023\/10\/logo-164933761541.png?fit=109%2C122&ssl=1\",\"contentUrl\":\"https:\/\/i0.wp.com\/tuctuc.ee\/wp-content\/uploads\/2023\/10\/logo-164933761541.png?fit=109%2C122&ssl=1\",\"width\":109,\"height\":122,\"caption\":\"TucTuc Eesti\"},\"image\":{\"@id\":\"https:\/\/tuctuc.ee\/en\/#\/schema\/logo\/image\/\"}}]}<\/script>\n<!-- \/ Yoast SEO plugin. -->","yoast_head_json":{"title":"T\u00fcdrukute juukseklambride pakk, 4tk - TucTuc Eesti","robots":{"index":"index","follow":"follow","max-snippet":"max-snippet:-1","max-image-preview":"max-image-preview:large","max-video-preview":"max-video-preview:-1"},"canonical":"https:\/\/tuctuc.ee\/en\/toode\/tudrukute-juukseklambride-pakk-4tk\/","og_locale":"en_US","og_type":"article","og_title":"T\u00fcdrukute juukseklambride pakk, 4tk - TucTuc Eesti","og_description":"T\u00fcdrukutele m\u00f5eldud juukseklambri pakk, mis on kaunistatud erksates fuksia ja t\u00fcrkiissinistes toonides helmestega. Need juukseklambrid on praktilised mitte ainult juuste paigal hoidmiseks, vaid lisavad ka igale soengule v\u00e4rvi ja stiili. Moodsa ja l\u00f5busa disainiga sobivad need ideaalselt nii igap\u00e4evaseks kui ka erilisteks s\u00fcndmusteks. Klambrikinnitus tagab kindla ja mugava hoidmise.","og_url":"https:\/\/tuctuc.ee\/en\/toode\/tudrukute-juukseklambride-pakk-4tk\/","og_site_name":"TucTuc Eesti","article_modified_time":"2025-09-07T10:41:17+00:00","og_image":[{"width":722,"height":896,"url":"https:\/\/tuctuc.ee\/wp-content\/uploads\/2025\/09\/11379984_1.webp","type":"image\/webp"}],"twitter_card":"summary_large_image","twitter_misc":{"Est. reading time":"1 minute"},"schema":{"@context":"https:\/\/schema.org","@graph":[{"@type":"WebPage","@id":"https:\/\/tuctuc.ee\/en\/toode\/tudrukute-juukseklambride-pakk-4tk\/","url":"https:\/\/tuctuc.ee\/en\/toode\/tudrukute-juukseklambride-pakk-4tk\/","name":"T\u00fcdrukute juukseklambride pakk, 4tk - TucTuc Eesti","isPartOf":{"@id":"https:\/\/tuctuc.ee\/en\/#website"},"datePublished":"2025-09-07T10:35:35+00:00","dateModified":"2025-09-07T10:41:17+00:00","breadcrumb":{"@id":"https:\/\/tuctuc.ee\/en\/toode\/tudrukute-juukseklambride-pakk-4tk\/#breadcrumb"},"inLanguage":"en-US","potentialAction":[{"@type":"ReadAction","target":["https:\/\/tuctuc.ee\/en\/toode\/tudrukute-juukseklambride-pakk-4tk\/"]}]},{"@type":"BreadcrumbList","@id":"https:\/\/tuctuc.ee\/en\/toode\/tudrukute-juukseklambride-pakk-4tk\/#breadcrumb","itemListElement":[{"@type":"ListItem","position":1,"name":"Home","item":"https:\/\/tuctuc.ee\/en\/?page_id=269"},{"@type":"ListItem","position":2,"name":"Shop","item":"https:\/\/tuctuc.ee\/shop\/"},{"@type":"ListItem","position":3,"name":"T\u00fcdrukute juukseklambride pakk, 4tk"}]},{"@type":"WebSite","@id":"https:\/\/tuctuc.ee\/en\/#website","url":"https:\/\/tuctuc.ee\/en\/","name":"TucTuc Eesti","description":"Eesti laster\u00f5ivaste veebipood - Stiilsed riided lastele igale vanusele. Avastage meie valikut n\u00fc\u00fcd!","publisher":{"@id":"https:\/\/tuctuc.ee\/en\/#organization"},"potentialAction":[{"@type":"SearchAction","target":{"@type":"EntryPoint","urlTemplate":"https:\/\/tuctuc.ee\/en\/?s={search_term_string}"},"query-input":"required name=search_term_string"}],"inLanguage":"en-US"},{"@type":"Organization","@id":"https:\/\/tuctuc.ee\/en\/#organization","name":"TucTuc Eesti","url":"https:\/\/tuctuc.ee\/en\/","logo":{"@type":"ImageObject","inLanguage":"en-US","@id":"https:\/\/tuctuc.ee\/en\/#\/schema\/logo\/image\/","url":"https:\/\/i0.wp.com\/tuctuc.ee\/wp-content\/uploads\/2023\/10\/logo-164933761541.png?fit=109%2C122&ssl=1","contentUrl":"https:\/\/i0.wp.com\/tuctuc.ee\/wp-content\/uploads\/2023\/10\/logo-164933761541.png?fit=109%2C122&ssl=1","width":109,"height":122,"caption":"TucTuc Eesti"},"image":{"@id":"https:\/\/tuctuc.ee\/en\/#\/schema\/logo\/image\/"}}]}},"jetpack_sharing_enabled":true,"_links":{"self":[{"href":"https:\/\/tuctuc.ee\/en\/wp-json\/wp\/v2\/product\/1006782","targetHints":{"allow":["GET"]}}],"collection":[{"href":"https:\/\/tuctuc.ee\/en\/wp-json\/wp\/v2\/product"}],"about":[{"href":"https:\/\/tuctuc.ee\/en\/wp-json\/wp\/v2\/types\/product"}],"replies":[{"embeddable":true,"href":"https:\/\/tuctuc.ee\/en\/wp-json\/wp\/v2\/comments?post=1006782"}],"version-history":[{"count":3,"href":"https:\/\/tuctuc.ee\/en\/wp-json\/wp\/v2\/product\/1006782\/revisions"}],"predecessor-version":[{"id":1006788,"href":"https:\/\/tuctuc.ee\/en\/wp-json\/wp\/v2\/product\/1006782\/revisions\/1006788"}],"wp:featuredmedia":[{"embeddable":true,"href":"https:\/\/tuctuc.ee\/en\/wp-json\/wp\/v2\/media\/1006784"}],"wp:attachment":[{"href":"https:\/\/tuctuc.ee\/en\/wp-json\/wp\/v2\/media?parent=1006782"}],"wp:term":[{"taxonomy":"product_cat","embeddable":true,"href":"https:\/\/tuctuc.ee\/en\/wp-json\/wp\/v2\/product_cat?post=1006782"},{"taxonomy":"product_tag","embeddable":true,"href":"https:\/\/tuctuc.ee\/en\/wp-json\/wp\/v2\/product_tag?post=1006782"}],"curies":[{"name":"wp","href":"https:\/\/api.w.org\/{rel}","templated":true}]}}