{"id":1006361,"date":"2025-08-02T16:31:26","date_gmt":"2025-08-02T13:31:26","guid":{"rendered":"https:\/\/tuctuc.ee\/?post_type=product&#038;p=1006361"},"modified":"2026-01-26T19:11:56","modified_gmt":"2026-01-26T16:11:56","slug":"pastellroosa-kootud-tudrukute-seelik","status":"publish","type":"product","link":"https:\/\/tuctuc.ee\/en\/toode\/pastellroosa-kootud-tudrukute-seelik\/","title":{"rendered":"Pastellroosa kootud t\u00fcdrukute seelik"},"content":{"rendered":"<div class=\"vgblk-rw-wrapper limit-wrapper\">\n<p id=\"tw-target-text\" class=\"tw-data-text tw-text-large tw-ta\" dir=\"ltr\" data-placeholder=\"Translation\" data-ved=\"2ahUKEwiE6JDq6uuOAxVOPhAIHTv7HCwQ3ewLegQICRAV\" aria-label=\"Translated text: Pastellroosa kootud t\u00fcdrukute seelik, millel on v\u00f5luv disain s\u00fcdamekujuliste dekoratiivsete n\u00f6\u00f6pidega ees. Sisaldab kahte avarat esitaskut ja tikitud dekoratiivset detaili, mis lisab erilise h\u00f5ngu. Valmistatud vastupidavast ja mugavast kangast.\"><span class=\"Y2IQFc\" lang=\"et\">Pastellroosa kootud t\u00fcdrukute seelik, millel on v\u00f5luv disain s\u00fcdamekujuliste dekoratiivsete n\u00f6\u00f6pidega ees. Sisaldab kahte avarat esitaskut ja tikitud dekoratiivset detaili, mis lisab erilise h\u00f5ngu. Valmistatud vastupidavast ja mugavast kangast. <\/span><span class=\"Y2IQFc\" lang=\"et\">S<\/span><span class=\"Y2IQFc\" lang=\"et\">obib suurep\u00e4raselt erilisteks s\u00fcndmusteks v\u00f5i pidustusteks.<\/span><\/p>\n<p><span class=\"Y2IQFc\" lang=\"et\">Materjal: 100% puuvill. <\/span><span class=\"Y2IQFc\" lang=\"et\">Juhised riiete hooldamiseks ja pesemiseks.\u00a0<\/span><\/div>\n<p><!-- .vgblk-rw-wrapper --><\/p>\n","protected":false},"excerpt":{"rendered":"<p>Pastellroosa kootud t\u00fcdrukute seelik, millel on v\u00f5luv disain s\u00fcdamekujuliste dekoratiivsete n\u00f6\u00f6pidega ees. Sisaldab kahte avarat esitaskut ja tikitud dekoratiivset detaili, mis lisab erilise h\u00f5ngu. Valmistatud vastupidavast ja mugavast kangast. Sobib suurep\u00e4raselt erilisteks s\u00fcndmusteks v\u00f5i pidustusteks. Materjal: 100% puuvill. Juhised riiete hooldamiseks ja pesemiseks.\u00a0<\/p>\n","protected":false},"featured_media":1006367,"comment_status":"open","ping_status":"closed","template":"","meta":{"_themeisle_gutenberg_block_has_review":false},"product_cat":[428,318],"product_tag":[],"class_list":["post-1006361","product","type-product","status-publish","has-post-thumbnail","hentry","product_cat-seelik","product_cat-tudrukud"],"yoast_head":"<!-- This site is optimized with the Yoast SEO plugin v21.5 - https:\/\/yoast.com\/wordpress\/plugins\/seo\/ -->\n<title>Pastellroosa kootud t\u00fcdrukute seelik - TucTuc Eesti<\/title>\n<meta name=\"robots\" content=\"index, follow, max-snippet:-1, max-image-preview:large, max-video-preview:-1\" \/>\n<link rel=\"canonical\" href=\"https:\/\/tuctuc.ee\/en\/toode\/pastellroosa-kootud-tudrukute-seelik\/\" \/>\n<meta property=\"og:locale\" content=\"en_US\" \/>\n<meta property=\"og:type\" content=\"article\" \/>\n<meta property=\"og:title\" content=\"Pastellroosa kootud t\u00fcdrukute seelik - TucTuc Eesti\" \/>\n<meta property=\"og:description\" content=\"Pastellroosa kootud t\u00fcdrukute seelik, millel on v\u00f5luv disain s\u00fcdamekujuliste dekoratiivsete n\u00f6\u00f6pidega ees. Sisaldab kahte avarat esitaskut ja tikitud dekoratiivset detaili, mis lisab erilise h\u00f5ngu. Valmistatud vastupidavast ja mugavast kangast. Sobib suurep\u00e4raselt erilisteks s\u00fcndmusteks v\u00f5i pidustusteks. Materjal: 100% puuvill. Juhised riiete hooldamiseks ja pesemiseks.\u00a0\" \/>\n<meta property=\"og:url\" content=\"https:\/\/tuctuc.ee\/en\/toode\/pastellroosa-kootud-tudrukute-seelik\/\" \/>\n<meta property=\"og:site_name\" content=\"TucTuc Eesti\" \/>\n<meta property=\"article:modified_time\" content=\"2026-01-26T16:11:56+00:00\" \/>\n<meta property=\"og:image\" content=\"https:\/\/tuctuc.ee\/wp-content\/uploads\/2025\/08\/11389678.webp\" \/>\n\t<meta property=\"og:image:width\" content=\"800\" \/>\n\t<meta property=\"og:image:height\" content=\"1000\" \/>\n\t<meta property=\"og:image:type\" content=\"image\/webp\" \/>\n<meta name=\"twitter:card\" content=\"summary_large_image\" \/>\n<meta name=\"twitter:label1\" content=\"Est. reading time\" \/>\n\t<meta name=\"twitter:data1\" content=\"1 minute\" \/>\n<script type=\"application\/ld+json\" class=\"yoast-schema-graph\">{\"@context\":\"https:\/\/schema.org\",\"@graph\":[{\"@type\":\"WebPage\",\"@id\":\"https:\/\/tuctuc.ee\/en\/toode\/pastellroosa-kootud-tudrukute-seelik\/\",\"url\":\"https:\/\/tuctuc.ee\/en\/toode\/pastellroosa-kootud-tudrukute-seelik\/\",\"name\":\"Pastellroosa kootud t\u00fcdrukute seelik - TucTuc Eesti\",\"isPartOf\":{\"@id\":\"https:\/\/tuctuc.ee\/en\/#website\"},\"datePublished\":\"2025-08-02T13:31:26+00:00\",\"dateModified\":\"2026-01-26T16:11:56+00:00\",\"breadcrumb\":{\"@id\":\"https:\/\/tuctuc.ee\/en\/toode\/pastellroosa-kootud-tudrukute-seelik\/#breadcrumb\"},\"inLanguage\":\"en-US\",\"potentialAction\":[{\"@type\":\"ReadAction\",\"target\":[\"https:\/\/tuctuc.ee\/en\/toode\/pastellroosa-kootud-tudrukute-seelik\/\"]}]},{\"@type\":\"BreadcrumbList\",\"@id\":\"https:\/\/tuctuc.ee\/en\/toode\/pastellroosa-kootud-tudrukute-seelik\/#breadcrumb\",\"itemListElement\":[{\"@type\":\"ListItem\",\"position\":1,\"name\":\"Home\",\"item\":\"https:\/\/tuctuc.ee\/en\/?page_id=269\"},{\"@type\":\"ListItem\",\"position\":2,\"name\":\"Shop\",\"item\":\"https:\/\/tuctuc.ee\/shop\/\"},{\"@type\":\"ListItem\",\"position\":3,\"name\":\"Pastellroosa kootud t\u00fcdrukute seelik\"}]},{\"@type\":\"WebSite\",\"@id\":\"https:\/\/tuctuc.ee\/en\/#website\",\"url\":\"https:\/\/tuctuc.ee\/en\/\",\"name\":\"TucTuc Eesti\",\"description\":\"Eesti laster\u00f5ivaste veebipood - Stiilsed riided lastele igale vanusele. Avastage meie valikut n\u00fc\u00fcd!\",\"publisher\":{\"@id\":\"https:\/\/tuctuc.ee\/en\/#organization\"},\"potentialAction\":[{\"@type\":\"SearchAction\",\"target\":{\"@type\":\"EntryPoint\",\"urlTemplate\":\"https:\/\/tuctuc.ee\/en\/?s={search_term_string}\"},\"query-input\":\"required name=search_term_string\"}],\"inLanguage\":\"en-US\"},{\"@type\":\"Organization\",\"@id\":\"https:\/\/tuctuc.ee\/en\/#organization\",\"name\":\"TucTuc Eesti\",\"url\":\"https:\/\/tuctuc.ee\/en\/\",\"logo\":{\"@type\":\"ImageObject\",\"inLanguage\":\"en-US\",\"@id\":\"https:\/\/tuctuc.ee\/en\/#\/schema\/logo\/image\/\",\"url\":\"https:\/\/i0.wp.com\/tuctuc.ee\/wp-content\/uploads\/2023\/10\/logo-164933761541.png?fit=109%2C122&ssl=1\",\"contentUrl\":\"https:\/\/i0.wp.com\/tuctuc.ee\/wp-content\/uploads\/2023\/10\/logo-164933761541.png?fit=109%2C122&ssl=1\",\"width\":109,\"height\":122,\"caption\":\"TucTuc Eesti\"},\"image\":{\"@id\":\"https:\/\/tuctuc.ee\/en\/#\/schema\/logo\/image\/\"}}]}<\/script>\n<!-- \/ Yoast SEO plugin. -->","yoast_head_json":{"title":"Pastellroosa kootud t\u00fcdrukute seelik - TucTuc Eesti","robots":{"index":"index","follow":"follow","max-snippet":"max-snippet:-1","max-image-preview":"max-image-preview:large","max-video-preview":"max-video-preview:-1"},"canonical":"https:\/\/tuctuc.ee\/en\/toode\/pastellroosa-kootud-tudrukute-seelik\/","og_locale":"en_US","og_type":"article","og_title":"Pastellroosa kootud t\u00fcdrukute seelik - TucTuc Eesti","og_description":"Pastellroosa kootud t\u00fcdrukute seelik, millel on v\u00f5luv disain s\u00fcdamekujuliste dekoratiivsete n\u00f6\u00f6pidega ees. Sisaldab kahte avarat esitaskut ja tikitud dekoratiivset detaili, mis lisab erilise h\u00f5ngu. Valmistatud vastupidavast ja mugavast kangast. Sobib suurep\u00e4raselt erilisteks s\u00fcndmusteks v\u00f5i pidustusteks. Materjal: 100% puuvill. Juhised riiete hooldamiseks ja pesemiseks.\u00a0","og_url":"https:\/\/tuctuc.ee\/en\/toode\/pastellroosa-kootud-tudrukute-seelik\/","og_site_name":"TucTuc Eesti","article_modified_time":"2026-01-26T16:11:56+00:00","og_image":[{"width":800,"height":1000,"url":"https:\/\/tuctuc.ee\/wp-content\/uploads\/2025\/08\/11389678.webp","type":"image\/webp"}],"twitter_card":"summary_large_image","twitter_misc":{"Est. reading time":"1 minute"},"schema":{"@context":"https:\/\/schema.org","@graph":[{"@type":"WebPage","@id":"https:\/\/tuctuc.ee\/en\/toode\/pastellroosa-kootud-tudrukute-seelik\/","url":"https:\/\/tuctuc.ee\/en\/toode\/pastellroosa-kootud-tudrukute-seelik\/","name":"Pastellroosa kootud t\u00fcdrukute seelik - TucTuc Eesti","isPartOf":{"@id":"https:\/\/tuctuc.ee\/en\/#website"},"datePublished":"2025-08-02T13:31:26+00:00","dateModified":"2026-01-26T16:11:56+00:00","breadcrumb":{"@id":"https:\/\/tuctuc.ee\/en\/toode\/pastellroosa-kootud-tudrukute-seelik\/#breadcrumb"},"inLanguage":"en-US","potentialAction":[{"@type":"ReadAction","target":["https:\/\/tuctuc.ee\/en\/toode\/pastellroosa-kootud-tudrukute-seelik\/"]}]},{"@type":"BreadcrumbList","@id":"https:\/\/tuctuc.ee\/en\/toode\/pastellroosa-kootud-tudrukute-seelik\/#breadcrumb","itemListElement":[{"@type":"ListItem","position":1,"name":"Home","item":"https:\/\/tuctuc.ee\/en\/?page_id=269"},{"@type":"ListItem","position":2,"name":"Shop","item":"https:\/\/tuctuc.ee\/shop\/"},{"@type":"ListItem","position":3,"name":"Pastellroosa kootud t\u00fcdrukute seelik"}]},{"@type":"WebSite","@id":"https:\/\/tuctuc.ee\/en\/#website","url":"https:\/\/tuctuc.ee\/en\/","name":"TucTuc Eesti","description":"Eesti laster\u00f5ivaste veebipood - Stiilsed riided lastele igale vanusele. Avastage meie valikut n\u00fc\u00fcd!","publisher":{"@id":"https:\/\/tuctuc.ee\/en\/#organization"},"potentialAction":[{"@type":"SearchAction","target":{"@type":"EntryPoint","urlTemplate":"https:\/\/tuctuc.ee\/en\/?s={search_term_string}"},"query-input":"required name=search_term_string"}],"inLanguage":"en-US"},{"@type":"Organization","@id":"https:\/\/tuctuc.ee\/en\/#organization","name":"TucTuc Eesti","url":"https:\/\/tuctuc.ee\/en\/","logo":{"@type":"ImageObject","inLanguage":"en-US","@id":"https:\/\/tuctuc.ee\/en\/#\/schema\/logo\/image\/","url":"https:\/\/i0.wp.com\/tuctuc.ee\/wp-content\/uploads\/2023\/10\/logo-164933761541.png?fit=109%2C122&ssl=1","contentUrl":"https:\/\/i0.wp.com\/tuctuc.ee\/wp-content\/uploads\/2023\/10\/logo-164933761541.png?fit=109%2C122&ssl=1","width":109,"height":122,"caption":"TucTuc Eesti"},"image":{"@id":"https:\/\/tuctuc.ee\/en\/#\/schema\/logo\/image\/"}}]}},"jetpack_sharing_enabled":true,"_links":{"self":[{"href":"https:\/\/tuctuc.ee\/en\/wp-json\/wp\/v2\/product\/1006361","targetHints":{"allow":["GET"]}}],"collection":[{"href":"https:\/\/tuctuc.ee\/en\/wp-json\/wp\/v2\/product"}],"about":[{"href":"https:\/\/tuctuc.ee\/en\/wp-json\/wp\/v2\/types\/product"}],"replies":[{"embeddable":true,"href":"https:\/\/tuctuc.ee\/en\/wp-json\/wp\/v2\/comments?post=1006361"}],"version-history":[{"count":1,"href":"https:\/\/tuctuc.ee\/en\/wp-json\/wp\/v2\/product\/1006361\/revisions"}],"predecessor-version":[{"id":1006375,"href":"https:\/\/tuctuc.ee\/en\/wp-json\/wp\/v2\/product\/1006361\/revisions\/1006375"}],"wp:featuredmedia":[{"embeddable":true,"href":"https:\/\/tuctuc.ee\/en\/wp-json\/wp\/v2\/media\/1006367"}],"wp:attachment":[{"href":"https:\/\/tuctuc.ee\/en\/wp-json\/wp\/v2\/media?parent=1006361"}],"wp:term":[{"taxonomy":"product_cat","embeddable":true,"href":"https:\/\/tuctuc.ee\/en\/wp-json\/wp\/v2\/product_cat?post=1006361"},{"taxonomy":"product_tag","embeddable":true,"href":"https:\/\/tuctuc.ee\/en\/wp-json\/wp\/v2\/product_tag?post=1006361"}],"curies":[{"name":"wp","href":"https:\/\/api.w.org\/{rel}","templated":true}]}}