{"id":1004323,"date":"2025-05-19T16:23:44","date_gmt":"2025-05-19T13:23:44","guid":{"rendered":"https:\/\/tuctuc.ee\/?post_type=product&#038;p=1004323"},"modified":"2026-01-26T18:24:51","modified_gmt":"2026-01-26T15:24:51","slug":"elegantne-valge-pidukleit","status":"publish","type":"product","link":"https:\/\/tuctuc.ee\/en\/toode\/elegantne-valge-pidukleit\/","title":{"rendered":"Elegantne valge pidukleit"},"content":{"rendered":"<div class=\"vgblk-rw-wrapper limit-wrapper\">\n<p id=\"tw-target-text\" class=\"tw-data-text tw-text-large tw-ta\" dir=\"ltr\" data-placeholder=\"Translation\" data-ved=\"2ahUKEwjnhdepzq-NAxWKR_EDHS2dOk4Q3ewLegQICRAV\" aria-label=\"Translated text: Lameda esiosaga kleit t\u00fcdrukutele valges kollastes toonides lilleprinti ja hallide detailidega. Selle disain sisaldab volangidega varrukaid ja v\u00f6\u00f6koha l\u00f5iget, mille tagak\u00fcljel on n\u00f6\u00f6pkinnisus, mis h\u00f5lbustab kandmist.\"><span class=\"Y2IQFc\" lang=\"et\">Elegantne valge pidukleit- ideaalne valik erilisteks hetkedeks! Lameda esiosaga kleit t\u00fcdrukutele valges kollastes toonides lilleprinti ja hallide detailidega. Selle disain sisaldab volangidega varrukaid ja v\u00f6\u00f6koha l\u00f5iget, mille tagak\u00fcljel on n\u00f6\u00f6pkinnisus, mis h\u00f5lbustab kandmist.<\/span><\/p>\n<p><span class=\"Y2IQFc\" lang=\"et\">Materjal: 98% puuvill, 2% elastaan. <\/span><span class=\"Y2IQFc\" lang=\"et\">Juhised riiete hooldamiseks ja pesemiseks.\u00a0<\/span><\/div>\n<p><!-- .vgblk-rw-wrapper --><\/p>\n","protected":false},"excerpt":{"rendered":"<p>Elegantne valge pidukleit- ideaalne valik erilisteks hetkedeks! Lameda esiosaga kleit t\u00fcdrukutele valges kollastes toonides lilleprinti ja hallide detailidega. Selle disain sisaldab volangidega varrukaid ja v\u00f6\u00f6koha l\u00f5iget, mille tagak\u00fcljel on n\u00f6\u00f6pkinnisus, mis h\u00f5lbustab kandmist. Materjal: 98% puuvill, 2% elastaan. Juhised riiete hooldamiseks ja pesemiseks.\u00a0<\/p>\n","protected":false},"featured_media":1004329,"comment_status":"open","ping_status":"closed","template":"","meta":{"_themeisle_gutenberg_block_has_review":false},"product_cat":[416,318],"product_tag":[],"class_list":["post-1004323","product","type-product","status-publish","has-post-thumbnail","hentry","product_cat-kleit","product_cat-tudrukud"],"yoast_head":"<!-- This site is optimized with the Yoast SEO plugin v21.5 - https:\/\/yoast.com\/wordpress\/plugins\/seo\/ -->\n<title>Elegantne valge pidukleit - TucTuc Eesti<\/title>\n<meta name=\"robots\" content=\"index, follow, max-snippet:-1, max-image-preview:large, max-video-preview:-1\" \/>\n<link rel=\"canonical\" href=\"https:\/\/tuctuc.ee\/en\/toode\/elegantne-valge-pidukleit\/\" \/>\n<meta property=\"og:locale\" content=\"en_US\" \/>\n<meta property=\"og:type\" content=\"article\" \/>\n<meta property=\"og:title\" content=\"Elegantne valge pidukleit - TucTuc Eesti\" \/>\n<meta property=\"og:description\" content=\"Elegantne valge pidukleit- ideaalne valik erilisteks hetkedeks! Lameda esiosaga kleit t\u00fcdrukutele valges kollastes toonides lilleprinti ja hallide detailidega. Selle disain sisaldab volangidega varrukaid ja v\u00f6\u00f6koha l\u00f5iget, mille tagak\u00fcljel on n\u00f6\u00f6pkinnisus, mis h\u00f5lbustab kandmist. Materjal: 98% puuvill, 2% elastaan. Juhised riiete hooldamiseks ja pesemiseks.\u00a0\" \/>\n<meta property=\"og:url\" content=\"https:\/\/tuctuc.ee\/en\/toode\/elegantne-valge-pidukleit\/\" \/>\n<meta property=\"og:site_name\" content=\"TucTuc Eesti\" \/>\n<meta property=\"article:modified_time\" content=\"2026-01-26T15:24:51+00:00\" \/>\n<meta property=\"og:image\" content=\"https:\/\/tuctuc.ee\/wp-content\/uploads\/2025\/05\/11389071.webp\" \/>\n\t<meta property=\"og:image:width\" content=\"800\" \/>\n\t<meta property=\"og:image:height\" content=\"1000\" \/>\n\t<meta property=\"og:image:type\" content=\"image\/webp\" \/>\n<meta name=\"twitter:card\" content=\"summary_large_image\" \/>\n<meta name=\"twitter:label1\" content=\"Est. reading time\" \/>\n\t<meta name=\"twitter:data1\" content=\"1 minute\" \/>\n<script type=\"application\/ld+json\" class=\"yoast-schema-graph\">{\"@context\":\"https:\/\/schema.org\",\"@graph\":[{\"@type\":\"WebPage\",\"@id\":\"https:\/\/tuctuc.ee\/en\/toode\/elegantne-valge-pidukleit\/\",\"url\":\"https:\/\/tuctuc.ee\/en\/toode\/elegantne-valge-pidukleit\/\",\"name\":\"Elegantne valge pidukleit - TucTuc Eesti\",\"isPartOf\":{\"@id\":\"https:\/\/tuctuc.ee\/en\/#website\"},\"datePublished\":\"2025-05-19T13:23:44+00:00\",\"dateModified\":\"2026-01-26T15:24:51+00:00\",\"breadcrumb\":{\"@id\":\"https:\/\/tuctuc.ee\/en\/toode\/elegantne-valge-pidukleit\/#breadcrumb\"},\"inLanguage\":\"en-US\",\"potentialAction\":[{\"@type\":\"ReadAction\",\"target\":[\"https:\/\/tuctuc.ee\/en\/toode\/elegantne-valge-pidukleit\/\"]}]},{\"@type\":\"BreadcrumbList\",\"@id\":\"https:\/\/tuctuc.ee\/en\/toode\/elegantne-valge-pidukleit\/#breadcrumb\",\"itemListElement\":[{\"@type\":\"ListItem\",\"position\":1,\"name\":\"Home\",\"item\":\"https:\/\/tuctuc.ee\/en\/?page_id=269\"},{\"@type\":\"ListItem\",\"position\":2,\"name\":\"Shop\",\"item\":\"https:\/\/tuctuc.ee\/shop\/\"},{\"@type\":\"ListItem\",\"position\":3,\"name\":\"Elegantne valge pidukleit\"}]},{\"@type\":\"WebSite\",\"@id\":\"https:\/\/tuctuc.ee\/en\/#website\",\"url\":\"https:\/\/tuctuc.ee\/en\/\",\"name\":\"TucTuc Eesti\",\"description\":\"Eesti laster\u00f5ivaste veebipood - Stiilsed riided lastele igale vanusele. Avastage meie valikut n\u00fc\u00fcd!\",\"publisher\":{\"@id\":\"https:\/\/tuctuc.ee\/en\/#organization\"},\"potentialAction\":[{\"@type\":\"SearchAction\",\"target\":{\"@type\":\"EntryPoint\",\"urlTemplate\":\"https:\/\/tuctuc.ee\/en\/?s={search_term_string}\"},\"query-input\":\"required name=search_term_string\"}],\"inLanguage\":\"en-US\"},{\"@type\":\"Organization\",\"@id\":\"https:\/\/tuctuc.ee\/en\/#organization\",\"name\":\"TucTuc Eesti\",\"url\":\"https:\/\/tuctuc.ee\/en\/\",\"logo\":{\"@type\":\"ImageObject\",\"inLanguage\":\"en-US\",\"@id\":\"https:\/\/tuctuc.ee\/en\/#\/schema\/logo\/image\/\",\"url\":\"https:\/\/i0.wp.com\/tuctuc.ee\/wp-content\/uploads\/2023\/10\/logo-164933761541.png?fit=109%2C122&ssl=1\",\"contentUrl\":\"https:\/\/i0.wp.com\/tuctuc.ee\/wp-content\/uploads\/2023\/10\/logo-164933761541.png?fit=109%2C122&ssl=1\",\"width\":109,\"height\":122,\"caption\":\"TucTuc Eesti\"},\"image\":{\"@id\":\"https:\/\/tuctuc.ee\/en\/#\/schema\/logo\/image\/\"}}]}<\/script>\n<!-- \/ Yoast SEO plugin. -->","yoast_head_json":{"title":"Elegantne valge pidukleit - TucTuc Eesti","robots":{"index":"index","follow":"follow","max-snippet":"max-snippet:-1","max-image-preview":"max-image-preview:large","max-video-preview":"max-video-preview:-1"},"canonical":"https:\/\/tuctuc.ee\/en\/toode\/elegantne-valge-pidukleit\/","og_locale":"en_US","og_type":"article","og_title":"Elegantne valge pidukleit - TucTuc Eesti","og_description":"Elegantne valge pidukleit- ideaalne valik erilisteks hetkedeks! Lameda esiosaga kleit t\u00fcdrukutele valges kollastes toonides lilleprinti ja hallide detailidega. Selle disain sisaldab volangidega varrukaid ja v\u00f6\u00f6koha l\u00f5iget, mille tagak\u00fcljel on n\u00f6\u00f6pkinnisus, mis h\u00f5lbustab kandmist. Materjal: 98% puuvill, 2% elastaan. Juhised riiete hooldamiseks ja pesemiseks.\u00a0","og_url":"https:\/\/tuctuc.ee\/en\/toode\/elegantne-valge-pidukleit\/","og_site_name":"TucTuc Eesti","article_modified_time":"2026-01-26T15:24:51+00:00","og_image":[{"width":800,"height":1000,"url":"https:\/\/tuctuc.ee\/wp-content\/uploads\/2025\/05\/11389071.webp","type":"image\/webp"}],"twitter_card":"summary_large_image","twitter_misc":{"Est. reading time":"1 minute"},"schema":{"@context":"https:\/\/schema.org","@graph":[{"@type":"WebPage","@id":"https:\/\/tuctuc.ee\/en\/toode\/elegantne-valge-pidukleit\/","url":"https:\/\/tuctuc.ee\/en\/toode\/elegantne-valge-pidukleit\/","name":"Elegantne valge pidukleit - TucTuc Eesti","isPartOf":{"@id":"https:\/\/tuctuc.ee\/en\/#website"},"datePublished":"2025-05-19T13:23:44+00:00","dateModified":"2026-01-26T15:24:51+00:00","breadcrumb":{"@id":"https:\/\/tuctuc.ee\/en\/toode\/elegantne-valge-pidukleit\/#breadcrumb"},"inLanguage":"en-US","potentialAction":[{"@type":"ReadAction","target":["https:\/\/tuctuc.ee\/en\/toode\/elegantne-valge-pidukleit\/"]}]},{"@type":"BreadcrumbList","@id":"https:\/\/tuctuc.ee\/en\/toode\/elegantne-valge-pidukleit\/#breadcrumb","itemListElement":[{"@type":"ListItem","position":1,"name":"Home","item":"https:\/\/tuctuc.ee\/en\/?page_id=269"},{"@type":"ListItem","position":2,"name":"Shop","item":"https:\/\/tuctuc.ee\/shop\/"},{"@type":"ListItem","position":3,"name":"Elegantne valge pidukleit"}]},{"@type":"WebSite","@id":"https:\/\/tuctuc.ee\/en\/#website","url":"https:\/\/tuctuc.ee\/en\/","name":"TucTuc Eesti","description":"Eesti laster\u00f5ivaste veebipood - Stiilsed riided lastele igale vanusele. Avastage meie valikut n\u00fc\u00fcd!","publisher":{"@id":"https:\/\/tuctuc.ee\/en\/#organization"},"potentialAction":[{"@type":"SearchAction","target":{"@type":"EntryPoint","urlTemplate":"https:\/\/tuctuc.ee\/en\/?s={search_term_string}"},"query-input":"required name=search_term_string"}],"inLanguage":"en-US"},{"@type":"Organization","@id":"https:\/\/tuctuc.ee\/en\/#organization","name":"TucTuc Eesti","url":"https:\/\/tuctuc.ee\/en\/","logo":{"@type":"ImageObject","inLanguage":"en-US","@id":"https:\/\/tuctuc.ee\/en\/#\/schema\/logo\/image\/","url":"https:\/\/i0.wp.com\/tuctuc.ee\/wp-content\/uploads\/2023\/10\/logo-164933761541.png?fit=109%2C122&ssl=1","contentUrl":"https:\/\/i0.wp.com\/tuctuc.ee\/wp-content\/uploads\/2023\/10\/logo-164933761541.png?fit=109%2C122&ssl=1","width":109,"height":122,"caption":"TucTuc Eesti"},"image":{"@id":"https:\/\/tuctuc.ee\/en\/#\/schema\/logo\/image\/"}}]}},"jetpack_sharing_enabled":true,"_links":{"self":[{"href":"https:\/\/tuctuc.ee\/en\/wp-json\/wp\/v2\/product\/1004323","targetHints":{"allow":["GET"]}}],"collection":[{"href":"https:\/\/tuctuc.ee\/en\/wp-json\/wp\/v2\/product"}],"about":[{"href":"https:\/\/tuctuc.ee\/en\/wp-json\/wp\/v2\/types\/product"}],"replies":[{"embeddable":true,"href":"https:\/\/tuctuc.ee\/en\/wp-json\/wp\/v2\/comments?post=1004323"}],"version-history":[{"count":1,"href":"https:\/\/tuctuc.ee\/en\/wp-json\/wp\/v2\/product\/1004323\/revisions"}],"predecessor-version":[{"id":1004339,"href":"https:\/\/tuctuc.ee\/en\/wp-json\/wp\/v2\/product\/1004323\/revisions\/1004339"}],"wp:featuredmedia":[{"embeddable":true,"href":"https:\/\/tuctuc.ee\/en\/wp-json\/wp\/v2\/media\/1004329"}],"wp:attachment":[{"href":"https:\/\/tuctuc.ee\/en\/wp-json\/wp\/v2\/media?parent=1004323"}],"wp:term":[{"taxonomy":"product_cat","embeddable":true,"href":"https:\/\/tuctuc.ee\/en\/wp-json\/wp\/v2\/product_cat?post=1004323"},{"taxonomy":"product_tag","embeddable":true,"href":"https:\/\/tuctuc.ee\/en\/wp-json\/wp\/v2\/product_tag?post=1004323"}],"curies":[{"name":"wp","href":"https:\/\/api.w.org\/{rel}","templated":true}]}}