{"id":1003993,"date":"2025-05-16T18:34:19","date_gmt":"2025-05-16T15:34:19","guid":{"rendered":"https:\/\/tuctuc.ee\/?post_type=product&#038;p=1003993"},"modified":"2026-03-17T12:47:36","modified_gmt":"2026-03-17T09:47:36","slug":"sinine-dressipluus-poistele","status":"publish","type":"product","link":"https:\/\/tuctuc.ee\/en\/toode\/sinine-dressipluus-poistele\/","title":{"rendered":"Sinine dressipluus poistele"},"content":{"rendered":"<div class=\"vgblk-rw-wrapper limit-wrapper\">\n<p id=\"tw-target-text\" class=\"tw-data-text tw-text-large tw-ta\" dir=\"ltr\" data-placeholder=\"Translation\" data-ved=\"2ahUKEwik3_vD_aeNAxVFQ_EDHYJ3BV8Q3ewLegQICRAV\" aria-label=\"Translated text: Sinine fliisist dressipluus poistele, ees t\u00f5mblukuga ja krokodillitr\u00fckiga prillidega rinnal. Sellel on \u00fcmmargune kaelus, k\u00fcljetaskud ja soonikud, mis tagavad mugavuse.\"><span class=\"Y2IQFc\" lang=\"et\">Sinine dressipluus poistele, ees t\u00f5mblukuga ja krokodillitr\u00fckiga prillidega rinnal. Sellel on \u00fcmmargune kaelus, k\u00fcljetaskud ja soonikud, mis tagavad mugavuse.<\/span><\/p>\n<p class=\"tw-data-text tw-text-large tw-ta\" dir=\"ltr\" data-placeholder=\"Translation\" data-ved=\"2ahUKEwik3_vD_aeNAxVFQ_EDHYJ3BV8Q3ewLegQICRAV\" aria-label=\"Translated text: Poiste komplekt, mis koosneb valgest kootud v\u00e4rviliste triipude ja kaheksajalatr\u00fckiga T-s\u00e4rgist ning sinistest fliisist reguleeritava v\u00f6\u00f6kohaga bermudap\u00fckstest\">\u00a0Ilusti sobib igap\u00e4evaseks kandmiseks.<\/p>\n<p><span class=\"Y2IQFc\" lang=\"et\">Materjal: 100% puuvill. <\/span><span class=\"Y2IQFc\" lang=\"et\">Juhised riiete hooldamiseks ja pesemiseks.\u00a0<\/span><\/div>\n<p><!-- .vgblk-rw-wrapper --><\/p>\n","protected":false},"excerpt":{"rendered":"<p>Sinine dressipluus poistele, ees t\u00f5mblukuga ja krokodillitr\u00fckiga prillidega rinnal. Sellel on \u00fcmmargune kaelus, k\u00fcljetaskud ja soonikud, mis tagavad mugavuse. \u00a0Ilusti sobib igap\u00e4evaseks kandmiseks. Materjal: 100% puuvill. Juhised riiete hooldamiseks ja pesemiseks.\u00a0<\/p>\n","protected":false},"featured_media":1004000,"comment_status":"open","ping_status":"closed","template":"","meta":{"_themeisle_gutenberg_block_has_review":false},"product_cat":[480,317],"product_tag":[],"class_list":["post-1003993","product","type-product","status-publish","has-post-thumbnail","hentry","product_cat-dressipluus-poisid","product_cat-poisid"],"yoast_head":"<!-- This site is optimized with the Yoast SEO plugin v21.5 - https:\/\/yoast.com\/wordpress\/plugins\/seo\/ -->\n<title>Sinine dressipluus poistele - TucTuc Eesti<\/title>\n<meta name=\"robots\" content=\"index, follow, max-snippet:-1, max-image-preview:large, max-video-preview:-1\" \/>\n<link rel=\"canonical\" href=\"https:\/\/tuctuc.ee\/en\/toode\/sinine-dressipluus-poistele\/\" \/>\n<meta property=\"og:locale\" content=\"en_US\" \/>\n<meta property=\"og:type\" content=\"article\" \/>\n<meta property=\"og:title\" content=\"Sinine dressipluus poistele - TucTuc Eesti\" \/>\n<meta property=\"og:description\" content=\"Sinine dressipluus poistele, ees t\u00f5mblukuga ja krokodillitr\u00fckiga prillidega rinnal. Sellel on \u00fcmmargune kaelus, k\u00fcljetaskud ja soonikud, mis tagavad mugavuse. \u00a0Ilusti sobib igap\u00e4evaseks kandmiseks. Materjal: 100% puuvill. Juhised riiete hooldamiseks ja pesemiseks.\u00a0\" \/>\n<meta property=\"og:url\" content=\"https:\/\/tuctuc.ee\/en\/toode\/sinine-dressipluus-poistele\/\" \/>\n<meta property=\"og:site_name\" content=\"TucTuc Eesti\" \/>\n<meta property=\"article:modified_time\" content=\"2026-03-17T09:47:36+00:00\" \/>\n<meta property=\"og:image\" content=\"https:\/\/tuctuc.ee\/wp-content\/uploads\/2025\/05\/11389919.webp\" \/>\n\t<meta property=\"og:image:width\" content=\"800\" \/>\n\t<meta property=\"og:image:height\" content=\"1000\" \/>\n\t<meta property=\"og:image:type\" content=\"image\/webp\" \/>\n<meta name=\"twitter:card\" content=\"summary_large_image\" \/>\n<meta name=\"twitter:label1\" content=\"Est. reading time\" \/>\n\t<meta name=\"twitter:data1\" content=\"1 minute\" \/>\n<script type=\"application\/ld+json\" class=\"yoast-schema-graph\">{\"@context\":\"https:\/\/schema.org\",\"@graph\":[{\"@type\":\"WebPage\",\"@id\":\"https:\/\/tuctuc.ee\/en\/toode\/sinine-dressipluus-poistele\/\",\"url\":\"https:\/\/tuctuc.ee\/en\/toode\/sinine-dressipluus-poistele\/\",\"name\":\"Sinine dressipluus poistele - TucTuc Eesti\",\"isPartOf\":{\"@id\":\"https:\/\/tuctuc.ee\/en\/#website\"},\"datePublished\":\"2025-05-16T15:34:19+00:00\",\"dateModified\":\"2026-03-17T09:47:36+00:00\",\"breadcrumb\":{\"@id\":\"https:\/\/tuctuc.ee\/en\/toode\/sinine-dressipluus-poistele\/#breadcrumb\"},\"inLanguage\":\"en-US\",\"potentialAction\":[{\"@type\":\"ReadAction\",\"target\":[\"https:\/\/tuctuc.ee\/en\/toode\/sinine-dressipluus-poistele\/\"]}]},{\"@type\":\"BreadcrumbList\",\"@id\":\"https:\/\/tuctuc.ee\/en\/toode\/sinine-dressipluus-poistele\/#breadcrumb\",\"itemListElement\":[{\"@type\":\"ListItem\",\"position\":1,\"name\":\"Home\",\"item\":\"https:\/\/tuctuc.ee\/en\/?page_id=269\"},{\"@type\":\"ListItem\",\"position\":2,\"name\":\"Shop\",\"item\":\"https:\/\/tuctuc.ee\/shop\/\"},{\"@type\":\"ListItem\",\"position\":3,\"name\":\"Sinine dressipluus poistele\"}]},{\"@type\":\"WebSite\",\"@id\":\"https:\/\/tuctuc.ee\/en\/#website\",\"url\":\"https:\/\/tuctuc.ee\/en\/\",\"name\":\"TucTuc Eesti\",\"description\":\"Eesti laster\u00f5ivaste veebipood - Stiilsed riided lastele igale vanusele. Avastage meie valikut n\u00fc\u00fcd!\",\"publisher\":{\"@id\":\"https:\/\/tuctuc.ee\/en\/#organization\"},\"potentialAction\":[{\"@type\":\"SearchAction\",\"target\":{\"@type\":\"EntryPoint\",\"urlTemplate\":\"https:\/\/tuctuc.ee\/en\/?s={search_term_string}\"},\"query-input\":\"required name=search_term_string\"}],\"inLanguage\":\"en-US\"},{\"@type\":\"Organization\",\"@id\":\"https:\/\/tuctuc.ee\/en\/#organization\",\"name\":\"TucTuc Eesti\",\"url\":\"https:\/\/tuctuc.ee\/en\/\",\"logo\":{\"@type\":\"ImageObject\",\"inLanguage\":\"en-US\",\"@id\":\"https:\/\/tuctuc.ee\/en\/#\/schema\/logo\/image\/\",\"url\":\"https:\/\/i0.wp.com\/tuctuc.ee\/wp-content\/uploads\/2023\/10\/logo-164933761541.png?fit=109%2C122&ssl=1\",\"contentUrl\":\"https:\/\/i0.wp.com\/tuctuc.ee\/wp-content\/uploads\/2023\/10\/logo-164933761541.png?fit=109%2C122&ssl=1\",\"width\":109,\"height\":122,\"caption\":\"TucTuc Eesti\"},\"image\":{\"@id\":\"https:\/\/tuctuc.ee\/en\/#\/schema\/logo\/image\/\"}}]}<\/script>\n<!-- \/ Yoast SEO plugin. -->","yoast_head_json":{"title":"Sinine dressipluus poistele - TucTuc Eesti","robots":{"index":"index","follow":"follow","max-snippet":"max-snippet:-1","max-image-preview":"max-image-preview:large","max-video-preview":"max-video-preview:-1"},"canonical":"https:\/\/tuctuc.ee\/en\/toode\/sinine-dressipluus-poistele\/","og_locale":"en_US","og_type":"article","og_title":"Sinine dressipluus poistele - TucTuc Eesti","og_description":"Sinine dressipluus poistele, ees t\u00f5mblukuga ja krokodillitr\u00fckiga prillidega rinnal. Sellel on \u00fcmmargune kaelus, k\u00fcljetaskud ja soonikud, mis tagavad mugavuse. \u00a0Ilusti sobib igap\u00e4evaseks kandmiseks. Materjal: 100% puuvill. Juhised riiete hooldamiseks ja pesemiseks.\u00a0","og_url":"https:\/\/tuctuc.ee\/en\/toode\/sinine-dressipluus-poistele\/","og_site_name":"TucTuc Eesti","article_modified_time":"2026-03-17T09:47:36+00:00","og_image":[{"width":800,"height":1000,"url":"https:\/\/tuctuc.ee\/wp-content\/uploads\/2025\/05\/11389919.webp","type":"image\/webp"}],"twitter_card":"summary_large_image","twitter_misc":{"Est. reading time":"1 minute"},"schema":{"@context":"https:\/\/schema.org","@graph":[{"@type":"WebPage","@id":"https:\/\/tuctuc.ee\/en\/toode\/sinine-dressipluus-poistele\/","url":"https:\/\/tuctuc.ee\/en\/toode\/sinine-dressipluus-poistele\/","name":"Sinine dressipluus poistele - TucTuc Eesti","isPartOf":{"@id":"https:\/\/tuctuc.ee\/en\/#website"},"datePublished":"2025-05-16T15:34:19+00:00","dateModified":"2026-03-17T09:47:36+00:00","breadcrumb":{"@id":"https:\/\/tuctuc.ee\/en\/toode\/sinine-dressipluus-poistele\/#breadcrumb"},"inLanguage":"en-US","potentialAction":[{"@type":"ReadAction","target":["https:\/\/tuctuc.ee\/en\/toode\/sinine-dressipluus-poistele\/"]}]},{"@type":"BreadcrumbList","@id":"https:\/\/tuctuc.ee\/en\/toode\/sinine-dressipluus-poistele\/#breadcrumb","itemListElement":[{"@type":"ListItem","position":1,"name":"Home","item":"https:\/\/tuctuc.ee\/en\/?page_id=269"},{"@type":"ListItem","position":2,"name":"Shop","item":"https:\/\/tuctuc.ee\/shop\/"},{"@type":"ListItem","position":3,"name":"Sinine dressipluus poistele"}]},{"@type":"WebSite","@id":"https:\/\/tuctuc.ee\/en\/#website","url":"https:\/\/tuctuc.ee\/en\/","name":"TucTuc Eesti","description":"Eesti laster\u00f5ivaste veebipood - Stiilsed riided lastele igale vanusele. Avastage meie valikut n\u00fc\u00fcd!","publisher":{"@id":"https:\/\/tuctuc.ee\/en\/#organization"},"potentialAction":[{"@type":"SearchAction","target":{"@type":"EntryPoint","urlTemplate":"https:\/\/tuctuc.ee\/en\/?s={search_term_string}"},"query-input":"required name=search_term_string"}],"inLanguage":"en-US"},{"@type":"Organization","@id":"https:\/\/tuctuc.ee\/en\/#organization","name":"TucTuc Eesti","url":"https:\/\/tuctuc.ee\/en\/","logo":{"@type":"ImageObject","inLanguage":"en-US","@id":"https:\/\/tuctuc.ee\/en\/#\/schema\/logo\/image\/","url":"https:\/\/i0.wp.com\/tuctuc.ee\/wp-content\/uploads\/2023\/10\/logo-164933761541.png?fit=109%2C122&ssl=1","contentUrl":"https:\/\/i0.wp.com\/tuctuc.ee\/wp-content\/uploads\/2023\/10\/logo-164933761541.png?fit=109%2C122&ssl=1","width":109,"height":122,"caption":"TucTuc Eesti"},"image":{"@id":"https:\/\/tuctuc.ee\/en\/#\/schema\/logo\/image\/"}}]}},"jetpack_sharing_enabled":true,"_links":{"self":[{"href":"https:\/\/tuctuc.ee\/en\/wp-json\/wp\/v2\/product\/1003993","targetHints":{"allow":["GET"]}}],"collection":[{"href":"https:\/\/tuctuc.ee\/en\/wp-json\/wp\/v2\/product"}],"about":[{"href":"https:\/\/tuctuc.ee\/en\/wp-json\/wp\/v2\/types\/product"}],"replies":[{"embeddable":true,"href":"https:\/\/tuctuc.ee\/en\/wp-json\/wp\/v2\/comments?post=1003993"}],"version-history":[{"count":2,"href":"https:\/\/tuctuc.ee\/en\/wp-json\/wp\/v2\/product\/1003993\/revisions"}],"predecessor-version":[{"id":1009201,"href":"https:\/\/tuctuc.ee\/en\/wp-json\/wp\/v2\/product\/1003993\/revisions\/1009201"}],"wp:featuredmedia":[{"embeddable":true,"href":"https:\/\/tuctuc.ee\/en\/wp-json\/wp\/v2\/media\/1004000"}],"wp:attachment":[{"href":"https:\/\/tuctuc.ee\/en\/wp-json\/wp\/v2\/media?parent=1003993"}],"wp:term":[{"taxonomy":"product_cat","embeddable":true,"href":"https:\/\/tuctuc.ee\/en\/wp-json\/wp\/v2\/product_cat?post=1003993"},{"taxonomy":"product_tag","embeddable":true,"href":"https:\/\/tuctuc.ee\/en\/wp-json\/wp\/v2\/product_tag?post=1003993"}],"curies":[{"name":"wp","href":"https:\/\/api.w.org\/{rel}","templated":true}]}}