{"id":1003973,"date":"2025-05-16T17:51:24","date_gmt":"2025-05-16T14:51:24","guid":{"rendered":"https:\/\/tuctuc.ee\/?post_type=product&#038;p=1003973"},"modified":"2026-02-23T17:35:01","modified_gmt":"2026-02-23T14:35:01","slug":"suvine-poiste-komplekt-7","status":"publish","type":"product","link":"https:\/\/tuctuc.ee\/en\/toode\/suvine-poiste-komplekt-7\/","title":{"rendered":"Suvine poiste komplekt"},"content":{"rendered":"<div class=\"vgblk-rw-wrapper limit-wrapper\">\n<p class=\"tw-data-text tw-text-large tw-ta\" dir=\"ltr\" data-placeholder=\"Translation\" data-ved=\"2ahUKEwik3_vD_aeNAxVFQ_EDHYJ3BV8Q3ewLegQICRAV\" aria-label=\"Translated text: Poiste komplekt, mis koosneb valgest kootud v\u00e4rviliste triipude ja kaheksajalatr\u00fckiga T-s\u00e4rgist ning sinistest fliisist reguleeritava v\u00f6\u00f6kohaga bermudap\u00fckstest\"><span class=\"Y2IQFc\" lang=\"et\">Komplekt poistele, mis koosneb l\u00fchikeste varrukatega valgest troopilise tr\u00fckiga T-s\u00e4rgist ja tumesinisest reguleeritava pingutusn\u00f6\u00f6ri ja dekoratiivse detailiga l\u00fchikesest.<\/span>\u00a0Ilusti sobib igap\u00e4evaseks kandmiseks. Suvine komplekt nii suurtele kui v\u00e4ikestele poistele sobib kanda nii lasteaias, koolis kui ka vabal ajal.<\/p>\n<p><span class=\"Y2IQFc\" lang=\"et\">Materjal: 100% puuvill. <\/span><span class=\"Y2IQFc\" lang=\"et\">Juhised riiete hooldamiseks ja pesemiseks.\u00a0<\/span><\/div>\n<p><!-- .vgblk-rw-wrapper --><\/p>\n","protected":false},"excerpt":{"rendered":"<p>Komplekt poistele, mis koosneb l\u00fchikeste varrukatega valgest troopilise tr\u00fckiga T-s\u00e4rgist ja tumesinisest reguleeritava pingutusn\u00f6\u00f6ri ja dekoratiivse detailiga l\u00fchikesest.\u00a0Ilusti sobib igap\u00e4evaseks kandmiseks. Suvine komplekt nii suurtele kui v\u00e4ikestele poistele sobib kanda nii lasteaias, koolis kui ka vabal ajal. Materjal: 100% puuvill. Juhised riiete hooldamiseks ja pesemiseks.\u00a0<\/p>\n","protected":false},"featured_media":1003981,"comment_status":"open","ping_status":"closed","template":"","meta":{"_themeisle_gutenberg_block_has_review":false},"product_cat":[437,420,317,419],"product_tag":[],"class_list":["post-1003973","product","type-product","status-publish","has-post-thumbnail","hentry","product_cat-komplekt-poisid","product_cat-luhikesed-puksid","product_cat-poisid","product_cat-t-sark-luhikeste-varrukatega"],"yoast_head":"<!-- This site is optimized with the Yoast SEO plugin v21.5 - https:\/\/yoast.com\/wordpress\/plugins\/seo\/ -->\n<title>Suvine poiste komplekt - TucTuc Eesti<\/title>\n<meta name=\"robots\" content=\"index, follow, max-snippet:-1, max-image-preview:large, max-video-preview:-1\" \/>\n<link rel=\"canonical\" href=\"https:\/\/tuctuc.ee\/en\/toode\/suvine-poiste-komplekt-7\/\" \/>\n<meta property=\"og:locale\" content=\"en_US\" \/>\n<meta property=\"og:type\" content=\"article\" \/>\n<meta property=\"og:title\" content=\"Suvine poiste komplekt - TucTuc Eesti\" \/>\n<meta property=\"og:description\" content=\"Komplekt poistele, mis koosneb l\u00fchikeste varrukatega valgest troopilise tr\u00fckiga T-s\u00e4rgist ja tumesinisest reguleeritava pingutusn\u00f6\u00f6ri ja dekoratiivse detailiga l\u00fchikesest.\u00a0Ilusti sobib igap\u00e4evaseks kandmiseks. Suvine komplekt nii suurtele kui v\u00e4ikestele poistele sobib kanda nii lasteaias, koolis kui ka vabal ajal. Materjal: 100% puuvill. Juhised riiete hooldamiseks ja pesemiseks.\u00a0\" \/>\n<meta property=\"og:url\" content=\"https:\/\/tuctuc.ee\/en\/toode\/suvine-poiste-komplekt-7\/\" \/>\n<meta property=\"og:site_name\" content=\"TucTuc Eesti\" \/>\n<meta property=\"article:modified_time\" content=\"2026-02-23T14:35:01+00:00\" \/>\n<meta property=\"og:image\" content=\"https:\/\/tuctuc.ee\/wp-content\/uploads\/2025\/05\/11389943.webp\" \/>\n\t<meta property=\"og:image:width\" content=\"800\" \/>\n\t<meta property=\"og:image:height\" content=\"1000\" \/>\n\t<meta property=\"og:image:type\" content=\"image\/webp\" \/>\n<meta name=\"twitter:card\" content=\"summary_large_image\" \/>\n<meta name=\"twitter:label1\" content=\"Est. reading time\" \/>\n\t<meta name=\"twitter:data1\" content=\"1 minute\" \/>\n<script type=\"application\/ld+json\" class=\"yoast-schema-graph\">{\"@context\":\"https:\/\/schema.org\",\"@graph\":[{\"@type\":\"WebPage\",\"@id\":\"https:\/\/tuctuc.ee\/en\/toode\/suvine-poiste-komplekt-7\/\",\"url\":\"https:\/\/tuctuc.ee\/en\/toode\/suvine-poiste-komplekt-7\/\",\"name\":\"Suvine poiste komplekt - TucTuc Eesti\",\"isPartOf\":{\"@id\":\"https:\/\/tuctuc.ee\/en\/#website\"},\"datePublished\":\"2025-05-16T14:51:24+00:00\",\"dateModified\":\"2026-02-23T14:35:01+00:00\",\"breadcrumb\":{\"@id\":\"https:\/\/tuctuc.ee\/en\/toode\/suvine-poiste-komplekt-7\/#breadcrumb\"},\"inLanguage\":\"en-US\",\"potentialAction\":[{\"@type\":\"ReadAction\",\"target\":[\"https:\/\/tuctuc.ee\/en\/toode\/suvine-poiste-komplekt-7\/\"]}]},{\"@type\":\"BreadcrumbList\",\"@id\":\"https:\/\/tuctuc.ee\/en\/toode\/suvine-poiste-komplekt-7\/#breadcrumb\",\"itemListElement\":[{\"@type\":\"ListItem\",\"position\":1,\"name\":\"Home\",\"item\":\"https:\/\/tuctuc.ee\/en\/?page_id=269\"},{\"@type\":\"ListItem\",\"position\":2,\"name\":\"Shop\",\"item\":\"https:\/\/tuctuc.ee\/shop\/\"},{\"@type\":\"ListItem\",\"position\":3,\"name\":\"Suvine poiste komplekt\"}]},{\"@type\":\"WebSite\",\"@id\":\"https:\/\/tuctuc.ee\/en\/#website\",\"url\":\"https:\/\/tuctuc.ee\/en\/\",\"name\":\"TucTuc Eesti\",\"description\":\"Eesti laster\u00f5ivaste veebipood - Stiilsed riided lastele igale vanusele. Avastage meie valikut n\u00fc\u00fcd!\",\"publisher\":{\"@id\":\"https:\/\/tuctuc.ee\/en\/#organization\"},\"potentialAction\":[{\"@type\":\"SearchAction\",\"target\":{\"@type\":\"EntryPoint\",\"urlTemplate\":\"https:\/\/tuctuc.ee\/en\/?s={search_term_string}\"},\"query-input\":\"required name=search_term_string\"}],\"inLanguage\":\"en-US\"},{\"@type\":\"Organization\",\"@id\":\"https:\/\/tuctuc.ee\/en\/#organization\",\"name\":\"TucTuc Eesti\",\"url\":\"https:\/\/tuctuc.ee\/en\/\",\"logo\":{\"@type\":\"ImageObject\",\"inLanguage\":\"en-US\",\"@id\":\"https:\/\/tuctuc.ee\/en\/#\/schema\/logo\/image\/\",\"url\":\"https:\/\/i0.wp.com\/tuctuc.ee\/wp-content\/uploads\/2023\/10\/logo-164933761541.png?fit=109%2C122&ssl=1\",\"contentUrl\":\"https:\/\/i0.wp.com\/tuctuc.ee\/wp-content\/uploads\/2023\/10\/logo-164933761541.png?fit=109%2C122&ssl=1\",\"width\":109,\"height\":122,\"caption\":\"TucTuc Eesti\"},\"image\":{\"@id\":\"https:\/\/tuctuc.ee\/en\/#\/schema\/logo\/image\/\"}}]}<\/script>\n<!-- \/ Yoast SEO plugin. -->","yoast_head_json":{"title":"Suvine poiste komplekt - TucTuc Eesti","robots":{"index":"index","follow":"follow","max-snippet":"max-snippet:-1","max-image-preview":"max-image-preview:large","max-video-preview":"max-video-preview:-1"},"canonical":"https:\/\/tuctuc.ee\/en\/toode\/suvine-poiste-komplekt-7\/","og_locale":"en_US","og_type":"article","og_title":"Suvine poiste komplekt - TucTuc Eesti","og_description":"Komplekt poistele, mis koosneb l\u00fchikeste varrukatega valgest troopilise tr\u00fckiga T-s\u00e4rgist ja tumesinisest reguleeritava pingutusn\u00f6\u00f6ri ja dekoratiivse detailiga l\u00fchikesest.\u00a0Ilusti sobib igap\u00e4evaseks kandmiseks. Suvine komplekt nii suurtele kui v\u00e4ikestele poistele sobib kanda nii lasteaias, koolis kui ka vabal ajal. Materjal: 100% puuvill. Juhised riiete hooldamiseks ja pesemiseks.\u00a0","og_url":"https:\/\/tuctuc.ee\/en\/toode\/suvine-poiste-komplekt-7\/","og_site_name":"TucTuc Eesti","article_modified_time":"2026-02-23T14:35:01+00:00","og_image":[{"width":800,"height":1000,"url":"https:\/\/tuctuc.ee\/wp-content\/uploads\/2025\/05\/11389943.webp","type":"image\/webp"}],"twitter_card":"summary_large_image","twitter_misc":{"Est. reading time":"1 minute"},"schema":{"@context":"https:\/\/schema.org","@graph":[{"@type":"WebPage","@id":"https:\/\/tuctuc.ee\/en\/toode\/suvine-poiste-komplekt-7\/","url":"https:\/\/tuctuc.ee\/en\/toode\/suvine-poiste-komplekt-7\/","name":"Suvine poiste komplekt - TucTuc Eesti","isPartOf":{"@id":"https:\/\/tuctuc.ee\/en\/#website"},"datePublished":"2025-05-16T14:51:24+00:00","dateModified":"2026-02-23T14:35:01+00:00","breadcrumb":{"@id":"https:\/\/tuctuc.ee\/en\/toode\/suvine-poiste-komplekt-7\/#breadcrumb"},"inLanguage":"en-US","potentialAction":[{"@type":"ReadAction","target":["https:\/\/tuctuc.ee\/en\/toode\/suvine-poiste-komplekt-7\/"]}]},{"@type":"BreadcrumbList","@id":"https:\/\/tuctuc.ee\/en\/toode\/suvine-poiste-komplekt-7\/#breadcrumb","itemListElement":[{"@type":"ListItem","position":1,"name":"Home","item":"https:\/\/tuctuc.ee\/en\/?page_id=269"},{"@type":"ListItem","position":2,"name":"Shop","item":"https:\/\/tuctuc.ee\/shop\/"},{"@type":"ListItem","position":3,"name":"Suvine poiste komplekt"}]},{"@type":"WebSite","@id":"https:\/\/tuctuc.ee\/en\/#website","url":"https:\/\/tuctuc.ee\/en\/","name":"TucTuc Eesti","description":"Eesti laster\u00f5ivaste veebipood - Stiilsed riided lastele igale vanusele. Avastage meie valikut n\u00fc\u00fcd!","publisher":{"@id":"https:\/\/tuctuc.ee\/en\/#organization"},"potentialAction":[{"@type":"SearchAction","target":{"@type":"EntryPoint","urlTemplate":"https:\/\/tuctuc.ee\/en\/?s={search_term_string}"},"query-input":"required name=search_term_string"}],"inLanguage":"en-US"},{"@type":"Organization","@id":"https:\/\/tuctuc.ee\/en\/#organization","name":"TucTuc Eesti","url":"https:\/\/tuctuc.ee\/en\/","logo":{"@type":"ImageObject","inLanguage":"en-US","@id":"https:\/\/tuctuc.ee\/en\/#\/schema\/logo\/image\/","url":"https:\/\/i0.wp.com\/tuctuc.ee\/wp-content\/uploads\/2023\/10\/logo-164933761541.png?fit=109%2C122&ssl=1","contentUrl":"https:\/\/i0.wp.com\/tuctuc.ee\/wp-content\/uploads\/2023\/10\/logo-164933761541.png?fit=109%2C122&ssl=1","width":109,"height":122,"caption":"TucTuc Eesti"},"image":{"@id":"https:\/\/tuctuc.ee\/en\/#\/schema\/logo\/image\/"}}]}},"jetpack_sharing_enabled":true,"_links":{"self":[{"href":"https:\/\/tuctuc.ee\/en\/wp-json\/wp\/v2\/product\/1003973","targetHints":{"allow":["GET"]}}],"collection":[{"href":"https:\/\/tuctuc.ee\/en\/wp-json\/wp\/v2\/product"}],"about":[{"href":"https:\/\/tuctuc.ee\/en\/wp-json\/wp\/v2\/types\/product"}],"replies":[{"embeddable":true,"href":"https:\/\/tuctuc.ee\/en\/wp-json\/wp\/v2\/comments?post=1003973"}],"version-history":[{"count":2,"href":"https:\/\/tuctuc.ee\/en\/wp-json\/wp\/v2\/product\/1003973\/revisions"}],"predecessor-version":[{"id":1003992,"href":"https:\/\/tuctuc.ee\/en\/wp-json\/wp\/v2\/product\/1003973\/revisions\/1003992"}],"wp:featuredmedia":[{"embeddable":true,"href":"https:\/\/tuctuc.ee\/en\/wp-json\/wp\/v2\/media\/1003981"}],"wp:attachment":[{"href":"https:\/\/tuctuc.ee\/en\/wp-json\/wp\/v2\/media?parent=1003973"}],"wp:term":[{"taxonomy":"product_cat","embeddable":true,"href":"https:\/\/tuctuc.ee\/en\/wp-json\/wp\/v2\/product_cat?post=1003973"},{"taxonomy":"product_tag","embeddable":true,"href":"https:\/\/tuctuc.ee\/en\/wp-json\/wp\/v2\/product_tag?post=1003973"}],"curies":[{"name":"wp","href":"https:\/\/api.w.org\/{rel}","templated":true}]}}