{"id":1003790,"date":"2025-05-15T11:45:32","date_gmt":"2025-05-15T08:45:32","guid":{"rendered":"https:\/\/tuctuc.ee\/?post_type=product&#038;p=1003790"},"modified":"2026-03-07T15:53:35","modified_gmt":"2026-03-07T12:53:35","slug":"roosa-seelik-tudrukutele-trukitud-seeliku-ja-hobedase-vooga","status":"publish","type":"product","link":"https:\/\/tuctuc.ee\/en\/toode\/roosa-seelik-tudrukutele-trukitud-seeliku-ja-hobedase-vooga\/","title":{"rendered":"Roosa seelik t\u00fcdrukutele tr\u00fckitud seeliku ja h\u00f5bedase v\u00f6\u00f6ga"},"content":{"rendered":"<div class=\"vgblk-rw-wrapper limit-wrapper\">Roosa seelik t\u00fcdrukutele tr\u00fckitud seeliku ja h\u00f5bedase v\u00f6\u00f6ga. Seelik t\u00fcdrukutele roosa v\u00e4rvi mitmev\u00e4rvilise tr\u00fckitud seeliku ja h\u00f5bedase \u00e4\u00e4risega v\u00f6\u00f6kohas. Ilusti\u00a0 sobib kandmiseks nii lasteaias kui ka vabal ajal.<\/p>\n<p><span class=\"Y2IQFc\" lang=\"et\">Materjal: 95% puuvill, 5% elastaan. <\/span><span class=\"Y2IQFc\" lang=\"et\">Juhised riiete hooldamiseks ja pesemiseks.\u00a0<\/span><\/div>\n<p><!-- .vgblk-rw-wrapper --><\/p>\n","protected":false},"excerpt":{"rendered":"<p>Roosa seelik t\u00fcdrukutele tr\u00fckitud seeliku ja h\u00f5bedase v\u00f6\u00f6ga. Seelik t\u00fcdrukutele roosa v\u00e4rvi mitmev\u00e4rvilise tr\u00fckitud seeliku ja h\u00f5bedase \u00e4\u00e4risega v\u00f6\u00f6kohas. Ilusti\u00a0 sobib kandmiseks nii lasteaias kui ka vabal ajal. Materjal: 95% puuvill, 5% elastaan. Juhised riiete hooldamiseks ja pesemiseks.\u00a0<\/p>\n","protected":false},"featured_media":1003797,"comment_status":"open","ping_status":"closed","template":"","meta":{"_themeisle_gutenberg_block_has_review":false},"product_cat":[428,318],"product_tag":[],"class_list":["post-1003790","product","type-product","status-publish","has-post-thumbnail","hentry","product_cat-seelik","product_cat-tudrukud"],"yoast_head":"<!-- This site is optimized with the Yoast SEO plugin v21.5 - https:\/\/yoast.com\/wordpress\/plugins\/seo\/ -->\n<title>Roosa seelik t\u00fcdrukutele tr\u00fckitud seeliku ja h\u00f5bedase v\u00f6\u00f6ga - TucTuc Eesti<\/title>\n<meta name=\"robots\" content=\"index, follow, max-snippet:-1, max-image-preview:large, max-video-preview:-1\" \/>\n<link rel=\"canonical\" href=\"https:\/\/tuctuc.ee\/en\/toode\/roosa-seelik-tudrukutele-trukitud-seeliku-ja-hobedase-vooga\/\" \/>\n<meta property=\"og:locale\" content=\"en_US\" \/>\n<meta property=\"og:type\" content=\"article\" \/>\n<meta property=\"og:title\" content=\"Roosa seelik t\u00fcdrukutele tr\u00fckitud seeliku ja h\u00f5bedase v\u00f6\u00f6ga - TucTuc Eesti\" \/>\n<meta property=\"og:description\" content=\"Roosa seelik t\u00fcdrukutele tr\u00fckitud seeliku ja h\u00f5bedase v\u00f6\u00f6ga. Seelik t\u00fcdrukutele roosa v\u00e4rvi mitmev\u00e4rvilise tr\u00fckitud seeliku ja h\u00f5bedase \u00e4\u00e4risega v\u00f6\u00f6kohas. Ilusti\u00a0 sobib kandmiseks nii lasteaias kui ka vabal ajal. Materjal: 95% puuvill, 5% elastaan. Juhised riiete hooldamiseks ja pesemiseks.\u00a0\" \/>\n<meta property=\"og:url\" content=\"https:\/\/tuctuc.ee\/en\/toode\/roosa-seelik-tudrukutele-trukitud-seeliku-ja-hobedase-vooga\/\" \/>\n<meta property=\"og:site_name\" content=\"TucTuc Eesti\" \/>\n<meta property=\"article:modified_time\" content=\"2026-03-07T12:53:35+00:00\" \/>\n<meta property=\"og:image\" content=\"https:\/\/tuctuc.ee\/wp-content\/uploads\/2025\/05\/11389397.webp\" \/>\n\t<meta property=\"og:image:width\" content=\"800\" \/>\n\t<meta property=\"og:image:height\" content=\"1000\" \/>\n\t<meta property=\"og:image:type\" content=\"image\/webp\" \/>\n<meta name=\"twitter:card\" content=\"summary_large_image\" \/>\n<meta name=\"twitter:label1\" content=\"Est. reading time\" \/>\n\t<meta name=\"twitter:data1\" content=\"1 minute\" \/>\n<script type=\"application\/ld+json\" class=\"yoast-schema-graph\">{\"@context\":\"https:\/\/schema.org\",\"@graph\":[{\"@type\":\"WebPage\",\"@id\":\"https:\/\/tuctuc.ee\/en\/toode\/roosa-seelik-tudrukutele-trukitud-seeliku-ja-hobedase-vooga\/\",\"url\":\"https:\/\/tuctuc.ee\/en\/toode\/roosa-seelik-tudrukutele-trukitud-seeliku-ja-hobedase-vooga\/\",\"name\":\"Roosa seelik t\u00fcdrukutele tr\u00fckitud seeliku ja h\u00f5bedase v\u00f6\u00f6ga - TucTuc Eesti\",\"isPartOf\":{\"@id\":\"https:\/\/tuctuc.ee\/en\/#website\"},\"datePublished\":\"2025-05-15T08:45:32+00:00\",\"dateModified\":\"2026-03-07T12:53:35+00:00\",\"breadcrumb\":{\"@id\":\"https:\/\/tuctuc.ee\/en\/toode\/roosa-seelik-tudrukutele-trukitud-seeliku-ja-hobedase-vooga\/#breadcrumb\"},\"inLanguage\":\"en-US\",\"potentialAction\":[{\"@type\":\"ReadAction\",\"target\":[\"https:\/\/tuctuc.ee\/en\/toode\/roosa-seelik-tudrukutele-trukitud-seeliku-ja-hobedase-vooga\/\"]}]},{\"@type\":\"BreadcrumbList\",\"@id\":\"https:\/\/tuctuc.ee\/en\/toode\/roosa-seelik-tudrukutele-trukitud-seeliku-ja-hobedase-vooga\/#breadcrumb\",\"itemListElement\":[{\"@type\":\"ListItem\",\"position\":1,\"name\":\"Home\",\"item\":\"https:\/\/tuctuc.ee\/en\/?page_id=269\"},{\"@type\":\"ListItem\",\"position\":2,\"name\":\"Shop\",\"item\":\"https:\/\/tuctuc.ee\/shop\/\"},{\"@type\":\"ListItem\",\"position\":3,\"name\":\"Roosa seelik t\u00fcdrukutele tr\u00fckitud seeliku ja h\u00f5bedase v\u00f6\u00f6ga\"}]},{\"@type\":\"WebSite\",\"@id\":\"https:\/\/tuctuc.ee\/en\/#website\",\"url\":\"https:\/\/tuctuc.ee\/en\/\",\"name\":\"TucTuc Eesti\",\"description\":\"Eesti laster\u00f5ivaste veebipood - Stiilsed riided lastele igale vanusele. Avastage meie valikut n\u00fc\u00fcd!\",\"publisher\":{\"@id\":\"https:\/\/tuctuc.ee\/en\/#organization\"},\"potentialAction\":[{\"@type\":\"SearchAction\",\"target\":{\"@type\":\"EntryPoint\",\"urlTemplate\":\"https:\/\/tuctuc.ee\/en\/?s={search_term_string}\"},\"query-input\":\"required name=search_term_string\"}],\"inLanguage\":\"en-US\"},{\"@type\":\"Organization\",\"@id\":\"https:\/\/tuctuc.ee\/en\/#organization\",\"name\":\"TucTuc Eesti\",\"url\":\"https:\/\/tuctuc.ee\/en\/\",\"logo\":{\"@type\":\"ImageObject\",\"inLanguage\":\"en-US\",\"@id\":\"https:\/\/tuctuc.ee\/en\/#\/schema\/logo\/image\/\",\"url\":\"https:\/\/i0.wp.com\/tuctuc.ee\/wp-content\/uploads\/2023\/10\/logo-164933761541.png?fit=109%2C122&ssl=1\",\"contentUrl\":\"https:\/\/i0.wp.com\/tuctuc.ee\/wp-content\/uploads\/2023\/10\/logo-164933761541.png?fit=109%2C122&ssl=1\",\"width\":109,\"height\":122,\"caption\":\"TucTuc Eesti\"},\"image\":{\"@id\":\"https:\/\/tuctuc.ee\/en\/#\/schema\/logo\/image\/\"}}]}<\/script>\n<!-- \/ Yoast SEO plugin. -->","yoast_head_json":{"title":"Roosa seelik t\u00fcdrukutele tr\u00fckitud seeliku ja h\u00f5bedase v\u00f6\u00f6ga - TucTuc Eesti","robots":{"index":"index","follow":"follow","max-snippet":"max-snippet:-1","max-image-preview":"max-image-preview:large","max-video-preview":"max-video-preview:-1"},"canonical":"https:\/\/tuctuc.ee\/en\/toode\/roosa-seelik-tudrukutele-trukitud-seeliku-ja-hobedase-vooga\/","og_locale":"en_US","og_type":"article","og_title":"Roosa seelik t\u00fcdrukutele tr\u00fckitud seeliku ja h\u00f5bedase v\u00f6\u00f6ga - TucTuc Eesti","og_description":"Roosa seelik t\u00fcdrukutele tr\u00fckitud seeliku ja h\u00f5bedase v\u00f6\u00f6ga. Seelik t\u00fcdrukutele roosa v\u00e4rvi mitmev\u00e4rvilise tr\u00fckitud seeliku ja h\u00f5bedase \u00e4\u00e4risega v\u00f6\u00f6kohas. Ilusti\u00a0 sobib kandmiseks nii lasteaias kui ka vabal ajal. Materjal: 95% puuvill, 5% elastaan. Juhised riiete hooldamiseks ja pesemiseks.\u00a0","og_url":"https:\/\/tuctuc.ee\/en\/toode\/roosa-seelik-tudrukutele-trukitud-seeliku-ja-hobedase-vooga\/","og_site_name":"TucTuc Eesti","article_modified_time":"2026-03-07T12:53:35+00:00","og_image":[{"width":800,"height":1000,"url":"https:\/\/tuctuc.ee\/wp-content\/uploads\/2025\/05\/11389397.webp","type":"image\/webp"}],"twitter_card":"summary_large_image","twitter_misc":{"Est. reading time":"1 minute"},"schema":{"@context":"https:\/\/schema.org","@graph":[{"@type":"WebPage","@id":"https:\/\/tuctuc.ee\/en\/toode\/roosa-seelik-tudrukutele-trukitud-seeliku-ja-hobedase-vooga\/","url":"https:\/\/tuctuc.ee\/en\/toode\/roosa-seelik-tudrukutele-trukitud-seeliku-ja-hobedase-vooga\/","name":"Roosa seelik t\u00fcdrukutele tr\u00fckitud seeliku ja h\u00f5bedase v\u00f6\u00f6ga - TucTuc Eesti","isPartOf":{"@id":"https:\/\/tuctuc.ee\/en\/#website"},"datePublished":"2025-05-15T08:45:32+00:00","dateModified":"2026-03-07T12:53:35+00:00","breadcrumb":{"@id":"https:\/\/tuctuc.ee\/en\/toode\/roosa-seelik-tudrukutele-trukitud-seeliku-ja-hobedase-vooga\/#breadcrumb"},"inLanguage":"en-US","potentialAction":[{"@type":"ReadAction","target":["https:\/\/tuctuc.ee\/en\/toode\/roosa-seelik-tudrukutele-trukitud-seeliku-ja-hobedase-vooga\/"]}]},{"@type":"BreadcrumbList","@id":"https:\/\/tuctuc.ee\/en\/toode\/roosa-seelik-tudrukutele-trukitud-seeliku-ja-hobedase-vooga\/#breadcrumb","itemListElement":[{"@type":"ListItem","position":1,"name":"Home","item":"https:\/\/tuctuc.ee\/en\/?page_id=269"},{"@type":"ListItem","position":2,"name":"Shop","item":"https:\/\/tuctuc.ee\/shop\/"},{"@type":"ListItem","position":3,"name":"Roosa seelik t\u00fcdrukutele tr\u00fckitud seeliku ja h\u00f5bedase v\u00f6\u00f6ga"}]},{"@type":"WebSite","@id":"https:\/\/tuctuc.ee\/en\/#website","url":"https:\/\/tuctuc.ee\/en\/","name":"TucTuc Eesti","description":"Eesti laster\u00f5ivaste veebipood - Stiilsed riided lastele igale vanusele. Avastage meie valikut n\u00fc\u00fcd!","publisher":{"@id":"https:\/\/tuctuc.ee\/en\/#organization"},"potentialAction":[{"@type":"SearchAction","target":{"@type":"EntryPoint","urlTemplate":"https:\/\/tuctuc.ee\/en\/?s={search_term_string}"},"query-input":"required name=search_term_string"}],"inLanguage":"en-US"},{"@type":"Organization","@id":"https:\/\/tuctuc.ee\/en\/#organization","name":"TucTuc Eesti","url":"https:\/\/tuctuc.ee\/en\/","logo":{"@type":"ImageObject","inLanguage":"en-US","@id":"https:\/\/tuctuc.ee\/en\/#\/schema\/logo\/image\/","url":"https:\/\/i0.wp.com\/tuctuc.ee\/wp-content\/uploads\/2023\/10\/logo-164933761541.png?fit=109%2C122&ssl=1","contentUrl":"https:\/\/i0.wp.com\/tuctuc.ee\/wp-content\/uploads\/2023\/10\/logo-164933761541.png?fit=109%2C122&ssl=1","width":109,"height":122,"caption":"TucTuc Eesti"},"image":{"@id":"https:\/\/tuctuc.ee\/en\/#\/schema\/logo\/image\/"}}]}},"jetpack_sharing_enabled":true,"_links":{"self":[{"href":"https:\/\/tuctuc.ee\/en\/wp-json\/wp\/v2\/product\/1003790","targetHints":{"allow":["GET"]}}],"collection":[{"href":"https:\/\/tuctuc.ee\/en\/wp-json\/wp\/v2\/product"}],"about":[{"href":"https:\/\/tuctuc.ee\/en\/wp-json\/wp\/v2\/types\/product"}],"replies":[{"embeddable":true,"href":"https:\/\/tuctuc.ee\/en\/wp-json\/wp\/v2\/comments?post=1003790"}],"version-history":[{"count":1,"href":"https:\/\/tuctuc.ee\/en\/wp-json\/wp\/v2\/product\/1003790\/revisions"}],"predecessor-version":[{"id":1003805,"href":"https:\/\/tuctuc.ee\/en\/wp-json\/wp\/v2\/product\/1003790\/revisions\/1003805"}],"wp:featuredmedia":[{"embeddable":true,"href":"https:\/\/tuctuc.ee\/en\/wp-json\/wp\/v2\/media\/1003797"}],"wp:attachment":[{"href":"https:\/\/tuctuc.ee\/en\/wp-json\/wp\/v2\/media?parent=1003790"}],"wp:term":[{"taxonomy":"product_cat","embeddable":true,"href":"https:\/\/tuctuc.ee\/en\/wp-json\/wp\/v2\/product_cat?post=1003790"},{"taxonomy":"product_tag","embeddable":true,"href":"https:\/\/tuctuc.ee\/en\/wp-json\/wp\/v2\/product_tag?post=1003790"}],"curies":[{"name":"wp","href":"https:\/\/api.w.org\/{rel}","templated":true}]}}