{"id":1003616,"date":"2025-03-27T19:15:16","date_gmt":"2025-03-27T16:15:16","guid":{"rendered":"https:\/\/tuctuc.ee\/?post_type=product&#038;p=1003616"},"modified":"2025-08-08T10:20:57","modified_gmt":"2025-08-08T07:20:57","slug":"erksa-helesinine-poiste-luhikesed-puksid-2","status":"publish","type":"product","link":"https:\/\/tuctuc.ee\/en\/toode\/erksa-helesinine-poiste-luhikesed-puksid-2\/","title":{"rendered":"Erksa helesinine poiste l\u00fchikesed p\u00fcksid"},"content":{"rendered":"<div class=\"vgblk-rw-wrapper limit-wrapper\">Erksa helesinine poiste l\u00fchikesed p\u00fcksid. Pehmest trikotaa\u017ekangast valmistatud mugavad l\u00fchikesed p\u00fcksid, millel on kaks k\u00fcljetaskut ning elastne kummiv\u00e4rvel. L\u00fchikesed p\u00fcksid poistele sobib kanda nii lasteaias, koolis kui ka vabal ajal. Ilusti sobib igap\u00e4evaseks kandmiseks.<\/p>\n<p><span class=\"Y2IQFc\" lang=\"et\">Materjal: 100% puuvill. <\/span><span class=\"Y2IQFc\" lang=\"et\">Juhised riiete hooldamiseks ja pesemiseks.\u00a0<\/span><\/div>\n<p><!-- .vgblk-rw-wrapper --><\/p>\n","protected":false},"excerpt":{"rendered":"<p>Erksa helesinine poiste l\u00fchikesed p\u00fcksid. Pehmest trikotaa\u017ekangast valmistatud mugavad l\u00fchikesed p\u00fcksid, millel on kaks k\u00fcljetaskut ning elastne kummiv\u00e4rvel. L\u00fchikesed p\u00fcksid poistele sobib kanda nii lasteaias, koolis kui ka vabal ajal. Ilusti sobib igap\u00e4evaseks kandmiseks. Materjal: 100% puuvill. Juhised riiete hooldamiseks ja pesemiseks.\u00a0<\/p>\n","protected":false},"featured_media":1003619,"comment_status":"open","ping_status":"closed","template":"","meta":{"_themeisle_gutenberg_block_has_review":false},"product_cat":[420,317],"product_tag":[],"class_list":["post-1003616","product","type-product","status-publish","has-post-thumbnail","hentry","product_cat-luhikesed-puksid","product_cat-poisid"],"yoast_head":"<!-- This site is optimized with the Yoast SEO plugin v21.5 - https:\/\/yoast.com\/wordpress\/plugins\/seo\/ -->\n<title>Erksa helesinine poiste l\u00fchikesed p\u00fcksid - TucTuc Eesti<\/title>\n<meta name=\"robots\" content=\"index, follow, max-snippet:-1, max-image-preview:large, max-video-preview:-1\" \/>\n<link rel=\"canonical\" href=\"https:\/\/tuctuc.ee\/en\/toode\/erksa-helesinine-poiste-luhikesed-puksid-2\/\" \/>\n<meta property=\"og:locale\" content=\"en_US\" \/>\n<meta property=\"og:type\" content=\"article\" \/>\n<meta property=\"og:title\" content=\"Erksa helesinine poiste l\u00fchikesed p\u00fcksid - TucTuc Eesti\" \/>\n<meta property=\"og:description\" content=\"Erksa helesinine poiste l\u00fchikesed p\u00fcksid. Pehmest trikotaa\u017ekangast valmistatud mugavad l\u00fchikesed p\u00fcksid, millel on kaks k\u00fcljetaskut ning elastne kummiv\u00e4rvel. L\u00fchikesed p\u00fcksid poistele sobib kanda nii lasteaias, koolis kui ka vabal ajal. Ilusti sobib igap\u00e4evaseks kandmiseks. Materjal: 100% puuvill. Juhised riiete hooldamiseks ja pesemiseks.\u00a0\" \/>\n<meta property=\"og:url\" content=\"https:\/\/tuctuc.ee\/en\/toode\/erksa-helesinine-poiste-luhikesed-puksid-2\/\" \/>\n<meta property=\"og:site_name\" content=\"TucTuc Eesti\" \/>\n<meta property=\"article:modified_time\" content=\"2025-08-08T07:20:57+00:00\" \/>\n<meta property=\"og:image\" content=\"https:\/\/tuctuc.ee\/wp-content\/uploads\/2025\/03\/11369624.jpg\" \/>\n\t<meta property=\"og:image:width\" content=\"800\" \/>\n\t<meta property=\"og:image:height\" content=\"800\" \/>\n\t<meta property=\"og:image:type\" content=\"image\/jpeg\" \/>\n<meta name=\"twitter:card\" content=\"summary_large_image\" \/>\n<meta name=\"twitter:label1\" content=\"Est. reading time\" \/>\n\t<meta name=\"twitter:data1\" content=\"1 minute\" \/>\n<script type=\"application\/ld+json\" class=\"yoast-schema-graph\">{\"@context\":\"https:\/\/schema.org\",\"@graph\":[{\"@type\":\"WebPage\",\"@id\":\"https:\/\/tuctuc.ee\/en\/toode\/erksa-helesinine-poiste-luhikesed-puksid-2\/\",\"url\":\"https:\/\/tuctuc.ee\/en\/toode\/erksa-helesinine-poiste-luhikesed-puksid-2\/\",\"name\":\"Erksa helesinine poiste l\u00fchikesed p\u00fcksid - TucTuc Eesti\",\"isPartOf\":{\"@id\":\"https:\/\/tuctuc.ee\/en\/#website\"},\"datePublished\":\"2025-03-27T16:15:16+00:00\",\"dateModified\":\"2025-08-08T07:20:57+00:00\",\"breadcrumb\":{\"@id\":\"https:\/\/tuctuc.ee\/en\/toode\/erksa-helesinine-poiste-luhikesed-puksid-2\/#breadcrumb\"},\"inLanguage\":\"en-US\",\"potentialAction\":[{\"@type\":\"ReadAction\",\"target\":[\"https:\/\/tuctuc.ee\/en\/toode\/erksa-helesinine-poiste-luhikesed-puksid-2\/\"]}]},{\"@type\":\"BreadcrumbList\",\"@id\":\"https:\/\/tuctuc.ee\/en\/toode\/erksa-helesinine-poiste-luhikesed-puksid-2\/#breadcrumb\",\"itemListElement\":[{\"@type\":\"ListItem\",\"position\":1,\"name\":\"Home\",\"item\":\"https:\/\/tuctuc.ee\/en\/?page_id=269\"},{\"@type\":\"ListItem\",\"position\":2,\"name\":\"Shop\",\"item\":\"https:\/\/tuctuc.ee\/shop\/\"},{\"@type\":\"ListItem\",\"position\":3,\"name\":\"Erksa helesinine poiste l\u00fchikesed p\u00fcksid\"}]},{\"@type\":\"WebSite\",\"@id\":\"https:\/\/tuctuc.ee\/en\/#website\",\"url\":\"https:\/\/tuctuc.ee\/en\/\",\"name\":\"TucTuc Eesti\",\"description\":\"Eesti laster\u00f5ivaste veebipood - Stiilsed riided lastele igale vanusele. Avastage meie valikut n\u00fc\u00fcd!\",\"publisher\":{\"@id\":\"https:\/\/tuctuc.ee\/en\/#organization\"},\"potentialAction\":[{\"@type\":\"SearchAction\",\"target\":{\"@type\":\"EntryPoint\",\"urlTemplate\":\"https:\/\/tuctuc.ee\/en\/?s={search_term_string}\"},\"query-input\":\"required name=search_term_string\"}],\"inLanguage\":\"en-US\"},{\"@type\":\"Organization\",\"@id\":\"https:\/\/tuctuc.ee\/en\/#organization\",\"name\":\"TucTuc Eesti\",\"url\":\"https:\/\/tuctuc.ee\/en\/\",\"logo\":{\"@type\":\"ImageObject\",\"inLanguage\":\"en-US\",\"@id\":\"https:\/\/tuctuc.ee\/en\/#\/schema\/logo\/image\/\",\"url\":\"https:\/\/i0.wp.com\/tuctuc.ee\/wp-content\/uploads\/2023\/10\/logo-164933761541.png?fit=109%2C122&ssl=1\",\"contentUrl\":\"https:\/\/i0.wp.com\/tuctuc.ee\/wp-content\/uploads\/2023\/10\/logo-164933761541.png?fit=109%2C122&ssl=1\",\"width\":109,\"height\":122,\"caption\":\"TucTuc Eesti\"},\"image\":{\"@id\":\"https:\/\/tuctuc.ee\/en\/#\/schema\/logo\/image\/\"}}]}<\/script>\n<!-- \/ Yoast SEO plugin. -->","yoast_head_json":{"title":"Erksa helesinine poiste l\u00fchikesed p\u00fcksid - TucTuc Eesti","robots":{"index":"index","follow":"follow","max-snippet":"max-snippet:-1","max-image-preview":"max-image-preview:large","max-video-preview":"max-video-preview:-1"},"canonical":"https:\/\/tuctuc.ee\/en\/toode\/erksa-helesinine-poiste-luhikesed-puksid-2\/","og_locale":"en_US","og_type":"article","og_title":"Erksa helesinine poiste l\u00fchikesed p\u00fcksid - TucTuc Eesti","og_description":"Erksa helesinine poiste l\u00fchikesed p\u00fcksid. Pehmest trikotaa\u017ekangast valmistatud mugavad l\u00fchikesed p\u00fcksid, millel on kaks k\u00fcljetaskut ning elastne kummiv\u00e4rvel. L\u00fchikesed p\u00fcksid poistele sobib kanda nii lasteaias, koolis kui ka vabal ajal. Ilusti sobib igap\u00e4evaseks kandmiseks. Materjal: 100% puuvill. Juhised riiete hooldamiseks ja pesemiseks.\u00a0","og_url":"https:\/\/tuctuc.ee\/en\/toode\/erksa-helesinine-poiste-luhikesed-puksid-2\/","og_site_name":"TucTuc Eesti","article_modified_time":"2025-08-08T07:20:57+00:00","og_image":[{"width":800,"height":800,"url":"https:\/\/tuctuc.ee\/wp-content\/uploads\/2025\/03\/11369624.jpg","type":"image\/jpeg"}],"twitter_card":"summary_large_image","twitter_misc":{"Est. reading time":"1 minute"},"schema":{"@context":"https:\/\/schema.org","@graph":[{"@type":"WebPage","@id":"https:\/\/tuctuc.ee\/en\/toode\/erksa-helesinine-poiste-luhikesed-puksid-2\/","url":"https:\/\/tuctuc.ee\/en\/toode\/erksa-helesinine-poiste-luhikesed-puksid-2\/","name":"Erksa helesinine poiste l\u00fchikesed p\u00fcksid - TucTuc Eesti","isPartOf":{"@id":"https:\/\/tuctuc.ee\/en\/#website"},"datePublished":"2025-03-27T16:15:16+00:00","dateModified":"2025-08-08T07:20:57+00:00","breadcrumb":{"@id":"https:\/\/tuctuc.ee\/en\/toode\/erksa-helesinine-poiste-luhikesed-puksid-2\/#breadcrumb"},"inLanguage":"en-US","potentialAction":[{"@type":"ReadAction","target":["https:\/\/tuctuc.ee\/en\/toode\/erksa-helesinine-poiste-luhikesed-puksid-2\/"]}]},{"@type":"BreadcrumbList","@id":"https:\/\/tuctuc.ee\/en\/toode\/erksa-helesinine-poiste-luhikesed-puksid-2\/#breadcrumb","itemListElement":[{"@type":"ListItem","position":1,"name":"Home","item":"https:\/\/tuctuc.ee\/en\/?page_id=269"},{"@type":"ListItem","position":2,"name":"Shop","item":"https:\/\/tuctuc.ee\/shop\/"},{"@type":"ListItem","position":3,"name":"Erksa helesinine poiste l\u00fchikesed p\u00fcksid"}]},{"@type":"WebSite","@id":"https:\/\/tuctuc.ee\/en\/#website","url":"https:\/\/tuctuc.ee\/en\/","name":"TucTuc Eesti","description":"Eesti laster\u00f5ivaste veebipood - Stiilsed riided lastele igale vanusele. Avastage meie valikut n\u00fc\u00fcd!","publisher":{"@id":"https:\/\/tuctuc.ee\/en\/#organization"},"potentialAction":[{"@type":"SearchAction","target":{"@type":"EntryPoint","urlTemplate":"https:\/\/tuctuc.ee\/en\/?s={search_term_string}"},"query-input":"required name=search_term_string"}],"inLanguage":"en-US"},{"@type":"Organization","@id":"https:\/\/tuctuc.ee\/en\/#organization","name":"TucTuc Eesti","url":"https:\/\/tuctuc.ee\/en\/","logo":{"@type":"ImageObject","inLanguage":"en-US","@id":"https:\/\/tuctuc.ee\/en\/#\/schema\/logo\/image\/","url":"https:\/\/i0.wp.com\/tuctuc.ee\/wp-content\/uploads\/2023\/10\/logo-164933761541.png?fit=109%2C122&ssl=1","contentUrl":"https:\/\/i0.wp.com\/tuctuc.ee\/wp-content\/uploads\/2023\/10\/logo-164933761541.png?fit=109%2C122&ssl=1","width":109,"height":122,"caption":"TucTuc Eesti"},"image":{"@id":"https:\/\/tuctuc.ee\/en\/#\/schema\/logo\/image\/"}}]}},"jetpack_sharing_enabled":true,"_links":{"self":[{"href":"https:\/\/tuctuc.ee\/en\/wp-json\/wp\/v2\/product\/1003616","targetHints":{"allow":["GET"]}}],"collection":[{"href":"https:\/\/tuctuc.ee\/en\/wp-json\/wp\/v2\/product"}],"about":[{"href":"https:\/\/tuctuc.ee\/en\/wp-json\/wp\/v2\/types\/product"}],"replies":[{"embeddable":true,"href":"https:\/\/tuctuc.ee\/en\/wp-json\/wp\/v2\/comments?post=1003616"}],"version-history":[{"count":2,"href":"https:\/\/tuctuc.ee\/en\/wp-json\/wp\/v2\/product\/1003616\/revisions"}],"predecessor-version":[{"id":1003631,"href":"https:\/\/tuctuc.ee\/en\/wp-json\/wp\/v2\/product\/1003616\/revisions\/1003631"}],"wp:featuredmedia":[{"embeddable":true,"href":"https:\/\/tuctuc.ee\/en\/wp-json\/wp\/v2\/media\/1003619"}],"wp:attachment":[{"href":"https:\/\/tuctuc.ee\/en\/wp-json\/wp\/v2\/media?parent=1003616"}],"wp:term":[{"taxonomy":"product_cat","embeddable":true,"href":"https:\/\/tuctuc.ee\/en\/wp-json\/wp\/v2\/product_cat?post=1003616"},{"taxonomy":"product_tag","embeddable":true,"href":"https:\/\/tuctuc.ee\/en\/wp-json\/wp\/v2\/product_tag?post=1003616"}],"curies":[{"name":"wp","href":"https:\/\/api.w.org\/{rel}","templated":true}]}}