{"id":1003406,"date":"2025-03-26T19:25:38","date_gmt":"2025-03-26T16:25:38","guid":{"rendered":"https:\/\/tuctuc.ee\/?post_type=product&#038;p=1003406"},"modified":"2025-06-25T20:19:22","modified_gmt":"2025-06-25T17:19:22","slug":"elegantse-disainiga-valge-pluus-tudrukutele","status":"publish","type":"product","link":"https:\/\/tuctuc.ee\/en\/toode\/elegantse-disainiga-valge-pluus-tudrukutele\/","title":{"rendered":"Elegantse disainiga valge pluus t\u00fcdrukutele"},"content":{"rendered":"<div class=\"vgblk-rw-wrapper limit-wrapper\">\n<p id=\"tw-target-text\" class=\"tw-data-text tw-text-large tw-ta\" dir=\"ltr\" data-placeholder=\"Translation\" data-ved=\"2ahUKEwi36dOP0qeMAxVzgP0HHWM7IHgQ3ewLegQICBAV\" aria-label=\"Translated text: Minimalistliku ja elegantse disainiga valge dressipluus t\u00fcdrukutele, mis on kaunistatud v\u00e4ikeste metalsete aplikatsioonidega, mis lisavad s\u00e4ra ja eristuvust. R\u00f5ival on pikad varrukad ja elastsed k\u00e4tised, mis tagavad mugava ja stiilse istuvuse. See dressipluus sobib ideaalselt kombineerimiseks erinevate stiilidega, alates igap\u00e4evasest kuni ametlikumani, pakkudes alati \u0161ikki ja modernset v\u00e4limust.\"><span class=\"Y2IQFc\" lang=\"et\">Minimalistliku ja elegantse disainiga valge pluus t\u00fcdrukutele, mis on kaunistatud v\u00e4ikeste metalsete aplikatsioonidega, mis lisavad s\u00e4ra ja eristuvust. R\u00f5ival on pikad varrukad ja elastsed k\u00e4tised, mis tagavad mugava ja stiilse istuvuse. See pluus sobib ideaalselt kombineerimiseks erinevate stiilidega, alates igap\u00e4evasest kuni ametlikumani, pakkudes alati \u0161ikki ja modernset v\u00e4limust.<\/span><\/p>\n<p>Materjal: 100% puuvill. Juhised riiete hooldamiseks ja pesemiseks.<\/p><\/div>\n<p><!-- .vgblk-rw-wrapper --><\/p>\n","protected":false},"excerpt":{"rendered":"<p>Minimalistliku ja elegantse disainiga valge pluus t\u00fcdrukutele, mis on kaunistatud v\u00e4ikeste metalsete aplikatsioonidega, mis lisavad s\u00e4ra ja eristuvust. R\u00f5ival on pikad varrukad ja elastsed k\u00e4tised, mis tagavad mugava ja stiilse istuvuse. See pluus sobib ideaalselt kombineerimiseks erinevate stiilidega, alates igap\u00e4evasest kuni ametlikumani, pakkudes alati \u0161ikki ja modernset v\u00e4limust. Materjal: 100% puuvill. Juhised riiete hooldamiseks ja&#8230;<\/p>\n","protected":false},"featured_media":1003410,"comment_status":"open","ping_status":"closed","template":"","meta":{"_themeisle_gutenberg_block_has_review":false},"product_cat":[430,318],"product_tag":[],"class_list":["post-1003406","product","type-product","status-publish","has-post-thumbnail","hentry","product_cat-t-sark-pikkade-varrukatega","product_cat-tudrukud"],"yoast_head":"<!-- This site is optimized with the Yoast SEO plugin v21.5 - https:\/\/yoast.com\/wordpress\/plugins\/seo\/ -->\n<title>Elegantse disainiga valge pluus t\u00fcdrukutele - TucTuc Eesti<\/title>\n<meta name=\"robots\" content=\"index, follow, max-snippet:-1, max-image-preview:large, max-video-preview:-1\" \/>\n<link rel=\"canonical\" href=\"https:\/\/tuctuc.ee\/en\/toode\/elegantse-disainiga-valge-pluus-tudrukutele\/\" \/>\n<meta property=\"og:locale\" content=\"en_US\" \/>\n<meta property=\"og:type\" content=\"article\" \/>\n<meta property=\"og:title\" content=\"Elegantse disainiga valge pluus t\u00fcdrukutele - TucTuc Eesti\" \/>\n<meta property=\"og:description\" content=\"Minimalistliku ja elegantse disainiga valge pluus t\u00fcdrukutele, mis on kaunistatud v\u00e4ikeste metalsete aplikatsioonidega, mis lisavad s\u00e4ra ja eristuvust. R\u00f5ival on pikad varrukad ja elastsed k\u00e4tised, mis tagavad mugava ja stiilse istuvuse. See pluus sobib ideaalselt kombineerimiseks erinevate stiilidega, alates igap\u00e4evasest kuni ametlikumani, pakkudes alati \u0161ikki ja modernset v\u00e4limust. Materjal: 100% puuvill. Juhised riiete hooldamiseks ja...\" \/>\n<meta property=\"og:url\" content=\"https:\/\/tuctuc.ee\/en\/toode\/elegantse-disainiga-valge-pluus-tudrukutele\/\" \/>\n<meta property=\"og:site_name\" content=\"TucTuc Eesti\" \/>\n<meta property=\"article:modified_time\" content=\"2025-06-25T17:19:22+00:00\" \/>\n<meta property=\"og:image\" content=\"https:\/\/tuctuc.ee\/wp-content\/uploads\/2025\/03\/KG07T101W1.webp\" \/>\n\t<meta property=\"og:image:width\" content=\"800\" \/>\n\t<meta property=\"og:image:height\" content=\"1000\" \/>\n\t<meta property=\"og:image:type\" content=\"image\/webp\" \/>\n<meta name=\"twitter:card\" content=\"summary_large_image\" \/>\n<meta name=\"twitter:label1\" content=\"Est. reading time\" \/>\n\t<meta name=\"twitter:data1\" content=\"1 minute\" \/>\n<script type=\"application\/ld+json\" class=\"yoast-schema-graph\">{\"@context\":\"https:\/\/schema.org\",\"@graph\":[{\"@type\":\"WebPage\",\"@id\":\"https:\/\/tuctuc.ee\/en\/toode\/elegantse-disainiga-valge-pluus-tudrukutele\/\",\"url\":\"https:\/\/tuctuc.ee\/en\/toode\/elegantse-disainiga-valge-pluus-tudrukutele\/\",\"name\":\"Elegantse disainiga valge pluus t\u00fcdrukutele - TucTuc Eesti\",\"isPartOf\":{\"@id\":\"https:\/\/tuctuc.ee\/en\/#website\"},\"datePublished\":\"2025-03-26T16:25:38+00:00\",\"dateModified\":\"2025-06-25T17:19:22+00:00\",\"breadcrumb\":{\"@id\":\"https:\/\/tuctuc.ee\/en\/toode\/elegantse-disainiga-valge-pluus-tudrukutele\/#breadcrumb\"},\"inLanguage\":\"en-US\",\"potentialAction\":[{\"@type\":\"ReadAction\",\"target\":[\"https:\/\/tuctuc.ee\/en\/toode\/elegantse-disainiga-valge-pluus-tudrukutele\/\"]}]},{\"@type\":\"BreadcrumbList\",\"@id\":\"https:\/\/tuctuc.ee\/en\/toode\/elegantse-disainiga-valge-pluus-tudrukutele\/#breadcrumb\",\"itemListElement\":[{\"@type\":\"ListItem\",\"position\":1,\"name\":\"Home\",\"item\":\"https:\/\/tuctuc.ee\/en\/?page_id=269\"},{\"@type\":\"ListItem\",\"position\":2,\"name\":\"Shop\",\"item\":\"https:\/\/tuctuc.ee\/shop\/\"},{\"@type\":\"ListItem\",\"position\":3,\"name\":\"Elegantse disainiga valge pluus t\u00fcdrukutele\"}]},{\"@type\":\"WebSite\",\"@id\":\"https:\/\/tuctuc.ee\/en\/#website\",\"url\":\"https:\/\/tuctuc.ee\/en\/\",\"name\":\"TucTuc Eesti\",\"description\":\"Eesti laster\u00f5ivaste veebipood - Stiilsed riided lastele igale vanusele. Avastage meie valikut n\u00fc\u00fcd!\",\"publisher\":{\"@id\":\"https:\/\/tuctuc.ee\/en\/#organization\"},\"potentialAction\":[{\"@type\":\"SearchAction\",\"target\":{\"@type\":\"EntryPoint\",\"urlTemplate\":\"https:\/\/tuctuc.ee\/en\/?s={search_term_string}\"},\"query-input\":\"required name=search_term_string\"}],\"inLanguage\":\"en-US\"},{\"@type\":\"Organization\",\"@id\":\"https:\/\/tuctuc.ee\/en\/#organization\",\"name\":\"TucTuc Eesti\",\"url\":\"https:\/\/tuctuc.ee\/en\/\",\"logo\":{\"@type\":\"ImageObject\",\"inLanguage\":\"en-US\",\"@id\":\"https:\/\/tuctuc.ee\/en\/#\/schema\/logo\/image\/\",\"url\":\"https:\/\/i0.wp.com\/tuctuc.ee\/wp-content\/uploads\/2023\/10\/logo-164933761541.png?fit=109%2C122&ssl=1\",\"contentUrl\":\"https:\/\/i0.wp.com\/tuctuc.ee\/wp-content\/uploads\/2023\/10\/logo-164933761541.png?fit=109%2C122&ssl=1\",\"width\":109,\"height\":122,\"caption\":\"TucTuc Eesti\"},\"image\":{\"@id\":\"https:\/\/tuctuc.ee\/en\/#\/schema\/logo\/image\/\"}}]}<\/script>\n<!-- \/ Yoast SEO plugin. -->","yoast_head_json":{"title":"Elegantse disainiga valge pluus t\u00fcdrukutele - TucTuc Eesti","robots":{"index":"index","follow":"follow","max-snippet":"max-snippet:-1","max-image-preview":"max-image-preview:large","max-video-preview":"max-video-preview:-1"},"canonical":"https:\/\/tuctuc.ee\/en\/toode\/elegantse-disainiga-valge-pluus-tudrukutele\/","og_locale":"en_US","og_type":"article","og_title":"Elegantse disainiga valge pluus t\u00fcdrukutele - TucTuc Eesti","og_description":"Minimalistliku ja elegantse disainiga valge pluus t\u00fcdrukutele, mis on kaunistatud v\u00e4ikeste metalsete aplikatsioonidega, mis lisavad s\u00e4ra ja eristuvust. R\u00f5ival on pikad varrukad ja elastsed k\u00e4tised, mis tagavad mugava ja stiilse istuvuse. See pluus sobib ideaalselt kombineerimiseks erinevate stiilidega, alates igap\u00e4evasest kuni ametlikumani, pakkudes alati \u0161ikki ja modernset v\u00e4limust. Materjal: 100% puuvill. Juhised riiete hooldamiseks ja...","og_url":"https:\/\/tuctuc.ee\/en\/toode\/elegantse-disainiga-valge-pluus-tudrukutele\/","og_site_name":"TucTuc Eesti","article_modified_time":"2025-06-25T17:19:22+00:00","og_image":[{"width":800,"height":1000,"url":"https:\/\/tuctuc.ee\/wp-content\/uploads\/2025\/03\/KG07T101W1.webp","type":"image\/webp"}],"twitter_card":"summary_large_image","twitter_misc":{"Est. reading time":"1 minute"},"schema":{"@context":"https:\/\/schema.org","@graph":[{"@type":"WebPage","@id":"https:\/\/tuctuc.ee\/en\/toode\/elegantse-disainiga-valge-pluus-tudrukutele\/","url":"https:\/\/tuctuc.ee\/en\/toode\/elegantse-disainiga-valge-pluus-tudrukutele\/","name":"Elegantse disainiga valge pluus t\u00fcdrukutele - TucTuc Eesti","isPartOf":{"@id":"https:\/\/tuctuc.ee\/en\/#website"},"datePublished":"2025-03-26T16:25:38+00:00","dateModified":"2025-06-25T17:19:22+00:00","breadcrumb":{"@id":"https:\/\/tuctuc.ee\/en\/toode\/elegantse-disainiga-valge-pluus-tudrukutele\/#breadcrumb"},"inLanguage":"en-US","potentialAction":[{"@type":"ReadAction","target":["https:\/\/tuctuc.ee\/en\/toode\/elegantse-disainiga-valge-pluus-tudrukutele\/"]}]},{"@type":"BreadcrumbList","@id":"https:\/\/tuctuc.ee\/en\/toode\/elegantse-disainiga-valge-pluus-tudrukutele\/#breadcrumb","itemListElement":[{"@type":"ListItem","position":1,"name":"Home","item":"https:\/\/tuctuc.ee\/en\/?page_id=269"},{"@type":"ListItem","position":2,"name":"Shop","item":"https:\/\/tuctuc.ee\/shop\/"},{"@type":"ListItem","position":3,"name":"Elegantse disainiga valge pluus t\u00fcdrukutele"}]},{"@type":"WebSite","@id":"https:\/\/tuctuc.ee\/en\/#website","url":"https:\/\/tuctuc.ee\/en\/","name":"TucTuc Eesti","description":"Eesti laster\u00f5ivaste veebipood - Stiilsed riided lastele igale vanusele. Avastage meie valikut n\u00fc\u00fcd!","publisher":{"@id":"https:\/\/tuctuc.ee\/en\/#organization"},"potentialAction":[{"@type":"SearchAction","target":{"@type":"EntryPoint","urlTemplate":"https:\/\/tuctuc.ee\/en\/?s={search_term_string}"},"query-input":"required name=search_term_string"}],"inLanguage":"en-US"},{"@type":"Organization","@id":"https:\/\/tuctuc.ee\/en\/#organization","name":"TucTuc Eesti","url":"https:\/\/tuctuc.ee\/en\/","logo":{"@type":"ImageObject","inLanguage":"en-US","@id":"https:\/\/tuctuc.ee\/en\/#\/schema\/logo\/image\/","url":"https:\/\/i0.wp.com\/tuctuc.ee\/wp-content\/uploads\/2023\/10\/logo-164933761541.png?fit=109%2C122&ssl=1","contentUrl":"https:\/\/i0.wp.com\/tuctuc.ee\/wp-content\/uploads\/2023\/10\/logo-164933761541.png?fit=109%2C122&ssl=1","width":109,"height":122,"caption":"TucTuc Eesti"},"image":{"@id":"https:\/\/tuctuc.ee\/en\/#\/schema\/logo\/image\/"}}]}},"jetpack_sharing_enabled":true,"_links":{"self":[{"href":"https:\/\/tuctuc.ee\/en\/wp-json\/wp\/v2\/product\/1003406","targetHints":{"allow":["GET"]}}],"collection":[{"href":"https:\/\/tuctuc.ee\/en\/wp-json\/wp\/v2\/product"}],"about":[{"href":"https:\/\/tuctuc.ee\/en\/wp-json\/wp\/v2\/types\/product"}],"replies":[{"embeddable":true,"href":"https:\/\/tuctuc.ee\/en\/wp-json\/wp\/v2\/comments?post=1003406"}],"version-history":[{"count":1,"href":"https:\/\/tuctuc.ee\/en\/wp-json\/wp\/v2\/product\/1003406\/revisions"}],"predecessor-version":[{"id":1003420,"href":"https:\/\/tuctuc.ee\/en\/wp-json\/wp\/v2\/product\/1003406\/revisions\/1003420"}],"wp:featuredmedia":[{"embeddable":true,"href":"https:\/\/tuctuc.ee\/en\/wp-json\/wp\/v2\/media\/1003410"}],"wp:attachment":[{"href":"https:\/\/tuctuc.ee\/en\/wp-json\/wp\/v2\/media?parent=1003406"}],"wp:term":[{"taxonomy":"product_cat","embeddable":true,"href":"https:\/\/tuctuc.ee\/en\/wp-json\/wp\/v2\/product_cat?post=1003406"},{"taxonomy":"product_tag","embeddable":true,"href":"https:\/\/tuctuc.ee\/en\/wp-json\/wp\/v2\/product_tag?post=1003406"}],"curies":[{"name":"wp","href":"https:\/\/api.w.org\/{rel}","templated":true}]}}