{"id":1003345,"date":"2025-03-26T18:44:23","date_gmt":"2025-03-26T15:44:23","guid":{"rendered":"https:\/\/tuctuc.ee\/?post_type=product&#038;p=1003345"},"modified":"2025-04-23T17:40:09","modified_gmt":"2025-04-23T14:40:09","slug":"lihtne-pikkade-varrukatega-t-sark-tudrukutele","status":"publish","type":"product","link":"https:\/\/tuctuc.ee\/en\/toode\/lihtne-pikkade-varrukatega-t-sark-tudrukutele\/","title":{"rendered":"Lihtne pikkade varrukatega T-s\u00e4rk t\u00fcdrukutele"},"content":{"rendered":"<div class=\"vgblk-rw-wrapper limit-wrapper\">\n<p id=\"tw-target-text\" class=\"tw-data-text tw-text-large tw-ta\" dir=\"ltr\" data-placeholder=\"Translation\" data-ved=\"2ahUKEwi36dOP0qeMAxVzgP0HHWM7IHgQ3ewLegQICBAV\" aria-label=\"Translated text: Pikkade varrukatega punane T-s\u00e4rk t\u00fcdrukutele, mis on kaunistatud silmatorkava graafilise tr\u00fckiga, mis segab muusikalisi elemente, t\u00e4hti ja s\u00fcdameid kontrastsetes musta, roosa ja valge varjundites. Allosas paistab silma s\u00f5num &quot;I go back to black, my happy color&quot;, lisades m\u00e4ssumeelse ja modernse stiili puudutuse. See pehmest ja mugavast kangast valmistatud T-s\u00e4rk on ideaalne julge ja moeka v\u00e4limuse loomiseks. See r\u00f5ivas sobib suurep\u00e4raselt teksade v\u00f5i seelikutega kombineerimiseks ning on t\u00e4nu klassikalisele l\u00f5ikele mugav.\"><span class=\"Y2IQFc\" lang=\"et\">Lihtne pikkade varrukatega T-s\u00e4rk t\u00fcdrukutele. See pehmest ja mugavast kangast valmistatud T-s\u00e4rk on ideaalne julge ja moeka v\u00e4limuse loomiseks. See r\u00f5ivas sobib suurep\u00e4raselt teksade v\u00f5i seelikutega kombineerimiseks ning on t\u00e4nu klassikalisele l\u00f5ikele mugav.<\/span><\/p>\n<p>Materjal: 95% puuvill, 5% elastaan. Juhised riiete hooldamiseks ja pesemiseks.<\/p><\/div>\n<p><!-- .vgblk-rw-wrapper --><\/p>\n","protected":false},"excerpt":{"rendered":"<p>Lihtne pikkade varrukatega T-s\u00e4rk t\u00fcdrukutele. See pehmest ja mugavast kangast valmistatud T-s\u00e4rk on ideaalne julge ja moeka v\u00e4limuse loomiseks. See r\u00f5ivas sobib suurep\u00e4raselt teksade v\u00f5i seelikutega kombineerimiseks ning on t\u00e4nu klassikalisele l\u00f5ikele mugav. Materjal: 95% puuvill, 5% elastaan. Juhised riiete hooldamiseks ja pesemiseks.<\/p>\n","protected":false},"featured_media":1003348,"comment_status":"open","ping_status":"closed","template":"","meta":{"_themeisle_gutenberg_block_has_review":false},"product_cat":[430,318],"product_tag":[],"class_list":["post-1003345","product","type-product","status-publish","has-post-thumbnail","hentry","product_cat-t-sark-pikkade-varrukatega","product_cat-tudrukud"],"yoast_head":"<!-- This site is optimized with the Yoast SEO plugin v21.5 - https:\/\/yoast.com\/wordpress\/plugins\/seo\/ -->\n<title>Lihtne pikkade varrukatega T-s\u00e4rk t\u00fcdrukutele - TucTuc Eesti<\/title>\n<meta name=\"robots\" content=\"index, follow, max-snippet:-1, max-image-preview:large, max-video-preview:-1\" \/>\n<link rel=\"canonical\" href=\"https:\/\/tuctuc.ee\/en\/toode\/lihtne-pikkade-varrukatega-t-sark-tudrukutele\/\" \/>\n<meta property=\"og:locale\" content=\"en_US\" \/>\n<meta property=\"og:type\" content=\"article\" \/>\n<meta property=\"og:title\" content=\"Lihtne pikkade varrukatega T-s\u00e4rk t\u00fcdrukutele - TucTuc Eesti\" \/>\n<meta property=\"og:description\" content=\"Lihtne pikkade varrukatega T-s\u00e4rk t\u00fcdrukutele. See pehmest ja mugavast kangast valmistatud T-s\u00e4rk on ideaalne julge ja moeka v\u00e4limuse loomiseks. See r\u00f5ivas sobib suurep\u00e4raselt teksade v\u00f5i seelikutega kombineerimiseks ning on t\u00e4nu klassikalisele l\u00f5ikele mugav. Materjal: 95% puuvill, 5% elastaan. Juhised riiete hooldamiseks ja pesemiseks.\" \/>\n<meta property=\"og:url\" content=\"https:\/\/tuctuc.ee\/en\/toode\/lihtne-pikkade-varrukatega-t-sark-tudrukutele\/\" \/>\n<meta property=\"og:site_name\" content=\"TucTuc Eesti\" \/>\n<meta property=\"article:modified_time\" content=\"2025-04-23T14:40:09+00:00\" \/>\n<meta property=\"og:image\" content=\"https:\/\/tuctuc.ee\/wp-content\/uploads\/2025\/03\/11377678.webp\" \/>\n\t<meta property=\"og:image:width\" content=\"807\" \/>\n\t<meta property=\"og:image:height\" content=\"807\" \/>\n\t<meta property=\"og:image:type\" content=\"image\/webp\" \/>\n<meta name=\"twitter:card\" content=\"summary_large_image\" \/>\n<meta name=\"twitter:label1\" content=\"Est. reading time\" \/>\n\t<meta name=\"twitter:data1\" content=\"1 minute\" \/>\n<script type=\"application\/ld+json\" class=\"yoast-schema-graph\">{\"@context\":\"https:\/\/schema.org\",\"@graph\":[{\"@type\":\"WebPage\",\"@id\":\"https:\/\/tuctuc.ee\/en\/toode\/lihtne-pikkade-varrukatega-t-sark-tudrukutele\/\",\"url\":\"https:\/\/tuctuc.ee\/en\/toode\/lihtne-pikkade-varrukatega-t-sark-tudrukutele\/\",\"name\":\"Lihtne pikkade varrukatega T-s\u00e4rk t\u00fcdrukutele - TucTuc Eesti\",\"isPartOf\":{\"@id\":\"https:\/\/tuctuc.ee\/en\/#website\"},\"datePublished\":\"2025-03-26T15:44:23+00:00\",\"dateModified\":\"2025-04-23T14:40:09+00:00\",\"breadcrumb\":{\"@id\":\"https:\/\/tuctuc.ee\/en\/toode\/lihtne-pikkade-varrukatega-t-sark-tudrukutele\/#breadcrumb\"},\"inLanguage\":\"en-US\",\"potentialAction\":[{\"@type\":\"ReadAction\",\"target\":[\"https:\/\/tuctuc.ee\/en\/toode\/lihtne-pikkade-varrukatega-t-sark-tudrukutele\/\"]}]},{\"@type\":\"BreadcrumbList\",\"@id\":\"https:\/\/tuctuc.ee\/en\/toode\/lihtne-pikkade-varrukatega-t-sark-tudrukutele\/#breadcrumb\",\"itemListElement\":[{\"@type\":\"ListItem\",\"position\":1,\"name\":\"Home\",\"item\":\"https:\/\/tuctuc.ee\/en\/?page_id=269\"},{\"@type\":\"ListItem\",\"position\":2,\"name\":\"Shop\",\"item\":\"https:\/\/tuctuc.ee\/shop\/\"},{\"@type\":\"ListItem\",\"position\":3,\"name\":\"Lihtne pikkade varrukatega T-s\u00e4rk t\u00fcdrukutele\"}]},{\"@type\":\"WebSite\",\"@id\":\"https:\/\/tuctuc.ee\/en\/#website\",\"url\":\"https:\/\/tuctuc.ee\/en\/\",\"name\":\"TucTuc Eesti\",\"description\":\"Eesti laster\u00f5ivaste veebipood - Stiilsed riided lastele igale vanusele. Avastage meie valikut n\u00fc\u00fcd!\",\"publisher\":{\"@id\":\"https:\/\/tuctuc.ee\/en\/#organization\"},\"potentialAction\":[{\"@type\":\"SearchAction\",\"target\":{\"@type\":\"EntryPoint\",\"urlTemplate\":\"https:\/\/tuctuc.ee\/en\/?s={search_term_string}\"},\"query-input\":\"required name=search_term_string\"}],\"inLanguage\":\"en-US\"},{\"@type\":\"Organization\",\"@id\":\"https:\/\/tuctuc.ee\/en\/#organization\",\"name\":\"TucTuc Eesti\",\"url\":\"https:\/\/tuctuc.ee\/en\/\",\"logo\":{\"@type\":\"ImageObject\",\"inLanguage\":\"en-US\",\"@id\":\"https:\/\/tuctuc.ee\/en\/#\/schema\/logo\/image\/\",\"url\":\"https:\/\/i0.wp.com\/tuctuc.ee\/wp-content\/uploads\/2023\/10\/logo-164933761541.png?fit=109%2C122&ssl=1\",\"contentUrl\":\"https:\/\/i0.wp.com\/tuctuc.ee\/wp-content\/uploads\/2023\/10\/logo-164933761541.png?fit=109%2C122&ssl=1\",\"width\":109,\"height\":122,\"caption\":\"TucTuc Eesti\"},\"image\":{\"@id\":\"https:\/\/tuctuc.ee\/en\/#\/schema\/logo\/image\/\"}}]}<\/script>\n<!-- \/ Yoast SEO plugin. -->","yoast_head_json":{"title":"Lihtne pikkade varrukatega T-s\u00e4rk t\u00fcdrukutele - TucTuc Eesti","robots":{"index":"index","follow":"follow","max-snippet":"max-snippet:-1","max-image-preview":"max-image-preview:large","max-video-preview":"max-video-preview:-1"},"canonical":"https:\/\/tuctuc.ee\/en\/toode\/lihtne-pikkade-varrukatega-t-sark-tudrukutele\/","og_locale":"en_US","og_type":"article","og_title":"Lihtne pikkade varrukatega T-s\u00e4rk t\u00fcdrukutele - TucTuc Eesti","og_description":"Lihtne pikkade varrukatega T-s\u00e4rk t\u00fcdrukutele. See pehmest ja mugavast kangast valmistatud T-s\u00e4rk on ideaalne julge ja moeka v\u00e4limuse loomiseks. See r\u00f5ivas sobib suurep\u00e4raselt teksade v\u00f5i seelikutega kombineerimiseks ning on t\u00e4nu klassikalisele l\u00f5ikele mugav. Materjal: 95% puuvill, 5% elastaan. Juhised riiete hooldamiseks ja pesemiseks.","og_url":"https:\/\/tuctuc.ee\/en\/toode\/lihtne-pikkade-varrukatega-t-sark-tudrukutele\/","og_site_name":"TucTuc Eesti","article_modified_time":"2025-04-23T14:40:09+00:00","og_image":[{"width":807,"height":807,"url":"https:\/\/tuctuc.ee\/wp-content\/uploads\/2025\/03\/11377678.webp","type":"image\/webp"}],"twitter_card":"summary_large_image","twitter_misc":{"Est. reading time":"1 minute"},"schema":{"@context":"https:\/\/schema.org","@graph":[{"@type":"WebPage","@id":"https:\/\/tuctuc.ee\/en\/toode\/lihtne-pikkade-varrukatega-t-sark-tudrukutele\/","url":"https:\/\/tuctuc.ee\/en\/toode\/lihtne-pikkade-varrukatega-t-sark-tudrukutele\/","name":"Lihtne pikkade varrukatega T-s\u00e4rk t\u00fcdrukutele - TucTuc Eesti","isPartOf":{"@id":"https:\/\/tuctuc.ee\/en\/#website"},"datePublished":"2025-03-26T15:44:23+00:00","dateModified":"2025-04-23T14:40:09+00:00","breadcrumb":{"@id":"https:\/\/tuctuc.ee\/en\/toode\/lihtne-pikkade-varrukatega-t-sark-tudrukutele\/#breadcrumb"},"inLanguage":"en-US","potentialAction":[{"@type":"ReadAction","target":["https:\/\/tuctuc.ee\/en\/toode\/lihtne-pikkade-varrukatega-t-sark-tudrukutele\/"]}]},{"@type":"BreadcrumbList","@id":"https:\/\/tuctuc.ee\/en\/toode\/lihtne-pikkade-varrukatega-t-sark-tudrukutele\/#breadcrumb","itemListElement":[{"@type":"ListItem","position":1,"name":"Home","item":"https:\/\/tuctuc.ee\/en\/?page_id=269"},{"@type":"ListItem","position":2,"name":"Shop","item":"https:\/\/tuctuc.ee\/shop\/"},{"@type":"ListItem","position":3,"name":"Lihtne pikkade varrukatega T-s\u00e4rk t\u00fcdrukutele"}]},{"@type":"WebSite","@id":"https:\/\/tuctuc.ee\/en\/#website","url":"https:\/\/tuctuc.ee\/en\/","name":"TucTuc Eesti","description":"Eesti laster\u00f5ivaste veebipood - Stiilsed riided lastele igale vanusele. Avastage meie valikut n\u00fc\u00fcd!","publisher":{"@id":"https:\/\/tuctuc.ee\/en\/#organization"},"potentialAction":[{"@type":"SearchAction","target":{"@type":"EntryPoint","urlTemplate":"https:\/\/tuctuc.ee\/en\/?s={search_term_string}"},"query-input":"required name=search_term_string"}],"inLanguage":"en-US"},{"@type":"Organization","@id":"https:\/\/tuctuc.ee\/en\/#organization","name":"TucTuc Eesti","url":"https:\/\/tuctuc.ee\/en\/","logo":{"@type":"ImageObject","inLanguage":"en-US","@id":"https:\/\/tuctuc.ee\/en\/#\/schema\/logo\/image\/","url":"https:\/\/i0.wp.com\/tuctuc.ee\/wp-content\/uploads\/2023\/10\/logo-164933761541.png?fit=109%2C122&ssl=1","contentUrl":"https:\/\/i0.wp.com\/tuctuc.ee\/wp-content\/uploads\/2023\/10\/logo-164933761541.png?fit=109%2C122&ssl=1","width":109,"height":122,"caption":"TucTuc Eesti"},"image":{"@id":"https:\/\/tuctuc.ee\/en\/#\/schema\/logo\/image\/"}}]}},"jetpack_sharing_enabled":true,"_links":{"self":[{"href":"https:\/\/tuctuc.ee\/en\/wp-json\/wp\/v2\/product\/1003345","targetHints":{"allow":["GET"]}}],"collection":[{"href":"https:\/\/tuctuc.ee\/en\/wp-json\/wp\/v2\/product"}],"about":[{"href":"https:\/\/tuctuc.ee\/en\/wp-json\/wp\/v2\/types\/product"}],"replies":[{"embeddable":true,"href":"https:\/\/tuctuc.ee\/en\/wp-json\/wp\/v2\/comments?post=1003345"}],"version-history":[{"count":2,"href":"https:\/\/tuctuc.ee\/en\/wp-json\/wp\/v2\/product\/1003345\/revisions"}],"predecessor-version":[{"id":1003361,"href":"https:\/\/tuctuc.ee\/en\/wp-json\/wp\/v2\/product\/1003345\/revisions\/1003361"}],"wp:featuredmedia":[{"embeddable":true,"href":"https:\/\/tuctuc.ee\/en\/wp-json\/wp\/v2\/media\/1003348"}],"wp:attachment":[{"href":"https:\/\/tuctuc.ee\/en\/wp-json\/wp\/v2\/media?parent=1003345"}],"wp:term":[{"taxonomy":"product_cat","embeddable":true,"href":"https:\/\/tuctuc.ee\/en\/wp-json\/wp\/v2\/product_cat?post=1003345"},{"taxonomy":"product_tag","embeddable":true,"href":"https:\/\/tuctuc.ee\/en\/wp-json\/wp\/v2\/product_tag?post=1003345"}],"curies":[{"name":"wp","href":"https:\/\/api.w.org\/{rel}","templated":true}]}}