{"id":1003251,"date":"2025-03-26T17:15:19","date_gmt":"2025-03-26T14:15:19","guid":{"rendered":"https:\/\/tuctuc.ee\/?post_type=product&#038;p=1003251"},"modified":"2026-03-22T16:08:34","modified_gmt":"2026-03-22T13:08:34","slug":"pikkade-varrukatega-t-sark-tudrukutele-3","status":"publish","type":"product","link":"https:\/\/tuctuc.ee\/en\/toode\/pikkade-varrukatega-t-sark-tudrukutele-3\/","title":{"rendered":"Pikkade varrukatega T-s\u00e4rk t\u00fcdrukutele"},"content":{"rendered":"<div class=\"vgblk-rw-wrapper limit-wrapper\">\n<p id=\"tw-target-text\" class=\"tw-data-text tw-text-large tw-ta\" dir=\"ltr\" data-placeholder=\"Translation\" data-ved=\"2ahUKEwi36dOP0qeMAxVzgP0HHWM7IHgQ3ewLegQICBAV\" aria-label=\"Translated text: Pikkade varrukatega T-s\u00e4rk t\u00fcdrukutele, mille keskel on v\u00f5luv lilleprint, mis \u00fcmbritseb s\u00f5na &quot;Bloom&quot;, mis toob esile positiivse ja r\u00f5\u00f5msa s\u00f5numi. Pehmest ja mugavast kangast valmistatud r\u00f5ivas sobib ideaalselt igap\u00e4evaseks kasutamiseks, \u00fchendades endas stiili ja mugavuse. Disainis on klassikaline \u00fcmara kaelusega l\u00f5ige, mida on lihtne kombineerida teiste r\u00f5ivastega, nagu teksad v\u00f5i seelikud. Ideaalne v\u00e4rvi ja v\u00e4rskuse lisamiseks igale riietusele.\"><span class=\"Y2IQFc\" lang=\"et\">Pikkade varrukatega T-s\u00e4rk t\u00fcdrukutele, mille keskel on v\u00f5luv lilleprint, mis \u00fcmbritseb s\u00f5na &#8220;Bloom&#8221;, mis toob esile positiivse ja r\u00f5\u00f5msa s\u00f5numi. Pehmest ja mugavast kangast valmistatud r\u00f5ivas sobib ideaalselt igap\u00e4evaseks kasutamiseks, \u00fchendades endas stiili ja mugavuse. Disainis on klassikaline \u00fcmara kaelusega l\u00f5ige, mida on lihtne kombineerida teiste r\u00f5ivastega, nagu teksad v\u00f5i seelikud. Ideaalne v\u00e4rvi ja v\u00e4rskuse lisamiseks igale riietusele.<\/span><\/p>\n<p>Materjal: 100% puuvill. Juhised riiete hooldamiseks ja pesemiseks.<\/p><\/div>\n<p><!-- .vgblk-rw-wrapper --><\/p>\n","protected":false},"excerpt":{"rendered":"<p>Pikkade varrukatega T-s\u00e4rk t\u00fcdrukutele, mille keskel on v\u00f5luv lilleprint, mis \u00fcmbritseb s\u00f5na &#8220;Bloom&#8221;, mis toob esile positiivse ja r\u00f5\u00f5msa s\u00f5numi. Pehmest ja mugavast kangast valmistatud r\u00f5ivas sobib ideaalselt igap\u00e4evaseks kasutamiseks, \u00fchendades endas stiili ja mugavuse. Disainis on klassikaline \u00fcmara kaelusega l\u00f5ige, mida on lihtne kombineerida teiste r\u00f5ivastega, nagu teksad v\u00f5i seelikud. Ideaalne v\u00e4rvi ja v\u00e4rskuse&#8230;<\/p>\n","protected":false},"featured_media":1003257,"comment_status":"open","ping_status":"closed","template":"","meta":{"_themeisle_gutenberg_block_has_review":false},"product_cat":[430,318],"product_tag":[],"class_list":["post-1003251","product","type-product","status-publish","has-post-thumbnail","hentry","product_cat-t-sark-pikkade-varrukatega","product_cat-tudrukud"],"yoast_head":"<!-- This site is optimized with the Yoast SEO plugin v21.5 - https:\/\/yoast.com\/wordpress\/plugins\/seo\/ -->\n<title>Pikkade varrukatega T-s\u00e4rk t\u00fcdrukutele - TucTuc Eesti<\/title>\n<meta name=\"robots\" content=\"index, follow, max-snippet:-1, max-image-preview:large, max-video-preview:-1\" \/>\n<link rel=\"canonical\" href=\"https:\/\/tuctuc.ee\/en\/toode\/pikkade-varrukatega-t-sark-tudrukutele-3\/\" \/>\n<meta property=\"og:locale\" content=\"en_US\" \/>\n<meta property=\"og:type\" content=\"article\" \/>\n<meta property=\"og:title\" content=\"Pikkade varrukatega T-s\u00e4rk t\u00fcdrukutele - TucTuc Eesti\" \/>\n<meta property=\"og:description\" content=\"Pikkade varrukatega T-s\u00e4rk t\u00fcdrukutele, mille keskel on v\u00f5luv lilleprint, mis \u00fcmbritseb s\u00f5na &#8220;Bloom&#8221;, mis toob esile positiivse ja r\u00f5\u00f5msa s\u00f5numi. Pehmest ja mugavast kangast valmistatud r\u00f5ivas sobib ideaalselt igap\u00e4evaseks kasutamiseks, \u00fchendades endas stiili ja mugavuse. Disainis on klassikaline \u00fcmara kaelusega l\u00f5ige, mida on lihtne kombineerida teiste r\u00f5ivastega, nagu teksad v\u00f5i seelikud. Ideaalne v\u00e4rvi ja v\u00e4rskuse...\" \/>\n<meta property=\"og:url\" content=\"https:\/\/tuctuc.ee\/en\/toode\/pikkade-varrukatega-t-sark-tudrukutele-3\/\" \/>\n<meta property=\"og:site_name\" content=\"TucTuc Eesti\" \/>\n<meta property=\"article:modified_time\" content=\"2026-03-22T13:08:34+00:00\" \/>\n<meta property=\"og:image\" content=\"https:\/\/tuctuc.ee\/wp-content\/uploads\/2025\/03\/KG07T604N1.webp\" \/>\n\t<meta property=\"og:image:width\" content=\"800\" \/>\n\t<meta property=\"og:image:height\" content=\"1000\" \/>\n\t<meta property=\"og:image:type\" content=\"image\/webp\" \/>\n<meta name=\"twitter:card\" content=\"summary_large_image\" \/>\n<meta name=\"twitter:label1\" content=\"Est. reading time\" \/>\n\t<meta name=\"twitter:data1\" content=\"1 minute\" \/>\n<script type=\"application\/ld+json\" class=\"yoast-schema-graph\">{\"@context\":\"https:\/\/schema.org\",\"@graph\":[{\"@type\":\"WebPage\",\"@id\":\"https:\/\/tuctuc.ee\/en\/toode\/pikkade-varrukatega-t-sark-tudrukutele-3\/\",\"url\":\"https:\/\/tuctuc.ee\/en\/toode\/pikkade-varrukatega-t-sark-tudrukutele-3\/\",\"name\":\"Pikkade varrukatega T-s\u00e4rk t\u00fcdrukutele - TucTuc Eesti\",\"isPartOf\":{\"@id\":\"https:\/\/tuctuc.ee\/en\/#website\"},\"datePublished\":\"2025-03-26T14:15:19+00:00\",\"dateModified\":\"2026-03-22T13:08:34+00:00\",\"breadcrumb\":{\"@id\":\"https:\/\/tuctuc.ee\/en\/toode\/pikkade-varrukatega-t-sark-tudrukutele-3\/#breadcrumb\"},\"inLanguage\":\"en-US\",\"potentialAction\":[{\"@type\":\"ReadAction\",\"target\":[\"https:\/\/tuctuc.ee\/en\/toode\/pikkade-varrukatega-t-sark-tudrukutele-3\/\"]}]},{\"@type\":\"BreadcrumbList\",\"@id\":\"https:\/\/tuctuc.ee\/en\/toode\/pikkade-varrukatega-t-sark-tudrukutele-3\/#breadcrumb\",\"itemListElement\":[{\"@type\":\"ListItem\",\"position\":1,\"name\":\"Home\",\"item\":\"https:\/\/tuctuc.ee\/en\/?page_id=269\"},{\"@type\":\"ListItem\",\"position\":2,\"name\":\"Shop\",\"item\":\"https:\/\/tuctuc.ee\/shop\/\"},{\"@type\":\"ListItem\",\"position\":3,\"name\":\"Pikkade varrukatega T-s\u00e4rk t\u00fcdrukutele\"}]},{\"@type\":\"WebSite\",\"@id\":\"https:\/\/tuctuc.ee\/en\/#website\",\"url\":\"https:\/\/tuctuc.ee\/en\/\",\"name\":\"TucTuc Eesti\",\"description\":\"Eesti laster\u00f5ivaste veebipood - Stiilsed riided lastele igale vanusele. Avastage meie valikut n\u00fc\u00fcd!\",\"publisher\":{\"@id\":\"https:\/\/tuctuc.ee\/en\/#organization\"},\"potentialAction\":[{\"@type\":\"SearchAction\",\"target\":{\"@type\":\"EntryPoint\",\"urlTemplate\":\"https:\/\/tuctuc.ee\/en\/?s={search_term_string}\"},\"query-input\":\"required name=search_term_string\"}],\"inLanguage\":\"en-US\"},{\"@type\":\"Organization\",\"@id\":\"https:\/\/tuctuc.ee\/en\/#organization\",\"name\":\"TucTuc Eesti\",\"url\":\"https:\/\/tuctuc.ee\/en\/\",\"logo\":{\"@type\":\"ImageObject\",\"inLanguage\":\"en-US\",\"@id\":\"https:\/\/tuctuc.ee\/en\/#\/schema\/logo\/image\/\",\"url\":\"https:\/\/i0.wp.com\/tuctuc.ee\/wp-content\/uploads\/2023\/10\/logo-164933761541.png?fit=109%2C122&ssl=1\",\"contentUrl\":\"https:\/\/i0.wp.com\/tuctuc.ee\/wp-content\/uploads\/2023\/10\/logo-164933761541.png?fit=109%2C122&ssl=1\",\"width\":109,\"height\":122,\"caption\":\"TucTuc Eesti\"},\"image\":{\"@id\":\"https:\/\/tuctuc.ee\/en\/#\/schema\/logo\/image\/\"}}]}<\/script>\n<!-- \/ Yoast SEO plugin. -->","yoast_head_json":{"title":"Pikkade varrukatega T-s\u00e4rk t\u00fcdrukutele - TucTuc Eesti","robots":{"index":"index","follow":"follow","max-snippet":"max-snippet:-1","max-image-preview":"max-image-preview:large","max-video-preview":"max-video-preview:-1"},"canonical":"https:\/\/tuctuc.ee\/en\/toode\/pikkade-varrukatega-t-sark-tudrukutele-3\/","og_locale":"en_US","og_type":"article","og_title":"Pikkade varrukatega T-s\u00e4rk t\u00fcdrukutele - TucTuc Eesti","og_description":"Pikkade varrukatega T-s\u00e4rk t\u00fcdrukutele, mille keskel on v\u00f5luv lilleprint, mis \u00fcmbritseb s\u00f5na &#8220;Bloom&#8221;, mis toob esile positiivse ja r\u00f5\u00f5msa s\u00f5numi. Pehmest ja mugavast kangast valmistatud r\u00f5ivas sobib ideaalselt igap\u00e4evaseks kasutamiseks, \u00fchendades endas stiili ja mugavuse. Disainis on klassikaline \u00fcmara kaelusega l\u00f5ige, mida on lihtne kombineerida teiste r\u00f5ivastega, nagu teksad v\u00f5i seelikud. Ideaalne v\u00e4rvi ja v\u00e4rskuse...","og_url":"https:\/\/tuctuc.ee\/en\/toode\/pikkade-varrukatega-t-sark-tudrukutele-3\/","og_site_name":"TucTuc Eesti","article_modified_time":"2026-03-22T13:08:34+00:00","og_image":[{"width":800,"height":1000,"url":"https:\/\/tuctuc.ee\/wp-content\/uploads\/2025\/03\/KG07T604N1.webp","type":"image\/webp"}],"twitter_card":"summary_large_image","twitter_misc":{"Est. reading time":"1 minute"},"schema":{"@context":"https:\/\/schema.org","@graph":[{"@type":"WebPage","@id":"https:\/\/tuctuc.ee\/en\/toode\/pikkade-varrukatega-t-sark-tudrukutele-3\/","url":"https:\/\/tuctuc.ee\/en\/toode\/pikkade-varrukatega-t-sark-tudrukutele-3\/","name":"Pikkade varrukatega T-s\u00e4rk t\u00fcdrukutele - TucTuc Eesti","isPartOf":{"@id":"https:\/\/tuctuc.ee\/en\/#website"},"datePublished":"2025-03-26T14:15:19+00:00","dateModified":"2026-03-22T13:08:34+00:00","breadcrumb":{"@id":"https:\/\/tuctuc.ee\/en\/toode\/pikkade-varrukatega-t-sark-tudrukutele-3\/#breadcrumb"},"inLanguage":"en-US","potentialAction":[{"@type":"ReadAction","target":["https:\/\/tuctuc.ee\/en\/toode\/pikkade-varrukatega-t-sark-tudrukutele-3\/"]}]},{"@type":"BreadcrumbList","@id":"https:\/\/tuctuc.ee\/en\/toode\/pikkade-varrukatega-t-sark-tudrukutele-3\/#breadcrumb","itemListElement":[{"@type":"ListItem","position":1,"name":"Home","item":"https:\/\/tuctuc.ee\/en\/?page_id=269"},{"@type":"ListItem","position":2,"name":"Shop","item":"https:\/\/tuctuc.ee\/shop\/"},{"@type":"ListItem","position":3,"name":"Pikkade varrukatega T-s\u00e4rk t\u00fcdrukutele"}]},{"@type":"WebSite","@id":"https:\/\/tuctuc.ee\/en\/#website","url":"https:\/\/tuctuc.ee\/en\/","name":"TucTuc Eesti","description":"Eesti laster\u00f5ivaste veebipood - Stiilsed riided lastele igale vanusele. Avastage meie valikut n\u00fc\u00fcd!","publisher":{"@id":"https:\/\/tuctuc.ee\/en\/#organization"},"potentialAction":[{"@type":"SearchAction","target":{"@type":"EntryPoint","urlTemplate":"https:\/\/tuctuc.ee\/en\/?s={search_term_string}"},"query-input":"required name=search_term_string"}],"inLanguage":"en-US"},{"@type":"Organization","@id":"https:\/\/tuctuc.ee\/en\/#organization","name":"TucTuc Eesti","url":"https:\/\/tuctuc.ee\/en\/","logo":{"@type":"ImageObject","inLanguage":"en-US","@id":"https:\/\/tuctuc.ee\/en\/#\/schema\/logo\/image\/","url":"https:\/\/i0.wp.com\/tuctuc.ee\/wp-content\/uploads\/2023\/10\/logo-164933761541.png?fit=109%2C122&ssl=1","contentUrl":"https:\/\/i0.wp.com\/tuctuc.ee\/wp-content\/uploads\/2023\/10\/logo-164933761541.png?fit=109%2C122&ssl=1","width":109,"height":122,"caption":"TucTuc Eesti"},"image":{"@id":"https:\/\/tuctuc.ee\/en\/#\/schema\/logo\/image\/"}}]}},"jetpack_sharing_enabled":true,"_links":{"self":[{"href":"https:\/\/tuctuc.ee\/en\/wp-json\/wp\/v2\/product\/1003251","targetHints":{"allow":["GET"]}}],"collection":[{"href":"https:\/\/tuctuc.ee\/en\/wp-json\/wp\/v2\/product"}],"about":[{"href":"https:\/\/tuctuc.ee\/en\/wp-json\/wp\/v2\/types\/product"}],"replies":[{"embeddable":true,"href":"https:\/\/tuctuc.ee\/en\/wp-json\/wp\/v2\/comments?post=1003251"}],"version-history":[{"count":2,"href":"https:\/\/tuctuc.ee\/en\/wp-json\/wp\/v2\/product\/1003251\/revisions"}],"predecessor-version":[{"id":1003268,"href":"https:\/\/tuctuc.ee\/en\/wp-json\/wp\/v2\/product\/1003251\/revisions\/1003268"}],"wp:featuredmedia":[{"embeddable":true,"href":"https:\/\/tuctuc.ee\/en\/wp-json\/wp\/v2\/media\/1003257"}],"wp:attachment":[{"href":"https:\/\/tuctuc.ee\/en\/wp-json\/wp\/v2\/media?parent=1003251"}],"wp:term":[{"taxonomy":"product_cat","embeddable":true,"href":"https:\/\/tuctuc.ee\/en\/wp-json\/wp\/v2\/product_cat?post=1003251"},{"taxonomy":"product_tag","embeddable":true,"href":"https:\/\/tuctuc.ee\/en\/wp-json\/wp\/v2\/product_tag?post=1003251"}],"curies":[{"name":"wp","href":"https:\/\/api.w.org\/{rel}","templated":true}]}}