{"id":1002925,"date":"2025-03-10T14:03:31","date_gmt":"2025-03-10T11:03:31","guid":{"rendered":"https:\/\/tuctuc.ee\/?post_type=product&#038;p=1002925"},"modified":"2026-03-01T11:10:04","modified_gmt":"2026-03-01T08:10:04","slug":"meresinised-puksid-poistele","status":"publish","type":"product","link":"https:\/\/tuctuc.ee\/en\/toode\/meresinised-puksid-poistele\/","title":{"rendered":"Meresinised p\u00fcksid poistele"},"content":{"rendered":"<div class=\"vgblk-rw-wrapper limit-wrapper\">\n<p id=\"tw-target-text\" class=\"tw-data-text tw-text-large tw-ta\" dir=\"ltr\" data-placeholder=\"Translation\" data-ved=\"2ahUKEwiW0cHnrf-LAxWMRfEDHbwKKgEQ3ewLegQICBAV\" aria-label=\"Translated text: Meresinised jooksup\u00fcksid poistele, mis on loodud \u00fchendama mugavust ja vabaaja stiili. Sellel mudelil on k\u00fclgedel taskud, mis sobivad ideaalselt v\u00e4ikeste esemete hoidmiseks m\u00e4ngimise v\u00f5i uurimise ajal. Pingutusn\u00f6\u00f6riga reguleeritav elastne v\u00f6\u00f6koht tagab mugava istuvuse, samal ajal kui pahkluu mansetid hoiavad p\u00fcksid paigal igasuguse tegevuse ajal. Ideaalne igap\u00e4evaseks kasutamiseks v\u00f5i vaba aja veetmiseks.\"><span class=\"Y2IQFc\" lang=\"et\">Meresinised p\u00fcksid poistele, mis on loodud \u00fchendama mugavust ja vabaaja stiili. Sellel mudelil on k\u00fclgedel taskud, mis sobivad ideaalselt v\u00e4ikeste esemete hoidmiseks m\u00e4ngimise v\u00f5i uurimise ajal. Pingutusn\u00f6\u00f6riga reguleeritav elastne v\u00f6\u00f6koht tagab mugava istuvuse, samal ajal kui pahkluu mansetid hoiavad p\u00fcksid paigal igasuguse tegevuse ajal. Ideaalne igap\u00e4evaseks kasutamiseks v\u00f5i vaba aja veetmiseks.<\/span><\/p>\n<p><span class=\"Y2IQFc\" lang=\"et\">Materjal: 100% puuvill. <\/span><span class=\"Y2IQFc\" lang=\"et\">Juhised riiete hooldamiseks ja pesemiseks.\u00a0<\/span><\/div>\n<p><!-- .vgblk-rw-wrapper --><\/p>\n","protected":false},"excerpt":{"rendered":"<p>Meresinised p\u00fcksid poistele, mis on loodud \u00fchendama mugavust ja vabaaja stiili. Sellel mudelil on k\u00fclgedel taskud, mis sobivad ideaalselt v\u00e4ikeste esemete hoidmiseks m\u00e4ngimise v\u00f5i uurimise ajal. Pingutusn\u00f6\u00f6riga reguleeritav elastne v\u00f6\u00f6koht tagab mugava istuvuse, samal ajal kui pahkluu mansetid hoiavad p\u00fcksid paigal igasuguse tegevuse ajal. Ideaalne igap\u00e4evaseks kasutamiseks v\u00f5i vaba aja veetmiseks. Materjal: 100% puuvill. Juhised&#8230;<\/p>\n","protected":false},"featured_media":1002940,"comment_status":"open","ping_status":"closed","template":"","meta":{"_themeisle_gutenberg_block_has_review":false},"product_cat":[317,431],"product_tag":[],"class_list":["post-1002925","product","type-product","status-publish","has-post-thumbnail","hentry","product_cat-poisid","product_cat-puksid-poisid"],"yoast_head":"<!-- This site is optimized with the Yoast SEO plugin v21.5 - https:\/\/yoast.com\/wordpress\/plugins\/seo\/ -->\n<title>Meresinised p\u00fcksid poistele - TucTuc Eesti<\/title>\n<meta name=\"robots\" content=\"index, follow, max-snippet:-1, max-image-preview:large, max-video-preview:-1\" \/>\n<link rel=\"canonical\" href=\"https:\/\/tuctuc.ee\/en\/toode\/meresinised-puksid-poistele\/\" \/>\n<meta property=\"og:locale\" content=\"en_US\" \/>\n<meta property=\"og:type\" content=\"article\" \/>\n<meta property=\"og:title\" content=\"Meresinised p\u00fcksid poistele - TucTuc Eesti\" \/>\n<meta property=\"og:description\" content=\"Meresinised p\u00fcksid poistele, mis on loodud \u00fchendama mugavust ja vabaaja stiili. Sellel mudelil on k\u00fclgedel taskud, mis sobivad ideaalselt v\u00e4ikeste esemete hoidmiseks m\u00e4ngimise v\u00f5i uurimise ajal. Pingutusn\u00f6\u00f6riga reguleeritav elastne v\u00f6\u00f6koht tagab mugava istuvuse, samal ajal kui pahkluu mansetid hoiavad p\u00fcksid paigal igasuguse tegevuse ajal. Ideaalne igap\u00e4evaseks kasutamiseks v\u00f5i vaba aja veetmiseks. Materjal: 100% puuvill. Juhised...\" \/>\n<meta property=\"og:url\" content=\"https:\/\/tuctuc.ee\/en\/toode\/meresinised-puksid-poistele\/\" \/>\n<meta property=\"og:site_name\" content=\"TucTuc Eesti\" \/>\n<meta property=\"article:modified_time\" content=\"2026-03-01T08:10:04+00:00\" \/>\n<meta property=\"og:image\" content=\"https:\/\/tuctuc.ee\/wp-content\/uploads\/2025\/03\/11379731.webp\" \/>\n\t<meta property=\"og:image:width\" content=\"590\" \/>\n\t<meta property=\"og:image:height\" content=\"732\" \/>\n\t<meta property=\"og:image:type\" content=\"image\/webp\" \/>\n<meta name=\"twitter:card\" content=\"summary_large_image\" \/>\n<meta name=\"twitter:label1\" content=\"Est. reading time\" \/>\n\t<meta name=\"twitter:data1\" content=\"1 minute\" \/>\n<script type=\"application\/ld+json\" class=\"yoast-schema-graph\">{\"@context\":\"https:\/\/schema.org\",\"@graph\":[{\"@type\":\"WebPage\",\"@id\":\"https:\/\/tuctuc.ee\/en\/toode\/meresinised-puksid-poistele\/\",\"url\":\"https:\/\/tuctuc.ee\/en\/toode\/meresinised-puksid-poistele\/\",\"name\":\"Meresinised p\u00fcksid poistele - TucTuc Eesti\",\"isPartOf\":{\"@id\":\"https:\/\/tuctuc.ee\/en\/#website\"},\"datePublished\":\"2025-03-10T11:03:31+00:00\",\"dateModified\":\"2026-03-01T08:10:04+00:00\",\"breadcrumb\":{\"@id\":\"https:\/\/tuctuc.ee\/en\/toode\/meresinised-puksid-poistele\/#breadcrumb\"},\"inLanguage\":\"en-US\",\"potentialAction\":[{\"@type\":\"ReadAction\",\"target\":[\"https:\/\/tuctuc.ee\/en\/toode\/meresinised-puksid-poistele\/\"]}]},{\"@type\":\"BreadcrumbList\",\"@id\":\"https:\/\/tuctuc.ee\/en\/toode\/meresinised-puksid-poistele\/#breadcrumb\",\"itemListElement\":[{\"@type\":\"ListItem\",\"position\":1,\"name\":\"Home\",\"item\":\"https:\/\/tuctuc.ee\/en\/?page_id=269\"},{\"@type\":\"ListItem\",\"position\":2,\"name\":\"Shop\",\"item\":\"https:\/\/tuctuc.ee\/shop\/\"},{\"@type\":\"ListItem\",\"position\":3,\"name\":\"Meresinised p\u00fcksid poistele\"}]},{\"@type\":\"WebSite\",\"@id\":\"https:\/\/tuctuc.ee\/en\/#website\",\"url\":\"https:\/\/tuctuc.ee\/en\/\",\"name\":\"TucTuc Eesti\",\"description\":\"Eesti laster\u00f5ivaste veebipood - Stiilsed riided lastele igale vanusele. Avastage meie valikut n\u00fc\u00fcd!\",\"publisher\":{\"@id\":\"https:\/\/tuctuc.ee\/en\/#organization\"},\"potentialAction\":[{\"@type\":\"SearchAction\",\"target\":{\"@type\":\"EntryPoint\",\"urlTemplate\":\"https:\/\/tuctuc.ee\/en\/?s={search_term_string}\"},\"query-input\":\"required name=search_term_string\"}],\"inLanguage\":\"en-US\"},{\"@type\":\"Organization\",\"@id\":\"https:\/\/tuctuc.ee\/en\/#organization\",\"name\":\"TucTuc Eesti\",\"url\":\"https:\/\/tuctuc.ee\/en\/\",\"logo\":{\"@type\":\"ImageObject\",\"inLanguage\":\"en-US\",\"@id\":\"https:\/\/tuctuc.ee\/en\/#\/schema\/logo\/image\/\",\"url\":\"https:\/\/i0.wp.com\/tuctuc.ee\/wp-content\/uploads\/2023\/10\/logo-164933761541.png?fit=109%2C122&ssl=1\",\"contentUrl\":\"https:\/\/i0.wp.com\/tuctuc.ee\/wp-content\/uploads\/2023\/10\/logo-164933761541.png?fit=109%2C122&ssl=1\",\"width\":109,\"height\":122,\"caption\":\"TucTuc Eesti\"},\"image\":{\"@id\":\"https:\/\/tuctuc.ee\/en\/#\/schema\/logo\/image\/\"}}]}<\/script>\n<!-- \/ Yoast SEO plugin. -->","yoast_head_json":{"title":"Meresinised p\u00fcksid poistele - TucTuc Eesti","robots":{"index":"index","follow":"follow","max-snippet":"max-snippet:-1","max-image-preview":"max-image-preview:large","max-video-preview":"max-video-preview:-1"},"canonical":"https:\/\/tuctuc.ee\/en\/toode\/meresinised-puksid-poistele\/","og_locale":"en_US","og_type":"article","og_title":"Meresinised p\u00fcksid poistele - TucTuc Eesti","og_description":"Meresinised p\u00fcksid poistele, mis on loodud \u00fchendama mugavust ja vabaaja stiili. Sellel mudelil on k\u00fclgedel taskud, mis sobivad ideaalselt v\u00e4ikeste esemete hoidmiseks m\u00e4ngimise v\u00f5i uurimise ajal. Pingutusn\u00f6\u00f6riga reguleeritav elastne v\u00f6\u00f6koht tagab mugava istuvuse, samal ajal kui pahkluu mansetid hoiavad p\u00fcksid paigal igasuguse tegevuse ajal. Ideaalne igap\u00e4evaseks kasutamiseks v\u00f5i vaba aja veetmiseks. Materjal: 100% puuvill. Juhised...","og_url":"https:\/\/tuctuc.ee\/en\/toode\/meresinised-puksid-poistele\/","og_site_name":"TucTuc Eesti","article_modified_time":"2026-03-01T08:10:04+00:00","og_image":[{"width":590,"height":732,"url":"https:\/\/tuctuc.ee\/wp-content\/uploads\/2025\/03\/11379731.webp","type":"image\/webp"}],"twitter_card":"summary_large_image","twitter_misc":{"Est. reading time":"1 minute"},"schema":{"@context":"https:\/\/schema.org","@graph":[{"@type":"WebPage","@id":"https:\/\/tuctuc.ee\/en\/toode\/meresinised-puksid-poistele\/","url":"https:\/\/tuctuc.ee\/en\/toode\/meresinised-puksid-poistele\/","name":"Meresinised p\u00fcksid poistele - TucTuc Eesti","isPartOf":{"@id":"https:\/\/tuctuc.ee\/en\/#website"},"datePublished":"2025-03-10T11:03:31+00:00","dateModified":"2026-03-01T08:10:04+00:00","breadcrumb":{"@id":"https:\/\/tuctuc.ee\/en\/toode\/meresinised-puksid-poistele\/#breadcrumb"},"inLanguage":"en-US","potentialAction":[{"@type":"ReadAction","target":["https:\/\/tuctuc.ee\/en\/toode\/meresinised-puksid-poistele\/"]}]},{"@type":"BreadcrumbList","@id":"https:\/\/tuctuc.ee\/en\/toode\/meresinised-puksid-poistele\/#breadcrumb","itemListElement":[{"@type":"ListItem","position":1,"name":"Home","item":"https:\/\/tuctuc.ee\/en\/?page_id=269"},{"@type":"ListItem","position":2,"name":"Shop","item":"https:\/\/tuctuc.ee\/shop\/"},{"@type":"ListItem","position":3,"name":"Meresinised p\u00fcksid poistele"}]},{"@type":"WebSite","@id":"https:\/\/tuctuc.ee\/en\/#website","url":"https:\/\/tuctuc.ee\/en\/","name":"TucTuc Eesti","description":"Eesti laster\u00f5ivaste veebipood - Stiilsed riided lastele igale vanusele. Avastage meie valikut n\u00fc\u00fcd!","publisher":{"@id":"https:\/\/tuctuc.ee\/en\/#organization"},"potentialAction":[{"@type":"SearchAction","target":{"@type":"EntryPoint","urlTemplate":"https:\/\/tuctuc.ee\/en\/?s={search_term_string}"},"query-input":"required name=search_term_string"}],"inLanguage":"en-US"},{"@type":"Organization","@id":"https:\/\/tuctuc.ee\/en\/#organization","name":"TucTuc Eesti","url":"https:\/\/tuctuc.ee\/en\/","logo":{"@type":"ImageObject","inLanguage":"en-US","@id":"https:\/\/tuctuc.ee\/en\/#\/schema\/logo\/image\/","url":"https:\/\/i0.wp.com\/tuctuc.ee\/wp-content\/uploads\/2023\/10\/logo-164933761541.png?fit=109%2C122&ssl=1","contentUrl":"https:\/\/i0.wp.com\/tuctuc.ee\/wp-content\/uploads\/2023\/10\/logo-164933761541.png?fit=109%2C122&ssl=1","width":109,"height":122,"caption":"TucTuc Eesti"},"image":{"@id":"https:\/\/tuctuc.ee\/en\/#\/schema\/logo\/image\/"}}]}},"jetpack_sharing_enabled":true,"_links":{"self":[{"href":"https:\/\/tuctuc.ee\/en\/wp-json\/wp\/v2\/product\/1002925","targetHints":{"allow":["GET"]}}],"collection":[{"href":"https:\/\/tuctuc.ee\/en\/wp-json\/wp\/v2\/product"}],"about":[{"href":"https:\/\/tuctuc.ee\/en\/wp-json\/wp\/v2\/types\/product"}],"replies":[{"embeddable":true,"href":"https:\/\/tuctuc.ee\/en\/wp-json\/wp\/v2\/comments?post=1002925"}],"version-history":[{"count":2,"href":"https:\/\/tuctuc.ee\/en\/wp-json\/wp\/v2\/product\/1002925\/revisions"}],"predecessor-version":[{"id":1002943,"href":"https:\/\/tuctuc.ee\/en\/wp-json\/wp\/v2\/product\/1002925\/revisions\/1002943"}],"wp:featuredmedia":[{"embeddable":true,"href":"https:\/\/tuctuc.ee\/en\/wp-json\/wp\/v2\/media\/1002940"}],"wp:attachment":[{"href":"https:\/\/tuctuc.ee\/en\/wp-json\/wp\/v2\/media?parent=1002925"}],"wp:term":[{"taxonomy":"product_cat","embeddable":true,"href":"https:\/\/tuctuc.ee\/en\/wp-json\/wp\/v2\/product_cat?post=1002925"},{"taxonomy":"product_tag","embeddable":true,"href":"https:\/\/tuctuc.ee\/en\/wp-json\/wp\/v2\/product_tag?post=1002925"}],"curies":[{"name":"wp","href":"https:\/\/api.w.org\/{rel}","templated":true}]}}