{"id":1002351,"date":"2025-01-28T13:22:44","date_gmt":"2025-01-28T10:22:44","guid":{"rendered":"https:\/\/tuctuc.ee\/?post_type=product&#038;p=1002351"},"modified":"2025-09-20T15:36:50","modified_gmt":"2025-09-20T12:36:50","slug":"tudrukute-vihmajope-6","status":"publish","type":"product","link":"https:\/\/tuctuc.ee\/en\/toode\/tudrukute-vihmajope-6\/","title":{"rendered":"T\u00fcdrukute vihmajope"},"content":{"rendered":"<div class=\"vgblk-rw-wrapper limit-wrapper\">\n<p id=\"tw-target-text\" class=\"tw-data-text tw-text-large tw-ta\" dir=\"ltr\" data-placeholder=\"Translation\" data-ved=\"2ahUKEwj9x6rCk5iLAxVAVPEDHbJMLiYQ3ewLegQIBxAV\" aria-label=\"Translated text: Erksa ja ereda lilleprintiga roosa vihmajope t\u00fcdrukutele, mis sobib ideaalselt vihmaseks p\u00e4evaks. Kapuutsi ja t\u00f5mblukuga r\u00f5ivas tagab kaitse ilmastiku eest, s\u00e4ilitades samas stiili. Selle r\u00f5\u00f5msameelne ja v\u00e4rviline disain lisab igale riietusele l\u00f5busust, kaitstes samas vee ja tuule eest. See kuulub Cosmic girl kollektsiooni.\"><span class=\"Y2IQFc\" lang=\"et\">Erksa ja ereda lilleprintiga roosa vihmajope t\u00fcdrukutele, mis sobib ideaalselt vihmaseks p\u00e4evaks. Kapuutsi ja t\u00f5mblukuga r\u00f5ivas tagab kaitse ilmastiku eest, s\u00e4ilitades samas stiili. Selle r\u00f5\u00f5msameelne ja v\u00e4rviline disain lisab igale riietusele l\u00f5busust, kaitstes samas vee ja tuule eest.\u00a0<\/span><\/p>\n<p><span class=\"Y2IQFc\" lang=\"et\">Materjal: 100% pol\u00fceter, vooder 100% pol\u00fcester (fliis). <\/span><span class=\"Y2IQFc\" lang=\"et\">Juhised riiete hooldamiseks ja pesemiseks.\u00a0<\/span><\/div>\n<p><!-- .vgblk-rw-wrapper --><\/p>\n","protected":false},"excerpt":{"rendered":"<p>Erksa ja ereda lilleprintiga roosa vihmajope t\u00fcdrukutele, mis sobib ideaalselt vihmaseks p\u00e4evaks. Kapuutsi ja t\u00f5mblukuga r\u00f5ivas tagab kaitse ilmastiku eest, s\u00e4ilitades samas stiili. Selle r\u00f5\u00f5msameelne ja v\u00e4rviline disain lisab igale riietusele l\u00f5busust, kaitstes samas vee ja tuule eest.\u00a0 Materjal: 100% pol\u00fceter, vooder 100% pol\u00fcester (fliis). Juhised riiete hooldamiseks ja pesemiseks.\u00a0<\/p>\n","protected":false},"featured_media":1002356,"comment_status":"open","ping_status":"closed","template":"","meta":{"_themeisle_gutenberg_block_has_review":false},"product_cat":[436,318],"product_tag":[],"class_list":["post-1002351","product","type-product","status-publish","has-post-thumbnail","hentry","product_cat-joped-tudrukud","product_cat-tudrukud"],"yoast_head":"<!-- This site is optimized with the Yoast SEO plugin v21.5 - https:\/\/yoast.com\/wordpress\/plugins\/seo\/ -->\n<title>T\u00fcdrukute vihmajope - TucTuc Eesti<\/title>\n<meta name=\"robots\" content=\"index, follow, max-snippet:-1, max-image-preview:large, max-video-preview:-1\" \/>\n<link rel=\"canonical\" href=\"https:\/\/tuctuc.ee\/en\/toode\/tudrukute-vihmajope-6\/\" \/>\n<meta property=\"og:locale\" content=\"en_US\" \/>\n<meta property=\"og:type\" content=\"article\" \/>\n<meta property=\"og:title\" content=\"T\u00fcdrukute vihmajope - TucTuc Eesti\" \/>\n<meta property=\"og:description\" content=\"Erksa ja ereda lilleprintiga roosa vihmajope t\u00fcdrukutele, mis sobib ideaalselt vihmaseks p\u00e4evaks. Kapuutsi ja t\u00f5mblukuga r\u00f5ivas tagab kaitse ilmastiku eest, s\u00e4ilitades samas stiili. Selle r\u00f5\u00f5msameelne ja v\u00e4rviline disain lisab igale riietusele l\u00f5busust, kaitstes samas vee ja tuule eest.\u00a0 Materjal: 100% pol\u00fceter, vooder 100% pol\u00fcester (fliis). Juhised riiete hooldamiseks ja pesemiseks.\u00a0\" \/>\n<meta property=\"og:url\" content=\"https:\/\/tuctuc.ee\/en\/toode\/tudrukute-vihmajope-6\/\" \/>\n<meta property=\"og:site_name\" content=\"TucTuc Eesti\" \/>\n<meta property=\"article:modified_time\" content=\"2025-09-20T12:36:50+00:00\" \/>\n<meta property=\"og:image\" content=\"https:\/\/tuctuc.ee\/wp-content\/uploads\/2025\/01\/11379598.webp\" \/>\n\t<meta property=\"og:image:width\" content=\"800\" \/>\n\t<meta property=\"og:image:height\" content=\"1000\" \/>\n\t<meta property=\"og:image:type\" content=\"image\/webp\" \/>\n<meta name=\"twitter:card\" content=\"summary_large_image\" \/>\n<meta name=\"twitter:label1\" content=\"Est. reading time\" \/>\n\t<meta name=\"twitter:data1\" content=\"1 minute\" \/>\n<script type=\"application\/ld+json\" class=\"yoast-schema-graph\">{\"@context\":\"https:\/\/schema.org\",\"@graph\":[{\"@type\":\"WebPage\",\"@id\":\"https:\/\/tuctuc.ee\/en\/toode\/tudrukute-vihmajope-6\/\",\"url\":\"https:\/\/tuctuc.ee\/en\/toode\/tudrukute-vihmajope-6\/\",\"name\":\"T\u00fcdrukute vihmajope - TucTuc Eesti\",\"isPartOf\":{\"@id\":\"https:\/\/tuctuc.ee\/en\/#website\"},\"datePublished\":\"2025-01-28T10:22:44+00:00\",\"dateModified\":\"2025-09-20T12:36:50+00:00\",\"breadcrumb\":{\"@id\":\"https:\/\/tuctuc.ee\/en\/toode\/tudrukute-vihmajope-6\/#breadcrumb\"},\"inLanguage\":\"en-US\",\"potentialAction\":[{\"@type\":\"ReadAction\",\"target\":[\"https:\/\/tuctuc.ee\/en\/toode\/tudrukute-vihmajope-6\/\"]}]},{\"@type\":\"BreadcrumbList\",\"@id\":\"https:\/\/tuctuc.ee\/en\/toode\/tudrukute-vihmajope-6\/#breadcrumb\",\"itemListElement\":[{\"@type\":\"ListItem\",\"position\":1,\"name\":\"Home\",\"item\":\"https:\/\/tuctuc.ee\/en\/?page_id=269\"},{\"@type\":\"ListItem\",\"position\":2,\"name\":\"Shop\",\"item\":\"https:\/\/tuctuc.ee\/shop\/\"},{\"@type\":\"ListItem\",\"position\":3,\"name\":\"T\u00fcdrukute vihmajope\"}]},{\"@type\":\"WebSite\",\"@id\":\"https:\/\/tuctuc.ee\/en\/#website\",\"url\":\"https:\/\/tuctuc.ee\/en\/\",\"name\":\"TucTuc Eesti\",\"description\":\"Eesti laster\u00f5ivaste veebipood - Stiilsed riided lastele igale vanusele. Avastage meie valikut n\u00fc\u00fcd!\",\"publisher\":{\"@id\":\"https:\/\/tuctuc.ee\/en\/#organization\"},\"potentialAction\":[{\"@type\":\"SearchAction\",\"target\":{\"@type\":\"EntryPoint\",\"urlTemplate\":\"https:\/\/tuctuc.ee\/en\/?s={search_term_string}\"},\"query-input\":\"required name=search_term_string\"}],\"inLanguage\":\"en-US\"},{\"@type\":\"Organization\",\"@id\":\"https:\/\/tuctuc.ee\/en\/#organization\",\"name\":\"TucTuc Eesti\",\"url\":\"https:\/\/tuctuc.ee\/en\/\",\"logo\":{\"@type\":\"ImageObject\",\"inLanguage\":\"en-US\",\"@id\":\"https:\/\/tuctuc.ee\/en\/#\/schema\/logo\/image\/\",\"url\":\"https:\/\/i0.wp.com\/tuctuc.ee\/wp-content\/uploads\/2023\/10\/logo-164933761541.png?fit=109%2C122&ssl=1\",\"contentUrl\":\"https:\/\/i0.wp.com\/tuctuc.ee\/wp-content\/uploads\/2023\/10\/logo-164933761541.png?fit=109%2C122&ssl=1\",\"width\":109,\"height\":122,\"caption\":\"TucTuc Eesti\"},\"image\":{\"@id\":\"https:\/\/tuctuc.ee\/en\/#\/schema\/logo\/image\/\"}}]}<\/script>\n<!-- \/ Yoast SEO plugin. -->","yoast_head_json":{"title":"T\u00fcdrukute vihmajope - TucTuc Eesti","robots":{"index":"index","follow":"follow","max-snippet":"max-snippet:-1","max-image-preview":"max-image-preview:large","max-video-preview":"max-video-preview:-1"},"canonical":"https:\/\/tuctuc.ee\/en\/toode\/tudrukute-vihmajope-6\/","og_locale":"en_US","og_type":"article","og_title":"T\u00fcdrukute vihmajope - TucTuc Eesti","og_description":"Erksa ja ereda lilleprintiga roosa vihmajope t\u00fcdrukutele, mis sobib ideaalselt vihmaseks p\u00e4evaks. Kapuutsi ja t\u00f5mblukuga r\u00f5ivas tagab kaitse ilmastiku eest, s\u00e4ilitades samas stiili. Selle r\u00f5\u00f5msameelne ja v\u00e4rviline disain lisab igale riietusele l\u00f5busust, kaitstes samas vee ja tuule eest.\u00a0 Materjal: 100% pol\u00fceter, vooder 100% pol\u00fcester (fliis). Juhised riiete hooldamiseks ja pesemiseks.\u00a0","og_url":"https:\/\/tuctuc.ee\/en\/toode\/tudrukute-vihmajope-6\/","og_site_name":"TucTuc Eesti","article_modified_time":"2025-09-20T12:36:50+00:00","og_image":[{"width":800,"height":1000,"url":"https:\/\/tuctuc.ee\/wp-content\/uploads\/2025\/01\/11379598.webp","type":"image\/webp"}],"twitter_card":"summary_large_image","twitter_misc":{"Est. reading time":"1 minute"},"schema":{"@context":"https:\/\/schema.org","@graph":[{"@type":"WebPage","@id":"https:\/\/tuctuc.ee\/en\/toode\/tudrukute-vihmajope-6\/","url":"https:\/\/tuctuc.ee\/en\/toode\/tudrukute-vihmajope-6\/","name":"T\u00fcdrukute vihmajope - TucTuc Eesti","isPartOf":{"@id":"https:\/\/tuctuc.ee\/en\/#website"},"datePublished":"2025-01-28T10:22:44+00:00","dateModified":"2025-09-20T12:36:50+00:00","breadcrumb":{"@id":"https:\/\/tuctuc.ee\/en\/toode\/tudrukute-vihmajope-6\/#breadcrumb"},"inLanguage":"en-US","potentialAction":[{"@type":"ReadAction","target":["https:\/\/tuctuc.ee\/en\/toode\/tudrukute-vihmajope-6\/"]}]},{"@type":"BreadcrumbList","@id":"https:\/\/tuctuc.ee\/en\/toode\/tudrukute-vihmajope-6\/#breadcrumb","itemListElement":[{"@type":"ListItem","position":1,"name":"Home","item":"https:\/\/tuctuc.ee\/en\/?page_id=269"},{"@type":"ListItem","position":2,"name":"Shop","item":"https:\/\/tuctuc.ee\/shop\/"},{"@type":"ListItem","position":3,"name":"T\u00fcdrukute vihmajope"}]},{"@type":"WebSite","@id":"https:\/\/tuctuc.ee\/en\/#website","url":"https:\/\/tuctuc.ee\/en\/","name":"TucTuc Eesti","description":"Eesti laster\u00f5ivaste veebipood - Stiilsed riided lastele igale vanusele. Avastage meie valikut n\u00fc\u00fcd!","publisher":{"@id":"https:\/\/tuctuc.ee\/en\/#organization"},"potentialAction":[{"@type":"SearchAction","target":{"@type":"EntryPoint","urlTemplate":"https:\/\/tuctuc.ee\/en\/?s={search_term_string}"},"query-input":"required name=search_term_string"}],"inLanguage":"en-US"},{"@type":"Organization","@id":"https:\/\/tuctuc.ee\/en\/#organization","name":"TucTuc Eesti","url":"https:\/\/tuctuc.ee\/en\/","logo":{"@type":"ImageObject","inLanguage":"en-US","@id":"https:\/\/tuctuc.ee\/en\/#\/schema\/logo\/image\/","url":"https:\/\/i0.wp.com\/tuctuc.ee\/wp-content\/uploads\/2023\/10\/logo-164933761541.png?fit=109%2C122&ssl=1","contentUrl":"https:\/\/i0.wp.com\/tuctuc.ee\/wp-content\/uploads\/2023\/10\/logo-164933761541.png?fit=109%2C122&ssl=1","width":109,"height":122,"caption":"TucTuc Eesti"},"image":{"@id":"https:\/\/tuctuc.ee\/en\/#\/schema\/logo\/image\/"}}]}},"jetpack_sharing_enabled":true,"_links":{"self":[{"href":"https:\/\/tuctuc.ee\/en\/wp-json\/wp\/v2\/product\/1002351","targetHints":{"allow":["GET"]}}],"collection":[{"href":"https:\/\/tuctuc.ee\/en\/wp-json\/wp\/v2\/product"}],"about":[{"href":"https:\/\/tuctuc.ee\/en\/wp-json\/wp\/v2\/types\/product"}],"replies":[{"embeddable":true,"href":"https:\/\/tuctuc.ee\/en\/wp-json\/wp\/v2\/comments?post=1002351"}],"version-history":[{"count":2,"href":"https:\/\/tuctuc.ee\/en\/wp-json\/wp\/v2\/product\/1002351\/revisions"}],"predecessor-version":[{"id":1003666,"href":"https:\/\/tuctuc.ee\/en\/wp-json\/wp\/v2\/product\/1002351\/revisions\/1003666"}],"wp:featuredmedia":[{"embeddable":true,"href":"https:\/\/tuctuc.ee\/en\/wp-json\/wp\/v2\/media\/1002356"}],"wp:attachment":[{"href":"https:\/\/tuctuc.ee\/en\/wp-json\/wp\/v2\/media?parent=1002351"}],"wp:term":[{"taxonomy":"product_cat","embeddable":true,"href":"https:\/\/tuctuc.ee\/en\/wp-json\/wp\/v2\/product_cat?post=1002351"},{"taxonomy":"product_tag","embeddable":true,"href":"https:\/\/tuctuc.ee\/en\/wp-json\/wp\/v2\/product_tag?post=1002351"}],"curies":[{"name":"wp","href":"https:\/\/api.w.org\/{rel}","templated":true}]}}