{"id":1002334,"date":"2025-01-28T13:15:41","date_gmt":"2025-01-28T10:15:41","guid":{"rendered":"https:\/\/tuctuc.ee\/?post_type=product&#038;p=1002334"},"modified":"2026-03-10T14:18:38","modified_gmt":"2026-03-10T11:18:38","slug":"punane-veekindel-vihmamantel-tudrukutele","status":"publish","type":"product","link":"https:\/\/tuctuc.ee\/en\/toode\/punane-veekindel-vihmamantel-tudrukutele\/","title":{"rendered":"Punane veekindel vihmamantel t\u00fcdrukutele"},"content":{"rendered":"<div class=\"vgblk-rw-wrapper limit-wrapper\">\n<p id=\"tw-target-text\" class=\"tw-data-text tw-text-large tw-ta\" dir=\"ltr\" data-placeholder=\"Translation\" data-ved=\"2ahUKEwj9x6rCk5iLAxVAVPEDHbJMLiYQ3ewLegQIBxAV\" aria-label=\"Translated text: Punane veekindel vihmamantel t\u00fcdrukutele, millel on merev\u00e4rvi varrukad ja l\u00f5busad detailid ees, nagu roosad taskud ja graafiline tr\u00fckk. See veekindlast materjalist valmistatud r\u00f5ivas sobib ideaalselt teie lapse kaitsmiseks vihmastel p\u00e4evadel. Kapuutsil on v\u00e4ike k\u00f5rvakujundus, mis lisab lummava ja funktsionaalse puudutuse.\"><span class=\"Y2IQFc\" lang=\"et\">Punane veekindel vihmamantel t\u00fcdrukutele, millel on merev\u00e4rvi varrukad ja l\u00f5busad detailid ees, nagu roosad taskud ja graafiline tr\u00fckk. See veekindlast materjalist valmistatud r\u00f5ivas sobib ideaalselt teie lapse kaitsmiseks vihmastel p\u00e4evadel. Kapuutsil on v\u00e4ike k\u00f5rvakujundus, mis lisab lummava ja funktsionaalse puudutuse.<\/span><\/p>\n<p><span class=\"Y2IQFc\" lang=\"et\">Materjal: 100% pol\u00fceter, vooder 100% pol\u00fcester (fliis). <\/span><span class=\"Y2IQFc\" lang=\"et\">Juhised riiete hooldamiseks ja pesemiseks.\u00a0<\/span><\/div>\n<p><!-- .vgblk-rw-wrapper --><\/p>\n","protected":false},"excerpt":{"rendered":"<p>Punane veekindel vihmamantel t\u00fcdrukutele, millel on merev\u00e4rvi varrukad ja l\u00f5busad detailid ees, nagu roosad taskud ja graafiline tr\u00fckk. See veekindlast materjalist valmistatud r\u00f5ivas sobib ideaalselt teie lapse kaitsmiseks vihmastel p\u00e4evadel. Kapuutsil on v\u00e4ike k\u00f5rvakujundus, mis lisab lummava ja funktsionaalse puudutuse. Materjal: 100% pol\u00fceter, vooder 100% pol\u00fcester (fliis). Juhised riiete hooldamiseks ja pesemiseks.\u00a0<\/p>\n","protected":false},"featured_media":1002341,"comment_status":"open","ping_status":"closed","template":"","meta":{"_themeisle_gutenberg_block_has_review":false},"product_cat":[436,318],"product_tag":[],"class_list":["post-1002334","product","type-product","status-publish","has-post-thumbnail","hentry","product_cat-joped-tudrukud","product_cat-tudrukud"],"yoast_head":"<!-- This site is optimized with the Yoast SEO plugin v21.5 - https:\/\/yoast.com\/wordpress\/plugins\/seo\/ -->\n<title>Punane veekindel vihmamantel t\u00fcdrukutele - TucTuc Eesti<\/title>\n<meta name=\"robots\" content=\"index, follow, max-snippet:-1, max-image-preview:large, max-video-preview:-1\" \/>\n<link rel=\"canonical\" href=\"https:\/\/tuctuc.ee\/en\/toode\/punane-veekindel-vihmamantel-tudrukutele\/\" \/>\n<meta property=\"og:locale\" content=\"en_US\" \/>\n<meta property=\"og:type\" content=\"article\" \/>\n<meta property=\"og:title\" content=\"Punane veekindel vihmamantel t\u00fcdrukutele - TucTuc Eesti\" \/>\n<meta property=\"og:description\" content=\"Punane veekindel vihmamantel t\u00fcdrukutele, millel on merev\u00e4rvi varrukad ja l\u00f5busad detailid ees, nagu roosad taskud ja graafiline tr\u00fckk. See veekindlast materjalist valmistatud r\u00f5ivas sobib ideaalselt teie lapse kaitsmiseks vihmastel p\u00e4evadel. Kapuutsil on v\u00e4ike k\u00f5rvakujundus, mis lisab lummava ja funktsionaalse puudutuse. Materjal: 100% pol\u00fceter, vooder 100% pol\u00fcester (fliis). Juhised riiete hooldamiseks ja pesemiseks.\u00a0\" \/>\n<meta property=\"og:url\" content=\"https:\/\/tuctuc.ee\/en\/toode\/punane-veekindel-vihmamantel-tudrukutele\/\" \/>\n<meta property=\"og:site_name\" content=\"TucTuc Eesti\" \/>\n<meta property=\"article:modified_time\" content=\"2026-03-10T11:18:38+00:00\" \/>\n<meta property=\"og:image\" content=\"https:\/\/tuctuc.ee\/wp-content\/uploads\/2025\/01\/11379797.webp\" \/>\n\t<meta property=\"og:image:width\" content=\"800\" \/>\n\t<meta property=\"og:image:height\" content=\"1000\" \/>\n\t<meta property=\"og:image:type\" content=\"image\/webp\" \/>\n<meta name=\"twitter:card\" content=\"summary_large_image\" \/>\n<meta name=\"twitter:label1\" content=\"Est. reading time\" \/>\n\t<meta name=\"twitter:data1\" content=\"1 minute\" \/>\n<script type=\"application\/ld+json\" class=\"yoast-schema-graph\">{\"@context\":\"https:\/\/schema.org\",\"@graph\":[{\"@type\":\"WebPage\",\"@id\":\"https:\/\/tuctuc.ee\/en\/toode\/punane-veekindel-vihmamantel-tudrukutele\/\",\"url\":\"https:\/\/tuctuc.ee\/en\/toode\/punane-veekindel-vihmamantel-tudrukutele\/\",\"name\":\"Punane veekindel vihmamantel t\u00fcdrukutele - TucTuc Eesti\",\"isPartOf\":{\"@id\":\"https:\/\/tuctuc.ee\/en\/#website\"},\"datePublished\":\"2025-01-28T10:15:41+00:00\",\"dateModified\":\"2026-03-10T11:18:38+00:00\",\"breadcrumb\":{\"@id\":\"https:\/\/tuctuc.ee\/en\/toode\/punane-veekindel-vihmamantel-tudrukutele\/#breadcrumb\"},\"inLanguage\":\"en-US\",\"potentialAction\":[{\"@type\":\"ReadAction\",\"target\":[\"https:\/\/tuctuc.ee\/en\/toode\/punane-veekindel-vihmamantel-tudrukutele\/\"]}]},{\"@type\":\"BreadcrumbList\",\"@id\":\"https:\/\/tuctuc.ee\/en\/toode\/punane-veekindel-vihmamantel-tudrukutele\/#breadcrumb\",\"itemListElement\":[{\"@type\":\"ListItem\",\"position\":1,\"name\":\"Home\",\"item\":\"https:\/\/tuctuc.ee\/en\/?page_id=269\"},{\"@type\":\"ListItem\",\"position\":2,\"name\":\"Shop\",\"item\":\"https:\/\/tuctuc.ee\/shop\/\"},{\"@type\":\"ListItem\",\"position\":3,\"name\":\"Punane veekindel vihmamantel t\u00fcdrukutele\"}]},{\"@type\":\"WebSite\",\"@id\":\"https:\/\/tuctuc.ee\/en\/#website\",\"url\":\"https:\/\/tuctuc.ee\/en\/\",\"name\":\"TucTuc Eesti\",\"description\":\"Eesti laster\u00f5ivaste veebipood - Stiilsed riided lastele igale vanusele. Avastage meie valikut n\u00fc\u00fcd!\",\"publisher\":{\"@id\":\"https:\/\/tuctuc.ee\/en\/#organization\"},\"potentialAction\":[{\"@type\":\"SearchAction\",\"target\":{\"@type\":\"EntryPoint\",\"urlTemplate\":\"https:\/\/tuctuc.ee\/en\/?s={search_term_string}\"},\"query-input\":\"required name=search_term_string\"}],\"inLanguage\":\"en-US\"},{\"@type\":\"Organization\",\"@id\":\"https:\/\/tuctuc.ee\/en\/#organization\",\"name\":\"TucTuc Eesti\",\"url\":\"https:\/\/tuctuc.ee\/en\/\",\"logo\":{\"@type\":\"ImageObject\",\"inLanguage\":\"en-US\",\"@id\":\"https:\/\/tuctuc.ee\/en\/#\/schema\/logo\/image\/\",\"url\":\"https:\/\/i0.wp.com\/tuctuc.ee\/wp-content\/uploads\/2023\/10\/logo-164933761541.png?fit=109%2C122&ssl=1\",\"contentUrl\":\"https:\/\/i0.wp.com\/tuctuc.ee\/wp-content\/uploads\/2023\/10\/logo-164933761541.png?fit=109%2C122&ssl=1\",\"width\":109,\"height\":122,\"caption\":\"TucTuc Eesti\"},\"image\":{\"@id\":\"https:\/\/tuctuc.ee\/en\/#\/schema\/logo\/image\/\"}}]}<\/script>\n<!-- \/ Yoast SEO plugin. -->","yoast_head_json":{"title":"Punane veekindel vihmamantel t\u00fcdrukutele - TucTuc Eesti","robots":{"index":"index","follow":"follow","max-snippet":"max-snippet:-1","max-image-preview":"max-image-preview:large","max-video-preview":"max-video-preview:-1"},"canonical":"https:\/\/tuctuc.ee\/en\/toode\/punane-veekindel-vihmamantel-tudrukutele\/","og_locale":"en_US","og_type":"article","og_title":"Punane veekindel vihmamantel t\u00fcdrukutele - TucTuc Eesti","og_description":"Punane veekindel vihmamantel t\u00fcdrukutele, millel on merev\u00e4rvi varrukad ja l\u00f5busad detailid ees, nagu roosad taskud ja graafiline tr\u00fckk. See veekindlast materjalist valmistatud r\u00f5ivas sobib ideaalselt teie lapse kaitsmiseks vihmastel p\u00e4evadel. Kapuutsil on v\u00e4ike k\u00f5rvakujundus, mis lisab lummava ja funktsionaalse puudutuse. Materjal: 100% pol\u00fceter, vooder 100% pol\u00fcester (fliis). Juhised riiete hooldamiseks ja pesemiseks.\u00a0","og_url":"https:\/\/tuctuc.ee\/en\/toode\/punane-veekindel-vihmamantel-tudrukutele\/","og_site_name":"TucTuc Eesti","article_modified_time":"2026-03-10T11:18:38+00:00","og_image":[{"width":800,"height":1000,"url":"https:\/\/tuctuc.ee\/wp-content\/uploads\/2025\/01\/11379797.webp","type":"image\/webp"}],"twitter_card":"summary_large_image","twitter_misc":{"Est. reading time":"1 minute"},"schema":{"@context":"https:\/\/schema.org","@graph":[{"@type":"WebPage","@id":"https:\/\/tuctuc.ee\/en\/toode\/punane-veekindel-vihmamantel-tudrukutele\/","url":"https:\/\/tuctuc.ee\/en\/toode\/punane-veekindel-vihmamantel-tudrukutele\/","name":"Punane veekindel vihmamantel t\u00fcdrukutele - TucTuc Eesti","isPartOf":{"@id":"https:\/\/tuctuc.ee\/en\/#website"},"datePublished":"2025-01-28T10:15:41+00:00","dateModified":"2026-03-10T11:18:38+00:00","breadcrumb":{"@id":"https:\/\/tuctuc.ee\/en\/toode\/punane-veekindel-vihmamantel-tudrukutele\/#breadcrumb"},"inLanguage":"en-US","potentialAction":[{"@type":"ReadAction","target":["https:\/\/tuctuc.ee\/en\/toode\/punane-veekindel-vihmamantel-tudrukutele\/"]}]},{"@type":"BreadcrumbList","@id":"https:\/\/tuctuc.ee\/en\/toode\/punane-veekindel-vihmamantel-tudrukutele\/#breadcrumb","itemListElement":[{"@type":"ListItem","position":1,"name":"Home","item":"https:\/\/tuctuc.ee\/en\/?page_id=269"},{"@type":"ListItem","position":2,"name":"Shop","item":"https:\/\/tuctuc.ee\/shop\/"},{"@type":"ListItem","position":3,"name":"Punane veekindel vihmamantel t\u00fcdrukutele"}]},{"@type":"WebSite","@id":"https:\/\/tuctuc.ee\/en\/#website","url":"https:\/\/tuctuc.ee\/en\/","name":"TucTuc Eesti","description":"Eesti laster\u00f5ivaste veebipood - Stiilsed riided lastele igale vanusele. Avastage meie valikut n\u00fc\u00fcd!","publisher":{"@id":"https:\/\/tuctuc.ee\/en\/#organization"},"potentialAction":[{"@type":"SearchAction","target":{"@type":"EntryPoint","urlTemplate":"https:\/\/tuctuc.ee\/en\/?s={search_term_string}"},"query-input":"required name=search_term_string"}],"inLanguage":"en-US"},{"@type":"Organization","@id":"https:\/\/tuctuc.ee\/en\/#organization","name":"TucTuc Eesti","url":"https:\/\/tuctuc.ee\/en\/","logo":{"@type":"ImageObject","inLanguage":"en-US","@id":"https:\/\/tuctuc.ee\/en\/#\/schema\/logo\/image\/","url":"https:\/\/i0.wp.com\/tuctuc.ee\/wp-content\/uploads\/2023\/10\/logo-164933761541.png?fit=109%2C122&ssl=1","contentUrl":"https:\/\/i0.wp.com\/tuctuc.ee\/wp-content\/uploads\/2023\/10\/logo-164933761541.png?fit=109%2C122&ssl=1","width":109,"height":122,"caption":"TucTuc Eesti"},"image":{"@id":"https:\/\/tuctuc.ee\/en\/#\/schema\/logo\/image\/"}}]}},"jetpack_sharing_enabled":true,"_links":{"self":[{"href":"https:\/\/tuctuc.ee\/en\/wp-json\/wp\/v2\/product\/1002334","targetHints":{"allow":["GET"]}}],"collection":[{"href":"https:\/\/tuctuc.ee\/en\/wp-json\/wp\/v2\/product"}],"about":[{"href":"https:\/\/tuctuc.ee\/en\/wp-json\/wp\/v2\/types\/product"}],"replies":[{"embeddable":true,"href":"https:\/\/tuctuc.ee\/en\/wp-json\/wp\/v2\/comments?post=1002334"}],"version-history":[{"count":2,"href":"https:\/\/tuctuc.ee\/en\/wp-json\/wp\/v2\/product\/1002334\/revisions"}],"predecessor-version":[{"id":1002350,"href":"https:\/\/tuctuc.ee\/en\/wp-json\/wp\/v2\/product\/1002334\/revisions\/1002350"}],"wp:featuredmedia":[{"embeddable":true,"href":"https:\/\/tuctuc.ee\/en\/wp-json\/wp\/v2\/media\/1002341"}],"wp:attachment":[{"href":"https:\/\/tuctuc.ee\/en\/wp-json\/wp\/v2\/media?parent=1002334"}],"wp:term":[{"taxonomy":"product_cat","embeddable":true,"href":"https:\/\/tuctuc.ee\/en\/wp-json\/wp\/v2\/product_cat?post=1002334"},{"taxonomy":"product_tag","embeddable":true,"href":"https:\/\/tuctuc.ee\/en\/wp-json\/wp\/v2\/product_tag?post=1002334"}],"curies":[{"name":"wp","href":"https:\/\/api.w.org\/{rel}","templated":true}]}}