{"id":1002050,"date":"2024-11-27T18:44:29","date_gmt":"2024-11-27T15:44:29","guid":{"rendered":"https:\/\/tuctuc.ee\/?post_type=product&#038;p=1002050"},"modified":"2026-01-26T17:18:23","modified_gmt":"2026-01-26T14:18:23","slug":"pruunid-retuusid-tudrukutele","status":"publish","type":"product","link":"https:\/\/tuctuc.ee\/en\/toode\/pruunid-retuusid-tudrukutele\/","title":{"rendered":"Pruunid retuusid t\u00fcdrukutele"},"content":{"rendered":"<div class=\"vgblk-rw-wrapper limit-wrapper\">Pruunid retuusid t\u00fcdrukutele, disainitud lilleprintiga s\u00e4\u00e4rtel oran\u017eides ja roosades toonides. Valmistatud pehmest venivast kangast, mis pakub mugavust ja liikumisvabadust. Elastne v\u00f6\u00f6rihm tagab turvalise ja mugava istuvuse. Need retuusid on mitmek\u00fclgne v\u00f5imalus kombineerida teiste sama kollektsiooni r\u00f5ivastega.<\/p>\n<p><span class=\"Y2IQFc\" lang=\"et\">Materjal: 95% puuvill, 5% elastaan. <\/span><span class=\"Y2IQFc\" lang=\"et\">Juhised riiete hooldamiseks ja pesemiseks.\u00a0<\/span><\/div>\n<p><!-- .vgblk-rw-wrapper --><\/p>\n","protected":false},"excerpt":{"rendered":"<p>Pruunid retuusid t\u00fcdrukutele, disainitud lilleprintiga s\u00e4\u00e4rtel oran\u017eides ja roosades toonides. Valmistatud pehmest venivast kangast, mis pakub mugavust ja liikumisvabadust. Elastne v\u00f6\u00f6rihm tagab turvalise ja mugava istuvuse. Need retuusid on mitmek\u00fclgne v\u00f5imalus kombineerida teiste sama kollektsiooni r\u00f5ivastega. Materjal: 95% puuvill, 5% elastaan. Juhised riiete hooldamiseks ja pesemiseks.\u00a0<\/p>\n","protected":false},"featured_media":1002057,"comment_status":"open","ping_status":"closed","template":"","meta":{"_themeisle_gutenberg_block_has_review":false},"product_cat":[429,318],"product_tag":[],"class_list":["post-1002050","product","type-product","status-publish","has-post-thumbnail","hentry","product_cat-puksid","product_cat-tudrukud"],"yoast_head":"<!-- This site is optimized with the Yoast SEO plugin v21.5 - https:\/\/yoast.com\/wordpress\/plugins\/seo\/ -->\n<title>Pruunid retuusid t\u00fcdrukutele - TucTuc Eesti<\/title>\n<meta name=\"robots\" content=\"index, follow, max-snippet:-1, max-image-preview:large, max-video-preview:-1\" \/>\n<link rel=\"canonical\" href=\"https:\/\/tuctuc.ee\/en\/toode\/pruunid-retuusid-tudrukutele\/\" \/>\n<meta property=\"og:locale\" content=\"en_US\" \/>\n<meta property=\"og:type\" content=\"article\" \/>\n<meta property=\"og:title\" content=\"Pruunid retuusid t\u00fcdrukutele - TucTuc Eesti\" \/>\n<meta property=\"og:description\" content=\"Pruunid retuusid t\u00fcdrukutele, disainitud lilleprintiga s\u00e4\u00e4rtel oran\u017eides ja roosades toonides. Valmistatud pehmest venivast kangast, mis pakub mugavust ja liikumisvabadust. Elastne v\u00f6\u00f6rihm tagab turvalise ja mugava istuvuse. Need retuusid on mitmek\u00fclgne v\u00f5imalus kombineerida teiste sama kollektsiooni r\u00f5ivastega. Materjal: 95% puuvill, 5% elastaan. Juhised riiete hooldamiseks ja pesemiseks.\u00a0\" \/>\n<meta property=\"og:url\" content=\"https:\/\/tuctuc.ee\/en\/toode\/pruunid-retuusid-tudrukutele\/\" \/>\n<meta property=\"og:site_name\" content=\"TucTuc Eesti\" \/>\n<meta property=\"article:modified_time\" content=\"2026-01-26T14:18:23+00:00\" \/>\n<meta property=\"og:image\" content=\"https:\/\/tuctuc.ee\/wp-content\/uploads\/2024\/11\/11379178.webp\" \/>\n\t<meta property=\"og:image:width\" content=\"800\" \/>\n\t<meta property=\"og:image:height\" content=\"1000\" \/>\n\t<meta property=\"og:image:type\" content=\"image\/webp\" \/>\n<meta name=\"twitter:card\" content=\"summary_large_image\" \/>\n<meta name=\"twitter:label1\" content=\"Est. reading time\" \/>\n\t<meta name=\"twitter:data1\" content=\"1 minute\" \/>\n<script type=\"application\/ld+json\" class=\"yoast-schema-graph\">{\"@context\":\"https:\/\/schema.org\",\"@graph\":[{\"@type\":\"WebPage\",\"@id\":\"https:\/\/tuctuc.ee\/en\/toode\/pruunid-retuusid-tudrukutele\/\",\"url\":\"https:\/\/tuctuc.ee\/en\/toode\/pruunid-retuusid-tudrukutele\/\",\"name\":\"Pruunid retuusid t\u00fcdrukutele - TucTuc Eesti\",\"isPartOf\":{\"@id\":\"https:\/\/tuctuc.ee\/en\/#website\"},\"datePublished\":\"2024-11-27T15:44:29+00:00\",\"dateModified\":\"2026-01-26T14:18:23+00:00\",\"breadcrumb\":{\"@id\":\"https:\/\/tuctuc.ee\/en\/toode\/pruunid-retuusid-tudrukutele\/#breadcrumb\"},\"inLanguage\":\"en-US\",\"potentialAction\":[{\"@type\":\"ReadAction\",\"target\":[\"https:\/\/tuctuc.ee\/en\/toode\/pruunid-retuusid-tudrukutele\/\"]}]},{\"@type\":\"BreadcrumbList\",\"@id\":\"https:\/\/tuctuc.ee\/en\/toode\/pruunid-retuusid-tudrukutele\/#breadcrumb\",\"itemListElement\":[{\"@type\":\"ListItem\",\"position\":1,\"name\":\"Home\",\"item\":\"https:\/\/tuctuc.ee\/en\/?page_id=269\"},{\"@type\":\"ListItem\",\"position\":2,\"name\":\"Shop\",\"item\":\"https:\/\/tuctuc.ee\/shop\/\"},{\"@type\":\"ListItem\",\"position\":3,\"name\":\"Pruunid retuusid t\u00fcdrukutele\"}]},{\"@type\":\"WebSite\",\"@id\":\"https:\/\/tuctuc.ee\/en\/#website\",\"url\":\"https:\/\/tuctuc.ee\/en\/\",\"name\":\"TucTuc Eesti\",\"description\":\"Eesti laster\u00f5ivaste veebipood - Stiilsed riided lastele igale vanusele. Avastage meie valikut n\u00fc\u00fcd!\",\"publisher\":{\"@id\":\"https:\/\/tuctuc.ee\/en\/#organization\"},\"potentialAction\":[{\"@type\":\"SearchAction\",\"target\":{\"@type\":\"EntryPoint\",\"urlTemplate\":\"https:\/\/tuctuc.ee\/en\/?s={search_term_string}\"},\"query-input\":\"required name=search_term_string\"}],\"inLanguage\":\"en-US\"},{\"@type\":\"Organization\",\"@id\":\"https:\/\/tuctuc.ee\/en\/#organization\",\"name\":\"TucTuc Eesti\",\"url\":\"https:\/\/tuctuc.ee\/en\/\",\"logo\":{\"@type\":\"ImageObject\",\"inLanguage\":\"en-US\",\"@id\":\"https:\/\/tuctuc.ee\/en\/#\/schema\/logo\/image\/\",\"url\":\"https:\/\/i0.wp.com\/tuctuc.ee\/wp-content\/uploads\/2023\/10\/logo-164933761541.png?fit=109%2C122&ssl=1\",\"contentUrl\":\"https:\/\/i0.wp.com\/tuctuc.ee\/wp-content\/uploads\/2023\/10\/logo-164933761541.png?fit=109%2C122&ssl=1\",\"width\":109,\"height\":122,\"caption\":\"TucTuc Eesti\"},\"image\":{\"@id\":\"https:\/\/tuctuc.ee\/en\/#\/schema\/logo\/image\/\"}}]}<\/script>\n<!-- \/ Yoast SEO plugin. -->","yoast_head_json":{"title":"Pruunid retuusid t\u00fcdrukutele - TucTuc Eesti","robots":{"index":"index","follow":"follow","max-snippet":"max-snippet:-1","max-image-preview":"max-image-preview:large","max-video-preview":"max-video-preview:-1"},"canonical":"https:\/\/tuctuc.ee\/en\/toode\/pruunid-retuusid-tudrukutele\/","og_locale":"en_US","og_type":"article","og_title":"Pruunid retuusid t\u00fcdrukutele - TucTuc Eesti","og_description":"Pruunid retuusid t\u00fcdrukutele, disainitud lilleprintiga s\u00e4\u00e4rtel oran\u017eides ja roosades toonides. Valmistatud pehmest venivast kangast, mis pakub mugavust ja liikumisvabadust. Elastne v\u00f6\u00f6rihm tagab turvalise ja mugava istuvuse. Need retuusid on mitmek\u00fclgne v\u00f5imalus kombineerida teiste sama kollektsiooni r\u00f5ivastega. Materjal: 95% puuvill, 5% elastaan. Juhised riiete hooldamiseks ja pesemiseks.\u00a0","og_url":"https:\/\/tuctuc.ee\/en\/toode\/pruunid-retuusid-tudrukutele\/","og_site_name":"TucTuc Eesti","article_modified_time":"2026-01-26T14:18:23+00:00","og_image":[{"width":800,"height":1000,"url":"https:\/\/tuctuc.ee\/wp-content\/uploads\/2024\/11\/11379178.webp","type":"image\/webp"}],"twitter_card":"summary_large_image","twitter_misc":{"Est. reading time":"1 minute"},"schema":{"@context":"https:\/\/schema.org","@graph":[{"@type":"WebPage","@id":"https:\/\/tuctuc.ee\/en\/toode\/pruunid-retuusid-tudrukutele\/","url":"https:\/\/tuctuc.ee\/en\/toode\/pruunid-retuusid-tudrukutele\/","name":"Pruunid retuusid t\u00fcdrukutele - TucTuc Eesti","isPartOf":{"@id":"https:\/\/tuctuc.ee\/en\/#website"},"datePublished":"2024-11-27T15:44:29+00:00","dateModified":"2026-01-26T14:18:23+00:00","breadcrumb":{"@id":"https:\/\/tuctuc.ee\/en\/toode\/pruunid-retuusid-tudrukutele\/#breadcrumb"},"inLanguage":"en-US","potentialAction":[{"@type":"ReadAction","target":["https:\/\/tuctuc.ee\/en\/toode\/pruunid-retuusid-tudrukutele\/"]}]},{"@type":"BreadcrumbList","@id":"https:\/\/tuctuc.ee\/en\/toode\/pruunid-retuusid-tudrukutele\/#breadcrumb","itemListElement":[{"@type":"ListItem","position":1,"name":"Home","item":"https:\/\/tuctuc.ee\/en\/?page_id=269"},{"@type":"ListItem","position":2,"name":"Shop","item":"https:\/\/tuctuc.ee\/shop\/"},{"@type":"ListItem","position":3,"name":"Pruunid retuusid t\u00fcdrukutele"}]},{"@type":"WebSite","@id":"https:\/\/tuctuc.ee\/en\/#website","url":"https:\/\/tuctuc.ee\/en\/","name":"TucTuc Eesti","description":"Eesti laster\u00f5ivaste veebipood - Stiilsed riided lastele igale vanusele. Avastage meie valikut n\u00fc\u00fcd!","publisher":{"@id":"https:\/\/tuctuc.ee\/en\/#organization"},"potentialAction":[{"@type":"SearchAction","target":{"@type":"EntryPoint","urlTemplate":"https:\/\/tuctuc.ee\/en\/?s={search_term_string}"},"query-input":"required name=search_term_string"}],"inLanguage":"en-US"},{"@type":"Organization","@id":"https:\/\/tuctuc.ee\/en\/#organization","name":"TucTuc Eesti","url":"https:\/\/tuctuc.ee\/en\/","logo":{"@type":"ImageObject","inLanguage":"en-US","@id":"https:\/\/tuctuc.ee\/en\/#\/schema\/logo\/image\/","url":"https:\/\/i0.wp.com\/tuctuc.ee\/wp-content\/uploads\/2023\/10\/logo-164933761541.png?fit=109%2C122&ssl=1","contentUrl":"https:\/\/i0.wp.com\/tuctuc.ee\/wp-content\/uploads\/2023\/10\/logo-164933761541.png?fit=109%2C122&ssl=1","width":109,"height":122,"caption":"TucTuc Eesti"},"image":{"@id":"https:\/\/tuctuc.ee\/en\/#\/schema\/logo\/image\/"}}]}},"jetpack_sharing_enabled":true,"_links":{"self":[{"href":"https:\/\/tuctuc.ee\/en\/wp-json\/wp\/v2\/product\/1002050","targetHints":{"allow":["GET"]}}],"collection":[{"href":"https:\/\/tuctuc.ee\/en\/wp-json\/wp\/v2\/product"}],"about":[{"href":"https:\/\/tuctuc.ee\/en\/wp-json\/wp\/v2\/types\/product"}],"replies":[{"embeddable":true,"href":"https:\/\/tuctuc.ee\/en\/wp-json\/wp\/v2\/comments?post=1002050"}],"version-history":[{"count":1,"href":"https:\/\/tuctuc.ee\/en\/wp-json\/wp\/v2\/product\/1002050\/revisions"}],"predecessor-version":[{"id":1002065,"href":"https:\/\/tuctuc.ee\/en\/wp-json\/wp\/v2\/product\/1002050\/revisions\/1002065"}],"wp:featuredmedia":[{"embeddable":true,"href":"https:\/\/tuctuc.ee\/en\/wp-json\/wp\/v2\/media\/1002057"}],"wp:attachment":[{"href":"https:\/\/tuctuc.ee\/en\/wp-json\/wp\/v2\/media?parent=1002050"}],"wp:term":[{"taxonomy":"product_cat","embeddable":true,"href":"https:\/\/tuctuc.ee\/en\/wp-json\/wp\/v2\/product_cat?post=1002050"},{"taxonomy":"product_tag","embeddable":true,"href":"https:\/\/tuctuc.ee\/en\/wp-json\/wp\/v2\/product_tag?post=1002050"}],"curies":[{"name":"wp","href":"https:\/\/api.w.org\/{rel}","templated":true}]}}