{"id":1001960,"date":"2024-11-27T17:17:15","date_gmt":"2024-11-27T14:17:15","guid":{"rendered":"https:\/\/tuctuc.ee\/?post_type=product&#038;p=1001960"},"modified":"2026-02-15T16:43:29","modified_gmt":"2026-02-15T13:43:29","slug":"tumeroosa-kampsun-tudrukutele","status":"publish","type":"product","link":"https:\/\/tuctuc.ee\/en\/toode\/tumeroosa-kampsun-tudrukutele\/","title":{"rendered":"Tumeroosa kampsun t\u00fcdrukutele"},"content":{"rendered":"<div class=\"vgblk-rw-wrapper limit-wrapper\">Naeratava n\u00e4okujundusega tumeroosa kampsun t\u00fcdrukutele, mis paistab silma r\u00f5\u00f5msa ja v\u00e4rvika stiili poolest. Valmistatud pehmetest ja soojadest materjalidest, sobib ideaalselt aasta k\u00fclmemateks p\u00e4evadeks. Erksad v\u00e4rvid, nagu roosa, oran\u017e ja punane, pakuvad l\u00f5busat ja originaalset v\u00e4limust. N\u00f6\u00f6bid \u00f5lal h\u00f5lbustavad selga panemist ja \u00e4ra v\u00f5tmist, tagades v\u00e4iksele mugavuse.<\/p>\n<p><span class=\"Y2IQFc\" lang=\"et\">Materjal: 71% akr\u00fc\u00fcl, 15% pol\u00fcester, 9% pol\u00fcamiid, 5% elastaan. <\/span><span class=\"Y2IQFc\" lang=\"et\">Juhised riiete hooldamiseks ja pesemiseks.\u00a0<\/span><\/div>\n<p><!-- .vgblk-rw-wrapper --><\/p>\n","protected":false},"excerpt":{"rendered":"<p>Naeratava n\u00e4okujundusega tumeroosa kampsun t\u00fcdrukutele, mis paistab silma r\u00f5\u00f5msa ja v\u00e4rvika stiili poolest. Valmistatud pehmetest ja soojadest materjalidest, sobib ideaalselt aasta k\u00fclmemateks p\u00e4evadeks. Erksad v\u00e4rvid, nagu roosa, oran\u017e ja punane, pakuvad l\u00f5busat ja originaalset v\u00e4limust. N\u00f6\u00f6bid \u00f5lal h\u00f5lbustavad selga panemist ja \u00e4ra v\u00f5tmist, tagades v\u00e4iksele mugavuse. Materjal: 71% akr\u00fc\u00fcl, 15% pol\u00fcester, 9% pol\u00fcamiid, 5% elastaan&#8230;.<\/p>\n","protected":false},"featured_media":1001985,"comment_status":"open","ping_status":"closed","template":"","meta":{"_themeisle_gutenberg_block_has_review":false},"product_cat":[465,318],"product_tag":[],"class_list":["post-1001960","product","type-product","status-publish","has-post-thumbnail","hentry","product_cat-kampsun-tudrukud","product_cat-tudrukud"],"yoast_head":"<!-- This site is optimized with the Yoast SEO plugin v21.5 - https:\/\/yoast.com\/wordpress\/plugins\/seo\/ -->\n<title>Tumeroosa kampsun t\u00fcdrukutele - TucTuc Eesti<\/title>\n<meta name=\"robots\" content=\"index, follow, max-snippet:-1, max-image-preview:large, max-video-preview:-1\" \/>\n<link rel=\"canonical\" href=\"https:\/\/tuctuc.ee\/en\/toode\/tumeroosa-kampsun-tudrukutele\/\" \/>\n<meta property=\"og:locale\" content=\"en_US\" \/>\n<meta property=\"og:type\" content=\"article\" \/>\n<meta property=\"og:title\" content=\"Tumeroosa kampsun t\u00fcdrukutele - TucTuc Eesti\" \/>\n<meta property=\"og:description\" content=\"Naeratava n\u00e4okujundusega tumeroosa kampsun t\u00fcdrukutele, mis paistab silma r\u00f5\u00f5msa ja v\u00e4rvika stiili poolest. Valmistatud pehmetest ja soojadest materjalidest, sobib ideaalselt aasta k\u00fclmemateks p\u00e4evadeks. Erksad v\u00e4rvid, nagu roosa, oran\u017e ja punane, pakuvad l\u00f5busat ja originaalset v\u00e4limust. N\u00f6\u00f6bid \u00f5lal h\u00f5lbustavad selga panemist ja \u00e4ra v\u00f5tmist, tagades v\u00e4iksele mugavuse. Materjal: 71% akr\u00fc\u00fcl, 15% pol\u00fcester, 9% pol\u00fcamiid, 5% elastaan....\" \/>\n<meta property=\"og:url\" content=\"https:\/\/tuctuc.ee\/en\/toode\/tumeroosa-kampsun-tudrukutele\/\" \/>\n<meta property=\"og:site_name\" content=\"TucTuc Eesti\" \/>\n<meta property=\"article:modified_time\" content=\"2026-02-15T13:43:29+00:00\" \/>\n<meta property=\"og:image\" content=\"https:\/\/tuctuc.ee\/wp-content\/uploads\/2024\/11\/11379197.webp\" \/>\n\t<meta property=\"og:image:width\" content=\"800\" \/>\n\t<meta property=\"og:image:height\" content=\"1000\" \/>\n\t<meta property=\"og:image:type\" content=\"image\/webp\" \/>\n<meta name=\"twitter:card\" content=\"summary_large_image\" \/>\n<meta name=\"twitter:label1\" content=\"Est. reading time\" \/>\n\t<meta name=\"twitter:data1\" content=\"1 minute\" \/>\n<script type=\"application\/ld+json\" class=\"yoast-schema-graph\">{\"@context\":\"https:\/\/schema.org\",\"@graph\":[{\"@type\":\"WebPage\",\"@id\":\"https:\/\/tuctuc.ee\/en\/toode\/tumeroosa-kampsun-tudrukutele\/\",\"url\":\"https:\/\/tuctuc.ee\/en\/toode\/tumeroosa-kampsun-tudrukutele\/\",\"name\":\"Tumeroosa kampsun t\u00fcdrukutele - TucTuc Eesti\",\"isPartOf\":{\"@id\":\"https:\/\/tuctuc.ee\/en\/#website\"},\"datePublished\":\"2024-11-27T14:17:15+00:00\",\"dateModified\":\"2026-02-15T13:43:29+00:00\",\"breadcrumb\":{\"@id\":\"https:\/\/tuctuc.ee\/en\/toode\/tumeroosa-kampsun-tudrukutele\/#breadcrumb\"},\"inLanguage\":\"en-US\",\"potentialAction\":[{\"@type\":\"ReadAction\",\"target\":[\"https:\/\/tuctuc.ee\/en\/toode\/tumeroosa-kampsun-tudrukutele\/\"]}]},{\"@type\":\"BreadcrumbList\",\"@id\":\"https:\/\/tuctuc.ee\/en\/toode\/tumeroosa-kampsun-tudrukutele\/#breadcrumb\",\"itemListElement\":[{\"@type\":\"ListItem\",\"position\":1,\"name\":\"Home\",\"item\":\"https:\/\/tuctuc.ee\/en\/?page_id=269\"},{\"@type\":\"ListItem\",\"position\":2,\"name\":\"Shop\",\"item\":\"https:\/\/tuctuc.ee\/shop\/\"},{\"@type\":\"ListItem\",\"position\":3,\"name\":\"Tumeroosa kampsun t\u00fcdrukutele\"}]},{\"@type\":\"WebSite\",\"@id\":\"https:\/\/tuctuc.ee\/en\/#website\",\"url\":\"https:\/\/tuctuc.ee\/en\/\",\"name\":\"TucTuc Eesti\",\"description\":\"Eesti laster\u00f5ivaste veebipood - Stiilsed riided lastele igale vanusele. Avastage meie valikut n\u00fc\u00fcd!\",\"publisher\":{\"@id\":\"https:\/\/tuctuc.ee\/en\/#organization\"},\"potentialAction\":[{\"@type\":\"SearchAction\",\"target\":{\"@type\":\"EntryPoint\",\"urlTemplate\":\"https:\/\/tuctuc.ee\/en\/?s={search_term_string}\"},\"query-input\":\"required name=search_term_string\"}],\"inLanguage\":\"en-US\"},{\"@type\":\"Organization\",\"@id\":\"https:\/\/tuctuc.ee\/en\/#organization\",\"name\":\"TucTuc Eesti\",\"url\":\"https:\/\/tuctuc.ee\/en\/\",\"logo\":{\"@type\":\"ImageObject\",\"inLanguage\":\"en-US\",\"@id\":\"https:\/\/tuctuc.ee\/en\/#\/schema\/logo\/image\/\",\"url\":\"https:\/\/i0.wp.com\/tuctuc.ee\/wp-content\/uploads\/2023\/10\/logo-164933761541.png?fit=109%2C122&ssl=1\",\"contentUrl\":\"https:\/\/i0.wp.com\/tuctuc.ee\/wp-content\/uploads\/2023\/10\/logo-164933761541.png?fit=109%2C122&ssl=1\",\"width\":109,\"height\":122,\"caption\":\"TucTuc Eesti\"},\"image\":{\"@id\":\"https:\/\/tuctuc.ee\/en\/#\/schema\/logo\/image\/\"}}]}<\/script>\n<!-- \/ Yoast SEO plugin. -->","yoast_head_json":{"title":"Tumeroosa kampsun t\u00fcdrukutele - TucTuc Eesti","robots":{"index":"index","follow":"follow","max-snippet":"max-snippet:-1","max-image-preview":"max-image-preview:large","max-video-preview":"max-video-preview:-1"},"canonical":"https:\/\/tuctuc.ee\/en\/toode\/tumeroosa-kampsun-tudrukutele\/","og_locale":"en_US","og_type":"article","og_title":"Tumeroosa kampsun t\u00fcdrukutele - TucTuc Eesti","og_description":"Naeratava n\u00e4okujundusega tumeroosa kampsun t\u00fcdrukutele, mis paistab silma r\u00f5\u00f5msa ja v\u00e4rvika stiili poolest. Valmistatud pehmetest ja soojadest materjalidest, sobib ideaalselt aasta k\u00fclmemateks p\u00e4evadeks. Erksad v\u00e4rvid, nagu roosa, oran\u017e ja punane, pakuvad l\u00f5busat ja originaalset v\u00e4limust. N\u00f6\u00f6bid \u00f5lal h\u00f5lbustavad selga panemist ja \u00e4ra v\u00f5tmist, tagades v\u00e4iksele mugavuse. Materjal: 71% akr\u00fc\u00fcl, 15% pol\u00fcester, 9% pol\u00fcamiid, 5% elastaan....","og_url":"https:\/\/tuctuc.ee\/en\/toode\/tumeroosa-kampsun-tudrukutele\/","og_site_name":"TucTuc Eesti","article_modified_time":"2026-02-15T13:43:29+00:00","og_image":[{"width":800,"height":1000,"url":"https:\/\/tuctuc.ee\/wp-content\/uploads\/2024\/11\/11379197.webp","type":"image\/webp"}],"twitter_card":"summary_large_image","twitter_misc":{"Est. reading time":"1 minute"},"schema":{"@context":"https:\/\/schema.org","@graph":[{"@type":"WebPage","@id":"https:\/\/tuctuc.ee\/en\/toode\/tumeroosa-kampsun-tudrukutele\/","url":"https:\/\/tuctuc.ee\/en\/toode\/tumeroosa-kampsun-tudrukutele\/","name":"Tumeroosa kampsun t\u00fcdrukutele - TucTuc Eesti","isPartOf":{"@id":"https:\/\/tuctuc.ee\/en\/#website"},"datePublished":"2024-11-27T14:17:15+00:00","dateModified":"2026-02-15T13:43:29+00:00","breadcrumb":{"@id":"https:\/\/tuctuc.ee\/en\/toode\/tumeroosa-kampsun-tudrukutele\/#breadcrumb"},"inLanguage":"en-US","potentialAction":[{"@type":"ReadAction","target":["https:\/\/tuctuc.ee\/en\/toode\/tumeroosa-kampsun-tudrukutele\/"]}]},{"@type":"BreadcrumbList","@id":"https:\/\/tuctuc.ee\/en\/toode\/tumeroosa-kampsun-tudrukutele\/#breadcrumb","itemListElement":[{"@type":"ListItem","position":1,"name":"Home","item":"https:\/\/tuctuc.ee\/en\/?page_id=269"},{"@type":"ListItem","position":2,"name":"Shop","item":"https:\/\/tuctuc.ee\/shop\/"},{"@type":"ListItem","position":3,"name":"Tumeroosa kampsun t\u00fcdrukutele"}]},{"@type":"WebSite","@id":"https:\/\/tuctuc.ee\/en\/#website","url":"https:\/\/tuctuc.ee\/en\/","name":"TucTuc Eesti","description":"Eesti laster\u00f5ivaste veebipood - Stiilsed riided lastele igale vanusele. Avastage meie valikut n\u00fc\u00fcd!","publisher":{"@id":"https:\/\/tuctuc.ee\/en\/#organization"},"potentialAction":[{"@type":"SearchAction","target":{"@type":"EntryPoint","urlTemplate":"https:\/\/tuctuc.ee\/en\/?s={search_term_string}"},"query-input":"required name=search_term_string"}],"inLanguage":"en-US"},{"@type":"Organization","@id":"https:\/\/tuctuc.ee\/en\/#organization","name":"TucTuc Eesti","url":"https:\/\/tuctuc.ee\/en\/","logo":{"@type":"ImageObject","inLanguage":"en-US","@id":"https:\/\/tuctuc.ee\/en\/#\/schema\/logo\/image\/","url":"https:\/\/i0.wp.com\/tuctuc.ee\/wp-content\/uploads\/2023\/10\/logo-164933761541.png?fit=109%2C122&ssl=1","contentUrl":"https:\/\/i0.wp.com\/tuctuc.ee\/wp-content\/uploads\/2023\/10\/logo-164933761541.png?fit=109%2C122&ssl=1","width":109,"height":122,"caption":"TucTuc Eesti"},"image":{"@id":"https:\/\/tuctuc.ee\/en\/#\/schema\/logo\/image\/"}}]}},"jetpack_sharing_enabled":true,"_links":{"self":[{"href":"https:\/\/tuctuc.ee\/en\/wp-json\/wp\/v2\/product\/1001960","targetHints":{"allow":["GET"]}}],"collection":[{"href":"https:\/\/tuctuc.ee\/en\/wp-json\/wp\/v2\/product"}],"about":[{"href":"https:\/\/tuctuc.ee\/en\/wp-json\/wp\/v2\/types\/product"}],"replies":[{"embeddable":true,"href":"https:\/\/tuctuc.ee\/en\/wp-json\/wp\/v2\/comments?post=1001960"}],"version-history":[{"count":1,"href":"https:\/\/tuctuc.ee\/en\/wp-json\/wp\/v2\/product\/1001960\/revisions"}],"predecessor-version":[{"id":1001993,"href":"https:\/\/tuctuc.ee\/en\/wp-json\/wp\/v2\/product\/1001960\/revisions\/1001993"}],"wp:featuredmedia":[{"embeddable":true,"href":"https:\/\/tuctuc.ee\/en\/wp-json\/wp\/v2\/media\/1001985"}],"wp:attachment":[{"href":"https:\/\/tuctuc.ee\/en\/wp-json\/wp\/v2\/media?parent=1001960"}],"wp:term":[{"taxonomy":"product_cat","embeddable":true,"href":"https:\/\/tuctuc.ee\/en\/wp-json\/wp\/v2\/product_cat?post=1001960"},{"taxonomy":"product_tag","embeddable":true,"href":"https:\/\/tuctuc.ee\/en\/wp-json\/wp\/v2\/product_tag?post=1001960"}],"curies":[{"name":"wp","href":"https:\/\/api.w.org\/{rel}","templated":true}]}}