{"id":1001861,"date":"2024-11-24T17:53:23","date_gmt":"2024-11-24T14:53:23","guid":{"rendered":"https:\/\/tuctuc.ee\/?post_type=product&#038;p=1001861"},"modified":"2025-09-24T10:16:27","modified_gmt":"2025-09-24T07:16:27","slug":"mitmevarvilistes-toonides-veekindel-polsterdatud-jope","status":"publish","type":"product","link":"https:\/\/tuctuc.ee\/en\/toode\/mitmevarvilistes-toonides-veekindel-polsterdatud-jope\/","title":{"rendered":"Mitmev\u00e4rvilistes toonides veekindel polsterdatud jope"},"content":{"rendered":"<div class=\"vgblk-rw-wrapper limit-wrapper\">\n<p id=\"tw-target-text\" class=\"tw-data-text tw-text-large tw-ta\" dir=\"ltr\" data-placeholder=\"Translation\" data-ved=\"2ahUKEwiH8P_-hc2JAxWuhf0HHbkjBHAQ3ewLegQICRAU\" aria-label=\"Translated text: Poiste tumeroheline dressipluus, mis on kaunistatud retro-videom\u00e4ngust inspireeritud loomingulise disainiga. Print sisaldab selliseid elemente nagu s\u00f5na &quot;START&quot;, videom\u00e4ngu tulemus ja fraas &quot;TUC TUC WINS&quot; ning kollase ja sinise v\u00e4rviga dinosauruste graafikat, mis n\u00e4ivad olevat m\u00e4ngus v\u00f5istlevad. Pehmest ja soojast kangast valmistatud dressipluusil on soonikkoes mansetid ja all\u00e4\u00e4r mugavaks istumiseks. V\u00e4rvikad detailid ja videom\u00e4nguteema muudavad selle dressipluusi lahedateks p\u00e4evadeks l\u00f5busaks ja ainulaadseks\">Mitmev\u00e4rvilistes toonides veekindel polsterdatud jope. Sellel on ees t\u00f5mblukk ja reguleeritav kapuuts, mis kaitseb k\u00fclma ja vihma eest. Disain paistab silma silmatorkava sillerdava efektiga, mis muudab v\u00e4rvi koos valgusega. Selle alumisel serval on v\u00e4ike s\u00fcdamekujuline plaaster. See mantel sobib suurep\u00e4raselt teie lapse sooja ja stiilse hoidmiseks k\u00f5ige k\u00fclmematel p\u00e4evadel.<\/p>\n<p><span class=\"Y2IQFc\" lang=\"et\">Materjal: 100% pol\u00fcester. <\/span><span class=\"Y2IQFc\" lang=\"et\">Juhised riiete hooldamiseks ja pesemiseks.\u00a0<\/span><\/div>\n<p><!-- .vgblk-rw-wrapper --><\/p>\n","protected":false},"excerpt":{"rendered":"<p>Mitmev\u00e4rvilistes toonides veekindel polsterdatud jope. Sellel on ees t\u00f5mblukk ja reguleeritav kapuuts, mis kaitseb k\u00fclma ja vihma eest. Disain paistab silma silmatorkava sillerdava efektiga, mis muudab v\u00e4rvi koos valgusega. Selle alumisel serval on v\u00e4ike s\u00fcdamekujuline plaaster. See mantel sobib suurep\u00e4raselt teie lapse sooja ja stiilse hoidmiseks k\u00f5ige k\u00fclmematel p\u00e4evadel. Materjal: 100% pol\u00fcester. Juhised riiete hooldamiseks&#8230;<\/p>\n","protected":false},"featured_media":1001866,"comment_status":"open","ping_status":"closed","template":"","meta":{"_themeisle_gutenberg_block_has_review":false},"product_cat":[436,318],"product_tag":[],"class_list":["post-1001861","product","type-product","status-publish","has-post-thumbnail","hentry","product_cat-joped-tudrukud","product_cat-tudrukud"],"yoast_head":"<!-- This site is optimized with the Yoast SEO plugin v21.5 - https:\/\/yoast.com\/wordpress\/plugins\/seo\/ -->\n<title>Mitmev\u00e4rvilistes toonides veekindel polsterdatud jope - TucTuc Eesti<\/title>\n<meta name=\"robots\" content=\"index, follow, max-snippet:-1, max-image-preview:large, max-video-preview:-1\" \/>\n<link rel=\"canonical\" href=\"https:\/\/tuctuc.ee\/en\/toode\/mitmevarvilistes-toonides-veekindel-polsterdatud-jope\/\" \/>\n<meta property=\"og:locale\" content=\"en_US\" \/>\n<meta property=\"og:type\" content=\"article\" \/>\n<meta property=\"og:title\" content=\"Mitmev\u00e4rvilistes toonides veekindel polsterdatud jope - TucTuc Eesti\" \/>\n<meta property=\"og:description\" content=\"Mitmev\u00e4rvilistes toonides veekindel polsterdatud jope. Sellel on ees t\u00f5mblukk ja reguleeritav kapuuts, mis kaitseb k\u00fclma ja vihma eest. Disain paistab silma silmatorkava sillerdava efektiga, mis muudab v\u00e4rvi koos valgusega. Selle alumisel serval on v\u00e4ike s\u00fcdamekujuline plaaster. See mantel sobib suurep\u00e4raselt teie lapse sooja ja stiilse hoidmiseks k\u00f5ige k\u00fclmematel p\u00e4evadel. Materjal: 100% pol\u00fcester. Juhised riiete hooldamiseks...\" \/>\n<meta property=\"og:url\" content=\"https:\/\/tuctuc.ee\/en\/toode\/mitmevarvilistes-toonides-veekindel-polsterdatud-jope\/\" \/>\n<meta property=\"og:site_name\" content=\"TucTuc Eesti\" \/>\n<meta property=\"article:modified_time\" content=\"2025-09-24T07:16:27+00:00\" \/>\n<meta property=\"og:image\" content=\"https:\/\/tuctuc.ee\/wp-content\/uploads\/2024\/11\/11379482.webp\" \/>\n\t<meta property=\"og:image:width\" content=\"800\" \/>\n\t<meta property=\"og:image:height\" content=\"1000\" \/>\n\t<meta property=\"og:image:type\" content=\"image\/webp\" \/>\n<meta name=\"twitter:card\" content=\"summary_large_image\" \/>\n<meta name=\"twitter:label1\" content=\"Est. reading time\" \/>\n\t<meta name=\"twitter:data1\" content=\"1 minute\" \/>\n<script type=\"application\/ld+json\" class=\"yoast-schema-graph\">{\"@context\":\"https:\/\/schema.org\",\"@graph\":[{\"@type\":\"WebPage\",\"@id\":\"https:\/\/tuctuc.ee\/en\/toode\/mitmevarvilistes-toonides-veekindel-polsterdatud-jope\/\",\"url\":\"https:\/\/tuctuc.ee\/en\/toode\/mitmevarvilistes-toonides-veekindel-polsterdatud-jope\/\",\"name\":\"Mitmev\u00e4rvilistes toonides veekindel polsterdatud jope - TucTuc Eesti\",\"isPartOf\":{\"@id\":\"https:\/\/tuctuc.ee\/en\/#website\"},\"datePublished\":\"2024-11-24T14:53:23+00:00\",\"dateModified\":\"2025-09-24T07:16:27+00:00\",\"breadcrumb\":{\"@id\":\"https:\/\/tuctuc.ee\/en\/toode\/mitmevarvilistes-toonides-veekindel-polsterdatud-jope\/#breadcrumb\"},\"inLanguage\":\"en-US\",\"potentialAction\":[{\"@type\":\"ReadAction\",\"target\":[\"https:\/\/tuctuc.ee\/en\/toode\/mitmevarvilistes-toonides-veekindel-polsterdatud-jope\/\"]}]},{\"@type\":\"BreadcrumbList\",\"@id\":\"https:\/\/tuctuc.ee\/en\/toode\/mitmevarvilistes-toonides-veekindel-polsterdatud-jope\/#breadcrumb\",\"itemListElement\":[{\"@type\":\"ListItem\",\"position\":1,\"name\":\"Home\",\"item\":\"https:\/\/tuctuc.ee\/en\/?page_id=269\"},{\"@type\":\"ListItem\",\"position\":2,\"name\":\"Shop\",\"item\":\"https:\/\/tuctuc.ee\/shop\/\"},{\"@type\":\"ListItem\",\"position\":3,\"name\":\"Mitmev\u00e4rvilistes toonides veekindel polsterdatud jope\"}]},{\"@type\":\"WebSite\",\"@id\":\"https:\/\/tuctuc.ee\/en\/#website\",\"url\":\"https:\/\/tuctuc.ee\/en\/\",\"name\":\"TucTuc Eesti\",\"description\":\"Eesti laster\u00f5ivaste veebipood - Stiilsed riided lastele igale vanusele. Avastage meie valikut n\u00fc\u00fcd!\",\"publisher\":{\"@id\":\"https:\/\/tuctuc.ee\/en\/#organization\"},\"potentialAction\":[{\"@type\":\"SearchAction\",\"target\":{\"@type\":\"EntryPoint\",\"urlTemplate\":\"https:\/\/tuctuc.ee\/en\/?s={search_term_string}\"},\"query-input\":\"required name=search_term_string\"}],\"inLanguage\":\"en-US\"},{\"@type\":\"Organization\",\"@id\":\"https:\/\/tuctuc.ee\/en\/#organization\",\"name\":\"TucTuc Eesti\",\"url\":\"https:\/\/tuctuc.ee\/en\/\",\"logo\":{\"@type\":\"ImageObject\",\"inLanguage\":\"en-US\",\"@id\":\"https:\/\/tuctuc.ee\/en\/#\/schema\/logo\/image\/\",\"url\":\"https:\/\/i0.wp.com\/tuctuc.ee\/wp-content\/uploads\/2023\/10\/logo-164933761541.png?fit=109%2C122&ssl=1\",\"contentUrl\":\"https:\/\/i0.wp.com\/tuctuc.ee\/wp-content\/uploads\/2023\/10\/logo-164933761541.png?fit=109%2C122&ssl=1\",\"width\":109,\"height\":122,\"caption\":\"TucTuc Eesti\"},\"image\":{\"@id\":\"https:\/\/tuctuc.ee\/en\/#\/schema\/logo\/image\/\"}}]}<\/script>\n<!-- \/ Yoast SEO plugin. -->","yoast_head_json":{"title":"Mitmev\u00e4rvilistes toonides veekindel polsterdatud jope - TucTuc Eesti","robots":{"index":"index","follow":"follow","max-snippet":"max-snippet:-1","max-image-preview":"max-image-preview:large","max-video-preview":"max-video-preview:-1"},"canonical":"https:\/\/tuctuc.ee\/en\/toode\/mitmevarvilistes-toonides-veekindel-polsterdatud-jope\/","og_locale":"en_US","og_type":"article","og_title":"Mitmev\u00e4rvilistes toonides veekindel polsterdatud jope - TucTuc Eesti","og_description":"Mitmev\u00e4rvilistes toonides veekindel polsterdatud jope. Sellel on ees t\u00f5mblukk ja reguleeritav kapuuts, mis kaitseb k\u00fclma ja vihma eest. Disain paistab silma silmatorkava sillerdava efektiga, mis muudab v\u00e4rvi koos valgusega. Selle alumisel serval on v\u00e4ike s\u00fcdamekujuline plaaster. See mantel sobib suurep\u00e4raselt teie lapse sooja ja stiilse hoidmiseks k\u00f5ige k\u00fclmematel p\u00e4evadel. Materjal: 100% pol\u00fcester. Juhised riiete hooldamiseks...","og_url":"https:\/\/tuctuc.ee\/en\/toode\/mitmevarvilistes-toonides-veekindel-polsterdatud-jope\/","og_site_name":"TucTuc Eesti","article_modified_time":"2025-09-24T07:16:27+00:00","og_image":[{"width":800,"height":1000,"url":"https:\/\/tuctuc.ee\/wp-content\/uploads\/2024\/11\/11379482.webp","type":"image\/webp"}],"twitter_card":"summary_large_image","twitter_misc":{"Est. reading time":"1 minute"},"schema":{"@context":"https:\/\/schema.org","@graph":[{"@type":"WebPage","@id":"https:\/\/tuctuc.ee\/en\/toode\/mitmevarvilistes-toonides-veekindel-polsterdatud-jope\/","url":"https:\/\/tuctuc.ee\/en\/toode\/mitmevarvilistes-toonides-veekindel-polsterdatud-jope\/","name":"Mitmev\u00e4rvilistes toonides veekindel polsterdatud jope - TucTuc Eesti","isPartOf":{"@id":"https:\/\/tuctuc.ee\/en\/#website"},"datePublished":"2024-11-24T14:53:23+00:00","dateModified":"2025-09-24T07:16:27+00:00","breadcrumb":{"@id":"https:\/\/tuctuc.ee\/en\/toode\/mitmevarvilistes-toonides-veekindel-polsterdatud-jope\/#breadcrumb"},"inLanguage":"en-US","potentialAction":[{"@type":"ReadAction","target":["https:\/\/tuctuc.ee\/en\/toode\/mitmevarvilistes-toonides-veekindel-polsterdatud-jope\/"]}]},{"@type":"BreadcrumbList","@id":"https:\/\/tuctuc.ee\/en\/toode\/mitmevarvilistes-toonides-veekindel-polsterdatud-jope\/#breadcrumb","itemListElement":[{"@type":"ListItem","position":1,"name":"Home","item":"https:\/\/tuctuc.ee\/en\/?page_id=269"},{"@type":"ListItem","position":2,"name":"Shop","item":"https:\/\/tuctuc.ee\/shop\/"},{"@type":"ListItem","position":3,"name":"Mitmev\u00e4rvilistes toonides veekindel polsterdatud jope"}]},{"@type":"WebSite","@id":"https:\/\/tuctuc.ee\/en\/#website","url":"https:\/\/tuctuc.ee\/en\/","name":"TucTuc Eesti","description":"Eesti laster\u00f5ivaste veebipood - Stiilsed riided lastele igale vanusele. Avastage meie valikut n\u00fc\u00fcd!","publisher":{"@id":"https:\/\/tuctuc.ee\/en\/#organization"},"potentialAction":[{"@type":"SearchAction","target":{"@type":"EntryPoint","urlTemplate":"https:\/\/tuctuc.ee\/en\/?s={search_term_string}"},"query-input":"required name=search_term_string"}],"inLanguage":"en-US"},{"@type":"Organization","@id":"https:\/\/tuctuc.ee\/en\/#organization","name":"TucTuc Eesti","url":"https:\/\/tuctuc.ee\/en\/","logo":{"@type":"ImageObject","inLanguage":"en-US","@id":"https:\/\/tuctuc.ee\/en\/#\/schema\/logo\/image\/","url":"https:\/\/i0.wp.com\/tuctuc.ee\/wp-content\/uploads\/2023\/10\/logo-164933761541.png?fit=109%2C122&ssl=1","contentUrl":"https:\/\/i0.wp.com\/tuctuc.ee\/wp-content\/uploads\/2023\/10\/logo-164933761541.png?fit=109%2C122&ssl=1","width":109,"height":122,"caption":"TucTuc Eesti"},"image":{"@id":"https:\/\/tuctuc.ee\/en\/#\/schema\/logo\/image\/"}}]}},"jetpack_sharing_enabled":true,"_links":{"self":[{"href":"https:\/\/tuctuc.ee\/en\/wp-json\/wp\/v2\/product\/1001861","targetHints":{"allow":["GET"]}}],"collection":[{"href":"https:\/\/tuctuc.ee\/en\/wp-json\/wp\/v2\/product"}],"about":[{"href":"https:\/\/tuctuc.ee\/en\/wp-json\/wp\/v2\/types\/product"}],"replies":[{"embeddable":true,"href":"https:\/\/tuctuc.ee\/en\/wp-json\/wp\/v2\/comments?post=1001861"}],"version-history":[{"count":1,"href":"https:\/\/tuctuc.ee\/en\/wp-json\/wp\/v2\/product\/1001861\/revisions"}],"predecessor-version":[{"id":1001876,"href":"https:\/\/tuctuc.ee\/en\/wp-json\/wp\/v2\/product\/1001861\/revisions\/1001876"}],"wp:featuredmedia":[{"embeddable":true,"href":"https:\/\/tuctuc.ee\/en\/wp-json\/wp\/v2\/media\/1001866"}],"wp:attachment":[{"href":"https:\/\/tuctuc.ee\/en\/wp-json\/wp\/v2\/media?parent=1001861"}],"wp:term":[{"taxonomy":"product_cat","embeddable":true,"href":"https:\/\/tuctuc.ee\/en\/wp-json\/wp\/v2\/product_cat?post=1001861"},{"taxonomy":"product_tag","embeddable":true,"href":"https:\/\/tuctuc.ee\/en\/wp-json\/wp\/v2\/product_tag?post=1001861"}],"curies":[{"name":"wp","href":"https:\/\/api.w.org\/{rel}","templated":true}]}}