{"id":1001639,"date":"2024-11-18T18:10:08","date_gmt":"2024-11-18T15:10:08","guid":{"rendered":"https:\/\/tuctuc.ee\/?post_type=product&#038;p=1001639"},"modified":"2025-08-16T18:47:59","modified_gmt":"2025-08-16T15:47:59","slug":"kootud-kampsun-poistele","status":"publish","type":"product","link":"https:\/\/tuctuc.ee\/en\/toode\/kootud-kampsun-poistele\/","title":{"rendered":"Kootud kampsun poistele"},"content":{"rendered":"<div class=\"vgblk-rw-wrapper limit-wrapper\">\n<p id=\"tw-target-text\" class=\"tw-data-text tw-text-large tw-ta\" dir=\"ltr\" data-placeholder=\"Translation\" data-ved=\"2ahUKEwiH8P_-hc2JAxWuhf0HHbkjBHAQ3ewLegQICRAU\" aria-label=\"Translated text: Poiste tumeroheline dressipluus, mis on kaunistatud retro-videom\u00e4ngust inspireeritud loomingulise disainiga. Print sisaldab selliseid elemente nagu s\u00f5na &quot;START&quot;, videom\u00e4ngu tulemus ja fraas &quot;TUC TUC WINS&quot; ning kollase ja sinise v\u00e4rviga dinosauruste graafikat, mis n\u00e4ivad olevat m\u00e4ngus v\u00f5istlevad. Pehmest ja soojast kangast valmistatud dressipluusil on soonikkoes mansetid ja all\u00e4\u00e4r mugavaks istumiseks. V\u00e4rvikad detailid ja videom\u00e4nguteema muudavad selle dressipluusi lahedateks p\u00e4evadeks l\u00f5busaks ja ainulaadseks\">Kootud kampsun poistele, millel on silmatorkav erinevates ilmetes emotikonide printimine, mis lisab v\u00e4limusele l\u00f5busat ja kaasaegset h\u00f5ngu. See pehmest kootud kangast valmistatud kampsun pakub mugavust ja stiili, mis sobib ideaalselt jahedamateks p\u00e4evadeks. Disainil on klassikaline l\u00f5ige ja liibuv kael, samuti \u00e4\u00e4ris mansettidel ja all\u00e4\u00e4rel, mis tagab t\u00e4iusliku sobivuse. Seda d\u017eemprit on lihtne siduda teksade v\u00f5i vabaaja p\u00fckstega, et saavutada terviklik v\u00e4limus.<\/p>\n<p><span class=\"Y2IQFc\" lang=\"et\">Materjal: 100% puuvill. <\/span><span class=\"Y2IQFc\" lang=\"et\">Juhised riiete hooldamiseks ja pesemiseks.\u00a0<\/span><\/div>\n<p><!-- .vgblk-rw-wrapper --><\/p>\n","protected":false},"excerpt":{"rendered":"<p>Kootud kampsun poistele, millel on silmatorkav erinevates ilmetes emotikonide printimine, mis lisab v\u00e4limusele l\u00f5busat ja kaasaegset h\u00f5ngu. See pehmest kootud kangast valmistatud kampsun pakub mugavust ja stiili, mis sobib ideaalselt jahedamateks p\u00e4evadeks. Disainil on klassikaline l\u00f5ige ja liibuv kael, samuti \u00e4\u00e4ris mansettidel ja all\u00e4\u00e4rel, mis tagab t\u00e4iusliku sobivuse. Seda d\u017eemprit on lihtne siduda teksade v\u00f5i&#8230;<\/p>\n","protected":false},"featured_media":1001646,"comment_status":"open","ping_status":"closed","template":"","meta":{"_themeisle_gutenberg_block_has_review":false},"product_cat":[432,317],"product_tag":[],"class_list":["post-1001639","product","type-product","status-publish","has-post-thumbnail","hentry","product_cat-kampsun","product_cat-poisid"],"yoast_head":"<!-- This site is optimized with the Yoast SEO plugin v21.5 - https:\/\/yoast.com\/wordpress\/plugins\/seo\/ -->\n<title>Kootud kampsun poistele - TucTuc Eesti<\/title>\n<meta name=\"robots\" content=\"index, follow, max-snippet:-1, max-image-preview:large, max-video-preview:-1\" \/>\n<link rel=\"canonical\" href=\"https:\/\/tuctuc.ee\/en\/toode\/kootud-kampsun-poistele\/\" \/>\n<meta property=\"og:locale\" content=\"en_US\" \/>\n<meta property=\"og:type\" content=\"article\" \/>\n<meta property=\"og:title\" content=\"Kootud kampsun poistele - TucTuc Eesti\" \/>\n<meta property=\"og:description\" content=\"Kootud kampsun poistele, millel on silmatorkav erinevates ilmetes emotikonide printimine, mis lisab v\u00e4limusele l\u00f5busat ja kaasaegset h\u00f5ngu. See pehmest kootud kangast valmistatud kampsun pakub mugavust ja stiili, mis sobib ideaalselt jahedamateks p\u00e4evadeks. Disainil on klassikaline l\u00f5ige ja liibuv kael, samuti \u00e4\u00e4ris mansettidel ja all\u00e4\u00e4rel, mis tagab t\u00e4iusliku sobivuse. Seda d\u017eemprit on lihtne siduda teksade v\u00f5i...\" \/>\n<meta property=\"og:url\" content=\"https:\/\/tuctuc.ee\/en\/toode\/kootud-kampsun-poistele\/\" \/>\n<meta property=\"og:site_name\" content=\"TucTuc Eesti\" \/>\n<meta property=\"article:modified_time\" content=\"2025-08-16T15:47:59+00:00\" \/>\n<meta property=\"og:image\" content=\"https:\/\/tuctuc.ee\/wp-content\/uploads\/2024\/11\/KB07K701X1.webp\" \/>\n\t<meta property=\"og:image:width\" content=\"800\" \/>\n\t<meta property=\"og:image:height\" content=\"1000\" \/>\n\t<meta property=\"og:image:type\" content=\"image\/webp\" \/>\n<meta name=\"twitter:card\" content=\"summary_large_image\" \/>\n<meta name=\"twitter:label1\" content=\"Est. reading time\" \/>\n\t<meta name=\"twitter:data1\" content=\"1 minute\" \/>\n<script type=\"application\/ld+json\" class=\"yoast-schema-graph\">{\"@context\":\"https:\/\/schema.org\",\"@graph\":[{\"@type\":\"WebPage\",\"@id\":\"https:\/\/tuctuc.ee\/en\/toode\/kootud-kampsun-poistele\/\",\"url\":\"https:\/\/tuctuc.ee\/en\/toode\/kootud-kampsun-poistele\/\",\"name\":\"Kootud kampsun poistele - TucTuc Eesti\",\"isPartOf\":{\"@id\":\"https:\/\/tuctuc.ee\/en\/#website\"},\"datePublished\":\"2024-11-18T15:10:08+00:00\",\"dateModified\":\"2025-08-16T15:47:59+00:00\",\"breadcrumb\":{\"@id\":\"https:\/\/tuctuc.ee\/en\/toode\/kootud-kampsun-poistele\/#breadcrumb\"},\"inLanguage\":\"en-US\",\"potentialAction\":[{\"@type\":\"ReadAction\",\"target\":[\"https:\/\/tuctuc.ee\/en\/toode\/kootud-kampsun-poistele\/\"]}]},{\"@type\":\"BreadcrumbList\",\"@id\":\"https:\/\/tuctuc.ee\/en\/toode\/kootud-kampsun-poistele\/#breadcrumb\",\"itemListElement\":[{\"@type\":\"ListItem\",\"position\":1,\"name\":\"Home\",\"item\":\"https:\/\/tuctuc.ee\/en\/?page_id=269\"},{\"@type\":\"ListItem\",\"position\":2,\"name\":\"Shop\",\"item\":\"https:\/\/tuctuc.ee\/shop\/\"},{\"@type\":\"ListItem\",\"position\":3,\"name\":\"Kootud kampsun poistele\"}]},{\"@type\":\"WebSite\",\"@id\":\"https:\/\/tuctuc.ee\/en\/#website\",\"url\":\"https:\/\/tuctuc.ee\/en\/\",\"name\":\"TucTuc Eesti\",\"description\":\"Eesti laster\u00f5ivaste veebipood - Stiilsed riided lastele igale vanusele. Avastage meie valikut n\u00fc\u00fcd!\",\"publisher\":{\"@id\":\"https:\/\/tuctuc.ee\/en\/#organization\"},\"potentialAction\":[{\"@type\":\"SearchAction\",\"target\":{\"@type\":\"EntryPoint\",\"urlTemplate\":\"https:\/\/tuctuc.ee\/en\/?s={search_term_string}\"},\"query-input\":\"required name=search_term_string\"}],\"inLanguage\":\"en-US\"},{\"@type\":\"Organization\",\"@id\":\"https:\/\/tuctuc.ee\/en\/#organization\",\"name\":\"TucTuc Eesti\",\"url\":\"https:\/\/tuctuc.ee\/en\/\",\"logo\":{\"@type\":\"ImageObject\",\"inLanguage\":\"en-US\",\"@id\":\"https:\/\/tuctuc.ee\/en\/#\/schema\/logo\/image\/\",\"url\":\"https:\/\/i0.wp.com\/tuctuc.ee\/wp-content\/uploads\/2023\/10\/logo-164933761541.png?fit=109%2C122&ssl=1\",\"contentUrl\":\"https:\/\/i0.wp.com\/tuctuc.ee\/wp-content\/uploads\/2023\/10\/logo-164933761541.png?fit=109%2C122&ssl=1\",\"width\":109,\"height\":122,\"caption\":\"TucTuc Eesti\"},\"image\":{\"@id\":\"https:\/\/tuctuc.ee\/en\/#\/schema\/logo\/image\/\"}}]}<\/script>\n<!-- \/ Yoast SEO plugin. -->","yoast_head_json":{"title":"Kootud kampsun poistele - TucTuc Eesti","robots":{"index":"index","follow":"follow","max-snippet":"max-snippet:-1","max-image-preview":"max-image-preview:large","max-video-preview":"max-video-preview:-1"},"canonical":"https:\/\/tuctuc.ee\/en\/toode\/kootud-kampsun-poistele\/","og_locale":"en_US","og_type":"article","og_title":"Kootud kampsun poistele - TucTuc Eesti","og_description":"Kootud kampsun poistele, millel on silmatorkav erinevates ilmetes emotikonide printimine, mis lisab v\u00e4limusele l\u00f5busat ja kaasaegset h\u00f5ngu. See pehmest kootud kangast valmistatud kampsun pakub mugavust ja stiili, mis sobib ideaalselt jahedamateks p\u00e4evadeks. Disainil on klassikaline l\u00f5ige ja liibuv kael, samuti \u00e4\u00e4ris mansettidel ja all\u00e4\u00e4rel, mis tagab t\u00e4iusliku sobivuse. Seda d\u017eemprit on lihtne siduda teksade v\u00f5i...","og_url":"https:\/\/tuctuc.ee\/en\/toode\/kootud-kampsun-poistele\/","og_site_name":"TucTuc Eesti","article_modified_time":"2025-08-16T15:47:59+00:00","og_image":[{"width":800,"height":1000,"url":"https:\/\/tuctuc.ee\/wp-content\/uploads\/2024\/11\/KB07K701X1.webp","type":"image\/webp"}],"twitter_card":"summary_large_image","twitter_misc":{"Est. reading time":"1 minute"},"schema":{"@context":"https:\/\/schema.org","@graph":[{"@type":"WebPage","@id":"https:\/\/tuctuc.ee\/en\/toode\/kootud-kampsun-poistele\/","url":"https:\/\/tuctuc.ee\/en\/toode\/kootud-kampsun-poistele\/","name":"Kootud kampsun poistele - TucTuc Eesti","isPartOf":{"@id":"https:\/\/tuctuc.ee\/en\/#website"},"datePublished":"2024-11-18T15:10:08+00:00","dateModified":"2025-08-16T15:47:59+00:00","breadcrumb":{"@id":"https:\/\/tuctuc.ee\/en\/toode\/kootud-kampsun-poistele\/#breadcrumb"},"inLanguage":"en-US","potentialAction":[{"@type":"ReadAction","target":["https:\/\/tuctuc.ee\/en\/toode\/kootud-kampsun-poistele\/"]}]},{"@type":"BreadcrumbList","@id":"https:\/\/tuctuc.ee\/en\/toode\/kootud-kampsun-poistele\/#breadcrumb","itemListElement":[{"@type":"ListItem","position":1,"name":"Home","item":"https:\/\/tuctuc.ee\/en\/?page_id=269"},{"@type":"ListItem","position":2,"name":"Shop","item":"https:\/\/tuctuc.ee\/shop\/"},{"@type":"ListItem","position":3,"name":"Kootud kampsun poistele"}]},{"@type":"WebSite","@id":"https:\/\/tuctuc.ee\/en\/#website","url":"https:\/\/tuctuc.ee\/en\/","name":"TucTuc Eesti","description":"Eesti laster\u00f5ivaste veebipood - Stiilsed riided lastele igale vanusele. Avastage meie valikut n\u00fc\u00fcd!","publisher":{"@id":"https:\/\/tuctuc.ee\/en\/#organization"},"potentialAction":[{"@type":"SearchAction","target":{"@type":"EntryPoint","urlTemplate":"https:\/\/tuctuc.ee\/en\/?s={search_term_string}"},"query-input":"required name=search_term_string"}],"inLanguage":"en-US"},{"@type":"Organization","@id":"https:\/\/tuctuc.ee\/en\/#organization","name":"TucTuc Eesti","url":"https:\/\/tuctuc.ee\/en\/","logo":{"@type":"ImageObject","inLanguage":"en-US","@id":"https:\/\/tuctuc.ee\/en\/#\/schema\/logo\/image\/","url":"https:\/\/i0.wp.com\/tuctuc.ee\/wp-content\/uploads\/2023\/10\/logo-164933761541.png?fit=109%2C122&ssl=1","contentUrl":"https:\/\/i0.wp.com\/tuctuc.ee\/wp-content\/uploads\/2023\/10\/logo-164933761541.png?fit=109%2C122&ssl=1","width":109,"height":122,"caption":"TucTuc Eesti"},"image":{"@id":"https:\/\/tuctuc.ee\/en\/#\/schema\/logo\/image\/"}}]}},"jetpack_sharing_enabled":true,"_links":{"self":[{"href":"https:\/\/tuctuc.ee\/en\/wp-json\/wp\/v2\/product\/1001639","targetHints":{"allow":["GET"]}}],"collection":[{"href":"https:\/\/tuctuc.ee\/en\/wp-json\/wp\/v2\/product"}],"about":[{"href":"https:\/\/tuctuc.ee\/en\/wp-json\/wp\/v2\/types\/product"}],"replies":[{"embeddable":true,"href":"https:\/\/tuctuc.ee\/en\/wp-json\/wp\/v2\/comments?post=1001639"}],"version-history":[{"count":3,"href":"https:\/\/tuctuc.ee\/en\/wp-json\/wp\/v2\/product\/1001639\/revisions"}],"predecessor-version":[{"id":1001751,"href":"https:\/\/tuctuc.ee\/en\/wp-json\/wp\/v2\/product\/1001639\/revisions\/1001751"}],"wp:featuredmedia":[{"embeddable":true,"href":"https:\/\/tuctuc.ee\/en\/wp-json\/wp\/v2\/media\/1001646"}],"wp:attachment":[{"href":"https:\/\/tuctuc.ee\/en\/wp-json\/wp\/v2\/media?parent=1001639"}],"wp:term":[{"taxonomy":"product_cat","embeddable":true,"href":"https:\/\/tuctuc.ee\/en\/wp-json\/wp\/v2\/product_cat?post=1001639"},{"taxonomy":"product_tag","embeddable":true,"href":"https:\/\/tuctuc.ee\/en\/wp-json\/wp\/v2\/product_tag?post=1001639"}],"curies":[{"name":"wp","href":"https:\/\/api.w.org\/{rel}","templated":true}]}}