{"id":1001406,"date":"2024-11-16T11:55:27","date_gmt":"2024-11-16T08:55:27","guid":{"rendered":"https:\/\/tuctuc.ee\/?post_type=product&#038;p=1001406"},"modified":"2025-05-09T13:55:07","modified_gmt":"2025-05-09T10:55:07","slug":"meresinised-lai-jalg-puksid-tudrukutele","status":"publish","type":"product","link":"https:\/\/tuctuc.ee\/en\/toode\/meresinised-lai-jalg-puksid-tudrukutele\/","title":{"rendered":"Meresinised lai jalg p\u00fcksid t\u00fcdrukutele"},"content":{"rendered":"<div class=\"vgblk-rw-wrapper limit-wrapper\">\n<p id=\"tw-target-text\" class=\"tw-data-text tw-text-large tw-ta\" dir=\"ltr\" data-placeholder=\"Translation\" data-ved=\"2ahUKEwiH8P_-hc2JAxWuhf0HHbkjBHAQ3ewLegQICRAU\" aria-label=\"Translated text: Poiste tumeroheline dressipluus, mis on kaunistatud retro-videom\u00e4ngust inspireeritud loomingulise disainiga. Print sisaldab selliseid elemente nagu s\u00f5na &quot;START&quot;, videom\u00e4ngu tulemus ja fraas &quot;TUC TUC WINS&quot; ning kollase ja sinise v\u00e4rviga dinosauruste graafikat, mis n\u00e4ivad olevat m\u00e4ngus v\u00f5istlevad. Pehmest ja soojast kangast valmistatud dressipluusil on soonikkoes mansetid ja all\u00e4\u00e4r mugavaks istumiseks. V\u00e4rvikad detailid ja videom\u00e4nguteema muudavad selle dressipluusi lahedateks p\u00e4evadeks l\u00f5busaks ja ainulaadseks\">Meresinised lai jalg p\u00fcksid t\u00fcdrukutele. Meresinised lameda esiosaga p\u00fcksid t\u00fcdrukutele, elegantse k\u00fcljen\u00f6\u00f6bi disainiga v\u00f6\u00f6kohas. Tekstuuriga kangast valmistatud p\u00fcksid pakuvad mugavat istuvust ja l\u00e4bim\u00f5eldud stiili, mis sobivad ideaalselt erinevate v\u00e4limustega kombineerimiseks. Selle lai sirge l\u00f5ige annab liikumisvabaduse, muutes selle r\u00f5iva mitmek\u00fclgseks ja kaasaegseks valikuks.<\/p>\n<p><span class=\"Y2IQFc\" lang=\"et\">Materjal: 65% puuvill, 35% pol\u00fcester. <\/span><span class=\"Y2IQFc\" lang=\"et\">Juhised riiete hooldamiseks ja pesemiseks.\u00a0<\/span><\/div>\n<p><!-- .vgblk-rw-wrapper --><\/p>\n","protected":false},"excerpt":{"rendered":"<p>Meresinised lai jalg p\u00fcksid t\u00fcdrukutele. Meresinised lameda esiosaga p\u00fcksid t\u00fcdrukutele, elegantse k\u00fcljen\u00f6\u00f6bi disainiga v\u00f6\u00f6kohas. Tekstuuriga kangast valmistatud p\u00fcksid pakuvad mugavat istuvust ja l\u00e4bim\u00f5eldud stiili, mis sobivad ideaalselt erinevate v\u00e4limustega kombineerimiseks. Selle lai sirge l\u00f5ige annab liikumisvabaduse, muutes selle r\u00f5iva mitmek\u00fclgseks ja kaasaegseks valikuks. Materjal: 65% puuvill, 35% pol\u00fcester. Juhised riiete hooldamiseks ja pesemiseks.\u00a0<\/p>\n","protected":false},"featured_media":1001413,"comment_status":"open","ping_status":"closed","template":"","meta":{"_themeisle_gutenberg_block_has_review":false},"product_cat":[429,318],"product_tag":[],"class_list":["post-1001406","product","type-product","status-publish","has-post-thumbnail","hentry","product_cat-puksid","product_cat-tudrukud"],"yoast_head":"<!-- This site is optimized with the Yoast SEO plugin v21.5 - https:\/\/yoast.com\/wordpress\/plugins\/seo\/ -->\n<title>Meresinised lai jalg p\u00fcksid t\u00fcdrukutele - TucTuc Eesti<\/title>\n<meta name=\"robots\" content=\"index, follow, max-snippet:-1, max-image-preview:large, max-video-preview:-1\" \/>\n<link rel=\"canonical\" href=\"https:\/\/tuctuc.ee\/en\/toode\/meresinised-lai-jalg-puksid-tudrukutele\/\" \/>\n<meta property=\"og:locale\" content=\"en_US\" \/>\n<meta property=\"og:type\" content=\"article\" \/>\n<meta property=\"og:title\" content=\"Meresinised lai jalg p\u00fcksid t\u00fcdrukutele - TucTuc Eesti\" \/>\n<meta property=\"og:description\" content=\"Meresinised lai jalg p\u00fcksid t\u00fcdrukutele. Meresinised lameda esiosaga p\u00fcksid t\u00fcdrukutele, elegantse k\u00fcljen\u00f6\u00f6bi disainiga v\u00f6\u00f6kohas. Tekstuuriga kangast valmistatud p\u00fcksid pakuvad mugavat istuvust ja l\u00e4bim\u00f5eldud stiili, mis sobivad ideaalselt erinevate v\u00e4limustega kombineerimiseks. Selle lai sirge l\u00f5ige annab liikumisvabaduse, muutes selle r\u00f5iva mitmek\u00fclgseks ja kaasaegseks valikuks. Materjal: 65% puuvill, 35% pol\u00fcester. Juhised riiete hooldamiseks ja pesemiseks.\u00a0\" \/>\n<meta property=\"og:url\" content=\"https:\/\/tuctuc.ee\/en\/toode\/meresinised-lai-jalg-puksid-tudrukutele\/\" \/>\n<meta property=\"og:site_name\" content=\"TucTuc Eesti\" \/>\n<meta property=\"article:modified_time\" content=\"2025-05-09T10:55:07+00:00\" \/>\n<meta property=\"og:image\" content=\"https:\/\/tuctuc.ee\/wp-content\/uploads\/2024\/11\/11377889.webp\" \/>\n\t<meta property=\"og:image:width\" content=\"800\" \/>\n\t<meta property=\"og:image:height\" content=\"1000\" \/>\n\t<meta property=\"og:image:type\" content=\"image\/webp\" \/>\n<meta name=\"twitter:card\" content=\"summary_large_image\" \/>\n<meta name=\"twitter:label1\" content=\"Est. reading time\" \/>\n\t<meta name=\"twitter:data1\" content=\"1 minute\" \/>\n<script type=\"application\/ld+json\" class=\"yoast-schema-graph\">{\"@context\":\"https:\/\/schema.org\",\"@graph\":[{\"@type\":\"WebPage\",\"@id\":\"https:\/\/tuctuc.ee\/en\/toode\/meresinised-lai-jalg-puksid-tudrukutele\/\",\"url\":\"https:\/\/tuctuc.ee\/en\/toode\/meresinised-lai-jalg-puksid-tudrukutele\/\",\"name\":\"Meresinised lai jalg p\u00fcksid t\u00fcdrukutele - TucTuc Eesti\",\"isPartOf\":{\"@id\":\"https:\/\/tuctuc.ee\/en\/#website\"},\"datePublished\":\"2024-11-16T08:55:27+00:00\",\"dateModified\":\"2025-05-09T10:55:07+00:00\",\"breadcrumb\":{\"@id\":\"https:\/\/tuctuc.ee\/en\/toode\/meresinised-lai-jalg-puksid-tudrukutele\/#breadcrumb\"},\"inLanguage\":\"en-US\",\"potentialAction\":[{\"@type\":\"ReadAction\",\"target\":[\"https:\/\/tuctuc.ee\/en\/toode\/meresinised-lai-jalg-puksid-tudrukutele\/\"]}]},{\"@type\":\"BreadcrumbList\",\"@id\":\"https:\/\/tuctuc.ee\/en\/toode\/meresinised-lai-jalg-puksid-tudrukutele\/#breadcrumb\",\"itemListElement\":[{\"@type\":\"ListItem\",\"position\":1,\"name\":\"Home\",\"item\":\"https:\/\/tuctuc.ee\/en\/?page_id=269\"},{\"@type\":\"ListItem\",\"position\":2,\"name\":\"Shop\",\"item\":\"https:\/\/tuctuc.ee\/shop\/\"},{\"@type\":\"ListItem\",\"position\":3,\"name\":\"Meresinised lai jalg p\u00fcksid t\u00fcdrukutele\"}]},{\"@type\":\"WebSite\",\"@id\":\"https:\/\/tuctuc.ee\/en\/#website\",\"url\":\"https:\/\/tuctuc.ee\/en\/\",\"name\":\"TucTuc Eesti\",\"description\":\"Eesti laster\u00f5ivaste veebipood - Stiilsed riided lastele igale vanusele. Avastage meie valikut n\u00fc\u00fcd!\",\"publisher\":{\"@id\":\"https:\/\/tuctuc.ee\/en\/#organization\"},\"potentialAction\":[{\"@type\":\"SearchAction\",\"target\":{\"@type\":\"EntryPoint\",\"urlTemplate\":\"https:\/\/tuctuc.ee\/en\/?s={search_term_string}\"},\"query-input\":\"required name=search_term_string\"}],\"inLanguage\":\"en-US\"},{\"@type\":\"Organization\",\"@id\":\"https:\/\/tuctuc.ee\/en\/#organization\",\"name\":\"TucTuc Eesti\",\"url\":\"https:\/\/tuctuc.ee\/en\/\",\"logo\":{\"@type\":\"ImageObject\",\"inLanguage\":\"en-US\",\"@id\":\"https:\/\/tuctuc.ee\/en\/#\/schema\/logo\/image\/\",\"url\":\"https:\/\/i0.wp.com\/tuctuc.ee\/wp-content\/uploads\/2023\/10\/logo-164933761541.png?fit=109%2C122&ssl=1\",\"contentUrl\":\"https:\/\/i0.wp.com\/tuctuc.ee\/wp-content\/uploads\/2023\/10\/logo-164933761541.png?fit=109%2C122&ssl=1\",\"width\":109,\"height\":122,\"caption\":\"TucTuc Eesti\"},\"image\":{\"@id\":\"https:\/\/tuctuc.ee\/en\/#\/schema\/logo\/image\/\"}}]}<\/script>\n<!-- \/ Yoast SEO plugin. -->","yoast_head_json":{"title":"Meresinised lai jalg p\u00fcksid t\u00fcdrukutele - TucTuc Eesti","robots":{"index":"index","follow":"follow","max-snippet":"max-snippet:-1","max-image-preview":"max-image-preview:large","max-video-preview":"max-video-preview:-1"},"canonical":"https:\/\/tuctuc.ee\/en\/toode\/meresinised-lai-jalg-puksid-tudrukutele\/","og_locale":"en_US","og_type":"article","og_title":"Meresinised lai jalg p\u00fcksid t\u00fcdrukutele - TucTuc Eesti","og_description":"Meresinised lai jalg p\u00fcksid t\u00fcdrukutele. Meresinised lameda esiosaga p\u00fcksid t\u00fcdrukutele, elegantse k\u00fcljen\u00f6\u00f6bi disainiga v\u00f6\u00f6kohas. Tekstuuriga kangast valmistatud p\u00fcksid pakuvad mugavat istuvust ja l\u00e4bim\u00f5eldud stiili, mis sobivad ideaalselt erinevate v\u00e4limustega kombineerimiseks. Selle lai sirge l\u00f5ige annab liikumisvabaduse, muutes selle r\u00f5iva mitmek\u00fclgseks ja kaasaegseks valikuks. Materjal: 65% puuvill, 35% pol\u00fcester. Juhised riiete hooldamiseks ja pesemiseks.\u00a0","og_url":"https:\/\/tuctuc.ee\/en\/toode\/meresinised-lai-jalg-puksid-tudrukutele\/","og_site_name":"TucTuc Eesti","article_modified_time":"2025-05-09T10:55:07+00:00","og_image":[{"width":800,"height":1000,"url":"https:\/\/tuctuc.ee\/wp-content\/uploads\/2024\/11\/11377889.webp","type":"image\/webp"}],"twitter_card":"summary_large_image","twitter_misc":{"Est. reading time":"1 minute"},"schema":{"@context":"https:\/\/schema.org","@graph":[{"@type":"WebPage","@id":"https:\/\/tuctuc.ee\/en\/toode\/meresinised-lai-jalg-puksid-tudrukutele\/","url":"https:\/\/tuctuc.ee\/en\/toode\/meresinised-lai-jalg-puksid-tudrukutele\/","name":"Meresinised lai jalg p\u00fcksid t\u00fcdrukutele - TucTuc Eesti","isPartOf":{"@id":"https:\/\/tuctuc.ee\/en\/#website"},"datePublished":"2024-11-16T08:55:27+00:00","dateModified":"2025-05-09T10:55:07+00:00","breadcrumb":{"@id":"https:\/\/tuctuc.ee\/en\/toode\/meresinised-lai-jalg-puksid-tudrukutele\/#breadcrumb"},"inLanguage":"en-US","potentialAction":[{"@type":"ReadAction","target":["https:\/\/tuctuc.ee\/en\/toode\/meresinised-lai-jalg-puksid-tudrukutele\/"]}]},{"@type":"BreadcrumbList","@id":"https:\/\/tuctuc.ee\/en\/toode\/meresinised-lai-jalg-puksid-tudrukutele\/#breadcrumb","itemListElement":[{"@type":"ListItem","position":1,"name":"Home","item":"https:\/\/tuctuc.ee\/en\/?page_id=269"},{"@type":"ListItem","position":2,"name":"Shop","item":"https:\/\/tuctuc.ee\/shop\/"},{"@type":"ListItem","position":3,"name":"Meresinised lai jalg p\u00fcksid t\u00fcdrukutele"}]},{"@type":"WebSite","@id":"https:\/\/tuctuc.ee\/en\/#website","url":"https:\/\/tuctuc.ee\/en\/","name":"TucTuc Eesti","description":"Eesti laster\u00f5ivaste veebipood - Stiilsed riided lastele igale vanusele. Avastage meie valikut n\u00fc\u00fcd!","publisher":{"@id":"https:\/\/tuctuc.ee\/en\/#organization"},"potentialAction":[{"@type":"SearchAction","target":{"@type":"EntryPoint","urlTemplate":"https:\/\/tuctuc.ee\/en\/?s={search_term_string}"},"query-input":"required name=search_term_string"}],"inLanguage":"en-US"},{"@type":"Organization","@id":"https:\/\/tuctuc.ee\/en\/#organization","name":"TucTuc Eesti","url":"https:\/\/tuctuc.ee\/en\/","logo":{"@type":"ImageObject","inLanguage":"en-US","@id":"https:\/\/tuctuc.ee\/en\/#\/schema\/logo\/image\/","url":"https:\/\/i0.wp.com\/tuctuc.ee\/wp-content\/uploads\/2023\/10\/logo-164933761541.png?fit=109%2C122&ssl=1","contentUrl":"https:\/\/i0.wp.com\/tuctuc.ee\/wp-content\/uploads\/2023\/10\/logo-164933761541.png?fit=109%2C122&ssl=1","width":109,"height":122,"caption":"TucTuc Eesti"},"image":{"@id":"https:\/\/tuctuc.ee\/en\/#\/schema\/logo\/image\/"}}]}},"jetpack_sharing_enabled":true,"_links":{"self":[{"href":"https:\/\/tuctuc.ee\/en\/wp-json\/wp\/v2\/product\/1001406","targetHints":{"allow":["GET"]}}],"collection":[{"href":"https:\/\/tuctuc.ee\/en\/wp-json\/wp\/v2\/product"}],"about":[{"href":"https:\/\/tuctuc.ee\/en\/wp-json\/wp\/v2\/types\/product"}],"replies":[{"embeddable":true,"href":"https:\/\/tuctuc.ee\/en\/wp-json\/wp\/v2\/comments?post=1001406"}],"version-history":[{"count":2,"href":"https:\/\/tuctuc.ee\/en\/wp-json\/wp\/v2\/product\/1001406\/revisions"}],"predecessor-version":[{"id":1001428,"href":"https:\/\/tuctuc.ee\/en\/wp-json\/wp\/v2\/product\/1001406\/revisions\/1001428"}],"wp:featuredmedia":[{"embeddable":true,"href":"https:\/\/tuctuc.ee\/en\/wp-json\/wp\/v2\/media\/1001413"}],"wp:attachment":[{"href":"https:\/\/tuctuc.ee\/en\/wp-json\/wp\/v2\/media?parent=1001406"}],"wp:term":[{"taxonomy":"product_cat","embeddable":true,"href":"https:\/\/tuctuc.ee\/en\/wp-json\/wp\/v2\/product_cat?post=1001406"},{"taxonomy":"product_tag","embeddable":true,"href":"https:\/\/tuctuc.ee\/en\/wp-json\/wp\/v2\/product_tag?post=1001406"}],"curies":[{"name":"wp","href":"https:\/\/api.w.org\/{rel}","templated":true}]}}