{"id":1001386,"date":"2024-11-12T13:25:36","date_gmt":"2024-11-12T10:25:36","guid":{"rendered":"https:\/\/tuctuc.ee\/?post_type=product&#038;p=1001386"},"modified":"2026-01-23T17:35:49","modified_gmt":"2026-01-23T14:35:49","slug":"talvekomplekt-tudrukutele-muts-ja-torusall","status":"publish","type":"product","link":"https:\/\/tuctuc.ee\/en\/toode\/talvekomplekt-tudrukutele-muts-ja-torusall\/","title":{"rendered":"Talvekomplekt t\u00fcdrukutele (m\u00fcts ja torusall)"},"content":{"rendered":"<div class=\"vgblk-rw-wrapper limit-wrapper\">\n<p id=\"tw-target-text\" class=\"tw-data-text tw-text-large tw-ta\" dir=\"ltr\" data-placeholder=\"Translation\" data-ved=\"2ahUKEwiH8P_-hc2JAxWuhf0HHbkjBHAQ3ewLegQICRAU\" aria-label=\"Translated text: Poiste tumeroheline dressipluus, mis on kaunistatud retro-videom\u00e4ngust inspireeritud loomingulise disainiga. Print sisaldab selliseid elemente nagu s\u00f5na &quot;START&quot;, videom\u00e4ngu tulemus ja fraas &quot;TUC TUC WINS&quot; ning kollase ja sinise v\u00e4rviga dinosauruste graafikat, mis n\u00e4ivad olevat m\u00e4ngus v\u00f5istlevad. Pehmest ja soojast kangast valmistatud dressipluusil on soonikkoes mansetid ja all\u00e4\u00e4r mugavaks istumiseks. V\u00e4rvikad detailid ja videom\u00e4nguteema muudavad selle dressipluusi lahedateks p\u00e4evadeks l\u00f5busaks ja ainulaadseks\">Talvekomplekt t\u00fcdrukutele, mis koosneb m\u00fctsist ja sobivat torusalli. M\u00fctsil on l\u00f5bus 3D-k\u00f5rvadega tiigridisain, kaelasoojendajal on aga erksav\u00e4rviline s\u00fcdametr\u00fckk mustal taustal. Soe ja stiilne komplekt k\u00fclmadeks p\u00e4evadeks, mis sobib suurep\u00e4raselt iga talve ilme t\u00e4iendamiseks.<\/p>\n<p><span class=\"Y2IQFc\" lang=\"et\">Materjal: 95% puuvill, 5% elastaan. <\/span><span class=\"Y2IQFc\" lang=\"et\">Juhised riiete hooldamiseks ja pesemiseks.\u00a0<\/span><\/div>\n<p><!-- .vgblk-rw-wrapper --><\/p>\n","protected":false},"excerpt":{"rendered":"<p>Talvekomplekt t\u00fcdrukutele, mis koosneb m\u00fctsist ja sobivat torusalli. M\u00fctsil on l\u00f5bus 3D-k\u00f5rvadega tiigridisain, kaelasoojendajal on aga erksav\u00e4rviline s\u00fcdametr\u00fckk mustal taustal. Soe ja stiilne komplekt k\u00fclmadeks p\u00e4evadeks, mis sobib suurep\u00e4raselt iga talve ilme t\u00e4iendamiseks. Materjal: 95% puuvill, 5% elastaan. Juhised riiete hooldamiseks ja pesemiseks.\u00a0<\/p>\n","protected":false},"featured_media":1001393,"comment_status":"open","ping_status":"closed","template":"","meta":{"_themeisle_gutenberg_block_has_review":false},"product_cat":[445,543,596],"product_tag":[],"class_list":["post-1001386","product","type-product","status-publish","has-post-thumbnail","hentry","product_cat-aksessuaarid","product_cat-komplekt-beebipoisid","product_cat-mutsid"],"yoast_head":"<!-- This site is optimized with the Yoast SEO plugin v21.5 - https:\/\/yoast.com\/wordpress\/plugins\/seo\/ -->\n<title>Talvekomplekt t\u00fcdrukutele (m\u00fcts ja torusall) - TucTuc Eesti<\/title>\n<meta name=\"robots\" content=\"index, follow, max-snippet:-1, max-image-preview:large, max-video-preview:-1\" \/>\n<link rel=\"canonical\" href=\"https:\/\/tuctuc.ee\/en\/toode\/talvekomplekt-tudrukutele-muts-ja-torusall\/\" \/>\n<meta property=\"og:locale\" content=\"en_US\" \/>\n<meta property=\"og:type\" content=\"article\" \/>\n<meta property=\"og:title\" content=\"Talvekomplekt t\u00fcdrukutele (m\u00fcts ja torusall) - TucTuc Eesti\" \/>\n<meta property=\"og:description\" content=\"Talvekomplekt t\u00fcdrukutele, mis koosneb m\u00fctsist ja sobivat torusalli. M\u00fctsil on l\u00f5bus 3D-k\u00f5rvadega tiigridisain, kaelasoojendajal on aga erksav\u00e4rviline s\u00fcdametr\u00fckk mustal taustal. Soe ja stiilne komplekt k\u00fclmadeks p\u00e4evadeks, mis sobib suurep\u00e4raselt iga talve ilme t\u00e4iendamiseks. Materjal: 95% puuvill, 5% elastaan. Juhised riiete hooldamiseks ja pesemiseks.\u00a0\" \/>\n<meta property=\"og:url\" content=\"https:\/\/tuctuc.ee\/en\/toode\/talvekomplekt-tudrukutele-muts-ja-torusall\/\" \/>\n<meta property=\"og:site_name\" content=\"TucTuc Eesti\" \/>\n<meta property=\"article:modified_time\" content=\"2026-01-23T14:35:49+00:00\" \/>\n<meta property=\"og:image\" content=\"https:\/\/tuctuc.ee\/wp-content\/uploads\/2024\/11\/11379669.webp\" \/>\n\t<meta property=\"og:image:width\" content=\"800\" \/>\n\t<meta property=\"og:image:height\" content=\"1000\" \/>\n\t<meta property=\"og:image:type\" content=\"image\/webp\" \/>\n<meta name=\"twitter:card\" content=\"summary_large_image\" \/>\n<meta name=\"twitter:label1\" content=\"Est. reading time\" \/>\n\t<meta name=\"twitter:data1\" content=\"1 minute\" \/>\n<script type=\"application\/ld+json\" class=\"yoast-schema-graph\">{\"@context\":\"https:\/\/schema.org\",\"@graph\":[{\"@type\":\"WebPage\",\"@id\":\"https:\/\/tuctuc.ee\/en\/toode\/talvekomplekt-tudrukutele-muts-ja-torusall\/\",\"url\":\"https:\/\/tuctuc.ee\/en\/toode\/talvekomplekt-tudrukutele-muts-ja-torusall\/\",\"name\":\"Talvekomplekt t\u00fcdrukutele (m\u00fcts ja torusall) - TucTuc Eesti\",\"isPartOf\":{\"@id\":\"https:\/\/tuctuc.ee\/en\/#website\"},\"datePublished\":\"2024-11-12T10:25:36+00:00\",\"dateModified\":\"2026-01-23T14:35:49+00:00\",\"breadcrumb\":{\"@id\":\"https:\/\/tuctuc.ee\/en\/toode\/talvekomplekt-tudrukutele-muts-ja-torusall\/#breadcrumb\"},\"inLanguage\":\"en-US\",\"potentialAction\":[{\"@type\":\"ReadAction\",\"target\":[\"https:\/\/tuctuc.ee\/en\/toode\/talvekomplekt-tudrukutele-muts-ja-torusall\/\"]}]},{\"@type\":\"BreadcrumbList\",\"@id\":\"https:\/\/tuctuc.ee\/en\/toode\/talvekomplekt-tudrukutele-muts-ja-torusall\/#breadcrumb\",\"itemListElement\":[{\"@type\":\"ListItem\",\"position\":1,\"name\":\"Home\",\"item\":\"https:\/\/tuctuc.ee\/en\/?page_id=269\"},{\"@type\":\"ListItem\",\"position\":2,\"name\":\"Shop\",\"item\":\"https:\/\/tuctuc.ee\/shop\/\"},{\"@type\":\"ListItem\",\"position\":3,\"name\":\"Talvekomplekt t\u00fcdrukutele (m\u00fcts ja torusall)\"}]},{\"@type\":\"WebSite\",\"@id\":\"https:\/\/tuctuc.ee\/en\/#website\",\"url\":\"https:\/\/tuctuc.ee\/en\/\",\"name\":\"TucTuc Eesti\",\"description\":\"Eesti laster\u00f5ivaste veebipood - Stiilsed riided lastele igale vanusele. Avastage meie valikut n\u00fc\u00fcd!\",\"publisher\":{\"@id\":\"https:\/\/tuctuc.ee\/en\/#organization\"},\"potentialAction\":[{\"@type\":\"SearchAction\",\"target\":{\"@type\":\"EntryPoint\",\"urlTemplate\":\"https:\/\/tuctuc.ee\/en\/?s={search_term_string}\"},\"query-input\":\"required name=search_term_string\"}],\"inLanguage\":\"en-US\"},{\"@type\":\"Organization\",\"@id\":\"https:\/\/tuctuc.ee\/en\/#organization\",\"name\":\"TucTuc Eesti\",\"url\":\"https:\/\/tuctuc.ee\/en\/\",\"logo\":{\"@type\":\"ImageObject\",\"inLanguage\":\"en-US\",\"@id\":\"https:\/\/tuctuc.ee\/en\/#\/schema\/logo\/image\/\",\"url\":\"https:\/\/i0.wp.com\/tuctuc.ee\/wp-content\/uploads\/2023\/10\/logo-164933761541.png?fit=109%2C122&ssl=1\",\"contentUrl\":\"https:\/\/i0.wp.com\/tuctuc.ee\/wp-content\/uploads\/2023\/10\/logo-164933761541.png?fit=109%2C122&ssl=1\",\"width\":109,\"height\":122,\"caption\":\"TucTuc Eesti\"},\"image\":{\"@id\":\"https:\/\/tuctuc.ee\/en\/#\/schema\/logo\/image\/\"}}]}<\/script>\n<!-- \/ Yoast SEO plugin. -->","yoast_head_json":{"title":"Talvekomplekt t\u00fcdrukutele (m\u00fcts ja torusall) - TucTuc Eesti","robots":{"index":"index","follow":"follow","max-snippet":"max-snippet:-1","max-image-preview":"max-image-preview:large","max-video-preview":"max-video-preview:-1"},"canonical":"https:\/\/tuctuc.ee\/en\/toode\/talvekomplekt-tudrukutele-muts-ja-torusall\/","og_locale":"en_US","og_type":"article","og_title":"Talvekomplekt t\u00fcdrukutele (m\u00fcts ja torusall) - TucTuc Eesti","og_description":"Talvekomplekt t\u00fcdrukutele, mis koosneb m\u00fctsist ja sobivat torusalli. M\u00fctsil on l\u00f5bus 3D-k\u00f5rvadega tiigridisain, kaelasoojendajal on aga erksav\u00e4rviline s\u00fcdametr\u00fckk mustal taustal. Soe ja stiilne komplekt k\u00fclmadeks p\u00e4evadeks, mis sobib suurep\u00e4raselt iga talve ilme t\u00e4iendamiseks. Materjal: 95% puuvill, 5% elastaan. Juhised riiete hooldamiseks ja pesemiseks.\u00a0","og_url":"https:\/\/tuctuc.ee\/en\/toode\/talvekomplekt-tudrukutele-muts-ja-torusall\/","og_site_name":"TucTuc Eesti","article_modified_time":"2026-01-23T14:35:49+00:00","og_image":[{"width":800,"height":1000,"url":"https:\/\/tuctuc.ee\/wp-content\/uploads\/2024\/11\/11379669.webp","type":"image\/webp"}],"twitter_card":"summary_large_image","twitter_misc":{"Est. reading time":"1 minute"},"schema":{"@context":"https:\/\/schema.org","@graph":[{"@type":"WebPage","@id":"https:\/\/tuctuc.ee\/en\/toode\/talvekomplekt-tudrukutele-muts-ja-torusall\/","url":"https:\/\/tuctuc.ee\/en\/toode\/talvekomplekt-tudrukutele-muts-ja-torusall\/","name":"Talvekomplekt t\u00fcdrukutele (m\u00fcts ja torusall) - TucTuc Eesti","isPartOf":{"@id":"https:\/\/tuctuc.ee\/en\/#website"},"datePublished":"2024-11-12T10:25:36+00:00","dateModified":"2026-01-23T14:35:49+00:00","breadcrumb":{"@id":"https:\/\/tuctuc.ee\/en\/toode\/talvekomplekt-tudrukutele-muts-ja-torusall\/#breadcrumb"},"inLanguage":"en-US","potentialAction":[{"@type":"ReadAction","target":["https:\/\/tuctuc.ee\/en\/toode\/talvekomplekt-tudrukutele-muts-ja-torusall\/"]}]},{"@type":"BreadcrumbList","@id":"https:\/\/tuctuc.ee\/en\/toode\/talvekomplekt-tudrukutele-muts-ja-torusall\/#breadcrumb","itemListElement":[{"@type":"ListItem","position":1,"name":"Home","item":"https:\/\/tuctuc.ee\/en\/?page_id=269"},{"@type":"ListItem","position":2,"name":"Shop","item":"https:\/\/tuctuc.ee\/shop\/"},{"@type":"ListItem","position":3,"name":"Talvekomplekt t\u00fcdrukutele (m\u00fcts ja torusall)"}]},{"@type":"WebSite","@id":"https:\/\/tuctuc.ee\/en\/#website","url":"https:\/\/tuctuc.ee\/en\/","name":"TucTuc Eesti","description":"Eesti laster\u00f5ivaste veebipood - Stiilsed riided lastele igale vanusele. Avastage meie valikut n\u00fc\u00fcd!","publisher":{"@id":"https:\/\/tuctuc.ee\/en\/#organization"},"potentialAction":[{"@type":"SearchAction","target":{"@type":"EntryPoint","urlTemplate":"https:\/\/tuctuc.ee\/en\/?s={search_term_string}"},"query-input":"required name=search_term_string"}],"inLanguage":"en-US"},{"@type":"Organization","@id":"https:\/\/tuctuc.ee\/en\/#organization","name":"TucTuc Eesti","url":"https:\/\/tuctuc.ee\/en\/","logo":{"@type":"ImageObject","inLanguage":"en-US","@id":"https:\/\/tuctuc.ee\/en\/#\/schema\/logo\/image\/","url":"https:\/\/i0.wp.com\/tuctuc.ee\/wp-content\/uploads\/2023\/10\/logo-164933761541.png?fit=109%2C122&ssl=1","contentUrl":"https:\/\/i0.wp.com\/tuctuc.ee\/wp-content\/uploads\/2023\/10\/logo-164933761541.png?fit=109%2C122&ssl=1","width":109,"height":122,"caption":"TucTuc Eesti"},"image":{"@id":"https:\/\/tuctuc.ee\/en\/#\/schema\/logo\/image\/"}}]}},"jetpack_sharing_enabled":true,"_links":{"self":[{"href":"https:\/\/tuctuc.ee\/en\/wp-json\/wp\/v2\/product\/1001386","targetHints":{"allow":["GET"]}}],"collection":[{"href":"https:\/\/tuctuc.ee\/en\/wp-json\/wp\/v2\/product"}],"about":[{"href":"https:\/\/tuctuc.ee\/en\/wp-json\/wp\/v2\/types\/product"}],"replies":[{"embeddable":true,"href":"https:\/\/tuctuc.ee\/en\/wp-json\/wp\/v2\/comments?post=1001386"}],"version-history":[{"count":2,"href":"https:\/\/tuctuc.ee\/en\/wp-json\/wp\/v2\/product\/1001386\/revisions"}],"predecessor-version":[{"id":1001761,"href":"https:\/\/tuctuc.ee\/en\/wp-json\/wp\/v2\/product\/1001386\/revisions\/1001761"}],"wp:featuredmedia":[{"embeddable":true,"href":"https:\/\/tuctuc.ee\/en\/wp-json\/wp\/v2\/media\/1001393"}],"wp:attachment":[{"href":"https:\/\/tuctuc.ee\/en\/wp-json\/wp\/v2\/media?parent=1001386"}],"wp:term":[{"taxonomy":"product_cat","embeddable":true,"href":"https:\/\/tuctuc.ee\/en\/wp-json\/wp\/v2\/product_cat?post=1001386"},{"taxonomy":"product_tag","embeddable":true,"href":"https:\/\/tuctuc.ee\/en\/wp-json\/wp\/v2\/product_tag?post=1001386"}],"curies":[{"name":"wp","href":"https:\/\/api.w.org\/{rel}","templated":true}]}}