{"id":1001338,"date":"2024-11-12T13:00:34","date_gmt":"2024-11-12T10:00:34","guid":{"rendered":"https:\/\/tuctuc.ee\/?post_type=product&#038;p=1001338"},"modified":"2026-01-26T17:04:32","modified_gmt":"2026-01-26T14:04:32","slug":"must-pikkade-varrukatega-t-sark-tudrukutele","status":"publish","type":"product","link":"https:\/\/tuctuc.ee\/en\/toode\/must-pikkade-varrukatega-t-sark-tudrukutele\/","title":{"rendered":"Must pikkade varrukatega T-s\u00e4rk t\u00fcdrukutele"},"content":{"rendered":"<div class=\"vgblk-rw-wrapper limit-wrapper\">\n<p id=\"tw-target-text\" class=\"tw-data-text tw-text-large tw-ta\" dir=\"ltr\" data-placeholder=\"Translation\" data-ved=\"2ahUKEwiH8P_-hc2JAxWuhf0HHbkjBHAQ3ewLegQICRAU\" aria-label=\"Translated text: Poiste tumeroheline dressipluus, mis on kaunistatud retro-videom\u00e4ngust inspireeritud loomingulise disainiga. Print sisaldab selliseid elemente nagu s\u00f5na &quot;START&quot;, videom\u00e4ngu tulemus ja fraas &quot;TUC TUC WINS&quot; ning kollase ja sinise v\u00e4rviga dinosauruste graafikat, mis n\u00e4ivad olevat m\u00e4ngus v\u00f5istlevad. Pehmest ja soojast kangast valmistatud dressipluusil on soonikkoes mansetid ja all\u00e4\u00e4r mugavaks istumiseks. V\u00e4rvikad detailid ja videom\u00e4nguteema muudavad selle dressipluusi lahedateks p\u00e4evadeks l\u00f5busaks ja ainulaadseks\">Must pikkade varrukatega T-s\u00e4rk t\u00fcdrukutele. Elegantses mustas toonis pikkade varrukatega T-s\u00e4rk t\u00fcdrukutele, mida kaunistab silmatorkav punastes ja valgetes toonides s\u00fcdametr\u00fckk. Disainis on s\u00fcdamete vahele integreeritud s\u00f5na &#8220;Love&#8221;, mis lisab r\u00f5ivale magusat ja ilmekat puudutust. Pehmest ja mugavast kangast valmistatud T-s\u00e4rk sobib ideaalselt igap\u00e4evaseks kasutamiseks, pakkudes modernset stiili, millel on palju isikup\u00e4ra.<\/p>\n<p><span class=\"Y2IQFc\" lang=\"et\">Materjal: 95% puuvill, 5% elastaan. <\/span><span class=\"Y2IQFc\" lang=\"et\">Juhised riiete hooldamiseks ja pesemiseks.\u00a0<\/span><\/div>\n<p><!-- .vgblk-rw-wrapper --><\/p>\n","protected":false},"excerpt":{"rendered":"<p>Must pikkade varrukatega T-s\u00e4rk t\u00fcdrukutele. Elegantses mustas toonis pikkade varrukatega T-s\u00e4rk t\u00fcdrukutele, mida kaunistab silmatorkav punastes ja valgetes toonides s\u00fcdametr\u00fckk. Disainis on s\u00fcdamete vahele integreeritud s\u00f5na &#8220;Love&#8221;, mis lisab r\u00f5ivale magusat ja ilmekat puudutust. Pehmest ja mugavast kangast valmistatud T-s\u00e4rk sobib ideaalselt igap\u00e4evaseks kasutamiseks, pakkudes modernset stiili, millel on palju isikup\u00e4ra. Materjal: 95% puuvill, 5%&#8230;<\/p>\n","protected":false},"featured_media":1001345,"comment_status":"open","ping_status":"closed","template":"","meta":{"_themeisle_gutenberg_block_has_review":false},"product_cat":[430,318],"product_tag":[],"class_list":["post-1001338","product","type-product","status-publish","has-post-thumbnail","hentry","product_cat-t-sark-pikkade-varrukatega","product_cat-tudrukud"],"yoast_head":"<!-- This site is optimized with the Yoast SEO plugin v21.5 - https:\/\/yoast.com\/wordpress\/plugins\/seo\/ -->\n<title>Must pikkade varrukatega T-s\u00e4rk t\u00fcdrukutele - TucTuc Eesti<\/title>\n<meta name=\"robots\" content=\"index, follow, max-snippet:-1, max-image-preview:large, max-video-preview:-1\" \/>\n<link rel=\"canonical\" href=\"https:\/\/tuctuc.ee\/en\/toode\/must-pikkade-varrukatega-t-sark-tudrukutele\/\" \/>\n<meta property=\"og:locale\" content=\"en_US\" \/>\n<meta property=\"og:type\" content=\"article\" \/>\n<meta property=\"og:title\" content=\"Must pikkade varrukatega T-s\u00e4rk t\u00fcdrukutele - TucTuc Eesti\" \/>\n<meta property=\"og:description\" content=\"Must pikkade varrukatega T-s\u00e4rk t\u00fcdrukutele. Elegantses mustas toonis pikkade varrukatega T-s\u00e4rk t\u00fcdrukutele, mida kaunistab silmatorkav punastes ja valgetes toonides s\u00fcdametr\u00fckk. Disainis on s\u00fcdamete vahele integreeritud s\u00f5na &#8220;Love&#8221;, mis lisab r\u00f5ivale magusat ja ilmekat puudutust. Pehmest ja mugavast kangast valmistatud T-s\u00e4rk sobib ideaalselt igap\u00e4evaseks kasutamiseks, pakkudes modernset stiili, millel on palju isikup\u00e4ra. Materjal: 95% puuvill, 5%...\" \/>\n<meta property=\"og:url\" content=\"https:\/\/tuctuc.ee\/en\/toode\/must-pikkade-varrukatega-t-sark-tudrukutele\/\" \/>\n<meta property=\"og:site_name\" content=\"TucTuc Eesti\" \/>\n<meta property=\"article:modified_time\" content=\"2026-01-26T14:04:32+00:00\" \/>\n<meta property=\"og:image\" content=\"https:\/\/tuctuc.ee\/wp-content\/uploads\/2024\/11\/11379693.webp\" \/>\n\t<meta property=\"og:image:width\" content=\"800\" \/>\n\t<meta property=\"og:image:height\" content=\"1000\" \/>\n\t<meta property=\"og:image:type\" content=\"image\/webp\" \/>\n<meta name=\"twitter:card\" content=\"summary_large_image\" \/>\n<meta name=\"twitter:label1\" content=\"Est. reading time\" \/>\n\t<meta name=\"twitter:data1\" content=\"1 minute\" \/>\n<script type=\"application\/ld+json\" class=\"yoast-schema-graph\">{\"@context\":\"https:\/\/schema.org\",\"@graph\":[{\"@type\":\"WebPage\",\"@id\":\"https:\/\/tuctuc.ee\/en\/toode\/must-pikkade-varrukatega-t-sark-tudrukutele\/\",\"url\":\"https:\/\/tuctuc.ee\/en\/toode\/must-pikkade-varrukatega-t-sark-tudrukutele\/\",\"name\":\"Must pikkade varrukatega T-s\u00e4rk t\u00fcdrukutele - TucTuc Eesti\",\"isPartOf\":{\"@id\":\"https:\/\/tuctuc.ee\/en\/#website\"},\"datePublished\":\"2024-11-12T10:00:34+00:00\",\"dateModified\":\"2026-01-26T14:04:32+00:00\",\"breadcrumb\":{\"@id\":\"https:\/\/tuctuc.ee\/en\/toode\/must-pikkade-varrukatega-t-sark-tudrukutele\/#breadcrumb\"},\"inLanguage\":\"en-US\",\"potentialAction\":[{\"@type\":\"ReadAction\",\"target\":[\"https:\/\/tuctuc.ee\/en\/toode\/must-pikkade-varrukatega-t-sark-tudrukutele\/\"]}]},{\"@type\":\"BreadcrumbList\",\"@id\":\"https:\/\/tuctuc.ee\/en\/toode\/must-pikkade-varrukatega-t-sark-tudrukutele\/#breadcrumb\",\"itemListElement\":[{\"@type\":\"ListItem\",\"position\":1,\"name\":\"Home\",\"item\":\"https:\/\/tuctuc.ee\/en\/?page_id=269\"},{\"@type\":\"ListItem\",\"position\":2,\"name\":\"Shop\",\"item\":\"https:\/\/tuctuc.ee\/shop\/\"},{\"@type\":\"ListItem\",\"position\":3,\"name\":\"Must pikkade varrukatega T-s\u00e4rk t\u00fcdrukutele\"}]},{\"@type\":\"WebSite\",\"@id\":\"https:\/\/tuctuc.ee\/en\/#website\",\"url\":\"https:\/\/tuctuc.ee\/en\/\",\"name\":\"TucTuc Eesti\",\"description\":\"Eesti laster\u00f5ivaste veebipood - Stiilsed riided lastele igale vanusele. Avastage meie valikut n\u00fc\u00fcd!\",\"publisher\":{\"@id\":\"https:\/\/tuctuc.ee\/en\/#organization\"},\"potentialAction\":[{\"@type\":\"SearchAction\",\"target\":{\"@type\":\"EntryPoint\",\"urlTemplate\":\"https:\/\/tuctuc.ee\/en\/?s={search_term_string}\"},\"query-input\":\"required name=search_term_string\"}],\"inLanguage\":\"en-US\"},{\"@type\":\"Organization\",\"@id\":\"https:\/\/tuctuc.ee\/en\/#organization\",\"name\":\"TucTuc Eesti\",\"url\":\"https:\/\/tuctuc.ee\/en\/\",\"logo\":{\"@type\":\"ImageObject\",\"inLanguage\":\"en-US\",\"@id\":\"https:\/\/tuctuc.ee\/en\/#\/schema\/logo\/image\/\",\"url\":\"https:\/\/i0.wp.com\/tuctuc.ee\/wp-content\/uploads\/2023\/10\/logo-164933761541.png?fit=109%2C122&ssl=1\",\"contentUrl\":\"https:\/\/i0.wp.com\/tuctuc.ee\/wp-content\/uploads\/2023\/10\/logo-164933761541.png?fit=109%2C122&ssl=1\",\"width\":109,\"height\":122,\"caption\":\"TucTuc Eesti\"},\"image\":{\"@id\":\"https:\/\/tuctuc.ee\/en\/#\/schema\/logo\/image\/\"}}]}<\/script>\n<!-- \/ Yoast SEO plugin. -->","yoast_head_json":{"title":"Must pikkade varrukatega T-s\u00e4rk t\u00fcdrukutele - TucTuc Eesti","robots":{"index":"index","follow":"follow","max-snippet":"max-snippet:-1","max-image-preview":"max-image-preview:large","max-video-preview":"max-video-preview:-1"},"canonical":"https:\/\/tuctuc.ee\/en\/toode\/must-pikkade-varrukatega-t-sark-tudrukutele\/","og_locale":"en_US","og_type":"article","og_title":"Must pikkade varrukatega T-s\u00e4rk t\u00fcdrukutele - TucTuc Eesti","og_description":"Must pikkade varrukatega T-s\u00e4rk t\u00fcdrukutele. Elegantses mustas toonis pikkade varrukatega T-s\u00e4rk t\u00fcdrukutele, mida kaunistab silmatorkav punastes ja valgetes toonides s\u00fcdametr\u00fckk. Disainis on s\u00fcdamete vahele integreeritud s\u00f5na &#8220;Love&#8221;, mis lisab r\u00f5ivale magusat ja ilmekat puudutust. Pehmest ja mugavast kangast valmistatud T-s\u00e4rk sobib ideaalselt igap\u00e4evaseks kasutamiseks, pakkudes modernset stiili, millel on palju isikup\u00e4ra. Materjal: 95% puuvill, 5%...","og_url":"https:\/\/tuctuc.ee\/en\/toode\/must-pikkade-varrukatega-t-sark-tudrukutele\/","og_site_name":"TucTuc Eesti","article_modified_time":"2026-01-26T14:04:32+00:00","og_image":[{"width":800,"height":1000,"url":"https:\/\/tuctuc.ee\/wp-content\/uploads\/2024\/11\/11379693.webp","type":"image\/webp"}],"twitter_card":"summary_large_image","twitter_misc":{"Est. reading time":"1 minute"},"schema":{"@context":"https:\/\/schema.org","@graph":[{"@type":"WebPage","@id":"https:\/\/tuctuc.ee\/en\/toode\/must-pikkade-varrukatega-t-sark-tudrukutele\/","url":"https:\/\/tuctuc.ee\/en\/toode\/must-pikkade-varrukatega-t-sark-tudrukutele\/","name":"Must pikkade varrukatega T-s\u00e4rk t\u00fcdrukutele - TucTuc Eesti","isPartOf":{"@id":"https:\/\/tuctuc.ee\/en\/#website"},"datePublished":"2024-11-12T10:00:34+00:00","dateModified":"2026-01-26T14:04:32+00:00","breadcrumb":{"@id":"https:\/\/tuctuc.ee\/en\/toode\/must-pikkade-varrukatega-t-sark-tudrukutele\/#breadcrumb"},"inLanguage":"en-US","potentialAction":[{"@type":"ReadAction","target":["https:\/\/tuctuc.ee\/en\/toode\/must-pikkade-varrukatega-t-sark-tudrukutele\/"]}]},{"@type":"BreadcrumbList","@id":"https:\/\/tuctuc.ee\/en\/toode\/must-pikkade-varrukatega-t-sark-tudrukutele\/#breadcrumb","itemListElement":[{"@type":"ListItem","position":1,"name":"Home","item":"https:\/\/tuctuc.ee\/en\/?page_id=269"},{"@type":"ListItem","position":2,"name":"Shop","item":"https:\/\/tuctuc.ee\/shop\/"},{"@type":"ListItem","position":3,"name":"Must pikkade varrukatega T-s\u00e4rk t\u00fcdrukutele"}]},{"@type":"WebSite","@id":"https:\/\/tuctuc.ee\/en\/#website","url":"https:\/\/tuctuc.ee\/en\/","name":"TucTuc Eesti","description":"Eesti laster\u00f5ivaste veebipood - Stiilsed riided lastele igale vanusele. Avastage meie valikut n\u00fc\u00fcd!","publisher":{"@id":"https:\/\/tuctuc.ee\/en\/#organization"},"potentialAction":[{"@type":"SearchAction","target":{"@type":"EntryPoint","urlTemplate":"https:\/\/tuctuc.ee\/en\/?s={search_term_string}"},"query-input":"required name=search_term_string"}],"inLanguage":"en-US"},{"@type":"Organization","@id":"https:\/\/tuctuc.ee\/en\/#organization","name":"TucTuc Eesti","url":"https:\/\/tuctuc.ee\/en\/","logo":{"@type":"ImageObject","inLanguage":"en-US","@id":"https:\/\/tuctuc.ee\/en\/#\/schema\/logo\/image\/","url":"https:\/\/i0.wp.com\/tuctuc.ee\/wp-content\/uploads\/2023\/10\/logo-164933761541.png?fit=109%2C122&ssl=1","contentUrl":"https:\/\/i0.wp.com\/tuctuc.ee\/wp-content\/uploads\/2023\/10\/logo-164933761541.png?fit=109%2C122&ssl=1","width":109,"height":122,"caption":"TucTuc Eesti"},"image":{"@id":"https:\/\/tuctuc.ee\/en\/#\/schema\/logo\/image\/"}}]}},"jetpack_sharing_enabled":true,"_links":{"self":[{"href":"https:\/\/tuctuc.ee\/en\/wp-json\/wp\/v2\/product\/1001338","targetHints":{"allow":["GET"]}}],"collection":[{"href":"https:\/\/tuctuc.ee\/en\/wp-json\/wp\/v2\/product"}],"about":[{"href":"https:\/\/tuctuc.ee\/en\/wp-json\/wp\/v2\/types\/product"}],"replies":[{"embeddable":true,"href":"https:\/\/tuctuc.ee\/en\/wp-json\/wp\/v2\/comments?post=1001338"}],"version-history":[{"count":2,"href":"https:\/\/tuctuc.ee\/en\/wp-json\/wp\/v2\/product\/1001338\/revisions"}],"predecessor-version":[{"id":1001765,"href":"https:\/\/tuctuc.ee\/en\/wp-json\/wp\/v2\/product\/1001338\/revisions\/1001765"}],"wp:featuredmedia":[{"embeddable":true,"href":"https:\/\/tuctuc.ee\/en\/wp-json\/wp\/v2\/media\/1001345"}],"wp:attachment":[{"href":"https:\/\/tuctuc.ee\/en\/wp-json\/wp\/v2\/media?parent=1001338"}],"wp:term":[{"taxonomy":"product_cat","embeddable":true,"href":"https:\/\/tuctuc.ee\/en\/wp-json\/wp\/v2\/product_cat?post=1001338"},{"taxonomy":"product_tag","embeddable":true,"href":"https:\/\/tuctuc.ee\/en\/wp-json\/wp\/v2\/product_tag?post=1001338"}],"curies":[{"name":"wp","href":"https:\/\/api.w.org\/{rel}","templated":true}]}}