{"id":1000951,"date":"2024-11-11T17:26:54","date_gmt":"2024-11-11T14:26:54","guid":{"rendered":"https:\/\/tuctuc.ee\/?post_type=product&#038;p=1000951"},"modified":"2025-05-17T15:48:47","modified_gmt":"2025-05-17T12:48:47","slug":"soe-jakk-tudrukutele","status":"publish","type":"product","link":"https:\/\/tuctuc.ee\/en\/toode\/soe-jakk-tudrukutele\/","title":{"rendered":"Soe jakk t\u00fcdrukutele"},"content":{"rendered":"<div class=\"vgblk-rw-wrapper limit-wrapper\">Soe jakk t\u00fcdrukutele. Erksa disainiga lilla jakk t\u00fcdrukutele, mis \u00fchendab endas lillemustriga lillede, kollase ja oran\u017ei tooni rinna \u00fclaosas, lisades v\u00e4rvi ja stiili. Sellel r\u00f5ival on silmatorkava roosa tooniga kapuuts, mis sobib ideaalselt teie t\u00fcdruku soojaks hoidmiseks jahedatel p\u00e4evadel. Jopel on kaks kollaste t\u00f5mblukuga esitaskut, mis mitte ainult ei anna funktsionaalset detaili, vaid on elegantselt kontrastiks lilla taustaga. Elastsed mansetid ja v\u00f6\u00f6koht tagavad mugava ja kindla istuvuse.<\/p>\n<p><span class=\"Y2IQFc\" lang=\"et\">Materjal: 94% puuvill, 6% elastaan. <\/span><span class=\"Y2IQFc\" lang=\"et\">Juhised riiete hooldamiseks ja pesemiseks.\u00a0<\/span><\/div>\n<p><!-- .vgblk-rw-wrapper --><\/p>\n","protected":false},"excerpt":{"rendered":"<p>Soe jakk t\u00fcdrukutele. Erksa disainiga lilla jakk t\u00fcdrukutele, mis \u00fchendab endas lillemustriga lillede, kollase ja oran\u017ei tooni rinna \u00fclaosas, lisades v\u00e4rvi ja stiili. Sellel r\u00f5ival on silmatorkava roosa tooniga kapuuts, mis sobib ideaalselt teie t\u00fcdruku soojaks hoidmiseks jahedatel p\u00e4evadel. Jopel on kaks kollaste t\u00f5mblukuga esitaskut, mis mitte ainult ei anna funktsionaalset detaili, vaid on elegantselt&#8230;<\/p>\n","protected":false},"featured_media":1000957,"comment_status":"open","ping_status":"closed","template":"","meta":{"_themeisle_gutenberg_block_has_review":false},"product_cat":[477,318],"product_tag":[],"class_list":["post-1000951","product","type-product","status-publish","has-post-thumbnail","hentry","product_cat-dressipluus-tudrukud","product_cat-tudrukud"],"yoast_head":"<!-- This site is optimized with the Yoast SEO plugin v21.5 - https:\/\/yoast.com\/wordpress\/plugins\/seo\/ -->\n<title>Soe jakk t\u00fcdrukutele - TucTuc Eesti<\/title>\n<meta name=\"robots\" content=\"index, follow, max-snippet:-1, max-image-preview:large, max-video-preview:-1\" \/>\n<link rel=\"canonical\" href=\"https:\/\/tuctuc.ee\/en\/toode\/soe-jakk-tudrukutele\/\" \/>\n<meta property=\"og:locale\" content=\"en_US\" \/>\n<meta property=\"og:type\" content=\"article\" \/>\n<meta property=\"og:title\" content=\"Soe jakk t\u00fcdrukutele - TucTuc Eesti\" \/>\n<meta property=\"og:description\" content=\"Soe jakk t\u00fcdrukutele. Erksa disainiga lilla jakk t\u00fcdrukutele, mis \u00fchendab endas lillemustriga lillede, kollase ja oran\u017ei tooni rinna \u00fclaosas, lisades v\u00e4rvi ja stiili. Sellel r\u00f5ival on silmatorkava roosa tooniga kapuuts, mis sobib ideaalselt teie t\u00fcdruku soojaks hoidmiseks jahedatel p\u00e4evadel. Jopel on kaks kollaste t\u00f5mblukuga esitaskut, mis mitte ainult ei anna funktsionaalset detaili, vaid on elegantselt...\" \/>\n<meta property=\"og:url\" content=\"https:\/\/tuctuc.ee\/en\/toode\/soe-jakk-tudrukutele\/\" \/>\n<meta property=\"og:site_name\" content=\"TucTuc Eesti\" \/>\n<meta property=\"article:modified_time\" content=\"2025-05-17T12:48:47+00:00\" \/>\n<meta property=\"og:image\" content=\"https:\/\/tuctuc.ee\/wp-content\/uploads\/2024\/11\/11377996.webp\" \/>\n\t<meta property=\"og:image:width\" content=\"800\" \/>\n\t<meta property=\"og:image:height\" content=\"1000\" \/>\n\t<meta property=\"og:image:type\" content=\"image\/webp\" \/>\n<meta name=\"twitter:card\" content=\"summary_large_image\" \/>\n<meta name=\"twitter:label1\" content=\"Est. reading time\" \/>\n\t<meta name=\"twitter:data1\" content=\"1 minute\" \/>\n<script type=\"application\/ld+json\" class=\"yoast-schema-graph\">{\"@context\":\"https:\/\/schema.org\",\"@graph\":[{\"@type\":\"WebPage\",\"@id\":\"https:\/\/tuctuc.ee\/en\/toode\/soe-jakk-tudrukutele\/\",\"url\":\"https:\/\/tuctuc.ee\/en\/toode\/soe-jakk-tudrukutele\/\",\"name\":\"Soe jakk t\u00fcdrukutele - TucTuc Eesti\",\"isPartOf\":{\"@id\":\"https:\/\/tuctuc.ee\/en\/#website\"},\"datePublished\":\"2024-11-11T14:26:54+00:00\",\"dateModified\":\"2025-05-17T12:48:47+00:00\",\"breadcrumb\":{\"@id\":\"https:\/\/tuctuc.ee\/en\/toode\/soe-jakk-tudrukutele\/#breadcrumb\"},\"inLanguage\":\"en-US\",\"potentialAction\":[{\"@type\":\"ReadAction\",\"target\":[\"https:\/\/tuctuc.ee\/en\/toode\/soe-jakk-tudrukutele\/\"]}]},{\"@type\":\"BreadcrumbList\",\"@id\":\"https:\/\/tuctuc.ee\/en\/toode\/soe-jakk-tudrukutele\/#breadcrumb\",\"itemListElement\":[{\"@type\":\"ListItem\",\"position\":1,\"name\":\"Home\",\"item\":\"https:\/\/tuctuc.ee\/en\/?page_id=269\"},{\"@type\":\"ListItem\",\"position\":2,\"name\":\"Shop\",\"item\":\"https:\/\/tuctuc.ee\/shop\/\"},{\"@type\":\"ListItem\",\"position\":3,\"name\":\"Soe jakk t\u00fcdrukutele\"}]},{\"@type\":\"WebSite\",\"@id\":\"https:\/\/tuctuc.ee\/en\/#website\",\"url\":\"https:\/\/tuctuc.ee\/en\/\",\"name\":\"TucTuc Eesti\",\"description\":\"Eesti laster\u00f5ivaste veebipood - Stiilsed riided lastele igale vanusele. Avastage meie valikut n\u00fc\u00fcd!\",\"publisher\":{\"@id\":\"https:\/\/tuctuc.ee\/en\/#organization\"},\"potentialAction\":[{\"@type\":\"SearchAction\",\"target\":{\"@type\":\"EntryPoint\",\"urlTemplate\":\"https:\/\/tuctuc.ee\/en\/?s={search_term_string}\"},\"query-input\":\"required name=search_term_string\"}],\"inLanguage\":\"en-US\"},{\"@type\":\"Organization\",\"@id\":\"https:\/\/tuctuc.ee\/en\/#organization\",\"name\":\"TucTuc Eesti\",\"url\":\"https:\/\/tuctuc.ee\/en\/\",\"logo\":{\"@type\":\"ImageObject\",\"inLanguage\":\"en-US\",\"@id\":\"https:\/\/tuctuc.ee\/en\/#\/schema\/logo\/image\/\",\"url\":\"https:\/\/i0.wp.com\/tuctuc.ee\/wp-content\/uploads\/2023\/10\/logo-164933761541.png?fit=109%2C122&ssl=1\",\"contentUrl\":\"https:\/\/i0.wp.com\/tuctuc.ee\/wp-content\/uploads\/2023\/10\/logo-164933761541.png?fit=109%2C122&ssl=1\",\"width\":109,\"height\":122,\"caption\":\"TucTuc Eesti\"},\"image\":{\"@id\":\"https:\/\/tuctuc.ee\/en\/#\/schema\/logo\/image\/\"}}]}<\/script>\n<!-- \/ Yoast SEO plugin. -->","yoast_head_json":{"title":"Soe jakk t\u00fcdrukutele - TucTuc Eesti","robots":{"index":"index","follow":"follow","max-snippet":"max-snippet:-1","max-image-preview":"max-image-preview:large","max-video-preview":"max-video-preview:-1"},"canonical":"https:\/\/tuctuc.ee\/en\/toode\/soe-jakk-tudrukutele\/","og_locale":"en_US","og_type":"article","og_title":"Soe jakk t\u00fcdrukutele - TucTuc Eesti","og_description":"Soe jakk t\u00fcdrukutele. Erksa disainiga lilla jakk t\u00fcdrukutele, mis \u00fchendab endas lillemustriga lillede, kollase ja oran\u017ei tooni rinna \u00fclaosas, lisades v\u00e4rvi ja stiili. Sellel r\u00f5ival on silmatorkava roosa tooniga kapuuts, mis sobib ideaalselt teie t\u00fcdruku soojaks hoidmiseks jahedatel p\u00e4evadel. Jopel on kaks kollaste t\u00f5mblukuga esitaskut, mis mitte ainult ei anna funktsionaalset detaili, vaid on elegantselt...","og_url":"https:\/\/tuctuc.ee\/en\/toode\/soe-jakk-tudrukutele\/","og_site_name":"TucTuc Eesti","article_modified_time":"2025-05-17T12:48:47+00:00","og_image":[{"width":800,"height":1000,"url":"https:\/\/tuctuc.ee\/wp-content\/uploads\/2024\/11\/11377996.webp","type":"image\/webp"}],"twitter_card":"summary_large_image","twitter_misc":{"Est. reading time":"1 minute"},"schema":{"@context":"https:\/\/schema.org","@graph":[{"@type":"WebPage","@id":"https:\/\/tuctuc.ee\/en\/toode\/soe-jakk-tudrukutele\/","url":"https:\/\/tuctuc.ee\/en\/toode\/soe-jakk-tudrukutele\/","name":"Soe jakk t\u00fcdrukutele - TucTuc Eesti","isPartOf":{"@id":"https:\/\/tuctuc.ee\/en\/#website"},"datePublished":"2024-11-11T14:26:54+00:00","dateModified":"2025-05-17T12:48:47+00:00","breadcrumb":{"@id":"https:\/\/tuctuc.ee\/en\/toode\/soe-jakk-tudrukutele\/#breadcrumb"},"inLanguage":"en-US","potentialAction":[{"@type":"ReadAction","target":["https:\/\/tuctuc.ee\/en\/toode\/soe-jakk-tudrukutele\/"]}]},{"@type":"BreadcrumbList","@id":"https:\/\/tuctuc.ee\/en\/toode\/soe-jakk-tudrukutele\/#breadcrumb","itemListElement":[{"@type":"ListItem","position":1,"name":"Home","item":"https:\/\/tuctuc.ee\/en\/?page_id=269"},{"@type":"ListItem","position":2,"name":"Shop","item":"https:\/\/tuctuc.ee\/shop\/"},{"@type":"ListItem","position":3,"name":"Soe jakk t\u00fcdrukutele"}]},{"@type":"WebSite","@id":"https:\/\/tuctuc.ee\/en\/#website","url":"https:\/\/tuctuc.ee\/en\/","name":"TucTuc Eesti","description":"Eesti laster\u00f5ivaste veebipood - Stiilsed riided lastele igale vanusele. Avastage meie valikut n\u00fc\u00fcd!","publisher":{"@id":"https:\/\/tuctuc.ee\/en\/#organization"},"potentialAction":[{"@type":"SearchAction","target":{"@type":"EntryPoint","urlTemplate":"https:\/\/tuctuc.ee\/en\/?s={search_term_string}"},"query-input":"required name=search_term_string"}],"inLanguage":"en-US"},{"@type":"Organization","@id":"https:\/\/tuctuc.ee\/en\/#organization","name":"TucTuc Eesti","url":"https:\/\/tuctuc.ee\/en\/","logo":{"@type":"ImageObject","inLanguage":"en-US","@id":"https:\/\/tuctuc.ee\/en\/#\/schema\/logo\/image\/","url":"https:\/\/i0.wp.com\/tuctuc.ee\/wp-content\/uploads\/2023\/10\/logo-164933761541.png?fit=109%2C122&ssl=1","contentUrl":"https:\/\/i0.wp.com\/tuctuc.ee\/wp-content\/uploads\/2023\/10\/logo-164933761541.png?fit=109%2C122&ssl=1","width":109,"height":122,"caption":"TucTuc Eesti"},"image":{"@id":"https:\/\/tuctuc.ee\/en\/#\/schema\/logo\/image\/"}}]}},"jetpack_sharing_enabled":true,"_links":{"self":[{"href":"https:\/\/tuctuc.ee\/en\/wp-json\/wp\/v2\/product\/1000951","targetHints":{"allow":["GET"]}}],"collection":[{"href":"https:\/\/tuctuc.ee\/en\/wp-json\/wp\/v2\/product"}],"about":[{"href":"https:\/\/tuctuc.ee\/en\/wp-json\/wp\/v2\/types\/product"}],"replies":[{"embeddable":true,"href":"https:\/\/tuctuc.ee\/en\/wp-json\/wp\/v2\/comments?post=1000951"}],"version-history":[{"count":2,"href":"https:\/\/tuctuc.ee\/en\/wp-json\/wp\/v2\/product\/1000951\/revisions"}],"predecessor-version":[{"id":1001783,"href":"https:\/\/tuctuc.ee\/en\/wp-json\/wp\/v2\/product\/1000951\/revisions\/1001783"}],"wp:featuredmedia":[{"embeddable":true,"href":"https:\/\/tuctuc.ee\/en\/wp-json\/wp\/v2\/media\/1000957"}],"wp:attachment":[{"href":"https:\/\/tuctuc.ee\/en\/wp-json\/wp\/v2\/media?parent=1000951"}],"wp:term":[{"taxonomy":"product_cat","embeddable":true,"href":"https:\/\/tuctuc.ee\/en\/wp-json\/wp\/v2\/product_cat?post=1000951"},{"taxonomy":"product_tag","embeddable":true,"href":"https:\/\/tuctuc.ee\/en\/wp-json\/wp\/v2\/product_tag?post=1000951"}],"curies":[{"name":"wp","href":"https:\/\/api.w.org\/{rel}","templated":true}]}}